{"id":15670,"date":"2025-08-02T12:03:46","date_gmt":"2025-08-02T10:03:46","guid":{"rendered":"https:\/\/www.rimocc.com\/?post_type=product&#038;p=15670"},"modified":"2025-10-31T18:42:23","modified_gmt":"2025-10-31T17:42:23","slug":"sonor-z5508-tom-arm-signature-2","status":"publish","type":"product","link":"https:\/\/www.rimocc.com\/en\/product\/sonor-z5508-tom-arm-signature-2\/","title":{"rendered":"Sonor Z5508 Tom Arm Signature 2"},"content":{"rendered":"<p>Sonor Z5508 Tom Arm Signature 2<br \/>\nVintage 80&rsquo;s<br \/>\nTr\u00e8s bon \u00e9tat g\u00e9n\u00e9ral<\/p>\n<p>Le Sonor Z5508 Tom Arm Signature est un bras de tom (ou support de tom) con\u00e7u pour les batteries Sonor de la s\u00e9rie \u00ab\u00a0Signature\u00a0\u00bb, mais il est \u00e9galement compatible avec d&rsquo;autres s\u00e9ries Sonor de la m\u00eame \u00e9poque comme les Phonic, Lite, Hilite et Performer. Ce support est reconnu pour sa robustesse et sa qualit\u00e9 de fabrication, caract\u00e9ristiques de la marque allemande.<\/p>\n<p>Marque et mod\u00e8le : Sonor Z5508 Tom Arm Signature<\/p>\n<p>Compatibilit\u00e9 : Con\u00e7u pour les toms. Il est compatible avec les toms des s\u00e9ries Sonor Signature, Phonic, Lite, Hilite, Performer et d&rsquo;autres syst\u00e8mes de support de tom de la marque de cette p\u00e9riode.<\/p>\n<p>Type : Support de tom simple (single tom arm).<\/p>\n<p>Memory Clamps (bagues de m\u00e9moire) : Le bras est \u00e9quip\u00e9 de bagues de m\u00e9moire pour retrouver facilement la position du tom lors du montage et d\u00e9montage de la batterie.<\/p>\n<p>En r\u00e9sum\u00e9, le Sonor Z5508 Tom Arm Signature est un support de tom de haute qualit\u00e9, tr\u00e8s solide et fiable, qui offre une grande flexibilit\u00e9 de positionnement. Il est particuli\u00e8rement appr\u00e9ci\u00e9 des collectionneurs et des batteurs jouant sur des kits vintage Sonor.<\/p>\n<p><a href=\"https:\/\/www.sonor.com\/\">https:\/\/www.sonor.com\/<\/a><br \/>\n<a href=\"https:\/\/www.rimocc.com\/en\/product-category\/hardware\/\">https:\/\/www.rimocc.com\/product-category\/hardware\/<\/a><\/p>","protected":false},"excerpt":{"rendered":"<p>Sonor Z5508 Tom Arm Signature 2 Vintage 80&rsquo;s Tr\u00e8s bon \u00e9tat g\u00e9n\u00e9ral Le Sonor Z5508 Tom Arm Signature est un bras de tom (ou support de tom) con\u00e7u pour les batteries Sonor de la s\u00e9rie \u00ab\u00a0Signature\u00a0\u00bb, mais il est \u00e9galement compatible avec d&rsquo;autres s\u00e9ries Sonor de la m\u00eame \u00e9poque comme les Phonic, Lite, Hilite et [&hellip;]<\/p>\n","protected":false},"featured_media":15668,"comment_status":"open","ping_status":"closed","template":"","meta":{"jetpack_publicize_message":"","jetpack_publicize_feature_enabled":true,"jetpack_social_post_already_shared":false,"jetpack_social_options":{"image_generator_settings":{"template":"highway","default_image_id":0,"font":"","enabled":false},"version":2}},"product_brand":[691],"product_cat":[17],"product_tag":[67],"class_list":{"0":"post-15670","1":"product","2":"type-product","3":"status-publish","4":"has-post-thumbnail","6":"product_brand-sonor","7":"product_cat-hardware","8":"product_tag-sonor","10":"entry","11":"has-media","13":"first","14":"outofstock","15":"shipping-taxable","16":"purchasable","17":"product-type-simple","18":"has-product-nav","19":"col","20":"span_1_of_3","21":"owp-content-center","22":"owp-thumbs-layout-horizontal","23":"owp-btn-normal","24":"owp-tabs-layout-horizontal"},"yoast_head":"<!-- This site is optimized with the Yoast SEO plugin v27.4 - https:\/\/yoast.com\/product\/yoast-seo-wordpress\/ -->\n<title>Sonor Z5508 Tom Arm Signature 2 - D\u00e9p\u00f4t Vente Batterie Percussion | Rimocc Lyon<\/title>\n<meta name=\"description\" content=\"Le Sonor Z5508 Tom Arm Signature est un bras de tom compatible avec les batteries vintage Sonor Signature, Phonic, Lite, Hilite et Performer.\" \/>\n<meta name=\"robots\" content=\"index, follow, max-snippet:-1, max-image-preview:large, max-video-preview:-1\" \/>\n<link rel=\"canonical\" href=\"https:\/\/www.rimocc.com\/en\/product\/sonor-z5508-tom-arm-signature-2\/\" \/>\n<meta property=\"og:locale\" content=\"en_US\" \/>\n<meta property=\"og:type\" content=\"article\" \/>\n<meta property=\"og:title\" content=\"Sonor Z5508 Tom Arm Signature 2 - D\u00e9p\u00f4t Vente Batterie Percussion | Rimocc Lyon\" \/>\n<meta property=\"og:description\" content=\"Le Sonor Z5508 Tom Arm Signature est un bras de tom compatible avec les batteries vintage Sonor Signature, Phonic, Lite, Hilite et Performer.\" \/>\n<meta property=\"og:url\" content=\"https:\/\/www.rimocc.com\/en\/product\/sonor-z5508-tom-arm-signature-2\/\" \/>\n<meta property=\"og:site_name\" content=\"D\u00e9p\u00f4t Vente Batterie Percussion | Rimocc Lyon\" \/>\n<meta property=\"article:publisher\" content=\"https:\/\/www.facebook.com\/rimocclyon\/?locale=fr_FR\" \/>\n<meta property=\"article:modified_time\" content=\"2025-10-31T17:42:23+00:00\" \/>\n<meta property=\"og:image\" content=\"https:\/\/www.rimocc.com\/wp-content\/uploads\/2025\/08\/Sonor-Z5508-Tom-Arm-Signature-2-1-1024x1024.jpg\" \/>\n\t<meta property=\"og:image:width\" content=\"1024\" \/>\n\t<meta property=\"og:image:height\" content=\"1024\" \/>\n\t<meta property=\"og:image:type\" content=\"image\/jpeg\" \/>\n<meta name=\"twitter:card\" content=\"summary_large_image\" \/>\n<meta name=\"twitter:label1\" content=\"Est. reading time\" \/>\n\t<meta name=\"twitter:data1\" content=\"2 minutes\" \/>\n<script type=\"application\/ld+json\" class=\"yoast-schema-graph\">{\"@context\":\"https:\\\/\\\/schema.org\",\"@graph\":[{\"@type\":\"WebPage\",\"@id\":\"https:\\\/\\\/www.rimocc.com\\\/product\\\/sonor-z5508-tom-arm-signature-2\\\/\",\"url\":\"https:\\\/\\\/www.rimocc.com\\\/product\\\/sonor-z5508-tom-arm-signature-2\\\/\",\"name\":\"Sonor Z5508 Tom Arm Signature 2 - D\u00e9p\u00f4t Vente Batterie Percussion | Rimocc Lyon\",\"isPartOf\":{\"@id\":\"https:\\\/\\\/www.rimocc.com\\\/#website\"},\"primaryImageOfPage\":{\"@id\":\"https:\\\/\\\/www.rimocc.com\\\/product\\\/sonor-z5508-tom-arm-signature-2\\\/#primaryimage\"},\"image\":{\"@id\":\"https:\\\/\\\/www.rimocc.com\\\/product\\\/sonor-z5508-tom-arm-signature-2\\\/#primaryimage\"},\"thumbnailUrl\":\"https:\\\/\\\/www.rimocc.com\\\/wp-content\\\/uploads\\\/2025\\\/08\\\/Sonor-Z5508-Tom-Arm-Signature-2-1.jpg\",\"datePublished\":\"2025-08-02T10:03:46+00:00\",\"dateModified\":\"2025-10-31T17:42:23+00:00\",\"description\":\"Le Sonor Z5508 Tom Arm Signature est un bras de tom compatible avec les batteries vintage Sonor Signature, Phonic, Lite, Hilite et Performer.\",\"breadcrumb\":{\"@id\":\"https:\\\/\\\/www.rimocc.com\\\/product\\\/sonor-z5508-tom-arm-signature-2\\\/#breadcrumb\"},\"inLanguage\":\"en-US\",\"potentialAction\":[{\"@type\":\"ReadAction\",\"target\":[\"https:\\\/\\\/www.rimocc.com\\\/product\\\/sonor-z5508-tom-arm-signature-2\\\/\"]}]},{\"@type\":\"ImageObject\",\"inLanguage\":\"en-US\",\"@id\":\"https:\\\/\\\/www.rimocc.com\\\/product\\\/sonor-z5508-tom-arm-signature-2\\\/#primaryimage\",\"url\":\"https:\\\/\\\/www.rimocc.com\\\/wp-content\\\/uploads\\\/2025\\\/08\\\/Sonor-Z5508-Tom-Arm-Signature-2-1.jpg\",\"contentUrl\":\"https:\\\/\\\/www.rimocc.com\\\/wp-content\\\/uploads\\\/2025\\\/08\\\/Sonor-Z5508-Tom-Arm-Signature-2-1.jpg\",\"width\":1920,\"height\":1920,\"caption\":\"Sonor Z5508 Tom Arm Signature\"},{\"@type\":\"BreadcrumbList\",\"@id\":\"https:\\\/\\\/www.rimocc.com\\\/product\\\/sonor-z5508-tom-arm-signature-2\\\/#breadcrumb\",\"itemListElement\":[{\"@type\":\"ListItem\",\"position\":1,\"name\":\"Home\",\"item\":\"https:\\\/\\\/www.rimocc.com\\\/\"},{\"@type\":\"ListItem\",\"position\":2,\"name\":\"Shop\",\"item\":\"https:\\\/\\\/www.rimocc.com\\\/shop\\\/\"},{\"@type\":\"ListItem\",\"position\":3,\"name\":\"Sonor Z5508 Tom Arm Signature 2\"}]},{\"@type\":\"WebSite\",\"@id\":\"https:\\\/\\\/www.rimocc.com\\\/#website\",\"url\":\"https:\\\/\\\/www.rimocc.com\\\/\",\"name\":\"D\u00e9p\u00f4t Vente Batterie Percussion | Rimocc Lyon\",\"description\":\"Rimocc: l&#039;unique magasin d\u00e9di\u00e9 enti\u00e8rement \u00e0 la batterie, percussion d&#039;occasion et vintage \u00e0 Lyon, France\",\"publisher\":{\"@id\":\"https:\\\/\\\/www.rimocc.com\\\/#organization\"},\"alternateName\":\"Rimocc'\",\"potentialAction\":[{\"@type\":\"SearchAction\",\"target\":{\"@type\":\"EntryPoint\",\"urlTemplate\":\"https:\\\/\\\/www.rimocc.com\\\/?s={search_term_string}\"},\"query-input\":{\"@type\":\"PropertyValueSpecification\",\"valueRequired\":true,\"valueName\":\"search_term_string\"}}],\"inLanguage\":\"en-US\"},{\"@type\":\"Organization\",\"@id\":\"https:\\\/\\\/www.rimocc.com\\\/#organization\",\"name\":\"Rimocc'\",\"alternateName\":\"Rimocc\",\"url\":\"https:\\\/\\\/www.rimocc.com\\\/\",\"logo\":{\"@type\":\"ImageObject\",\"inLanguage\":\"en-US\",\"@id\":\"https:\\\/\\\/www.rimocc.com\\\/#\\\/schema\\\/logo\\\/image\\\/\",\"url\":\"https:\\\/\\\/i0.wp.com\\\/www.rimocc.com\\\/wp-content\\\/uploads\\\/2023\\\/07\\\/RIMOCC_LOGO.jpg?fit=459%2C114&ssl=1\",\"contentUrl\":\"https:\\\/\\\/i0.wp.com\\\/www.rimocc.com\\\/wp-content\\\/uploads\\\/2023\\\/07\\\/RIMOCC_LOGO.jpg?fit=459%2C114&ssl=1\",\"width\":459,\"height\":114,\"caption\":\"Rimocc'\"},\"image\":{\"@id\":\"https:\\\/\\\/www.rimocc.com\\\/#\\\/schema\\\/logo\\\/image\\\/\"},\"sameAs\":[\"https:\\\/\\\/www.facebook.com\\\/rimocclyon\\\/?locale=fr_FR\",\"https:\\\/\\\/www.instagram.com\\\/rimoccc\\\/?hl=fr\",\"https:\\\/\\\/www.tiktok.com\\\/@rimocc\",\"https:\\\/\\\/www.youtube.com\\\/@Rimocc\"]}]}<\/script>\n<!-- \/ Yoast SEO plugin. -->","yoast_head_json":{"title":"Sonor Z5508 Tom Arm Signature 2 - D\u00e9p\u00f4t Vente Batterie Percussion | Rimocc Lyon","description":"Le Sonor Z5508 Tom Arm Signature est un bras de tom compatible avec les batteries vintage Sonor Signature, Phonic, Lite, Hilite et Performer.","robots":{"index":"index","follow":"follow","max-snippet":"max-snippet:-1","max-image-preview":"max-image-preview:large","max-video-preview":"max-video-preview:-1"},"canonical":"https:\/\/www.rimocc.com\/en\/product\/sonor-z5508-tom-arm-signature-2\/","og_locale":"en_US","og_type":"article","og_title":"Sonor Z5508 Tom Arm Signature 2 - D\u00e9p\u00f4t Vente Batterie Percussion | Rimocc Lyon","og_description":"Le Sonor Z5508 Tom Arm Signature est un bras de tom compatible avec les batteries vintage Sonor Signature, Phonic, Lite, Hilite et Performer.","og_url":"https:\/\/www.rimocc.com\/en\/product\/sonor-z5508-tom-arm-signature-2\/","og_site_name":"D\u00e9p\u00f4t Vente Batterie Percussion | Rimocc Lyon","article_publisher":"https:\/\/www.facebook.com\/rimocclyon\/?locale=fr_FR","article_modified_time":"2025-10-31T17:42:23+00:00","og_image":[{"width":1024,"height":1024,"url":"https:\/\/www.rimocc.com\/wp-content\/uploads\/2025\/08\/Sonor-Z5508-Tom-Arm-Signature-2-1-1024x1024.jpg","type":"image\/jpeg"}],"twitter_card":"summary_large_image","twitter_misc":{"Est. reading time":"2 minutes"},"schema":{"@context":"https:\/\/schema.org","@graph":[{"@type":"WebPage","@id":"https:\/\/www.rimocc.com\/product\/sonor-z5508-tom-arm-signature-2\/","url":"https:\/\/www.rimocc.com\/product\/sonor-z5508-tom-arm-signature-2\/","name":"Sonor Z5508 Tom Arm Signature 2 - D\u00e9p\u00f4t Vente Batterie Percussion | Rimocc Lyon","isPartOf":{"@id":"https:\/\/www.rimocc.com\/#website"},"primaryImageOfPage":{"@id":"https:\/\/www.rimocc.com\/product\/sonor-z5508-tom-arm-signature-2\/#primaryimage"},"image":{"@id":"https:\/\/www.rimocc.com\/product\/sonor-z5508-tom-arm-signature-2\/#primaryimage"},"thumbnailUrl":"https:\/\/www.rimocc.com\/wp-content\/uploads\/2025\/08\/Sonor-Z5508-Tom-Arm-Signature-2-1.jpg","datePublished":"2025-08-02T10:03:46+00:00","dateModified":"2025-10-31T17:42:23+00:00","description":"Le Sonor Z5508 Tom Arm Signature est un bras de tom compatible avec les batteries vintage Sonor Signature, Phonic, Lite, Hilite et Performer.","breadcrumb":{"@id":"https:\/\/www.rimocc.com\/product\/sonor-z5508-tom-arm-signature-2\/#breadcrumb"},"inLanguage":"en-US","potentialAction":[{"@type":"ReadAction","target":["https:\/\/www.rimocc.com\/product\/sonor-z5508-tom-arm-signature-2\/"]}]},{"@type":"ImageObject","inLanguage":"en-US","@id":"https:\/\/www.rimocc.com\/product\/sonor-z5508-tom-arm-signature-2\/#primaryimage","url":"https:\/\/www.rimocc.com\/wp-content\/uploads\/2025\/08\/Sonor-Z5508-Tom-Arm-Signature-2-1.jpg","contentUrl":"https:\/\/www.rimocc.com\/wp-content\/uploads\/2025\/08\/Sonor-Z5508-Tom-Arm-Signature-2-1.jpg","width":1920,"height":1920,"caption":"Sonor Z5508 Tom Arm Signature"},{"@type":"BreadcrumbList","@id":"https:\/\/www.rimocc.com\/product\/sonor-z5508-tom-arm-signature-2\/#breadcrumb","itemListElement":[{"@type":"ListItem","position":1,"name":"Home","item":"https:\/\/www.rimocc.com\/"},{"@type":"ListItem","position":2,"name":"Shop","item":"https:\/\/www.rimocc.com\/shop\/"},{"@type":"ListItem","position":3,"name":"Sonor Z5508 Tom Arm Signature 2"}]},{"@type":"WebSite","@id":"https:\/\/www.rimocc.com\/#website","url":"https:\/\/www.rimocc.com\/","name":"D\u00e9p\u00f4t Vente Batterie Percussion | Rimocc Lyon","description":"Rimocc: l&#039;unique magasin d\u00e9di\u00e9 enti\u00e8rement \u00e0 la batterie, percussion d&#039;occasion et vintage \u00e0 Lyon, France","publisher":{"@id":"https:\/\/www.rimocc.com\/#organization"},"alternateName":"Rimocc'","potentialAction":[{"@type":"SearchAction","target":{"@type":"EntryPoint","urlTemplate":"https:\/\/www.rimocc.com\/?s={search_term_string}"},"query-input":{"@type":"PropertyValueSpecification","valueRequired":true,"valueName":"search_term_string"}}],"inLanguage":"en-US"},{"@type":"Organization","@id":"https:\/\/www.rimocc.com\/#organization","name":"Rimocc'","alternateName":"Rimocc","url":"https:\/\/www.rimocc.com\/","logo":{"@type":"ImageObject","inLanguage":"en-US","@id":"https:\/\/www.rimocc.com\/#\/schema\/logo\/image\/","url":"https:\/\/i0.wp.com\/www.rimocc.com\/wp-content\/uploads\/2023\/07\/RIMOCC_LOGO.jpg?fit=459%2C114&ssl=1","contentUrl":"https:\/\/i0.wp.com\/www.rimocc.com\/wp-content\/uploads\/2023\/07\/RIMOCC_LOGO.jpg?fit=459%2C114&ssl=1","width":459,"height":114,"caption":"Rimocc'"},"image":{"@id":"https:\/\/www.rimocc.com\/#\/schema\/logo\/image\/"},"sameAs":["https:\/\/www.facebook.com\/rimocclyon\/?locale=fr_FR","https:\/\/www.instagram.com\/rimoccc\/?hl=fr","https:\/\/www.tiktok.com\/@rimocc","https:\/\/www.youtube.com\/@Rimocc"]}]}},"jetpack_publicize_connections":[],"jetpack_sharing_enabled":true,"_links":{"self":[{"href":"https:\/\/www.rimocc.com\/en\/wp-json\/wp\/v2\/product\/15670","targetHints":{"allow":["GET"]}}],"collection":[{"href":"https:\/\/www.rimocc.com\/en\/wp-json\/wp\/v2\/product"}],"about":[{"href":"https:\/\/www.rimocc.com\/en\/wp-json\/wp\/v2\/types\/product"}],"replies":[{"embeddable":true,"href":"https:\/\/www.rimocc.com\/en\/wp-json\/wp\/v2\/comments?post=15670"}],"wp:featuredmedia":[{"embeddable":true,"href":"https:\/\/www.rimocc.com\/en\/wp-json\/wp\/v2\/media\/15668"}],"wp:attachment":[{"href":"https:\/\/www.rimocc.com\/en\/wp-json\/wp\/v2\/media?parent=15670"}],"wp:term":[{"taxonomy":"product_brand","embeddable":true,"href":"https:\/\/www.rimocc.com\/en\/wp-json\/wp\/v2\/product_brand?post=15670"},{"taxonomy":"product_cat","embeddable":true,"href":"https:\/\/www.rimocc.com\/en\/wp-json\/wp\/v2\/product_cat?post=15670"},{"taxonomy":"product_tag","embeddable":true,"href":"https:\/\/www.rimocc.com\/en\/wp-json\/wp\/v2\/product_tag?post=15670"}],"curies":[{"name":"wp","href":"https:\/\/api.w.org\/{rel}","templated":true}]}}