{"id":15646,"date":"2025-07-31T15:22:37","date_gmt":"2025-07-31T13:22:37","guid":{"rendered":"https:\/\/www.rimocc.com\/?post_type=product&#038;p=15646"},"modified":"2025-09-30T13:29:09","modified_gmt":"2025-09-30T11:29:09","slug":"rav-vast-b-kurd-indigo","status":"publish","type":"product","link":"https:\/\/www.rimocc.com\/en\/product\/rav-vast-b-kurd-indigo\/","title":{"rendered":"RAV Vast B Kurd Indigo"},"content":{"rendered":"<p>RAV Vast B Kurd Indigo<br \/>\nTongue Pan 20&Prime;<br \/>\nComme neuf, jamais jou\u00e9. Quelques traces de frottement et une micro rayure sur le rev\u00eatement.<\/p>\n<p>Notes: B2 F#3 G3 A3 B3 C#4 D4 E4 F#4 A4;<br \/>\nProficiency Level: Medium;<br \/>\nMood: Balanced;<br \/>\nCulture: Middle Eastern;<br \/>\nKey: B;<br \/>\nWeight: 14 lb;<br \/>\nSize: 20\u00a0\u00bb;<br \/>\nHeight: 7\u00a0\u00bb;<br \/>\nCoating: Hydrophobic;<br \/>\nColour: Indigo;<br \/>\nRim: Brass<\/p>\n<div id=\"model-response-message-contentr_131d4dc69dec727a\" class=\"markdown markdown-main-panel animate enable-updated-hr-color\" dir=\"ltr\">\n<p class=\"first-token\">S&rsquo;inspirant des traditions musicales du Moyen-Orient, le tongue drum B Kurd offre un son harmonieux. Se distinguant de la plupart des instruments RAV Vast, il est dot\u00e9 de 10 notes, ce qui le rend parfait pour perfectionner vos comp\u00e9tences en improvisation et en composition. Bien qu&rsquo;il soit particuli\u00e8rement adapt\u00e9 aux musiciens exp\u00e9riment\u00e9s, les d\u00e9butants peuvent \u00e9galement se lancer dans une aventure enrichissante avec cet instrument. M\u00eame si cela peut repr\u00e9senter un l\u00e9ger d\u00e9fi au d\u00e9but, vos efforts porteront leurs fruits en un rien de temps. De plus, le B Kurd s&rsquo;harmonise \u00e0 merveille avec une vari\u00e9t\u00e9 d&rsquo;autres instruments RAV Vast, notamment le B Celtic Double Ding, le B Celtic Minor, le B Kurd, le D Major, le F# In Sen, et m\u00eame le RAV Pan E La Sirena. Explorez les possibilit\u00e9s !<\/p>\n<p>RAV Vast s&rsquo;impose comme un pionnier dans une nouvelle cat\u00e9gorie : le \u00ab Tongue PAN \u00bb<\/p>\n<p><a href=\"https:\/\/ravlabs.com\/\">https:\/\/ravlabs.com\/<\/a><br \/>\n<a href=\"https:\/\/www.rimocc.com\/en\/product-category\/percussions\/\">https:\/\/www.rimocc.com\/product-category\/percussions\/<\/a><\/p>\n<p class=\"responsive-video-wrap clr\"><iframe title=\"RAV Vast B Kurd Indigo\" width=\"1200\" height=\"675\" src=\"https:\/\/www.youtube.com\/embed\/TxONx8az51w?feature=oembed\" frameborder=\"0\" allow=\"accelerometer; autoplay; clipboard-write; encrypted-media; gyroscope; picture-in-picture; web-share\" referrerpolicy=\"strict-origin-when-cross-origin\" allowfullscreen><\/iframe><\/p>\n<\/div>","protected":false},"excerpt":{"rendered":"<p>RAV Vast B Kurd Indigo Tongue Pan 20&Prime; Comme neuf, jamais jou\u00e9. Quelques traces de frottement et une micro rayure sur le rev\u00eatement. Notes: B2 F#3 G3 A3 B3 C#4 D4 E4 F#4 A4; Proficiency Level: Medium; Mood: Balanced; Culture: Middle Eastern; Key: B; Weight: 14 lb; Size: 20\u00a0\u00bb; Height: 7\u00a0\u00bb; Coating: Hydrophobic; Colour: Indigo; [&hellip;]<\/p>\n","protected":false},"featured_media":15645,"comment_status":"open","ping_status":"closed","template":"","meta":{"jetpack_publicize_message":"","jetpack_publicize_feature_enabled":true,"jetpack_social_post_already_shared":false,"jetpack_social_options":{"image_generator_settings":{"template":"highway","default_image_id":0,"font":"","enabled":false},"version":2}},"product_brand":[705],"product_cat":[16],"product_tag":[706],"class_list":{"0":"post-15646","1":"product","2":"type-product","3":"status-publish","4":"has-post-thumbnail","6":"product_brand-rav","7":"product_cat-percussions","8":"product_tag-rav","10":"entry","11":"has-media","13":"first","14":"outofstock","15":"shipping-taxable","16":"purchasable","17":"product-type-simple","18":"has-product-nav","19":"col","20":"span_1_of_3","21":"owp-content-center","22":"owp-thumbs-layout-horizontal","23":"owp-btn-normal","24":"owp-tabs-layout-horizontal"},"yoast_head":"<!-- This site is optimized with the Yoast SEO plugin v27.4 - https:\/\/yoast.com\/product\/yoast-seo-wordpress\/ -->\n<title>RAV Vast B Kurd Indigo - D\u00e9p\u00f4t Vente Batterie Percussion | Rimocc Lyon<\/title>\n<meta name=\"description\" content=\"Explorez les riches sonorit\u00e9s du Moyen-Orient avec le RAV Vast B Kurd Indigo. Parfait pour les musiciens de tous niveaux, ce tongue drum unique poss\u00e8de 10 notes, id\u00e9ales pour composer et improviser. Son rev\u00eatement hydrophobe indigo-cam\u00e9l\u00e9on lui conf\u00e8re un look aussi distinctif que son son.\" \/>\n<meta name=\"robots\" content=\"index, follow, max-snippet:-1, max-image-preview:large, max-video-preview:-1\" \/>\n<link rel=\"canonical\" href=\"https:\/\/www.rimocc.com\/en\/product\/rav-vast-b-kurd-indigo\/\" \/>\n<meta property=\"og:locale\" content=\"en_US\" \/>\n<meta property=\"og:type\" content=\"article\" \/>\n<meta property=\"og:title\" content=\"RAV Vast B Kurd Indigo - D\u00e9p\u00f4t Vente Batterie Percussion | Rimocc Lyon\" \/>\n<meta property=\"og:description\" content=\"Explorez les riches sonorit\u00e9s du Moyen-Orient avec le RAV Vast B Kurd Indigo. Parfait pour les musiciens de tous niveaux, ce tongue drum unique poss\u00e8de 10 notes, id\u00e9ales pour composer et improviser. Son rev\u00eatement hydrophobe indigo-cam\u00e9l\u00e9on lui conf\u00e8re un look aussi distinctif que son son.\" \/>\n<meta property=\"og:url\" content=\"https:\/\/www.rimocc.com\/en\/product\/rav-vast-b-kurd-indigo\/\" \/>\n<meta property=\"og:site_name\" content=\"D\u00e9p\u00f4t Vente Batterie Percussion | Rimocc Lyon\" \/>\n<meta property=\"article:publisher\" content=\"https:\/\/www.facebook.com\/rimocclyon\/?locale=fr_FR\" \/>\n<meta property=\"article:modified_time\" content=\"2025-09-30T11:29:09+00:00\" \/>\n<meta property=\"og:image\" content=\"https:\/\/www.rimocc.com\/wp-content\/uploads\/2025\/07\/RAV-Vast-B-Kurd-Indigo-1.jpg\" \/>\n\t<meta property=\"og:image:width\" content=\"1920\" \/>\n\t<meta property=\"og:image:height\" content=\"1920\" \/>\n\t<meta property=\"og:image:type\" content=\"image\/jpeg\" \/>\n<meta name=\"twitter:card\" content=\"summary_large_image\" \/>\n<meta name=\"twitter:label1\" content=\"Est. reading time\" \/>\n\t<meta name=\"twitter:data1\" content=\"2 minutes\" \/>\n<script type=\"application\/ld+json\" class=\"yoast-schema-graph\">{\"@context\":\"https:\\\/\\\/schema.org\",\"@graph\":[{\"@type\":\"WebPage\",\"@id\":\"https:\\\/\\\/www.rimocc.com\\\/product\\\/rav-vast-b-kurd-indigo\\\/\",\"url\":\"https:\\\/\\\/www.rimocc.com\\\/product\\\/rav-vast-b-kurd-indigo\\\/\",\"name\":\"RAV Vast B Kurd Indigo - D\u00e9p\u00f4t Vente Batterie Percussion | Rimocc Lyon\",\"isPartOf\":{\"@id\":\"https:\\\/\\\/www.rimocc.com\\\/#website\"},\"primaryImageOfPage\":{\"@id\":\"https:\\\/\\\/www.rimocc.com\\\/product\\\/rav-vast-b-kurd-indigo\\\/#primaryimage\"},\"image\":{\"@id\":\"https:\\\/\\\/www.rimocc.com\\\/product\\\/rav-vast-b-kurd-indigo\\\/#primaryimage\"},\"thumbnailUrl\":\"https:\\\/\\\/www.rimocc.com\\\/wp-content\\\/uploads\\\/2025\\\/07\\\/RAV-Vast-B-Kurd-Indigo-1.jpg\",\"datePublished\":\"2025-07-31T13:22:37+00:00\",\"dateModified\":\"2025-09-30T11:29:09+00:00\",\"description\":\"Explorez les riches sonorit\u00e9s du Moyen-Orient avec le RAV Vast B Kurd Indigo. Parfait pour les musiciens de tous niveaux, ce tongue drum unique poss\u00e8de 10 notes, id\u00e9ales pour composer et improviser. Son rev\u00eatement hydrophobe indigo-cam\u00e9l\u00e9on lui conf\u00e8re un look aussi distinctif que son son.\",\"breadcrumb\":{\"@id\":\"https:\\\/\\\/www.rimocc.com\\\/product\\\/rav-vast-b-kurd-indigo\\\/#breadcrumb\"},\"inLanguage\":\"en-US\",\"potentialAction\":[{\"@type\":\"ReadAction\",\"target\":[\"https:\\\/\\\/www.rimocc.com\\\/product\\\/rav-vast-b-kurd-indigo\\\/\"]}]},{\"@type\":\"ImageObject\",\"inLanguage\":\"en-US\",\"@id\":\"https:\\\/\\\/www.rimocc.com\\\/product\\\/rav-vast-b-kurd-indigo\\\/#primaryimage\",\"url\":\"https:\\\/\\\/www.rimocc.com\\\/wp-content\\\/uploads\\\/2025\\\/07\\\/RAV-Vast-B-Kurd-Indigo-1.jpg\",\"contentUrl\":\"https:\\\/\\\/www.rimocc.com\\\/wp-content\\\/uploads\\\/2025\\\/07\\\/RAV-Vast-B-Kurd-Indigo-1.jpg\",\"width\":1920,\"height\":1920,\"caption\":\"RAV Vast B Kurd Indigo\"},{\"@type\":\"BreadcrumbList\",\"@id\":\"https:\\\/\\\/www.rimocc.com\\\/product\\\/rav-vast-b-kurd-indigo\\\/#breadcrumb\",\"itemListElement\":[{\"@type\":\"ListItem\",\"position\":1,\"name\":\"Home\",\"item\":\"https:\\\/\\\/www.rimocc.com\\\/\"},{\"@type\":\"ListItem\",\"position\":2,\"name\":\"Shop\",\"item\":\"https:\\\/\\\/www.rimocc.com\\\/shop\\\/\"},{\"@type\":\"ListItem\",\"position\":3,\"name\":\"RAV Vast B Kurd Indigo\"}]},{\"@type\":\"WebSite\",\"@id\":\"https:\\\/\\\/www.rimocc.com\\\/#website\",\"url\":\"https:\\\/\\\/www.rimocc.com\\\/\",\"name\":\"D\u00e9p\u00f4t Vente Batterie Percussion | Rimocc Lyon\",\"description\":\"Rimocc: l&#039;unique magasin d\u00e9di\u00e9 enti\u00e8rement \u00e0 la batterie, percussion d&#039;occasion et vintage \u00e0 Lyon, France\",\"publisher\":{\"@id\":\"https:\\\/\\\/www.rimocc.com\\\/#organization\"},\"alternateName\":\"Rimocc'\",\"potentialAction\":[{\"@type\":\"SearchAction\",\"target\":{\"@type\":\"EntryPoint\",\"urlTemplate\":\"https:\\\/\\\/www.rimocc.com\\\/?s={search_term_string}\"},\"query-input\":{\"@type\":\"PropertyValueSpecification\",\"valueRequired\":true,\"valueName\":\"search_term_string\"}}],\"inLanguage\":\"en-US\"},{\"@type\":\"Organization\",\"@id\":\"https:\\\/\\\/www.rimocc.com\\\/#organization\",\"name\":\"Rimocc'\",\"alternateName\":\"Rimocc\",\"url\":\"https:\\\/\\\/www.rimocc.com\\\/\",\"logo\":{\"@type\":\"ImageObject\",\"inLanguage\":\"en-US\",\"@id\":\"https:\\\/\\\/www.rimocc.com\\\/#\\\/schema\\\/logo\\\/image\\\/\",\"url\":\"https:\\\/\\\/i0.wp.com\\\/www.rimocc.com\\\/wp-content\\\/uploads\\\/2023\\\/07\\\/RIMOCC_LOGO.jpg?fit=459%2C114&ssl=1\",\"contentUrl\":\"https:\\\/\\\/i0.wp.com\\\/www.rimocc.com\\\/wp-content\\\/uploads\\\/2023\\\/07\\\/RIMOCC_LOGO.jpg?fit=459%2C114&ssl=1\",\"width\":459,\"height\":114,\"caption\":\"Rimocc'\"},\"image\":{\"@id\":\"https:\\\/\\\/www.rimocc.com\\\/#\\\/schema\\\/logo\\\/image\\\/\"},\"sameAs\":[\"https:\\\/\\\/www.facebook.com\\\/rimocclyon\\\/?locale=fr_FR\",\"https:\\\/\\\/www.instagram.com\\\/rimoccc\\\/?hl=fr\",\"https:\\\/\\\/www.tiktok.com\\\/@rimocc\",\"https:\\\/\\\/www.youtube.com\\\/@Rimocc\"]}]}<\/script>\n<!-- \/ Yoast SEO plugin. -->","yoast_head_json":{"title":"RAV Vast B Kurd Indigo - D\u00e9p\u00f4t Vente Batterie Percussion | Rimocc Lyon","description":"Explorez les riches sonorit\u00e9s du Moyen-Orient avec le RAV Vast B Kurd Indigo. Parfait pour les musiciens de tous niveaux, ce tongue drum unique poss\u00e8de 10 notes, id\u00e9ales pour composer et improviser. Son rev\u00eatement hydrophobe indigo-cam\u00e9l\u00e9on lui conf\u00e8re un look aussi distinctif que son son.","robots":{"index":"index","follow":"follow","max-snippet":"max-snippet:-1","max-image-preview":"max-image-preview:large","max-video-preview":"max-video-preview:-1"},"canonical":"https:\/\/www.rimocc.com\/en\/product\/rav-vast-b-kurd-indigo\/","og_locale":"en_US","og_type":"article","og_title":"RAV Vast B Kurd Indigo - D\u00e9p\u00f4t Vente Batterie Percussion | Rimocc Lyon","og_description":"Explorez les riches sonorit\u00e9s du Moyen-Orient avec le RAV Vast B Kurd Indigo. Parfait pour les musiciens de tous niveaux, ce tongue drum unique poss\u00e8de 10 notes, id\u00e9ales pour composer et improviser. Son rev\u00eatement hydrophobe indigo-cam\u00e9l\u00e9on lui conf\u00e8re un look aussi distinctif que son son.","og_url":"https:\/\/www.rimocc.com\/en\/product\/rav-vast-b-kurd-indigo\/","og_site_name":"D\u00e9p\u00f4t Vente Batterie Percussion | Rimocc Lyon","article_publisher":"https:\/\/www.facebook.com\/rimocclyon\/?locale=fr_FR","article_modified_time":"2025-09-30T11:29:09+00:00","og_image":[{"width":1920,"height":1920,"url":"https:\/\/www.rimocc.com\/wp-content\/uploads\/2025\/07\/RAV-Vast-B-Kurd-Indigo-1.jpg","type":"image\/jpeg"}],"twitter_card":"summary_large_image","twitter_misc":{"Est. reading time":"2 minutes"},"schema":{"@context":"https:\/\/schema.org","@graph":[{"@type":"WebPage","@id":"https:\/\/www.rimocc.com\/product\/rav-vast-b-kurd-indigo\/","url":"https:\/\/www.rimocc.com\/product\/rav-vast-b-kurd-indigo\/","name":"RAV Vast B Kurd Indigo - D\u00e9p\u00f4t Vente Batterie Percussion | Rimocc Lyon","isPartOf":{"@id":"https:\/\/www.rimocc.com\/#website"},"primaryImageOfPage":{"@id":"https:\/\/www.rimocc.com\/product\/rav-vast-b-kurd-indigo\/#primaryimage"},"image":{"@id":"https:\/\/www.rimocc.com\/product\/rav-vast-b-kurd-indigo\/#primaryimage"},"thumbnailUrl":"https:\/\/www.rimocc.com\/wp-content\/uploads\/2025\/07\/RAV-Vast-B-Kurd-Indigo-1.jpg","datePublished":"2025-07-31T13:22:37+00:00","dateModified":"2025-09-30T11:29:09+00:00","description":"Explorez les riches sonorit\u00e9s du Moyen-Orient avec le RAV Vast B Kurd Indigo. Parfait pour les musiciens de tous niveaux, ce tongue drum unique poss\u00e8de 10 notes, id\u00e9ales pour composer et improviser. Son rev\u00eatement hydrophobe indigo-cam\u00e9l\u00e9on lui conf\u00e8re un look aussi distinctif que son son.","breadcrumb":{"@id":"https:\/\/www.rimocc.com\/product\/rav-vast-b-kurd-indigo\/#breadcrumb"},"inLanguage":"en-US","potentialAction":[{"@type":"ReadAction","target":["https:\/\/www.rimocc.com\/product\/rav-vast-b-kurd-indigo\/"]}]},{"@type":"ImageObject","inLanguage":"en-US","@id":"https:\/\/www.rimocc.com\/product\/rav-vast-b-kurd-indigo\/#primaryimage","url":"https:\/\/www.rimocc.com\/wp-content\/uploads\/2025\/07\/RAV-Vast-B-Kurd-Indigo-1.jpg","contentUrl":"https:\/\/www.rimocc.com\/wp-content\/uploads\/2025\/07\/RAV-Vast-B-Kurd-Indigo-1.jpg","width":1920,"height":1920,"caption":"RAV Vast B Kurd Indigo"},{"@type":"BreadcrumbList","@id":"https:\/\/www.rimocc.com\/product\/rav-vast-b-kurd-indigo\/#breadcrumb","itemListElement":[{"@type":"ListItem","position":1,"name":"Home","item":"https:\/\/www.rimocc.com\/"},{"@type":"ListItem","position":2,"name":"Shop","item":"https:\/\/www.rimocc.com\/shop\/"},{"@type":"ListItem","position":3,"name":"RAV Vast B Kurd Indigo"}]},{"@type":"WebSite","@id":"https:\/\/www.rimocc.com\/#website","url":"https:\/\/www.rimocc.com\/","name":"D\u00e9p\u00f4t Vente Batterie Percussion | Rimocc Lyon","description":"Rimocc: l&#039;unique magasin d\u00e9di\u00e9 enti\u00e8rement \u00e0 la batterie, percussion d&#039;occasion et vintage \u00e0 Lyon, France","publisher":{"@id":"https:\/\/www.rimocc.com\/#organization"},"alternateName":"Rimocc'","potentialAction":[{"@type":"SearchAction","target":{"@type":"EntryPoint","urlTemplate":"https:\/\/www.rimocc.com\/?s={search_term_string}"},"query-input":{"@type":"PropertyValueSpecification","valueRequired":true,"valueName":"search_term_string"}}],"inLanguage":"en-US"},{"@type":"Organization","@id":"https:\/\/www.rimocc.com\/#organization","name":"Rimocc'","alternateName":"Rimocc","url":"https:\/\/www.rimocc.com\/","logo":{"@type":"ImageObject","inLanguage":"en-US","@id":"https:\/\/www.rimocc.com\/#\/schema\/logo\/image\/","url":"https:\/\/i0.wp.com\/www.rimocc.com\/wp-content\/uploads\/2023\/07\/RIMOCC_LOGO.jpg?fit=459%2C114&ssl=1","contentUrl":"https:\/\/i0.wp.com\/www.rimocc.com\/wp-content\/uploads\/2023\/07\/RIMOCC_LOGO.jpg?fit=459%2C114&ssl=1","width":459,"height":114,"caption":"Rimocc'"},"image":{"@id":"https:\/\/www.rimocc.com\/#\/schema\/logo\/image\/"},"sameAs":["https:\/\/www.facebook.com\/rimocclyon\/?locale=fr_FR","https:\/\/www.instagram.com\/rimoccc\/?hl=fr","https:\/\/www.tiktok.com\/@rimocc","https:\/\/www.youtube.com\/@Rimocc"]}]}},"jetpack_publicize_connections":[],"jetpack_sharing_enabled":true,"_links":{"self":[{"href":"https:\/\/www.rimocc.com\/en\/wp-json\/wp\/v2\/product\/15646","targetHints":{"allow":["GET"]}}],"collection":[{"href":"https:\/\/www.rimocc.com\/en\/wp-json\/wp\/v2\/product"}],"about":[{"href":"https:\/\/www.rimocc.com\/en\/wp-json\/wp\/v2\/types\/product"}],"replies":[{"embeddable":true,"href":"https:\/\/www.rimocc.com\/en\/wp-json\/wp\/v2\/comments?post=15646"}],"wp:featuredmedia":[{"embeddable":true,"href":"https:\/\/www.rimocc.com\/en\/wp-json\/wp\/v2\/media\/15645"}],"wp:attachment":[{"href":"https:\/\/www.rimocc.com\/en\/wp-json\/wp\/v2\/media?parent=15646"}],"wp:term":[{"taxonomy":"product_brand","embeddable":true,"href":"https:\/\/www.rimocc.com\/en\/wp-json\/wp\/v2\/product_brand?post=15646"},{"taxonomy":"product_cat","embeddable":true,"href":"https:\/\/www.rimocc.com\/en\/wp-json\/wp\/v2\/product_cat?post=15646"},{"taxonomy":"product_tag","embeddable":true,"href":"https:\/\/www.rimocc.com\/en\/wp-json\/wp\/v2\/product_tag?post=15646"}],"curies":[{"name":"wp","href":"https:\/\/api.w.org\/{rel}","templated":true}]}}