{"id":15641,"date":"2025-07-31T15:04:45","date_gmt":"2025-07-31T13:04:45","guid":{"rendered":"https:\/\/www.rimocc.com\/?post_type=product&#038;p=15641"},"modified":"2025-08-01T17:02:26","modified_gmt":"2025-08-01T15:02:26","slug":"rav-vast-d-celtic-minor-432-hz-indigo","status":"publish","type":"product","link":"https:\/\/www.rimocc.com\/en\/product\/rav-vast-d-celtic-minor-432-hz-indigo\/","title":{"rendered":"RAV Vast D Celtic Minor 432 Hz Indigo"},"content":{"rendered":"<p>RAV Vast D Celtic Minor 432 Hz Indigo<br \/>\nTongue Pan 20&Prime;<br \/>\nComme neuf, jamais jou\u00e9. Quelques traces de frottement sur le rev\u00eatement<\/p>\n<p>Notes: D3 A3 C4 D4 E4 F4 G4 A4 C5;<br \/>\nMood: Peaceful and calming;<br \/>\nCulture: Celtic;<br \/>\nKey: D;<br \/>\nWeight: 11 lb;<br \/>\nSize: 20\u00a0\u00bb;<br \/>\nHeight: 7\u00a0\u00bb;<br \/>\nCoating: Hydrophobic;<br \/>\nColour: Indigo;<br \/>\nRim: Brass<\/p>\n<p>RAV Vast s&rsquo;impose comme un pionnier dans une nouvelle cat\u00e9gorie : le \u00ab Tongue PAN \u00bb<br \/>\n432 Hz: cette hauteur de son est appel\u00e9e \u00ab la m\u00e9lodie de la Terre \u00bb car ses vibrations co\u00efncident, selon la croyance, avec celles de la plan\u00e8te. Ainsi, lorsque vous la jouez, votre c\u0153ur bat \u00e0 l&rsquo;unisson avec le c\u0153ur de la plan\u00e8te. Pour cette raison, les gammes en 432 hertz sont consid\u00e9r\u00e9es comme particuli\u00e8rement puissantes et spirituelles.<\/p>\n<p>Sonore comme les gouttes de printemps d&rsquo;un gla\u00e7on qui fond, le D Celtic vous emm\u00e8ne plus loin sur un sentier cach\u00e9 vers la for\u00eat secr\u00e8te des druides. Il est accord\u00e9 sur une gamme mineure et poss\u00e8de un son incroyablement apaisant et relaxant. Si vous recherchez un outil pour pratiquer la sonoth\u00e9rapie, il n&rsquo;y a pas de meilleur instrument que le RAV Vast\u00ae D Celtic Minor. La voix de cette gamme est vraiment envo\u00fbtante et peut hypnotiser quiconque l&rsquo;\u00e9coute.<\/p>\n<p>Le D Celtic est aussi le bon choix si vous souhaitez trouver votre premier tongue drum. C&rsquo;est une gamme facile pour les d\u00e9butants qui vous permettra de cr\u00e9er des m\u00e9lodies parfaites. Les musiciens chevronn\u00e9s auront l&rsquo;occasion de composer des m\u00e9lodies apaisantes et enchanteresses et de cr\u00e9er le meilleur accompagnement pour la m\u00e9ditation gr\u00e2ce au RAV Vast\u00ae D Celtic Minor.<\/p>\n<p>Nouvelle technologie de protection : un rev\u00eatement hydrophobe !<\/p>\n<p>Contrairement \u00e0 la peinture, la couleur est obtenue par cuisson et peut varier dans des limites acceptables. Sur une face, il y aura un d\u00e9grad\u00e9 l\u00e9g\u00e8rement violet et un d\u00e9grad\u00e9 vers le bleu, comme un cam\u00e9l\u00e9on.<\/p>\n<p><a href=\"https:\/\/ravlabs.com\/\">https:\/\/ravlabs.com\/<\/a><br \/>\n<a href=\"https:\/\/www.rimocc.com\/en\/product-category\/percussions\/\">https:\/\/www.rimocc.com\/product-category\/percussions\/<\/a><\/p>\n<p class=\"responsive-video-wrap clr\"><iframe title=\"RAV Vast D Celtic Minor 432 Hz Indigo\" width=\"1200\" height=\"675\" src=\"https:\/\/www.youtube.com\/embed\/JJDkYOzbye0?feature=oembed\" frameborder=\"0\" allow=\"accelerometer; autoplay; clipboard-write; encrypted-media; gyroscope; picture-in-picture; web-share\" referrerpolicy=\"strict-origin-when-cross-origin\" allowfullscreen><\/iframe><\/p>","protected":false},"excerpt":{"rendered":"<p>RAV Vast D Celtic Minor 432 Hz Indigo Tongue Pan 20&Prime; Comme neuf, jamais jou\u00e9. Quelques traces de frottement sur le rev\u00eatement Notes: D3 A3 C4 D4 E4 F4 G4 A4 C5; Mood: Peaceful and calming; Culture: Celtic; Key: D; Weight: 11 lb; Size: 20\u00a0\u00bb; Height: 7\u00a0\u00bb; Coating: Hydrophobic; Colour: Indigo; Rim: Brass RAV Vast [&hellip;]<\/p>\n","protected":false},"featured_media":15640,"comment_status":"open","ping_status":"closed","template":"","meta":{"jetpack_publicize_message":"","jetpack_publicize_feature_enabled":true,"jetpack_social_post_already_shared":false,"jetpack_social_options":{"image_generator_settings":{"template":"highway","default_image_id":0,"font":"","enabled":false},"version":2}},"product_brand":[705],"product_cat":[16],"product_tag":[706],"class_list":{"0":"post-15641","1":"product","2":"type-product","3":"status-publish","4":"has-post-thumbnail","6":"product_brand-rav","7":"product_cat-percussions","8":"product_tag-rav","10":"entry","11":"has-media","13":"first","14":"outofstock","15":"shipping-taxable","16":"purchasable","17":"product-type-simple","18":"has-product-nav","19":"col","20":"span_1_of_3","21":"owp-content-center","22":"owp-thumbs-layout-horizontal","23":"owp-btn-normal","24":"owp-tabs-layout-horizontal"},"yoast_head":"<!-- This site is optimized with the Yoast SEO plugin v27.4 - https:\/\/yoast.com\/product\/yoast-seo-wordpress\/ -->\n<title>RAV Vast D Celtic Minor 432 Hz Indigo - D\u00e9p\u00f4t Vente Batterie Percussion | Rimocc Lyon<\/title>\n<meta name=\"description\" content=\"Plongez dans les sons envo\u00fbtants du RAV Vast D Celtic Minor 432 Hz Indigo. Id\u00e9al pour la m\u00e9ditation, la th\u00e9rapie sonore et la relaxation, cet instrument unique, accord\u00e9 \u00e0 la &quot;m\u00e9lodie de la Terre&quot;, offre des m\u00e9lodies apaisantes et des vibrations spirituelles. Son rev\u00eatement hydrophobe indigo-cam\u00e9l\u00e9on le rend aussi unique que son son.\" \/>\n<meta name=\"robots\" content=\"index, follow, max-snippet:-1, max-image-preview:large, max-video-preview:-1\" \/>\n<link rel=\"canonical\" href=\"https:\/\/www.rimocc.com\/en\/product\/rav-vast-d-celtic-minor-432-hz-indigo\/\" \/>\n<meta property=\"og:locale\" content=\"en_US\" \/>\n<meta property=\"og:type\" content=\"article\" \/>\n<meta property=\"og:title\" content=\"RAV Vast D Celtic Minor 432 Hz Indigo - D\u00e9p\u00f4t Vente Batterie Percussion | Rimocc Lyon\" \/>\n<meta property=\"og:description\" content=\"Plongez dans les sons envo\u00fbtants du RAV Vast D Celtic Minor 432 Hz Indigo. Id\u00e9al pour la m\u00e9ditation, la th\u00e9rapie sonore et la relaxation, cet instrument unique, accord\u00e9 \u00e0 la &quot;m\u00e9lodie de la Terre&quot;, offre des m\u00e9lodies apaisantes et des vibrations spirituelles. Son rev\u00eatement hydrophobe indigo-cam\u00e9l\u00e9on le rend aussi unique que son son.\" \/>\n<meta property=\"og:url\" content=\"https:\/\/www.rimocc.com\/en\/product\/rav-vast-d-celtic-minor-432-hz-indigo\/\" \/>\n<meta property=\"og:site_name\" content=\"D\u00e9p\u00f4t Vente Batterie Percussion | Rimocc Lyon\" \/>\n<meta property=\"article:publisher\" content=\"https:\/\/www.facebook.com\/rimocclyon\/?locale=fr_FR\" \/>\n<meta property=\"article:modified_time\" content=\"2025-08-01T15:02:26+00:00\" \/>\n<meta property=\"og:image\" content=\"https:\/\/www.rimocc.com\/wp-content\/uploads\/2025\/07\/RAV-Vast-D-Celtic-Minor-432-Hz-Indigo-1.jpg\" \/>\n\t<meta property=\"og:image:width\" content=\"1920\" \/>\n\t<meta property=\"og:image:height\" content=\"1920\" \/>\n\t<meta property=\"og:image:type\" content=\"image\/jpeg\" \/>\n<meta name=\"twitter:card\" content=\"summary_large_image\" \/>\n<meta name=\"twitter:label1\" content=\"Est. reading time\" \/>\n\t<meta name=\"twitter:data1\" content=\"2 minutes\" \/>\n<script type=\"application\/ld+json\" class=\"yoast-schema-graph\">{\"@context\":\"https:\\\/\\\/schema.org\",\"@graph\":[{\"@type\":\"WebPage\",\"@id\":\"https:\\\/\\\/www.rimocc.com\\\/product\\\/rav-vast-d-celtic-minor-432-hz-indigo\\\/\",\"url\":\"https:\\\/\\\/www.rimocc.com\\\/product\\\/rav-vast-d-celtic-minor-432-hz-indigo\\\/\",\"name\":\"RAV Vast D Celtic Minor 432 Hz Indigo - D\u00e9p\u00f4t Vente Batterie Percussion | Rimocc Lyon\",\"isPartOf\":{\"@id\":\"https:\\\/\\\/www.rimocc.com\\\/#website\"},\"primaryImageOfPage\":{\"@id\":\"https:\\\/\\\/www.rimocc.com\\\/product\\\/rav-vast-d-celtic-minor-432-hz-indigo\\\/#primaryimage\"},\"image\":{\"@id\":\"https:\\\/\\\/www.rimocc.com\\\/product\\\/rav-vast-d-celtic-minor-432-hz-indigo\\\/#primaryimage\"},\"thumbnailUrl\":\"https:\\\/\\\/www.rimocc.com\\\/wp-content\\\/uploads\\\/2025\\\/07\\\/RAV-Vast-D-Celtic-Minor-432-Hz-Indigo-1.jpg\",\"datePublished\":\"2025-07-31T13:04:45+00:00\",\"dateModified\":\"2025-08-01T15:02:26+00:00\",\"description\":\"Plongez dans les sons envo\u00fbtants du RAV Vast D Celtic Minor 432 Hz Indigo. Id\u00e9al pour la m\u00e9ditation, la th\u00e9rapie sonore et la relaxation, cet instrument unique, accord\u00e9 \u00e0 la \\\"m\u00e9lodie de la Terre\\\", offre des m\u00e9lodies apaisantes et des vibrations spirituelles. Son rev\u00eatement hydrophobe indigo-cam\u00e9l\u00e9on le rend aussi unique que son son.\",\"breadcrumb\":{\"@id\":\"https:\\\/\\\/www.rimocc.com\\\/product\\\/rav-vast-d-celtic-minor-432-hz-indigo\\\/#breadcrumb\"},\"inLanguage\":\"en-US\",\"potentialAction\":[{\"@type\":\"ReadAction\",\"target\":[\"https:\\\/\\\/www.rimocc.com\\\/product\\\/rav-vast-d-celtic-minor-432-hz-indigo\\\/\"]}]},{\"@type\":\"ImageObject\",\"inLanguage\":\"en-US\",\"@id\":\"https:\\\/\\\/www.rimocc.com\\\/product\\\/rav-vast-d-celtic-minor-432-hz-indigo\\\/#primaryimage\",\"url\":\"https:\\\/\\\/www.rimocc.com\\\/wp-content\\\/uploads\\\/2025\\\/07\\\/RAV-Vast-D-Celtic-Minor-432-Hz-Indigo-1.jpg\",\"contentUrl\":\"https:\\\/\\\/www.rimocc.com\\\/wp-content\\\/uploads\\\/2025\\\/07\\\/RAV-Vast-D-Celtic-Minor-432-Hz-Indigo-1.jpg\",\"width\":1920,\"height\":1920,\"caption\":\"RAV Vast D Celtic Minor 432 Hz Indigo\"},{\"@type\":\"BreadcrumbList\",\"@id\":\"https:\\\/\\\/www.rimocc.com\\\/product\\\/rav-vast-d-celtic-minor-432-hz-indigo\\\/#breadcrumb\",\"itemListElement\":[{\"@type\":\"ListItem\",\"position\":1,\"name\":\"Home\",\"item\":\"https:\\\/\\\/www.rimocc.com\\\/\"},{\"@type\":\"ListItem\",\"position\":2,\"name\":\"Shop\",\"item\":\"https:\\\/\\\/www.rimocc.com\\\/shop\\\/\"},{\"@type\":\"ListItem\",\"position\":3,\"name\":\"RAV Vast D Celtic Minor 432 Hz Indigo\"}]},{\"@type\":\"WebSite\",\"@id\":\"https:\\\/\\\/www.rimocc.com\\\/#website\",\"url\":\"https:\\\/\\\/www.rimocc.com\\\/\",\"name\":\"D\u00e9p\u00f4t Vente Batterie Percussion | Rimocc Lyon\",\"description\":\"Rimocc: l&#039;unique magasin d\u00e9di\u00e9 enti\u00e8rement \u00e0 la batterie, percussion d&#039;occasion et vintage \u00e0 Lyon, France\",\"publisher\":{\"@id\":\"https:\\\/\\\/www.rimocc.com\\\/#organization\"},\"alternateName\":\"Rimocc'\",\"potentialAction\":[{\"@type\":\"SearchAction\",\"target\":{\"@type\":\"EntryPoint\",\"urlTemplate\":\"https:\\\/\\\/www.rimocc.com\\\/?s={search_term_string}\"},\"query-input\":{\"@type\":\"PropertyValueSpecification\",\"valueRequired\":true,\"valueName\":\"search_term_string\"}}],\"inLanguage\":\"en-US\"},{\"@type\":\"Organization\",\"@id\":\"https:\\\/\\\/www.rimocc.com\\\/#organization\",\"name\":\"Rimocc'\",\"alternateName\":\"Rimocc\",\"url\":\"https:\\\/\\\/www.rimocc.com\\\/\",\"logo\":{\"@type\":\"ImageObject\",\"inLanguage\":\"en-US\",\"@id\":\"https:\\\/\\\/www.rimocc.com\\\/#\\\/schema\\\/logo\\\/image\\\/\",\"url\":\"https:\\\/\\\/i0.wp.com\\\/www.rimocc.com\\\/wp-content\\\/uploads\\\/2023\\\/07\\\/RIMOCC_LOGO.jpg?fit=459%2C114&ssl=1\",\"contentUrl\":\"https:\\\/\\\/i0.wp.com\\\/www.rimocc.com\\\/wp-content\\\/uploads\\\/2023\\\/07\\\/RIMOCC_LOGO.jpg?fit=459%2C114&ssl=1\",\"width\":459,\"height\":114,\"caption\":\"Rimocc'\"},\"image\":{\"@id\":\"https:\\\/\\\/www.rimocc.com\\\/#\\\/schema\\\/logo\\\/image\\\/\"},\"sameAs\":[\"https:\\\/\\\/www.facebook.com\\\/rimocclyon\\\/?locale=fr_FR\",\"https:\\\/\\\/www.instagram.com\\\/rimoccc\\\/?hl=fr\",\"https:\\\/\\\/www.tiktok.com\\\/@rimocc\",\"https:\\\/\\\/www.youtube.com\\\/@Rimocc\"]}]}<\/script>\n<!-- \/ Yoast SEO plugin. -->","yoast_head_json":{"title":"RAV Vast D Celtic Minor 432 Hz Indigo - D\u00e9p\u00f4t Vente Batterie Percussion | Rimocc Lyon","description":"Plongez dans les sons envo\u00fbtants du RAV Vast D Celtic Minor 432 Hz Indigo. Id\u00e9al pour la m\u00e9ditation, la th\u00e9rapie sonore et la relaxation, cet instrument unique, accord\u00e9 \u00e0 la \"m\u00e9lodie de la Terre\", offre des m\u00e9lodies apaisantes et des vibrations spirituelles. Son rev\u00eatement hydrophobe indigo-cam\u00e9l\u00e9on le rend aussi unique que son son.","robots":{"index":"index","follow":"follow","max-snippet":"max-snippet:-1","max-image-preview":"max-image-preview:large","max-video-preview":"max-video-preview:-1"},"canonical":"https:\/\/www.rimocc.com\/en\/product\/rav-vast-d-celtic-minor-432-hz-indigo\/","og_locale":"en_US","og_type":"article","og_title":"RAV Vast D Celtic Minor 432 Hz Indigo - D\u00e9p\u00f4t Vente Batterie Percussion | Rimocc Lyon","og_description":"Plongez dans les sons envo\u00fbtants du RAV Vast D Celtic Minor 432 Hz Indigo. Id\u00e9al pour la m\u00e9ditation, la th\u00e9rapie sonore et la relaxation, cet instrument unique, accord\u00e9 \u00e0 la \"m\u00e9lodie de la Terre\", offre des m\u00e9lodies apaisantes et des vibrations spirituelles. Son rev\u00eatement hydrophobe indigo-cam\u00e9l\u00e9on le rend aussi unique que son son.","og_url":"https:\/\/www.rimocc.com\/en\/product\/rav-vast-d-celtic-minor-432-hz-indigo\/","og_site_name":"D\u00e9p\u00f4t Vente Batterie Percussion | Rimocc Lyon","article_publisher":"https:\/\/www.facebook.com\/rimocclyon\/?locale=fr_FR","article_modified_time":"2025-08-01T15:02:26+00:00","og_image":[{"width":1920,"height":1920,"url":"https:\/\/www.rimocc.com\/wp-content\/uploads\/2025\/07\/RAV-Vast-D-Celtic-Minor-432-Hz-Indigo-1.jpg","type":"image\/jpeg"}],"twitter_card":"summary_large_image","twitter_misc":{"Est. reading time":"2 minutes"},"schema":{"@context":"https:\/\/schema.org","@graph":[{"@type":"WebPage","@id":"https:\/\/www.rimocc.com\/product\/rav-vast-d-celtic-minor-432-hz-indigo\/","url":"https:\/\/www.rimocc.com\/product\/rav-vast-d-celtic-minor-432-hz-indigo\/","name":"RAV Vast D Celtic Minor 432 Hz Indigo - D\u00e9p\u00f4t Vente Batterie Percussion | Rimocc Lyon","isPartOf":{"@id":"https:\/\/www.rimocc.com\/#website"},"primaryImageOfPage":{"@id":"https:\/\/www.rimocc.com\/product\/rav-vast-d-celtic-minor-432-hz-indigo\/#primaryimage"},"image":{"@id":"https:\/\/www.rimocc.com\/product\/rav-vast-d-celtic-minor-432-hz-indigo\/#primaryimage"},"thumbnailUrl":"https:\/\/www.rimocc.com\/wp-content\/uploads\/2025\/07\/RAV-Vast-D-Celtic-Minor-432-Hz-Indigo-1.jpg","datePublished":"2025-07-31T13:04:45+00:00","dateModified":"2025-08-01T15:02:26+00:00","description":"Plongez dans les sons envo\u00fbtants du RAV Vast D Celtic Minor 432 Hz Indigo. Id\u00e9al pour la m\u00e9ditation, la th\u00e9rapie sonore et la relaxation, cet instrument unique, accord\u00e9 \u00e0 la \"m\u00e9lodie de la Terre\", offre des m\u00e9lodies apaisantes et des vibrations spirituelles. Son rev\u00eatement hydrophobe indigo-cam\u00e9l\u00e9on le rend aussi unique que son son.","breadcrumb":{"@id":"https:\/\/www.rimocc.com\/product\/rav-vast-d-celtic-minor-432-hz-indigo\/#breadcrumb"},"inLanguage":"en-US","potentialAction":[{"@type":"ReadAction","target":["https:\/\/www.rimocc.com\/product\/rav-vast-d-celtic-minor-432-hz-indigo\/"]}]},{"@type":"ImageObject","inLanguage":"en-US","@id":"https:\/\/www.rimocc.com\/product\/rav-vast-d-celtic-minor-432-hz-indigo\/#primaryimage","url":"https:\/\/www.rimocc.com\/wp-content\/uploads\/2025\/07\/RAV-Vast-D-Celtic-Minor-432-Hz-Indigo-1.jpg","contentUrl":"https:\/\/www.rimocc.com\/wp-content\/uploads\/2025\/07\/RAV-Vast-D-Celtic-Minor-432-Hz-Indigo-1.jpg","width":1920,"height":1920,"caption":"RAV Vast D Celtic Minor 432 Hz Indigo"},{"@type":"BreadcrumbList","@id":"https:\/\/www.rimocc.com\/product\/rav-vast-d-celtic-minor-432-hz-indigo\/#breadcrumb","itemListElement":[{"@type":"ListItem","position":1,"name":"Home","item":"https:\/\/www.rimocc.com\/"},{"@type":"ListItem","position":2,"name":"Shop","item":"https:\/\/www.rimocc.com\/shop\/"},{"@type":"ListItem","position":3,"name":"RAV Vast D Celtic Minor 432 Hz Indigo"}]},{"@type":"WebSite","@id":"https:\/\/www.rimocc.com\/#website","url":"https:\/\/www.rimocc.com\/","name":"D\u00e9p\u00f4t Vente Batterie Percussion | Rimocc Lyon","description":"Rimocc: l&#039;unique magasin d\u00e9di\u00e9 enti\u00e8rement \u00e0 la batterie, percussion d&#039;occasion et vintage \u00e0 Lyon, France","publisher":{"@id":"https:\/\/www.rimocc.com\/#organization"},"alternateName":"Rimocc'","potentialAction":[{"@type":"SearchAction","target":{"@type":"EntryPoint","urlTemplate":"https:\/\/www.rimocc.com\/?s={search_term_string}"},"query-input":{"@type":"PropertyValueSpecification","valueRequired":true,"valueName":"search_term_string"}}],"inLanguage":"en-US"},{"@type":"Organization","@id":"https:\/\/www.rimocc.com\/#organization","name":"Rimocc'","alternateName":"Rimocc","url":"https:\/\/www.rimocc.com\/","logo":{"@type":"ImageObject","inLanguage":"en-US","@id":"https:\/\/www.rimocc.com\/#\/schema\/logo\/image\/","url":"https:\/\/i0.wp.com\/www.rimocc.com\/wp-content\/uploads\/2023\/07\/RIMOCC_LOGO.jpg?fit=459%2C114&ssl=1","contentUrl":"https:\/\/i0.wp.com\/www.rimocc.com\/wp-content\/uploads\/2023\/07\/RIMOCC_LOGO.jpg?fit=459%2C114&ssl=1","width":459,"height":114,"caption":"Rimocc'"},"image":{"@id":"https:\/\/www.rimocc.com\/#\/schema\/logo\/image\/"},"sameAs":["https:\/\/www.facebook.com\/rimocclyon\/?locale=fr_FR","https:\/\/www.instagram.com\/rimoccc\/?hl=fr","https:\/\/www.tiktok.com\/@rimocc","https:\/\/www.youtube.com\/@Rimocc"]}]}},"jetpack_publicize_connections":[],"jetpack_sharing_enabled":true,"_links":{"self":[{"href":"https:\/\/www.rimocc.com\/en\/wp-json\/wp\/v2\/product\/15641","targetHints":{"allow":["GET"]}}],"collection":[{"href":"https:\/\/www.rimocc.com\/en\/wp-json\/wp\/v2\/product"}],"about":[{"href":"https:\/\/www.rimocc.com\/en\/wp-json\/wp\/v2\/types\/product"}],"replies":[{"embeddable":true,"href":"https:\/\/www.rimocc.com\/en\/wp-json\/wp\/v2\/comments?post=15641"}],"wp:featuredmedia":[{"embeddable":true,"href":"https:\/\/www.rimocc.com\/en\/wp-json\/wp\/v2\/media\/15640"}],"wp:attachment":[{"href":"https:\/\/www.rimocc.com\/en\/wp-json\/wp\/v2\/media?parent=15641"}],"wp:term":[{"taxonomy":"product_brand","embeddable":true,"href":"https:\/\/www.rimocc.com\/en\/wp-json\/wp\/v2\/product_brand?post=15641"},{"taxonomy":"product_cat","embeddable":true,"href":"https:\/\/www.rimocc.com\/en\/wp-json\/wp\/v2\/product_cat?post=15641"},{"taxonomy":"product_tag","embeddable":true,"href":"https:\/\/www.rimocc.com\/en\/wp-json\/wp\/v2\/product_tag?post=15641"}],"curies":[{"name":"wp","href":"https:\/\/api.w.org\/{rel}","templated":true}]}}