{"id":15550,"date":"2025-07-23T12:52:11","date_gmt":"2025-07-23T10:52:11","guid":{"rendered":"https:\/\/www.rimocc.com\/?post_type=product&#038;p=15550"},"modified":"2025-07-23T19:00:26","modified_gmt":"2025-07-23T17:00:26","slug":"drum-tec-ebans-dual-zone-6-x-10","status":"publish","type":"product","link":"https:\/\/www.rimocc.com\/en\/product\/drum-tec-ebans-dual-zone-6-x-10\/","title":{"rendered":"Drum-tec eBans Dual Zone 6&Prime; x 10&Prime;"},"content":{"rendered":"<p>Drum-tec eBans Dual Zone 6&Prime; x 10&Prime;<br \/>\nTr\u00e8s bon \u00e9tat g\u00e9n\u00e9ral<\/p>\n<p>Avec les drum-tec eBans, vous enrichissez votre set de batterie avec une solution de d\u00e9clenchement d\u2019une pr\u00e9cision et d\u2019un style in\u00e9gal\u00e9s. Les f\u00fbts en acrylique transparent au design Octoban classique vous offrent des possibilit\u00e9s sonores infinies. Que vous souhaitiez reproduire des sons Octoban l\u00e9gendaires ou d\u00e9clencher des samples modernes, les eBans r\u00e9alisent vos id\u00e9es avec pr\u00e9cision.<br \/>\nCaract\u00e9ristiques :<\/p>\n<p>Design Octoban classique \u2013 f\u00fbts en acrylique transparent de diff\u00e9rentes longueurs avec un diam\u00e8tre de 6\u2033<br \/>\nTechnologie de d\u00e9clenchement Dual-Zone \u2013 d\u00e9tecte pr\u00e9cis\u00e9ment les frappes sur la peau maill\u00e9e et le cercle<br \/>\nInt\u00e9gration optimale \u2013 id\u00e9al pour les kits de batterie acoustiques et \u00e9lectroniques<br \/>\nApplications polyvalentes \u2013 extension e-drum, set de percussions mini ou source sonore autonome<br \/>\nPeaux maill\u00e9es drum-tec design \u00e0 deux plis \u2013 rebond authentique avec un minimum de bruit<br \/>\nLook minimaliste \u2013 design en acrylique transparent qui s\u2019adapte \u00e0 tout set<br \/>\nInt\u00e9gration facile dans un set existant \u2013 conception compacte pour une adaptation fluide \u00e0 votre kit acoustique ou \u00e9lectronique<\/p>\n<p><a href=\"https:\/\/www.drum-tec.fr\/\">https:\/\/www.drum-tec.fr\/<\/a><br \/>\n<a href=\"https:\/\/www.rimocc.com\/en\/product-category\/toms\/\">https:\/\/www.rimocc.com\/product-category\/toms\/<\/a><\/p>","protected":false},"excerpt":{"rendered":"<p>Drum-tec eBans Dual Zone 6&Prime; x 10&Prime; Tr\u00e8s bon \u00e9tat g\u00e9n\u00e9ral Avec les drum-tec eBans, vous enrichissez votre set de batterie avec une solution de d\u00e9clenchement d\u2019une pr\u00e9cision et d\u2019un style in\u00e9gal\u00e9s. Les f\u00fbts en acrylique transparent au design Octoban classique vous offrent des possibilit\u00e9s sonores infinies. Que vous souhaitiez reproduire des sons Octoban l\u00e9gendaires [&hellip;]<\/p>\n","protected":false},"featured_media":15549,"comment_status":"open","ping_status":"closed","template":"","meta":{"jetpack_publicize_message":"","jetpack_publicize_feature_enabled":true,"jetpack_social_post_already_shared":false,"jetpack_social_options":{"image_generator_settings":{"template":"highway","default_image_id":0,"font":"","enabled":false},"version":2}},"product_brand":[702],"product_cat":[18],"product_tag":[703],"class_list":{"0":"post-15550","1":"product","2":"type-product","3":"status-publish","4":"has-post-thumbnail","6":"product_brand-drum-tec","7":"product_cat-toms","8":"product_tag-drum-tec","10":"entry","11":"has-media","13":"first","14":"outofstock","15":"shipping-taxable","16":"purchasable","17":"product-type-simple","18":"has-product-nav","19":"col","20":"span_1_of_3","21":"owp-content-center","22":"owp-thumbs-layout-horizontal","23":"owp-btn-normal","24":"owp-tabs-layout-horizontal"},"yoast_head":"<!-- This site is optimized with the Yoast SEO plugin v27.5 - https:\/\/yoast.com\/product\/yoast-seo-wordpress\/ -->\n<title>Drum-tec eBans Dual Zone 6&quot; x 10&quot; - D\u00e9p\u00f4t Vente Batterie Percussion | Rimocc Lyon<\/title>\n<meta name=\"description\" content=\"Un octoban \u00e9lectronique Dual Zone de haute qualit\u00e9. Ce pad est id\u00e9al pour ajouter des sons d&#039;octoban authentiques ou des samples personnalis\u00e9s.\" \/>\n<meta name=\"robots\" content=\"index, follow, max-snippet:-1, max-image-preview:large, max-video-preview:-1\" \/>\n<link rel=\"canonical\" href=\"https:\/\/www.rimocc.com\/en\/product\/drum-tec-ebans-dual-zone-6-x-10\/\" \/>\n<meta property=\"og:locale\" content=\"en_US\" \/>\n<meta property=\"og:type\" content=\"article\" \/>\n<meta property=\"og:title\" content=\"Drum-tec eBans Dual Zone 6&quot; x 10&quot; - D\u00e9p\u00f4t Vente Batterie Percussion | Rimocc Lyon\" \/>\n<meta property=\"og:description\" content=\"Un octoban \u00e9lectronique Dual Zone de haute qualit\u00e9. Ce pad est id\u00e9al pour ajouter des sons d&#039;octoban authentiques ou des samples personnalis\u00e9s.\" \/>\n<meta property=\"og:url\" content=\"https:\/\/www.rimocc.com\/en\/product\/drum-tec-ebans-dual-zone-6-x-10\/\" \/>\n<meta property=\"og:site_name\" content=\"D\u00e9p\u00f4t Vente Batterie Percussion | Rimocc Lyon\" \/>\n<meta property=\"article:publisher\" content=\"https:\/\/www.facebook.com\/rimocclyon\/?locale=fr_FR\" \/>\n<meta property=\"article:modified_time\" content=\"2025-07-23T17:00:26+00:00\" \/>\n<meta property=\"og:image\" content=\"https:\/\/www.rimocc.com\/wp-content\/uploads\/2025\/07\/Drumtech-eBans-Dual-Zone-6_-x-10_-1.jpg\" \/>\n\t<meta property=\"og:image:width\" content=\"1920\" \/>\n\t<meta property=\"og:image:height\" content=\"1920\" \/>\n\t<meta property=\"og:image:type\" content=\"image\/jpeg\" \/>\n<meta name=\"twitter:card\" content=\"summary_large_image\" \/>\n<meta name=\"twitter:label1\" content=\"Est. reading time\" \/>\n\t<meta name=\"twitter:data1\" content=\"1 minute\" \/>\n<script type=\"application\/ld+json\" class=\"yoast-schema-graph\">{\"@context\":\"https:\\\/\\\/schema.org\",\"@graph\":[{\"@type\":\"WebPage\",\"@id\":\"https:\\\/\\\/www.rimocc.com\\\/product\\\/drum-tec-ebans-dual-zone-6-x-10\\\/\",\"url\":\"https:\\\/\\\/www.rimocc.com\\\/product\\\/drum-tec-ebans-dual-zone-6-x-10\\\/\",\"name\":\"Drum-tec eBans Dual Zone 6\\\" x 10\\\" - D\u00e9p\u00f4t Vente Batterie Percussion | Rimocc Lyon\",\"isPartOf\":{\"@id\":\"https:\\\/\\\/www.rimocc.com\\\/#website\"},\"primaryImageOfPage\":{\"@id\":\"https:\\\/\\\/www.rimocc.com\\\/product\\\/drum-tec-ebans-dual-zone-6-x-10\\\/#primaryimage\"},\"image\":{\"@id\":\"https:\\\/\\\/www.rimocc.com\\\/product\\\/drum-tec-ebans-dual-zone-6-x-10\\\/#primaryimage\"},\"thumbnailUrl\":\"https:\\\/\\\/www.rimocc.com\\\/wp-content\\\/uploads\\\/2025\\\/07\\\/Drumtech-eBans-Dual-Zone-6_-x-10_-1.jpg\",\"datePublished\":\"2025-07-23T10:52:11+00:00\",\"dateModified\":\"2025-07-23T17:00:26+00:00\",\"description\":\"Un octoban \u00e9lectronique Dual Zone de haute qualit\u00e9. Ce pad est id\u00e9al pour ajouter des sons d'octoban authentiques ou des samples personnalis\u00e9s.\",\"breadcrumb\":{\"@id\":\"https:\\\/\\\/www.rimocc.com\\\/product\\\/drum-tec-ebans-dual-zone-6-x-10\\\/#breadcrumb\"},\"inLanguage\":\"en-US\",\"potentialAction\":[{\"@type\":\"ReadAction\",\"target\":[\"https:\\\/\\\/www.rimocc.com\\\/product\\\/drum-tec-ebans-dual-zone-6-x-10\\\/\"]}]},{\"@type\":\"ImageObject\",\"inLanguage\":\"en-US\",\"@id\":\"https:\\\/\\\/www.rimocc.com\\\/product\\\/drum-tec-ebans-dual-zone-6-x-10\\\/#primaryimage\",\"url\":\"https:\\\/\\\/www.rimocc.com\\\/wp-content\\\/uploads\\\/2025\\\/07\\\/Drumtech-eBans-Dual-Zone-6_-x-10_-1.jpg\",\"contentUrl\":\"https:\\\/\\\/www.rimocc.com\\\/wp-content\\\/uploads\\\/2025\\\/07\\\/Drumtech-eBans-Dual-Zone-6_-x-10_-1.jpg\",\"width\":1920,\"height\":1920,\"caption\":\"Drumtech eBans Dual Zone 6 x 10\"},{\"@type\":\"BreadcrumbList\",\"@id\":\"https:\\\/\\\/www.rimocc.com\\\/product\\\/drum-tec-ebans-dual-zone-6-x-10\\\/#breadcrumb\",\"itemListElement\":[{\"@type\":\"ListItem\",\"position\":1,\"name\":\"Home\",\"item\":\"https:\\\/\\\/www.rimocc.com\\\/\"},{\"@type\":\"ListItem\",\"position\":2,\"name\":\"Shop\",\"item\":\"https:\\\/\\\/www.rimocc.com\\\/shop\\\/\"},{\"@type\":\"ListItem\",\"position\":3,\"name\":\"Drum-tec eBans Dual Zone 6&#8243; x 10&#8243;\"}]},{\"@type\":\"WebSite\",\"@id\":\"https:\\\/\\\/www.rimocc.com\\\/#website\",\"url\":\"https:\\\/\\\/www.rimocc.com\\\/\",\"name\":\"D\u00e9p\u00f4t Vente Batterie Percussion | Rimocc Lyon\",\"description\":\"Rimocc: l&#039;unique magasin d\u00e9di\u00e9 enti\u00e8rement \u00e0 la batterie, percussion d&#039;occasion et vintage \u00e0 Lyon, France\",\"publisher\":{\"@id\":\"https:\\\/\\\/www.rimocc.com\\\/#organization\"},\"alternateName\":\"Rimocc'\",\"potentialAction\":[{\"@type\":\"SearchAction\",\"target\":{\"@type\":\"EntryPoint\",\"urlTemplate\":\"https:\\\/\\\/www.rimocc.com\\\/?s={search_term_string}\"},\"query-input\":{\"@type\":\"PropertyValueSpecification\",\"valueRequired\":true,\"valueName\":\"search_term_string\"}}],\"inLanguage\":\"en-US\"},{\"@type\":\"Organization\",\"@id\":\"https:\\\/\\\/www.rimocc.com\\\/#organization\",\"name\":\"Rimocc'\",\"alternateName\":\"Rimocc\",\"url\":\"https:\\\/\\\/www.rimocc.com\\\/\",\"logo\":{\"@type\":\"ImageObject\",\"inLanguage\":\"en-US\",\"@id\":\"https:\\\/\\\/www.rimocc.com\\\/#\\\/schema\\\/logo\\\/image\\\/\",\"url\":\"https:\\\/\\\/i0.wp.com\\\/www.rimocc.com\\\/wp-content\\\/uploads\\\/2023\\\/07\\\/RIMOCC_LOGO.jpg?fit=459%2C114&ssl=1\",\"contentUrl\":\"https:\\\/\\\/i0.wp.com\\\/www.rimocc.com\\\/wp-content\\\/uploads\\\/2023\\\/07\\\/RIMOCC_LOGO.jpg?fit=459%2C114&ssl=1\",\"width\":459,\"height\":114,\"caption\":\"Rimocc'\"},\"image\":{\"@id\":\"https:\\\/\\\/www.rimocc.com\\\/#\\\/schema\\\/logo\\\/image\\\/\"},\"sameAs\":[\"https:\\\/\\\/www.facebook.com\\\/rimocclyon\\\/?locale=fr_FR\",\"https:\\\/\\\/www.instagram.com\\\/rimoccc\\\/?hl=fr\",\"https:\\\/\\\/www.tiktok.com\\\/@rimocc\",\"https:\\\/\\\/www.youtube.com\\\/@Rimocc\"]}]}<\/script>\n<!-- \/ Yoast SEO plugin. -->","yoast_head_json":{"title":"Drum-tec eBans Dual Zone 6\" x 10\" - D\u00e9p\u00f4t Vente Batterie Percussion | Rimocc Lyon","description":"Un octoban \u00e9lectronique Dual Zone de haute qualit\u00e9. Ce pad est id\u00e9al pour ajouter des sons d'octoban authentiques ou des samples personnalis\u00e9s.","robots":{"index":"index","follow":"follow","max-snippet":"max-snippet:-1","max-image-preview":"max-image-preview:large","max-video-preview":"max-video-preview:-1"},"canonical":"https:\/\/www.rimocc.com\/en\/product\/drum-tec-ebans-dual-zone-6-x-10\/","og_locale":"en_US","og_type":"article","og_title":"Drum-tec eBans Dual Zone 6\" x 10\" - D\u00e9p\u00f4t Vente Batterie Percussion | Rimocc Lyon","og_description":"Un octoban \u00e9lectronique Dual Zone de haute qualit\u00e9. Ce pad est id\u00e9al pour ajouter des sons d'octoban authentiques ou des samples personnalis\u00e9s.","og_url":"https:\/\/www.rimocc.com\/en\/product\/drum-tec-ebans-dual-zone-6-x-10\/","og_site_name":"D\u00e9p\u00f4t Vente Batterie Percussion | Rimocc Lyon","article_publisher":"https:\/\/www.facebook.com\/rimocclyon\/?locale=fr_FR","article_modified_time":"2025-07-23T17:00:26+00:00","og_image":[{"width":1920,"height":1920,"url":"https:\/\/www.rimocc.com\/wp-content\/uploads\/2025\/07\/Drumtech-eBans-Dual-Zone-6_-x-10_-1.jpg","type":"image\/jpeg"}],"twitter_card":"summary_large_image","twitter_misc":{"Est. reading time":"1 minute"},"schema":{"@context":"https:\/\/schema.org","@graph":[{"@type":"WebPage","@id":"https:\/\/www.rimocc.com\/product\/drum-tec-ebans-dual-zone-6-x-10\/","url":"https:\/\/www.rimocc.com\/product\/drum-tec-ebans-dual-zone-6-x-10\/","name":"Drum-tec eBans Dual Zone 6\" x 10\" - D\u00e9p\u00f4t Vente Batterie Percussion | Rimocc Lyon","isPartOf":{"@id":"https:\/\/www.rimocc.com\/#website"},"primaryImageOfPage":{"@id":"https:\/\/www.rimocc.com\/product\/drum-tec-ebans-dual-zone-6-x-10\/#primaryimage"},"image":{"@id":"https:\/\/www.rimocc.com\/product\/drum-tec-ebans-dual-zone-6-x-10\/#primaryimage"},"thumbnailUrl":"https:\/\/www.rimocc.com\/wp-content\/uploads\/2025\/07\/Drumtech-eBans-Dual-Zone-6_-x-10_-1.jpg","datePublished":"2025-07-23T10:52:11+00:00","dateModified":"2025-07-23T17:00:26+00:00","description":"Un octoban \u00e9lectronique Dual Zone de haute qualit\u00e9. Ce pad est id\u00e9al pour ajouter des sons d'octoban authentiques ou des samples personnalis\u00e9s.","breadcrumb":{"@id":"https:\/\/www.rimocc.com\/product\/drum-tec-ebans-dual-zone-6-x-10\/#breadcrumb"},"inLanguage":"en-US","potentialAction":[{"@type":"ReadAction","target":["https:\/\/www.rimocc.com\/product\/drum-tec-ebans-dual-zone-6-x-10\/"]}]},{"@type":"ImageObject","inLanguage":"en-US","@id":"https:\/\/www.rimocc.com\/product\/drum-tec-ebans-dual-zone-6-x-10\/#primaryimage","url":"https:\/\/www.rimocc.com\/wp-content\/uploads\/2025\/07\/Drumtech-eBans-Dual-Zone-6_-x-10_-1.jpg","contentUrl":"https:\/\/www.rimocc.com\/wp-content\/uploads\/2025\/07\/Drumtech-eBans-Dual-Zone-6_-x-10_-1.jpg","width":1920,"height":1920,"caption":"Drumtech eBans Dual Zone 6 x 10"},{"@type":"BreadcrumbList","@id":"https:\/\/www.rimocc.com\/product\/drum-tec-ebans-dual-zone-6-x-10\/#breadcrumb","itemListElement":[{"@type":"ListItem","position":1,"name":"Home","item":"https:\/\/www.rimocc.com\/"},{"@type":"ListItem","position":2,"name":"Shop","item":"https:\/\/www.rimocc.com\/shop\/"},{"@type":"ListItem","position":3,"name":"Drum-tec eBans Dual Zone 6&#8243; x 10&#8243;"}]},{"@type":"WebSite","@id":"https:\/\/www.rimocc.com\/#website","url":"https:\/\/www.rimocc.com\/","name":"D\u00e9p\u00f4t Vente Batterie Percussion | Rimocc Lyon","description":"Rimocc: l&#039;unique magasin d\u00e9di\u00e9 enti\u00e8rement \u00e0 la batterie, percussion d&#039;occasion et vintage \u00e0 Lyon, France","publisher":{"@id":"https:\/\/www.rimocc.com\/#organization"},"alternateName":"Rimocc'","potentialAction":[{"@type":"SearchAction","target":{"@type":"EntryPoint","urlTemplate":"https:\/\/www.rimocc.com\/?s={search_term_string}"},"query-input":{"@type":"PropertyValueSpecification","valueRequired":true,"valueName":"search_term_string"}}],"inLanguage":"en-US"},{"@type":"Organization","@id":"https:\/\/www.rimocc.com\/#organization","name":"Rimocc'","alternateName":"Rimocc","url":"https:\/\/www.rimocc.com\/","logo":{"@type":"ImageObject","inLanguage":"en-US","@id":"https:\/\/www.rimocc.com\/#\/schema\/logo\/image\/","url":"https:\/\/i0.wp.com\/www.rimocc.com\/wp-content\/uploads\/2023\/07\/RIMOCC_LOGO.jpg?fit=459%2C114&ssl=1","contentUrl":"https:\/\/i0.wp.com\/www.rimocc.com\/wp-content\/uploads\/2023\/07\/RIMOCC_LOGO.jpg?fit=459%2C114&ssl=1","width":459,"height":114,"caption":"Rimocc'"},"image":{"@id":"https:\/\/www.rimocc.com\/#\/schema\/logo\/image\/"},"sameAs":["https:\/\/www.facebook.com\/rimocclyon\/?locale=fr_FR","https:\/\/www.instagram.com\/rimoccc\/?hl=fr","https:\/\/www.tiktok.com\/@rimocc","https:\/\/www.youtube.com\/@Rimocc"]}]}},"jetpack_publicize_connections":[],"jetpack_sharing_enabled":true,"_links":{"self":[{"href":"https:\/\/www.rimocc.com\/en\/wp-json\/wp\/v2\/product\/15550","targetHints":{"allow":["GET"]}}],"collection":[{"href":"https:\/\/www.rimocc.com\/en\/wp-json\/wp\/v2\/product"}],"about":[{"href":"https:\/\/www.rimocc.com\/en\/wp-json\/wp\/v2\/types\/product"}],"replies":[{"embeddable":true,"href":"https:\/\/www.rimocc.com\/en\/wp-json\/wp\/v2\/comments?post=15550"}],"wp:featuredmedia":[{"embeddable":true,"href":"https:\/\/www.rimocc.com\/en\/wp-json\/wp\/v2\/media\/15549"}],"wp:attachment":[{"href":"https:\/\/www.rimocc.com\/en\/wp-json\/wp\/v2\/media?parent=15550"}],"wp:term":[{"taxonomy":"product_brand","embeddable":true,"href":"https:\/\/www.rimocc.com\/en\/wp-json\/wp\/v2\/product_brand?post=15550"},{"taxonomy":"product_cat","embeddable":true,"href":"https:\/\/www.rimocc.com\/en\/wp-json\/wp\/v2\/product_cat?post=15550"},{"taxonomy":"product_tag","embeddable":true,"href":"https:\/\/www.rimocc.com\/en\/wp-json\/wp\/v2\/product_tag?post=15550"}],"curies":[{"name":"wp","href":"https:\/\/api.w.org\/{rel}","templated":true}]}}