{"id":15529,"date":"2025-07-18T17:13:08","date_gmt":"2025-07-18T15:13:08","guid":{"rendered":"https:\/\/www.rimocc.com\/?post_type=product&#038;p=15529"},"modified":"2025-10-30T14:25:15","modified_gmt":"2025-10-30T13:25:15","slug":"sonor-signature-horst-link-14x14-tom-ltd-signal-red","status":"publish","type":"product","link":"https:\/\/www.rimocc.com\/en\/product\/sonor-signature-horst-link-14x14-tom-ltd-signal-red\/","title":{"rendered":"Sonor Signature Horst Link 14&#215;14 Tom Ltd Signal Red"},"content":{"rendered":"<p>Sonor Signature Horst Link 14&#215;14 Tom Ltd Signal Red<\/p>\n<p>Vintage 80\u2019s<br \/>\nFinition Ltd edition \u00e0 100ex approx.<br \/>\nBeech \/ Bubinga (int\u00e9rieur)<br \/>\nTr\u00e8s bon \u00e9tat g\u00e9n\u00e9ral, quelques traces de frottement sur le vernis<br \/>\nInclus le Flight Case Sonor d\u2019origine (Z6015), \u00e9tat proche collection.<\/p>\n<p><strong>Pour un envoi, merci de s\u00e9lectionner l\u2019option La Poste Colissimo et non pas Mondial Relay\u00a0<\/strong><\/p>\n<div class=\"avatar_spinner_animation ng-tns-c1742256701-25 ng-star-inserted\">\n<p>Le tom Sonor Signature Horst Link 14&#215;14 Ltd Signal Red se distingue par ses caract\u00e9ristiques techniques sp\u00e9cifiques, h\u00e9rit\u00e9es de la prestigieuse s\u00e9rie Signature de Sonor et de la conception de Horst Link.<\/p>\n<p>Essences : le f\u00fbt \u00e9taient fabriqu\u00e9s \u00e0 partir de bois de H\u00eatre (German Beech), r\u00e9put\u00e9 pour sa densit\u00e9 et ses qualit\u00e9s acoustiques, avec des plis de Bubinga (int\u00e9rieur)<\/p>\n<p>Construction : F\u00fbt \u00e9pais, compos\u00e9 de plusieurs plis de h\u00eatre crois\u00e9s (12 plis pour une \u00e9paisseur de 10 mm ou plus, selon les sp\u00e9cifications exactes de l\u2019\u00e9poque), offrant une grande rigidit\u00e9 et une excellente projection sonore. La technique de fabrication de Sonor \u00e0 cette \u00e9poque \u00e9tait tr\u00e8s avanc\u00e9e, visant une r\u00e9sonance maximale et un sustain contr\u00f4l\u00e9.<\/p>\n<p>Finition : \u00ab\u00a0Signal Red\u00a0\u00bb (Rouge Signal). Il s\u2019agit d\u2019une finition laqu\u00e9e brillante, appliqu\u00e9e avec soin pour assurer une durabilit\u00e9 et un esth\u00e9tique remarquable. Les finitions de la s\u00e9rie Signature \u00e9taient connues pour leur qualit\u00e9 irr\u00e9prochable.<\/p>\n<p>Sonorit\u00e9 et Caract\u00e9ristiques Acoustiques :<\/p>\n<p>Timbre : Riche, chaud et plein, avec une excellente projection. Le h\u00eatre conf\u00e8re une sonorit\u00e9 \u00e9quilibr\u00e9e avec de bonnes basses et des m\u00e9diums prononc\u00e9s. Le Bubinga rajoute de la chaleur et des basses.<\/p>\n<p>Attaque : Claire et d\u00e9finie gr\u00e2ce aux cercles moul\u00e9s.<\/p>\n<p>Sustain : Tr\u00e8s bon sustain, contr\u00f4l\u00e9 mais r\u00e9sonnant.<\/p>\n<p>Le Sonor Signature Horst Link 14&#215;14 Tom Ltd Signal Red est un Tom de tr\u00e8s haute qualit\u00e9, repr\u00e9sentant le summum de l\u2019ing\u00e9nierie et de l\u2019artisanat de Sonor \u00e0 l\u2019\u00e9poque de sa production. Il offre une sonorit\u00e9 exceptionnelle et une construction durable, caract\u00e9ristiques de la r\u00e9putation de la s\u00e9rie Signature.<\/p>\n<p><a href=\"https:\/\/www.sonor.com\/\">https:\/\/www.sonor.com\/<\/a><br \/>\n<a href=\"https:\/\/www.rimocc.com\/en\/product-category\/toms\/\">https:\/\/www.rimocc.com\/product-category\/toms\/<\/a><\/p>\n<\/div>","protected":false},"excerpt":{"rendered":"<p>Sonor Signature Horst Link 14&#215;14 Tom Ltd Signal Red Vintage 80\u2019s Finition Ltd edition \u00e0 100ex approx. Beech \/ Bubinga (int\u00e9rieur) Tr\u00e8s bon \u00e9tat g\u00e9n\u00e9ral, quelques traces de frottement sur le vernis Inclus le Flight Case Sonor d\u2019origine (Z6015), \u00e9tat proche collection. Pour un envoi, merci de s\u00e9lectionner l\u2019option La Poste Colissimo et non pas [&hellip;]<\/p>\n","protected":false},"featured_media":15528,"comment_status":"open","ping_status":"closed","template":"","meta":{"jetpack_publicize_message":"","jetpack_publicize_feature_enabled":true,"jetpack_social_post_already_shared":false,"jetpack_social_options":{"image_generator_settings":{"template":"highway","default_image_id":0,"font":"","enabled":false},"version":2}},"product_brand":[691],"product_cat":[18],"product_tag":[67],"class_list":{"0":"post-15529","1":"product","2":"type-product","3":"status-publish","4":"has-post-thumbnail","6":"product_brand-sonor","7":"product_cat-toms","8":"product_tag-sonor","10":"entry","11":"has-media","13":"first","14":"outofstock","15":"shipping-taxable","16":"purchasable","17":"product-type-simple","18":"has-product-nav","19":"col","20":"span_1_of_3","21":"owp-content-center","22":"owp-thumbs-layout-horizontal","23":"owp-btn-normal","24":"owp-tabs-layout-horizontal"},"yoast_head":"<!-- This site is optimized with the Yoast SEO plugin v27.5 - https:\/\/yoast.com\/product\/yoast-seo-wordpress\/ -->\n<title>Sonor Signature Horst Link 14x14 Tom Ltd Signal Red - D\u00e9p\u00f4t Vente Batterie Percussion | Rimocc Lyon<\/title>\n<meta name=\"description\" content=\"Un tom en finition \u00e9dition limit\u00e9e, f\u00fbt en h\u00eatre- bubinga, Offre une sonorit\u00e9 profonde, un sustain puissant et une projection exceptionnelle.\" \/>\n<meta name=\"robots\" content=\"index, follow, max-snippet:-1, max-image-preview:large, max-video-preview:-1\" \/>\n<link rel=\"canonical\" href=\"https:\/\/www.rimocc.com\/en\/product\/sonor-signature-horst-link-14x14-tom-ltd-signal-red\/\" \/>\n<meta property=\"og:locale\" content=\"en_US\" \/>\n<meta property=\"og:type\" content=\"article\" \/>\n<meta property=\"og:title\" content=\"Sonor Signature Horst Link 14x14 Tom Ltd Signal Red - D\u00e9p\u00f4t Vente Batterie Percussion | Rimocc Lyon\" \/>\n<meta property=\"og:description\" content=\"Un tom en finition \u00e9dition limit\u00e9e, f\u00fbt en h\u00eatre- bubinga, Offre une sonorit\u00e9 profonde, un sustain puissant et une projection exceptionnelle.\" \/>\n<meta property=\"og:url\" content=\"https:\/\/www.rimocc.com\/en\/product\/sonor-signature-horst-link-14x14-tom-ltd-signal-red\/\" \/>\n<meta property=\"og:site_name\" content=\"D\u00e9p\u00f4t Vente Batterie Percussion | Rimocc Lyon\" \/>\n<meta property=\"article:publisher\" content=\"https:\/\/www.facebook.com\/rimocclyon\/?locale=fr_FR\" \/>\n<meta property=\"article:modified_time\" content=\"2025-10-30T13:25:15+00:00\" \/>\n<meta property=\"og:image\" content=\"https:\/\/www.rimocc.com\/wp-content\/uploads\/2025\/07\/Sonor-Signature-Horst-Link-14x14-Tom-Ltd-Signal-Red-1.jpg\" \/>\n\t<meta property=\"og:image:width\" content=\"1920\" \/>\n\t<meta property=\"og:image:height\" content=\"1920\" \/>\n\t<meta property=\"og:image:type\" content=\"image\/jpeg\" \/>\n<meta name=\"twitter:card\" content=\"summary_large_image\" \/>\n<meta name=\"twitter:label1\" content=\"Est. reading time\" \/>\n\t<meta name=\"twitter:data1\" content=\"2 minutes\" \/>\n<script type=\"application\/ld+json\" class=\"yoast-schema-graph\">{\"@context\":\"https:\\\/\\\/schema.org\",\"@graph\":[{\"@type\":\"WebPage\",\"@id\":\"https:\\\/\\\/www.rimocc.com\\\/product\\\/sonor-signature-horst-link-14x14-tom-ltd-signal-red\\\/\",\"url\":\"https:\\\/\\\/www.rimocc.com\\\/product\\\/sonor-signature-horst-link-14x14-tom-ltd-signal-red\\\/\",\"name\":\"Sonor Signature Horst Link 14x14 Tom Ltd Signal Red - D\u00e9p\u00f4t Vente Batterie Percussion | Rimocc Lyon\",\"isPartOf\":{\"@id\":\"https:\\\/\\\/www.rimocc.com\\\/#website\"},\"primaryImageOfPage\":{\"@id\":\"https:\\\/\\\/www.rimocc.com\\\/product\\\/sonor-signature-horst-link-14x14-tom-ltd-signal-red\\\/#primaryimage\"},\"image\":{\"@id\":\"https:\\\/\\\/www.rimocc.com\\\/product\\\/sonor-signature-horst-link-14x14-tom-ltd-signal-red\\\/#primaryimage\"},\"thumbnailUrl\":\"https:\\\/\\\/www.rimocc.com\\\/wp-content\\\/uploads\\\/2025\\\/07\\\/Sonor-Signature-Horst-Link-14x14-Tom-Ltd-Signal-Red-1.jpg\",\"datePublished\":\"2025-07-18T15:13:08+00:00\",\"dateModified\":\"2025-10-30T13:25:15+00:00\",\"description\":\"Un tom en finition \u00e9dition limit\u00e9e, f\u00fbt en h\u00eatre- bubinga, Offre une sonorit\u00e9 profonde, un sustain puissant et une projection exceptionnelle.\",\"breadcrumb\":{\"@id\":\"https:\\\/\\\/www.rimocc.com\\\/product\\\/sonor-signature-horst-link-14x14-tom-ltd-signal-red\\\/#breadcrumb\"},\"inLanguage\":\"en-US\",\"potentialAction\":[{\"@type\":\"ReadAction\",\"target\":[\"https:\\\/\\\/www.rimocc.com\\\/product\\\/sonor-signature-horst-link-14x14-tom-ltd-signal-red\\\/\"]}]},{\"@type\":\"ImageObject\",\"inLanguage\":\"en-US\",\"@id\":\"https:\\\/\\\/www.rimocc.com\\\/product\\\/sonor-signature-horst-link-14x14-tom-ltd-signal-red\\\/#primaryimage\",\"url\":\"https:\\\/\\\/www.rimocc.com\\\/wp-content\\\/uploads\\\/2025\\\/07\\\/Sonor-Signature-Horst-Link-14x14-Tom-Ltd-Signal-Red-1.jpg\",\"contentUrl\":\"https:\\\/\\\/www.rimocc.com\\\/wp-content\\\/uploads\\\/2025\\\/07\\\/Sonor-Signature-Horst-Link-14x14-Tom-Ltd-Signal-Red-1.jpg\",\"width\":1920,\"height\":1920,\"caption\":\"Sonor Signature Horst Link 14x14 Tom Ltd Signal Red\"},{\"@type\":\"BreadcrumbList\",\"@id\":\"https:\\\/\\\/www.rimocc.com\\\/product\\\/sonor-signature-horst-link-14x14-tom-ltd-signal-red\\\/#breadcrumb\",\"itemListElement\":[{\"@type\":\"ListItem\",\"position\":1,\"name\":\"Home\",\"item\":\"https:\\\/\\\/www.rimocc.com\\\/\"},{\"@type\":\"ListItem\",\"position\":2,\"name\":\"Shop\",\"item\":\"https:\\\/\\\/www.rimocc.com\\\/shop\\\/\"},{\"@type\":\"ListItem\",\"position\":3,\"name\":\"Sonor Signature Horst Link 14&#215;14 Tom Ltd Signal Red\"}]},{\"@type\":\"WebSite\",\"@id\":\"https:\\\/\\\/www.rimocc.com\\\/#website\",\"url\":\"https:\\\/\\\/www.rimocc.com\\\/\",\"name\":\"D\u00e9p\u00f4t Vente Batterie Percussion | Rimocc Lyon\",\"description\":\"Rimocc: l&#039;unique magasin d\u00e9di\u00e9 enti\u00e8rement \u00e0 la batterie, percussion d&#039;occasion et vintage \u00e0 Lyon, France\",\"publisher\":{\"@id\":\"https:\\\/\\\/www.rimocc.com\\\/#organization\"},\"alternateName\":\"Rimocc'\",\"potentialAction\":[{\"@type\":\"SearchAction\",\"target\":{\"@type\":\"EntryPoint\",\"urlTemplate\":\"https:\\\/\\\/www.rimocc.com\\\/?s={search_term_string}\"},\"query-input\":{\"@type\":\"PropertyValueSpecification\",\"valueRequired\":true,\"valueName\":\"search_term_string\"}}],\"inLanguage\":\"en-US\"},{\"@type\":\"Organization\",\"@id\":\"https:\\\/\\\/www.rimocc.com\\\/#organization\",\"name\":\"Rimocc'\",\"alternateName\":\"Rimocc\",\"url\":\"https:\\\/\\\/www.rimocc.com\\\/\",\"logo\":{\"@type\":\"ImageObject\",\"inLanguage\":\"en-US\",\"@id\":\"https:\\\/\\\/www.rimocc.com\\\/#\\\/schema\\\/logo\\\/image\\\/\",\"url\":\"https:\\\/\\\/i0.wp.com\\\/www.rimocc.com\\\/wp-content\\\/uploads\\\/2023\\\/07\\\/RIMOCC_LOGO.jpg?fit=459%2C114&ssl=1\",\"contentUrl\":\"https:\\\/\\\/i0.wp.com\\\/www.rimocc.com\\\/wp-content\\\/uploads\\\/2023\\\/07\\\/RIMOCC_LOGO.jpg?fit=459%2C114&ssl=1\",\"width\":459,\"height\":114,\"caption\":\"Rimocc'\"},\"image\":{\"@id\":\"https:\\\/\\\/www.rimocc.com\\\/#\\\/schema\\\/logo\\\/image\\\/\"},\"sameAs\":[\"https:\\\/\\\/www.facebook.com\\\/rimocclyon\\\/?locale=fr_FR\",\"https:\\\/\\\/www.instagram.com\\\/rimoccc\\\/?hl=fr\",\"https:\\\/\\\/www.tiktok.com\\\/@rimocc\",\"https:\\\/\\\/www.youtube.com\\\/@Rimocc\"]}]}<\/script>\n<!-- \/ Yoast SEO plugin. -->","yoast_head_json":{"title":"Sonor Signature Horst Link 14x14 Tom Ltd Signal Red - D\u00e9p\u00f4t Vente Batterie Percussion | Rimocc Lyon","description":"Un tom en finition \u00e9dition limit\u00e9e, f\u00fbt en h\u00eatre- bubinga, Offre une sonorit\u00e9 profonde, un sustain puissant et une projection exceptionnelle.","robots":{"index":"index","follow":"follow","max-snippet":"max-snippet:-1","max-image-preview":"max-image-preview:large","max-video-preview":"max-video-preview:-1"},"canonical":"https:\/\/www.rimocc.com\/en\/product\/sonor-signature-horst-link-14x14-tom-ltd-signal-red\/","og_locale":"en_US","og_type":"article","og_title":"Sonor Signature Horst Link 14x14 Tom Ltd Signal Red - D\u00e9p\u00f4t Vente Batterie Percussion | Rimocc Lyon","og_description":"Un tom en finition \u00e9dition limit\u00e9e, f\u00fbt en h\u00eatre- bubinga, Offre une sonorit\u00e9 profonde, un sustain puissant et une projection exceptionnelle.","og_url":"https:\/\/www.rimocc.com\/en\/product\/sonor-signature-horst-link-14x14-tom-ltd-signal-red\/","og_site_name":"D\u00e9p\u00f4t Vente Batterie Percussion | Rimocc Lyon","article_publisher":"https:\/\/www.facebook.com\/rimocclyon\/?locale=fr_FR","article_modified_time":"2025-10-30T13:25:15+00:00","og_image":[{"width":1920,"height":1920,"url":"https:\/\/www.rimocc.com\/wp-content\/uploads\/2025\/07\/Sonor-Signature-Horst-Link-14x14-Tom-Ltd-Signal-Red-1.jpg","type":"image\/jpeg"}],"twitter_card":"summary_large_image","twitter_misc":{"Est. reading time":"2 minutes"},"schema":{"@context":"https:\/\/schema.org","@graph":[{"@type":"WebPage","@id":"https:\/\/www.rimocc.com\/product\/sonor-signature-horst-link-14x14-tom-ltd-signal-red\/","url":"https:\/\/www.rimocc.com\/product\/sonor-signature-horst-link-14x14-tom-ltd-signal-red\/","name":"Sonor Signature Horst Link 14x14 Tom Ltd Signal Red - D\u00e9p\u00f4t Vente Batterie Percussion | Rimocc Lyon","isPartOf":{"@id":"https:\/\/www.rimocc.com\/#website"},"primaryImageOfPage":{"@id":"https:\/\/www.rimocc.com\/product\/sonor-signature-horst-link-14x14-tom-ltd-signal-red\/#primaryimage"},"image":{"@id":"https:\/\/www.rimocc.com\/product\/sonor-signature-horst-link-14x14-tom-ltd-signal-red\/#primaryimage"},"thumbnailUrl":"https:\/\/www.rimocc.com\/wp-content\/uploads\/2025\/07\/Sonor-Signature-Horst-Link-14x14-Tom-Ltd-Signal-Red-1.jpg","datePublished":"2025-07-18T15:13:08+00:00","dateModified":"2025-10-30T13:25:15+00:00","description":"Un tom en finition \u00e9dition limit\u00e9e, f\u00fbt en h\u00eatre- bubinga, Offre une sonorit\u00e9 profonde, un sustain puissant et une projection exceptionnelle.","breadcrumb":{"@id":"https:\/\/www.rimocc.com\/product\/sonor-signature-horst-link-14x14-tom-ltd-signal-red\/#breadcrumb"},"inLanguage":"en-US","potentialAction":[{"@type":"ReadAction","target":["https:\/\/www.rimocc.com\/product\/sonor-signature-horst-link-14x14-tom-ltd-signal-red\/"]}]},{"@type":"ImageObject","inLanguage":"en-US","@id":"https:\/\/www.rimocc.com\/product\/sonor-signature-horst-link-14x14-tom-ltd-signal-red\/#primaryimage","url":"https:\/\/www.rimocc.com\/wp-content\/uploads\/2025\/07\/Sonor-Signature-Horst-Link-14x14-Tom-Ltd-Signal-Red-1.jpg","contentUrl":"https:\/\/www.rimocc.com\/wp-content\/uploads\/2025\/07\/Sonor-Signature-Horst-Link-14x14-Tom-Ltd-Signal-Red-1.jpg","width":1920,"height":1920,"caption":"Sonor Signature Horst Link 14x14 Tom Ltd Signal Red"},{"@type":"BreadcrumbList","@id":"https:\/\/www.rimocc.com\/product\/sonor-signature-horst-link-14x14-tom-ltd-signal-red\/#breadcrumb","itemListElement":[{"@type":"ListItem","position":1,"name":"Home","item":"https:\/\/www.rimocc.com\/"},{"@type":"ListItem","position":2,"name":"Shop","item":"https:\/\/www.rimocc.com\/shop\/"},{"@type":"ListItem","position":3,"name":"Sonor Signature Horst Link 14&#215;14 Tom Ltd Signal Red"}]},{"@type":"WebSite","@id":"https:\/\/www.rimocc.com\/#website","url":"https:\/\/www.rimocc.com\/","name":"D\u00e9p\u00f4t Vente Batterie Percussion | Rimocc Lyon","description":"Rimocc: l&#039;unique magasin d\u00e9di\u00e9 enti\u00e8rement \u00e0 la batterie, percussion d&#039;occasion et vintage \u00e0 Lyon, France","publisher":{"@id":"https:\/\/www.rimocc.com\/#organization"},"alternateName":"Rimocc'","potentialAction":[{"@type":"SearchAction","target":{"@type":"EntryPoint","urlTemplate":"https:\/\/www.rimocc.com\/?s={search_term_string}"},"query-input":{"@type":"PropertyValueSpecification","valueRequired":true,"valueName":"search_term_string"}}],"inLanguage":"en-US"},{"@type":"Organization","@id":"https:\/\/www.rimocc.com\/#organization","name":"Rimocc'","alternateName":"Rimocc","url":"https:\/\/www.rimocc.com\/","logo":{"@type":"ImageObject","inLanguage":"en-US","@id":"https:\/\/www.rimocc.com\/#\/schema\/logo\/image\/","url":"https:\/\/i0.wp.com\/www.rimocc.com\/wp-content\/uploads\/2023\/07\/RIMOCC_LOGO.jpg?fit=459%2C114&ssl=1","contentUrl":"https:\/\/i0.wp.com\/www.rimocc.com\/wp-content\/uploads\/2023\/07\/RIMOCC_LOGO.jpg?fit=459%2C114&ssl=1","width":459,"height":114,"caption":"Rimocc'"},"image":{"@id":"https:\/\/www.rimocc.com\/#\/schema\/logo\/image\/"},"sameAs":["https:\/\/www.facebook.com\/rimocclyon\/?locale=fr_FR","https:\/\/www.instagram.com\/rimoccc\/?hl=fr","https:\/\/www.tiktok.com\/@rimocc","https:\/\/www.youtube.com\/@Rimocc"]}]}},"jetpack_publicize_connections":[],"jetpack_sharing_enabled":true,"_links":{"self":[{"href":"https:\/\/www.rimocc.com\/en\/wp-json\/wp\/v2\/product\/15529","targetHints":{"allow":["GET"]}}],"collection":[{"href":"https:\/\/www.rimocc.com\/en\/wp-json\/wp\/v2\/product"}],"about":[{"href":"https:\/\/www.rimocc.com\/en\/wp-json\/wp\/v2\/types\/product"}],"replies":[{"embeddable":true,"href":"https:\/\/www.rimocc.com\/en\/wp-json\/wp\/v2\/comments?post=15529"}],"wp:featuredmedia":[{"embeddable":true,"href":"https:\/\/www.rimocc.com\/en\/wp-json\/wp\/v2\/media\/15528"}],"wp:attachment":[{"href":"https:\/\/www.rimocc.com\/en\/wp-json\/wp\/v2\/media?parent=15529"}],"wp:term":[{"taxonomy":"product_brand","embeddable":true,"href":"https:\/\/www.rimocc.com\/en\/wp-json\/wp\/v2\/product_brand?post=15529"},{"taxonomy":"product_cat","embeddable":true,"href":"https:\/\/www.rimocc.com\/en\/wp-json\/wp\/v2\/product_cat?post=15529"},{"taxonomy":"product_tag","embeddable":true,"href":"https:\/\/www.rimocc.com\/en\/wp-json\/wp\/v2\/product_tag?post=15529"}],"curies":[{"name":"wp","href":"https:\/\/api.w.org\/{rel}","templated":true}]}}