{"id":15508,"date":"2025-07-18T11:32:31","date_gmt":"2025-07-18T09:32:31","guid":{"rendered":"https:\/\/www.rimocc.com\/?post_type=product&#038;p=15508"},"modified":"2025-10-23T15:32:37","modified_gmt":"2025-10-23T13:32:37","slug":"sonor-signature-horst-link-22x18-13x13-16x18-ltd-signal-red","status":"publish","type":"product","link":"https:\/\/www.rimocc.com\/en\/product\/sonor-signature-horst-link-22x18-13x13-16x18-ltd-signal-red\/","title":{"rendered":"Sonor Signature Horst Link 22&#215;18 13&#215;13 16&#215;18 Ltd Signal Red"},"content":{"rendered":"<p>Sonor Signature Horst Link 22&#215;18 13&#215;13 16&#215;18 Ltd Signal Red<br \/>\nVintage 80&prime;<br \/>\nBeech &#8211; Bubinga (int\u00e9rieur)<br \/>\nFinition Ltd edition \u00e0 100ex approx.<br \/>\nTr\u00e8s bon \u00e9tat g\u00e9n\u00e9ral. A noter quelques tr\u00e8s petits impacts sur le vernis (cercle grosse caisse, GC)<br \/>\nTout d&rsquo;origine sauf papillon de serrage du syst\u00e8me muffler GC (sur la GC &#8211; voir photo)<br \/>\nInclus les Flight Cases Sonor d&rsquo;origine (Z6013, Z6216, Z6122) \u00e9tat proche collection<br \/>\nGC: F\u00fbt Light<br \/>\nTom: F\u00fbt Heavy<br \/>\nFloor Tom: F\u00fbt Heavy<\/p>\n<p><strong>\u00ab\u00a0Enl\u00e8vement sur place privil\u00e9gi\u00e9 mais envoi possible dans toute la France sur devis s\u00e9par\u00e9 &#8211; merci de s\u00e9lectionner l&rsquo;option \u00ab\u00a0retrait en magasin\u00a0\u00bb et nous vous ferons parvenir un devis s\u00e9par\u00e9 pour la livraison, \u00e0 r\u00e9gler s\u00e9par\u00e9ment. Merci d&rsquo;appeler le shop avant de passer commande sur le site, le devis de livraison devra \u00eatre accept\u00e9 avant la commande. Merci de ne pas s\u00e9lectionner Mondial Relay ou La Poste colissimo, les frais de livraison indiqu\u00e9s ne sont pas adapt\u00e9s et incompatibles avec le volume\u00a0\u00bb<\/strong><br \/>\n<strong>International order, pick-up ONLY\u00a0\u00bb<\/strong><\/p>\n<p>Ce set fait partie de la s\u00e9rie Signature, fleuron de Sonor, d\u00e9velopp\u00e9e en collaboration avec le regrett\u00e9 Horst Link. Elle est r\u00e9put\u00e9e pour sa construction haut de gamme, sa sonorit\u00e9 riche et puissante, et son design distinctif.<\/p>\n<p>Finition : \u00ab\u00a0Ltd Signal Red\u00a0\u00bb (Rouge Signal \u00c9dition Limit\u00e9e). Il s&rsquo;agit d&rsquo;une laque brillante et profonde, typique des finitions haut de gamme de Sonor de cette \u00e9poque. Finition sp\u00e9ciale, limit\u00e9e \u00e0 100ex approx.<\/p>\n<p>Design : Les f\u00fbts Sonor Signature se distinguent par leur \u00e9paisseur et leurs tirants massifs, ainsi que par les badges sp\u00e9cifiques \u00ab\u00a0Signature\u00a0\u00bb grav\u00e9s.<\/p>\n<p>Composition des f\u00fbts : Les f\u00fbts Sonor Signature \u00e9taient fabriqu\u00e9s \u00e0 partir de plusieurs plis de bois, g\u00e9n\u00e9ralement de l&rsquo;h\u00eatre (beechwood) scandinave s\u00e9lectionn\u00e9. Sonor utilisait une technique de construction unique, avec des f\u00fbts \u00e9pais, pour une sonorit\u00e9 dense et un sustain long.<\/p>\n<p>Mat\u00e9riau : Chrom\u00e9 et tr\u00e8s robuste. L&rsquo;accastillage Sonor de cette p\u00e9riode est r\u00e9put\u00e9 pour sa solidit\u00e9 et sa durabilit\u00e9.<\/p>\n<p>Tirants (Lugs) : Les tirants sont massifs et de forme caract\u00e9ristique Sonor, avec une conception \u00ab\u00a0\u00e0 double coque\u00a0\u00bb qui permet de maintenir la tension de la peau de mani\u00e8re tr\u00e8s stable. Ils sont moins nombreux que sur d&rsquo;autres batteries, mais plus grands et plus efficaces.<\/p>\n<p>Sonorit\u00e9 g\u00e9n\u00e9rale : Puissante, riche, pleine et r\u00e9sonnante. Les f\u00fbts \u00e9pais et la construction de qualit\u00e9 sup\u00e9rieure conf\u00e8rent \u00e0 cette batterie un volume impressionnant et une projection exceptionnelle.<\/p>\n<p>Grosse Caisse 22&#215;18 : Sonorit\u00e9 tr\u00e8s profonde, avec un punch cons\u00e9quent et un sustain contr\u00f4l\u00e9 mais pr\u00e9sent. Id\u00e9ale pour les styles rock, m\u00e9tal, fusion o\u00f9 la puissance des basses est primordiale.<\/p>\n<p>Tom Tom 13&#215;13 : Attaque rapide et percutante, avec une bonne projection et un sustain \u00e9quilibr\u00e9. Une sonorit\u00e9 ample pour un tom medium.<\/p>\n<p>Tom Basse 16&#215;18 : Ce f\u00fbt est le point fort de cette configuration rare. Il offre une sonorit\u00e9 incroyablement grave et r\u00e9sonnante, avec un sustain tr\u00e8s long et une profondeur tonale massive. Id\u00e9al pour des lignes de tom m\u00e9lodiques et des ambiances profondes.<\/p>\n<p>Plage d&rsquo;accordage : Gr\u00e2ce \u00e0 la qualit\u00e9 des f\u00fbts et de l&rsquo;accastillage, ces batteries ont une large plage d&rsquo;accordage, pouvant \u00eatre accord\u00e9es haut pour une attaque vive ou bas pour une sonorit\u00e9 plus profonde sans perdre de projection.<\/p>\n<p>En r\u00e9sum\u00e9, cette Sonor Signature Horst Link en \u00ab\u00a0Ltd Signal Red\u00a0\u00bb avec sa configuration 22&#215;18, 13&#215;13, 16&#215;18 est un instrument de tr\u00e8s haute qualit\u00e9, offrant une sonorit\u00e9 puissante et profonde, une fabrication irr\u00e9prochable et un attrait visuel distinctif, particuli\u00e8rement avec le tom basse de 16&#215;18 pouces, qui est une pi\u00e8ce ma\u00eetresse de ce set.<\/p>\n<p><a href=\"https:\/\/www.sonor.com\/\">https:\/\/www.sonor.com\/<\/a><br \/>\n<a href=\"https:\/\/www.rimocc.com\/en\/product-category\/batterie\/\">https:\/\/www.rimocc.com\/product-category\/batterie\/<\/a><\/p>\n<p class=\"responsive-video-wrap clr\"><iframe title=\"Sonor Signature Horst Link 22x18 13x13 16x18 Ltd Signal Red\" width=\"563\" height=\"1000\" src=\"https:\/\/www.youtube.com\/embed\/GnvKfqNl3Bs?feature=oembed\" frameborder=\"0\" allow=\"accelerometer; autoplay; clipboard-write; encrypted-media; gyroscope; picture-in-picture; web-share\" referrerpolicy=\"strict-origin-when-cross-origin\" allowfullscreen><\/iframe><\/p>","protected":false},"excerpt":{"rendered":"<p>Sonor Signature Horst Link 22&#215;18 13&#215;13 16&#215;18 Ltd Signal Red Vintage 80&prime; Beech &#8211; Bubinga (int\u00e9rieur) Finition Ltd edition \u00e0 100ex approx. Tr\u00e8s bon \u00e9tat g\u00e9n\u00e9ral. A noter quelques tr\u00e8s petits impacts sur le vernis (cercle grosse caisse, GC) Tout d&rsquo;origine sauf papillon de serrage du syst\u00e8me muffler GC (sur la GC &#8211; voir photo) [&hellip;]<\/p>\n","protected":false},"featured_media":15507,"comment_status":"open","ping_status":"closed","template":"","meta":{"jetpack_publicize_message":"","jetpack_publicize_feature_enabled":true,"jetpack_social_post_already_shared":false,"jetpack_social_options":{"image_generator_settings":{"template":"highway","default_image_id":0,"font":"","enabled":false},"version":2}},"product_brand":[691],"product_cat":[20],"product_tag":[67],"class_list":{"0":"post-15508","1":"product","2":"type-product","3":"status-publish","4":"has-post-thumbnail","6":"product_brand-sonor","7":"product_cat-batterie","8":"product_tag-sonor","10":"entry","11":"has-media","13":"first","14":"outofstock","15":"shipping-taxable","16":"purchasable","17":"product-type-simple","18":"has-product-nav","19":"col","20":"span_1_of_3","21":"owp-content-center","22":"owp-thumbs-layout-horizontal","23":"owp-btn-normal","24":"owp-tabs-layout-horizontal"},"yoast_head":"<!-- This site is optimized with the Yoast SEO plugin v27.5 - https:\/\/yoast.com\/product\/yoast-seo-wordpress\/ -->\n<title>Sonor Signature Horst Link 22x18 13x13 16x18 Ltd Signal Red - D\u00e9p\u00f4t Vente Batterie Percussion | Rimocc Lyon<\/title>\n<meta name=\"description\" content=\"Sonor Signature Horst Link Ltd Signal Red : un kit de batterie l\u00e9gendaire 22x18, 13x13, 16x18 en h\u00eatre - bubinga offrant une sonorit\u00e9 puissante et profonde.\" \/>\n<meta name=\"robots\" content=\"index, follow, max-snippet:-1, max-image-preview:large, max-video-preview:-1\" \/>\n<link rel=\"canonical\" href=\"https:\/\/www.rimocc.com\/en\/product\/sonor-signature-horst-link-22x18-13x13-16x18-ltd-signal-red\/\" \/>\n<meta property=\"og:locale\" content=\"en_US\" \/>\n<meta property=\"og:type\" content=\"article\" \/>\n<meta property=\"og:title\" content=\"Sonor Signature Horst Link 22x18 13x13 16x18 Ltd Signal Red - D\u00e9p\u00f4t Vente Batterie Percussion | Rimocc Lyon\" \/>\n<meta property=\"og:description\" content=\"Sonor Signature Horst Link Ltd Signal Red : un kit de batterie l\u00e9gendaire 22x18, 13x13, 16x18 en h\u00eatre - bubinga offrant une sonorit\u00e9 puissante et profonde.\" \/>\n<meta property=\"og:url\" content=\"https:\/\/www.rimocc.com\/en\/product\/sonor-signature-horst-link-22x18-13x13-16x18-ltd-signal-red\/\" \/>\n<meta property=\"og:site_name\" content=\"D\u00e9p\u00f4t Vente Batterie Percussion | Rimocc Lyon\" \/>\n<meta property=\"article:publisher\" content=\"https:\/\/www.facebook.com\/rimocclyon\/?locale=fr_FR\" \/>\n<meta property=\"article:modified_time\" content=\"2025-10-23T13:32:37+00:00\" \/>\n<meta property=\"og:image\" content=\"https:\/\/www.rimocc.com\/wp-content\/uploads\/2025\/07\/Sonor-Signature-Horst-Link-22x18-13x13-16x18-Ltd-Signal-Red-1.jpg\" \/>\n\t<meta property=\"og:image:width\" content=\"1920\" \/>\n\t<meta property=\"og:image:height\" content=\"1920\" \/>\n\t<meta property=\"og:image:type\" content=\"image\/jpeg\" \/>\n<meta name=\"twitter:card\" content=\"summary_large_image\" \/>\n<meta name=\"twitter:label1\" content=\"Est. reading time\" \/>\n\t<meta name=\"twitter:data1\" content=\"3 minutes\" \/>\n<script type=\"application\/ld+json\" class=\"yoast-schema-graph\">{\"@context\":\"https:\\\/\\\/schema.org\",\"@graph\":[{\"@type\":\"WebPage\",\"@id\":\"https:\\\/\\\/www.rimocc.com\\\/product\\\/sonor-signature-horst-link-22x18-13x13-16x18-ltd-signal-red\\\/\",\"url\":\"https:\\\/\\\/www.rimocc.com\\\/product\\\/sonor-signature-horst-link-22x18-13x13-16x18-ltd-signal-red\\\/\",\"name\":\"Sonor Signature Horst Link 22x18 13x13 16x18 Ltd Signal Red - D\u00e9p\u00f4t Vente Batterie Percussion | Rimocc Lyon\",\"isPartOf\":{\"@id\":\"https:\\\/\\\/www.rimocc.com\\\/#website\"},\"primaryImageOfPage\":{\"@id\":\"https:\\\/\\\/www.rimocc.com\\\/product\\\/sonor-signature-horst-link-22x18-13x13-16x18-ltd-signal-red\\\/#primaryimage\"},\"image\":{\"@id\":\"https:\\\/\\\/www.rimocc.com\\\/product\\\/sonor-signature-horst-link-22x18-13x13-16x18-ltd-signal-red\\\/#primaryimage\"},\"thumbnailUrl\":\"https:\\\/\\\/www.rimocc.com\\\/wp-content\\\/uploads\\\/2025\\\/07\\\/Sonor-Signature-Horst-Link-22x18-13x13-16x18-Ltd-Signal-Red-1.jpg\",\"datePublished\":\"2025-07-18T09:32:31+00:00\",\"dateModified\":\"2025-10-23T13:32:37+00:00\",\"description\":\"Sonor Signature Horst Link Ltd Signal Red : un kit de batterie l\u00e9gendaire 22x18, 13x13, 16x18 en h\u00eatre - bubinga offrant une sonorit\u00e9 puissante et profonde.\",\"breadcrumb\":{\"@id\":\"https:\\\/\\\/www.rimocc.com\\\/product\\\/sonor-signature-horst-link-22x18-13x13-16x18-ltd-signal-red\\\/#breadcrumb\"},\"inLanguage\":\"en-US\",\"potentialAction\":[{\"@type\":\"ReadAction\",\"target\":[\"https:\\\/\\\/www.rimocc.com\\\/product\\\/sonor-signature-horst-link-22x18-13x13-16x18-ltd-signal-red\\\/\"]}]},{\"@type\":\"ImageObject\",\"inLanguage\":\"en-US\",\"@id\":\"https:\\\/\\\/www.rimocc.com\\\/product\\\/sonor-signature-horst-link-22x18-13x13-16x18-ltd-signal-red\\\/#primaryimage\",\"url\":\"https:\\\/\\\/www.rimocc.com\\\/wp-content\\\/uploads\\\/2025\\\/07\\\/Sonor-Signature-Horst-Link-22x18-13x13-16x18-Ltd-Signal-Red-1.jpg\",\"contentUrl\":\"https:\\\/\\\/www.rimocc.com\\\/wp-content\\\/uploads\\\/2025\\\/07\\\/Sonor-Signature-Horst-Link-22x18-13x13-16x18-Ltd-Signal-Red-1.jpg\",\"width\":1920,\"height\":1920,\"caption\":\"Sonor Signature Horst Link 22x18 13x13 16x18 Ltd Signal Red\"},{\"@type\":\"BreadcrumbList\",\"@id\":\"https:\\\/\\\/www.rimocc.com\\\/product\\\/sonor-signature-horst-link-22x18-13x13-16x18-ltd-signal-red\\\/#breadcrumb\",\"itemListElement\":[{\"@type\":\"ListItem\",\"position\":1,\"name\":\"Home\",\"item\":\"https:\\\/\\\/www.rimocc.com\\\/\"},{\"@type\":\"ListItem\",\"position\":2,\"name\":\"Shop\",\"item\":\"https:\\\/\\\/www.rimocc.com\\\/shop\\\/\"},{\"@type\":\"ListItem\",\"position\":3,\"name\":\"Sonor Signature Horst Link 22&#215;18 13&#215;13 16&#215;18 Ltd Signal Red\"}]},{\"@type\":\"WebSite\",\"@id\":\"https:\\\/\\\/www.rimocc.com\\\/#website\",\"url\":\"https:\\\/\\\/www.rimocc.com\\\/\",\"name\":\"D\u00e9p\u00f4t Vente Batterie Percussion | Rimocc Lyon\",\"description\":\"Rimocc: l&#039;unique magasin d\u00e9di\u00e9 enti\u00e8rement \u00e0 la batterie, percussion d&#039;occasion et vintage \u00e0 Lyon, France\",\"publisher\":{\"@id\":\"https:\\\/\\\/www.rimocc.com\\\/#organization\"},\"alternateName\":\"Rimocc'\",\"potentialAction\":[{\"@type\":\"SearchAction\",\"target\":{\"@type\":\"EntryPoint\",\"urlTemplate\":\"https:\\\/\\\/www.rimocc.com\\\/?s={search_term_string}\"},\"query-input\":{\"@type\":\"PropertyValueSpecification\",\"valueRequired\":true,\"valueName\":\"search_term_string\"}}],\"inLanguage\":\"en-US\"},{\"@type\":\"Organization\",\"@id\":\"https:\\\/\\\/www.rimocc.com\\\/#organization\",\"name\":\"Rimocc'\",\"alternateName\":\"Rimocc\",\"url\":\"https:\\\/\\\/www.rimocc.com\\\/\",\"logo\":{\"@type\":\"ImageObject\",\"inLanguage\":\"en-US\",\"@id\":\"https:\\\/\\\/www.rimocc.com\\\/#\\\/schema\\\/logo\\\/image\\\/\",\"url\":\"https:\\\/\\\/i0.wp.com\\\/www.rimocc.com\\\/wp-content\\\/uploads\\\/2023\\\/07\\\/RIMOCC_LOGO.jpg?fit=459%2C114&ssl=1\",\"contentUrl\":\"https:\\\/\\\/i0.wp.com\\\/www.rimocc.com\\\/wp-content\\\/uploads\\\/2023\\\/07\\\/RIMOCC_LOGO.jpg?fit=459%2C114&ssl=1\",\"width\":459,\"height\":114,\"caption\":\"Rimocc'\"},\"image\":{\"@id\":\"https:\\\/\\\/www.rimocc.com\\\/#\\\/schema\\\/logo\\\/image\\\/\"},\"sameAs\":[\"https:\\\/\\\/www.facebook.com\\\/rimocclyon\\\/?locale=fr_FR\",\"https:\\\/\\\/www.instagram.com\\\/rimoccc\\\/?hl=fr\",\"https:\\\/\\\/www.tiktok.com\\\/@rimocc\",\"https:\\\/\\\/www.youtube.com\\\/@Rimocc\"]}]}<\/script>\n<!-- \/ Yoast SEO plugin. -->","yoast_head_json":{"title":"Sonor Signature Horst Link 22x18 13x13 16x18 Ltd Signal Red - D\u00e9p\u00f4t Vente Batterie Percussion | Rimocc Lyon","description":"Sonor Signature Horst Link Ltd Signal Red : un kit de batterie l\u00e9gendaire 22x18, 13x13, 16x18 en h\u00eatre - bubinga offrant une sonorit\u00e9 puissante et profonde.","robots":{"index":"index","follow":"follow","max-snippet":"max-snippet:-1","max-image-preview":"max-image-preview:large","max-video-preview":"max-video-preview:-1"},"canonical":"https:\/\/www.rimocc.com\/en\/product\/sonor-signature-horst-link-22x18-13x13-16x18-ltd-signal-red\/","og_locale":"en_US","og_type":"article","og_title":"Sonor Signature Horst Link 22x18 13x13 16x18 Ltd Signal Red - D\u00e9p\u00f4t Vente Batterie Percussion | Rimocc Lyon","og_description":"Sonor Signature Horst Link Ltd Signal Red : un kit de batterie l\u00e9gendaire 22x18, 13x13, 16x18 en h\u00eatre - bubinga offrant une sonorit\u00e9 puissante et profonde.","og_url":"https:\/\/www.rimocc.com\/en\/product\/sonor-signature-horst-link-22x18-13x13-16x18-ltd-signal-red\/","og_site_name":"D\u00e9p\u00f4t Vente Batterie Percussion | Rimocc Lyon","article_publisher":"https:\/\/www.facebook.com\/rimocclyon\/?locale=fr_FR","article_modified_time":"2025-10-23T13:32:37+00:00","og_image":[{"width":1920,"height":1920,"url":"https:\/\/www.rimocc.com\/wp-content\/uploads\/2025\/07\/Sonor-Signature-Horst-Link-22x18-13x13-16x18-Ltd-Signal-Red-1.jpg","type":"image\/jpeg"}],"twitter_card":"summary_large_image","twitter_misc":{"Est. reading time":"3 minutes"},"schema":{"@context":"https:\/\/schema.org","@graph":[{"@type":"WebPage","@id":"https:\/\/www.rimocc.com\/product\/sonor-signature-horst-link-22x18-13x13-16x18-ltd-signal-red\/","url":"https:\/\/www.rimocc.com\/product\/sonor-signature-horst-link-22x18-13x13-16x18-ltd-signal-red\/","name":"Sonor Signature Horst Link 22x18 13x13 16x18 Ltd Signal Red - D\u00e9p\u00f4t Vente Batterie Percussion | Rimocc Lyon","isPartOf":{"@id":"https:\/\/www.rimocc.com\/#website"},"primaryImageOfPage":{"@id":"https:\/\/www.rimocc.com\/product\/sonor-signature-horst-link-22x18-13x13-16x18-ltd-signal-red\/#primaryimage"},"image":{"@id":"https:\/\/www.rimocc.com\/product\/sonor-signature-horst-link-22x18-13x13-16x18-ltd-signal-red\/#primaryimage"},"thumbnailUrl":"https:\/\/www.rimocc.com\/wp-content\/uploads\/2025\/07\/Sonor-Signature-Horst-Link-22x18-13x13-16x18-Ltd-Signal-Red-1.jpg","datePublished":"2025-07-18T09:32:31+00:00","dateModified":"2025-10-23T13:32:37+00:00","description":"Sonor Signature Horst Link Ltd Signal Red : un kit de batterie l\u00e9gendaire 22x18, 13x13, 16x18 en h\u00eatre - bubinga offrant une sonorit\u00e9 puissante et profonde.","breadcrumb":{"@id":"https:\/\/www.rimocc.com\/product\/sonor-signature-horst-link-22x18-13x13-16x18-ltd-signal-red\/#breadcrumb"},"inLanguage":"en-US","potentialAction":[{"@type":"ReadAction","target":["https:\/\/www.rimocc.com\/product\/sonor-signature-horst-link-22x18-13x13-16x18-ltd-signal-red\/"]}]},{"@type":"ImageObject","inLanguage":"en-US","@id":"https:\/\/www.rimocc.com\/product\/sonor-signature-horst-link-22x18-13x13-16x18-ltd-signal-red\/#primaryimage","url":"https:\/\/www.rimocc.com\/wp-content\/uploads\/2025\/07\/Sonor-Signature-Horst-Link-22x18-13x13-16x18-Ltd-Signal-Red-1.jpg","contentUrl":"https:\/\/www.rimocc.com\/wp-content\/uploads\/2025\/07\/Sonor-Signature-Horst-Link-22x18-13x13-16x18-Ltd-Signal-Red-1.jpg","width":1920,"height":1920,"caption":"Sonor Signature Horst Link 22x18 13x13 16x18 Ltd Signal Red"},{"@type":"BreadcrumbList","@id":"https:\/\/www.rimocc.com\/product\/sonor-signature-horst-link-22x18-13x13-16x18-ltd-signal-red\/#breadcrumb","itemListElement":[{"@type":"ListItem","position":1,"name":"Home","item":"https:\/\/www.rimocc.com\/"},{"@type":"ListItem","position":2,"name":"Shop","item":"https:\/\/www.rimocc.com\/shop\/"},{"@type":"ListItem","position":3,"name":"Sonor Signature Horst Link 22&#215;18 13&#215;13 16&#215;18 Ltd Signal Red"}]},{"@type":"WebSite","@id":"https:\/\/www.rimocc.com\/#website","url":"https:\/\/www.rimocc.com\/","name":"D\u00e9p\u00f4t Vente Batterie Percussion | Rimocc Lyon","description":"Rimocc: l&#039;unique magasin d\u00e9di\u00e9 enti\u00e8rement \u00e0 la batterie, percussion d&#039;occasion et vintage \u00e0 Lyon, France","publisher":{"@id":"https:\/\/www.rimocc.com\/#organization"},"alternateName":"Rimocc'","potentialAction":[{"@type":"SearchAction","target":{"@type":"EntryPoint","urlTemplate":"https:\/\/www.rimocc.com\/?s={search_term_string}"},"query-input":{"@type":"PropertyValueSpecification","valueRequired":true,"valueName":"search_term_string"}}],"inLanguage":"en-US"},{"@type":"Organization","@id":"https:\/\/www.rimocc.com\/#organization","name":"Rimocc'","alternateName":"Rimocc","url":"https:\/\/www.rimocc.com\/","logo":{"@type":"ImageObject","inLanguage":"en-US","@id":"https:\/\/www.rimocc.com\/#\/schema\/logo\/image\/","url":"https:\/\/i0.wp.com\/www.rimocc.com\/wp-content\/uploads\/2023\/07\/RIMOCC_LOGO.jpg?fit=459%2C114&ssl=1","contentUrl":"https:\/\/i0.wp.com\/www.rimocc.com\/wp-content\/uploads\/2023\/07\/RIMOCC_LOGO.jpg?fit=459%2C114&ssl=1","width":459,"height":114,"caption":"Rimocc'"},"image":{"@id":"https:\/\/www.rimocc.com\/#\/schema\/logo\/image\/"},"sameAs":["https:\/\/www.facebook.com\/rimocclyon\/?locale=fr_FR","https:\/\/www.instagram.com\/rimoccc\/?hl=fr","https:\/\/www.tiktok.com\/@rimocc","https:\/\/www.youtube.com\/@Rimocc"]}]}},"jetpack_publicize_connections":[],"jetpack_sharing_enabled":true,"_links":{"self":[{"href":"https:\/\/www.rimocc.com\/en\/wp-json\/wp\/v2\/product\/15508","targetHints":{"allow":["GET"]}}],"collection":[{"href":"https:\/\/www.rimocc.com\/en\/wp-json\/wp\/v2\/product"}],"about":[{"href":"https:\/\/www.rimocc.com\/en\/wp-json\/wp\/v2\/types\/product"}],"replies":[{"embeddable":true,"href":"https:\/\/www.rimocc.com\/en\/wp-json\/wp\/v2\/comments?post=15508"}],"wp:featuredmedia":[{"embeddable":true,"href":"https:\/\/www.rimocc.com\/en\/wp-json\/wp\/v2\/media\/15507"}],"wp:attachment":[{"href":"https:\/\/www.rimocc.com\/en\/wp-json\/wp\/v2\/media?parent=15508"}],"wp:term":[{"taxonomy":"product_brand","embeddable":true,"href":"https:\/\/www.rimocc.com\/en\/wp-json\/wp\/v2\/product_brand?post=15508"},{"taxonomy":"product_cat","embeddable":true,"href":"https:\/\/www.rimocc.com\/en\/wp-json\/wp\/v2\/product_cat?post=15508"},{"taxonomy":"product_tag","embeddable":true,"href":"https:\/\/www.rimocc.com\/en\/wp-json\/wp\/v2\/product_tag?post=15508"}],"curies":[{"name":"wp","href":"https:\/\/api.w.org\/{rel}","templated":true}]}}