{"id":15433,"date":"2025-07-11T17:09:31","date_gmt":"2025-07-11T15:09:31","guid":{"rendered":"https:\/\/www.rimocc.com\/?post_type=product&#038;p=15433"},"modified":"2025-07-11T17:09:31","modified_gmt":"2025-07-11T15:09:31","slug":"roland-pad-pda100-sw-10x7","status":"publish","type":"product","link":"https:\/\/www.rimocc.com\/en\/product\/roland-pad-pda100-sw-10x7\/","title":{"rendered":"Roland PAD PDA100-SW 10&Prime;x7&Prime;"},"content":{"rendered":"<p>Roland PAD PDA100-SW 10&Prime;x7&Prime;<br \/>\nTr\u00e8s bon \u00e9tat g\u00e9n\u00e9ral, proche du neuf<\/p>\n<p>Le Roland PDA100-SW est un pad de tom de la s\u00e9rie V-Drums Acoustic Design (VAD) de Roland, con\u00e7u pour offrir l&rsquo;esth\u00e9tique et les sensations de jeu d&rsquo;un tom acoustique, combin\u00e9es \u00e0 la technologie de batterie \u00e9lectronique avanc\u00e9e de Roland.<\/p>\n<p>S\u00e9rie : V-Drums Acoustic Design (VAD)<\/p>\n<p>Dimensions du f\u00fbt : 10 pouces (diam\u00e8tre) x 7 pouces (profondeur). Ces dimensions correspondent \u00e0 celles des f\u00fbts de toms acoustiques traditionnels, contribuant \u00e0 une immersion visuelle et physique.<\/p>\n<p>Mat\u00e9riau du f\u00fbt : Bois v\u00e9ritable, offrant une r\u00e9sonance et une sensation de jeu plus authentiques qu&rsquo;un pad en plastique.<\/p>\n<p>Finition : Satin Walnut (SW), une finition enveloppante satin\u00e9e qui imite l&rsquo;apparence des f\u00fbts de batterie acoustique haut de gamme.<\/p>\n<p>Accastillage : Chrom\u00e9, con\u00e7u sur mesure par Roland, incluant les cercles, crochets, tirants et vis, pour une durabilit\u00e9 et une esth\u00e9tique coh\u00e9rente avec l&rsquo;apparence acoustique.<\/p>\n<p>Technologie de D\u00e9tection et de Jeu :<\/p>\n<p>Zones de d\u00e9clenchement (Triggers) : Double zone (Head et Rim). Cela permet un d\u00e9clenchement ind\u00e9pendant des sons pour la frappe sur la peau et pour les rimshots (frappes sur le cercle).<\/p>\n<p>Peau : Peau maill\u00e9e (Mesh Head) double \u00e9paisseur, une technologie brevet\u00e9e par Roland, r\u00e9put\u00e9e pour :<\/p>\n<p>Sensation de rebond naturelle : Tr\u00e8s proche d&rsquo;une peau de tambour acoustique, avec une tension ajustable pour personnaliser le rebond et le toucher selon les pr\u00e9f\u00e9rences du batteur.<\/p>\n<p>Syst\u00e8me de capteurs avanc\u00e9 : Int\u00e8gre un syst\u00e8me de capteurs innovant con\u00e7u pour \u00e9liminer les \u00ab\u00a0points chauds\u00a0\u00bb (hot spots). Les capteurs sont positionn\u00e9s sur les c\u00f4t\u00e9s du pad plut\u00f4t qu&rsquo;au centre, assurant une r\u00e9ponse uniforme et pr\u00e9cise sur toute la surface de frappe de la peau, sans variations de volume ou de dynamique ind\u00e9sirables.<\/p>\n<p>Connectique : Une sortie jack (Output jack) pour la connexion au module de sons de batterie \u00e9lectronique Roland (ou compatible).<\/p>\n<p>Le Roland PDA100-MS combine l&rsquo;esth\u00e9tique et les sensations traditionnelles d&rsquo;une batterie acoustique avec la performance et la polyvalence d&rsquo;un pad \u00e9lectronique moderne, ce qui en fait un excellent choix pour les batteurs recherchant une exp\u00e9rience de jeu immersive et expressive au sein de leur kit V-Drums.<\/p>\n<p><a href=\"https:\/\/www.roland.com\/fr\/categories\/drums_percussion\/\">https:\/\/www.roland.com\/fr\/categories\/drums_percussion\/<\/a><br \/>\n<a href=\"https:\/\/www.rimocc.com\/en\/product-category\/toms\/\">https:\/\/www.rimocc.com\/product-category\/toms\/<\/a><\/p>","protected":false},"excerpt":{"rendered":"<p>Roland PAD PDA100-SW 10&Prime;x7&Prime; Tr\u00e8s bon \u00e9tat g\u00e9n\u00e9ral, proche du neuf Le Roland PDA100-SW est un pad de tom de la s\u00e9rie V-Drums Acoustic Design (VAD) de Roland, con\u00e7u pour offrir l&rsquo;esth\u00e9tique et les sensations de jeu d&rsquo;un tom acoustique, combin\u00e9es \u00e0 la technologie de batterie \u00e9lectronique avanc\u00e9e de Roland. S\u00e9rie : V-Drums Acoustic Design [&hellip;]<\/p>\n","protected":false},"featured_media":15432,"comment_status":"open","ping_status":"closed","template":"","meta":{"jetpack_publicize_message":"","jetpack_publicize_feature_enabled":true,"jetpack_social_post_already_shared":false,"jetpack_social_options":{"image_generator_settings":{"template":"highway","default_image_id":0,"font":"","enabled":false},"version":2}},"product_brand":[692],"product_cat":[18],"product_tag":[82],"class_list":{"0":"post-15433","1":"product","2":"type-product","3":"status-publish","4":"has-post-thumbnail","6":"product_brand-roland","7":"product_cat-toms","8":"product_tag-roland","10":"entry","11":"has-media","13":"first","14":"instock","15":"shipping-taxable","16":"purchasable","17":"product-type-simple","18":"has-product-nav","19":"col","20":"span_1_of_3","21":"owp-content-center","22":"owp-thumbs-layout-horizontal","23":"owp-btn-normal","24":"owp-tabs-layout-horizontal"},"yoast_head":"<!-- This site is optimized with the Yoast SEO plugin v27.5 - https:\/\/yoast.com\/product\/yoast-seo-wordpress\/ -->\n<title>Roland PAD PDA100-SW 10&quot;x7&quot; - D\u00e9p\u00f4t Vente Batterie Percussion | Rimocc Lyon<\/title>\n<meta name=\"description\" content=\"Pad de tom \u00e9lectronique de la s\u00e9rie V-Drums Acoustic Design, avec f\u00fbt en bois, peau maill\u00e9e double et capteurs avanc\u00e9s. Id\u00e9al pour un jeu authentique.\" \/>\n<meta name=\"robots\" content=\"index, follow, max-snippet:-1, max-image-preview:large, max-video-preview:-1\" \/>\n<link rel=\"canonical\" href=\"https:\/\/www.rimocc.com\/en\/product\/roland-pad-pda100-sw-10x7\/\" \/>\n<meta property=\"og:locale\" content=\"en_US\" \/>\n<meta property=\"og:type\" content=\"article\" \/>\n<meta property=\"og:title\" content=\"Roland PAD PDA100-SW 10&quot;x7&quot; - D\u00e9p\u00f4t Vente Batterie Percussion | Rimocc Lyon\" \/>\n<meta property=\"og:description\" content=\"Pad de tom \u00e9lectronique de la s\u00e9rie V-Drums Acoustic Design, avec f\u00fbt en bois, peau maill\u00e9e double et capteurs avanc\u00e9s. Id\u00e9al pour un jeu authentique.\" \/>\n<meta property=\"og:url\" content=\"https:\/\/www.rimocc.com\/en\/product\/roland-pad-pda100-sw-10x7\/\" \/>\n<meta property=\"og:site_name\" content=\"D\u00e9p\u00f4t Vente Batterie Percussion | Rimocc Lyon\" \/>\n<meta property=\"article:publisher\" content=\"https:\/\/www.facebook.com\/rimocclyon\/?locale=fr_FR\" \/>\n<meta property=\"og:image\" content=\"https:\/\/www.rimocc.com\/wp-content\/uploads\/2025\/07\/Roland-PAD-PDA100-MS-10_x7_-1.jpg\" \/>\n\t<meta property=\"og:image:width\" content=\"1920\" \/>\n\t<meta property=\"og:image:height\" content=\"1920\" \/>\n\t<meta property=\"og:image:type\" content=\"image\/jpeg\" \/>\n<meta name=\"twitter:card\" content=\"summary_large_image\" \/>\n<meta name=\"twitter:label1\" content=\"Est. reading time\" \/>\n\t<meta name=\"twitter:data1\" content=\"2 minutes\" \/>\n<script type=\"application\/ld+json\" class=\"yoast-schema-graph\">{\"@context\":\"https:\\\/\\\/schema.org\",\"@graph\":[{\"@type\":\"WebPage\",\"@id\":\"https:\\\/\\\/www.rimocc.com\\\/product\\\/roland-pad-pda100-sw-10x7\\\/\",\"url\":\"https:\\\/\\\/www.rimocc.com\\\/product\\\/roland-pad-pda100-sw-10x7\\\/\",\"name\":\"Roland PAD PDA100-SW 10\\\"x7\\\" - D\u00e9p\u00f4t Vente Batterie Percussion | Rimocc Lyon\",\"isPartOf\":{\"@id\":\"https:\\\/\\\/www.rimocc.com\\\/#website\"},\"primaryImageOfPage\":{\"@id\":\"https:\\\/\\\/www.rimocc.com\\\/product\\\/roland-pad-pda100-sw-10x7\\\/#primaryimage\"},\"image\":{\"@id\":\"https:\\\/\\\/www.rimocc.com\\\/product\\\/roland-pad-pda100-sw-10x7\\\/#primaryimage\"},\"thumbnailUrl\":\"https:\\\/\\\/www.rimocc.com\\\/wp-content\\\/uploads\\\/2025\\\/07\\\/Roland-PAD-PDA100-MS-10_x7_-1.jpg\",\"datePublished\":\"2025-07-11T15:09:31+00:00\",\"description\":\"Pad de tom \u00e9lectronique de la s\u00e9rie V-Drums Acoustic Design, avec f\u00fbt en bois, peau maill\u00e9e double et capteurs avanc\u00e9s. Id\u00e9al pour un jeu authentique.\",\"breadcrumb\":{\"@id\":\"https:\\\/\\\/www.rimocc.com\\\/product\\\/roland-pad-pda100-sw-10x7\\\/#breadcrumb\"},\"inLanguage\":\"en-US\",\"potentialAction\":[{\"@type\":\"ReadAction\",\"target\":[\"https:\\\/\\\/www.rimocc.com\\\/product\\\/roland-pad-pda100-sw-10x7\\\/\"]}]},{\"@type\":\"ImageObject\",\"inLanguage\":\"en-US\",\"@id\":\"https:\\\/\\\/www.rimocc.com\\\/product\\\/roland-pad-pda100-sw-10x7\\\/#primaryimage\",\"url\":\"https:\\\/\\\/www.rimocc.com\\\/wp-content\\\/uploads\\\/2025\\\/07\\\/Roland-PAD-PDA100-MS-10_x7_-1.jpg\",\"contentUrl\":\"https:\\\/\\\/www.rimocc.com\\\/wp-content\\\/uploads\\\/2025\\\/07\\\/Roland-PAD-PDA100-MS-10_x7_-1.jpg\",\"width\":1920,\"height\":1920,\"caption\":\"Roland PAD PDA100-MS 10\\\"x7\\\"\"},{\"@type\":\"BreadcrumbList\",\"@id\":\"https:\\\/\\\/www.rimocc.com\\\/product\\\/roland-pad-pda100-sw-10x7\\\/#breadcrumb\",\"itemListElement\":[{\"@type\":\"ListItem\",\"position\":1,\"name\":\"Home\",\"item\":\"https:\\\/\\\/www.rimocc.com\\\/\"},{\"@type\":\"ListItem\",\"position\":2,\"name\":\"Shop\",\"item\":\"https:\\\/\\\/www.rimocc.com\\\/shop\\\/\"},{\"@type\":\"ListItem\",\"position\":3,\"name\":\"Roland PAD PDA100-SW 10&#8243;x7&#8243;\"}]},{\"@type\":\"WebSite\",\"@id\":\"https:\\\/\\\/www.rimocc.com\\\/#website\",\"url\":\"https:\\\/\\\/www.rimocc.com\\\/\",\"name\":\"D\u00e9p\u00f4t Vente Batterie Percussion | Rimocc Lyon\",\"description\":\"Rimocc: l&#039;unique magasin d\u00e9di\u00e9 enti\u00e8rement \u00e0 la batterie, percussion d&#039;occasion et vintage \u00e0 Lyon, France\",\"publisher\":{\"@id\":\"https:\\\/\\\/www.rimocc.com\\\/#organization\"},\"alternateName\":\"Rimocc'\",\"potentialAction\":[{\"@type\":\"SearchAction\",\"target\":{\"@type\":\"EntryPoint\",\"urlTemplate\":\"https:\\\/\\\/www.rimocc.com\\\/?s={search_term_string}\"},\"query-input\":{\"@type\":\"PropertyValueSpecification\",\"valueRequired\":true,\"valueName\":\"search_term_string\"}}],\"inLanguage\":\"en-US\"},{\"@type\":\"Organization\",\"@id\":\"https:\\\/\\\/www.rimocc.com\\\/#organization\",\"name\":\"Rimocc'\",\"alternateName\":\"Rimocc\",\"url\":\"https:\\\/\\\/www.rimocc.com\\\/\",\"logo\":{\"@type\":\"ImageObject\",\"inLanguage\":\"en-US\",\"@id\":\"https:\\\/\\\/www.rimocc.com\\\/#\\\/schema\\\/logo\\\/image\\\/\",\"url\":\"https:\\\/\\\/i0.wp.com\\\/www.rimocc.com\\\/wp-content\\\/uploads\\\/2023\\\/07\\\/RIMOCC_LOGO.jpg?fit=459%2C114&ssl=1\",\"contentUrl\":\"https:\\\/\\\/i0.wp.com\\\/www.rimocc.com\\\/wp-content\\\/uploads\\\/2023\\\/07\\\/RIMOCC_LOGO.jpg?fit=459%2C114&ssl=1\",\"width\":459,\"height\":114,\"caption\":\"Rimocc'\"},\"image\":{\"@id\":\"https:\\\/\\\/www.rimocc.com\\\/#\\\/schema\\\/logo\\\/image\\\/\"},\"sameAs\":[\"https:\\\/\\\/www.facebook.com\\\/rimocclyon\\\/?locale=fr_FR\",\"https:\\\/\\\/www.instagram.com\\\/rimoccc\\\/?hl=fr\",\"https:\\\/\\\/www.tiktok.com\\\/@rimocc\",\"https:\\\/\\\/www.youtube.com\\\/@Rimocc\"]}]}<\/script>\n<!-- \/ Yoast SEO plugin. -->","yoast_head_json":{"title":"Roland PAD PDA100-SW 10\"x7\" - D\u00e9p\u00f4t Vente Batterie Percussion | Rimocc Lyon","description":"Pad de tom \u00e9lectronique de la s\u00e9rie V-Drums Acoustic Design, avec f\u00fbt en bois, peau maill\u00e9e double et capteurs avanc\u00e9s. Id\u00e9al pour un jeu authentique.","robots":{"index":"index","follow":"follow","max-snippet":"max-snippet:-1","max-image-preview":"max-image-preview:large","max-video-preview":"max-video-preview:-1"},"canonical":"https:\/\/www.rimocc.com\/en\/product\/roland-pad-pda100-sw-10x7\/","og_locale":"en_US","og_type":"article","og_title":"Roland PAD PDA100-SW 10\"x7\" - D\u00e9p\u00f4t Vente Batterie Percussion | Rimocc Lyon","og_description":"Pad de tom \u00e9lectronique de la s\u00e9rie V-Drums Acoustic Design, avec f\u00fbt en bois, peau maill\u00e9e double et capteurs avanc\u00e9s. Id\u00e9al pour un jeu authentique.","og_url":"https:\/\/www.rimocc.com\/en\/product\/roland-pad-pda100-sw-10x7\/","og_site_name":"D\u00e9p\u00f4t Vente Batterie Percussion | Rimocc Lyon","article_publisher":"https:\/\/www.facebook.com\/rimocclyon\/?locale=fr_FR","og_image":[{"width":1920,"height":1920,"url":"https:\/\/www.rimocc.com\/wp-content\/uploads\/2025\/07\/Roland-PAD-PDA100-MS-10_x7_-1.jpg","type":"image\/jpeg"}],"twitter_card":"summary_large_image","twitter_misc":{"Est. reading time":"2 minutes"},"schema":{"@context":"https:\/\/schema.org","@graph":[{"@type":"WebPage","@id":"https:\/\/www.rimocc.com\/product\/roland-pad-pda100-sw-10x7\/","url":"https:\/\/www.rimocc.com\/product\/roland-pad-pda100-sw-10x7\/","name":"Roland PAD PDA100-SW 10\"x7\" - D\u00e9p\u00f4t Vente Batterie Percussion | Rimocc Lyon","isPartOf":{"@id":"https:\/\/www.rimocc.com\/#website"},"primaryImageOfPage":{"@id":"https:\/\/www.rimocc.com\/product\/roland-pad-pda100-sw-10x7\/#primaryimage"},"image":{"@id":"https:\/\/www.rimocc.com\/product\/roland-pad-pda100-sw-10x7\/#primaryimage"},"thumbnailUrl":"https:\/\/www.rimocc.com\/wp-content\/uploads\/2025\/07\/Roland-PAD-PDA100-MS-10_x7_-1.jpg","datePublished":"2025-07-11T15:09:31+00:00","description":"Pad de tom \u00e9lectronique de la s\u00e9rie V-Drums Acoustic Design, avec f\u00fbt en bois, peau maill\u00e9e double et capteurs avanc\u00e9s. Id\u00e9al pour un jeu authentique.","breadcrumb":{"@id":"https:\/\/www.rimocc.com\/product\/roland-pad-pda100-sw-10x7\/#breadcrumb"},"inLanguage":"en-US","potentialAction":[{"@type":"ReadAction","target":["https:\/\/www.rimocc.com\/product\/roland-pad-pda100-sw-10x7\/"]}]},{"@type":"ImageObject","inLanguage":"en-US","@id":"https:\/\/www.rimocc.com\/product\/roland-pad-pda100-sw-10x7\/#primaryimage","url":"https:\/\/www.rimocc.com\/wp-content\/uploads\/2025\/07\/Roland-PAD-PDA100-MS-10_x7_-1.jpg","contentUrl":"https:\/\/www.rimocc.com\/wp-content\/uploads\/2025\/07\/Roland-PAD-PDA100-MS-10_x7_-1.jpg","width":1920,"height":1920,"caption":"Roland PAD PDA100-MS 10\"x7\""},{"@type":"BreadcrumbList","@id":"https:\/\/www.rimocc.com\/product\/roland-pad-pda100-sw-10x7\/#breadcrumb","itemListElement":[{"@type":"ListItem","position":1,"name":"Home","item":"https:\/\/www.rimocc.com\/"},{"@type":"ListItem","position":2,"name":"Shop","item":"https:\/\/www.rimocc.com\/shop\/"},{"@type":"ListItem","position":3,"name":"Roland PAD PDA100-SW 10&#8243;x7&#8243;"}]},{"@type":"WebSite","@id":"https:\/\/www.rimocc.com\/#website","url":"https:\/\/www.rimocc.com\/","name":"D\u00e9p\u00f4t Vente Batterie Percussion | Rimocc Lyon","description":"Rimocc: l&#039;unique magasin d\u00e9di\u00e9 enti\u00e8rement \u00e0 la batterie, percussion d&#039;occasion et vintage \u00e0 Lyon, France","publisher":{"@id":"https:\/\/www.rimocc.com\/#organization"},"alternateName":"Rimocc'","potentialAction":[{"@type":"SearchAction","target":{"@type":"EntryPoint","urlTemplate":"https:\/\/www.rimocc.com\/?s={search_term_string}"},"query-input":{"@type":"PropertyValueSpecification","valueRequired":true,"valueName":"search_term_string"}}],"inLanguage":"en-US"},{"@type":"Organization","@id":"https:\/\/www.rimocc.com\/#organization","name":"Rimocc'","alternateName":"Rimocc","url":"https:\/\/www.rimocc.com\/","logo":{"@type":"ImageObject","inLanguage":"en-US","@id":"https:\/\/www.rimocc.com\/#\/schema\/logo\/image\/","url":"https:\/\/i0.wp.com\/www.rimocc.com\/wp-content\/uploads\/2023\/07\/RIMOCC_LOGO.jpg?fit=459%2C114&ssl=1","contentUrl":"https:\/\/i0.wp.com\/www.rimocc.com\/wp-content\/uploads\/2023\/07\/RIMOCC_LOGO.jpg?fit=459%2C114&ssl=1","width":459,"height":114,"caption":"Rimocc'"},"image":{"@id":"https:\/\/www.rimocc.com\/#\/schema\/logo\/image\/"},"sameAs":["https:\/\/www.facebook.com\/rimocclyon\/?locale=fr_FR","https:\/\/www.instagram.com\/rimoccc\/?hl=fr","https:\/\/www.tiktok.com\/@rimocc","https:\/\/www.youtube.com\/@Rimocc"]}]}},"jetpack_publicize_connections":[],"jetpack_sharing_enabled":true,"_links":{"self":[{"href":"https:\/\/www.rimocc.com\/en\/wp-json\/wp\/v2\/product\/15433","targetHints":{"allow":["GET"]}}],"collection":[{"href":"https:\/\/www.rimocc.com\/en\/wp-json\/wp\/v2\/product"}],"about":[{"href":"https:\/\/www.rimocc.com\/en\/wp-json\/wp\/v2\/types\/product"}],"replies":[{"embeddable":true,"href":"https:\/\/www.rimocc.com\/en\/wp-json\/wp\/v2\/comments?post=15433"}],"wp:featuredmedia":[{"embeddable":true,"href":"https:\/\/www.rimocc.com\/en\/wp-json\/wp\/v2\/media\/15432"}],"wp:attachment":[{"href":"https:\/\/www.rimocc.com\/en\/wp-json\/wp\/v2\/media?parent=15433"}],"wp:term":[{"taxonomy":"product_brand","embeddable":true,"href":"https:\/\/www.rimocc.com\/en\/wp-json\/wp\/v2\/product_brand?post=15433"},{"taxonomy":"product_cat","embeddable":true,"href":"https:\/\/www.rimocc.com\/en\/wp-json\/wp\/v2\/product_cat?post=15433"},{"taxonomy":"product_tag","embeddable":true,"href":"https:\/\/www.rimocc.com\/en\/wp-json\/wp\/v2\/product_tag?post=15433"}],"curies":[{"name":"wp","href":"https:\/\/api.w.org\/{rel}","templated":true}]}}