{"id":15385,"date":"2025-07-08T18:25:53","date_gmt":"2025-07-08T16:25:53","guid":{"rendered":"https:\/\/www.rimocc.com\/?post_type=product&#038;p=15385"},"modified":"2025-09-10T12:52:26","modified_gmt":"2025-09-10T10:52:26","slug":"sonor-lite-14x725-ld557-mb-scandinavian-birch","status":"publish","type":"product","link":"https:\/\/www.rimocc.com\/en\/product\/sonor-lite-14x725-ld557-mb-scandinavian-birch\/","title":{"rendered":"Sonor Lite 14&Prime;x7,25&Prime; LD557 MB Scandinavian Birch"},"content":{"rendered":"<p>Sonor Lite 14&Prime;x7,25&Prime; LD557 MB Scandinavian Birch MB Scandinavian Birch<br \/>\nVintage 80&rsquo;s<br \/>\n12 tirants, 12 plis Scandinavian Birch, Die Cast Rims, syst\u00e8me parall\u00e8le.<br \/>\nCompl\u00e8te,\u00a0 toute d&rsquo;origine avec le timbre de rechange<br \/>\nEtat proche collection. A noter, une des molettes rondes de r\u00e9glages timbre est l\u00e9g\u00e8rement tordue, sans incidence sur le fonctionnement<br \/>\nUne des plus belles finitions Sonor !<br \/>\n<strong>\u00ab\u00a0Envoi possible dans le le monde entier sur devis s\u00e9par\u00e9 &#8211; merci d&rsquo;appeler le shop avant de passer commande sur le site, le devis de livraison devra \u00eatre accept\u00e9 avant la commande sur le site. Un lien de paiement s\u00e9par\u00e9 vous sera envoy\u00e9\u00a0\u00bb Pas d&rsquo;envoi par Mondial Relay sur ce mod\u00e8le !<\/strong><\/p>\n<p>L&rsquo;Excellence Sonore en Bouleau<\/p>\n<p>Sonor Lite 14&Prime;x7,25&Prime; LD557 MB Scandinavian Birch, une caisse claire qui allie l&rsquo;h\u00e9ritage d&rsquo;innovation de Sonor \u00e0 la beaut\u00e9 naturelle et aux qualit\u00e9s acoustiques exceptionnelles du bouleau scandinave. Avec ses dimensions de 14 pouces de diam\u00e8tre et 7,25 pouces de profondeur, cette caisse claire est a \u00e9t\u00e9 con\u00e7ue pour offrir une projection puissante et une richesse harmonique remarquable.<\/p>\n<p>Fabriqu\u00e9e avec soin \u00e0 partir de bouleau scandinave, cette caisse claire b\u00e9n\u00e9ficie d&rsquo;un bois pris\u00e9 pour sa capacit\u00e9 \u00e0 produire un son clair, incisif, avec des basses fr\u00e9quences bien d\u00e9finies et des aigus chatoyants. La r\u00e9sonance contr\u00f4l\u00e9e du bouleau assure une articulation pr\u00e9cise et une d\u00e9finition nette, ce qui la rend polyvalente pour une grande vari\u00e9t\u00e9 de styles musicaux, du rock au jazz en passant par le funk.<\/p>\n<p>Le mod\u00e8le LD557 est un t\u00e9moignage du savoir-faire de Sonor en mati\u00e8re de fabrication de f\u00fbts, garantissant une construction robuste et une int\u00e9grit\u00e9 sonore irr\u00e9prochable. Que vous recherchiez un \u00ab\u00a0backbeat\u00a0\u00bb profond et percutant, des rimshots tranchants, ou des roulements expressifs, cette caisse claire Sonor Lite saura se distinguer.<\/p>\n<p><strong>Sonor Drums<\/strong> est une marque allemande renomm\u00e9e, synonyme de qualit\u00e9 et d&rsquo;innovation dans le monde des instruments de percussion. Son histoire riche et fascinante s&rsquo;\u00e9tend sur plus d&rsquo;un si\u00e8cle et demi.<\/p>\n<p>Les d\u00e9buts (1875 &#8211; D\u00e9but 1900)<\/p>\n<p>L&rsquo;histoire de Sonor commence en 1875, lorsque Johannes Link fonde un atelier \u00e0 Wei\u00dfenfels, sur la Saale, en Allemagne. Initialement, l&rsquo;entreprise se concentre sur la fabrication de peaux de tambour et de tambours militaires simples. Les connaissances de Link en tant que tourneur sur bois et tanneur ont jet\u00e9 les bases de cette fabrique d&rsquo;instruments de percussion. Au d\u00e9but, l&rsquo;entreprise n&rsquo;avait qu&rsquo;un seul employ\u00e9, mais elle s&rsquo;agrandit rapidement. D\u00e8s 1900, l&rsquo;atelier employait d\u00e9j\u00e0 53 ouvriers qualifi\u00e9s.<\/p>\n<p>En 1907, la marque SONOR est officiellement d\u00e9pos\u00e9e aupr\u00e8s de l&rsquo;Office Imp\u00e9rial des Brevets \u00e0 Berlin, marquant une \u00e9tape importante dans le d\u00e9veloppement de l&rsquo;entreprise.<\/p>\n<p>Expansion et d\u00e9fis (Ann\u00e9es 1920 &#8211; 1950)<\/p>\n<p>Les premiers ensembles complets de batterie Sonor sont con\u00e7us dans les ann\u00e9es 1920, au moment o\u00f9 le jazz gagne en popularit\u00e9 en Europe, augmentant la demande pour des \u00ab\u00a0batteries combin\u00e9es\u00a0\u00bb.<\/p>\n<p>Apr\u00e8s le d\u00e9c\u00e8s de Johannes Link en 1914, son fils, Otto Link, prend la direction de l&rsquo;entreprise. Sous sa direction, Sonor continue de cro\u00eetre, ajoutant une scierie et \u00e9tablissant une branche de vente en gros. En 1925, pour son 50e anniversaire, Sonor compte 145 employ\u00e9s, devenant l&rsquo;une des plus grandes entreprises de son genre.<\/p>\n<p>Cependant, l&rsquo;entreprise doit faire face aux d\u00e9fis des deux Guerres Mondiales, notamment la Seconde Guerre Mondiale qui affecte lourdement la production et les infrastructures.<\/p>\n<p>Innovation et reconnaissance mondiale (Ann\u00e9es 1960 &#8211; 1980)<\/p>\n<p>Malgr\u00e9 les difficult\u00e9s, la famille Link r\u00e9ussit \u00e0 maintenir la marque Sonor. Dans les ann\u00e9es 1960 et 1970, Sonor entre dans une nouvelle \u00e8re de son, avec l&rsquo;introduction de nouvelles innovations. La marque est particuli\u00e8rement reconnue pour sa qualit\u00e9 de fabrication \u00ab\u00a0Made in Germany\u00a0\u00bb et pour ses f\u00fbts \u00e9pais.<\/p>\n<p>Les ann\u00e9es 1980 voient Sonor combiner qualit\u00e9 et technologie, produisant des batteries tr\u00e8s recherch\u00e9es, notamment celles utilis\u00e9es par des batteurs c\u00e9l\u00e8bres comme Steve Smith et Nicko McBrain. Des mod\u00e8les embl\u00e9matiques tels que la s\u00e9rie \u00ab\u00a0Phonic\u00a0\u00bb avec ses caisses claires en ferro-mangan\u00e8se deviennent l\u00e9gendaires. Sonor est \u00e9galement l&rsquo;une des premi\u00e8res marques \u00e0 produire des f\u00fbts extra-\u00e9pais.<\/p>\n<p>Sonor aujourd&rsquo;hui<\/p>\n<p>Aujourd&rsquo;hui, Sonor propose une gamme compl\u00e8te de batteries, percussions et accessoires. L&rsquo;usine principale de l&rsquo;entreprise est toujours situ\u00e9e \u00e0 Bad Berleburg \u2013 Aue, en Allemagne, o\u00f9 elle continue de produire des instruments de percussion de haute qualit\u00e9 pour les batteurs du monde entier. La marque est fi\u00e8re de son processus \u00ab\u00a0Optimum Shell Technology (O.S.T.)\u00a0\u00bb, qui est constamment d\u00e9velopp\u00e9 et raffin\u00e9 depuis 1875, et qui contribue au son distinctif de Sonor.<\/p>\n<p>Sonor reste une marque appr\u00e9ci\u00e9e pour son engagement envers l&rsquo;innovation, la durabilit\u00e9 de son accastillage et la qualit\u00e9 sonore unique de ses instruments.<\/p>\n<p><a href=\"https:\/\/www.sonor.com\/\">https:\/\/www.sonor.com\/<\/a><br \/>\n<a href=\"https:\/\/www.rimocc.com\/en\/product-category\/caisse-claire\/\">https:\/\/www.rimocc.com\/product-category\/caisse-claire\/<\/a><\/p>\n<p class=\"responsive-video-wrap clr\"><iframe title=\"Sonor Lite 14x7,25\" width=\"563\" height=\"1000\" src=\"https:\/\/www.youtube.com\/embed\/b5JXYl2zTi8?feature=oembed\" frameborder=\"0\" allow=\"accelerometer; autoplay; clipboard-write; encrypted-media; gyroscope; picture-in-picture; web-share\" referrerpolicy=\"strict-origin-when-cross-origin\" allowfullscreen><\/iframe><\/p>","protected":false},"excerpt":{"rendered":"<p>Sonor Lite 14&Prime;x7,25&Prime; LD557 MB Scandinavian Birch MB Scandinavian Birch Vintage 80&rsquo;s 12 tirants, 12 plis Scandinavian Birch, Die Cast Rims, syst\u00e8me parall\u00e8le. Compl\u00e8te,\u00a0 toute d&rsquo;origine avec le timbre de rechange Etat proche collection. A noter, une des molettes rondes de r\u00e9glages timbre est l\u00e9g\u00e8rement tordue, sans incidence sur le fonctionnement Une des plus belles [&hellip;]<\/p>\n","protected":false},"featured_media":15383,"comment_status":"open","ping_status":"closed","template":"","meta":{"jetpack_publicize_message":"","jetpack_publicize_feature_enabled":true,"jetpack_social_post_already_shared":false,"jetpack_social_options":{"image_generator_settings":{"template":"highway","default_image_id":0,"font":"","enabled":false},"version":2}},"product_brand":[691],"product_cat":[25],"product_tag":[67],"class_list":{"0":"post-15385","1":"product","2":"type-product","3":"status-publish","4":"has-post-thumbnail","6":"product_brand-sonor","7":"product_cat-caisse-claire","8":"product_tag-sonor","10":"entry","11":"has-media","13":"first","14":"outofstock","15":"shipping-taxable","16":"purchasable","17":"product-type-simple","18":"has-product-nav","19":"col","20":"span_1_of_3","21":"owp-content-center","22":"owp-thumbs-layout-horizontal","23":"owp-btn-normal","24":"owp-tabs-layout-horizontal"},"yoast_head":"<!-- This site is optimized with the Yoast SEO plugin v27.4 - https:\/\/yoast.com\/product\/yoast-seo-wordpress\/ -->\n<title>Sonor Lite 14&quot;x7,25&quot; LD557 MB Scandinavian Birch - D\u00e9p\u00f4t Vente Batterie Percussion | Rimocc Lyon<\/title>\n<meta name=\"description\" content=\"Caisse claire bouleau scandinave (Scandinavian Birch). F\u00fbt 12 plis. Sonorit\u00e9 claire, articul\u00e9e, avec attaques franches. Id\u00e9ale studio\/live. Mod\u00e8le LD557\" \/>\n<meta name=\"robots\" content=\"index, follow, max-snippet:-1, max-image-preview:large, max-video-preview:-1\" \/>\n<link rel=\"canonical\" href=\"https:\/\/www.rimocc.com\/en\/product\/sonor-lite-14x725-ld557-mb-scandinavian-birch\/\" \/>\n<meta property=\"og:locale\" content=\"en_US\" \/>\n<meta property=\"og:type\" content=\"article\" \/>\n<meta property=\"og:title\" content=\"Sonor Lite 14&quot;x7,25&quot; LD557 MB Scandinavian Birch - D\u00e9p\u00f4t Vente Batterie Percussion | Rimocc Lyon\" \/>\n<meta property=\"og:description\" content=\"Caisse claire bouleau scandinave (Scandinavian Birch). F\u00fbt 12 plis. Sonorit\u00e9 claire, articul\u00e9e, avec attaques franches. Id\u00e9ale studio\/live. Mod\u00e8le LD557\" \/>\n<meta property=\"og:url\" content=\"https:\/\/www.rimocc.com\/en\/product\/sonor-lite-14x725-ld557-mb-scandinavian-birch\/\" \/>\n<meta property=\"og:site_name\" content=\"D\u00e9p\u00f4t Vente Batterie Percussion | Rimocc Lyon\" \/>\n<meta property=\"article:publisher\" content=\"https:\/\/www.facebook.com\/rimocclyon\/?locale=fr_FR\" \/>\n<meta property=\"article:modified_time\" content=\"2025-09-10T10:52:26+00:00\" \/>\n<meta property=\"og:image\" content=\"https:\/\/www.rimocc.com\/wp-content\/uploads\/2025\/07\/Sonor-Lite-14_x725_-LD557MB-1.jpg\" \/>\n\t<meta property=\"og:image:width\" content=\"1920\" \/>\n\t<meta property=\"og:image:height\" content=\"1920\" \/>\n\t<meta property=\"og:image:type\" content=\"image\/jpeg\" \/>\n<meta name=\"twitter:card\" content=\"summary_large_image\" \/>\n<meta name=\"twitter:label1\" content=\"Est. reading time\" \/>\n\t<meta name=\"twitter:data1\" content=\"4 minutes\" \/>\n<script type=\"application\/ld+json\" class=\"yoast-schema-graph\">{\"@context\":\"https:\\\/\\\/schema.org\",\"@graph\":[{\"@type\":\"WebPage\",\"@id\":\"https:\\\/\\\/www.rimocc.com\\\/product\\\/sonor-lite-14x725-ld557-mb-scandinavian-birch\\\/\",\"url\":\"https:\\\/\\\/www.rimocc.com\\\/product\\\/sonor-lite-14x725-ld557-mb-scandinavian-birch\\\/\",\"name\":\"Sonor Lite 14\\\"x7,25\\\" LD557 MB Scandinavian Birch - D\u00e9p\u00f4t Vente Batterie Percussion | Rimocc Lyon\",\"isPartOf\":{\"@id\":\"https:\\\/\\\/www.rimocc.com\\\/#website\"},\"primaryImageOfPage\":{\"@id\":\"https:\\\/\\\/www.rimocc.com\\\/product\\\/sonor-lite-14x725-ld557-mb-scandinavian-birch\\\/#primaryimage\"},\"image\":{\"@id\":\"https:\\\/\\\/www.rimocc.com\\\/product\\\/sonor-lite-14x725-ld557-mb-scandinavian-birch\\\/#primaryimage\"},\"thumbnailUrl\":\"https:\\\/\\\/www.rimocc.com\\\/wp-content\\\/uploads\\\/2025\\\/07\\\/Sonor-Lite-14_x725_-LD557MB-1.jpg\",\"datePublished\":\"2025-07-08T16:25:53+00:00\",\"dateModified\":\"2025-09-10T10:52:26+00:00\",\"description\":\"Caisse claire bouleau scandinave (Scandinavian Birch). F\u00fbt 12 plis. Sonorit\u00e9 claire, articul\u00e9e, avec attaques franches. Id\u00e9ale studio\\\/live. Mod\u00e8le LD557\",\"breadcrumb\":{\"@id\":\"https:\\\/\\\/www.rimocc.com\\\/product\\\/sonor-lite-14x725-ld557-mb-scandinavian-birch\\\/#breadcrumb\"},\"inLanguage\":\"en-US\",\"potentialAction\":[{\"@type\":\"ReadAction\",\"target\":[\"https:\\\/\\\/www.rimocc.com\\\/product\\\/sonor-lite-14x725-ld557-mb-scandinavian-birch\\\/\"]}]},{\"@type\":\"ImageObject\",\"inLanguage\":\"en-US\",\"@id\":\"https:\\\/\\\/www.rimocc.com\\\/product\\\/sonor-lite-14x725-ld557-mb-scandinavian-birch\\\/#primaryimage\",\"url\":\"https:\\\/\\\/www.rimocc.com\\\/wp-content\\\/uploads\\\/2025\\\/07\\\/Sonor-Lite-14_x725_-LD557MB-1.jpg\",\"contentUrl\":\"https:\\\/\\\/www.rimocc.com\\\/wp-content\\\/uploads\\\/2025\\\/07\\\/Sonor-Lite-14_x725_-LD557MB-1.jpg\",\"width\":1920,\"height\":1920,\"caption\":\"Sonor Lite 14\\\"x7,25\\\" LD557 MB Scandinavian Birch\"},{\"@type\":\"BreadcrumbList\",\"@id\":\"https:\\\/\\\/www.rimocc.com\\\/product\\\/sonor-lite-14x725-ld557-mb-scandinavian-birch\\\/#breadcrumb\",\"itemListElement\":[{\"@type\":\"ListItem\",\"position\":1,\"name\":\"Home\",\"item\":\"https:\\\/\\\/www.rimocc.com\\\/\"},{\"@type\":\"ListItem\",\"position\":2,\"name\":\"Shop\",\"item\":\"https:\\\/\\\/www.rimocc.com\\\/shop\\\/\"},{\"@type\":\"ListItem\",\"position\":3,\"name\":\"Sonor Lite 14&#8243;x7,25&#8243; LD557 MB Scandinavian Birch\"}]},{\"@type\":\"WebSite\",\"@id\":\"https:\\\/\\\/www.rimocc.com\\\/#website\",\"url\":\"https:\\\/\\\/www.rimocc.com\\\/\",\"name\":\"D\u00e9p\u00f4t Vente Batterie Percussion | Rimocc Lyon\",\"description\":\"Rimocc: l&#039;unique magasin d\u00e9di\u00e9 enti\u00e8rement \u00e0 la batterie, percussion d&#039;occasion et vintage \u00e0 Lyon, France\",\"publisher\":{\"@id\":\"https:\\\/\\\/www.rimocc.com\\\/#organization\"},\"alternateName\":\"Rimocc'\",\"potentialAction\":[{\"@type\":\"SearchAction\",\"target\":{\"@type\":\"EntryPoint\",\"urlTemplate\":\"https:\\\/\\\/www.rimocc.com\\\/?s={search_term_string}\"},\"query-input\":{\"@type\":\"PropertyValueSpecification\",\"valueRequired\":true,\"valueName\":\"search_term_string\"}}],\"inLanguage\":\"en-US\"},{\"@type\":\"Organization\",\"@id\":\"https:\\\/\\\/www.rimocc.com\\\/#organization\",\"name\":\"Rimocc'\",\"alternateName\":\"Rimocc\",\"url\":\"https:\\\/\\\/www.rimocc.com\\\/\",\"logo\":{\"@type\":\"ImageObject\",\"inLanguage\":\"en-US\",\"@id\":\"https:\\\/\\\/www.rimocc.com\\\/#\\\/schema\\\/logo\\\/image\\\/\",\"url\":\"https:\\\/\\\/i0.wp.com\\\/www.rimocc.com\\\/wp-content\\\/uploads\\\/2023\\\/07\\\/RIMOCC_LOGO.jpg?fit=459%2C114&ssl=1\",\"contentUrl\":\"https:\\\/\\\/i0.wp.com\\\/www.rimocc.com\\\/wp-content\\\/uploads\\\/2023\\\/07\\\/RIMOCC_LOGO.jpg?fit=459%2C114&ssl=1\",\"width\":459,\"height\":114,\"caption\":\"Rimocc'\"},\"image\":{\"@id\":\"https:\\\/\\\/www.rimocc.com\\\/#\\\/schema\\\/logo\\\/image\\\/\"},\"sameAs\":[\"https:\\\/\\\/www.facebook.com\\\/rimocclyon\\\/?locale=fr_FR\",\"https:\\\/\\\/www.instagram.com\\\/rimoccc\\\/?hl=fr\",\"https:\\\/\\\/www.tiktok.com\\\/@rimocc\",\"https:\\\/\\\/www.youtube.com\\\/@Rimocc\"]}]}<\/script>\n<!-- \/ Yoast SEO plugin. -->","yoast_head_json":{"title":"Sonor Lite 14\"x7,25\" LD557 MB Scandinavian Birch - D\u00e9p\u00f4t Vente Batterie Percussion | Rimocc Lyon","description":"Caisse claire bouleau scandinave (Scandinavian Birch). F\u00fbt 12 plis. Sonorit\u00e9 claire, articul\u00e9e, avec attaques franches. Id\u00e9ale studio\/live. Mod\u00e8le LD557","robots":{"index":"index","follow":"follow","max-snippet":"max-snippet:-1","max-image-preview":"max-image-preview:large","max-video-preview":"max-video-preview:-1"},"canonical":"https:\/\/www.rimocc.com\/en\/product\/sonor-lite-14x725-ld557-mb-scandinavian-birch\/","og_locale":"en_US","og_type":"article","og_title":"Sonor Lite 14\"x7,25\" LD557 MB Scandinavian Birch - D\u00e9p\u00f4t Vente Batterie Percussion | Rimocc Lyon","og_description":"Caisse claire bouleau scandinave (Scandinavian Birch). F\u00fbt 12 plis. Sonorit\u00e9 claire, articul\u00e9e, avec attaques franches. Id\u00e9ale studio\/live. Mod\u00e8le LD557","og_url":"https:\/\/www.rimocc.com\/en\/product\/sonor-lite-14x725-ld557-mb-scandinavian-birch\/","og_site_name":"D\u00e9p\u00f4t Vente Batterie Percussion | Rimocc Lyon","article_publisher":"https:\/\/www.facebook.com\/rimocclyon\/?locale=fr_FR","article_modified_time":"2025-09-10T10:52:26+00:00","og_image":[{"width":1920,"height":1920,"url":"https:\/\/www.rimocc.com\/wp-content\/uploads\/2025\/07\/Sonor-Lite-14_x725_-LD557MB-1.jpg","type":"image\/jpeg"}],"twitter_card":"summary_large_image","twitter_misc":{"Est. reading time":"4 minutes"},"schema":{"@context":"https:\/\/schema.org","@graph":[{"@type":"WebPage","@id":"https:\/\/www.rimocc.com\/product\/sonor-lite-14x725-ld557-mb-scandinavian-birch\/","url":"https:\/\/www.rimocc.com\/product\/sonor-lite-14x725-ld557-mb-scandinavian-birch\/","name":"Sonor Lite 14\"x7,25\" LD557 MB Scandinavian Birch - D\u00e9p\u00f4t Vente Batterie Percussion | Rimocc Lyon","isPartOf":{"@id":"https:\/\/www.rimocc.com\/#website"},"primaryImageOfPage":{"@id":"https:\/\/www.rimocc.com\/product\/sonor-lite-14x725-ld557-mb-scandinavian-birch\/#primaryimage"},"image":{"@id":"https:\/\/www.rimocc.com\/product\/sonor-lite-14x725-ld557-mb-scandinavian-birch\/#primaryimage"},"thumbnailUrl":"https:\/\/www.rimocc.com\/wp-content\/uploads\/2025\/07\/Sonor-Lite-14_x725_-LD557MB-1.jpg","datePublished":"2025-07-08T16:25:53+00:00","dateModified":"2025-09-10T10:52:26+00:00","description":"Caisse claire bouleau scandinave (Scandinavian Birch). F\u00fbt 12 plis. Sonorit\u00e9 claire, articul\u00e9e, avec attaques franches. Id\u00e9ale studio\/live. Mod\u00e8le LD557","breadcrumb":{"@id":"https:\/\/www.rimocc.com\/product\/sonor-lite-14x725-ld557-mb-scandinavian-birch\/#breadcrumb"},"inLanguage":"en-US","potentialAction":[{"@type":"ReadAction","target":["https:\/\/www.rimocc.com\/product\/sonor-lite-14x725-ld557-mb-scandinavian-birch\/"]}]},{"@type":"ImageObject","inLanguage":"en-US","@id":"https:\/\/www.rimocc.com\/product\/sonor-lite-14x725-ld557-mb-scandinavian-birch\/#primaryimage","url":"https:\/\/www.rimocc.com\/wp-content\/uploads\/2025\/07\/Sonor-Lite-14_x725_-LD557MB-1.jpg","contentUrl":"https:\/\/www.rimocc.com\/wp-content\/uploads\/2025\/07\/Sonor-Lite-14_x725_-LD557MB-1.jpg","width":1920,"height":1920,"caption":"Sonor Lite 14\"x7,25\" LD557 MB Scandinavian Birch"},{"@type":"BreadcrumbList","@id":"https:\/\/www.rimocc.com\/product\/sonor-lite-14x725-ld557-mb-scandinavian-birch\/#breadcrumb","itemListElement":[{"@type":"ListItem","position":1,"name":"Home","item":"https:\/\/www.rimocc.com\/"},{"@type":"ListItem","position":2,"name":"Shop","item":"https:\/\/www.rimocc.com\/shop\/"},{"@type":"ListItem","position":3,"name":"Sonor Lite 14&#8243;x7,25&#8243; LD557 MB Scandinavian Birch"}]},{"@type":"WebSite","@id":"https:\/\/www.rimocc.com\/#website","url":"https:\/\/www.rimocc.com\/","name":"D\u00e9p\u00f4t Vente Batterie Percussion | Rimocc Lyon","description":"Rimocc: l&#039;unique magasin d\u00e9di\u00e9 enti\u00e8rement \u00e0 la batterie, percussion d&#039;occasion et vintage \u00e0 Lyon, France","publisher":{"@id":"https:\/\/www.rimocc.com\/#organization"},"alternateName":"Rimocc'","potentialAction":[{"@type":"SearchAction","target":{"@type":"EntryPoint","urlTemplate":"https:\/\/www.rimocc.com\/?s={search_term_string}"},"query-input":{"@type":"PropertyValueSpecification","valueRequired":true,"valueName":"search_term_string"}}],"inLanguage":"en-US"},{"@type":"Organization","@id":"https:\/\/www.rimocc.com\/#organization","name":"Rimocc'","alternateName":"Rimocc","url":"https:\/\/www.rimocc.com\/","logo":{"@type":"ImageObject","inLanguage":"en-US","@id":"https:\/\/www.rimocc.com\/#\/schema\/logo\/image\/","url":"https:\/\/i0.wp.com\/www.rimocc.com\/wp-content\/uploads\/2023\/07\/RIMOCC_LOGO.jpg?fit=459%2C114&ssl=1","contentUrl":"https:\/\/i0.wp.com\/www.rimocc.com\/wp-content\/uploads\/2023\/07\/RIMOCC_LOGO.jpg?fit=459%2C114&ssl=1","width":459,"height":114,"caption":"Rimocc'"},"image":{"@id":"https:\/\/www.rimocc.com\/#\/schema\/logo\/image\/"},"sameAs":["https:\/\/www.facebook.com\/rimocclyon\/?locale=fr_FR","https:\/\/www.instagram.com\/rimoccc\/?hl=fr","https:\/\/www.tiktok.com\/@rimocc","https:\/\/www.youtube.com\/@Rimocc"]}]}},"jetpack_publicize_connections":[],"jetpack_sharing_enabled":true,"_links":{"self":[{"href":"https:\/\/www.rimocc.com\/en\/wp-json\/wp\/v2\/product\/15385","targetHints":{"allow":["GET"]}}],"collection":[{"href":"https:\/\/www.rimocc.com\/en\/wp-json\/wp\/v2\/product"}],"about":[{"href":"https:\/\/www.rimocc.com\/en\/wp-json\/wp\/v2\/types\/product"}],"replies":[{"embeddable":true,"href":"https:\/\/www.rimocc.com\/en\/wp-json\/wp\/v2\/comments?post=15385"}],"wp:featuredmedia":[{"embeddable":true,"href":"https:\/\/www.rimocc.com\/en\/wp-json\/wp\/v2\/media\/15383"}],"wp:attachment":[{"href":"https:\/\/www.rimocc.com\/en\/wp-json\/wp\/v2\/media?parent=15385"}],"wp:term":[{"taxonomy":"product_brand","embeddable":true,"href":"https:\/\/www.rimocc.com\/en\/wp-json\/wp\/v2\/product_brand?post=15385"},{"taxonomy":"product_cat","embeddable":true,"href":"https:\/\/www.rimocc.com\/en\/wp-json\/wp\/v2\/product_cat?post=15385"},{"taxonomy":"product_tag","embeddable":true,"href":"https:\/\/www.rimocc.com\/en\/wp-json\/wp\/v2\/product_tag?post=15385"}],"curies":[{"name":"wp","href":"https:\/\/api.w.org\/{rel}","templated":true}]}}