{"id":15333,"date":"2025-07-02T18:59:07","date_gmt":"2025-07-02T16:59:07","guid":{"rendered":"https:\/\/www.rimocc.com\/?post_type=product&#038;p=15333"},"modified":"2025-07-03T15:26:58","modified_gmt":"2025-07-03T13:26:58","slug":"roland-vad706-td-50x","status":"publish","type":"product","link":"https:\/\/www.rimocc.com\/en\/product\/roland-vad706-td-50x\/","title":{"rendered":"Roland VAD706 TD-50X"},"content":{"rendered":"<p>Roland VAD706 TD-50X<br \/>\nV-Drums Acoustic Design<br \/>\nTr\u00e8s bon \u00e9tat g\u00e9n\u00e9ral, peu jou\u00e9e<br \/>\nQuelques petites taches sur les peaux maill\u00e9es<br \/>\nCompl\u00e8te (Pied de caisse claire, p\u00e9dale de grosse caisse et pied Hi Hat non inclus)<br \/>\n<strong>\u00ab\u00a0Pas d&rsquo;envoi, retrait en magasin seulement &#8211; International order, pick-up ONLY\u00a0\u00bb<\/strong><\/p>\n<p><strong>La fusion ultime des batteries acoustiques et \u00e9lectroniques<\/strong><\/p>\n<p>La <strong>VAD706<\/strong> propulse la batterie \u00e9lectronique dans une dimension encore jamais atteinte en combinant les meilleures technologies V-Drums Roland \u00e0 des \u00e9l\u00e9ments de batterie acoustique de qualit\u00e9 premium. La championne des batteries <strong>V-Drums Acoustic Design<\/strong> se compose de pads de caisse claire, Ride et charleston num\u00e9riques, capables de proposer une jouabilit\u00e9 ultra d\u00e9taill\u00e9e aux trois \u00e9l\u00e9ments les plus nuanc\u00e9s du kit. Le <strong>module TD-50X<\/strong> de nouvelle g\u00e9n\u00e9ration procure des sons, des sensations et une r\u00e9ponse sans \u00e9quivalent, associ\u00e9s \u00e0 des outils d&rsquo;\u00e9dition d\u00e9taill\u00e9e pour pouvoir personnaliser totalement vos sons, et une connectique professionnelle pour s&rsquo;adapter \u00e0 toutes les situations de jeu.<br \/>\nLe kit se compose de f\u00fbts en bois de taille standard \u00e9quip\u00e9s de capteurs \u00e9volu\u00e9s, capables de procurer des sensations identiques \u00e0 l&rsquo;acoustique.<br \/>\nLe TD-50X, fleuron de nos module de sons, avec technologies Prismatic Sound Modeling et PureAcoustic Ambience de nouvelle g\u00e9n\u00e9ration<br \/>\nPlus de 900 sons premium int\u00e9gr\u00e9s, dont de nouvelles grosse caisses, caisse claires, cymbales&#8230;<br \/>\nLa caisse claire num\u00e9rique 14 pouces PD-140DS, la cymbale Ride num\u00e9rique 18 pouces CY-18DR, et le tout nouveau charleston num\u00e9rique 14 pouces VH-14D, proposant tous trois un d\u00e9clenchement par multicapteur haute r\u00e9solution permettant des performances sans \u00e9quivalent<br \/>\nDes toms suspendus PDA100 10 pouces et PDA120 12 pouces, un tom basse 14 pouces PDA140F et la nouvelle grosse caisse 22 pouces KD-222<br \/>\nDeux pads de cymbale Crash 16 pouces CY-16C-T, 40 % plus fins que les V-Cymbals de g\u00e9n\u00e9ration pr\u00e9c\u00e9dente et permettant un meilleur balancement<br \/>\nUne interface intuitive avec boutons et curseurs d\u00e9di\u00e9s pour choisir, r\u00e9gler et mixer les diff\u00e9rents sons<br \/>\nImportez vos propres \u00e9chantillons WAV depuis une carte SD<br \/>\nSortie Master st\u00e9r\u00e9o en XLR, plus huit sorties Direct en jack TRS pour envoyer des signaux sym\u00e9triques aux syst\u00e8mes de sonorisation<br \/>\nUne interface audio\/midi USB 32 canaux int\u00e9gr\u00e9e pour la production de musique sur ordinateur<br \/>\nQuatre entr\u00e9es Trigger auxiliaires pour ajouter de futurs \u00e9l\u00e9ments suppl\u00e9mentaires<br \/>\nUne entr\u00e9e Mix In pour jouer sur des musiques diffus\u00e9es par un smartphone ou un ordinateur<br \/>\nDes fonctions p\u00e9dagogiques int\u00e9gr\u00e9es pour am\u00e9liorer votre technique<\/p>\n<p>L&rsquo;histoire de <strong>Roland Corporation<\/strong> est celle d&rsquo;une entreprise pionni\u00e8re et innovante dans le monde des instruments de musique \u00e9lectroniques. Fond\u00e9e par Ikutaro Kakehashi le 18 avril 1972 \u00e0 Osaka, au Japon, Roland est rapidement devenue un acteur majeur et respect\u00e9 de l&rsquo;industrie musicale mondiale.<\/p>\n<p>Roland Corporation a laiss\u00e9 une empreinte ind\u00e9l\u00e9bile sur l&rsquo;histoire de la musique. De ses synth\u00e9tiseurs r\u00e9volutionnaires \u00e0 ses bo\u00eetes \u00e0 rythmes embl\u00e9matiques, en passant par ses p\u00e9dales d&rsquo;effets Boss et ses batteries V-Drums qui sont devenues un standard, Roland a constamment cherch\u00e9 \u00e0 innover et \u00e0 fournir aux musiciens des outils pour exprimer leur cr\u00e9ativit\u00e9. L&rsquo;entreprise est rest\u00e9e fid\u00e8le \u00e0 sa mission de \u00ab\u00a0fa\u00e7onner l&rsquo;avenir de la musique\u00a0\u00bb en repoussant toujours les limites de la technologie et de l&rsquo;expressivit\u00e9 instrumentale.<\/p>\n<p><a href=\"https:\/\/www.roland.com\/fr\/categories\/drums_percussion\/\">https:\/\/www.roland.com\/fr\/categories\/drums_percussion\/<\/a><br \/>\n<a href=\"https:\/\/www.rimocc.com\/en\/product-category\/batterie\/\">https:\/\/www.rimocc.com\/product-category\/batterie\/<\/a><\/p>\n<p class=\"responsive-video-wrap clr\"><iframe title=\"Roland VAD706 TD-50X\" width=\"1200\" height=\"675\" src=\"https:\/\/www.youtube.com\/embed\/vdonIRceOqo?feature=oembed\" frameborder=\"0\" allow=\"accelerometer; autoplay; clipboard-write; encrypted-media; gyroscope; picture-in-picture; web-share\" referrerpolicy=\"strict-origin-when-cross-origin\" allowfullscreen><\/iframe><\/p>","protected":false},"excerpt":{"rendered":"<p>Roland VAD706 TD-50X V-Drums Acoustic Design Tr\u00e8s bon \u00e9tat g\u00e9n\u00e9ral, peu jou\u00e9e Quelques petites taches sur les peaux maill\u00e9es Compl\u00e8te (Pied de caisse claire, p\u00e9dale de grosse caisse et pied Hi Hat non inclus) \u00ab\u00a0Pas d&rsquo;envoi, retrait en magasin seulement &#8211; International order, pick-up ONLY\u00a0\u00bb La fusion ultime des batteries acoustiques et \u00e9lectroniques La VAD706 [&hellip;]<\/p>\n","protected":false},"featured_media":15332,"comment_status":"open","ping_status":"closed","template":"","meta":{"jetpack_publicize_message":"","jetpack_publicize_feature_enabled":true,"jetpack_social_post_already_shared":false,"jetpack_social_options":{"image_generator_settings":{"template":"highway","default_image_id":0,"font":"","enabled":false},"version":2}},"product_brand":[692],"product_cat":[20],"product_tag":[82],"class_list":{"0":"post-15333","1":"product","2":"type-product","3":"status-publish","4":"has-post-thumbnail","6":"product_brand-roland","7":"product_cat-batterie","8":"product_tag-roland","10":"entry","11":"has-media","13":"first","14":"outofstock","15":"shipping-taxable","16":"purchasable","17":"product-type-simple","18":"has-product-nav","19":"col","20":"span_1_of_3","21":"owp-content-center","22":"owp-thumbs-layout-horizontal","23":"owp-btn-normal","24":"owp-tabs-layout-horizontal"},"yoast_head":"<!-- This site is optimized with the Yoast SEO plugin v27.5 - https:\/\/yoast.com\/product\/yoast-seo-wordpress\/ -->\n<title>Roland VAD706 TD-50X - D\u00e9p\u00f4t Vente Batterie Percussion | Rimocc Lyon<\/title>\n<meta name=\"description\" content=\"Sons V-Drums Prismatic Sound Modeling, pads num\u00e9riques et f\u00fbts bois authentiques. D\u00e9couvrez la VAD706 TD-50X, le kit V-Drums Acoustic Design ultime.\" \/>\n<meta name=\"robots\" content=\"index, follow, max-snippet:-1, max-image-preview:large, max-video-preview:-1\" \/>\n<link rel=\"canonical\" href=\"https:\/\/www.rimocc.com\/en\/product\/roland-vad706-td-50x\/\" \/>\n<meta property=\"og:locale\" content=\"en_US\" \/>\n<meta property=\"og:type\" content=\"article\" \/>\n<meta property=\"og:title\" content=\"Roland VAD706 TD-50X - D\u00e9p\u00f4t Vente Batterie Percussion | Rimocc Lyon\" \/>\n<meta property=\"og:description\" content=\"Sons V-Drums Prismatic Sound Modeling, pads num\u00e9riques et f\u00fbts bois authentiques. D\u00e9couvrez la VAD706 TD-50X, le kit V-Drums Acoustic Design ultime.\" \/>\n<meta property=\"og:url\" content=\"https:\/\/www.rimocc.com\/en\/product\/roland-vad706-td-50x\/\" \/>\n<meta property=\"og:site_name\" content=\"D\u00e9p\u00f4t Vente Batterie Percussion | Rimocc Lyon\" \/>\n<meta property=\"article:publisher\" content=\"https:\/\/www.facebook.com\/rimocclyon\/?locale=fr_FR\" \/>\n<meta property=\"article:modified_time\" content=\"2025-07-03T13:26:58+00:00\" \/>\n<meta property=\"og:image\" content=\"https:\/\/www.rimocc.com\/wp-content\/uploads\/2025\/07\/Roland-VAD706-TD-50X-1.jpg\" \/>\n\t<meta property=\"og:image:width\" content=\"1920\" \/>\n\t<meta property=\"og:image:height\" content=\"1920\" \/>\n\t<meta property=\"og:image:type\" content=\"image\/jpeg\" \/>\n<meta name=\"twitter:card\" content=\"summary_large_image\" \/>\n<meta name=\"twitter:label1\" content=\"Est. reading time\" \/>\n\t<meta name=\"twitter:data1\" content=\"3 minutes\" \/>\n<script type=\"application\/ld+json\" class=\"yoast-schema-graph\">{\"@context\":\"https:\\\/\\\/schema.org\",\"@graph\":[{\"@type\":\"WebPage\",\"@id\":\"https:\\\/\\\/www.rimocc.com\\\/product\\\/roland-vad706-td-50x\\\/\",\"url\":\"https:\\\/\\\/www.rimocc.com\\\/product\\\/roland-vad706-td-50x\\\/\",\"name\":\"Roland VAD706 TD-50X - D\u00e9p\u00f4t Vente Batterie Percussion | Rimocc Lyon\",\"isPartOf\":{\"@id\":\"https:\\\/\\\/www.rimocc.com\\\/#website\"},\"primaryImageOfPage\":{\"@id\":\"https:\\\/\\\/www.rimocc.com\\\/product\\\/roland-vad706-td-50x\\\/#primaryimage\"},\"image\":{\"@id\":\"https:\\\/\\\/www.rimocc.com\\\/product\\\/roland-vad706-td-50x\\\/#primaryimage\"},\"thumbnailUrl\":\"https:\\\/\\\/www.rimocc.com\\\/wp-content\\\/uploads\\\/2025\\\/07\\\/Roland-VAD706-TD-50X-1.jpg\",\"datePublished\":\"2025-07-02T16:59:07+00:00\",\"dateModified\":\"2025-07-03T13:26:58+00:00\",\"description\":\"Sons V-Drums Prismatic Sound Modeling, pads num\u00e9riques et f\u00fbts bois authentiques. D\u00e9couvrez la VAD706 TD-50X, le kit V-Drums Acoustic Design ultime.\",\"breadcrumb\":{\"@id\":\"https:\\\/\\\/www.rimocc.com\\\/product\\\/roland-vad706-td-50x\\\/#breadcrumb\"},\"inLanguage\":\"en-US\",\"potentialAction\":[{\"@type\":\"ReadAction\",\"target\":[\"https:\\\/\\\/www.rimocc.com\\\/product\\\/roland-vad706-td-50x\\\/\"]}]},{\"@type\":\"ImageObject\",\"inLanguage\":\"en-US\",\"@id\":\"https:\\\/\\\/www.rimocc.com\\\/product\\\/roland-vad706-td-50x\\\/#primaryimage\",\"url\":\"https:\\\/\\\/www.rimocc.com\\\/wp-content\\\/uploads\\\/2025\\\/07\\\/Roland-VAD706-TD-50X-1.jpg\",\"contentUrl\":\"https:\\\/\\\/www.rimocc.com\\\/wp-content\\\/uploads\\\/2025\\\/07\\\/Roland-VAD706-TD-50X-1.jpg\",\"width\":1920,\"height\":1920,\"caption\":\"Roland VAD706 TD-50X\"},{\"@type\":\"BreadcrumbList\",\"@id\":\"https:\\\/\\\/www.rimocc.com\\\/product\\\/roland-vad706-td-50x\\\/#breadcrumb\",\"itemListElement\":[{\"@type\":\"ListItem\",\"position\":1,\"name\":\"Home\",\"item\":\"https:\\\/\\\/www.rimocc.com\\\/\"},{\"@type\":\"ListItem\",\"position\":2,\"name\":\"Shop\",\"item\":\"https:\\\/\\\/www.rimocc.com\\\/shop\\\/\"},{\"@type\":\"ListItem\",\"position\":3,\"name\":\"Roland VAD706 TD-50X\"}]},{\"@type\":\"WebSite\",\"@id\":\"https:\\\/\\\/www.rimocc.com\\\/#website\",\"url\":\"https:\\\/\\\/www.rimocc.com\\\/\",\"name\":\"D\u00e9p\u00f4t Vente Batterie Percussion | Rimocc Lyon\",\"description\":\"Rimocc: l&#039;unique magasin d\u00e9di\u00e9 enti\u00e8rement \u00e0 la batterie, percussion d&#039;occasion et vintage \u00e0 Lyon, France\",\"publisher\":{\"@id\":\"https:\\\/\\\/www.rimocc.com\\\/#organization\"},\"alternateName\":\"Rimocc'\",\"potentialAction\":[{\"@type\":\"SearchAction\",\"target\":{\"@type\":\"EntryPoint\",\"urlTemplate\":\"https:\\\/\\\/www.rimocc.com\\\/?s={search_term_string}\"},\"query-input\":{\"@type\":\"PropertyValueSpecification\",\"valueRequired\":true,\"valueName\":\"search_term_string\"}}],\"inLanguage\":\"en-US\"},{\"@type\":\"Organization\",\"@id\":\"https:\\\/\\\/www.rimocc.com\\\/#organization\",\"name\":\"Rimocc'\",\"alternateName\":\"Rimocc\",\"url\":\"https:\\\/\\\/www.rimocc.com\\\/\",\"logo\":{\"@type\":\"ImageObject\",\"inLanguage\":\"en-US\",\"@id\":\"https:\\\/\\\/www.rimocc.com\\\/#\\\/schema\\\/logo\\\/image\\\/\",\"url\":\"https:\\\/\\\/i0.wp.com\\\/www.rimocc.com\\\/wp-content\\\/uploads\\\/2023\\\/07\\\/RIMOCC_LOGO.jpg?fit=459%2C114&ssl=1\",\"contentUrl\":\"https:\\\/\\\/i0.wp.com\\\/www.rimocc.com\\\/wp-content\\\/uploads\\\/2023\\\/07\\\/RIMOCC_LOGO.jpg?fit=459%2C114&ssl=1\",\"width\":459,\"height\":114,\"caption\":\"Rimocc'\"},\"image\":{\"@id\":\"https:\\\/\\\/www.rimocc.com\\\/#\\\/schema\\\/logo\\\/image\\\/\"},\"sameAs\":[\"https:\\\/\\\/www.facebook.com\\\/rimocclyon\\\/?locale=fr_FR\",\"https:\\\/\\\/www.instagram.com\\\/rimoccc\\\/?hl=fr\",\"https:\\\/\\\/www.tiktok.com\\\/@rimocc\",\"https:\\\/\\\/www.youtube.com\\\/@Rimocc\"]}]}<\/script>\n<!-- \/ Yoast SEO plugin. -->","yoast_head_json":{"title":"Roland VAD706 TD-50X - D\u00e9p\u00f4t Vente Batterie Percussion | Rimocc Lyon","description":"Sons V-Drums Prismatic Sound Modeling, pads num\u00e9riques et f\u00fbts bois authentiques. D\u00e9couvrez la VAD706 TD-50X, le kit V-Drums Acoustic Design ultime.","robots":{"index":"index","follow":"follow","max-snippet":"max-snippet:-1","max-image-preview":"max-image-preview:large","max-video-preview":"max-video-preview:-1"},"canonical":"https:\/\/www.rimocc.com\/en\/product\/roland-vad706-td-50x\/","og_locale":"en_US","og_type":"article","og_title":"Roland VAD706 TD-50X - D\u00e9p\u00f4t Vente Batterie Percussion | Rimocc Lyon","og_description":"Sons V-Drums Prismatic Sound Modeling, pads num\u00e9riques et f\u00fbts bois authentiques. D\u00e9couvrez la VAD706 TD-50X, le kit V-Drums Acoustic Design ultime.","og_url":"https:\/\/www.rimocc.com\/en\/product\/roland-vad706-td-50x\/","og_site_name":"D\u00e9p\u00f4t Vente Batterie Percussion | Rimocc Lyon","article_publisher":"https:\/\/www.facebook.com\/rimocclyon\/?locale=fr_FR","article_modified_time":"2025-07-03T13:26:58+00:00","og_image":[{"width":1920,"height":1920,"url":"https:\/\/www.rimocc.com\/wp-content\/uploads\/2025\/07\/Roland-VAD706-TD-50X-1.jpg","type":"image\/jpeg"}],"twitter_card":"summary_large_image","twitter_misc":{"Est. reading time":"3 minutes"},"schema":{"@context":"https:\/\/schema.org","@graph":[{"@type":"WebPage","@id":"https:\/\/www.rimocc.com\/product\/roland-vad706-td-50x\/","url":"https:\/\/www.rimocc.com\/product\/roland-vad706-td-50x\/","name":"Roland VAD706 TD-50X - D\u00e9p\u00f4t Vente Batterie Percussion | Rimocc Lyon","isPartOf":{"@id":"https:\/\/www.rimocc.com\/#website"},"primaryImageOfPage":{"@id":"https:\/\/www.rimocc.com\/product\/roland-vad706-td-50x\/#primaryimage"},"image":{"@id":"https:\/\/www.rimocc.com\/product\/roland-vad706-td-50x\/#primaryimage"},"thumbnailUrl":"https:\/\/www.rimocc.com\/wp-content\/uploads\/2025\/07\/Roland-VAD706-TD-50X-1.jpg","datePublished":"2025-07-02T16:59:07+00:00","dateModified":"2025-07-03T13:26:58+00:00","description":"Sons V-Drums Prismatic Sound Modeling, pads num\u00e9riques et f\u00fbts bois authentiques. D\u00e9couvrez la VAD706 TD-50X, le kit V-Drums Acoustic Design ultime.","breadcrumb":{"@id":"https:\/\/www.rimocc.com\/product\/roland-vad706-td-50x\/#breadcrumb"},"inLanguage":"en-US","potentialAction":[{"@type":"ReadAction","target":["https:\/\/www.rimocc.com\/product\/roland-vad706-td-50x\/"]}]},{"@type":"ImageObject","inLanguage":"en-US","@id":"https:\/\/www.rimocc.com\/product\/roland-vad706-td-50x\/#primaryimage","url":"https:\/\/www.rimocc.com\/wp-content\/uploads\/2025\/07\/Roland-VAD706-TD-50X-1.jpg","contentUrl":"https:\/\/www.rimocc.com\/wp-content\/uploads\/2025\/07\/Roland-VAD706-TD-50X-1.jpg","width":1920,"height":1920,"caption":"Roland VAD706 TD-50X"},{"@type":"BreadcrumbList","@id":"https:\/\/www.rimocc.com\/product\/roland-vad706-td-50x\/#breadcrumb","itemListElement":[{"@type":"ListItem","position":1,"name":"Home","item":"https:\/\/www.rimocc.com\/"},{"@type":"ListItem","position":2,"name":"Shop","item":"https:\/\/www.rimocc.com\/shop\/"},{"@type":"ListItem","position":3,"name":"Roland VAD706 TD-50X"}]},{"@type":"WebSite","@id":"https:\/\/www.rimocc.com\/#website","url":"https:\/\/www.rimocc.com\/","name":"D\u00e9p\u00f4t Vente Batterie Percussion | Rimocc Lyon","description":"Rimocc: l&#039;unique magasin d\u00e9di\u00e9 enti\u00e8rement \u00e0 la batterie, percussion d&#039;occasion et vintage \u00e0 Lyon, France","publisher":{"@id":"https:\/\/www.rimocc.com\/#organization"},"alternateName":"Rimocc'","potentialAction":[{"@type":"SearchAction","target":{"@type":"EntryPoint","urlTemplate":"https:\/\/www.rimocc.com\/?s={search_term_string}"},"query-input":{"@type":"PropertyValueSpecification","valueRequired":true,"valueName":"search_term_string"}}],"inLanguage":"en-US"},{"@type":"Organization","@id":"https:\/\/www.rimocc.com\/#organization","name":"Rimocc'","alternateName":"Rimocc","url":"https:\/\/www.rimocc.com\/","logo":{"@type":"ImageObject","inLanguage":"en-US","@id":"https:\/\/www.rimocc.com\/#\/schema\/logo\/image\/","url":"https:\/\/i0.wp.com\/www.rimocc.com\/wp-content\/uploads\/2023\/07\/RIMOCC_LOGO.jpg?fit=459%2C114&ssl=1","contentUrl":"https:\/\/i0.wp.com\/www.rimocc.com\/wp-content\/uploads\/2023\/07\/RIMOCC_LOGO.jpg?fit=459%2C114&ssl=1","width":459,"height":114,"caption":"Rimocc'"},"image":{"@id":"https:\/\/www.rimocc.com\/#\/schema\/logo\/image\/"},"sameAs":["https:\/\/www.facebook.com\/rimocclyon\/?locale=fr_FR","https:\/\/www.instagram.com\/rimoccc\/?hl=fr","https:\/\/www.tiktok.com\/@rimocc","https:\/\/www.youtube.com\/@Rimocc"]}]}},"jetpack_publicize_connections":[],"jetpack_sharing_enabled":true,"_links":{"self":[{"href":"https:\/\/www.rimocc.com\/en\/wp-json\/wp\/v2\/product\/15333","targetHints":{"allow":["GET"]}}],"collection":[{"href":"https:\/\/www.rimocc.com\/en\/wp-json\/wp\/v2\/product"}],"about":[{"href":"https:\/\/www.rimocc.com\/en\/wp-json\/wp\/v2\/types\/product"}],"replies":[{"embeddable":true,"href":"https:\/\/www.rimocc.com\/en\/wp-json\/wp\/v2\/comments?post=15333"}],"wp:featuredmedia":[{"embeddable":true,"href":"https:\/\/www.rimocc.com\/en\/wp-json\/wp\/v2\/media\/15332"}],"wp:attachment":[{"href":"https:\/\/www.rimocc.com\/en\/wp-json\/wp\/v2\/media?parent=15333"}],"wp:term":[{"taxonomy":"product_brand","embeddable":true,"href":"https:\/\/www.rimocc.com\/en\/wp-json\/wp\/v2\/product_brand?post=15333"},{"taxonomy":"product_cat","embeddable":true,"href":"https:\/\/www.rimocc.com\/en\/wp-json\/wp\/v2\/product_cat?post=15333"},{"taxonomy":"product_tag","embeddable":true,"href":"https:\/\/www.rimocc.com\/en\/wp-json\/wp\/v2\/product_tag?post=15333"}],"curies":[{"name":"wp","href":"https:\/\/api.w.org\/{rel}","templated":true}]}}