{"id":15257,"date":"2025-06-21T17:58:17","date_gmt":"2025-06-21T15:58:17","guid":{"rendered":"https:\/\/www.rimocc.com\/?post_type=product&#038;p=15257"},"modified":"2025-07-03T17:12:36","modified_gmt":"2025-07-03T15:12:36","slug":"premier-super-olympic-1035-14x55-vintage-70s","status":"publish","type":"product","link":"https:\/\/www.rimocc.com\/en\/product\/premier-super-olympic-1035-14x55-vintage-70s\/","title":{"rendered":"Premier Super Olympic 1035 14&Prime;x5,5&Prime; Vintage 70&rsquo;s"},"content":{"rendered":"<p>Premier Super Olympic 1035 14&Prime;x5,5&Prime; Vintage 70&rsquo;s<br \/>\n1976\/1977 COS<br \/>\n10 tirants<br \/>\nLa r\u00e9ponse anglaise \u00e0 la Ludwig LM400<br \/>\nTr\u00e8s bon \u00e9tat g\u00e9n\u00e9ral, tout d&rsquo;origine<br \/>\nPeaux neuves top &amp; bottom<\/p>\n<p>La caisse claire Premier Super Olympic 1035 14&Prime;x5.5&Prime; est un mod\u00e8le qui s&rsquo;inscrit dans la riche histoire du fabricant britannique Premier, particuli\u00e8rement actif dans la production de batteries et de percussions tout au long du 20\u00e8me si\u00e8cle.<br \/>\nFond\u00e9e en 1922 \u00e0 Londres, Premier Drum Company est rapidement devenue un acteur majeur de l&rsquo;industrie des instruments de percussion, rivalisant avec les fabricants am\u00e9ricains comme Ludwig ou Gretsch. Premier \u00e9tait r\u00e9put\u00e9 pour son innovation, la qualit\u00e9 de sa fabrication et sa capacit\u00e9 \u00e0 s&rsquo;adapter aux besoins des musiciens.<\/p>\n<p>La \u00ab\u00a0Super Olympic 1035\u00a0\u00bb:<br \/>\nLe mod\u00e8le \u00ab\u00a0Super Olympic 1035&Prime; est apparu principalement dans les ann\u00e9es 1970. Cette p\u00e9riode a \u00e9t\u00e9 marqu\u00e9e par une forte demande pour des sons de batterie plus puissants et plus percutants, en particulier dans les genres musicaux \u00e9mergents comme le rock, le funk et le pop. La caisse claire en acier chrom\u00e9 de 14&Prime;x5.5\u00a0\u00bb \u00e9tait parfaitement adapt\u00e9e \u00e0 cette tendance.<\/p>\n<p>Caract\u00e9ristiques historiques notables de la Super Olympic 1035:<\/p>\n<p>Coque en acier chrom\u00e9 (Chrome Over Steel &#8211; COS): C&rsquo;\u00e9tait un choix populaire \u00e0 l&rsquo;\u00e9poque pour les caisses claires offrant une grande projection et un son brillant. L&rsquo;acier \u00e9tait \u00e9conomique \u00e0 produire tout en \u00e9tant tr\u00e8s durable. La fabrication de ces coques impliquait souvent un f\u00fbt embouti (sans soudure visible), ce qui contribuait \u00e0 la r\u00e9sonance.<br \/>\n10 tirants (lugs): Le fait d&rsquo;avoir 10 tirants, plut\u00f4t que 8, \u00e9tait une caract\u00e9ristique de la \u00ab\u00a0Super Olympic\u00a0\u00bb qui la distinguait des mod\u00e8les \u00ab\u00a0Olympic\u00a0\u00bb plus basiques. Plus de tirants permettent une tension plus fine et plus uniforme de la peau, offrant une plus grande stabilit\u00e9 d&rsquo;accordage et la possibilit\u00e9 d&rsquo;obtenir une plage de tensions plus large, du l\u00e2che au tr\u00e8s tendu. C&rsquo;\u00e9tait un atout pour les batteurs recherchant plus de contr\u00f4le sur leur son.<br \/>\nBadge \u00ab\u00a0Blue P\u00a0\u00bb: Les mod\u00e8les \u00ab\u00a0Super Olympic\u00a0\u00bb des ann\u00e9es 70 \u00e9taient souvent reconnaissables \u00e0 leur badge Premier de couleur bleue, avec un \u00ab\u00a0P\u00a0\u00bb stylis\u00e9, par opposition aux badges rouges ou d&rsquo;autres couleurs des autres s\u00e9ries ou \u00e9poques.<\/p>\n<p><a href=\"https:\/\/www.premier-percussion.com\/\">https:\/\/www.premier-percussion.com\/<\/a><br \/>\n<a href=\"https:\/\/www.rimocc.com\/en\/product-category\/caisse-claire\/\">https:\/\/www.rimocc.com\/product-category\/caisse-claire\/<\/a><\/p>\n<p class=\"responsive-video-wrap clr\"><iframe title=\"Premier Super Olympic 1035\" width=\"1200\" height=\"675\" src=\"https:\/\/www.youtube.com\/embed\/84qH_n6235Q?feature=oembed\" frameborder=\"0\" allow=\"accelerometer; autoplay; clipboard-write; encrypted-media; gyroscope; picture-in-picture; web-share\" referrerpolicy=\"strict-origin-when-cross-origin\" allowfullscreen><\/iframe><\/p>","protected":false},"excerpt":{"rendered":"<p>Premier Super Olympic 1035 14&Prime;x5,5&Prime; Vintage 70&rsquo;s 1976\/1977 COS 10 tirants La r\u00e9ponse anglaise \u00e0 la Ludwig LM400 Tr\u00e8s bon \u00e9tat g\u00e9n\u00e9ral, tout d&rsquo;origine Peaux neuves top &amp; bottom La caisse claire Premier Super Olympic 1035 14&Prime;x5.5&Prime; est un mod\u00e8le qui s&rsquo;inscrit dans la riche histoire du fabricant britannique Premier, particuli\u00e8rement actif dans la production [&hellip;]<\/p>\n","protected":false},"featured_media":15256,"comment_status":"open","ping_status":"closed","template":"","meta":{"jetpack_publicize_message":"","jetpack_publicize_feature_enabled":true,"jetpack_social_post_already_shared":false,"jetpack_social_options":{"image_generator_settings":{"template":"highway","default_image_id":0,"font":"","enabled":false},"version":2}},"product_brand":[686],"product_cat":[25],"product_tag":[42,687],"class_list":{"0":"post-15257","1":"product","2":"type-product","3":"status-publish","4":"has-post-thumbnail","6":"product_brand-premier","7":"product_cat-caisse-claire","8":"product_tag-premier","9":"product_tag-premier-olympic","11":"entry","12":"has-media","14":"first","15":"outofstock","16":"shipping-taxable","17":"purchasable","18":"product-type-simple","19":"has-product-nav","20":"col","21":"span_1_of_3","22":"owp-content-center","23":"owp-thumbs-layout-horizontal","24":"owp-btn-normal","25":"owp-tabs-layout-horizontal"},"yoast_head":"<!-- This site is optimized with the Yoast SEO plugin v27.4 - https:\/\/yoast.com\/product\/yoast-seo-wordpress\/ -->\n<title>Premier Super Olympic 1035 14&quot;x5,5&quot; Vintage 70&#039;s - D\u00e9p\u00f4t Vente Batterie Percussion | Rimocc Lyon<\/title>\n<meta name=\"description\" content=\"Premier Super Olympic 1035 14&quot;x5.5&quot; Vintage 70&#039;s, une caisse claire embl\u00e9matique en acier chrom\u00e9. La r\u00e9ponse anglaise \u00e0 la Ludwig LM 400. Bluffant !\" \/>\n<meta name=\"robots\" content=\"index, follow, max-snippet:-1, max-image-preview:large, max-video-preview:-1\" \/>\n<link rel=\"canonical\" href=\"https:\/\/www.rimocc.com\/en\/product\/premier-super-olympic-1035-14x55-vintage-70s\/\" \/>\n<meta property=\"og:locale\" content=\"en_US\" \/>\n<meta property=\"og:type\" content=\"article\" \/>\n<meta property=\"og:title\" content=\"Premier Super Olympic 1035 14&quot;x5,5&quot; Vintage 70&#039;s - D\u00e9p\u00f4t Vente Batterie Percussion | Rimocc Lyon\" \/>\n<meta property=\"og:description\" content=\"Premier Super Olympic 1035 14&quot;x5.5&quot; Vintage 70&#039;s, une caisse claire embl\u00e9matique en acier chrom\u00e9. La r\u00e9ponse anglaise \u00e0 la Ludwig LM 400. Bluffant !\" \/>\n<meta property=\"og:url\" content=\"https:\/\/www.rimocc.com\/en\/product\/premier-super-olympic-1035-14x55-vintage-70s\/\" \/>\n<meta property=\"og:site_name\" content=\"D\u00e9p\u00f4t Vente Batterie Percussion | Rimocc Lyon\" \/>\n<meta property=\"article:publisher\" content=\"https:\/\/www.facebook.com\/rimocclyon\/?locale=fr_FR\" \/>\n<meta property=\"article:modified_time\" content=\"2025-07-03T15:12:36+00:00\" \/>\n<meta property=\"og:image\" content=\"https:\/\/www.rimocc.com\/wp-content\/uploads\/2025\/06\/Premier-Super-Olympic-1035-14_x55_-1.jpg\" \/>\n\t<meta property=\"og:image:width\" content=\"1920\" \/>\n\t<meta property=\"og:image:height\" content=\"1920\" \/>\n\t<meta property=\"og:image:type\" content=\"image\/jpeg\" \/>\n<meta name=\"twitter:card\" content=\"summary_large_image\" \/>\n<meta name=\"twitter:label1\" content=\"Est. reading time\" \/>\n\t<meta name=\"twitter:data1\" content=\"2 minutes\" \/>\n<script type=\"application\/ld+json\" class=\"yoast-schema-graph\">{\"@context\":\"https:\\\/\\\/schema.org\",\"@graph\":[{\"@type\":\"WebPage\",\"@id\":\"https:\\\/\\\/www.rimocc.com\\\/product\\\/premier-super-olympic-1035-14x55-vintage-70s\\\/\",\"url\":\"https:\\\/\\\/www.rimocc.com\\\/product\\\/premier-super-olympic-1035-14x55-vintage-70s\\\/\",\"name\":\"Premier Super Olympic 1035 14\\\"x5,5\\\" Vintage 70's - D\u00e9p\u00f4t Vente Batterie Percussion | Rimocc Lyon\",\"isPartOf\":{\"@id\":\"https:\\\/\\\/www.rimocc.com\\\/#website\"},\"primaryImageOfPage\":{\"@id\":\"https:\\\/\\\/www.rimocc.com\\\/product\\\/premier-super-olympic-1035-14x55-vintage-70s\\\/#primaryimage\"},\"image\":{\"@id\":\"https:\\\/\\\/www.rimocc.com\\\/product\\\/premier-super-olympic-1035-14x55-vintage-70s\\\/#primaryimage\"},\"thumbnailUrl\":\"https:\\\/\\\/www.rimocc.com\\\/wp-content\\\/uploads\\\/2025\\\/06\\\/Premier-Super-Olympic-1035-14_x55_-1.jpg\",\"datePublished\":\"2025-06-21T15:58:17+00:00\",\"dateModified\":\"2025-07-03T15:12:36+00:00\",\"description\":\"Premier Super Olympic 1035 14\\\"x5.5\\\" Vintage 70's, une caisse claire embl\u00e9matique en acier chrom\u00e9. La r\u00e9ponse anglaise \u00e0 la Ludwig LM 400. Bluffant !\",\"breadcrumb\":{\"@id\":\"https:\\\/\\\/www.rimocc.com\\\/product\\\/premier-super-olympic-1035-14x55-vintage-70s\\\/#breadcrumb\"},\"inLanguage\":\"en-US\",\"potentialAction\":[{\"@type\":\"ReadAction\",\"target\":[\"https:\\\/\\\/www.rimocc.com\\\/product\\\/premier-super-olympic-1035-14x55-vintage-70s\\\/\"]}]},{\"@type\":\"ImageObject\",\"inLanguage\":\"en-US\",\"@id\":\"https:\\\/\\\/www.rimocc.com\\\/product\\\/premier-super-olympic-1035-14x55-vintage-70s\\\/#primaryimage\",\"url\":\"https:\\\/\\\/www.rimocc.com\\\/wp-content\\\/uploads\\\/2025\\\/06\\\/Premier-Super-Olympic-1035-14_x55_-1.jpg\",\"contentUrl\":\"https:\\\/\\\/www.rimocc.com\\\/wp-content\\\/uploads\\\/2025\\\/06\\\/Premier-Super-Olympic-1035-14_x55_-1.jpg\",\"width\":1920,\"height\":1920,\"caption\":\"Premier Super Olympic 1035 14\\\"x5,5\\\"\"},{\"@type\":\"BreadcrumbList\",\"@id\":\"https:\\\/\\\/www.rimocc.com\\\/product\\\/premier-super-olympic-1035-14x55-vintage-70s\\\/#breadcrumb\",\"itemListElement\":[{\"@type\":\"ListItem\",\"position\":1,\"name\":\"Home\",\"item\":\"https:\\\/\\\/www.rimocc.com\\\/\"},{\"@type\":\"ListItem\",\"position\":2,\"name\":\"Shop\",\"item\":\"https:\\\/\\\/www.rimocc.com\\\/shop\\\/\"},{\"@type\":\"ListItem\",\"position\":3,\"name\":\"Premier Super Olympic 1035 14&#8243;x5,5&#8243; Vintage 70&#8217;s\"}]},{\"@type\":\"WebSite\",\"@id\":\"https:\\\/\\\/www.rimocc.com\\\/#website\",\"url\":\"https:\\\/\\\/www.rimocc.com\\\/\",\"name\":\"D\u00e9p\u00f4t Vente Batterie Percussion | Rimocc Lyon\",\"description\":\"Rimocc: l&#039;unique magasin d\u00e9di\u00e9 enti\u00e8rement \u00e0 la batterie, percussion d&#039;occasion et vintage \u00e0 Lyon, France\",\"publisher\":{\"@id\":\"https:\\\/\\\/www.rimocc.com\\\/#organization\"},\"alternateName\":\"Rimocc'\",\"potentialAction\":[{\"@type\":\"SearchAction\",\"target\":{\"@type\":\"EntryPoint\",\"urlTemplate\":\"https:\\\/\\\/www.rimocc.com\\\/?s={search_term_string}\"},\"query-input\":{\"@type\":\"PropertyValueSpecification\",\"valueRequired\":true,\"valueName\":\"search_term_string\"}}],\"inLanguage\":\"en-US\"},{\"@type\":\"Organization\",\"@id\":\"https:\\\/\\\/www.rimocc.com\\\/#organization\",\"name\":\"Rimocc'\",\"alternateName\":\"Rimocc\",\"url\":\"https:\\\/\\\/www.rimocc.com\\\/\",\"logo\":{\"@type\":\"ImageObject\",\"inLanguage\":\"en-US\",\"@id\":\"https:\\\/\\\/www.rimocc.com\\\/#\\\/schema\\\/logo\\\/image\\\/\",\"url\":\"https:\\\/\\\/i0.wp.com\\\/www.rimocc.com\\\/wp-content\\\/uploads\\\/2023\\\/07\\\/RIMOCC_LOGO.jpg?fit=459%2C114&ssl=1\",\"contentUrl\":\"https:\\\/\\\/i0.wp.com\\\/www.rimocc.com\\\/wp-content\\\/uploads\\\/2023\\\/07\\\/RIMOCC_LOGO.jpg?fit=459%2C114&ssl=1\",\"width\":459,\"height\":114,\"caption\":\"Rimocc'\"},\"image\":{\"@id\":\"https:\\\/\\\/www.rimocc.com\\\/#\\\/schema\\\/logo\\\/image\\\/\"},\"sameAs\":[\"https:\\\/\\\/www.facebook.com\\\/rimocclyon\\\/?locale=fr_FR\",\"https:\\\/\\\/www.instagram.com\\\/rimoccc\\\/?hl=fr\",\"https:\\\/\\\/www.tiktok.com\\\/@rimocc\",\"https:\\\/\\\/www.youtube.com\\\/@Rimocc\"]}]}<\/script>\n<!-- \/ Yoast SEO plugin. -->","yoast_head_json":{"title":"Premier Super Olympic 1035 14\"x5,5\" Vintage 70's - D\u00e9p\u00f4t Vente Batterie Percussion | Rimocc Lyon","description":"Premier Super Olympic 1035 14\"x5.5\" Vintage 70's, une caisse claire embl\u00e9matique en acier chrom\u00e9. La r\u00e9ponse anglaise \u00e0 la Ludwig LM 400. Bluffant !","robots":{"index":"index","follow":"follow","max-snippet":"max-snippet:-1","max-image-preview":"max-image-preview:large","max-video-preview":"max-video-preview:-1"},"canonical":"https:\/\/www.rimocc.com\/en\/product\/premier-super-olympic-1035-14x55-vintage-70s\/","og_locale":"en_US","og_type":"article","og_title":"Premier Super Olympic 1035 14\"x5,5\" Vintage 70's - D\u00e9p\u00f4t Vente Batterie Percussion | Rimocc Lyon","og_description":"Premier Super Olympic 1035 14\"x5.5\" Vintage 70's, une caisse claire embl\u00e9matique en acier chrom\u00e9. La r\u00e9ponse anglaise \u00e0 la Ludwig LM 400. Bluffant !","og_url":"https:\/\/www.rimocc.com\/en\/product\/premier-super-olympic-1035-14x55-vintage-70s\/","og_site_name":"D\u00e9p\u00f4t Vente Batterie Percussion | Rimocc Lyon","article_publisher":"https:\/\/www.facebook.com\/rimocclyon\/?locale=fr_FR","article_modified_time":"2025-07-03T15:12:36+00:00","og_image":[{"width":1920,"height":1920,"url":"https:\/\/www.rimocc.com\/wp-content\/uploads\/2025\/06\/Premier-Super-Olympic-1035-14_x55_-1.jpg","type":"image\/jpeg"}],"twitter_card":"summary_large_image","twitter_misc":{"Est. reading time":"2 minutes"},"schema":{"@context":"https:\/\/schema.org","@graph":[{"@type":"WebPage","@id":"https:\/\/www.rimocc.com\/product\/premier-super-olympic-1035-14x55-vintage-70s\/","url":"https:\/\/www.rimocc.com\/product\/premier-super-olympic-1035-14x55-vintage-70s\/","name":"Premier Super Olympic 1035 14\"x5,5\" Vintage 70's - D\u00e9p\u00f4t Vente Batterie Percussion | Rimocc Lyon","isPartOf":{"@id":"https:\/\/www.rimocc.com\/#website"},"primaryImageOfPage":{"@id":"https:\/\/www.rimocc.com\/product\/premier-super-olympic-1035-14x55-vintage-70s\/#primaryimage"},"image":{"@id":"https:\/\/www.rimocc.com\/product\/premier-super-olympic-1035-14x55-vintage-70s\/#primaryimage"},"thumbnailUrl":"https:\/\/www.rimocc.com\/wp-content\/uploads\/2025\/06\/Premier-Super-Olympic-1035-14_x55_-1.jpg","datePublished":"2025-06-21T15:58:17+00:00","dateModified":"2025-07-03T15:12:36+00:00","description":"Premier Super Olympic 1035 14\"x5.5\" Vintage 70's, une caisse claire embl\u00e9matique en acier chrom\u00e9. La r\u00e9ponse anglaise \u00e0 la Ludwig LM 400. Bluffant !","breadcrumb":{"@id":"https:\/\/www.rimocc.com\/product\/premier-super-olympic-1035-14x55-vintage-70s\/#breadcrumb"},"inLanguage":"en-US","potentialAction":[{"@type":"ReadAction","target":["https:\/\/www.rimocc.com\/product\/premier-super-olympic-1035-14x55-vintage-70s\/"]}]},{"@type":"ImageObject","inLanguage":"en-US","@id":"https:\/\/www.rimocc.com\/product\/premier-super-olympic-1035-14x55-vintage-70s\/#primaryimage","url":"https:\/\/www.rimocc.com\/wp-content\/uploads\/2025\/06\/Premier-Super-Olympic-1035-14_x55_-1.jpg","contentUrl":"https:\/\/www.rimocc.com\/wp-content\/uploads\/2025\/06\/Premier-Super-Olympic-1035-14_x55_-1.jpg","width":1920,"height":1920,"caption":"Premier Super Olympic 1035 14\"x5,5\""},{"@type":"BreadcrumbList","@id":"https:\/\/www.rimocc.com\/product\/premier-super-olympic-1035-14x55-vintage-70s\/#breadcrumb","itemListElement":[{"@type":"ListItem","position":1,"name":"Home","item":"https:\/\/www.rimocc.com\/"},{"@type":"ListItem","position":2,"name":"Shop","item":"https:\/\/www.rimocc.com\/shop\/"},{"@type":"ListItem","position":3,"name":"Premier Super Olympic 1035 14&#8243;x5,5&#8243; Vintage 70&#8217;s"}]},{"@type":"WebSite","@id":"https:\/\/www.rimocc.com\/#website","url":"https:\/\/www.rimocc.com\/","name":"D\u00e9p\u00f4t Vente Batterie Percussion | Rimocc Lyon","description":"Rimocc: l&#039;unique magasin d\u00e9di\u00e9 enti\u00e8rement \u00e0 la batterie, percussion d&#039;occasion et vintage \u00e0 Lyon, France","publisher":{"@id":"https:\/\/www.rimocc.com\/#organization"},"alternateName":"Rimocc'","potentialAction":[{"@type":"SearchAction","target":{"@type":"EntryPoint","urlTemplate":"https:\/\/www.rimocc.com\/?s={search_term_string}"},"query-input":{"@type":"PropertyValueSpecification","valueRequired":true,"valueName":"search_term_string"}}],"inLanguage":"en-US"},{"@type":"Organization","@id":"https:\/\/www.rimocc.com\/#organization","name":"Rimocc'","alternateName":"Rimocc","url":"https:\/\/www.rimocc.com\/","logo":{"@type":"ImageObject","inLanguage":"en-US","@id":"https:\/\/www.rimocc.com\/#\/schema\/logo\/image\/","url":"https:\/\/i0.wp.com\/www.rimocc.com\/wp-content\/uploads\/2023\/07\/RIMOCC_LOGO.jpg?fit=459%2C114&ssl=1","contentUrl":"https:\/\/i0.wp.com\/www.rimocc.com\/wp-content\/uploads\/2023\/07\/RIMOCC_LOGO.jpg?fit=459%2C114&ssl=1","width":459,"height":114,"caption":"Rimocc'"},"image":{"@id":"https:\/\/www.rimocc.com\/#\/schema\/logo\/image\/"},"sameAs":["https:\/\/www.facebook.com\/rimocclyon\/?locale=fr_FR","https:\/\/www.instagram.com\/rimoccc\/?hl=fr","https:\/\/www.tiktok.com\/@rimocc","https:\/\/www.youtube.com\/@Rimocc"]}]}},"jetpack_publicize_connections":[],"jetpack_sharing_enabled":true,"_links":{"self":[{"href":"https:\/\/www.rimocc.com\/en\/wp-json\/wp\/v2\/product\/15257","targetHints":{"allow":["GET"]}}],"collection":[{"href":"https:\/\/www.rimocc.com\/en\/wp-json\/wp\/v2\/product"}],"about":[{"href":"https:\/\/www.rimocc.com\/en\/wp-json\/wp\/v2\/types\/product"}],"replies":[{"embeddable":true,"href":"https:\/\/www.rimocc.com\/en\/wp-json\/wp\/v2\/comments?post=15257"}],"wp:featuredmedia":[{"embeddable":true,"href":"https:\/\/www.rimocc.com\/en\/wp-json\/wp\/v2\/media\/15256"}],"wp:attachment":[{"href":"https:\/\/www.rimocc.com\/en\/wp-json\/wp\/v2\/media?parent=15257"}],"wp:term":[{"taxonomy":"product_brand","embeddable":true,"href":"https:\/\/www.rimocc.com\/en\/wp-json\/wp\/v2\/product_brand?post=15257"},{"taxonomy":"product_cat","embeddable":true,"href":"https:\/\/www.rimocc.com\/en\/wp-json\/wp\/v2\/product_cat?post=15257"},{"taxonomy":"product_tag","embeddable":true,"href":"https:\/\/www.rimocc.com\/en\/wp-json\/wp\/v2\/product_tag?post=15257"}],"curies":[{"name":"wp","href":"https:\/\/api.w.org\/{rel}","templated":true}]}}