{"id":15243,"date":"2025-06-19T18:11:51","date_gmt":"2025-06-19T16:11:51","guid":{"rendered":"https:\/\/www.rimocc.com\/?post_type=product&#038;p=15243"},"modified":"2025-07-02T12:37:00","modified_gmt":"2025-07-02T10:37:00","slug":"pearl-session-custom-22-12-13-16-all-maple-shells","status":"publish","type":"product","link":"https:\/\/www.rimocc.com\/en\/product\/pearl-session-custom-22-12-13-16-all-maple-shells\/","title":{"rendered":"Pearl Session Custom 22&Prime; 12&Prime; 13&Prime; 16&Prime; All Maple Shells"},"content":{"rendered":"<p>Pearl Session Custom 22&Prime;x16&Prime; 12&Prime;x10&Prime; 13&Prime;x11&Prime; 16&Prime;x16&Prime; All Maple Shells<br \/>\nEtat player, tr\u00e8s moyen<br \/>\nNombreux frottements, rayures, impacts sur le vernis mais tous les f\u00fbts sont int\u00e8gres<br \/>\nPour projet de r\u00e9novation ou simplement pour le studio ou locaux de r\u00e9p\u00e9tition<br \/>\nF\u00fbts toms vierges \u00e0 mettre sur pieds de caisse claire ou Pearl optimount<br \/>\nUne plaque Pearl a \u00e9t\u00e9 fix\u00e9e sur la grosse caisse en place du support toms original<\/p>\n<p><strong>\u00ab\u00a0Enl\u00e8vement sur place privil\u00e9gi\u00e9 mais envoi possible dans toute la France sur devis s\u00e9par\u00e9 &#8211; merci de s\u00e9lectionner l&rsquo;option \u00ab\u00a0retrait en magasin\u00a0\u00bb et nous vous ferons parvenir un devis s\u00e9par\u00e9 pour la livraison, \u00e0 r\u00e9gler s\u00e9par\u00e9ment<\/strong><br \/>\n<strong>International order, pick-up ONLY\u00a0\u00bb<\/strong><\/p>\n<p>La s\u00e9rie Pearl Session Custom est r\u00e9put\u00e9e pour son m\u00e9lange parfait de sonorit\u00e9 professionnelle, de qualit\u00e9 de fabrication et de rapport qualit\u00e9-prix exceptionnel. Cette configuration sp\u00e9cifique, avec des f\u00fbts enti\u00e8rement en \u00e9rable, offre une palette sonore riche et polyvalente, id\u00e9ale pour une multitude de styles musicaux.<\/p>\n<p><a href=\"https:\/\/pearldrum.com\/\">https:\/\/pearldrum.com\/<\/a><br \/>\n<a href=\"https:\/\/www.rimocc.com\/en\/product-category\/batterie\/\">https:\/\/www.rimocc.com\/product-category\/batterie\/<\/a><\/p>\n<p class=\"responsive-video-wrap clr\"><iframe title=\"Pearl Session Custom All Maple\" width=\"1200\" height=\"675\" src=\"https:\/\/www.youtube.com\/embed\/nQa5LEarTHU?feature=oembed\" frameborder=\"0\" allow=\"accelerometer; autoplay; clipboard-write; encrypted-media; gyroscope; picture-in-picture; web-share\" referrerpolicy=\"strict-origin-when-cross-origin\" allowfullscreen><\/iframe><\/p>","protected":false},"excerpt":{"rendered":"<p>Pearl Session Custom 22&Prime;x16&Prime; 12&Prime;x10&Prime; 13&Prime;x11&Prime; 16&Prime;x16&Prime; All Maple Shells Etat player, tr\u00e8s moyen Nombreux frottements, rayures, impacts sur le vernis mais tous les f\u00fbts sont int\u00e8gres Pour projet de r\u00e9novation ou simplement pour le studio ou locaux de r\u00e9p\u00e9tition F\u00fbts toms vierges \u00e0 mettre sur pieds de caisse claire ou Pearl optimount Une plaque [&hellip;]<\/p>\n","protected":false},"featured_media":15242,"comment_status":"open","ping_status":"closed","template":"","meta":{"jetpack_publicize_message":"","jetpack_publicize_feature_enabled":true,"jetpack_social_post_already_shared":false,"jetpack_social_options":{"image_generator_settings":{"template":"highway","default_image_id":0,"font":"","enabled":false},"version":2}},"product_brand":[685],"product_cat":[20],"product_tag":[124],"class_list":{"0":"post-15243","1":"product","2":"type-product","3":"status-publish","4":"has-post-thumbnail","6":"product_brand-pearl","7":"product_cat-batterie","8":"product_tag-pearl","10":"entry","11":"has-media","13":"first","14":"outofstock","15":"shipping-taxable","16":"purchasable","17":"product-type-simple","18":"has-product-nav","19":"col","20":"span_1_of_3","21":"owp-content-center","22":"owp-thumbs-layout-horizontal","23":"owp-btn-normal","24":"owp-tabs-layout-horizontal"},"yoast_head":"<!-- This site is optimized with the Yoast SEO plugin v27.4 - https:\/\/yoast.com\/product\/yoast-seo-wordpress\/ -->\n<title>Pearl Session Custom 22&quot; 12&quot; 13&quot; 16&quot; All Maple Shells - D\u00e9p\u00f4t Vente Batterie Percussion | Rimocc Lyon<\/title>\n<meta name=\"description\" content=\"Pearl Session Custom (22&quot;, 12&quot;, 13&quot;, 16&quot;) : une batterie professionnelle avec f\u00fbts 100% \u00e9rable, id\u00e9al pour tout style musical.\" \/>\n<meta name=\"robots\" content=\"index, follow, max-snippet:-1, max-image-preview:large, max-video-preview:-1\" \/>\n<link rel=\"canonical\" href=\"https:\/\/www.rimocc.com\/en\/product\/pearl-session-custom-22-12-13-16-all-maple-shells\/\" \/>\n<meta property=\"og:locale\" content=\"en_US\" \/>\n<meta property=\"og:type\" content=\"article\" \/>\n<meta property=\"og:title\" content=\"Pearl Session Custom 22&quot; 12&quot; 13&quot; 16&quot; All Maple Shells - D\u00e9p\u00f4t Vente Batterie Percussion | Rimocc Lyon\" \/>\n<meta property=\"og:description\" content=\"Pearl Session Custom (22&quot;, 12&quot;, 13&quot;, 16&quot;) : une batterie professionnelle avec f\u00fbts 100% \u00e9rable, id\u00e9al pour tout style musical.\" \/>\n<meta property=\"og:url\" content=\"https:\/\/www.rimocc.com\/en\/product\/pearl-session-custom-22-12-13-16-all-maple-shells\/\" \/>\n<meta property=\"og:site_name\" content=\"D\u00e9p\u00f4t Vente Batterie Percussion | Rimocc Lyon\" \/>\n<meta property=\"article:publisher\" content=\"https:\/\/www.facebook.com\/rimocclyon\/?locale=fr_FR\" \/>\n<meta property=\"article:modified_time\" content=\"2025-07-02T10:37:00+00:00\" \/>\n<meta property=\"og:image\" content=\"https:\/\/www.rimocc.com\/wp-content\/uploads\/2025\/06\/Pearl-Session-Custom-22_-12_-13_-16_-All-Maple-Shells-1.jpg\" \/>\n\t<meta property=\"og:image:width\" content=\"1920\" \/>\n\t<meta property=\"og:image:height\" content=\"1920\" \/>\n\t<meta property=\"og:image:type\" content=\"image\/jpeg\" \/>\n<meta name=\"twitter:card\" content=\"summary_large_image\" \/>\n<meta name=\"twitter:label1\" content=\"Est. reading time\" \/>\n\t<meta name=\"twitter:data1\" content=\"1 minute\" \/>\n<script type=\"application\/ld+json\" class=\"yoast-schema-graph\">{\"@context\":\"https:\\\/\\\/schema.org\",\"@graph\":[{\"@type\":\"WebPage\",\"@id\":\"https:\\\/\\\/www.rimocc.com\\\/product\\\/pearl-session-custom-22-12-13-16-all-maple-shells\\\/\",\"url\":\"https:\\\/\\\/www.rimocc.com\\\/product\\\/pearl-session-custom-22-12-13-16-all-maple-shells\\\/\",\"name\":\"Pearl Session Custom 22\\\" 12\\\" 13\\\" 16\\\" All Maple Shells - D\u00e9p\u00f4t Vente Batterie Percussion | Rimocc Lyon\",\"isPartOf\":{\"@id\":\"https:\\\/\\\/www.rimocc.com\\\/#website\"},\"primaryImageOfPage\":{\"@id\":\"https:\\\/\\\/www.rimocc.com\\\/product\\\/pearl-session-custom-22-12-13-16-all-maple-shells\\\/#primaryimage\"},\"image\":{\"@id\":\"https:\\\/\\\/www.rimocc.com\\\/product\\\/pearl-session-custom-22-12-13-16-all-maple-shells\\\/#primaryimage\"},\"thumbnailUrl\":\"https:\\\/\\\/www.rimocc.com\\\/wp-content\\\/uploads\\\/2025\\\/06\\\/Pearl-Session-Custom-22_-12_-13_-16_-All-Maple-Shells-1.jpg\",\"datePublished\":\"2025-06-19T16:11:51+00:00\",\"dateModified\":\"2025-07-02T10:37:00+00:00\",\"description\":\"Pearl Session Custom (22\\\", 12\\\", 13\\\", 16\\\") : une batterie professionnelle avec f\u00fbts 100% \u00e9rable, id\u00e9al pour tout style musical.\",\"breadcrumb\":{\"@id\":\"https:\\\/\\\/www.rimocc.com\\\/product\\\/pearl-session-custom-22-12-13-16-all-maple-shells\\\/#breadcrumb\"},\"inLanguage\":\"en-US\",\"potentialAction\":[{\"@type\":\"ReadAction\",\"target\":[\"https:\\\/\\\/www.rimocc.com\\\/product\\\/pearl-session-custom-22-12-13-16-all-maple-shells\\\/\"]}]},{\"@type\":\"ImageObject\",\"inLanguage\":\"en-US\",\"@id\":\"https:\\\/\\\/www.rimocc.com\\\/product\\\/pearl-session-custom-22-12-13-16-all-maple-shells\\\/#primaryimage\",\"url\":\"https:\\\/\\\/www.rimocc.com\\\/wp-content\\\/uploads\\\/2025\\\/06\\\/Pearl-Session-Custom-22_-12_-13_-16_-All-Maple-Shells-1.jpg\",\"contentUrl\":\"https:\\\/\\\/www.rimocc.com\\\/wp-content\\\/uploads\\\/2025\\\/06\\\/Pearl-Session-Custom-22_-12_-13_-16_-All-Maple-Shells-1.jpg\",\"width\":1920,\"height\":1920,\"caption\":\"Pearl Session Custom 22\\\" 12\\\" 13\\\" 16\\\" All Maple Shells\"},{\"@type\":\"BreadcrumbList\",\"@id\":\"https:\\\/\\\/www.rimocc.com\\\/product\\\/pearl-session-custom-22-12-13-16-all-maple-shells\\\/#breadcrumb\",\"itemListElement\":[{\"@type\":\"ListItem\",\"position\":1,\"name\":\"Home\",\"item\":\"https:\\\/\\\/www.rimocc.com\\\/\"},{\"@type\":\"ListItem\",\"position\":2,\"name\":\"Shop\",\"item\":\"https:\\\/\\\/www.rimocc.com\\\/shop\\\/\"},{\"@type\":\"ListItem\",\"position\":3,\"name\":\"Pearl Session Custom 22&#8243; 12&#8243; 13&#8243; 16&#8243; All Maple Shells\"}]},{\"@type\":\"WebSite\",\"@id\":\"https:\\\/\\\/www.rimocc.com\\\/#website\",\"url\":\"https:\\\/\\\/www.rimocc.com\\\/\",\"name\":\"D\u00e9p\u00f4t Vente Batterie Percussion | Rimocc Lyon\",\"description\":\"Rimocc: l&#039;unique magasin d\u00e9di\u00e9 enti\u00e8rement \u00e0 la batterie, percussion d&#039;occasion et vintage \u00e0 Lyon, France\",\"publisher\":{\"@id\":\"https:\\\/\\\/www.rimocc.com\\\/#organization\"},\"alternateName\":\"Rimocc'\",\"potentialAction\":[{\"@type\":\"SearchAction\",\"target\":{\"@type\":\"EntryPoint\",\"urlTemplate\":\"https:\\\/\\\/www.rimocc.com\\\/?s={search_term_string}\"},\"query-input\":{\"@type\":\"PropertyValueSpecification\",\"valueRequired\":true,\"valueName\":\"search_term_string\"}}],\"inLanguage\":\"en-US\"},{\"@type\":\"Organization\",\"@id\":\"https:\\\/\\\/www.rimocc.com\\\/#organization\",\"name\":\"Rimocc'\",\"alternateName\":\"Rimocc\",\"url\":\"https:\\\/\\\/www.rimocc.com\\\/\",\"logo\":{\"@type\":\"ImageObject\",\"inLanguage\":\"en-US\",\"@id\":\"https:\\\/\\\/www.rimocc.com\\\/#\\\/schema\\\/logo\\\/image\\\/\",\"url\":\"https:\\\/\\\/i0.wp.com\\\/www.rimocc.com\\\/wp-content\\\/uploads\\\/2023\\\/07\\\/RIMOCC_LOGO.jpg?fit=459%2C114&ssl=1\",\"contentUrl\":\"https:\\\/\\\/i0.wp.com\\\/www.rimocc.com\\\/wp-content\\\/uploads\\\/2023\\\/07\\\/RIMOCC_LOGO.jpg?fit=459%2C114&ssl=1\",\"width\":459,\"height\":114,\"caption\":\"Rimocc'\"},\"image\":{\"@id\":\"https:\\\/\\\/www.rimocc.com\\\/#\\\/schema\\\/logo\\\/image\\\/\"},\"sameAs\":[\"https:\\\/\\\/www.facebook.com\\\/rimocclyon\\\/?locale=fr_FR\",\"https:\\\/\\\/www.instagram.com\\\/rimoccc\\\/?hl=fr\",\"https:\\\/\\\/www.tiktok.com\\\/@rimocc\",\"https:\\\/\\\/www.youtube.com\\\/@Rimocc\"]}]}<\/script>\n<!-- \/ Yoast SEO plugin. -->","yoast_head_json":{"title":"Pearl Session Custom 22\" 12\" 13\" 16\" All Maple Shells - D\u00e9p\u00f4t Vente Batterie Percussion | Rimocc Lyon","description":"Pearl Session Custom (22\", 12\", 13\", 16\") : une batterie professionnelle avec f\u00fbts 100% \u00e9rable, id\u00e9al pour tout style musical.","robots":{"index":"index","follow":"follow","max-snippet":"max-snippet:-1","max-image-preview":"max-image-preview:large","max-video-preview":"max-video-preview:-1"},"canonical":"https:\/\/www.rimocc.com\/en\/product\/pearl-session-custom-22-12-13-16-all-maple-shells\/","og_locale":"en_US","og_type":"article","og_title":"Pearl Session Custom 22\" 12\" 13\" 16\" All Maple Shells - D\u00e9p\u00f4t Vente Batterie Percussion | Rimocc Lyon","og_description":"Pearl Session Custom (22\", 12\", 13\", 16\") : une batterie professionnelle avec f\u00fbts 100% \u00e9rable, id\u00e9al pour tout style musical.","og_url":"https:\/\/www.rimocc.com\/en\/product\/pearl-session-custom-22-12-13-16-all-maple-shells\/","og_site_name":"D\u00e9p\u00f4t Vente Batterie Percussion | Rimocc Lyon","article_publisher":"https:\/\/www.facebook.com\/rimocclyon\/?locale=fr_FR","article_modified_time":"2025-07-02T10:37:00+00:00","og_image":[{"width":1920,"height":1920,"url":"https:\/\/www.rimocc.com\/wp-content\/uploads\/2025\/06\/Pearl-Session-Custom-22_-12_-13_-16_-All-Maple-Shells-1.jpg","type":"image\/jpeg"}],"twitter_card":"summary_large_image","twitter_misc":{"Est. reading time":"1 minute"},"schema":{"@context":"https:\/\/schema.org","@graph":[{"@type":"WebPage","@id":"https:\/\/www.rimocc.com\/product\/pearl-session-custom-22-12-13-16-all-maple-shells\/","url":"https:\/\/www.rimocc.com\/product\/pearl-session-custom-22-12-13-16-all-maple-shells\/","name":"Pearl Session Custom 22\" 12\" 13\" 16\" All Maple Shells - D\u00e9p\u00f4t Vente Batterie Percussion | Rimocc Lyon","isPartOf":{"@id":"https:\/\/www.rimocc.com\/#website"},"primaryImageOfPage":{"@id":"https:\/\/www.rimocc.com\/product\/pearl-session-custom-22-12-13-16-all-maple-shells\/#primaryimage"},"image":{"@id":"https:\/\/www.rimocc.com\/product\/pearl-session-custom-22-12-13-16-all-maple-shells\/#primaryimage"},"thumbnailUrl":"https:\/\/www.rimocc.com\/wp-content\/uploads\/2025\/06\/Pearl-Session-Custom-22_-12_-13_-16_-All-Maple-Shells-1.jpg","datePublished":"2025-06-19T16:11:51+00:00","dateModified":"2025-07-02T10:37:00+00:00","description":"Pearl Session Custom (22\", 12\", 13\", 16\") : une batterie professionnelle avec f\u00fbts 100% \u00e9rable, id\u00e9al pour tout style musical.","breadcrumb":{"@id":"https:\/\/www.rimocc.com\/product\/pearl-session-custom-22-12-13-16-all-maple-shells\/#breadcrumb"},"inLanguage":"en-US","potentialAction":[{"@type":"ReadAction","target":["https:\/\/www.rimocc.com\/product\/pearl-session-custom-22-12-13-16-all-maple-shells\/"]}]},{"@type":"ImageObject","inLanguage":"en-US","@id":"https:\/\/www.rimocc.com\/product\/pearl-session-custom-22-12-13-16-all-maple-shells\/#primaryimage","url":"https:\/\/www.rimocc.com\/wp-content\/uploads\/2025\/06\/Pearl-Session-Custom-22_-12_-13_-16_-All-Maple-Shells-1.jpg","contentUrl":"https:\/\/www.rimocc.com\/wp-content\/uploads\/2025\/06\/Pearl-Session-Custom-22_-12_-13_-16_-All-Maple-Shells-1.jpg","width":1920,"height":1920,"caption":"Pearl Session Custom 22\" 12\" 13\" 16\" All Maple Shells"},{"@type":"BreadcrumbList","@id":"https:\/\/www.rimocc.com\/product\/pearl-session-custom-22-12-13-16-all-maple-shells\/#breadcrumb","itemListElement":[{"@type":"ListItem","position":1,"name":"Home","item":"https:\/\/www.rimocc.com\/"},{"@type":"ListItem","position":2,"name":"Shop","item":"https:\/\/www.rimocc.com\/shop\/"},{"@type":"ListItem","position":3,"name":"Pearl Session Custom 22&#8243; 12&#8243; 13&#8243; 16&#8243; All Maple Shells"}]},{"@type":"WebSite","@id":"https:\/\/www.rimocc.com\/#website","url":"https:\/\/www.rimocc.com\/","name":"D\u00e9p\u00f4t Vente Batterie Percussion | Rimocc Lyon","description":"Rimocc: l&#039;unique magasin d\u00e9di\u00e9 enti\u00e8rement \u00e0 la batterie, percussion d&#039;occasion et vintage \u00e0 Lyon, France","publisher":{"@id":"https:\/\/www.rimocc.com\/#organization"},"alternateName":"Rimocc'","potentialAction":[{"@type":"SearchAction","target":{"@type":"EntryPoint","urlTemplate":"https:\/\/www.rimocc.com\/?s={search_term_string}"},"query-input":{"@type":"PropertyValueSpecification","valueRequired":true,"valueName":"search_term_string"}}],"inLanguage":"en-US"},{"@type":"Organization","@id":"https:\/\/www.rimocc.com\/#organization","name":"Rimocc'","alternateName":"Rimocc","url":"https:\/\/www.rimocc.com\/","logo":{"@type":"ImageObject","inLanguage":"en-US","@id":"https:\/\/www.rimocc.com\/#\/schema\/logo\/image\/","url":"https:\/\/i0.wp.com\/www.rimocc.com\/wp-content\/uploads\/2023\/07\/RIMOCC_LOGO.jpg?fit=459%2C114&ssl=1","contentUrl":"https:\/\/i0.wp.com\/www.rimocc.com\/wp-content\/uploads\/2023\/07\/RIMOCC_LOGO.jpg?fit=459%2C114&ssl=1","width":459,"height":114,"caption":"Rimocc'"},"image":{"@id":"https:\/\/www.rimocc.com\/#\/schema\/logo\/image\/"},"sameAs":["https:\/\/www.facebook.com\/rimocclyon\/?locale=fr_FR","https:\/\/www.instagram.com\/rimoccc\/?hl=fr","https:\/\/www.tiktok.com\/@rimocc","https:\/\/www.youtube.com\/@Rimocc"]}]}},"jetpack_publicize_connections":[],"jetpack_sharing_enabled":true,"_links":{"self":[{"href":"https:\/\/www.rimocc.com\/en\/wp-json\/wp\/v2\/product\/15243","targetHints":{"allow":["GET"]}}],"collection":[{"href":"https:\/\/www.rimocc.com\/en\/wp-json\/wp\/v2\/product"}],"about":[{"href":"https:\/\/www.rimocc.com\/en\/wp-json\/wp\/v2\/types\/product"}],"replies":[{"embeddable":true,"href":"https:\/\/www.rimocc.com\/en\/wp-json\/wp\/v2\/comments?post=15243"}],"wp:featuredmedia":[{"embeddable":true,"href":"https:\/\/www.rimocc.com\/en\/wp-json\/wp\/v2\/media\/15242"}],"wp:attachment":[{"href":"https:\/\/www.rimocc.com\/en\/wp-json\/wp\/v2\/media?parent=15243"}],"wp:term":[{"taxonomy":"product_brand","embeddable":true,"href":"https:\/\/www.rimocc.com\/en\/wp-json\/wp\/v2\/product_brand?post=15243"},{"taxonomy":"product_cat","embeddable":true,"href":"https:\/\/www.rimocc.com\/en\/wp-json\/wp\/v2\/product_cat?post=15243"},{"taxonomy":"product_tag","embeddable":true,"href":"https:\/\/www.rimocc.com\/en\/wp-json\/wp\/v2\/product_tag?post=15243"}],"curies":[{"name":"wp","href":"https:\/\/api.w.org\/{rel}","templated":true}]}}