{"id":1511,"date":"2023-06-08T21:13:13","date_gmt":"2023-06-08T21:13:13","guid":{"rendered":"https:\/\/rimocc.a2hosted.com\/product\/los-cabos-5a-red-hickory\/"},"modified":"2024-06-26T15:29:29","modified_gmt":"2024-06-26T13:29:29","slug":"los-cabos-5a-red-hickory","status":"publish","type":"product","link":"https:\/\/www.rimocc.com\/en\/product\/los-cabos-5a-red-hickory\/","title":{"rendered":"LOS CABOS 5A Red Hickory"},"content":{"rendered":"<p>LOS CABOS 5A Red Hickory<\/p>","protected":false},"excerpt":{"rendered":"<p>LOS CABOS 5A Red Hickory<\/p>","protected":false},"featured_media":9616,"comment_status":"open","ping_status":"closed","template":"","meta":{"jetpack_publicize_message":"","jetpack_publicize_feature_enabled":true,"jetpack_social_post_already_shared":false,"jetpack_social_options":{"image_generator_settings":{"template":"highway","default_image_id":0,"font":"","enabled":false},"version":2}},"product_brand":[],"product_cat":[23],"product_tag":[],"class_list":{"0":"post-1511","1":"product","2":"type-product","3":"status-publish","4":"has-post-thumbnail","6":"product_cat-baguettes","8":"entry","9":"has-media","11":"first","12":"instock","13":"shipping-taxable","14":"purchasable","15":"product-type-simple","16":"has-product-nav","17":"col","18":"span_1_of_3","19":"owp-content-center","20":"owp-thumbs-layout-horizontal","21":"owp-btn-normal","22":"owp-tabs-layout-horizontal","23":"has-no-thumbnails"},"yoast_head":"<!-- This site is optimized with the Yoast SEO plugin v27.6 - https:\/\/yoast.com\/product\/yoast-seo-wordpress\/ -->\n<title>LOS CABOS 5A Red Hickory - D\u00e9p\u00f4t Vente Batterie Percussion | Rimocc Lyon<\/title>\n<meta name=\"description\" content=\"LOS CABOS est la seule marque de baguettes offrant une ligne compl\u00e8te d\u2019hickory rouge. Soucieux de l&#039;environnement, l\u2019approvisionnement de bois se fait de mani\u00e8re \u00e9cologique par la FSC au Canada. Les baguettes sont \u00e9quilibr\u00e9es et pes\u00e9es \u00e0 l&#039;identique de mani\u00e8re \u00e0 former des paires parfaitement \u00e9quivalentes. Los Cabos s&#039;inscrit donc durablement dans les marques \u00e9co-responsables, dont le haut degr\u00e9 de fabrication et de finitions la place comme une marque incontournable.\" \/>\n<meta name=\"robots\" content=\"index, follow, max-snippet:-1, max-image-preview:large, max-video-preview:-1\" \/>\n<link rel=\"canonical\" href=\"https:\/\/www.rimocc.com\/en\/product\/los-cabos-5a-red-hickory\/\" \/>\n<meta property=\"og:locale\" content=\"en_US\" \/>\n<meta property=\"og:type\" content=\"article\" \/>\n<meta property=\"og:title\" content=\"LOS CABOS 5A Red Hickory - D\u00e9p\u00f4t Vente Batterie Percussion | Rimocc Lyon\" \/>\n<meta property=\"og:description\" content=\"LOS CABOS est la seule marque de baguettes offrant une ligne compl\u00e8te d\u2019hickory rouge. Soucieux de l&#039;environnement, l\u2019approvisionnement de bois se fait de mani\u00e8re \u00e9cologique par la FSC au Canada. Les baguettes sont \u00e9quilibr\u00e9es et pes\u00e9es \u00e0 l&#039;identique de mani\u00e8re \u00e0 former des paires parfaitement \u00e9quivalentes. Los Cabos s&#039;inscrit donc durablement dans les marques \u00e9co-responsables, dont le haut degr\u00e9 de fabrication et de finitions la place comme une marque incontournable.\" \/>\n<meta property=\"og:url\" content=\"https:\/\/www.rimocc.com\/en\/product\/los-cabos-5a-red-hickory\/\" \/>\n<meta property=\"og:site_name\" content=\"D\u00e9p\u00f4t Vente Batterie Percussion | Rimocc Lyon\" \/>\n<meta property=\"article:publisher\" content=\"https:\/\/www.facebook.com\/rimocclyon\/?locale=fr_FR\" \/>\n<meta property=\"article:modified_time\" content=\"2024-06-26T13:29:29+00:00\" \/>\n<meta property=\"og:image\" content=\"https:\/\/www.rimocc.com\/wp-content\/uploads\/2023\/07\/Los-Cabos-red-hickory-5a.jpg\" \/>\n\t<meta property=\"og:image:width\" content=\"305\" \/>\n\t<meta property=\"og:image:height\" content=\"305\" \/>\n\t<meta property=\"og:image:type\" content=\"image\/jpeg\" \/>\n<meta name=\"twitter:card\" content=\"summary_large_image\" \/>\n<meta name=\"twitter:label1\" content=\"Est. reading time\" \/>\n\t<meta name=\"twitter:data1\" content=\"1 minute\" \/>\n<script type=\"application\/ld+json\" class=\"yoast-schema-graph\">{\"@context\":\"https:\\\/\\\/schema.org\",\"@graph\":[{\"@type\":\"WebPage\",\"@id\":\"https:\\\/\\\/www.rimocc.com\\\/product\\\/los-cabos-5a-red-hickory\\\/\",\"url\":\"https:\\\/\\\/www.rimocc.com\\\/product\\\/los-cabos-5a-red-hickory\\\/\",\"name\":\"LOS CABOS 5A Red Hickory - D\u00e9p\u00f4t Vente Batterie Percussion | Rimocc Lyon\",\"isPartOf\":{\"@id\":\"https:\\\/\\\/www.rimocc.com\\\/#website\"},\"primaryImageOfPage\":{\"@id\":\"https:\\\/\\\/www.rimocc.com\\\/product\\\/los-cabos-5a-red-hickory\\\/#primaryimage\"},\"image\":{\"@id\":\"https:\\\/\\\/www.rimocc.com\\\/product\\\/los-cabos-5a-red-hickory\\\/#primaryimage\"},\"thumbnailUrl\":\"https:\\\/\\\/www.rimocc.com\\\/wp-content\\\/uploads\\\/2023\\\/07\\\/Los-Cabos-red-hickory-5a.jpg\",\"datePublished\":\"2023-06-08T21:13:13+00:00\",\"dateModified\":\"2024-06-26T13:29:29+00:00\",\"description\":\"LOS CABOS est la seule marque de baguettes offrant une ligne compl\u00e8te d\u2019hickory rouge. Soucieux de l'environnement, l\u2019approvisionnement de bois se fait de mani\u00e8re \u00e9cologique par la FSC au Canada. Les baguettes sont \u00e9quilibr\u00e9es et pes\u00e9es \u00e0 l'identique de mani\u00e8re \u00e0 former des paires parfaitement \u00e9quivalentes. Los Cabos s'inscrit donc durablement dans les marques \u00e9co-responsables, dont le haut degr\u00e9 de fabrication et de finitions la place comme une marque incontournable.\",\"breadcrumb\":{\"@id\":\"https:\\\/\\\/www.rimocc.com\\\/product\\\/los-cabos-5a-red-hickory\\\/#breadcrumb\"},\"inLanguage\":\"en-US\",\"potentialAction\":[{\"@type\":\"ReadAction\",\"target\":[\"https:\\\/\\\/www.rimocc.com\\\/product\\\/los-cabos-5a-red-hickory\\\/\"]}]},{\"@type\":\"ImageObject\",\"inLanguage\":\"en-US\",\"@id\":\"https:\\\/\\\/www.rimocc.com\\\/product\\\/los-cabos-5a-red-hickory\\\/#primaryimage\",\"url\":\"https:\\\/\\\/www.rimocc.com\\\/wp-content\\\/uploads\\\/2023\\\/07\\\/Los-Cabos-red-hickory-5a.jpg\",\"contentUrl\":\"https:\\\/\\\/www.rimocc.com\\\/wp-content\\\/uploads\\\/2023\\\/07\\\/Los-Cabos-red-hickory-5a.jpg\",\"width\":305,\"height\":305},{\"@type\":\"BreadcrumbList\",\"@id\":\"https:\\\/\\\/www.rimocc.com\\\/product\\\/los-cabos-5a-red-hickory\\\/#breadcrumb\",\"itemListElement\":[{\"@type\":\"ListItem\",\"position\":1,\"name\":\"Home\",\"item\":\"https:\\\/\\\/www.rimocc.com\\\/\"},{\"@type\":\"ListItem\",\"position\":2,\"name\":\"Shop\",\"item\":\"https:\\\/\\\/www.rimocc.com\\\/shop\\\/\"},{\"@type\":\"ListItem\",\"position\":3,\"name\":\"LOS CABOS 5A Red Hickory\"}]},{\"@type\":\"WebSite\",\"@id\":\"https:\\\/\\\/www.rimocc.com\\\/#website\",\"url\":\"https:\\\/\\\/www.rimocc.com\\\/\",\"name\":\"D\u00e9p\u00f4t Vente Batterie Percussion | Rimocc Lyon\",\"description\":\"Rimocc: l&#039;unique magasin d\u00e9di\u00e9 enti\u00e8rement \u00e0 la batterie, percussion d&#039;occasion et vintage \u00e0 Lyon, France\",\"publisher\":{\"@id\":\"https:\\\/\\\/www.rimocc.com\\\/#organization\"},\"alternateName\":\"Rimocc'\",\"potentialAction\":[{\"@type\":\"SearchAction\",\"target\":{\"@type\":\"EntryPoint\",\"urlTemplate\":\"https:\\\/\\\/www.rimocc.com\\\/?s={search_term_string}\"},\"query-input\":{\"@type\":\"PropertyValueSpecification\",\"valueRequired\":true,\"valueName\":\"search_term_string\"}}],\"inLanguage\":\"en-US\"},{\"@type\":\"Organization\",\"@id\":\"https:\\\/\\\/www.rimocc.com\\\/#organization\",\"name\":\"Rimocc'\",\"alternateName\":\"Rimocc\",\"url\":\"https:\\\/\\\/www.rimocc.com\\\/\",\"logo\":{\"@type\":\"ImageObject\",\"inLanguage\":\"en-US\",\"@id\":\"https:\\\/\\\/www.rimocc.com\\\/#\\\/schema\\\/logo\\\/image\\\/\",\"url\":\"https:\\\/\\\/i0.wp.com\\\/www.rimocc.com\\\/wp-content\\\/uploads\\\/2023\\\/07\\\/RIMOCC_LOGO.jpg?fit=459%2C114&ssl=1\",\"contentUrl\":\"https:\\\/\\\/i0.wp.com\\\/www.rimocc.com\\\/wp-content\\\/uploads\\\/2023\\\/07\\\/RIMOCC_LOGO.jpg?fit=459%2C114&ssl=1\",\"width\":459,\"height\":114,\"caption\":\"Rimocc'\"},\"image\":{\"@id\":\"https:\\\/\\\/www.rimocc.com\\\/#\\\/schema\\\/logo\\\/image\\\/\"},\"sameAs\":[\"https:\\\/\\\/www.facebook.com\\\/rimocclyon\\\/?locale=fr_FR\",\"https:\\\/\\\/www.instagram.com\\\/rimoccc\\\/?hl=fr\",\"https:\\\/\\\/www.tiktok.com\\\/@rimocc\",\"https:\\\/\\\/www.youtube.com\\\/@Rimocc\"]}]}<\/script>\n<!-- \/ Yoast SEO plugin. -->","yoast_head_json":{"title":"LOS CABOS 5A Red Hickory - D\u00e9p\u00f4t Vente Batterie Percussion | Rimocc Lyon","description":"LOS CABOS est la seule marque de baguettes offrant une ligne compl\u00e8te d\u2019hickory rouge. Soucieux de l'environnement, l\u2019approvisionnement de bois se fait de mani\u00e8re \u00e9cologique par la FSC au Canada. Les baguettes sont \u00e9quilibr\u00e9es et pes\u00e9es \u00e0 l'identique de mani\u00e8re \u00e0 former des paires parfaitement \u00e9quivalentes. Los Cabos s'inscrit donc durablement dans les marques \u00e9co-responsables, dont le haut degr\u00e9 de fabrication et de finitions la place comme une marque incontournable.","robots":{"index":"index","follow":"follow","max-snippet":"max-snippet:-1","max-image-preview":"max-image-preview:large","max-video-preview":"max-video-preview:-1"},"canonical":"https:\/\/www.rimocc.com\/en\/product\/los-cabos-5a-red-hickory\/","og_locale":"en_US","og_type":"article","og_title":"LOS CABOS 5A Red Hickory - D\u00e9p\u00f4t Vente Batterie Percussion | Rimocc Lyon","og_description":"LOS CABOS est la seule marque de baguettes offrant une ligne compl\u00e8te d\u2019hickory rouge. Soucieux de l'environnement, l\u2019approvisionnement de bois se fait de mani\u00e8re \u00e9cologique par la FSC au Canada. Les baguettes sont \u00e9quilibr\u00e9es et pes\u00e9es \u00e0 l'identique de mani\u00e8re \u00e0 former des paires parfaitement \u00e9quivalentes. Los Cabos s'inscrit donc durablement dans les marques \u00e9co-responsables, dont le haut degr\u00e9 de fabrication et de finitions la place comme une marque incontournable.","og_url":"https:\/\/www.rimocc.com\/en\/product\/los-cabos-5a-red-hickory\/","og_site_name":"D\u00e9p\u00f4t Vente Batterie Percussion | Rimocc Lyon","article_publisher":"https:\/\/www.facebook.com\/rimocclyon\/?locale=fr_FR","article_modified_time":"2024-06-26T13:29:29+00:00","og_image":[{"width":305,"height":305,"url":"https:\/\/www.rimocc.com\/wp-content\/uploads\/2023\/07\/Los-Cabos-red-hickory-5a.jpg","type":"image\/jpeg"}],"twitter_card":"summary_large_image","twitter_misc":{"Est. reading time":"1 minute"},"schema":{"@context":"https:\/\/schema.org","@graph":[{"@type":"WebPage","@id":"https:\/\/www.rimocc.com\/product\/los-cabos-5a-red-hickory\/","url":"https:\/\/www.rimocc.com\/product\/los-cabos-5a-red-hickory\/","name":"LOS CABOS 5A Red Hickory - D\u00e9p\u00f4t Vente Batterie Percussion | Rimocc Lyon","isPartOf":{"@id":"https:\/\/www.rimocc.com\/#website"},"primaryImageOfPage":{"@id":"https:\/\/www.rimocc.com\/product\/los-cabos-5a-red-hickory\/#primaryimage"},"image":{"@id":"https:\/\/www.rimocc.com\/product\/los-cabos-5a-red-hickory\/#primaryimage"},"thumbnailUrl":"https:\/\/www.rimocc.com\/wp-content\/uploads\/2023\/07\/Los-Cabos-red-hickory-5a.jpg","datePublished":"2023-06-08T21:13:13+00:00","dateModified":"2024-06-26T13:29:29+00:00","description":"LOS CABOS est la seule marque de baguettes offrant une ligne compl\u00e8te d\u2019hickory rouge. Soucieux de l'environnement, l\u2019approvisionnement de bois se fait de mani\u00e8re \u00e9cologique par la FSC au Canada. Les baguettes sont \u00e9quilibr\u00e9es et pes\u00e9es \u00e0 l'identique de mani\u00e8re \u00e0 former des paires parfaitement \u00e9quivalentes. Los Cabos s'inscrit donc durablement dans les marques \u00e9co-responsables, dont le haut degr\u00e9 de fabrication et de finitions la place comme une marque incontournable.","breadcrumb":{"@id":"https:\/\/www.rimocc.com\/product\/los-cabos-5a-red-hickory\/#breadcrumb"},"inLanguage":"en-US","potentialAction":[{"@type":"ReadAction","target":["https:\/\/www.rimocc.com\/product\/los-cabos-5a-red-hickory\/"]}]},{"@type":"ImageObject","inLanguage":"en-US","@id":"https:\/\/www.rimocc.com\/product\/los-cabos-5a-red-hickory\/#primaryimage","url":"https:\/\/www.rimocc.com\/wp-content\/uploads\/2023\/07\/Los-Cabos-red-hickory-5a.jpg","contentUrl":"https:\/\/www.rimocc.com\/wp-content\/uploads\/2023\/07\/Los-Cabos-red-hickory-5a.jpg","width":305,"height":305},{"@type":"BreadcrumbList","@id":"https:\/\/www.rimocc.com\/product\/los-cabos-5a-red-hickory\/#breadcrumb","itemListElement":[{"@type":"ListItem","position":1,"name":"Home","item":"https:\/\/www.rimocc.com\/"},{"@type":"ListItem","position":2,"name":"Shop","item":"https:\/\/www.rimocc.com\/shop\/"},{"@type":"ListItem","position":3,"name":"LOS CABOS 5A Red Hickory"}]},{"@type":"WebSite","@id":"https:\/\/www.rimocc.com\/#website","url":"https:\/\/www.rimocc.com\/","name":"D\u00e9p\u00f4t Vente Batterie Percussion | Rimocc Lyon","description":"Rimocc: l&#039;unique magasin d\u00e9di\u00e9 enti\u00e8rement \u00e0 la batterie, percussion d&#039;occasion et vintage \u00e0 Lyon, France","publisher":{"@id":"https:\/\/www.rimocc.com\/#organization"},"alternateName":"Rimocc'","potentialAction":[{"@type":"SearchAction","target":{"@type":"EntryPoint","urlTemplate":"https:\/\/www.rimocc.com\/?s={search_term_string}"},"query-input":{"@type":"PropertyValueSpecification","valueRequired":true,"valueName":"search_term_string"}}],"inLanguage":"en-US"},{"@type":"Organization","@id":"https:\/\/www.rimocc.com\/#organization","name":"Rimocc'","alternateName":"Rimocc","url":"https:\/\/www.rimocc.com\/","logo":{"@type":"ImageObject","inLanguage":"en-US","@id":"https:\/\/www.rimocc.com\/#\/schema\/logo\/image\/","url":"https:\/\/i0.wp.com\/www.rimocc.com\/wp-content\/uploads\/2023\/07\/RIMOCC_LOGO.jpg?fit=459%2C114&ssl=1","contentUrl":"https:\/\/i0.wp.com\/www.rimocc.com\/wp-content\/uploads\/2023\/07\/RIMOCC_LOGO.jpg?fit=459%2C114&ssl=1","width":459,"height":114,"caption":"Rimocc'"},"image":{"@id":"https:\/\/www.rimocc.com\/#\/schema\/logo\/image\/"},"sameAs":["https:\/\/www.facebook.com\/rimocclyon\/?locale=fr_FR","https:\/\/www.instagram.com\/rimoccc\/?hl=fr","https:\/\/www.tiktok.com\/@rimocc","https:\/\/www.youtube.com\/@Rimocc"]}]}},"jetpack_publicize_connections":[],"jetpack_sharing_enabled":true,"_links":{"self":[{"href":"https:\/\/www.rimocc.com\/en\/wp-json\/wp\/v2\/product\/1511","targetHints":{"allow":["GET"]}}],"collection":[{"href":"https:\/\/www.rimocc.com\/en\/wp-json\/wp\/v2\/product"}],"about":[{"href":"https:\/\/www.rimocc.com\/en\/wp-json\/wp\/v2\/types\/product"}],"replies":[{"embeddable":true,"href":"https:\/\/www.rimocc.com\/en\/wp-json\/wp\/v2\/comments?post=1511"}],"wp:featuredmedia":[{"embeddable":true,"href":"https:\/\/www.rimocc.com\/en\/wp-json\/wp\/v2\/media\/9616"}],"wp:attachment":[{"href":"https:\/\/www.rimocc.com\/en\/wp-json\/wp\/v2\/media?parent=1511"}],"wp:term":[{"taxonomy":"product_brand","embeddable":true,"href":"https:\/\/www.rimocc.com\/en\/wp-json\/wp\/v2\/product_brand?post=1511"},{"taxonomy":"product_cat","embeddable":true,"href":"https:\/\/www.rimocc.com\/en\/wp-json\/wp\/v2\/product_cat?post=1511"},{"taxonomy":"product_tag","embeddable":true,"href":"https:\/\/www.rimocc.com\/en\/wp-json\/wp\/v2\/product_tag?post=1511"}],"curies":[{"name":"wp","href":"https:\/\/api.w.org\/{rel}","templated":true}]}}