{"id":15106,"date":"2025-05-29T18:07:48","date_gmt":"2025-05-29T16:07:48","guid":{"rendered":"https:\/\/www.rimocc.com\/?post_type=product&#038;p=15106"},"modified":"2025-09-09T10:18:42","modified_gmt":"2025-09-09T08:18:42","slug":"pearl-bass-drums-spurs-telescopic-x2","status":"publish","type":"product","link":"https:\/\/www.rimocc.com\/en\/product\/pearl-bass-drums-spurs-telescopic-x2\/","title":{"rendered":"Pearl Bass Drums Spurs (telescopic) X2"},"content":{"rendered":"<p>Pearl Bass Drums Spurs (telescopic) X2<br \/>\nTr\u00e8s bon \u00e9tat, proche du neuf<\/p>\n<p>Ces pieds Pearl Bass Drums Spurs (telescopic) pour grosse caisse offrent une excellente stabilit\u00e9 au sol. Les embouts en caoutchouc peuvent \u00eatre r\u00e9tract\u00e9s pour r\u00e9v\u00e9ler des pointes qui offrent encore plus d&rsquo;adh\u00e9rence sur des surfaces comme les tapis ou les moquettes.<\/p>\n<p>L&rsquo;histoire de Pearl Drums commence en 1946 \u00e0 Tokyo, au Japon. Katsumi Yanagisawa fonde alors la soci\u00e9t\u00e9 Pearl Instrument, initialement pour fabriquer des pupitres de musique.<\/p>\n<p>Quelques ann\u00e9es plus tard, en 1950, M. Yanagisawa se lance dans la fabrication d&rsquo;instruments de percussion et renomme son entreprise Pearl Industries.<\/p>\n<p>Depuis ses d\u00e9buts modestes, Pearl est devenu un leader mondial dans la production de batteries et de percussions en tout genre. L&rsquo;entreprise a continu\u00e9 de cro\u00eetre, ouvrant des usines et des bureaux \u00e0 Ta\u00efwan, au Japon et aux \u00c9tats-Unis.<\/p>\n<p>Aujourd&rsquo;hui, Pearl est reconnue pour la qualit\u00e9 de ses instruments, de ses batteries acoustiques et \u00e9lectroniques, de ses caisses claires, de ses percussions orchestrales et de ses accessoires. La marque est utilis\u00e9e par de nombreux batteurs de renomm\u00e9e internationale. Pearl fabrique la majorit\u00e9 de ses composants en interne et exporte ses produits dans plus de 55 pays.<\/p>\n<p>En r\u00e9sum\u00e9, Pearl Drums est une entreprise japonaise avec une longue histoire dans la fabrication d&rsquo;instruments de percussion de haute qualit\u00e9, devenue un acteur majeur sur la sc\u00e8ne musicale mondiale.<\/p>\n<p><a href=\"https:\/\/pearldrum.com\/eu\/\">https:\/\/pearldrum.com\/eu\/<\/a><br \/>\n<a href=\"https:\/\/www.rimocc.com\/en\/product-category\/accessoires-batterie\/\">https:\/\/www.rimocc.com\/product-category\/accessoires-batterie\/<\/a><\/p>","protected":false},"excerpt":{"rendered":"<p>Pearl Bass Drums Spurs (telescopic) X2 Tr\u00e8s bon \u00e9tat, proche du neuf Ces pieds Pearl Bass Drums Spurs (telescopic) pour grosse caisse offrent une excellente stabilit\u00e9 au sol. Les embouts en caoutchouc peuvent \u00eatre r\u00e9tract\u00e9s pour r\u00e9v\u00e9ler des pointes qui offrent encore plus d&rsquo;adh\u00e9rence sur des surfaces comme les tapis ou les moquettes. L&rsquo;histoire de [&hellip;]<\/p>\n","protected":false},"featured_media":15105,"comment_status":"open","ping_status":"closed","template":"","meta":{"jetpack_publicize_message":"","jetpack_publicize_feature_enabled":true,"jetpack_social_post_already_shared":false,"jetpack_social_options":{"image_generator_settings":{"template":"highway","default_image_id":0,"font":"","enabled":false},"version":2}},"product_brand":[],"product_cat":[22],"product_tag":[124,585],"class_list":{"0":"post-15106","1":"product","2":"type-product","3":"status-publish","4":"has-post-thumbnail","6":"product_cat-accessoires-batterie","7":"product_tag-pearl","8":"product_tag-pearl-drums","10":"entry","11":"has-media","13":"first","14":"outofstock","15":"shipping-taxable","16":"purchasable","17":"product-type-simple","18":"has-product-nav","19":"col","20":"span_1_of_3","21":"owp-content-center","22":"owp-thumbs-layout-horizontal","23":"owp-btn-normal","24":"owp-tabs-layout-horizontal"},"yoast_head":"<!-- This site is optimized with the Yoast SEO plugin v27.6 - https:\/\/yoast.com\/product\/yoast-seo-wordpress\/ -->\n<title>Pearl Bass Drums Spurs (telescopic) X2 - D\u00e9p\u00f4t Vente Batterie Percussion | Rimocc Lyon<\/title>\n<meta name=\"description\" content=\"Pieds t\u00e9lescopiques Pearl pour grosse caisse. Stabilit\u00e9 optimale gr\u00e2ce aux embouts r\u00e9tractables avec pointes pour tapis et caoutchouc pour sols durs.&quot;\" \/>\n<meta name=\"robots\" content=\"index, follow, max-snippet:-1, max-image-preview:large, max-video-preview:-1\" \/>\n<link rel=\"canonical\" href=\"https:\/\/www.rimocc.com\/en\/product\/pearl-bass-drums-spurs-telescopic-x2\/\" \/>\n<meta property=\"og:locale\" content=\"en_US\" \/>\n<meta property=\"og:type\" content=\"article\" \/>\n<meta property=\"og:title\" content=\"Pearl Bass Drums Spurs (telescopic) X2 - D\u00e9p\u00f4t Vente Batterie Percussion | Rimocc Lyon\" \/>\n<meta property=\"og:description\" content=\"Pieds t\u00e9lescopiques Pearl pour grosse caisse. Stabilit\u00e9 optimale gr\u00e2ce aux embouts r\u00e9tractables avec pointes pour tapis et caoutchouc pour sols durs.&quot;\" \/>\n<meta property=\"og:url\" content=\"https:\/\/www.rimocc.com\/en\/product\/pearl-bass-drums-spurs-telescopic-x2\/\" \/>\n<meta property=\"og:site_name\" content=\"D\u00e9p\u00f4t Vente Batterie Percussion | Rimocc Lyon\" \/>\n<meta property=\"article:publisher\" content=\"https:\/\/www.facebook.com\/rimocclyon\/?locale=fr_FR\" \/>\n<meta property=\"article:modified_time\" content=\"2025-09-09T08:18:42+00:00\" \/>\n<meta property=\"og:image\" content=\"https:\/\/www.rimocc.com\/wp-content\/uploads\/2025\/05\/Pearl-Bass-Drums-Spurs-telescopic-X2-1.jpg\" \/>\n\t<meta property=\"og:image:width\" content=\"1920\" \/>\n\t<meta property=\"og:image:height\" content=\"1920\" \/>\n\t<meta property=\"og:image:type\" content=\"image\/jpeg\" \/>\n<meta name=\"twitter:card\" content=\"summary_large_image\" \/>\n<meta name=\"twitter:label1\" content=\"Est. reading time\" \/>\n\t<meta name=\"twitter:data1\" content=\"2 minutes\" \/>\n<script type=\"application\/ld+json\" class=\"yoast-schema-graph\">{\"@context\":\"https:\\\/\\\/schema.org\",\"@graph\":[{\"@type\":\"WebPage\",\"@id\":\"https:\\\/\\\/www.rimocc.com\\\/product\\\/pearl-bass-drums-spurs-telescopic-x2\\\/\",\"url\":\"https:\\\/\\\/www.rimocc.com\\\/product\\\/pearl-bass-drums-spurs-telescopic-x2\\\/\",\"name\":\"Pearl Bass Drums Spurs (telescopic) X2 - D\u00e9p\u00f4t Vente Batterie Percussion | Rimocc Lyon\",\"isPartOf\":{\"@id\":\"https:\\\/\\\/www.rimocc.com\\\/#website\"},\"primaryImageOfPage\":{\"@id\":\"https:\\\/\\\/www.rimocc.com\\\/product\\\/pearl-bass-drums-spurs-telescopic-x2\\\/#primaryimage\"},\"image\":{\"@id\":\"https:\\\/\\\/www.rimocc.com\\\/product\\\/pearl-bass-drums-spurs-telescopic-x2\\\/#primaryimage\"},\"thumbnailUrl\":\"https:\\\/\\\/www.rimocc.com\\\/wp-content\\\/uploads\\\/2025\\\/05\\\/Pearl-Bass-Drums-Spurs-telescopic-X2-1.jpg\",\"datePublished\":\"2025-05-29T16:07:48+00:00\",\"dateModified\":\"2025-09-09T08:18:42+00:00\",\"description\":\"Pieds t\u00e9lescopiques Pearl pour grosse caisse. Stabilit\u00e9 optimale gr\u00e2ce aux embouts r\u00e9tractables avec pointes pour tapis et caoutchouc pour sols durs.\\\"\",\"breadcrumb\":{\"@id\":\"https:\\\/\\\/www.rimocc.com\\\/product\\\/pearl-bass-drums-spurs-telescopic-x2\\\/#breadcrumb\"},\"inLanguage\":\"en-US\",\"potentialAction\":[{\"@type\":\"ReadAction\",\"target\":[\"https:\\\/\\\/www.rimocc.com\\\/product\\\/pearl-bass-drums-spurs-telescopic-x2\\\/\"]}]},{\"@type\":\"ImageObject\",\"inLanguage\":\"en-US\",\"@id\":\"https:\\\/\\\/www.rimocc.com\\\/product\\\/pearl-bass-drums-spurs-telescopic-x2\\\/#primaryimage\",\"url\":\"https:\\\/\\\/www.rimocc.com\\\/wp-content\\\/uploads\\\/2025\\\/05\\\/Pearl-Bass-Drums-Spurs-telescopic-X2-1.jpg\",\"contentUrl\":\"https:\\\/\\\/www.rimocc.com\\\/wp-content\\\/uploads\\\/2025\\\/05\\\/Pearl-Bass-Drums-Spurs-telescopic-X2-1.jpg\",\"width\":1920,\"height\":1920,\"caption\":\"Pearl Bass Drums Spurs (telescopic) X2\"},{\"@type\":\"BreadcrumbList\",\"@id\":\"https:\\\/\\\/www.rimocc.com\\\/product\\\/pearl-bass-drums-spurs-telescopic-x2\\\/#breadcrumb\",\"itemListElement\":[{\"@type\":\"ListItem\",\"position\":1,\"name\":\"Home\",\"item\":\"https:\\\/\\\/www.rimocc.com\\\/\"},{\"@type\":\"ListItem\",\"position\":2,\"name\":\"Shop\",\"item\":\"https:\\\/\\\/www.rimocc.com\\\/shop\\\/\"},{\"@type\":\"ListItem\",\"position\":3,\"name\":\"Pearl Bass Drums Spurs (telescopic) X2\"}]},{\"@type\":\"WebSite\",\"@id\":\"https:\\\/\\\/www.rimocc.com\\\/#website\",\"url\":\"https:\\\/\\\/www.rimocc.com\\\/\",\"name\":\"D\u00e9p\u00f4t Vente Batterie Percussion | Rimocc Lyon\",\"description\":\"Rimocc: l&#039;unique magasin d\u00e9di\u00e9 enti\u00e8rement \u00e0 la batterie, percussion d&#039;occasion et vintage \u00e0 Lyon, France\",\"publisher\":{\"@id\":\"https:\\\/\\\/www.rimocc.com\\\/#organization\"},\"alternateName\":\"Rimocc'\",\"potentialAction\":[{\"@type\":\"SearchAction\",\"target\":{\"@type\":\"EntryPoint\",\"urlTemplate\":\"https:\\\/\\\/www.rimocc.com\\\/?s={search_term_string}\"},\"query-input\":{\"@type\":\"PropertyValueSpecification\",\"valueRequired\":true,\"valueName\":\"search_term_string\"}}],\"inLanguage\":\"en-US\"},{\"@type\":\"Organization\",\"@id\":\"https:\\\/\\\/www.rimocc.com\\\/#organization\",\"name\":\"Rimocc'\",\"alternateName\":\"Rimocc\",\"url\":\"https:\\\/\\\/www.rimocc.com\\\/\",\"logo\":{\"@type\":\"ImageObject\",\"inLanguage\":\"en-US\",\"@id\":\"https:\\\/\\\/www.rimocc.com\\\/#\\\/schema\\\/logo\\\/image\\\/\",\"url\":\"https:\\\/\\\/i0.wp.com\\\/www.rimocc.com\\\/wp-content\\\/uploads\\\/2023\\\/07\\\/RIMOCC_LOGO.jpg?fit=459%2C114&ssl=1\",\"contentUrl\":\"https:\\\/\\\/i0.wp.com\\\/www.rimocc.com\\\/wp-content\\\/uploads\\\/2023\\\/07\\\/RIMOCC_LOGO.jpg?fit=459%2C114&ssl=1\",\"width\":459,\"height\":114,\"caption\":\"Rimocc'\"},\"image\":{\"@id\":\"https:\\\/\\\/www.rimocc.com\\\/#\\\/schema\\\/logo\\\/image\\\/\"},\"sameAs\":[\"https:\\\/\\\/www.facebook.com\\\/rimocclyon\\\/?locale=fr_FR\",\"https:\\\/\\\/www.instagram.com\\\/rimoccc\\\/?hl=fr\",\"https:\\\/\\\/www.tiktok.com\\\/@rimocc\",\"https:\\\/\\\/www.youtube.com\\\/@Rimocc\"]}]}<\/script>\n<!-- \/ Yoast SEO plugin. -->","yoast_head_json":{"title":"Pearl Bass Drums Spurs (telescopic) X2 - D\u00e9p\u00f4t Vente Batterie Percussion | Rimocc Lyon","description":"Pieds t\u00e9lescopiques Pearl pour grosse caisse. Stabilit\u00e9 optimale gr\u00e2ce aux embouts r\u00e9tractables avec pointes pour tapis et caoutchouc pour sols durs.\"","robots":{"index":"index","follow":"follow","max-snippet":"max-snippet:-1","max-image-preview":"max-image-preview:large","max-video-preview":"max-video-preview:-1"},"canonical":"https:\/\/www.rimocc.com\/en\/product\/pearl-bass-drums-spurs-telescopic-x2\/","og_locale":"en_US","og_type":"article","og_title":"Pearl Bass Drums Spurs (telescopic) X2 - D\u00e9p\u00f4t Vente Batterie Percussion | Rimocc Lyon","og_description":"Pieds t\u00e9lescopiques Pearl pour grosse caisse. Stabilit\u00e9 optimale gr\u00e2ce aux embouts r\u00e9tractables avec pointes pour tapis et caoutchouc pour sols durs.\"","og_url":"https:\/\/www.rimocc.com\/en\/product\/pearl-bass-drums-spurs-telescopic-x2\/","og_site_name":"D\u00e9p\u00f4t Vente Batterie Percussion | Rimocc Lyon","article_publisher":"https:\/\/www.facebook.com\/rimocclyon\/?locale=fr_FR","article_modified_time":"2025-09-09T08:18:42+00:00","og_image":[{"width":1920,"height":1920,"url":"https:\/\/www.rimocc.com\/wp-content\/uploads\/2025\/05\/Pearl-Bass-Drums-Spurs-telescopic-X2-1.jpg","type":"image\/jpeg"}],"twitter_card":"summary_large_image","twitter_misc":{"Est. reading time":"2 minutes"},"schema":{"@context":"https:\/\/schema.org","@graph":[{"@type":"WebPage","@id":"https:\/\/www.rimocc.com\/product\/pearl-bass-drums-spurs-telescopic-x2\/","url":"https:\/\/www.rimocc.com\/product\/pearl-bass-drums-spurs-telescopic-x2\/","name":"Pearl Bass Drums Spurs (telescopic) X2 - D\u00e9p\u00f4t Vente Batterie Percussion | Rimocc Lyon","isPartOf":{"@id":"https:\/\/www.rimocc.com\/#website"},"primaryImageOfPage":{"@id":"https:\/\/www.rimocc.com\/product\/pearl-bass-drums-spurs-telescopic-x2\/#primaryimage"},"image":{"@id":"https:\/\/www.rimocc.com\/product\/pearl-bass-drums-spurs-telescopic-x2\/#primaryimage"},"thumbnailUrl":"https:\/\/www.rimocc.com\/wp-content\/uploads\/2025\/05\/Pearl-Bass-Drums-Spurs-telescopic-X2-1.jpg","datePublished":"2025-05-29T16:07:48+00:00","dateModified":"2025-09-09T08:18:42+00:00","description":"Pieds t\u00e9lescopiques Pearl pour grosse caisse. Stabilit\u00e9 optimale gr\u00e2ce aux embouts r\u00e9tractables avec pointes pour tapis et caoutchouc pour sols durs.\"","breadcrumb":{"@id":"https:\/\/www.rimocc.com\/product\/pearl-bass-drums-spurs-telescopic-x2\/#breadcrumb"},"inLanguage":"en-US","potentialAction":[{"@type":"ReadAction","target":["https:\/\/www.rimocc.com\/product\/pearl-bass-drums-spurs-telescopic-x2\/"]}]},{"@type":"ImageObject","inLanguage":"en-US","@id":"https:\/\/www.rimocc.com\/product\/pearl-bass-drums-spurs-telescopic-x2\/#primaryimage","url":"https:\/\/www.rimocc.com\/wp-content\/uploads\/2025\/05\/Pearl-Bass-Drums-Spurs-telescopic-X2-1.jpg","contentUrl":"https:\/\/www.rimocc.com\/wp-content\/uploads\/2025\/05\/Pearl-Bass-Drums-Spurs-telescopic-X2-1.jpg","width":1920,"height":1920,"caption":"Pearl Bass Drums Spurs (telescopic) X2"},{"@type":"BreadcrumbList","@id":"https:\/\/www.rimocc.com\/product\/pearl-bass-drums-spurs-telescopic-x2\/#breadcrumb","itemListElement":[{"@type":"ListItem","position":1,"name":"Home","item":"https:\/\/www.rimocc.com\/"},{"@type":"ListItem","position":2,"name":"Shop","item":"https:\/\/www.rimocc.com\/shop\/"},{"@type":"ListItem","position":3,"name":"Pearl Bass Drums Spurs (telescopic) X2"}]},{"@type":"WebSite","@id":"https:\/\/www.rimocc.com\/#website","url":"https:\/\/www.rimocc.com\/","name":"D\u00e9p\u00f4t Vente Batterie Percussion | Rimocc Lyon","description":"Rimocc: l&#039;unique magasin d\u00e9di\u00e9 enti\u00e8rement \u00e0 la batterie, percussion d&#039;occasion et vintage \u00e0 Lyon, France","publisher":{"@id":"https:\/\/www.rimocc.com\/#organization"},"alternateName":"Rimocc'","potentialAction":[{"@type":"SearchAction","target":{"@type":"EntryPoint","urlTemplate":"https:\/\/www.rimocc.com\/?s={search_term_string}"},"query-input":{"@type":"PropertyValueSpecification","valueRequired":true,"valueName":"search_term_string"}}],"inLanguage":"en-US"},{"@type":"Organization","@id":"https:\/\/www.rimocc.com\/#organization","name":"Rimocc'","alternateName":"Rimocc","url":"https:\/\/www.rimocc.com\/","logo":{"@type":"ImageObject","inLanguage":"en-US","@id":"https:\/\/www.rimocc.com\/#\/schema\/logo\/image\/","url":"https:\/\/i0.wp.com\/www.rimocc.com\/wp-content\/uploads\/2023\/07\/RIMOCC_LOGO.jpg?fit=459%2C114&ssl=1","contentUrl":"https:\/\/i0.wp.com\/www.rimocc.com\/wp-content\/uploads\/2023\/07\/RIMOCC_LOGO.jpg?fit=459%2C114&ssl=1","width":459,"height":114,"caption":"Rimocc'"},"image":{"@id":"https:\/\/www.rimocc.com\/#\/schema\/logo\/image\/"},"sameAs":["https:\/\/www.facebook.com\/rimocclyon\/?locale=fr_FR","https:\/\/www.instagram.com\/rimoccc\/?hl=fr","https:\/\/www.tiktok.com\/@rimocc","https:\/\/www.youtube.com\/@Rimocc"]}]}},"jetpack_publicize_connections":[],"jetpack_sharing_enabled":true,"_links":{"self":[{"href":"https:\/\/www.rimocc.com\/en\/wp-json\/wp\/v2\/product\/15106","targetHints":{"allow":["GET"]}}],"collection":[{"href":"https:\/\/www.rimocc.com\/en\/wp-json\/wp\/v2\/product"}],"about":[{"href":"https:\/\/www.rimocc.com\/en\/wp-json\/wp\/v2\/types\/product"}],"replies":[{"embeddable":true,"href":"https:\/\/www.rimocc.com\/en\/wp-json\/wp\/v2\/comments?post=15106"}],"wp:featuredmedia":[{"embeddable":true,"href":"https:\/\/www.rimocc.com\/en\/wp-json\/wp\/v2\/media\/15105"}],"wp:attachment":[{"href":"https:\/\/www.rimocc.com\/en\/wp-json\/wp\/v2\/media?parent=15106"}],"wp:term":[{"taxonomy":"product_brand","embeddable":true,"href":"https:\/\/www.rimocc.com\/en\/wp-json\/wp\/v2\/product_brand?post=15106"},{"taxonomy":"product_cat","embeddable":true,"href":"https:\/\/www.rimocc.com\/en\/wp-json\/wp\/v2\/product_cat?post=15106"},{"taxonomy":"product_tag","embeddable":true,"href":"https:\/\/www.rimocc.com\/en\/wp-json\/wp\/v2\/product_tag?post=15106"}],"curies":[{"name":"wp","href":"https:\/\/api.w.org\/{rel}","templated":true}]}}