{"id":15101,"date":"2025-05-28T18:09:20","date_gmt":"2025-05-28T16:09:20","guid":{"rendered":"https:\/\/www.rimocc.com\/?post_type=product&#038;p=15101"},"modified":"2025-06-08T10:57:04","modified_gmt":"2025-06-08T08:57:04","slug":"cooperman-bendir-18x4-single-ply-steam-bent-vermont-cherry-wood-made-in-usa","status":"publish","type":"product","link":"https:\/\/www.rimocc.com\/en\/product\/cooperman-bendir-18x4-single-ply-steam-bent-vermont-cherry-wood-made-in-usa\/","title":{"rendered":"Cooperman Bendir 18&Prime;x4&Prime;"},"content":{"rendered":"<p>Cooperman Bendir 18&Prime;x4&Prime;<br \/>\nsingle-ply steam bent Vermont Cherry Wood<br \/>\nMade in USA. Fait \u00e0 la main<br \/>\nTr\u00e8s bon \u00e9tat g\u00e9n\u00e9ral, tr\u00e8s peu jou\u00e9<br \/>\nHousse et cl\u00e9 inclues<\/p>\n<p>Le Cooperman Bendir de 18 pouces par 4 pouces est un frame Drum de haute qualit\u00e9. Avec un diam\u00e8tre de 18 pouces (environ 45,7 cm) et une profondeur de 4 pouces (environ 10,2 cm), ce bendir offre une sonorit\u00e9 riche et profonde. Fabriqu\u00e9 par Cooperman, une marque reconnue pour ses instruments de percussion artisanaux, ce bendir est id\u00e9al pour les musiciens \u00e0 la recherche d&rsquo;un son authentique et d&rsquo;une construction soign\u00e9e. Sa taille le rend polyvalent pour une vari\u00e9t\u00e9 de styles musicaux.<\/p>\n<p>Instrument : Bendir (tambour sur cadre)<br \/>\nMarque : Cooperman<br \/>\nDimensions : 18 pouces (diam\u00e8tre) x 4 pouces (profondeur)<br \/>\nSonorit\u00e9 : Riche et profonde<br \/>\nQualit\u00e9 : Artisanale, haute qualit\u00e9<\/p>\n<p><a href=\"https:\/\/www.coopermanframedrums.com\/\">https:\/\/www.coopermanframedrums.com\/<\/a><\/p>\n<p><a href=\"https:\/\/www.rimocc.com\/en\/product-category\/percussions\/\">https:\/\/www.rimocc.com\/product-category\/percussions\/<\/a><\/p>\n<p class=\"responsive-video-wrap clr\"><iframe title=\"Cooperman Bendir 18&quot; #drummerlife #percussion #percussionist  #handpercussion #framedrum\" width=\"1200\" height=\"675\" src=\"https:\/\/www.youtube.com\/embed\/PI_8KnwWEkg?feature=oembed\" frameborder=\"0\" allow=\"accelerometer; autoplay; clipboard-write; encrypted-media; gyroscope; picture-in-picture; web-share\" referrerpolicy=\"strict-origin-when-cross-origin\" allowfullscreen><\/iframe><\/p>","protected":false},"excerpt":{"rendered":"<p>Cooperman Bendir 18&Prime;x4&Prime; single-ply steam bent Vermont Cherry Wood Made in USA. Fait \u00e0 la main Tr\u00e8s bon \u00e9tat g\u00e9n\u00e9ral, tr\u00e8s peu jou\u00e9 Housse et cl\u00e9 inclues Le Cooperman Bendir de 18 pouces par 4 pouces est un frame Drum de haute qualit\u00e9. Avec un diam\u00e8tre de 18 pouces (environ 45,7 cm) et une profondeur [&hellip;]<\/p>\n","protected":false},"featured_media":15100,"comment_status":"open","ping_status":"closed","template":"","meta":{"jetpack_publicize_message":"","jetpack_publicize_feature_enabled":true,"jetpack_social_post_already_shared":false,"jetpack_social_options":{"image_generator_settings":{"template":"highway","default_image_id":0,"font":"","enabled":false},"version":2}},"product_brand":[664],"product_cat":[16],"product_tag":[659,658],"class_list":{"0":"post-15101","1":"product","2":"type-product","3":"status-publish","4":"has-post-thumbnail","6":"product_brand-cooperman","7":"product_cat-percussions","8":"product_tag-bendir","9":"product_tag-cooperman","11":"entry","12":"has-media","14":"first","15":"outofstock","16":"shipping-taxable","17":"purchasable","18":"product-type-simple","19":"has-product-nav","20":"col","21":"span_1_of_3","22":"owp-content-center","23":"owp-thumbs-layout-horizontal","24":"owp-btn-normal","25":"owp-tabs-layout-horizontal"},"yoast_head":"<!-- This site is optimized with the Yoast SEO plugin v27.4 - https:\/\/yoast.com\/product\/yoast-seo-wordpress\/ -->\n<title>Cooperman Bendir 18&quot;x4&quot; - D\u00e9p\u00f4t Vente Batterie Percussion | Rimocc Lyon<\/title>\n<meta name=\"description\" content=\"Cooperman Bendir 18&quot;x4&quot;, fabriqu\u00e9 aux USA en bois de cerisier du Vermont cintr\u00e9 \u00e0 la vapeur (single-ply). Qualit\u00e9 artisanale et sonorit\u00e9 exceptionnelle.\" \/>\n<meta name=\"robots\" content=\"index, follow, max-snippet:-1, max-image-preview:large, max-video-preview:-1\" \/>\n<link rel=\"canonical\" href=\"https:\/\/www.rimocc.com\/en\/product\/cooperman-bendir-18x4-single-ply-steam-bent-vermont-cherry-wood-made-in-usa\/\" \/>\n<meta property=\"og:locale\" content=\"en_US\" \/>\n<meta property=\"og:type\" content=\"article\" \/>\n<meta property=\"og:title\" content=\"Cooperman Bendir 18&quot;x4&quot; - D\u00e9p\u00f4t Vente Batterie Percussion | Rimocc Lyon\" \/>\n<meta property=\"og:description\" content=\"Cooperman Bendir 18&quot;x4&quot;, fabriqu\u00e9 aux USA en bois de cerisier du Vermont cintr\u00e9 \u00e0 la vapeur (single-ply). Qualit\u00e9 artisanale et sonorit\u00e9 exceptionnelle.\" \/>\n<meta property=\"og:url\" content=\"https:\/\/www.rimocc.com\/en\/product\/cooperman-bendir-18x4-single-ply-steam-bent-vermont-cherry-wood-made-in-usa\/\" \/>\n<meta property=\"og:site_name\" content=\"D\u00e9p\u00f4t Vente Batterie Percussion | Rimocc Lyon\" \/>\n<meta property=\"article:publisher\" content=\"https:\/\/www.facebook.com\/rimocclyon\/?locale=fr_FR\" \/>\n<meta property=\"article:modified_time\" content=\"2025-06-08T08:57:04+00:00\" \/>\n<meta property=\"og:image\" content=\"https:\/\/www.rimocc.com\/wp-content\/uploads\/2025\/05\/Cooperman-Bendir-18_x4_-single-ply-steam-bent-Vermont-Cherry-Wood-Made-in-USA-1.jpg\" \/>\n\t<meta property=\"og:image:width\" content=\"1920\" \/>\n\t<meta property=\"og:image:height\" content=\"1920\" \/>\n\t<meta property=\"og:image:type\" content=\"image\/jpeg\" \/>\n<meta name=\"twitter:card\" content=\"summary_large_image\" \/>\n<meta name=\"twitter:label1\" content=\"Est. reading time\" \/>\n\t<meta name=\"twitter:data1\" content=\"1 minute\" \/>\n<script type=\"application\/ld+json\" class=\"yoast-schema-graph\">{\"@context\":\"https:\\\/\\\/schema.org\",\"@graph\":[{\"@type\":\"WebPage\",\"@id\":\"https:\\\/\\\/www.rimocc.com\\\/product\\\/cooperman-bendir-18x4-single-ply-steam-bent-vermont-cherry-wood-made-in-usa\\\/\",\"url\":\"https:\\\/\\\/www.rimocc.com\\\/product\\\/cooperman-bendir-18x4-single-ply-steam-bent-vermont-cherry-wood-made-in-usa\\\/\",\"name\":\"Cooperman Bendir 18\\\"x4\\\" - D\u00e9p\u00f4t Vente Batterie Percussion | Rimocc Lyon\",\"isPartOf\":{\"@id\":\"https:\\\/\\\/www.rimocc.com\\\/#website\"},\"primaryImageOfPage\":{\"@id\":\"https:\\\/\\\/www.rimocc.com\\\/product\\\/cooperman-bendir-18x4-single-ply-steam-bent-vermont-cherry-wood-made-in-usa\\\/#primaryimage\"},\"image\":{\"@id\":\"https:\\\/\\\/www.rimocc.com\\\/product\\\/cooperman-bendir-18x4-single-ply-steam-bent-vermont-cherry-wood-made-in-usa\\\/#primaryimage\"},\"thumbnailUrl\":\"https:\\\/\\\/www.rimocc.com\\\/wp-content\\\/uploads\\\/2025\\\/05\\\/Cooperman-Bendir-18_x4_-single-ply-steam-bent-Vermont-Cherry-Wood-Made-in-USA-1.jpg\",\"datePublished\":\"2025-05-28T16:09:20+00:00\",\"dateModified\":\"2025-06-08T08:57:04+00:00\",\"description\":\"Cooperman Bendir 18\\\"x4\\\", fabriqu\u00e9 aux USA en bois de cerisier du Vermont cintr\u00e9 \u00e0 la vapeur (single-ply). Qualit\u00e9 artisanale et sonorit\u00e9 exceptionnelle.\",\"breadcrumb\":{\"@id\":\"https:\\\/\\\/www.rimocc.com\\\/product\\\/cooperman-bendir-18x4-single-ply-steam-bent-vermont-cherry-wood-made-in-usa\\\/#breadcrumb\"},\"inLanguage\":\"en-US\",\"potentialAction\":[{\"@type\":\"ReadAction\",\"target\":[\"https:\\\/\\\/www.rimocc.com\\\/product\\\/cooperman-bendir-18x4-single-ply-steam-bent-vermont-cherry-wood-made-in-usa\\\/\"]}]},{\"@type\":\"ImageObject\",\"inLanguage\":\"en-US\",\"@id\":\"https:\\\/\\\/www.rimocc.com\\\/product\\\/cooperman-bendir-18x4-single-ply-steam-bent-vermont-cherry-wood-made-in-usa\\\/#primaryimage\",\"url\":\"https:\\\/\\\/www.rimocc.com\\\/wp-content\\\/uploads\\\/2025\\\/05\\\/Cooperman-Bendir-18_x4_-single-ply-steam-bent-Vermont-Cherry-Wood-Made-in-USA-1.jpg\",\"contentUrl\":\"https:\\\/\\\/www.rimocc.com\\\/wp-content\\\/uploads\\\/2025\\\/05\\\/Cooperman-Bendir-18_x4_-single-ply-steam-bent-Vermont-Cherry-Wood-Made-in-USA-1.jpg\",\"width\":1920,\"height\":1920,\"caption\":\"Cooperman Bendir 18\\\"x4\\\" single-ply steam bent Vermont Cherry Wood Made in USA\"},{\"@type\":\"BreadcrumbList\",\"@id\":\"https:\\\/\\\/www.rimocc.com\\\/product\\\/cooperman-bendir-18x4-single-ply-steam-bent-vermont-cherry-wood-made-in-usa\\\/#breadcrumb\",\"itemListElement\":[{\"@type\":\"ListItem\",\"position\":1,\"name\":\"Home\",\"item\":\"https:\\\/\\\/www.rimocc.com\\\/\"},{\"@type\":\"ListItem\",\"position\":2,\"name\":\"Shop\",\"item\":\"https:\\\/\\\/www.rimocc.com\\\/shop\\\/\"},{\"@type\":\"ListItem\",\"position\":3,\"name\":\"Cooperman Bendir 18&#8243;x4&#8243;\"}]},{\"@type\":\"WebSite\",\"@id\":\"https:\\\/\\\/www.rimocc.com\\\/#website\",\"url\":\"https:\\\/\\\/www.rimocc.com\\\/\",\"name\":\"D\u00e9p\u00f4t Vente Batterie Percussion | Rimocc Lyon\",\"description\":\"Rimocc: l&#039;unique magasin d\u00e9di\u00e9 enti\u00e8rement \u00e0 la batterie, percussion d&#039;occasion et vintage \u00e0 Lyon, France\",\"publisher\":{\"@id\":\"https:\\\/\\\/www.rimocc.com\\\/#organization\"},\"alternateName\":\"Rimocc'\",\"potentialAction\":[{\"@type\":\"SearchAction\",\"target\":{\"@type\":\"EntryPoint\",\"urlTemplate\":\"https:\\\/\\\/www.rimocc.com\\\/?s={search_term_string}\"},\"query-input\":{\"@type\":\"PropertyValueSpecification\",\"valueRequired\":true,\"valueName\":\"search_term_string\"}}],\"inLanguage\":\"en-US\"},{\"@type\":\"Organization\",\"@id\":\"https:\\\/\\\/www.rimocc.com\\\/#organization\",\"name\":\"Rimocc'\",\"alternateName\":\"Rimocc\",\"url\":\"https:\\\/\\\/www.rimocc.com\\\/\",\"logo\":{\"@type\":\"ImageObject\",\"inLanguage\":\"en-US\",\"@id\":\"https:\\\/\\\/www.rimocc.com\\\/#\\\/schema\\\/logo\\\/image\\\/\",\"url\":\"https:\\\/\\\/i0.wp.com\\\/www.rimocc.com\\\/wp-content\\\/uploads\\\/2023\\\/07\\\/RIMOCC_LOGO.jpg?fit=459%2C114&ssl=1\",\"contentUrl\":\"https:\\\/\\\/i0.wp.com\\\/www.rimocc.com\\\/wp-content\\\/uploads\\\/2023\\\/07\\\/RIMOCC_LOGO.jpg?fit=459%2C114&ssl=1\",\"width\":459,\"height\":114,\"caption\":\"Rimocc'\"},\"image\":{\"@id\":\"https:\\\/\\\/www.rimocc.com\\\/#\\\/schema\\\/logo\\\/image\\\/\"},\"sameAs\":[\"https:\\\/\\\/www.facebook.com\\\/rimocclyon\\\/?locale=fr_FR\",\"https:\\\/\\\/www.instagram.com\\\/rimoccc\\\/?hl=fr\",\"https:\\\/\\\/www.tiktok.com\\\/@rimocc\",\"https:\\\/\\\/www.youtube.com\\\/@Rimocc\"]}]}<\/script>\n<!-- \/ Yoast SEO plugin. -->","yoast_head_json":{"title":"Cooperman Bendir 18\"x4\" - D\u00e9p\u00f4t Vente Batterie Percussion | Rimocc Lyon","description":"Cooperman Bendir 18\"x4\", fabriqu\u00e9 aux USA en bois de cerisier du Vermont cintr\u00e9 \u00e0 la vapeur (single-ply). Qualit\u00e9 artisanale et sonorit\u00e9 exceptionnelle.","robots":{"index":"index","follow":"follow","max-snippet":"max-snippet:-1","max-image-preview":"max-image-preview:large","max-video-preview":"max-video-preview:-1"},"canonical":"https:\/\/www.rimocc.com\/en\/product\/cooperman-bendir-18x4-single-ply-steam-bent-vermont-cherry-wood-made-in-usa\/","og_locale":"en_US","og_type":"article","og_title":"Cooperman Bendir 18\"x4\" - D\u00e9p\u00f4t Vente Batterie Percussion | Rimocc Lyon","og_description":"Cooperman Bendir 18\"x4\", fabriqu\u00e9 aux USA en bois de cerisier du Vermont cintr\u00e9 \u00e0 la vapeur (single-ply). Qualit\u00e9 artisanale et sonorit\u00e9 exceptionnelle.","og_url":"https:\/\/www.rimocc.com\/en\/product\/cooperman-bendir-18x4-single-ply-steam-bent-vermont-cherry-wood-made-in-usa\/","og_site_name":"D\u00e9p\u00f4t Vente Batterie Percussion | Rimocc Lyon","article_publisher":"https:\/\/www.facebook.com\/rimocclyon\/?locale=fr_FR","article_modified_time":"2025-06-08T08:57:04+00:00","og_image":[{"width":1920,"height":1920,"url":"https:\/\/www.rimocc.com\/wp-content\/uploads\/2025\/05\/Cooperman-Bendir-18_x4_-single-ply-steam-bent-Vermont-Cherry-Wood-Made-in-USA-1.jpg","type":"image\/jpeg"}],"twitter_card":"summary_large_image","twitter_misc":{"Est. reading time":"1 minute"},"schema":{"@context":"https:\/\/schema.org","@graph":[{"@type":"WebPage","@id":"https:\/\/www.rimocc.com\/product\/cooperman-bendir-18x4-single-ply-steam-bent-vermont-cherry-wood-made-in-usa\/","url":"https:\/\/www.rimocc.com\/product\/cooperman-bendir-18x4-single-ply-steam-bent-vermont-cherry-wood-made-in-usa\/","name":"Cooperman Bendir 18\"x4\" - D\u00e9p\u00f4t Vente Batterie Percussion | Rimocc Lyon","isPartOf":{"@id":"https:\/\/www.rimocc.com\/#website"},"primaryImageOfPage":{"@id":"https:\/\/www.rimocc.com\/product\/cooperman-bendir-18x4-single-ply-steam-bent-vermont-cherry-wood-made-in-usa\/#primaryimage"},"image":{"@id":"https:\/\/www.rimocc.com\/product\/cooperman-bendir-18x4-single-ply-steam-bent-vermont-cherry-wood-made-in-usa\/#primaryimage"},"thumbnailUrl":"https:\/\/www.rimocc.com\/wp-content\/uploads\/2025\/05\/Cooperman-Bendir-18_x4_-single-ply-steam-bent-Vermont-Cherry-Wood-Made-in-USA-1.jpg","datePublished":"2025-05-28T16:09:20+00:00","dateModified":"2025-06-08T08:57:04+00:00","description":"Cooperman Bendir 18\"x4\", fabriqu\u00e9 aux USA en bois de cerisier du Vermont cintr\u00e9 \u00e0 la vapeur (single-ply). Qualit\u00e9 artisanale et sonorit\u00e9 exceptionnelle.","breadcrumb":{"@id":"https:\/\/www.rimocc.com\/product\/cooperman-bendir-18x4-single-ply-steam-bent-vermont-cherry-wood-made-in-usa\/#breadcrumb"},"inLanguage":"en-US","potentialAction":[{"@type":"ReadAction","target":["https:\/\/www.rimocc.com\/product\/cooperman-bendir-18x4-single-ply-steam-bent-vermont-cherry-wood-made-in-usa\/"]}]},{"@type":"ImageObject","inLanguage":"en-US","@id":"https:\/\/www.rimocc.com\/product\/cooperman-bendir-18x4-single-ply-steam-bent-vermont-cherry-wood-made-in-usa\/#primaryimage","url":"https:\/\/www.rimocc.com\/wp-content\/uploads\/2025\/05\/Cooperman-Bendir-18_x4_-single-ply-steam-bent-Vermont-Cherry-Wood-Made-in-USA-1.jpg","contentUrl":"https:\/\/www.rimocc.com\/wp-content\/uploads\/2025\/05\/Cooperman-Bendir-18_x4_-single-ply-steam-bent-Vermont-Cherry-Wood-Made-in-USA-1.jpg","width":1920,"height":1920,"caption":"Cooperman Bendir 18\"x4\" single-ply steam bent Vermont Cherry Wood Made in USA"},{"@type":"BreadcrumbList","@id":"https:\/\/www.rimocc.com\/product\/cooperman-bendir-18x4-single-ply-steam-bent-vermont-cherry-wood-made-in-usa\/#breadcrumb","itemListElement":[{"@type":"ListItem","position":1,"name":"Home","item":"https:\/\/www.rimocc.com\/"},{"@type":"ListItem","position":2,"name":"Shop","item":"https:\/\/www.rimocc.com\/shop\/"},{"@type":"ListItem","position":3,"name":"Cooperman Bendir 18&#8243;x4&#8243;"}]},{"@type":"WebSite","@id":"https:\/\/www.rimocc.com\/#website","url":"https:\/\/www.rimocc.com\/","name":"D\u00e9p\u00f4t Vente Batterie Percussion | Rimocc Lyon","description":"Rimocc: l&#039;unique magasin d\u00e9di\u00e9 enti\u00e8rement \u00e0 la batterie, percussion d&#039;occasion et vintage \u00e0 Lyon, France","publisher":{"@id":"https:\/\/www.rimocc.com\/#organization"},"alternateName":"Rimocc'","potentialAction":[{"@type":"SearchAction","target":{"@type":"EntryPoint","urlTemplate":"https:\/\/www.rimocc.com\/?s={search_term_string}"},"query-input":{"@type":"PropertyValueSpecification","valueRequired":true,"valueName":"search_term_string"}}],"inLanguage":"en-US"},{"@type":"Organization","@id":"https:\/\/www.rimocc.com\/#organization","name":"Rimocc'","alternateName":"Rimocc","url":"https:\/\/www.rimocc.com\/","logo":{"@type":"ImageObject","inLanguage":"en-US","@id":"https:\/\/www.rimocc.com\/#\/schema\/logo\/image\/","url":"https:\/\/i0.wp.com\/www.rimocc.com\/wp-content\/uploads\/2023\/07\/RIMOCC_LOGO.jpg?fit=459%2C114&ssl=1","contentUrl":"https:\/\/i0.wp.com\/www.rimocc.com\/wp-content\/uploads\/2023\/07\/RIMOCC_LOGO.jpg?fit=459%2C114&ssl=1","width":459,"height":114,"caption":"Rimocc'"},"image":{"@id":"https:\/\/www.rimocc.com\/#\/schema\/logo\/image\/"},"sameAs":["https:\/\/www.facebook.com\/rimocclyon\/?locale=fr_FR","https:\/\/www.instagram.com\/rimoccc\/?hl=fr","https:\/\/www.tiktok.com\/@rimocc","https:\/\/www.youtube.com\/@Rimocc"]}]}},"jetpack_publicize_connections":[],"jetpack_sharing_enabled":true,"_links":{"self":[{"href":"https:\/\/www.rimocc.com\/en\/wp-json\/wp\/v2\/product\/15101","targetHints":{"allow":["GET"]}}],"collection":[{"href":"https:\/\/www.rimocc.com\/en\/wp-json\/wp\/v2\/product"}],"about":[{"href":"https:\/\/www.rimocc.com\/en\/wp-json\/wp\/v2\/types\/product"}],"replies":[{"embeddable":true,"href":"https:\/\/www.rimocc.com\/en\/wp-json\/wp\/v2\/comments?post=15101"}],"wp:featuredmedia":[{"embeddable":true,"href":"https:\/\/www.rimocc.com\/en\/wp-json\/wp\/v2\/media\/15100"}],"wp:attachment":[{"href":"https:\/\/www.rimocc.com\/en\/wp-json\/wp\/v2\/media?parent=15101"}],"wp:term":[{"taxonomy":"product_brand","embeddable":true,"href":"https:\/\/www.rimocc.com\/en\/wp-json\/wp\/v2\/product_brand?post=15101"},{"taxonomy":"product_cat","embeddable":true,"href":"https:\/\/www.rimocc.com\/en\/wp-json\/wp\/v2\/product_cat?post=15101"},{"taxonomy":"product_tag","embeddable":true,"href":"https:\/\/www.rimocc.com\/en\/wp-json\/wp\/v2\/product_tag?post=15101"}],"curies":[{"name":"wp","href":"https:\/\/api.w.org\/{rel}","templated":true}]}}