{"id":1509,"date":"2023-06-08T21:13:13","date_gmt":"2023-06-08T21:13:13","guid":{"rendered":"https:\/\/rimocc.a2hosted.com\/product\/los-cabos-5b-maple\/"},"modified":"2023-07-26T18:28:33","modified_gmt":"2023-07-26T16:28:33","slug":"los-cabos-5b-maple","status":"publish","type":"product","link":"https:\/\/www.rimocc.com\/en\/product\/los-cabos-5b-maple\/","title":{"rendered":"LOS CABOS 5B Maple"},"content":{"rendered":"<p>Erable 100% Canadien<br \/>\n\u00e9quilibr\u00e9es &#038; poids similaire<br \/>\nEco responsable FSC<br \/>\nTaille : 5B<br \/>\nOlive bois<br \/>\nLongueur 406,40 mm<br \/>\nDiam\u00e8tre 15,19 mm<\/p>\n<p>Los Cabos, marque Canadienne, fabrique des baguettes et accessoires \u00e0 partir de bois 100% Canadien. Le bois est r\u00e9colt\u00e9 de fa\u00e7on \u00e9co-responsable par les fournisseurs agr\u00e9\u00e9s FSC et Los Cabos tient compte de l&rsquo;enjeu environnemental.<br \/>\nToutes les baguettes sont \u00e9quilibr\u00e9es, choisies une \u00e0 une puis associ\u00e9es par paire de poids \u00e9quivalent (au gr).<br \/>\nL\u2019\u00e9rable est un bois dur, connu pour sa rigidit\u00e9 et ses propri\u00e9t\u00e9s tonales, ce qui en fait un choix id\u00e9al pour les batteurs \u00e0 la recherche d\u2019un son clair, pr\u00e9cis comportant une belle attaque.<\/p>","protected":false},"excerpt":{"rendered":"<p>Erable 100% Canadien \u00e9quilibr\u00e9es &#038; poids similaire Eco responsable FSC Taille : 5B Olive bois Longueur 406,40 mm Diam\u00e8tre 15,19 mm Los Cabos, marque Canadienne, fabrique des baguettes et accessoires \u00e0 partir de bois 100% Canadien. Le bois est r\u00e9colt\u00e9 de fa\u00e7on \u00e9co-responsable par les fournisseurs agr\u00e9\u00e9s FSC et Los Cabos tient compte de l&rsquo;enjeu [&hellip;]<\/p>\n","protected":false},"featured_media":6949,"comment_status":"open","ping_status":"closed","template":"","meta":{"jetpack_publicize_message":"","jetpack_publicize_feature_enabled":true,"jetpack_social_post_already_shared":false,"jetpack_social_options":{"image_generator_settings":{"template":"highway","default_image_id":0,"font":"","enabled":false},"version":2}},"product_brand":[],"product_cat":[23],"product_tag":[92,177],"class_list":{"0":"post-1509","1":"product","2":"type-product","3":"status-publish","4":"has-post-thumbnail","6":"product_cat-baguettes","7":"product_tag-baguettes","8":"product_tag-los-cabos","10":"entry","11":"has-media","13":"first","14":"instock","15":"shipping-taxable","16":"purchasable","17":"product-type-simple","18":"has-product-nav","19":"col","20":"span_1_of_3","21":"owp-content-center","22":"owp-thumbs-layout-horizontal","23":"owp-btn-normal","24":"owp-tabs-layout-horizontal","25":"has-no-thumbnails"},"yoast_head":"<!-- This site is optimized with the Yoast SEO plugin v27.4 - https:\/\/yoast.com\/product\/yoast-seo-wordpress\/ -->\n<title>LOS CABOS 5B Maple - D\u00e9p\u00f4t Vente Batterie Percussion | Rimocc Lyon<\/title>\n<meta name=\"description\" content=\"Los Cabos, marque Canadienne, fabrique des baguettes et accessoires \u00e0 partir de bois 100% Canadien. Le bois est r\u00e9colt\u00e9 de fa\u00e7on \u00e9co-responsable par les fournisseurs agr\u00e9\u00e9s FSC et Los Cabos tient compte de l&#039;enjeu environnemental.Toutes les baguettes sont \u00e9quilibr\u00e9es, choisies une \u00e0 une puis associ\u00e9es par paire de poids \u00e9quivalent (au gr).L\u2019\u00e9rable est un bois dur, connu pour sa rigidit\u00e9 et ses propri\u00e9t\u00e9s tonales, ce qui en fait un choix id\u00e9al pour les batteurs \u00e0 la recherche d\u2019un son clair, pr\u00e9cis comportant une belle attaque.\" \/>\n<meta name=\"robots\" content=\"index, follow, max-snippet:-1, max-image-preview:large, max-video-preview:-1\" \/>\n<link rel=\"canonical\" href=\"https:\/\/www.rimocc.com\/en\/product\/los-cabos-5b-maple\/\" \/>\n<meta property=\"og:locale\" content=\"en_US\" \/>\n<meta property=\"og:type\" content=\"article\" \/>\n<meta property=\"og:title\" content=\"LOS CABOS 5B Maple - D\u00e9p\u00f4t Vente Batterie Percussion | Rimocc Lyon\" \/>\n<meta property=\"og:description\" content=\"Los Cabos, marque Canadienne, fabrique des baguettes et accessoires \u00e0 partir de bois 100% Canadien. Le bois est r\u00e9colt\u00e9 de fa\u00e7on \u00e9co-responsable par les fournisseurs agr\u00e9\u00e9s FSC et Los Cabos tient compte de l&#039;enjeu environnemental.Toutes les baguettes sont \u00e9quilibr\u00e9es, choisies une \u00e0 une puis associ\u00e9es par paire de poids \u00e9quivalent (au gr).L\u2019\u00e9rable est un bois dur, connu pour sa rigidit\u00e9 et ses propri\u00e9t\u00e9s tonales, ce qui en fait un choix id\u00e9al pour les batteurs \u00e0 la recherche d\u2019un son clair, pr\u00e9cis comportant une belle attaque.\" \/>\n<meta property=\"og:url\" content=\"https:\/\/www.rimocc.com\/en\/product\/los-cabos-5b-maple\/\" \/>\n<meta property=\"og:site_name\" content=\"D\u00e9p\u00f4t Vente Batterie Percussion | Rimocc Lyon\" \/>\n<meta property=\"article:publisher\" content=\"https:\/\/www.facebook.com\/rimocclyon\/?locale=fr_FR\" \/>\n<meta property=\"article:modified_time\" content=\"2023-07-26T16:28:33+00:00\" \/>\n<meta property=\"og:image\" content=\"https:\/\/www.rimocc.com\/wp-content\/uploads\/2023\/06\/0e6ab0_8e5e423e36b240ad91aa074e4368528emv2.gif\" \/>\n\t<meta property=\"og:image:width\" content=\"225\" \/>\n\t<meta property=\"og:image:height\" content=\"225\" \/>\n\t<meta property=\"og:image:type\" content=\"image\/gif\" \/>\n<meta name=\"twitter:card\" content=\"summary_large_image\" \/>\n<meta name=\"twitter:label1\" content=\"Est. reading time\" \/>\n\t<meta name=\"twitter:data1\" content=\"1 minute\" \/>\n<script type=\"application\/ld+json\" class=\"yoast-schema-graph\">{\"@context\":\"https:\\\/\\\/schema.org\",\"@graph\":[{\"@type\":\"WebPage\",\"@id\":\"https:\\\/\\\/www.rimocc.com\\\/product\\\/los-cabos-5b-maple\\\/\",\"url\":\"https:\\\/\\\/www.rimocc.com\\\/product\\\/los-cabos-5b-maple\\\/\",\"name\":\"LOS CABOS 5B Maple - D\u00e9p\u00f4t Vente Batterie Percussion | Rimocc Lyon\",\"isPartOf\":{\"@id\":\"https:\\\/\\\/www.rimocc.com\\\/#website\"},\"primaryImageOfPage\":{\"@id\":\"https:\\\/\\\/www.rimocc.com\\\/product\\\/los-cabos-5b-maple\\\/#primaryimage\"},\"image\":{\"@id\":\"https:\\\/\\\/www.rimocc.com\\\/product\\\/los-cabos-5b-maple\\\/#primaryimage\"},\"thumbnailUrl\":\"https:\\\/\\\/www.rimocc.com\\\/wp-content\\\/uploads\\\/2023\\\/06\\\/0e6ab0_8e5e423e36b240ad91aa074e4368528emv2.gif\",\"datePublished\":\"2023-06-08T21:13:13+00:00\",\"dateModified\":\"2023-07-26T16:28:33+00:00\",\"description\":\"Los Cabos, marque Canadienne, fabrique des baguettes et accessoires \u00e0 partir de bois 100% Canadien. Le bois est r\u00e9colt\u00e9 de fa\u00e7on \u00e9co-responsable par les fournisseurs agr\u00e9\u00e9s FSC et Los Cabos tient compte de l'enjeu environnemental.Toutes les baguettes sont \u00e9quilibr\u00e9es, choisies une \u00e0 une puis associ\u00e9es par paire de poids \u00e9quivalent (au gr).L\u2019\u00e9rable est un bois dur, connu pour sa rigidit\u00e9 et ses propri\u00e9t\u00e9s tonales, ce qui en fait un choix id\u00e9al pour les batteurs \u00e0 la recherche d\u2019un son clair, pr\u00e9cis comportant une belle attaque.\",\"breadcrumb\":{\"@id\":\"https:\\\/\\\/www.rimocc.com\\\/product\\\/los-cabos-5b-maple\\\/#breadcrumb\"},\"inLanguage\":\"en-US\",\"potentialAction\":[{\"@type\":\"ReadAction\",\"target\":[\"https:\\\/\\\/www.rimocc.com\\\/product\\\/los-cabos-5b-maple\\\/\"]}]},{\"@type\":\"ImageObject\",\"inLanguage\":\"en-US\",\"@id\":\"https:\\\/\\\/www.rimocc.com\\\/product\\\/los-cabos-5b-maple\\\/#primaryimage\",\"url\":\"https:\\\/\\\/www.rimocc.com\\\/wp-content\\\/uploads\\\/2023\\\/06\\\/0e6ab0_8e5e423e36b240ad91aa074e4368528emv2.gif\",\"contentUrl\":\"https:\\\/\\\/www.rimocc.com\\\/wp-content\\\/uploads\\\/2023\\\/06\\\/0e6ab0_8e5e423e36b240ad91aa074e4368528emv2.gif\",\"width\":225,\"height\":225},{\"@type\":\"BreadcrumbList\",\"@id\":\"https:\\\/\\\/www.rimocc.com\\\/product\\\/los-cabos-5b-maple\\\/#breadcrumb\",\"itemListElement\":[{\"@type\":\"ListItem\",\"position\":1,\"name\":\"Home\",\"item\":\"https:\\\/\\\/www.rimocc.com\\\/\"},{\"@type\":\"ListItem\",\"position\":2,\"name\":\"Shop\",\"item\":\"https:\\\/\\\/www.rimocc.com\\\/shop\\\/\"},{\"@type\":\"ListItem\",\"position\":3,\"name\":\"LOS CABOS 5B Maple\"}]},{\"@type\":\"WebSite\",\"@id\":\"https:\\\/\\\/www.rimocc.com\\\/#website\",\"url\":\"https:\\\/\\\/www.rimocc.com\\\/\",\"name\":\"D\u00e9p\u00f4t Vente Batterie Percussion | Rimocc Lyon\",\"description\":\"Rimocc: l&#039;unique magasin d\u00e9di\u00e9 enti\u00e8rement \u00e0 la batterie, percussion d&#039;occasion et vintage \u00e0 Lyon, France\",\"publisher\":{\"@id\":\"https:\\\/\\\/www.rimocc.com\\\/#organization\"},\"alternateName\":\"Rimocc'\",\"potentialAction\":[{\"@type\":\"SearchAction\",\"target\":{\"@type\":\"EntryPoint\",\"urlTemplate\":\"https:\\\/\\\/www.rimocc.com\\\/?s={search_term_string}\"},\"query-input\":{\"@type\":\"PropertyValueSpecification\",\"valueRequired\":true,\"valueName\":\"search_term_string\"}}],\"inLanguage\":\"en-US\"},{\"@type\":\"Organization\",\"@id\":\"https:\\\/\\\/www.rimocc.com\\\/#organization\",\"name\":\"Rimocc'\",\"alternateName\":\"Rimocc\",\"url\":\"https:\\\/\\\/www.rimocc.com\\\/\",\"logo\":{\"@type\":\"ImageObject\",\"inLanguage\":\"en-US\",\"@id\":\"https:\\\/\\\/www.rimocc.com\\\/#\\\/schema\\\/logo\\\/image\\\/\",\"url\":\"https:\\\/\\\/i0.wp.com\\\/www.rimocc.com\\\/wp-content\\\/uploads\\\/2023\\\/07\\\/RIMOCC_LOGO.jpg?fit=459%2C114&ssl=1\",\"contentUrl\":\"https:\\\/\\\/i0.wp.com\\\/www.rimocc.com\\\/wp-content\\\/uploads\\\/2023\\\/07\\\/RIMOCC_LOGO.jpg?fit=459%2C114&ssl=1\",\"width\":459,\"height\":114,\"caption\":\"Rimocc'\"},\"image\":{\"@id\":\"https:\\\/\\\/www.rimocc.com\\\/#\\\/schema\\\/logo\\\/image\\\/\"},\"sameAs\":[\"https:\\\/\\\/www.facebook.com\\\/rimocclyon\\\/?locale=fr_FR\",\"https:\\\/\\\/www.instagram.com\\\/rimoccc\\\/?hl=fr\",\"https:\\\/\\\/www.tiktok.com\\\/@rimocc\",\"https:\\\/\\\/www.youtube.com\\\/@Rimocc\"]}]}<\/script>\n<!-- \/ Yoast SEO plugin. -->","yoast_head_json":{"title":"LOS CABOS 5B Maple - D\u00e9p\u00f4t Vente Batterie Percussion | Rimocc Lyon","description":"Los Cabos, marque Canadienne, fabrique des baguettes et accessoires \u00e0 partir de bois 100% Canadien. Le bois est r\u00e9colt\u00e9 de fa\u00e7on \u00e9co-responsable par les fournisseurs agr\u00e9\u00e9s FSC et Los Cabos tient compte de l'enjeu environnemental.Toutes les baguettes sont \u00e9quilibr\u00e9es, choisies une \u00e0 une puis associ\u00e9es par paire de poids \u00e9quivalent (au gr).L\u2019\u00e9rable est un bois dur, connu pour sa rigidit\u00e9 et ses propri\u00e9t\u00e9s tonales, ce qui en fait un choix id\u00e9al pour les batteurs \u00e0 la recherche d\u2019un son clair, pr\u00e9cis comportant une belle attaque.","robots":{"index":"index","follow":"follow","max-snippet":"max-snippet:-1","max-image-preview":"max-image-preview:large","max-video-preview":"max-video-preview:-1"},"canonical":"https:\/\/www.rimocc.com\/en\/product\/los-cabos-5b-maple\/","og_locale":"en_US","og_type":"article","og_title":"LOS CABOS 5B Maple - D\u00e9p\u00f4t Vente Batterie Percussion | Rimocc Lyon","og_description":"Los Cabos, marque Canadienne, fabrique des baguettes et accessoires \u00e0 partir de bois 100% Canadien. Le bois est r\u00e9colt\u00e9 de fa\u00e7on \u00e9co-responsable par les fournisseurs agr\u00e9\u00e9s FSC et Los Cabos tient compte de l'enjeu environnemental.Toutes les baguettes sont \u00e9quilibr\u00e9es, choisies une \u00e0 une puis associ\u00e9es par paire de poids \u00e9quivalent (au gr).L\u2019\u00e9rable est un bois dur, connu pour sa rigidit\u00e9 et ses propri\u00e9t\u00e9s tonales, ce qui en fait un choix id\u00e9al pour les batteurs \u00e0 la recherche d\u2019un son clair, pr\u00e9cis comportant une belle attaque.","og_url":"https:\/\/www.rimocc.com\/en\/product\/los-cabos-5b-maple\/","og_site_name":"D\u00e9p\u00f4t Vente Batterie Percussion | Rimocc Lyon","article_publisher":"https:\/\/www.facebook.com\/rimocclyon\/?locale=fr_FR","article_modified_time":"2023-07-26T16:28:33+00:00","og_image":[{"width":225,"height":225,"url":"https:\/\/www.rimocc.com\/wp-content\/uploads\/2023\/06\/0e6ab0_8e5e423e36b240ad91aa074e4368528emv2.gif","type":"image\/gif"}],"twitter_card":"summary_large_image","twitter_misc":{"Est. reading time":"1 minute"},"schema":{"@context":"https:\/\/schema.org","@graph":[{"@type":"WebPage","@id":"https:\/\/www.rimocc.com\/product\/los-cabos-5b-maple\/","url":"https:\/\/www.rimocc.com\/product\/los-cabos-5b-maple\/","name":"LOS CABOS 5B Maple - D\u00e9p\u00f4t Vente Batterie Percussion | Rimocc Lyon","isPartOf":{"@id":"https:\/\/www.rimocc.com\/#website"},"primaryImageOfPage":{"@id":"https:\/\/www.rimocc.com\/product\/los-cabos-5b-maple\/#primaryimage"},"image":{"@id":"https:\/\/www.rimocc.com\/product\/los-cabos-5b-maple\/#primaryimage"},"thumbnailUrl":"https:\/\/www.rimocc.com\/wp-content\/uploads\/2023\/06\/0e6ab0_8e5e423e36b240ad91aa074e4368528emv2.gif","datePublished":"2023-06-08T21:13:13+00:00","dateModified":"2023-07-26T16:28:33+00:00","description":"Los Cabos, marque Canadienne, fabrique des baguettes et accessoires \u00e0 partir de bois 100% Canadien. Le bois est r\u00e9colt\u00e9 de fa\u00e7on \u00e9co-responsable par les fournisseurs agr\u00e9\u00e9s FSC et Los Cabos tient compte de l'enjeu environnemental.Toutes les baguettes sont \u00e9quilibr\u00e9es, choisies une \u00e0 une puis associ\u00e9es par paire de poids \u00e9quivalent (au gr).L\u2019\u00e9rable est un bois dur, connu pour sa rigidit\u00e9 et ses propri\u00e9t\u00e9s tonales, ce qui en fait un choix id\u00e9al pour les batteurs \u00e0 la recherche d\u2019un son clair, pr\u00e9cis comportant une belle attaque.","breadcrumb":{"@id":"https:\/\/www.rimocc.com\/product\/los-cabos-5b-maple\/#breadcrumb"},"inLanguage":"en-US","potentialAction":[{"@type":"ReadAction","target":["https:\/\/www.rimocc.com\/product\/los-cabos-5b-maple\/"]}]},{"@type":"ImageObject","inLanguage":"en-US","@id":"https:\/\/www.rimocc.com\/product\/los-cabos-5b-maple\/#primaryimage","url":"https:\/\/www.rimocc.com\/wp-content\/uploads\/2023\/06\/0e6ab0_8e5e423e36b240ad91aa074e4368528emv2.gif","contentUrl":"https:\/\/www.rimocc.com\/wp-content\/uploads\/2023\/06\/0e6ab0_8e5e423e36b240ad91aa074e4368528emv2.gif","width":225,"height":225},{"@type":"BreadcrumbList","@id":"https:\/\/www.rimocc.com\/product\/los-cabos-5b-maple\/#breadcrumb","itemListElement":[{"@type":"ListItem","position":1,"name":"Home","item":"https:\/\/www.rimocc.com\/"},{"@type":"ListItem","position":2,"name":"Shop","item":"https:\/\/www.rimocc.com\/shop\/"},{"@type":"ListItem","position":3,"name":"LOS CABOS 5B Maple"}]},{"@type":"WebSite","@id":"https:\/\/www.rimocc.com\/#website","url":"https:\/\/www.rimocc.com\/","name":"D\u00e9p\u00f4t Vente Batterie Percussion | Rimocc Lyon","description":"Rimocc: l&#039;unique magasin d\u00e9di\u00e9 enti\u00e8rement \u00e0 la batterie, percussion d&#039;occasion et vintage \u00e0 Lyon, France","publisher":{"@id":"https:\/\/www.rimocc.com\/#organization"},"alternateName":"Rimocc'","potentialAction":[{"@type":"SearchAction","target":{"@type":"EntryPoint","urlTemplate":"https:\/\/www.rimocc.com\/?s={search_term_string}"},"query-input":{"@type":"PropertyValueSpecification","valueRequired":true,"valueName":"search_term_string"}}],"inLanguage":"en-US"},{"@type":"Organization","@id":"https:\/\/www.rimocc.com\/#organization","name":"Rimocc'","alternateName":"Rimocc","url":"https:\/\/www.rimocc.com\/","logo":{"@type":"ImageObject","inLanguage":"en-US","@id":"https:\/\/www.rimocc.com\/#\/schema\/logo\/image\/","url":"https:\/\/i0.wp.com\/www.rimocc.com\/wp-content\/uploads\/2023\/07\/RIMOCC_LOGO.jpg?fit=459%2C114&ssl=1","contentUrl":"https:\/\/i0.wp.com\/www.rimocc.com\/wp-content\/uploads\/2023\/07\/RIMOCC_LOGO.jpg?fit=459%2C114&ssl=1","width":459,"height":114,"caption":"Rimocc'"},"image":{"@id":"https:\/\/www.rimocc.com\/#\/schema\/logo\/image\/"},"sameAs":["https:\/\/www.facebook.com\/rimocclyon\/?locale=fr_FR","https:\/\/www.instagram.com\/rimoccc\/?hl=fr","https:\/\/www.tiktok.com\/@rimocc","https:\/\/www.youtube.com\/@Rimocc"]}]}},"jetpack_publicize_connections":[],"jetpack_sharing_enabled":true,"_links":{"self":[{"href":"https:\/\/www.rimocc.com\/en\/wp-json\/wp\/v2\/product\/1509","targetHints":{"allow":["GET"]}}],"collection":[{"href":"https:\/\/www.rimocc.com\/en\/wp-json\/wp\/v2\/product"}],"about":[{"href":"https:\/\/www.rimocc.com\/en\/wp-json\/wp\/v2\/types\/product"}],"replies":[{"embeddable":true,"href":"https:\/\/www.rimocc.com\/en\/wp-json\/wp\/v2\/comments?post=1509"}],"wp:featuredmedia":[{"embeddable":true,"href":"https:\/\/www.rimocc.com\/en\/wp-json\/wp\/v2\/media\/6949"}],"wp:attachment":[{"href":"https:\/\/www.rimocc.com\/en\/wp-json\/wp\/v2\/media?parent=1509"}],"wp:term":[{"taxonomy":"product_brand","embeddable":true,"href":"https:\/\/www.rimocc.com\/en\/wp-json\/wp\/v2\/product_brand?post=1509"},{"taxonomy":"product_cat","embeddable":true,"href":"https:\/\/www.rimocc.com\/en\/wp-json\/wp\/v2\/product_cat?post=1509"},{"taxonomy":"product_tag","embeddable":true,"href":"https:\/\/www.rimocc.com\/en\/wp-json\/wp\/v2\/product_tag?post=1509"}],"curies":[{"name":"wp","href":"https:\/\/api.w.org\/{rel}","templated":true}]}}