{"id":15088,"date":"2025-05-27T17:50:08","date_gmt":"2025-05-27T15:50:08","guid":{"rendered":"https:\/\/www.rimocc.com\/?post_type=product&#038;p=15088"},"modified":"2025-06-08T10:54:13","modified_gmt":"2025-06-08T08:54:13","slug":"rogers-tom-bass-16x16-koa-vintage-70s","status":"publish","type":"product","link":"https:\/\/www.rimocc.com\/en\/product\/rogers-tom-bass-16x16-koa-vintage-70s\/","title":{"rendered":"Rogers Tom Bass 16&Prime;x16&Prime; KOA Vintage 70&rsquo;s"},"content":{"rendered":"<p>Rogers Tom Bass 16&Prime;x16&Prime; KOA Vintage 70&rsquo;s<br \/>\nBig R Era<br \/>\nTr\u00e8s bon \u00e9tat g\u00e9n\u00e9ral, quelques petites traces de frottements, visibles de tr\u00e8s pr\u00eat<br \/>\nTout d&rsquo;origine et complet. Pieds inclus<br \/>\nRenforts de chanfreins et int\u00e9rieur Granitone<\/p>\n<p><strong>\u00ab\u00a0Enl\u00e8vement sur place privil\u00e9gi\u00e9 mais envoi possible dans toute la France sur devis s\u00e9par\u00e9 &#8211; merci de s\u00e9lectionner l&rsquo;option \u00ab\u00a0retrait en magasin\u00a0\u00bb et nous vous ferons parvenir un devis s\u00e9par\u00e9 pour la livraison, \u00e0 r\u00e9gler s\u00e9par\u00e9ment<\/strong><br \/>\n<strong>International order, pick-up ONLY\u00a0\u00bb<\/strong><\/p>\n<div class=\"avatar-container ng-tns-c3688163484-28 ng-trigger ng-trigger-scaleDown\">\n<p>L&rsquo;histoire des batteries Rogers commence en 1849 lorsque Joseph H. Rogers \u00e9tablit la premi\u00e8re entreprise am\u00e9ricaine de peaux de veau \u00e0 Brewster&rsquo;s Station, New York. Plus tard, une deuxi\u00e8me tannerie est ouverte \u00e0 Farmingdale, dans le New Jersey, dirig\u00e9e par son fils Joseph H. Rogers Junior.<\/p>\n<p>Le petit-fils de James Rogers, Cleveland S. Rogers, commence \u00e0 fabriquer les premi\u00e8res batteries \u00ab\u00a0Rogers\u00a0\u00bb \u00e0 la tannerie de Farmingdale dans les ann\u00e9es 1930. Au d\u00e9but, les batteries Rogers \u00e9taient assembl\u00e9es \u00e0 partir de f\u00fbts et d&rsquo;accastillage d&rsquo;autres fabricants, mais mont\u00e9es avec des peaux Rogers.<\/p>\n<p>Dans les ann\u00e9es 1950 et 1960, sous la direction d&rsquo;Henry Grossman et avec l&rsquo;inventivit\u00e9 de Joe Thompson, Rogers conna\u00eet son \u00e2ge d&rsquo;or, devenant un innovateur majeur dans la fabrication de batteries et de percussions. Leurs batteries \u00e9taient r\u00e9put\u00e9es pour leur qualit\u00e9 et \u00e9taient parfois surnomm\u00e9es la \u00ab\u00a0Rolls des batteries\u00a0\u00bb. L&rsquo;accastillage Swiv-O-Matic de Rogers \u00e9tait particuli\u00e8rement appr\u00e9ci\u00e9.<\/p>\n<p>En 1966, CBS acquiert Rogers. La production d\u00e9m\u00e9nage en Californie (Fullerton) en 1969. Dans les ann\u00e9es 1970, Rogers introduit l&rsquo;accastillage Memriloc, un syst\u00e8me de fixation stable, et le badge \u00ab\u00a0Big R\u00a0\u00bb fait son apparition.<\/p>\n<p>Malgr\u00e9 des innovations, la marque Rogers cesse d&rsquo;exister \u00e0 la fin des ann\u00e9es 1980 apr\u00e8s plusieurs ventes. Cependant, les batteries vintage Rogers restent tr\u00e8s recherch\u00e9es par les collectionneurs et les batteurs pour leur sonorit\u00e9 et leur qualit\u00e9 de fabrication.<\/p>\n<p>R\u00e9cemment, la marque Rogers a \u00e9t\u00e9 relanc\u00e9e, cherchant \u00e0 retrouver le son de son \u00ab\u00a0\u00e2ge d&rsquo;or\u00a0\u00bb tout en utilisant des techniques de fabrication modernes.<\/p>\n<p><a href=\"https:\/\/rogersdrumsusa.com\/\">https:\/\/rogersdrumsusa.com\/<\/a><br \/>\n<a href=\"https:\/\/www.rimocc.com\/en\/product-category\/toms\/\">https:\/\/www.rimocc.com\/product-category\/toms\/<\/a><\/p>\n<p class=\"responsive-video-wrap clr\"><iframe title=\"Rogers Big R FT 16 KOA #drums #drummer #drummerlife #rimoccc #vintagedrums #rogersdrums Rogers Drums\" width=\"1200\" height=\"675\" src=\"https:\/\/www.youtube.com\/embed\/SlKAgDiZSCM?feature=oembed\" frameborder=\"0\" allow=\"accelerometer; autoplay; clipboard-write; encrypted-media; gyroscope; picture-in-picture; web-share\" referrerpolicy=\"strict-origin-when-cross-origin\" allowfullscreen><\/iframe><\/p>\n<\/div>","protected":false},"excerpt":{"rendered":"<p>Rogers Tom Bass 16&Prime;x16&Prime; KOA Vintage 70&rsquo;s Big R Era Tr\u00e8s bon \u00e9tat g\u00e9n\u00e9ral, quelques petites traces de frottements, visibles de tr\u00e8s pr\u00eat Tout d&rsquo;origine et complet. Pieds inclus Renforts de chanfreins et int\u00e9rieur Granitone \u00ab\u00a0Enl\u00e8vement sur place privil\u00e9gi\u00e9 mais envoi possible dans toute la France sur devis s\u00e9par\u00e9 &#8211; merci de s\u00e9lectionner l&rsquo;option \u00ab\u00a0retrait [&hellip;]<\/p>\n","protected":false},"featured_media":15086,"comment_status":"open","ping_status":"closed","template":"","meta":{"jetpack_publicize_message":"","jetpack_publicize_feature_enabled":true,"jetpack_social_post_already_shared":false,"jetpack_social_options":{"image_generator_settings":{"template":"highway","default_image_id":0,"font":"","enabled":false},"version":2}},"product_brand":[],"product_cat":[18],"product_tag":[54,532],"class_list":{"0":"post-15088","1":"product","2":"type-product","3":"status-publish","4":"has-post-thumbnail","6":"product_cat-toms","7":"product_tag-rogers","8":"product_tag-rogers-drums","10":"entry","11":"has-media","13":"first","14":"outofstock","15":"shipping-taxable","16":"purchasable","17":"product-type-simple","18":"has-product-nav","19":"col","20":"span_1_of_3","21":"owp-content-center","22":"owp-thumbs-layout-horizontal","23":"owp-btn-normal","24":"owp-tabs-layout-horizontal"},"yoast_head":"<!-- This site is optimized with the Yoast SEO plugin v27.5 - https:\/\/yoast.com\/product\/yoast-seo-wordpress\/ -->\n<title>Rogers Tom Bass 16&quot;x16&quot; KOA Vintage 70&#039;s - D\u00e9p\u00f4t Vente Batterie Percussion | Rimocc Lyon<\/title>\n<meta name=\"description\" content=\"Tom basse Rogers vintage des ann\u00e9es 70, dimensions 16x16 pouces, finition Koa. Sonorit\u00e9 et esth\u00e9tique vintage garanties pour les passionn\u00e9s de batteries.\" \/>\n<meta name=\"robots\" content=\"index, follow, max-snippet:-1, max-image-preview:large, max-video-preview:-1\" \/>\n<link rel=\"canonical\" href=\"https:\/\/www.rimocc.com\/en\/product\/rogers-tom-bass-16x16-koa-vintage-70s\/\" \/>\n<meta property=\"og:locale\" content=\"en_US\" \/>\n<meta property=\"og:type\" content=\"article\" \/>\n<meta property=\"og:title\" content=\"Rogers Tom Bass 16&quot;x16&quot; KOA Vintage 70&#039;s - D\u00e9p\u00f4t Vente Batterie Percussion | Rimocc Lyon\" \/>\n<meta property=\"og:description\" content=\"Tom basse Rogers vintage des ann\u00e9es 70, dimensions 16x16 pouces, finition Koa. Sonorit\u00e9 et esth\u00e9tique vintage garanties pour les passionn\u00e9s de batteries.\" \/>\n<meta property=\"og:url\" content=\"https:\/\/www.rimocc.com\/en\/product\/rogers-tom-bass-16x16-koa-vintage-70s\/\" \/>\n<meta property=\"og:site_name\" content=\"D\u00e9p\u00f4t Vente Batterie Percussion | Rimocc Lyon\" \/>\n<meta property=\"article:publisher\" content=\"https:\/\/www.facebook.com\/rimocclyon\/?locale=fr_FR\" \/>\n<meta property=\"article:modified_time\" content=\"2025-06-08T08:54:13+00:00\" \/>\n<meta property=\"og:image\" content=\"https:\/\/www.rimocc.com\/wp-content\/uploads\/2025\/05\/Rogers-Tom-Bass-16_x16_-KOA-Vintage-70_s-1.jpg\" \/>\n\t<meta property=\"og:image:width\" content=\"1920\" \/>\n\t<meta property=\"og:image:height\" content=\"1920\" \/>\n\t<meta property=\"og:image:type\" content=\"image\/jpeg\" \/>\n<meta name=\"twitter:card\" content=\"summary_large_image\" \/>\n<meta name=\"twitter:label1\" content=\"Est. reading time\" \/>\n\t<meta name=\"twitter:data1\" content=\"2 minutes\" \/>\n<script type=\"application\/ld+json\" class=\"yoast-schema-graph\">{\"@context\":\"https:\\\/\\\/schema.org\",\"@graph\":[{\"@type\":\"WebPage\",\"@id\":\"https:\\\/\\\/www.rimocc.com\\\/product\\\/rogers-tom-bass-16x16-koa-vintage-70s\\\/\",\"url\":\"https:\\\/\\\/www.rimocc.com\\\/product\\\/rogers-tom-bass-16x16-koa-vintage-70s\\\/\",\"name\":\"Rogers Tom Bass 16\\\"x16\\\" KOA Vintage 70's - D\u00e9p\u00f4t Vente Batterie Percussion | Rimocc Lyon\",\"isPartOf\":{\"@id\":\"https:\\\/\\\/www.rimocc.com\\\/#website\"},\"primaryImageOfPage\":{\"@id\":\"https:\\\/\\\/www.rimocc.com\\\/product\\\/rogers-tom-bass-16x16-koa-vintage-70s\\\/#primaryimage\"},\"image\":{\"@id\":\"https:\\\/\\\/www.rimocc.com\\\/product\\\/rogers-tom-bass-16x16-koa-vintage-70s\\\/#primaryimage\"},\"thumbnailUrl\":\"https:\\\/\\\/www.rimocc.com\\\/wp-content\\\/uploads\\\/2025\\\/05\\\/Rogers-Tom-Bass-16_x16_-KOA-Vintage-70_s-1.jpg\",\"datePublished\":\"2025-05-27T15:50:08+00:00\",\"dateModified\":\"2025-06-08T08:54:13+00:00\",\"description\":\"Tom basse Rogers vintage des ann\u00e9es 70, dimensions 16x16 pouces, finition Koa. Sonorit\u00e9 et esth\u00e9tique vintage garanties pour les passionn\u00e9s de batteries.\",\"breadcrumb\":{\"@id\":\"https:\\\/\\\/www.rimocc.com\\\/product\\\/rogers-tom-bass-16x16-koa-vintage-70s\\\/#breadcrumb\"},\"inLanguage\":\"en-US\",\"potentialAction\":[{\"@type\":\"ReadAction\",\"target\":[\"https:\\\/\\\/www.rimocc.com\\\/product\\\/rogers-tom-bass-16x16-koa-vintage-70s\\\/\"]}]},{\"@type\":\"ImageObject\",\"inLanguage\":\"en-US\",\"@id\":\"https:\\\/\\\/www.rimocc.com\\\/product\\\/rogers-tom-bass-16x16-koa-vintage-70s\\\/#primaryimage\",\"url\":\"https:\\\/\\\/www.rimocc.com\\\/wp-content\\\/uploads\\\/2025\\\/05\\\/Rogers-Tom-Bass-16_x16_-KOA-Vintage-70_s-1.jpg\",\"contentUrl\":\"https:\\\/\\\/www.rimocc.com\\\/wp-content\\\/uploads\\\/2025\\\/05\\\/Rogers-Tom-Bass-16_x16_-KOA-Vintage-70_s-1.jpg\",\"width\":1920,\"height\":1920,\"caption\":\"Rogers Tom Bass 16\\\"x16\\\" KOA Vintage 70's\"},{\"@type\":\"BreadcrumbList\",\"@id\":\"https:\\\/\\\/www.rimocc.com\\\/product\\\/rogers-tom-bass-16x16-koa-vintage-70s\\\/#breadcrumb\",\"itemListElement\":[{\"@type\":\"ListItem\",\"position\":1,\"name\":\"Home\",\"item\":\"https:\\\/\\\/www.rimocc.com\\\/\"},{\"@type\":\"ListItem\",\"position\":2,\"name\":\"Shop\",\"item\":\"https:\\\/\\\/www.rimocc.com\\\/shop\\\/\"},{\"@type\":\"ListItem\",\"position\":3,\"name\":\"Rogers Tom Bass 16&#8243;x16&#8243; KOA Vintage 70&#8217;s\"}]},{\"@type\":\"WebSite\",\"@id\":\"https:\\\/\\\/www.rimocc.com\\\/#website\",\"url\":\"https:\\\/\\\/www.rimocc.com\\\/\",\"name\":\"D\u00e9p\u00f4t Vente Batterie Percussion | Rimocc Lyon\",\"description\":\"Rimocc: l&#039;unique magasin d\u00e9di\u00e9 enti\u00e8rement \u00e0 la batterie, percussion d&#039;occasion et vintage \u00e0 Lyon, France\",\"publisher\":{\"@id\":\"https:\\\/\\\/www.rimocc.com\\\/#organization\"},\"alternateName\":\"Rimocc'\",\"potentialAction\":[{\"@type\":\"SearchAction\",\"target\":{\"@type\":\"EntryPoint\",\"urlTemplate\":\"https:\\\/\\\/www.rimocc.com\\\/?s={search_term_string}\"},\"query-input\":{\"@type\":\"PropertyValueSpecification\",\"valueRequired\":true,\"valueName\":\"search_term_string\"}}],\"inLanguage\":\"en-US\"},{\"@type\":\"Organization\",\"@id\":\"https:\\\/\\\/www.rimocc.com\\\/#organization\",\"name\":\"Rimocc'\",\"alternateName\":\"Rimocc\",\"url\":\"https:\\\/\\\/www.rimocc.com\\\/\",\"logo\":{\"@type\":\"ImageObject\",\"inLanguage\":\"en-US\",\"@id\":\"https:\\\/\\\/www.rimocc.com\\\/#\\\/schema\\\/logo\\\/image\\\/\",\"url\":\"https:\\\/\\\/i0.wp.com\\\/www.rimocc.com\\\/wp-content\\\/uploads\\\/2023\\\/07\\\/RIMOCC_LOGO.jpg?fit=459%2C114&ssl=1\",\"contentUrl\":\"https:\\\/\\\/i0.wp.com\\\/www.rimocc.com\\\/wp-content\\\/uploads\\\/2023\\\/07\\\/RIMOCC_LOGO.jpg?fit=459%2C114&ssl=1\",\"width\":459,\"height\":114,\"caption\":\"Rimocc'\"},\"image\":{\"@id\":\"https:\\\/\\\/www.rimocc.com\\\/#\\\/schema\\\/logo\\\/image\\\/\"},\"sameAs\":[\"https:\\\/\\\/www.facebook.com\\\/rimocclyon\\\/?locale=fr_FR\",\"https:\\\/\\\/www.instagram.com\\\/rimoccc\\\/?hl=fr\",\"https:\\\/\\\/www.tiktok.com\\\/@rimocc\",\"https:\\\/\\\/www.youtube.com\\\/@Rimocc\"]}]}<\/script>\n<!-- \/ Yoast SEO plugin. -->","yoast_head_json":{"title":"Rogers Tom Bass 16\"x16\" KOA Vintage 70's - D\u00e9p\u00f4t Vente Batterie Percussion | Rimocc Lyon","description":"Tom basse Rogers vintage des ann\u00e9es 70, dimensions 16x16 pouces, finition Koa. Sonorit\u00e9 et esth\u00e9tique vintage garanties pour les passionn\u00e9s de batteries.","robots":{"index":"index","follow":"follow","max-snippet":"max-snippet:-1","max-image-preview":"max-image-preview:large","max-video-preview":"max-video-preview:-1"},"canonical":"https:\/\/www.rimocc.com\/en\/product\/rogers-tom-bass-16x16-koa-vintage-70s\/","og_locale":"en_US","og_type":"article","og_title":"Rogers Tom Bass 16\"x16\" KOA Vintage 70's - D\u00e9p\u00f4t Vente Batterie Percussion | Rimocc Lyon","og_description":"Tom basse Rogers vintage des ann\u00e9es 70, dimensions 16x16 pouces, finition Koa. Sonorit\u00e9 et esth\u00e9tique vintage garanties pour les passionn\u00e9s de batteries.","og_url":"https:\/\/www.rimocc.com\/en\/product\/rogers-tom-bass-16x16-koa-vintage-70s\/","og_site_name":"D\u00e9p\u00f4t Vente Batterie Percussion | Rimocc Lyon","article_publisher":"https:\/\/www.facebook.com\/rimocclyon\/?locale=fr_FR","article_modified_time":"2025-06-08T08:54:13+00:00","og_image":[{"width":1920,"height":1920,"url":"https:\/\/www.rimocc.com\/wp-content\/uploads\/2025\/05\/Rogers-Tom-Bass-16_x16_-KOA-Vintage-70_s-1.jpg","type":"image\/jpeg"}],"twitter_card":"summary_large_image","twitter_misc":{"Est. reading time":"2 minutes"},"schema":{"@context":"https:\/\/schema.org","@graph":[{"@type":"WebPage","@id":"https:\/\/www.rimocc.com\/product\/rogers-tom-bass-16x16-koa-vintage-70s\/","url":"https:\/\/www.rimocc.com\/product\/rogers-tom-bass-16x16-koa-vintage-70s\/","name":"Rogers Tom Bass 16\"x16\" KOA Vintage 70's - D\u00e9p\u00f4t Vente Batterie Percussion | Rimocc Lyon","isPartOf":{"@id":"https:\/\/www.rimocc.com\/#website"},"primaryImageOfPage":{"@id":"https:\/\/www.rimocc.com\/product\/rogers-tom-bass-16x16-koa-vintage-70s\/#primaryimage"},"image":{"@id":"https:\/\/www.rimocc.com\/product\/rogers-tom-bass-16x16-koa-vintage-70s\/#primaryimage"},"thumbnailUrl":"https:\/\/www.rimocc.com\/wp-content\/uploads\/2025\/05\/Rogers-Tom-Bass-16_x16_-KOA-Vintage-70_s-1.jpg","datePublished":"2025-05-27T15:50:08+00:00","dateModified":"2025-06-08T08:54:13+00:00","description":"Tom basse Rogers vintage des ann\u00e9es 70, dimensions 16x16 pouces, finition Koa. Sonorit\u00e9 et esth\u00e9tique vintage garanties pour les passionn\u00e9s de batteries.","breadcrumb":{"@id":"https:\/\/www.rimocc.com\/product\/rogers-tom-bass-16x16-koa-vintage-70s\/#breadcrumb"},"inLanguage":"en-US","potentialAction":[{"@type":"ReadAction","target":["https:\/\/www.rimocc.com\/product\/rogers-tom-bass-16x16-koa-vintage-70s\/"]}]},{"@type":"ImageObject","inLanguage":"en-US","@id":"https:\/\/www.rimocc.com\/product\/rogers-tom-bass-16x16-koa-vintage-70s\/#primaryimage","url":"https:\/\/www.rimocc.com\/wp-content\/uploads\/2025\/05\/Rogers-Tom-Bass-16_x16_-KOA-Vintage-70_s-1.jpg","contentUrl":"https:\/\/www.rimocc.com\/wp-content\/uploads\/2025\/05\/Rogers-Tom-Bass-16_x16_-KOA-Vintage-70_s-1.jpg","width":1920,"height":1920,"caption":"Rogers Tom Bass 16\"x16\" KOA Vintage 70's"},{"@type":"BreadcrumbList","@id":"https:\/\/www.rimocc.com\/product\/rogers-tom-bass-16x16-koa-vintage-70s\/#breadcrumb","itemListElement":[{"@type":"ListItem","position":1,"name":"Home","item":"https:\/\/www.rimocc.com\/"},{"@type":"ListItem","position":2,"name":"Shop","item":"https:\/\/www.rimocc.com\/shop\/"},{"@type":"ListItem","position":3,"name":"Rogers Tom Bass 16&#8243;x16&#8243; KOA Vintage 70&#8217;s"}]},{"@type":"WebSite","@id":"https:\/\/www.rimocc.com\/#website","url":"https:\/\/www.rimocc.com\/","name":"D\u00e9p\u00f4t Vente Batterie Percussion | Rimocc Lyon","description":"Rimocc: l&#039;unique magasin d\u00e9di\u00e9 enti\u00e8rement \u00e0 la batterie, percussion d&#039;occasion et vintage \u00e0 Lyon, France","publisher":{"@id":"https:\/\/www.rimocc.com\/#organization"},"alternateName":"Rimocc'","potentialAction":[{"@type":"SearchAction","target":{"@type":"EntryPoint","urlTemplate":"https:\/\/www.rimocc.com\/?s={search_term_string}"},"query-input":{"@type":"PropertyValueSpecification","valueRequired":true,"valueName":"search_term_string"}}],"inLanguage":"en-US"},{"@type":"Organization","@id":"https:\/\/www.rimocc.com\/#organization","name":"Rimocc'","alternateName":"Rimocc","url":"https:\/\/www.rimocc.com\/","logo":{"@type":"ImageObject","inLanguage":"en-US","@id":"https:\/\/www.rimocc.com\/#\/schema\/logo\/image\/","url":"https:\/\/i0.wp.com\/www.rimocc.com\/wp-content\/uploads\/2023\/07\/RIMOCC_LOGO.jpg?fit=459%2C114&ssl=1","contentUrl":"https:\/\/i0.wp.com\/www.rimocc.com\/wp-content\/uploads\/2023\/07\/RIMOCC_LOGO.jpg?fit=459%2C114&ssl=1","width":459,"height":114,"caption":"Rimocc'"},"image":{"@id":"https:\/\/www.rimocc.com\/#\/schema\/logo\/image\/"},"sameAs":["https:\/\/www.facebook.com\/rimocclyon\/?locale=fr_FR","https:\/\/www.instagram.com\/rimoccc\/?hl=fr","https:\/\/www.tiktok.com\/@rimocc","https:\/\/www.youtube.com\/@Rimocc"]}]}},"jetpack_publicize_connections":[],"jetpack_sharing_enabled":true,"_links":{"self":[{"href":"https:\/\/www.rimocc.com\/en\/wp-json\/wp\/v2\/product\/15088","targetHints":{"allow":["GET"]}}],"collection":[{"href":"https:\/\/www.rimocc.com\/en\/wp-json\/wp\/v2\/product"}],"about":[{"href":"https:\/\/www.rimocc.com\/en\/wp-json\/wp\/v2\/types\/product"}],"replies":[{"embeddable":true,"href":"https:\/\/www.rimocc.com\/en\/wp-json\/wp\/v2\/comments?post=15088"}],"wp:featuredmedia":[{"embeddable":true,"href":"https:\/\/www.rimocc.com\/en\/wp-json\/wp\/v2\/media\/15086"}],"wp:attachment":[{"href":"https:\/\/www.rimocc.com\/en\/wp-json\/wp\/v2\/media?parent=15088"}],"wp:term":[{"taxonomy":"product_brand","embeddable":true,"href":"https:\/\/www.rimocc.com\/en\/wp-json\/wp\/v2\/product_brand?post=15088"},{"taxonomy":"product_cat","embeddable":true,"href":"https:\/\/www.rimocc.com\/en\/wp-json\/wp\/v2\/product_cat?post=15088"},{"taxonomy":"product_tag","embeddable":true,"href":"https:\/\/www.rimocc.com\/en\/wp-json\/wp\/v2\/product_tag?post=15088"}],"curies":[{"name":"wp","href":"https:\/\/api.w.org\/{rel}","templated":true}]}}