{"id":15029,"date":"2025-05-24T17:03:39","date_gmt":"2025-05-24T15:03:39","guid":{"rendered":"https:\/\/www.rimocc.com\/?post_type=product&#038;p=15029"},"modified":"2025-05-27T00:26:05","modified_gmt":"2025-05-26T22:26:05","slug":"rogers-6-coquilles-tom-beavertail-vintage-late-70s-2","status":"publish","type":"product","link":"https:\/\/www.rimocc.com\/en\/product\/rogers-6-coquilles-tom-beavertail-vintage-late-70s-2\/","title":{"rendered":"Rogers 6 Coquilles Tom Beavertail Vintage late 70&rsquo;s 2"},"content":{"rendered":"<p>Rogers 6 Coquilles Tom Beavertail Vintage late 70&rsquo;s<br \/>\nTr\u00e8s bon \u00e9tat g\u00e9n\u00e9ral, \u00e0 lustrer<br \/>\nCompl\u00e8tes<\/p>\n<p>La marque Rogers, avec son h\u00e9ritage remontant au 19\u00e8me si\u00e8cle, a connu son \u00e2ge d&rsquo;or dans les ann\u00e9es 1960 et 1970.<\/p>\n<p>Les coquilles de type \u00ab\u00a0Beavertail\u00a0\u00bb (queue de castor), introduites par Rogers dans les ann\u00e9es 1960, \u00e9taient moul\u00e9es sous pression pour une robustesse accrue et ont remplac\u00e9 les coquilles \u00ab\u00a0B&amp;B\u00a0\u00bb (Bread &amp; Butter) plus anciennes. Leur design profil\u00e9 et \u00e9l\u00e9gant, rappelant la forme d&rsquo;une queue de castor, est devenu une signature visuelle des batteries Rogers de cette \u00e9poque. Ces coquilles contribuaient non seulement \u00e0 l&rsquo;esth\u00e9tique de l&rsquo;instrument, mais aussi \u00e0 une tension plus uniforme de la peau, favorisant ainsi une meilleure r\u00e9sonance.L&rsquo;histoire de Rogers Drums est riche et s&rsquo;\u00e9tend sur plusieurs d\u00e9cennies.<\/p>\n<p>Les d\u00e9buts et l&rsquo;\u00e2ge d&rsquo;or :<\/p>\n<p>L&rsquo;entreprise a \u00e9t\u00e9 fond\u00e9e en 1849 par James Rogers, un immigrant irlandais, qui a commenc\u00e9 par fabriquer des peaux de batterie \u00e0 Brewster&rsquo;s Station, New York.<br \/>\nSon petit-fils, Cleveland S. Rogers, a commenc\u00e9 \u00e0 fabriquer les premi\u00e8res batteries \u00ab\u00a0Rogers\u00a0\u00bb dans les ann\u00e9es 1930 \u00e0 Farmingdale, New Jersey. Initialement, elles \u00e9taient assembl\u00e9es avec des f\u00fbts et des accessoires d&rsquo;autres fabricants, mais avec des peaux Rogers.<br \/>\nDans les ann\u00e9es 1950 et 1960, sous la direction d&rsquo;Henry Grossman \u00e0 Covington, Ohio, Rogers a connu son \u00ab\u00a0\u00e2ge d&rsquo;or\u00a0\u00bb. L&rsquo;entreprise est devenue un leader en mati\u00e8re d&rsquo;innovation dans la fabrication de batteries et de percussions.<br \/>\nRogers a introduit des innovations marquantes comme l&rsquo;accastillage Swivo-Matic (tr\u00e8s stable et copi\u00e9 par d&rsquo;autres marques) et la caisse claire Dyna-Sonic, r\u00e9put\u00e9e pour sa sensibilit\u00e9 et son timbre.<br \/>\nLeurs batteries \u00e9taient consid\u00e9r\u00e9es comme haut de gamme, parfois surnomm\u00e9es la \u00ab\u00a0Rolls des batteries\u00a0\u00bb.<\/p>\n<p>Les ann\u00e9es 70 et apr\u00e8s :<\/p>\n<p>Dans les ann\u00e9es 1970, Rogers a introduit l&rsquo;accastillage Memriloc, un syst\u00e8me de fixation tr\u00e8s stable. C&rsquo;est \u00e9galement \u00e0 cette \u00e9poque qu&rsquo;est apparu le badge \u00ab\u00a0Big R\u00a0\u00bb.<br \/>\nCBS a acquis Rogers en 1966.<br \/>\nLa production a d\u00e9m\u00e9nag\u00e9 en Californie (Fullerton) en 1969.<br \/>\nMalgr\u00e9 des innovations continues, la marque a cess\u00e9 d&rsquo;exister \u00e0 la fin des ann\u00e9es 1980 apr\u00e8s avoir \u00e9t\u00e9 vendue \u00e0 plusieurs reprises.<\/p>\n<p>Renaissance moderne :<\/p>\n<p>Le nom Rogers a \u00e9t\u00e9 relanc\u00e9 plus r\u00e9cemment, produisant de nouveaux instruments qui rendent hommage \u00e0 l&rsquo;h\u00e9ritage de la marque.<\/p>\n<p>En r\u00e9sum\u00e9, Rogers Drums est une marque avec une histoire riche en innovations et en instruments de qualit\u00e9, particuli\u00e8rement v\u00e9n\u00e9r\u00e9e pour ses productions des ann\u00e9es 1950 et 1960. Les batteries vintage Rogers restent tr\u00e8s recherch\u00e9es par les collectionneurs et les batteurs pour leur sonorit\u00e9 et leur qualit\u00e9 de fabrication.<\/p>\n<p><a href=\"https:\/\/rogersdrumsusa.com\/\">https:\/\/rogersdrumsusa.com\/<\/a><br \/>\n<a href=\"https:\/\/www.rimocc.com\/en\/product-category\/accessoires-batterie\/\">https:\/\/www.rimocc.com\/product-category\/accessoires-batterie\/<\/a><\/p>","protected":false},"excerpt":{"rendered":"<p>Rogers 6 Coquilles Tom Beavertail Vintage late 70&rsquo;s Tr\u00e8s bon \u00e9tat g\u00e9n\u00e9ral, \u00e0 lustrer Compl\u00e8tes La marque Rogers, avec son h\u00e9ritage remontant au 19\u00e8me si\u00e8cle, a connu son \u00e2ge d&rsquo;or dans les ann\u00e9es 1960 et 1970. Les coquilles de type \u00ab\u00a0Beavertail\u00a0\u00bb (queue de castor), introduites par Rogers dans les ann\u00e9es 1960, \u00e9taient moul\u00e9es sous pression [&hellip;]<\/p>\n","protected":false},"featured_media":15028,"comment_status":"open","ping_status":"closed","template":"","meta":{"jetpack_publicize_message":"","jetpack_publicize_feature_enabled":true,"jetpack_social_post_already_shared":false,"jetpack_social_options":{"image_generator_settings":{"template":"highway","default_image_id":0,"font":"","enabled":false},"version":2}},"product_brand":[],"product_cat":[22],"product_tag":[548,538,54,532],"class_list":{"0":"post-15029","1":"product","2":"type-product","3":"status-publish","4":"has-post-thumbnail","6":"product_cat-accessoires-batterie","7":"product_tag-depot-vente-lyon","8":"product_tag-magasin-de-musique-lyon","9":"product_tag-rogers","10":"product_tag-rogers-drums","12":"entry","13":"has-media","15":"first","16":"outofstock","17":"shipping-taxable","18":"purchasable","19":"product-type-simple","20":"has-product-nav","21":"col","22":"span_1_of_3","23":"owp-content-center","24":"owp-thumbs-layout-horizontal","25":"owp-btn-normal","26":"owp-tabs-layout-horizontal"},"yoast_head":"<!-- This site is optimized with the Yoast SEO plugin v27.6 - https:\/\/yoast.com\/product\/yoast-seo-wordpress\/ -->\n<title>Rogers 6 Coquilles Tom Beavertail Vintage late 70&#039;s 2 - D\u00e9p\u00f4t Vente Batterie Percussion | Rimocc Lyon<\/title>\n<meta name=\"description\" content=\"Tom Rogers vintage fin 70&#039;s, 6 coquilles &#039;Beavertail&#039;. Vintage am\u00e9ricain classique, look iconique\" \/>\n<meta name=\"robots\" content=\"index, follow, max-snippet:-1, max-image-preview:large, max-video-preview:-1\" \/>\n<link rel=\"canonical\" href=\"https:\/\/www.rimocc.com\/en\/product\/rogers-6-coquilles-tom-beavertail-vintage-late-70s-2\/\" \/>\n<meta property=\"og:locale\" content=\"en_US\" \/>\n<meta property=\"og:type\" content=\"article\" \/>\n<meta property=\"og:title\" content=\"Rogers 6 Coquilles Tom Beavertail Vintage late 70&#039;s 2 - D\u00e9p\u00f4t Vente Batterie Percussion | Rimocc Lyon\" \/>\n<meta property=\"og:description\" content=\"Tom Rogers vintage fin 70&#039;s, 6 coquilles &#039;Beavertail&#039;. Vintage am\u00e9ricain classique, look iconique\" \/>\n<meta property=\"og:url\" content=\"https:\/\/www.rimocc.com\/en\/product\/rogers-6-coquilles-tom-beavertail-vintage-late-70s-2\/\" \/>\n<meta property=\"og:site_name\" content=\"D\u00e9p\u00f4t Vente Batterie Percussion | Rimocc Lyon\" \/>\n<meta property=\"article:publisher\" content=\"https:\/\/www.facebook.com\/rimocclyon\/?locale=fr_FR\" \/>\n<meta property=\"article:modified_time\" content=\"2025-05-26T22:26:05+00:00\" \/>\n<meta property=\"og:image\" content=\"https:\/\/www.rimocc.com\/wp-content\/uploads\/2025\/05\/Rogers-6-Coquilles-Tom-Beavertail-Vintage-late-70_s-2-1.jpg\" \/>\n\t<meta property=\"og:image:width\" content=\"1920\" \/>\n\t<meta property=\"og:image:height\" content=\"1920\" \/>\n\t<meta property=\"og:image:type\" content=\"image\/jpeg\" \/>\n<meta name=\"twitter:card\" content=\"summary_large_image\" \/>\n<meta name=\"twitter:label1\" content=\"Est. reading time\" \/>\n\t<meta name=\"twitter:data1\" content=\"3 minutes\" \/>\n<script type=\"application\/ld+json\" class=\"yoast-schema-graph\">{\"@context\":\"https:\\\/\\\/schema.org\",\"@graph\":[{\"@type\":\"WebPage\",\"@id\":\"https:\\\/\\\/www.rimocc.com\\\/product\\\/rogers-6-coquilles-tom-beavertail-vintage-late-70s-2\\\/\",\"url\":\"https:\\\/\\\/www.rimocc.com\\\/product\\\/rogers-6-coquilles-tom-beavertail-vintage-late-70s-2\\\/\",\"name\":\"Rogers 6 Coquilles Tom Beavertail Vintage late 70's 2 - D\u00e9p\u00f4t Vente Batterie Percussion | Rimocc Lyon\",\"isPartOf\":{\"@id\":\"https:\\\/\\\/www.rimocc.com\\\/#website\"},\"primaryImageOfPage\":{\"@id\":\"https:\\\/\\\/www.rimocc.com\\\/product\\\/rogers-6-coquilles-tom-beavertail-vintage-late-70s-2\\\/#primaryimage\"},\"image\":{\"@id\":\"https:\\\/\\\/www.rimocc.com\\\/product\\\/rogers-6-coquilles-tom-beavertail-vintage-late-70s-2\\\/#primaryimage\"},\"thumbnailUrl\":\"https:\\\/\\\/www.rimocc.com\\\/wp-content\\\/uploads\\\/2025\\\/05\\\/Rogers-6-Coquilles-Tom-Beavertail-Vintage-late-70_s-2-1.jpg\",\"datePublished\":\"2025-05-24T15:03:39+00:00\",\"dateModified\":\"2025-05-26T22:26:05+00:00\",\"description\":\"Tom Rogers vintage fin 70's, 6 coquilles 'Beavertail'. Vintage am\u00e9ricain classique, look iconique\",\"breadcrumb\":{\"@id\":\"https:\\\/\\\/www.rimocc.com\\\/product\\\/rogers-6-coquilles-tom-beavertail-vintage-late-70s-2\\\/#breadcrumb\"},\"inLanguage\":\"en-US\",\"potentialAction\":[{\"@type\":\"ReadAction\",\"target\":[\"https:\\\/\\\/www.rimocc.com\\\/product\\\/rogers-6-coquilles-tom-beavertail-vintage-late-70s-2\\\/\"]}]},{\"@type\":\"ImageObject\",\"inLanguage\":\"en-US\",\"@id\":\"https:\\\/\\\/www.rimocc.com\\\/product\\\/rogers-6-coquilles-tom-beavertail-vintage-late-70s-2\\\/#primaryimage\",\"url\":\"https:\\\/\\\/www.rimocc.com\\\/wp-content\\\/uploads\\\/2025\\\/05\\\/Rogers-6-Coquilles-Tom-Beavertail-Vintage-late-70_s-2-1.jpg\",\"contentUrl\":\"https:\\\/\\\/www.rimocc.com\\\/wp-content\\\/uploads\\\/2025\\\/05\\\/Rogers-6-Coquilles-Tom-Beavertail-Vintage-late-70_s-2-1.jpg\",\"width\":1920,\"height\":1920,\"caption\":\"Rogers 6 Coquilles Tom Beavertail Vintage late 70's\"},{\"@type\":\"BreadcrumbList\",\"@id\":\"https:\\\/\\\/www.rimocc.com\\\/product\\\/rogers-6-coquilles-tom-beavertail-vintage-late-70s-2\\\/#breadcrumb\",\"itemListElement\":[{\"@type\":\"ListItem\",\"position\":1,\"name\":\"Home\",\"item\":\"https:\\\/\\\/www.rimocc.com\\\/\"},{\"@type\":\"ListItem\",\"position\":2,\"name\":\"Shop\",\"item\":\"https:\\\/\\\/www.rimocc.com\\\/shop\\\/\"},{\"@type\":\"ListItem\",\"position\":3,\"name\":\"Rogers 6 Coquilles Tom Beavertail Vintage late 70&#8217;s 2\"}]},{\"@type\":\"WebSite\",\"@id\":\"https:\\\/\\\/www.rimocc.com\\\/#website\",\"url\":\"https:\\\/\\\/www.rimocc.com\\\/\",\"name\":\"D\u00e9p\u00f4t Vente Batterie Percussion | Rimocc Lyon\",\"description\":\"Rimocc: l&#039;unique magasin d\u00e9di\u00e9 enti\u00e8rement \u00e0 la batterie, percussion d&#039;occasion et vintage \u00e0 Lyon, France\",\"publisher\":{\"@id\":\"https:\\\/\\\/www.rimocc.com\\\/#organization\"},\"alternateName\":\"Rimocc'\",\"potentialAction\":[{\"@type\":\"SearchAction\",\"target\":{\"@type\":\"EntryPoint\",\"urlTemplate\":\"https:\\\/\\\/www.rimocc.com\\\/?s={search_term_string}\"},\"query-input\":{\"@type\":\"PropertyValueSpecification\",\"valueRequired\":true,\"valueName\":\"search_term_string\"}}],\"inLanguage\":\"en-US\"},{\"@type\":\"Organization\",\"@id\":\"https:\\\/\\\/www.rimocc.com\\\/#organization\",\"name\":\"Rimocc'\",\"alternateName\":\"Rimocc\",\"url\":\"https:\\\/\\\/www.rimocc.com\\\/\",\"logo\":{\"@type\":\"ImageObject\",\"inLanguage\":\"en-US\",\"@id\":\"https:\\\/\\\/www.rimocc.com\\\/#\\\/schema\\\/logo\\\/image\\\/\",\"url\":\"https:\\\/\\\/i0.wp.com\\\/www.rimocc.com\\\/wp-content\\\/uploads\\\/2023\\\/07\\\/RIMOCC_LOGO.jpg?fit=459%2C114&ssl=1\",\"contentUrl\":\"https:\\\/\\\/i0.wp.com\\\/www.rimocc.com\\\/wp-content\\\/uploads\\\/2023\\\/07\\\/RIMOCC_LOGO.jpg?fit=459%2C114&ssl=1\",\"width\":459,\"height\":114,\"caption\":\"Rimocc'\"},\"image\":{\"@id\":\"https:\\\/\\\/www.rimocc.com\\\/#\\\/schema\\\/logo\\\/image\\\/\"},\"sameAs\":[\"https:\\\/\\\/www.facebook.com\\\/rimocclyon\\\/?locale=fr_FR\",\"https:\\\/\\\/www.instagram.com\\\/rimoccc\\\/?hl=fr\",\"https:\\\/\\\/www.tiktok.com\\\/@rimocc\",\"https:\\\/\\\/www.youtube.com\\\/@Rimocc\"]}]}<\/script>\n<!-- \/ Yoast SEO plugin. -->","yoast_head_json":{"title":"Rogers 6 Coquilles Tom Beavertail Vintage late 70's 2 - D\u00e9p\u00f4t Vente Batterie Percussion | Rimocc Lyon","description":"Tom Rogers vintage fin 70's, 6 coquilles 'Beavertail'. Vintage am\u00e9ricain classique, look iconique","robots":{"index":"index","follow":"follow","max-snippet":"max-snippet:-1","max-image-preview":"max-image-preview:large","max-video-preview":"max-video-preview:-1"},"canonical":"https:\/\/www.rimocc.com\/en\/product\/rogers-6-coquilles-tom-beavertail-vintage-late-70s-2\/","og_locale":"en_US","og_type":"article","og_title":"Rogers 6 Coquilles Tom Beavertail Vintage late 70's 2 - D\u00e9p\u00f4t Vente Batterie Percussion | Rimocc Lyon","og_description":"Tom Rogers vintage fin 70's, 6 coquilles 'Beavertail'. Vintage am\u00e9ricain classique, look iconique","og_url":"https:\/\/www.rimocc.com\/en\/product\/rogers-6-coquilles-tom-beavertail-vintage-late-70s-2\/","og_site_name":"D\u00e9p\u00f4t Vente Batterie Percussion | Rimocc Lyon","article_publisher":"https:\/\/www.facebook.com\/rimocclyon\/?locale=fr_FR","article_modified_time":"2025-05-26T22:26:05+00:00","og_image":[{"width":1920,"height":1920,"url":"https:\/\/www.rimocc.com\/wp-content\/uploads\/2025\/05\/Rogers-6-Coquilles-Tom-Beavertail-Vintage-late-70_s-2-1.jpg","type":"image\/jpeg"}],"twitter_card":"summary_large_image","twitter_misc":{"Est. reading time":"3 minutes"},"schema":{"@context":"https:\/\/schema.org","@graph":[{"@type":"WebPage","@id":"https:\/\/www.rimocc.com\/product\/rogers-6-coquilles-tom-beavertail-vintage-late-70s-2\/","url":"https:\/\/www.rimocc.com\/product\/rogers-6-coquilles-tom-beavertail-vintage-late-70s-2\/","name":"Rogers 6 Coquilles Tom Beavertail Vintage late 70's 2 - D\u00e9p\u00f4t Vente Batterie Percussion | Rimocc Lyon","isPartOf":{"@id":"https:\/\/www.rimocc.com\/#website"},"primaryImageOfPage":{"@id":"https:\/\/www.rimocc.com\/product\/rogers-6-coquilles-tom-beavertail-vintage-late-70s-2\/#primaryimage"},"image":{"@id":"https:\/\/www.rimocc.com\/product\/rogers-6-coquilles-tom-beavertail-vintage-late-70s-2\/#primaryimage"},"thumbnailUrl":"https:\/\/www.rimocc.com\/wp-content\/uploads\/2025\/05\/Rogers-6-Coquilles-Tom-Beavertail-Vintage-late-70_s-2-1.jpg","datePublished":"2025-05-24T15:03:39+00:00","dateModified":"2025-05-26T22:26:05+00:00","description":"Tom Rogers vintage fin 70's, 6 coquilles 'Beavertail'. Vintage am\u00e9ricain classique, look iconique","breadcrumb":{"@id":"https:\/\/www.rimocc.com\/product\/rogers-6-coquilles-tom-beavertail-vintage-late-70s-2\/#breadcrumb"},"inLanguage":"en-US","potentialAction":[{"@type":"ReadAction","target":["https:\/\/www.rimocc.com\/product\/rogers-6-coquilles-tom-beavertail-vintage-late-70s-2\/"]}]},{"@type":"ImageObject","inLanguage":"en-US","@id":"https:\/\/www.rimocc.com\/product\/rogers-6-coquilles-tom-beavertail-vintage-late-70s-2\/#primaryimage","url":"https:\/\/www.rimocc.com\/wp-content\/uploads\/2025\/05\/Rogers-6-Coquilles-Tom-Beavertail-Vintage-late-70_s-2-1.jpg","contentUrl":"https:\/\/www.rimocc.com\/wp-content\/uploads\/2025\/05\/Rogers-6-Coquilles-Tom-Beavertail-Vintage-late-70_s-2-1.jpg","width":1920,"height":1920,"caption":"Rogers 6 Coquilles Tom Beavertail Vintage late 70's"},{"@type":"BreadcrumbList","@id":"https:\/\/www.rimocc.com\/product\/rogers-6-coquilles-tom-beavertail-vintage-late-70s-2\/#breadcrumb","itemListElement":[{"@type":"ListItem","position":1,"name":"Home","item":"https:\/\/www.rimocc.com\/"},{"@type":"ListItem","position":2,"name":"Shop","item":"https:\/\/www.rimocc.com\/shop\/"},{"@type":"ListItem","position":3,"name":"Rogers 6 Coquilles Tom Beavertail Vintage late 70&#8217;s 2"}]},{"@type":"WebSite","@id":"https:\/\/www.rimocc.com\/#website","url":"https:\/\/www.rimocc.com\/","name":"D\u00e9p\u00f4t Vente Batterie Percussion | Rimocc Lyon","description":"Rimocc: l&#039;unique magasin d\u00e9di\u00e9 enti\u00e8rement \u00e0 la batterie, percussion d&#039;occasion et vintage \u00e0 Lyon, France","publisher":{"@id":"https:\/\/www.rimocc.com\/#organization"},"alternateName":"Rimocc'","potentialAction":[{"@type":"SearchAction","target":{"@type":"EntryPoint","urlTemplate":"https:\/\/www.rimocc.com\/?s={search_term_string}"},"query-input":{"@type":"PropertyValueSpecification","valueRequired":true,"valueName":"search_term_string"}}],"inLanguage":"en-US"},{"@type":"Organization","@id":"https:\/\/www.rimocc.com\/#organization","name":"Rimocc'","alternateName":"Rimocc","url":"https:\/\/www.rimocc.com\/","logo":{"@type":"ImageObject","inLanguage":"en-US","@id":"https:\/\/www.rimocc.com\/#\/schema\/logo\/image\/","url":"https:\/\/i0.wp.com\/www.rimocc.com\/wp-content\/uploads\/2023\/07\/RIMOCC_LOGO.jpg?fit=459%2C114&ssl=1","contentUrl":"https:\/\/i0.wp.com\/www.rimocc.com\/wp-content\/uploads\/2023\/07\/RIMOCC_LOGO.jpg?fit=459%2C114&ssl=1","width":459,"height":114,"caption":"Rimocc'"},"image":{"@id":"https:\/\/www.rimocc.com\/#\/schema\/logo\/image\/"},"sameAs":["https:\/\/www.facebook.com\/rimocclyon\/?locale=fr_FR","https:\/\/www.instagram.com\/rimoccc\/?hl=fr","https:\/\/www.tiktok.com\/@rimocc","https:\/\/www.youtube.com\/@Rimocc"]}]}},"jetpack_publicize_connections":[],"jetpack_sharing_enabled":true,"_links":{"self":[{"href":"https:\/\/www.rimocc.com\/en\/wp-json\/wp\/v2\/product\/15029","targetHints":{"allow":["GET"]}}],"collection":[{"href":"https:\/\/www.rimocc.com\/en\/wp-json\/wp\/v2\/product"}],"about":[{"href":"https:\/\/www.rimocc.com\/en\/wp-json\/wp\/v2\/types\/product"}],"replies":[{"embeddable":true,"href":"https:\/\/www.rimocc.com\/en\/wp-json\/wp\/v2\/comments?post=15029"}],"wp:featuredmedia":[{"embeddable":true,"href":"https:\/\/www.rimocc.com\/en\/wp-json\/wp\/v2\/media\/15028"}],"wp:attachment":[{"href":"https:\/\/www.rimocc.com\/en\/wp-json\/wp\/v2\/media?parent=15029"}],"wp:term":[{"taxonomy":"product_brand","embeddable":true,"href":"https:\/\/www.rimocc.com\/en\/wp-json\/wp\/v2\/product_brand?post=15029"},{"taxonomy":"product_cat","embeddable":true,"href":"https:\/\/www.rimocc.com\/en\/wp-json\/wp\/v2\/product_cat?post=15029"},{"taxonomy":"product_tag","embeddable":true,"href":"https:\/\/www.rimocc.com\/en\/wp-json\/wp\/v2\/product_tag?post=15029"}],"curies":[{"name":"wp","href":"https:\/\/api.w.org\/{rel}","templated":true}]}}