{"id":14981,"date":"2025-05-14T15:13:14","date_gmt":"2025-05-14T13:13:14","guid":{"rendered":"https:\/\/www.rimocc.com\/?post_type=product&#038;p=14981"},"modified":"2025-12-04T12:30:55","modified_gmt":"2025-12-04T11:30:55","slug":"capelle-turbo-mahogany-22x32","status":"publish","type":"product","link":"https:\/\/www.rimocc.com\/en\/product\/capelle-turbo-mahogany-22x32\/","title":{"rendered":"Capelle Turbo Mahogany 22&Prime;x32&Prime;"},"content":{"rendered":"<p>Capelle Turbo Mahogany 22&Prime;x32&Prime;<br \/>\nTr\u00e8s bon \u00e9tat g\u00e9n\u00e9ral, quelques traces de frottements<\/p>\n<p>Acajou africain (okoum\u00e9)<br \/>\nS\u00e9rie XR2 \u00ab\u00a0Have a test of power\u00a0\u00bb<\/p>\n<p><strong>\u00ab\u00a0Enl\u00e8vement sur place privil\u00e9gi\u00e9 mais envoi possible dans toute la France sur devis s\u00e9par\u00e9 &#8211; merci de s\u00e9lectionner l&rsquo;option \u00ab\u00a0retrait en magasin\u00a0\u00bb et nous vous ferons parvenir un devis s\u00e9par\u00e9 pour la livraison, \u00e0 r\u00e9gler s\u00e9par\u00e9ment<\/strong><br \/>\n<strong>International order, pick-up ONLY\u00a0\u00bb<\/strong><\/p>\n<p>La Capelle Turbo XR2 est une batterie qui a marqu\u00e9 les esprits, particuli\u00e8rement dans les ann\u00e9es 80.<\/p>\n<p>La Capelle XR2 Turbo est consid\u00e9r\u00e9e comme une batterie \u00ab\u00a0mythique\u00a0\u00bb et \u00ab\u00a0g\u00e9niale\u00a0\u00bb par les utilisateurs. Elle est souvent associ\u00e9e au look et au son typiques des batteries faites pour le Hard-Rock des ann\u00e9es 80.<\/p>\n<p>Sonorit\u00e9 \u00ab\u00a0\u00e9norme\u00a0\u00bb et \u00ab\u00a0unique\u00a0\u00bb: Les propri\u00e9taires louent la puissance et le caract\u00e8re sonore distinctif de cette batterie, particuli\u00e8rement efficace en ext\u00e9rieur. Certains la trouvent incomparable, la pla\u00e7ant au m\u00eame niveau que des marques comme Staccato ou North, devenues rares aujourd&rsquo;hui.<br \/>\nLook imposant: Son apparence est d\u00e9crite comme \u00e9tant en accord avec le son puissant, typique des batteries de hard rock de cette \u00e9poque.<br \/>\nConstruction solide: La conception est jug\u00e9e robuste.<br \/>\nConfigurations multiples: On trouve des configurations avec une double grosse caisse et de nombreux toms (par exemple : double grosse caisse 24&Prime;x32&Prime;, et des toms de 12&Prime;, 13&Prime;, 14&Prime;, 15&Prime;, 16&Prime;, 20&Prime;). Ces configurations contribuent \u00e0 la puissance et \u00e0 la pr\u00e9sence sonore de l&rsquo;ensemble.<br \/>\nP\u00e9riode: Elle est clairement ancr\u00e9e dans les ann\u00e9es 80.<\/p>\n<p>En r\u00e9sum\u00e9, la Capelle Turbo XR2 est une batterie des ann\u00e9es 80 tr\u00e8s appr\u00e9ci\u00e9e pour sa puissance sonore et son look hard rock. Elle a marqu\u00e9 une g\u00e9n\u00e9ration de batteurs, m\u00eame si sa taille peut \u00eatre un inconv\u00e9nient logistique aujourd&rsquo;hui.<\/p>\n<p><a href=\"https:\/\/www.rimocc.com\/en\/product-category\/toms\/\">https:\/\/www.rimocc.com\/product-category\/toms\/<\/a><br \/>\n<a href=\"https:\/\/www.jazz-band.fr\/capelle.html\">https:\/\/www.jazz-band.fr\/capelle.html<\/a><\/p>","protected":false},"excerpt":{"rendered":"<p>Capelle Turbo Mahogany 22&Prime;x32&Prime; Tr\u00e8s bon \u00e9tat g\u00e9n\u00e9ral, quelques traces de frottements Acajou africain (okoum\u00e9) S\u00e9rie XR2 \u00ab\u00a0Have a test of power\u00a0\u00bb \u00ab\u00a0Enl\u00e8vement sur place privil\u00e9gi\u00e9 mais envoi possible dans toute la France sur devis s\u00e9par\u00e9 &#8211; merci de s\u00e9lectionner l&rsquo;option \u00ab\u00a0retrait en magasin\u00a0\u00bb et nous vous ferons parvenir un devis s\u00e9par\u00e9 pour la livraison, [&hellip;]<\/p>\n","protected":false},"featured_media":14980,"comment_status":"open","ping_status":"closed","template":"","meta":{"jetpack_publicize_message":"","jetpack_publicize_feature_enabled":true,"jetpack_social_post_already_shared":false,"jetpack_social_options":{"image_generator_settings":{"template":"highway","default_image_id":0,"font":"","enabled":false},"version":2}},"product_brand":[],"product_cat":[18],"product_tag":[224,657,548,538],"class_list":{"0":"post-14981","1":"product","2":"type-product","3":"status-publish","4":"has-post-thumbnail","6":"product_cat-toms","7":"product_tag-capelle","8":"product_tag-capelle-turbo","9":"product_tag-depot-vente-lyon","10":"product_tag-magasin-de-musique-lyon","12":"entry","13":"has-media","15":"first","16":"outofstock","17":"shipping-taxable","18":"purchasable","19":"product-type-simple","20":"has-product-nav","21":"col","22":"span_1_of_3","23":"owp-content-center","24":"owp-thumbs-layout-horizontal","25":"owp-btn-normal","26":"owp-tabs-layout-horizontal"},"yoast_head":"<!-- This site is optimized with the Yoast SEO plugin v27.5 - https:\/\/yoast.com\/product\/yoast-seo-wordpress\/ -->\n<title>Capelle Turbo Mahogany 22&quot;x32&quot; - D\u00e9p\u00f4t Vente Batterie Percussion | Rimocc Lyon<\/title>\n<meta name=\"description\" content=\"Grosse caisse Capelle Turbo Mahogany 22&quot;x32&quot; : puissance Turbo et chaleur de l&#039;acajou pour un son rock 80s profond et percutant.\" \/>\n<meta name=\"robots\" content=\"index, follow, max-snippet:-1, max-image-preview:large, max-video-preview:-1\" \/>\n<link rel=\"canonical\" href=\"https:\/\/www.rimocc.com\/en\/product\/capelle-turbo-mahogany-22x32\/\" \/>\n<meta property=\"og:locale\" content=\"en_US\" \/>\n<meta property=\"og:type\" content=\"article\" \/>\n<meta property=\"og:title\" content=\"Capelle Turbo Mahogany 22&quot;x32&quot; - D\u00e9p\u00f4t Vente Batterie Percussion | Rimocc Lyon\" \/>\n<meta property=\"og:description\" content=\"Grosse caisse Capelle Turbo Mahogany 22&quot;x32&quot; : puissance Turbo et chaleur de l&#039;acajou pour un son rock 80s profond et percutant.\" \/>\n<meta property=\"og:url\" content=\"https:\/\/www.rimocc.com\/en\/product\/capelle-turbo-mahogany-22x32\/\" \/>\n<meta property=\"og:site_name\" content=\"D\u00e9p\u00f4t Vente Batterie Percussion | Rimocc Lyon\" \/>\n<meta property=\"article:publisher\" content=\"https:\/\/www.facebook.com\/rimocclyon\/?locale=fr_FR\" \/>\n<meta property=\"article:modified_time\" content=\"2025-12-04T11:30:55+00:00\" \/>\n<meta property=\"og:image\" content=\"https:\/\/www.rimocc.com\/wp-content\/uploads\/2025\/05\/Capelle-Turbo-Mahogany-22_x32_-1.jpg\" \/>\n\t<meta property=\"og:image:width\" content=\"1920\" \/>\n\t<meta property=\"og:image:height\" content=\"1920\" \/>\n\t<meta property=\"og:image:type\" content=\"image\/jpeg\" \/>\n<meta name=\"twitter:card\" content=\"summary_large_image\" \/>\n<meta name=\"twitter:label1\" content=\"Est. reading time\" \/>\n\t<meta name=\"twitter:data1\" content=\"2 minutes\" \/>\n<script type=\"application\/ld+json\" class=\"yoast-schema-graph\">{\"@context\":\"https:\\\/\\\/schema.org\",\"@graph\":[{\"@type\":\"WebPage\",\"@id\":\"https:\\\/\\\/www.rimocc.com\\\/product\\\/capelle-turbo-mahogany-22x32\\\/\",\"url\":\"https:\\\/\\\/www.rimocc.com\\\/product\\\/capelle-turbo-mahogany-22x32\\\/\",\"name\":\"Capelle Turbo Mahogany 22\\\"x32\\\" - D\u00e9p\u00f4t Vente Batterie Percussion | Rimocc Lyon\",\"isPartOf\":{\"@id\":\"https:\\\/\\\/www.rimocc.com\\\/#website\"},\"primaryImageOfPage\":{\"@id\":\"https:\\\/\\\/www.rimocc.com\\\/product\\\/capelle-turbo-mahogany-22x32\\\/#primaryimage\"},\"image\":{\"@id\":\"https:\\\/\\\/www.rimocc.com\\\/product\\\/capelle-turbo-mahogany-22x32\\\/#primaryimage\"},\"thumbnailUrl\":\"https:\\\/\\\/www.rimocc.com\\\/wp-content\\\/uploads\\\/2025\\\/05\\\/Capelle-Turbo-Mahogany-22_x32_-1.jpg\",\"datePublished\":\"2025-05-14T13:13:14+00:00\",\"dateModified\":\"2025-12-04T11:30:55+00:00\",\"description\":\"Grosse caisse Capelle Turbo Mahogany 22\\\"x32\\\" : puissance Turbo et chaleur de l'acajou pour un son rock 80s profond et percutant.\",\"breadcrumb\":{\"@id\":\"https:\\\/\\\/www.rimocc.com\\\/product\\\/capelle-turbo-mahogany-22x32\\\/#breadcrumb\"},\"inLanguage\":\"en-US\",\"potentialAction\":[{\"@type\":\"ReadAction\",\"target\":[\"https:\\\/\\\/www.rimocc.com\\\/product\\\/capelle-turbo-mahogany-22x32\\\/\"]}]},{\"@type\":\"ImageObject\",\"inLanguage\":\"en-US\",\"@id\":\"https:\\\/\\\/www.rimocc.com\\\/product\\\/capelle-turbo-mahogany-22x32\\\/#primaryimage\",\"url\":\"https:\\\/\\\/www.rimocc.com\\\/wp-content\\\/uploads\\\/2025\\\/05\\\/Capelle-Turbo-Mahogany-22_x32_-1.jpg\",\"contentUrl\":\"https:\\\/\\\/www.rimocc.com\\\/wp-content\\\/uploads\\\/2025\\\/05\\\/Capelle-Turbo-Mahogany-22_x32_-1.jpg\",\"width\":1920,\"height\":1920,\"caption\":\"Capelle Turbo Mahogany 22\\\"x32\\\"\"},{\"@type\":\"BreadcrumbList\",\"@id\":\"https:\\\/\\\/www.rimocc.com\\\/product\\\/capelle-turbo-mahogany-22x32\\\/#breadcrumb\",\"itemListElement\":[{\"@type\":\"ListItem\",\"position\":1,\"name\":\"Home\",\"item\":\"https:\\\/\\\/www.rimocc.com\\\/\"},{\"@type\":\"ListItem\",\"position\":2,\"name\":\"Shop\",\"item\":\"https:\\\/\\\/www.rimocc.com\\\/shop\\\/\"},{\"@type\":\"ListItem\",\"position\":3,\"name\":\"Capelle Turbo Mahogany 22&#8243;x32&#8243;\"}]},{\"@type\":\"WebSite\",\"@id\":\"https:\\\/\\\/www.rimocc.com\\\/#website\",\"url\":\"https:\\\/\\\/www.rimocc.com\\\/\",\"name\":\"D\u00e9p\u00f4t Vente Batterie Percussion | Rimocc Lyon\",\"description\":\"Rimocc: l&#039;unique magasin d\u00e9di\u00e9 enti\u00e8rement \u00e0 la batterie, percussion d&#039;occasion et vintage \u00e0 Lyon, France\",\"publisher\":{\"@id\":\"https:\\\/\\\/www.rimocc.com\\\/#organization\"},\"alternateName\":\"Rimocc'\",\"potentialAction\":[{\"@type\":\"SearchAction\",\"target\":{\"@type\":\"EntryPoint\",\"urlTemplate\":\"https:\\\/\\\/www.rimocc.com\\\/?s={search_term_string}\"},\"query-input\":{\"@type\":\"PropertyValueSpecification\",\"valueRequired\":true,\"valueName\":\"search_term_string\"}}],\"inLanguage\":\"en-US\"},{\"@type\":\"Organization\",\"@id\":\"https:\\\/\\\/www.rimocc.com\\\/#organization\",\"name\":\"Rimocc'\",\"alternateName\":\"Rimocc\",\"url\":\"https:\\\/\\\/www.rimocc.com\\\/\",\"logo\":{\"@type\":\"ImageObject\",\"inLanguage\":\"en-US\",\"@id\":\"https:\\\/\\\/www.rimocc.com\\\/#\\\/schema\\\/logo\\\/image\\\/\",\"url\":\"https:\\\/\\\/i0.wp.com\\\/www.rimocc.com\\\/wp-content\\\/uploads\\\/2023\\\/07\\\/RIMOCC_LOGO.jpg?fit=459%2C114&ssl=1\",\"contentUrl\":\"https:\\\/\\\/i0.wp.com\\\/www.rimocc.com\\\/wp-content\\\/uploads\\\/2023\\\/07\\\/RIMOCC_LOGO.jpg?fit=459%2C114&ssl=1\",\"width\":459,\"height\":114,\"caption\":\"Rimocc'\"},\"image\":{\"@id\":\"https:\\\/\\\/www.rimocc.com\\\/#\\\/schema\\\/logo\\\/image\\\/\"},\"sameAs\":[\"https:\\\/\\\/www.facebook.com\\\/rimocclyon\\\/?locale=fr_FR\",\"https:\\\/\\\/www.instagram.com\\\/rimoccc\\\/?hl=fr\",\"https:\\\/\\\/www.tiktok.com\\\/@rimocc\",\"https:\\\/\\\/www.youtube.com\\\/@Rimocc\"]}]}<\/script>\n<!-- \/ Yoast SEO plugin. -->","yoast_head_json":{"title":"Capelle Turbo Mahogany 22\"x32\" - D\u00e9p\u00f4t Vente Batterie Percussion | Rimocc Lyon","description":"Grosse caisse Capelle Turbo Mahogany 22\"x32\" : puissance Turbo et chaleur de l'acajou pour un son rock 80s profond et percutant.","robots":{"index":"index","follow":"follow","max-snippet":"max-snippet:-1","max-image-preview":"max-image-preview:large","max-video-preview":"max-video-preview:-1"},"canonical":"https:\/\/www.rimocc.com\/en\/product\/capelle-turbo-mahogany-22x32\/","og_locale":"en_US","og_type":"article","og_title":"Capelle Turbo Mahogany 22\"x32\" - D\u00e9p\u00f4t Vente Batterie Percussion | Rimocc Lyon","og_description":"Grosse caisse Capelle Turbo Mahogany 22\"x32\" : puissance Turbo et chaleur de l'acajou pour un son rock 80s profond et percutant.","og_url":"https:\/\/www.rimocc.com\/en\/product\/capelle-turbo-mahogany-22x32\/","og_site_name":"D\u00e9p\u00f4t Vente Batterie Percussion | Rimocc Lyon","article_publisher":"https:\/\/www.facebook.com\/rimocclyon\/?locale=fr_FR","article_modified_time":"2025-12-04T11:30:55+00:00","og_image":[{"width":1920,"height":1920,"url":"https:\/\/www.rimocc.com\/wp-content\/uploads\/2025\/05\/Capelle-Turbo-Mahogany-22_x32_-1.jpg","type":"image\/jpeg"}],"twitter_card":"summary_large_image","twitter_misc":{"Est. reading time":"2 minutes"},"schema":{"@context":"https:\/\/schema.org","@graph":[{"@type":"WebPage","@id":"https:\/\/www.rimocc.com\/product\/capelle-turbo-mahogany-22x32\/","url":"https:\/\/www.rimocc.com\/product\/capelle-turbo-mahogany-22x32\/","name":"Capelle Turbo Mahogany 22\"x32\" - D\u00e9p\u00f4t Vente Batterie Percussion | Rimocc Lyon","isPartOf":{"@id":"https:\/\/www.rimocc.com\/#website"},"primaryImageOfPage":{"@id":"https:\/\/www.rimocc.com\/product\/capelle-turbo-mahogany-22x32\/#primaryimage"},"image":{"@id":"https:\/\/www.rimocc.com\/product\/capelle-turbo-mahogany-22x32\/#primaryimage"},"thumbnailUrl":"https:\/\/www.rimocc.com\/wp-content\/uploads\/2025\/05\/Capelle-Turbo-Mahogany-22_x32_-1.jpg","datePublished":"2025-05-14T13:13:14+00:00","dateModified":"2025-12-04T11:30:55+00:00","description":"Grosse caisse Capelle Turbo Mahogany 22\"x32\" : puissance Turbo et chaleur de l'acajou pour un son rock 80s profond et percutant.","breadcrumb":{"@id":"https:\/\/www.rimocc.com\/product\/capelle-turbo-mahogany-22x32\/#breadcrumb"},"inLanguage":"en-US","potentialAction":[{"@type":"ReadAction","target":["https:\/\/www.rimocc.com\/product\/capelle-turbo-mahogany-22x32\/"]}]},{"@type":"ImageObject","inLanguage":"en-US","@id":"https:\/\/www.rimocc.com\/product\/capelle-turbo-mahogany-22x32\/#primaryimage","url":"https:\/\/www.rimocc.com\/wp-content\/uploads\/2025\/05\/Capelle-Turbo-Mahogany-22_x32_-1.jpg","contentUrl":"https:\/\/www.rimocc.com\/wp-content\/uploads\/2025\/05\/Capelle-Turbo-Mahogany-22_x32_-1.jpg","width":1920,"height":1920,"caption":"Capelle Turbo Mahogany 22\"x32\""},{"@type":"BreadcrumbList","@id":"https:\/\/www.rimocc.com\/product\/capelle-turbo-mahogany-22x32\/#breadcrumb","itemListElement":[{"@type":"ListItem","position":1,"name":"Home","item":"https:\/\/www.rimocc.com\/"},{"@type":"ListItem","position":2,"name":"Shop","item":"https:\/\/www.rimocc.com\/shop\/"},{"@type":"ListItem","position":3,"name":"Capelle Turbo Mahogany 22&#8243;x32&#8243;"}]},{"@type":"WebSite","@id":"https:\/\/www.rimocc.com\/#website","url":"https:\/\/www.rimocc.com\/","name":"D\u00e9p\u00f4t Vente Batterie Percussion | Rimocc Lyon","description":"Rimocc: l&#039;unique magasin d\u00e9di\u00e9 enti\u00e8rement \u00e0 la batterie, percussion d&#039;occasion et vintage \u00e0 Lyon, France","publisher":{"@id":"https:\/\/www.rimocc.com\/#organization"},"alternateName":"Rimocc'","potentialAction":[{"@type":"SearchAction","target":{"@type":"EntryPoint","urlTemplate":"https:\/\/www.rimocc.com\/?s={search_term_string}"},"query-input":{"@type":"PropertyValueSpecification","valueRequired":true,"valueName":"search_term_string"}}],"inLanguage":"en-US"},{"@type":"Organization","@id":"https:\/\/www.rimocc.com\/#organization","name":"Rimocc'","alternateName":"Rimocc","url":"https:\/\/www.rimocc.com\/","logo":{"@type":"ImageObject","inLanguage":"en-US","@id":"https:\/\/www.rimocc.com\/#\/schema\/logo\/image\/","url":"https:\/\/i0.wp.com\/www.rimocc.com\/wp-content\/uploads\/2023\/07\/RIMOCC_LOGO.jpg?fit=459%2C114&ssl=1","contentUrl":"https:\/\/i0.wp.com\/www.rimocc.com\/wp-content\/uploads\/2023\/07\/RIMOCC_LOGO.jpg?fit=459%2C114&ssl=1","width":459,"height":114,"caption":"Rimocc'"},"image":{"@id":"https:\/\/www.rimocc.com\/#\/schema\/logo\/image\/"},"sameAs":["https:\/\/www.facebook.com\/rimocclyon\/?locale=fr_FR","https:\/\/www.instagram.com\/rimoccc\/?hl=fr","https:\/\/www.tiktok.com\/@rimocc","https:\/\/www.youtube.com\/@Rimocc"]}]}},"jetpack_publicize_connections":[],"jetpack_sharing_enabled":true,"_links":{"self":[{"href":"https:\/\/www.rimocc.com\/en\/wp-json\/wp\/v2\/product\/14981","targetHints":{"allow":["GET"]}}],"collection":[{"href":"https:\/\/www.rimocc.com\/en\/wp-json\/wp\/v2\/product"}],"about":[{"href":"https:\/\/www.rimocc.com\/en\/wp-json\/wp\/v2\/types\/product"}],"replies":[{"embeddable":true,"href":"https:\/\/www.rimocc.com\/en\/wp-json\/wp\/v2\/comments?post=14981"}],"wp:featuredmedia":[{"embeddable":true,"href":"https:\/\/www.rimocc.com\/en\/wp-json\/wp\/v2\/media\/14980"}],"wp:attachment":[{"href":"https:\/\/www.rimocc.com\/en\/wp-json\/wp\/v2\/media?parent=14981"}],"wp:term":[{"taxonomy":"product_brand","embeddable":true,"href":"https:\/\/www.rimocc.com\/en\/wp-json\/wp\/v2\/product_brand?post=14981"},{"taxonomy":"product_cat","embeddable":true,"href":"https:\/\/www.rimocc.com\/en\/wp-json\/wp\/v2\/product_cat?post=14981"},{"taxonomy":"product_tag","embeddable":true,"href":"https:\/\/www.rimocc.com\/en\/wp-json\/wp\/v2\/product_tag?post=14981"}],"curies":[{"name":"wp","href":"https:\/\/api.w.org\/{rel}","templated":true}]}}