{"id":14943,"date":"2025-05-08T18:23:06","date_gmt":"2025-05-08T16:23:06","guid":{"rendered":"https:\/\/www.rimocc.com\/?post_type=product&#038;p=14943"},"modified":"2025-10-22T17:33:38","modified_gmt":"2025-10-22T15:33:38","slug":"tama-fibre-star-13x9-vintage-70s","status":"publish","type":"product","link":"https:\/\/www.rimocc.com\/en\/product\/tama-fibre-star-13x9-vintage-70s\/","title":{"rendered":"Tama Fibre Star 13&Prime;x9&Prime; Vintage 70&rsquo;s"},"content":{"rendered":"<p>Tama Fibre Star 13&Prime;x9&Prime; Vintage 70&rsquo;s<br \/>\nTr\u00e8s bon \u00e9tat pour son \u00e2ge (quelques petites \u00e9raflures et impacts sur le rhodoid)<br \/>\nLe syst\u00e8me de sourdine et la sourdine sont pr\u00e9sents mais il manque la tige dial<br \/>\nTout d&rsquo;origine<\/p>\n<p>Tama Fibre Star : L&rsquo;\u00c8re de la Fibre et du Son Puissant (Ann\u00e9es 1970)<\/p>\n<p>Au cours des ann\u00e9es 1970, Tama, alors en pleine ascension sur la sc\u00e8ne des fabricants de batteries, a bri\u00e8vement introduit la s\u00e9rie \u00ab\u00a0Fibre Star\u00a0\u00bb. Ces batteries se distinguaient par leurs f\u00fbts construits \u00e0 partir d&rsquo;un composite de fibre de verre et de bois. L&rsquo;id\u00e9e derri\u00e8re cette construction \u00e9tait d&rsquo;obtenir un son puissant et une projection accrue, caract\u00e9ristiques recherch\u00e9es dans la musique rock de cette \u00e9poque.<\/p>\n<p>Les f\u00fbts en fibre de verre \u00e9taient r\u00e9put\u00e9s pour leur robustesse et leur capacit\u00e9 \u00e0 produire un son clair et d\u00e9fini avec une bonne attaque. Combin\u00e9 avec des plis de bois (le type de bois exact pouvait varier), le r\u00e9sultat \u00e9tait un son unique qui se situait quelque part entre la chaleur du bois et la brillance de la fibre de verre.<\/p>\n<p>La s\u00e9rie Fibre Star n&rsquo;a pas \u00e9t\u00e9 produite pendant une longue p\u00e9riode, ce qui rend les \u00e9l\u00e9ments survivants aujourd&rsquo;hui des pi\u00e8ces int\u00e9ressantes pour les collectionneurs et les batteurs \u00e0 la recherche d&rsquo;un son vintage distinctif de la fin des ann\u00e9es 70.<\/p>\n<p>En r\u00e9sum\u00e9, le tom Tama Fibre Star 13&Prime;x9&Prime; des ann\u00e9es 1970 est un morceau d&rsquo;histoire de Tama, repr\u00e9sentant une tentative d&rsquo;explorer de nouveaux mat\u00e9riaux pour obtenir un son de batterie percutant et puissant, typique des exigences musicales de cette d\u00e9cennie.<\/p>\n<p><a href=\"https:\/\/www.tama.com\/\">https:\/\/www.tama.com\/<\/a><br \/>\n<a href=\"https:\/\/www.rimocc.com\/en\/product-category\/toms\/\">https:\/\/www.rimocc.com\/product-category\/toms\/<\/a><\/p>","protected":false},"excerpt":{"rendered":"<p>Tama Fibre Star 13&Prime;x9&Prime; Vintage 70&rsquo;s Tr\u00e8s bon \u00e9tat pour son \u00e2ge (quelques petites \u00e9raflures et impacts sur le rhodoid) Le syst\u00e8me de sourdine et la sourdine sont pr\u00e9sents mais il manque la tige dial Tout d&rsquo;origine Tama Fibre Star : L&rsquo;\u00c8re de la Fibre et du Son Puissant (Ann\u00e9es 1970) Au cours des ann\u00e9es [&hellip;]<\/p>\n","protected":false},"featured_media":14942,"comment_status":"open","ping_status":"closed","template":"","meta":{"jetpack_publicize_message":"","jetpack_publicize_feature_enabled":true,"jetpack_social_post_already_shared":false,"jetpack_social_options":{"image_generator_settings":{"template":"highway","default_image_id":0,"font":"","enabled":false},"version":2}},"product_brand":[],"product_cat":[18],"product_tag":[548,538,58,656],"class_list":{"0":"post-14943","1":"product","2":"type-product","3":"status-publish","4":"has-post-thumbnail","6":"product_cat-toms","7":"product_tag-depot-vente-lyon","8":"product_tag-magasin-de-musique-lyon","9":"product_tag-tama","10":"product_tag-tama-fibre-star","12":"entry","13":"has-media","15":"first","16":"outofstock","17":"shipping-taxable","18":"purchasable","19":"product-type-simple","20":"has-product-nav","21":"col","22":"span_1_of_3","23":"owp-content-center","24":"owp-thumbs-layout-horizontal","25":"owp-btn-normal","26":"owp-tabs-layout-horizontal"},"yoast_head":"<!-- This site is optimized with the Yoast SEO plugin v27.5 - https:\/\/yoast.com\/product\/yoast-seo-wordpress\/ -->\n<title>Tama Fibre Star 13&quot;x9&quot; Vintage 70&#039;s - D\u00e9p\u00f4t Vente Batterie Percussion | Rimocc Lyon<\/title>\n<meta name=\"description\" content=\"Tom Tama Fibre Star 13&quot;x9&quot; vintage 70s. Son puissant et look r\u00e9tro pour batteurs et collectionneurs en qu\u00eate d&#039;un son percutant et d&#039;histoire Tama.\" \/>\n<meta name=\"robots\" content=\"index, follow, max-snippet:-1, max-image-preview:large, max-video-preview:-1\" \/>\n<link rel=\"canonical\" href=\"https:\/\/www.rimocc.com\/en\/product\/tama-fibre-star-13x9-vintage-70s\/\" \/>\n<meta property=\"og:locale\" content=\"en_US\" \/>\n<meta property=\"og:type\" content=\"article\" \/>\n<meta property=\"og:title\" content=\"Tama Fibre Star 13&quot;x9&quot; Vintage 70&#039;s - D\u00e9p\u00f4t Vente Batterie Percussion | Rimocc Lyon\" \/>\n<meta property=\"og:description\" content=\"Tom Tama Fibre Star 13&quot;x9&quot; vintage 70s. Son puissant et look r\u00e9tro pour batteurs et collectionneurs en qu\u00eate d&#039;un son percutant et d&#039;histoire Tama.\" \/>\n<meta property=\"og:url\" content=\"https:\/\/www.rimocc.com\/en\/product\/tama-fibre-star-13x9-vintage-70s\/\" \/>\n<meta property=\"og:site_name\" content=\"D\u00e9p\u00f4t Vente Batterie Percussion | Rimocc Lyon\" \/>\n<meta property=\"article:publisher\" content=\"https:\/\/www.facebook.com\/rimocclyon\/?locale=fr_FR\" \/>\n<meta property=\"article:modified_time\" content=\"2025-10-22T15:33:38+00:00\" \/>\n<meta property=\"og:image\" content=\"https:\/\/www.rimocc.com\/wp-content\/uploads\/2025\/05\/Tama-Fibre-Star-13_x9_-Vintage-70_s-1.jpg\" \/>\n\t<meta property=\"og:image:width\" content=\"1920\" \/>\n\t<meta property=\"og:image:height\" content=\"1920\" \/>\n\t<meta property=\"og:image:type\" content=\"image\/jpeg\" \/>\n<meta name=\"twitter:card\" content=\"summary_large_image\" \/>\n<meta name=\"twitter:label1\" content=\"Est. reading time\" \/>\n\t<meta name=\"twitter:data1\" content=\"2 minutes\" \/>\n<script type=\"application\/ld+json\" class=\"yoast-schema-graph\">{\"@context\":\"https:\\\/\\\/schema.org\",\"@graph\":[{\"@type\":\"WebPage\",\"@id\":\"https:\\\/\\\/www.rimocc.com\\\/product\\\/tama-fibre-star-13x9-vintage-70s\\\/\",\"url\":\"https:\\\/\\\/www.rimocc.com\\\/product\\\/tama-fibre-star-13x9-vintage-70s\\\/\",\"name\":\"Tama Fibre Star 13\\\"x9\\\" Vintage 70's - D\u00e9p\u00f4t Vente Batterie Percussion | Rimocc Lyon\",\"isPartOf\":{\"@id\":\"https:\\\/\\\/www.rimocc.com\\\/#website\"},\"primaryImageOfPage\":{\"@id\":\"https:\\\/\\\/www.rimocc.com\\\/product\\\/tama-fibre-star-13x9-vintage-70s\\\/#primaryimage\"},\"image\":{\"@id\":\"https:\\\/\\\/www.rimocc.com\\\/product\\\/tama-fibre-star-13x9-vintage-70s\\\/#primaryimage\"},\"thumbnailUrl\":\"https:\\\/\\\/www.rimocc.com\\\/wp-content\\\/uploads\\\/2025\\\/05\\\/Tama-Fibre-Star-13_x9_-Vintage-70_s-1.jpg\",\"datePublished\":\"2025-05-08T16:23:06+00:00\",\"dateModified\":\"2025-10-22T15:33:38+00:00\",\"description\":\"Tom Tama Fibre Star 13\\\"x9\\\" vintage 70s. Son puissant et look r\u00e9tro pour batteurs et collectionneurs en qu\u00eate d'un son percutant et d'histoire Tama.\",\"breadcrumb\":{\"@id\":\"https:\\\/\\\/www.rimocc.com\\\/product\\\/tama-fibre-star-13x9-vintage-70s\\\/#breadcrumb\"},\"inLanguage\":\"en-US\",\"potentialAction\":[{\"@type\":\"ReadAction\",\"target\":[\"https:\\\/\\\/www.rimocc.com\\\/product\\\/tama-fibre-star-13x9-vintage-70s\\\/\"]}]},{\"@type\":\"ImageObject\",\"inLanguage\":\"en-US\",\"@id\":\"https:\\\/\\\/www.rimocc.com\\\/product\\\/tama-fibre-star-13x9-vintage-70s\\\/#primaryimage\",\"url\":\"https:\\\/\\\/www.rimocc.com\\\/wp-content\\\/uploads\\\/2025\\\/05\\\/Tama-Fibre-Star-13_x9_-Vintage-70_s-1.jpg\",\"contentUrl\":\"https:\\\/\\\/www.rimocc.com\\\/wp-content\\\/uploads\\\/2025\\\/05\\\/Tama-Fibre-Star-13_x9_-Vintage-70_s-1.jpg\",\"width\":1920,\"height\":1920,\"caption\":\"Tama Fibre Star 13\\\"x9\\\" Vintage 70's\"},{\"@type\":\"BreadcrumbList\",\"@id\":\"https:\\\/\\\/www.rimocc.com\\\/product\\\/tama-fibre-star-13x9-vintage-70s\\\/#breadcrumb\",\"itemListElement\":[{\"@type\":\"ListItem\",\"position\":1,\"name\":\"Home\",\"item\":\"https:\\\/\\\/www.rimocc.com\\\/\"},{\"@type\":\"ListItem\",\"position\":2,\"name\":\"Shop\",\"item\":\"https:\\\/\\\/www.rimocc.com\\\/shop\\\/\"},{\"@type\":\"ListItem\",\"position\":3,\"name\":\"Tama Fibre Star 13&#8243;x9&#8243; Vintage 70&#8217;s\"}]},{\"@type\":\"WebSite\",\"@id\":\"https:\\\/\\\/www.rimocc.com\\\/#website\",\"url\":\"https:\\\/\\\/www.rimocc.com\\\/\",\"name\":\"D\u00e9p\u00f4t Vente Batterie Percussion | Rimocc Lyon\",\"description\":\"Rimocc: l&#039;unique magasin d\u00e9di\u00e9 enti\u00e8rement \u00e0 la batterie, percussion d&#039;occasion et vintage \u00e0 Lyon, France\",\"publisher\":{\"@id\":\"https:\\\/\\\/www.rimocc.com\\\/#organization\"},\"alternateName\":\"Rimocc'\",\"potentialAction\":[{\"@type\":\"SearchAction\",\"target\":{\"@type\":\"EntryPoint\",\"urlTemplate\":\"https:\\\/\\\/www.rimocc.com\\\/?s={search_term_string}\"},\"query-input\":{\"@type\":\"PropertyValueSpecification\",\"valueRequired\":true,\"valueName\":\"search_term_string\"}}],\"inLanguage\":\"en-US\"},{\"@type\":\"Organization\",\"@id\":\"https:\\\/\\\/www.rimocc.com\\\/#organization\",\"name\":\"Rimocc'\",\"alternateName\":\"Rimocc\",\"url\":\"https:\\\/\\\/www.rimocc.com\\\/\",\"logo\":{\"@type\":\"ImageObject\",\"inLanguage\":\"en-US\",\"@id\":\"https:\\\/\\\/www.rimocc.com\\\/#\\\/schema\\\/logo\\\/image\\\/\",\"url\":\"https:\\\/\\\/i0.wp.com\\\/www.rimocc.com\\\/wp-content\\\/uploads\\\/2023\\\/07\\\/RIMOCC_LOGO.jpg?fit=459%2C114&ssl=1\",\"contentUrl\":\"https:\\\/\\\/i0.wp.com\\\/www.rimocc.com\\\/wp-content\\\/uploads\\\/2023\\\/07\\\/RIMOCC_LOGO.jpg?fit=459%2C114&ssl=1\",\"width\":459,\"height\":114,\"caption\":\"Rimocc'\"},\"image\":{\"@id\":\"https:\\\/\\\/www.rimocc.com\\\/#\\\/schema\\\/logo\\\/image\\\/\"},\"sameAs\":[\"https:\\\/\\\/www.facebook.com\\\/rimocclyon\\\/?locale=fr_FR\",\"https:\\\/\\\/www.instagram.com\\\/rimoccc\\\/?hl=fr\",\"https:\\\/\\\/www.tiktok.com\\\/@rimocc\",\"https:\\\/\\\/www.youtube.com\\\/@Rimocc\"]}]}<\/script>\n<!-- \/ Yoast SEO plugin. -->","yoast_head_json":{"title":"Tama Fibre Star 13\"x9\" Vintage 70's - D\u00e9p\u00f4t Vente Batterie Percussion | Rimocc Lyon","description":"Tom Tama Fibre Star 13\"x9\" vintage 70s. Son puissant et look r\u00e9tro pour batteurs et collectionneurs en qu\u00eate d'un son percutant et d'histoire Tama.","robots":{"index":"index","follow":"follow","max-snippet":"max-snippet:-1","max-image-preview":"max-image-preview:large","max-video-preview":"max-video-preview:-1"},"canonical":"https:\/\/www.rimocc.com\/en\/product\/tama-fibre-star-13x9-vintage-70s\/","og_locale":"en_US","og_type":"article","og_title":"Tama Fibre Star 13\"x9\" Vintage 70's - D\u00e9p\u00f4t Vente Batterie Percussion | Rimocc Lyon","og_description":"Tom Tama Fibre Star 13\"x9\" vintage 70s. Son puissant et look r\u00e9tro pour batteurs et collectionneurs en qu\u00eate d'un son percutant et d'histoire Tama.","og_url":"https:\/\/www.rimocc.com\/en\/product\/tama-fibre-star-13x9-vintage-70s\/","og_site_name":"D\u00e9p\u00f4t Vente Batterie Percussion | Rimocc Lyon","article_publisher":"https:\/\/www.facebook.com\/rimocclyon\/?locale=fr_FR","article_modified_time":"2025-10-22T15:33:38+00:00","og_image":[{"width":1920,"height":1920,"url":"https:\/\/www.rimocc.com\/wp-content\/uploads\/2025\/05\/Tama-Fibre-Star-13_x9_-Vintage-70_s-1.jpg","type":"image\/jpeg"}],"twitter_card":"summary_large_image","twitter_misc":{"Est. reading time":"2 minutes"},"schema":{"@context":"https:\/\/schema.org","@graph":[{"@type":"WebPage","@id":"https:\/\/www.rimocc.com\/product\/tama-fibre-star-13x9-vintage-70s\/","url":"https:\/\/www.rimocc.com\/product\/tama-fibre-star-13x9-vintage-70s\/","name":"Tama Fibre Star 13\"x9\" Vintage 70's - D\u00e9p\u00f4t Vente Batterie Percussion | Rimocc Lyon","isPartOf":{"@id":"https:\/\/www.rimocc.com\/#website"},"primaryImageOfPage":{"@id":"https:\/\/www.rimocc.com\/product\/tama-fibre-star-13x9-vintage-70s\/#primaryimage"},"image":{"@id":"https:\/\/www.rimocc.com\/product\/tama-fibre-star-13x9-vintage-70s\/#primaryimage"},"thumbnailUrl":"https:\/\/www.rimocc.com\/wp-content\/uploads\/2025\/05\/Tama-Fibre-Star-13_x9_-Vintage-70_s-1.jpg","datePublished":"2025-05-08T16:23:06+00:00","dateModified":"2025-10-22T15:33:38+00:00","description":"Tom Tama Fibre Star 13\"x9\" vintage 70s. Son puissant et look r\u00e9tro pour batteurs et collectionneurs en qu\u00eate d'un son percutant et d'histoire Tama.","breadcrumb":{"@id":"https:\/\/www.rimocc.com\/product\/tama-fibre-star-13x9-vintage-70s\/#breadcrumb"},"inLanguage":"en-US","potentialAction":[{"@type":"ReadAction","target":["https:\/\/www.rimocc.com\/product\/tama-fibre-star-13x9-vintage-70s\/"]}]},{"@type":"ImageObject","inLanguage":"en-US","@id":"https:\/\/www.rimocc.com\/product\/tama-fibre-star-13x9-vintage-70s\/#primaryimage","url":"https:\/\/www.rimocc.com\/wp-content\/uploads\/2025\/05\/Tama-Fibre-Star-13_x9_-Vintage-70_s-1.jpg","contentUrl":"https:\/\/www.rimocc.com\/wp-content\/uploads\/2025\/05\/Tama-Fibre-Star-13_x9_-Vintage-70_s-1.jpg","width":1920,"height":1920,"caption":"Tama Fibre Star 13\"x9\" Vintage 70's"},{"@type":"BreadcrumbList","@id":"https:\/\/www.rimocc.com\/product\/tama-fibre-star-13x9-vintage-70s\/#breadcrumb","itemListElement":[{"@type":"ListItem","position":1,"name":"Home","item":"https:\/\/www.rimocc.com\/"},{"@type":"ListItem","position":2,"name":"Shop","item":"https:\/\/www.rimocc.com\/shop\/"},{"@type":"ListItem","position":3,"name":"Tama Fibre Star 13&#8243;x9&#8243; Vintage 70&#8217;s"}]},{"@type":"WebSite","@id":"https:\/\/www.rimocc.com\/#website","url":"https:\/\/www.rimocc.com\/","name":"D\u00e9p\u00f4t Vente Batterie Percussion | Rimocc Lyon","description":"Rimocc: l&#039;unique magasin d\u00e9di\u00e9 enti\u00e8rement \u00e0 la batterie, percussion d&#039;occasion et vintage \u00e0 Lyon, France","publisher":{"@id":"https:\/\/www.rimocc.com\/#organization"},"alternateName":"Rimocc'","potentialAction":[{"@type":"SearchAction","target":{"@type":"EntryPoint","urlTemplate":"https:\/\/www.rimocc.com\/?s={search_term_string}"},"query-input":{"@type":"PropertyValueSpecification","valueRequired":true,"valueName":"search_term_string"}}],"inLanguage":"en-US"},{"@type":"Organization","@id":"https:\/\/www.rimocc.com\/#organization","name":"Rimocc'","alternateName":"Rimocc","url":"https:\/\/www.rimocc.com\/","logo":{"@type":"ImageObject","inLanguage":"en-US","@id":"https:\/\/www.rimocc.com\/#\/schema\/logo\/image\/","url":"https:\/\/i0.wp.com\/www.rimocc.com\/wp-content\/uploads\/2023\/07\/RIMOCC_LOGO.jpg?fit=459%2C114&ssl=1","contentUrl":"https:\/\/i0.wp.com\/www.rimocc.com\/wp-content\/uploads\/2023\/07\/RIMOCC_LOGO.jpg?fit=459%2C114&ssl=1","width":459,"height":114,"caption":"Rimocc'"},"image":{"@id":"https:\/\/www.rimocc.com\/#\/schema\/logo\/image\/"},"sameAs":["https:\/\/www.facebook.com\/rimocclyon\/?locale=fr_FR","https:\/\/www.instagram.com\/rimoccc\/?hl=fr","https:\/\/www.tiktok.com\/@rimocc","https:\/\/www.youtube.com\/@Rimocc"]}]}},"jetpack_publicize_connections":[],"jetpack_sharing_enabled":true,"_links":{"self":[{"href":"https:\/\/www.rimocc.com\/en\/wp-json\/wp\/v2\/product\/14943","targetHints":{"allow":["GET"]}}],"collection":[{"href":"https:\/\/www.rimocc.com\/en\/wp-json\/wp\/v2\/product"}],"about":[{"href":"https:\/\/www.rimocc.com\/en\/wp-json\/wp\/v2\/types\/product"}],"replies":[{"embeddable":true,"href":"https:\/\/www.rimocc.com\/en\/wp-json\/wp\/v2\/comments?post=14943"}],"wp:featuredmedia":[{"embeddable":true,"href":"https:\/\/www.rimocc.com\/en\/wp-json\/wp\/v2\/media\/14942"}],"wp:attachment":[{"href":"https:\/\/www.rimocc.com\/en\/wp-json\/wp\/v2\/media?parent=14943"}],"wp:term":[{"taxonomy":"product_brand","embeddable":true,"href":"https:\/\/www.rimocc.com\/en\/wp-json\/wp\/v2\/product_brand?post=14943"},{"taxonomy":"product_cat","embeddable":true,"href":"https:\/\/www.rimocc.com\/en\/wp-json\/wp\/v2\/product_cat?post=14943"},{"taxonomy":"product_tag","embeddable":true,"href":"https:\/\/www.rimocc.com\/en\/wp-json\/wp\/v2\/product_tag?post=14943"}],"curies":[{"name":"wp","href":"https:\/\/api.w.org\/{rel}","templated":true}]}}