{"id":14910,"date":"2025-05-07T11:30:04","date_gmt":"2025-05-07T09:30:04","guid":{"rendered":"https:\/\/www.rimocc.com\/?post_type=product&#038;p=14910"},"modified":"2025-05-07T11:30:08","modified_gmt":"2025-05-07T09:30:08","slug":"capelle-fixation-support-tom-x4","status":"publish","type":"product","link":"https:\/\/www.rimocc.com\/en\/product\/capelle-fixation-support-tom-x4\/","title":{"rendered":"Capelle Fixation support tom x4"},"content":{"rendered":"<p>Capelle Fixation support tom x4<br \/>\nTr\u00e8s bon \u00e9tat<br \/>\nPrix pour les 4<\/p>\n<p>L&rsquo;histoire de la marque Capelle est riche et s&rsquo;\u00e9tend sur plusieurs d\u00e9cennies, avec quelques changements de nom au cours de son existence. Voici un aper\u00e7u de son historique :<\/p>\n<p>Imperator Mondus (1921) : L&rsquo;entreprise a initialement \u00e9t\u00e9 fond\u00e9e \u00e0 Paris en 1921 par Adolphe Cirichelli et son associ\u00e9 L. Consol sous le nom d&rsquo;Imperator Mondus.<br \/>\nCapelle-Cirichelli (1932) : Apr\u00e8s une liquidation judiciaire en 1932, l&rsquo;entreprise rena\u00eet la m\u00eame ann\u00e9e sous le nom de Capelle-Cirichelli.<br \/>\nCapelle (Ann\u00e9es 1930) : L&rsquo;entreprise red\u00e9marre avec un petit effectif.<br \/>\nSonic (1947) : Au d\u00e9c\u00e8s d&rsquo;Adolphe Cirichelli en 1944, sa femme Alice Capelle poursuit l&rsquo;activit\u00e9 avec ses neveux. En 1947, pour r\u00e9pondre \u00e0 la demande des revendeurs, la marque change de nom pour Sonic et expose pour la premi\u00e8re fois \u00e0 la Foire de Paris. L&rsquo;entreprise est alors dirig\u00e9e par leur fils Ren\u00e9 Cirichelli.<br \/>\nRetour \u00e0 Capelle (D\u00e9but des ann\u00e9es 1970) : La marque Sonic dispara\u00eet et reprend son nom initial des ann\u00e9es 1930 : Capelle.<br \/>\nJacques Capelle (1969) : Jacques Capelle, le fils, entre dans l&rsquo;atelier en 1969.<br \/>\nDrums Market (1973) : Face aux difficult\u00e9s de commercialisation via les revendeurs fran\u00e7ais, Jacques Capelle ouvre \u00e0 Paris le premier magasin d\u00e9di\u00e9 \u00e0 la batterie et aux percussions, \u00ab\u00a0Drums Market\u00a0\u00bb.<br \/>\nCollaboration avec Orange (Ann\u00e9es 1970) : Sonic (avant de redevenir Capelle) collabore avec la marque anglaise Orange pour fabriquer des batteries qui rencontrent un grand succ\u00e8s commercial.<br \/>\nAccent sur les accessoires (Ann\u00e9es 1970\/1980) : La marque Capelle\/Orange devient r\u00e9put\u00e9e pour ses accessoires, qui repr\u00e9sentent une part importante de son march\u00e9, avec des succ\u00e8s internationaux comme le pied perche et la p\u00e9dale Excalibur.<br \/>\nChangement de direction (2010) : La marque familiale Capelle change de main en 2010, ouvrant un nouveau chapitre pour l&rsquo;entreprise.<\/p>\n<p>En r\u00e9sum\u00e9, Capelle est une marque fran\u00e7aise avec une longue histoire dans le monde de la batterie et des percussions, passant par diff\u00e9rentes appellations avant de revenir \u00e0 son nom d&rsquo;origine. Elle a marqu\u00e9 l&rsquo;histoire par ses instruments et ses accessoires.<\/p>\n<p><a href=\"https:\/\/www.rimocc.com\/en\/product-category\/accessoires-batterie\/\">https:\/\/www.rimocc.com\/product-category\/accessoires-batterie\/<\/a><\/p>","protected":false},"excerpt":{"rendered":"<p>Capelle Fixation support tom x4 Tr\u00e8s bon \u00e9tat Prix pour les 4 L&rsquo;histoire de la marque Capelle est riche et s&rsquo;\u00e9tend sur plusieurs d\u00e9cennies, avec quelques changements de nom au cours de son existence. Voici un aper\u00e7u de son historique : Imperator Mondus (1921) : L&rsquo;entreprise a initialement \u00e9t\u00e9 fond\u00e9e \u00e0 Paris en 1921 par [&hellip;]<\/p>\n","protected":false},"featured_media":14908,"comment_status":"open","ping_status":"closed","template":"","meta":{"jetpack_publicize_message":"","jetpack_publicize_feature_enabled":true,"jetpack_social_post_already_shared":false,"jetpack_social_options":{"image_generator_settings":{"template":"highway","default_image_id":0,"font":"","enabled":false},"version":2}},"product_brand":[],"product_cat":[22],"product_tag":[224,548,538],"class_list":{"0":"post-14910","1":"product","2":"type-product","3":"status-publish","4":"has-post-thumbnail","6":"product_cat-accessoires-batterie","7":"product_tag-capelle","8":"product_tag-depot-vente-lyon","9":"product_tag-magasin-de-musique-lyon","11":"entry","12":"has-media","14":"first","15":"instock","16":"shipping-taxable","17":"purchasable","18":"product-type-simple","19":"has-product-nav","20":"col","21":"span_1_of_3","22":"owp-content-center","23":"owp-thumbs-layout-horizontal","24":"owp-btn-normal","25":"owp-tabs-layout-horizontal"},"yoast_head":"<!-- This site is optimized with the Yoast SEO plugin v27.6 - https:\/\/yoast.com\/product\/yoast-seo-wordpress\/ -->\n<title>Capelle Fixation support tom x4 - D\u00e9p\u00f4t Vente Batterie Percussion | Rimocc Lyon<\/title>\n<meta name=\"description\" content=\"Capelle Fixation support tom x4\" \/>\n<meta name=\"robots\" content=\"index, follow, max-snippet:-1, max-image-preview:large, max-video-preview:-1\" \/>\n<link rel=\"canonical\" href=\"https:\/\/www.rimocc.com\/en\/product\/capelle-fixation-support-tom-x4\/\" \/>\n<meta property=\"og:locale\" content=\"en_US\" \/>\n<meta property=\"og:type\" content=\"article\" \/>\n<meta property=\"og:title\" content=\"Capelle Fixation support tom x4 - D\u00e9p\u00f4t Vente Batterie Percussion | Rimocc Lyon\" \/>\n<meta property=\"og:description\" content=\"Capelle Fixation support tom x4\" \/>\n<meta property=\"og:url\" content=\"https:\/\/www.rimocc.com\/en\/product\/capelle-fixation-support-tom-x4\/\" \/>\n<meta property=\"og:site_name\" content=\"D\u00e9p\u00f4t Vente Batterie Percussion | Rimocc Lyon\" \/>\n<meta property=\"article:publisher\" content=\"https:\/\/www.facebook.com\/rimocclyon\/?locale=fr_FR\" \/>\n<meta property=\"article:modified_time\" content=\"2025-05-07T09:30:08+00:00\" \/>\n<meta property=\"og:image\" content=\"https:\/\/www.rimocc.com\/wp-content\/uploads\/2025\/05\/Capelle-Fixation-support-tom-x4-2.jpg\" \/>\n\t<meta property=\"og:image:width\" content=\"1920\" \/>\n\t<meta property=\"og:image:height\" content=\"1920\" \/>\n\t<meta property=\"og:image:type\" content=\"image\/jpeg\" \/>\n<meta name=\"twitter:card\" content=\"summary_large_image\" \/>\n<meta name=\"twitter:label1\" content=\"Est. reading time\" \/>\n\t<meta name=\"twitter:data1\" content=\"2 minutes\" \/>\n<script type=\"application\/ld+json\" class=\"yoast-schema-graph\">{\"@context\":\"https:\\\/\\\/schema.org\",\"@graph\":[{\"@type\":\"WebPage\",\"@id\":\"https:\\\/\\\/www.rimocc.com\\\/product\\\/capelle-fixation-support-tom-x4\\\/\",\"url\":\"https:\\\/\\\/www.rimocc.com\\\/product\\\/capelle-fixation-support-tom-x4\\\/\",\"name\":\"Capelle Fixation support tom x4 - D\u00e9p\u00f4t Vente Batterie Percussion | Rimocc Lyon\",\"isPartOf\":{\"@id\":\"https:\\\/\\\/www.rimocc.com\\\/#website\"},\"primaryImageOfPage\":{\"@id\":\"https:\\\/\\\/www.rimocc.com\\\/product\\\/capelle-fixation-support-tom-x4\\\/#primaryimage\"},\"image\":{\"@id\":\"https:\\\/\\\/www.rimocc.com\\\/product\\\/capelle-fixation-support-tom-x4\\\/#primaryimage\"},\"thumbnailUrl\":\"https:\\\/\\\/www.rimocc.com\\\/wp-content\\\/uploads\\\/2025\\\/05\\\/Capelle-Fixation-support-tom-x4-2.jpg\",\"datePublished\":\"2025-05-07T09:30:04+00:00\",\"dateModified\":\"2025-05-07T09:30:08+00:00\",\"description\":\"Capelle Fixation support tom x4\",\"breadcrumb\":{\"@id\":\"https:\\\/\\\/www.rimocc.com\\\/product\\\/capelle-fixation-support-tom-x4\\\/#breadcrumb\"},\"inLanguage\":\"en-US\",\"potentialAction\":[{\"@type\":\"ReadAction\",\"target\":[\"https:\\\/\\\/www.rimocc.com\\\/product\\\/capelle-fixation-support-tom-x4\\\/\"]}]},{\"@type\":\"ImageObject\",\"inLanguage\":\"en-US\",\"@id\":\"https:\\\/\\\/www.rimocc.com\\\/product\\\/capelle-fixation-support-tom-x4\\\/#primaryimage\",\"url\":\"https:\\\/\\\/www.rimocc.com\\\/wp-content\\\/uploads\\\/2025\\\/05\\\/Capelle-Fixation-support-tom-x4-2.jpg\",\"contentUrl\":\"https:\\\/\\\/www.rimocc.com\\\/wp-content\\\/uploads\\\/2025\\\/05\\\/Capelle-Fixation-support-tom-x4-2.jpg\",\"width\":1920,\"height\":1920},{\"@type\":\"BreadcrumbList\",\"@id\":\"https:\\\/\\\/www.rimocc.com\\\/product\\\/capelle-fixation-support-tom-x4\\\/#breadcrumb\",\"itemListElement\":[{\"@type\":\"ListItem\",\"position\":1,\"name\":\"Home\",\"item\":\"https:\\\/\\\/www.rimocc.com\\\/\"},{\"@type\":\"ListItem\",\"position\":2,\"name\":\"Shop\",\"item\":\"https:\\\/\\\/www.rimocc.com\\\/shop\\\/\"},{\"@type\":\"ListItem\",\"position\":3,\"name\":\"Capelle Fixation support tom x4\"}]},{\"@type\":\"WebSite\",\"@id\":\"https:\\\/\\\/www.rimocc.com\\\/#website\",\"url\":\"https:\\\/\\\/www.rimocc.com\\\/\",\"name\":\"D\u00e9p\u00f4t Vente Batterie Percussion | Rimocc Lyon\",\"description\":\"Rimocc: l&#039;unique magasin d\u00e9di\u00e9 enti\u00e8rement \u00e0 la batterie, percussion d&#039;occasion et vintage \u00e0 Lyon, France\",\"publisher\":{\"@id\":\"https:\\\/\\\/www.rimocc.com\\\/#organization\"},\"alternateName\":\"Rimocc'\",\"potentialAction\":[{\"@type\":\"SearchAction\",\"target\":{\"@type\":\"EntryPoint\",\"urlTemplate\":\"https:\\\/\\\/www.rimocc.com\\\/?s={search_term_string}\"},\"query-input\":{\"@type\":\"PropertyValueSpecification\",\"valueRequired\":true,\"valueName\":\"search_term_string\"}}],\"inLanguage\":\"en-US\"},{\"@type\":\"Organization\",\"@id\":\"https:\\\/\\\/www.rimocc.com\\\/#organization\",\"name\":\"Rimocc'\",\"alternateName\":\"Rimocc\",\"url\":\"https:\\\/\\\/www.rimocc.com\\\/\",\"logo\":{\"@type\":\"ImageObject\",\"inLanguage\":\"en-US\",\"@id\":\"https:\\\/\\\/www.rimocc.com\\\/#\\\/schema\\\/logo\\\/image\\\/\",\"url\":\"https:\\\/\\\/i0.wp.com\\\/www.rimocc.com\\\/wp-content\\\/uploads\\\/2023\\\/07\\\/RIMOCC_LOGO.jpg?fit=459%2C114&ssl=1\",\"contentUrl\":\"https:\\\/\\\/i0.wp.com\\\/www.rimocc.com\\\/wp-content\\\/uploads\\\/2023\\\/07\\\/RIMOCC_LOGO.jpg?fit=459%2C114&ssl=1\",\"width\":459,\"height\":114,\"caption\":\"Rimocc'\"},\"image\":{\"@id\":\"https:\\\/\\\/www.rimocc.com\\\/#\\\/schema\\\/logo\\\/image\\\/\"},\"sameAs\":[\"https:\\\/\\\/www.facebook.com\\\/rimocclyon\\\/?locale=fr_FR\",\"https:\\\/\\\/www.instagram.com\\\/rimoccc\\\/?hl=fr\",\"https:\\\/\\\/www.tiktok.com\\\/@rimocc\",\"https:\\\/\\\/www.youtube.com\\\/@Rimocc\"]}]}<\/script>\n<!-- \/ Yoast SEO plugin. -->","yoast_head_json":{"title":"Capelle Fixation support tom x4 - D\u00e9p\u00f4t Vente Batterie Percussion | Rimocc Lyon","description":"Capelle Fixation support tom x4","robots":{"index":"index","follow":"follow","max-snippet":"max-snippet:-1","max-image-preview":"max-image-preview:large","max-video-preview":"max-video-preview:-1"},"canonical":"https:\/\/www.rimocc.com\/en\/product\/capelle-fixation-support-tom-x4\/","og_locale":"en_US","og_type":"article","og_title":"Capelle Fixation support tom x4 - D\u00e9p\u00f4t Vente Batterie Percussion | Rimocc Lyon","og_description":"Capelle Fixation support tom x4","og_url":"https:\/\/www.rimocc.com\/en\/product\/capelle-fixation-support-tom-x4\/","og_site_name":"D\u00e9p\u00f4t Vente Batterie Percussion | Rimocc Lyon","article_publisher":"https:\/\/www.facebook.com\/rimocclyon\/?locale=fr_FR","article_modified_time":"2025-05-07T09:30:08+00:00","og_image":[{"width":1920,"height":1920,"url":"https:\/\/www.rimocc.com\/wp-content\/uploads\/2025\/05\/Capelle-Fixation-support-tom-x4-2.jpg","type":"image\/jpeg"}],"twitter_card":"summary_large_image","twitter_misc":{"Est. reading time":"2 minutes"},"schema":{"@context":"https:\/\/schema.org","@graph":[{"@type":"WebPage","@id":"https:\/\/www.rimocc.com\/product\/capelle-fixation-support-tom-x4\/","url":"https:\/\/www.rimocc.com\/product\/capelle-fixation-support-tom-x4\/","name":"Capelle Fixation support tom x4 - D\u00e9p\u00f4t Vente Batterie Percussion | Rimocc Lyon","isPartOf":{"@id":"https:\/\/www.rimocc.com\/#website"},"primaryImageOfPage":{"@id":"https:\/\/www.rimocc.com\/product\/capelle-fixation-support-tom-x4\/#primaryimage"},"image":{"@id":"https:\/\/www.rimocc.com\/product\/capelle-fixation-support-tom-x4\/#primaryimage"},"thumbnailUrl":"https:\/\/www.rimocc.com\/wp-content\/uploads\/2025\/05\/Capelle-Fixation-support-tom-x4-2.jpg","datePublished":"2025-05-07T09:30:04+00:00","dateModified":"2025-05-07T09:30:08+00:00","description":"Capelle Fixation support tom x4","breadcrumb":{"@id":"https:\/\/www.rimocc.com\/product\/capelle-fixation-support-tom-x4\/#breadcrumb"},"inLanguage":"en-US","potentialAction":[{"@type":"ReadAction","target":["https:\/\/www.rimocc.com\/product\/capelle-fixation-support-tom-x4\/"]}]},{"@type":"ImageObject","inLanguage":"en-US","@id":"https:\/\/www.rimocc.com\/product\/capelle-fixation-support-tom-x4\/#primaryimage","url":"https:\/\/www.rimocc.com\/wp-content\/uploads\/2025\/05\/Capelle-Fixation-support-tom-x4-2.jpg","contentUrl":"https:\/\/www.rimocc.com\/wp-content\/uploads\/2025\/05\/Capelle-Fixation-support-tom-x4-2.jpg","width":1920,"height":1920},{"@type":"BreadcrumbList","@id":"https:\/\/www.rimocc.com\/product\/capelle-fixation-support-tom-x4\/#breadcrumb","itemListElement":[{"@type":"ListItem","position":1,"name":"Home","item":"https:\/\/www.rimocc.com\/"},{"@type":"ListItem","position":2,"name":"Shop","item":"https:\/\/www.rimocc.com\/shop\/"},{"@type":"ListItem","position":3,"name":"Capelle Fixation support tom x4"}]},{"@type":"WebSite","@id":"https:\/\/www.rimocc.com\/#website","url":"https:\/\/www.rimocc.com\/","name":"D\u00e9p\u00f4t Vente Batterie Percussion | Rimocc Lyon","description":"Rimocc: l&#039;unique magasin d\u00e9di\u00e9 enti\u00e8rement \u00e0 la batterie, percussion d&#039;occasion et vintage \u00e0 Lyon, France","publisher":{"@id":"https:\/\/www.rimocc.com\/#organization"},"alternateName":"Rimocc'","potentialAction":[{"@type":"SearchAction","target":{"@type":"EntryPoint","urlTemplate":"https:\/\/www.rimocc.com\/?s={search_term_string}"},"query-input":{"@type":"PropertyValueSpecification","valueRequired":true,"valueName":"search_term_string"}}],"inLanguage":"en-US"},{"@type":"Organization","@id":"https:\/\/www.rimocc.com\/#organization","name":"Rimocc'","alternateName":"Rimocc","url":"https:\/\/www.rimocc.com\/","logo":{"@type":"ImageObject","inLanguage":"en-US","@id":"https:\/\/www.rimocc.com\/#\/schema\/logo\/image\/","url":"https:\/\/i0.wp.com\/www.rimocc.com\/wp-content\/uploads\/2023\/07\/RIMOCC_LOGO.jpg?fit=459%2C114&ssl=1","contentUrl":"https:\/\/i0.wp.com\/www.rimocc.com\/wp-content\/uploads\/2023\/07\/RIMOCC_LOGO.jpg?fit=459%2C114&ssl=1","width":459,"height":114,"caption":"Rimocc'"},"image":{"@id":"https:\/\/www.rimocc.com\/#\/schema\/logo\/image\/"},"sameAs":["https:\/\/www.facebook.com\/rimocclyon\/?locale=fr_FR","https:\/\/www.instagram.com\/rimoccc\/?hl=fr","https:\/\/www.tiktok.com\/@rimocc","https:\/\/www.youtube.com\/@Rimocc"]}]}},"jetpack_publicize_connections":[],"jetpack_sharing_enabled":true,"_links":{"self":[{"href":"https:\/\/www.rimocc.com\/en\/wp-json\/wp\/v2\/product\/14910","targetHints":{"allow":["GET"]}}],"collection":[{"href":"https:\/\/www.rimocc.com\/en\/wp-json\/wp\/v2\/product"}],"about":[{"href":"https:\/\/www.rimocc.com\/en\/wp-json\/wp\/v2\/types\/product"}],"replies":[{"embeddable":true,"href":"https:\/\/www.rimocc.com\/en\/wp-json\/wp\/v2\/comments?post=14910"}],"wp:featuredmedia":[{"embeddable":true,"href":"https:\/\/www.rimocc.com\/en\/wp-json\/wp\/v2\/media\/14908"}],"wp:attachment":[{"href":"https:\/\/www.rimocc.com\/en\/wp-json\/wp\/v2\/media?parent=14910"}],"wp:term":[{"taxonomy":"product_brand","embeddable":true,"href":"https:\/\/www.rimocc.com\/en\/wp-json\/wp\/v2\/product_brand?post=14910"},{"taxonomy":"product_cat","embeddable":true,"href":"https:\/\/www.rimocc.com\/en\/wp-json\/wp\/v2\/product_cat?post=14910"},{"taxonomy":"product_tag","embeddable":true,"href":"https:\/\/www.rimocc.com\/en\/wp-json\/wp\/v2\/product_tag?post=14910"}],"curies":[{"name":"wp","href":"https:\/\/api.w.org\/{rel}","templated":true}]}}