{"id":14900,"date":"2025-05-06T16:11:02","date_gmt":"2025-05-06T14:11:02","guid":{"rendered":"https:\/\/www.rimocc.com\/?post_type=product&#038;p=14900"},"modified":"2025-05-11T12:03:16","modified_gmt":"2025-05-11T10:03:16","slug":"camco-pedale-grosse-caisse-vintage-70s","status":"publish","type":"product","link":"https:\/\/www.rimocc.com\/en\/product\/camco-pedale-grosse-caisse-vintage-70s\/","title":{"rendered":"Camco P\u00e9dale Grosse Caisse Vintage 70&rsquo;s"},"content":{"rendered":"<p>Camco P\u00e9dale Grosse Caisse Vintage 70&rsquo;s<br \/>\nCompl\u00e8te, toute d&rsquo;origine<br \/>\nTr\u00e8s bon \u00e9tat g\u00e9n\u00e9ral<\/p>\n<p>La p\u00e9dale de grosse caisse Camco vintage des ann\u00e9es 70 est connue pour sa construction robuste et son action souple. Fabriqu\u00e9e \u00e0 l&rsquo;\u00e9poque o\u00f9 Camco \u00e9tait r\u00e9put\u00e9 pour la qualit\u00e9 de ses instruments de percussion, cette p\u00e9dale est souvent appr\u00e9ci\u00e9e pour sa simplicit\u00e9 m\u00e9canique et sa fiabilit\u00e9.<\/p>\n<p>Une construction solide : Utilisation de m\u00e9tal durable pour r\u00e9sister \u00e0 une utilisation intensive.<br \/>\nUn design simple mais efficace : transmission par cha\u00eene simple, privil\u00e9giant une sensation naturelle et une r\u00e9ponse rapide.<br \/>\nUn look vintage : L&rsquo;esth\u00e9tique des ann\u00e9es 70, avec des finitions et des formes caract\u00e9ristiques de cette \u00e9poque.<\/p>\n<p>Ces p\u00e9dales sont pris\u00e9es par les batteurs qui recherchent un feeling classique et une construction durable, diff\u00e9rente des mod\u00e8les plus modernes qui peuvent int\u00e9grer des syst\u00e8mes plus complexes. La Camco des ann\u00e9es 70 est souvent consid\u00e9r\u00e9e comme une p\u00e9dale fiable et agr\u00e9able \u00e0 jouer.<\/p>\n<p><a href=\"https:\/\/www.rimocc.com\/en\/product-category\/pedales\/\">https:\/\/www.rimocc.com\/product-category\/pedales\/<\/a><\/p>","protected":false},"excerpt":{"rendered":"<p>Camco P\u00e9dale Grosse Caisse Vintage 70&rsquo;s Compl\u00e8te, toute d&rsquo;origine Tr\u00e8s bon \u00e9tat g\u00e9n\u00e9ral La p\u00e9dale de grosse caisse Camco vintage des ann\u00e9es 70 est connue pour sa construction robuste et son action souple. Fabriqu\u00e9e \u00e0 l&rsquo;\u00e9poque o\u00f9 Camco \u00e9tait r\u00e9put\u00e9 pour la qualit\u00e9 de ses instruments de percussion, cette p\u00e9dale est souvent appr\u00e9ci\u00e9e pour sa [&hellip;]<\/p>\n","protected":false},"featured_media":14899,"comment_status":"open","ping_status":"closed","template":"","meta":{"jetpack_publicize_message":"","jetpack_publicize_feature_enabled":true,"jetpack_social_post_already_shared":false,"jetpack_social_options":{"image_generator_settings":{"template":"highway","default_image_id":0,"font":"","enabled":false},"version":2}},"product_brand":[],"product_cat":[19],"product_tag":[655,548,538],"class_list":{"0":"post-14900","1":"product","2":"type-product","3":"status-publish","4":"has-post-thumbnail","6":"product_cat-pedales","7":"product_tag-camco","8":"product_tag-depot-vente-lyon","9":"product_tag-magasin-de-musique-lyon","11":"entry","12":"has-media","14":"first","15":"outofstock","16":"shipping-taxable","17":"purchasable","18":"product-type-simple","19":"has-product-nav","20":"col","21":"span_1_of_3","22":"owp-content-center","23":"owp-thumbs-layout-horizontal","24":"owp-btn-normal","25":"owp-tabs-layout-horizontal"},"yoast_head":"<!-- This site is optimized with the Yoast SEO plugin v27.4 - https:\/\/yoast.com\/product\/yoast-seo-wordpress\/ -->\n<title>Camco P\u00e9dale Grosse Caisse Vintage 70&#039;s - D\u00e9p\u00f4t Vente Batterie Percussion | Rimocc Lyon<\/title>\n<meta name=\"description\" content=\"P\u00e9dale de grosse caisse Camco vintage des ann\u00e9es 70 : construction robuste, action souple et look r\u00e9tro pour les batteurs exigeants.\" \/>\n<meta name=\"robots\" content=\"index, follow, max-snippet:-1, max-image-preview:large, max-video-preview:-1\" \/>\n<link rel=\"canonical\" href=\"https:\/\/www.rimocc.com\/en\/product\/camco-pedale-grosse-caisse-vintage-70s\/\" \/>\n<meta property=\"og:locale\" content=\"en_US\" \/>\n<meta property=\"og:type\" content=\"article\" \/>\n<meta property=\"og:title\" content=\"Camco P\u00e9dale Grosse Caisse Vintage 70&#039;s - D\u00e9p\u00f4t Vente Batterie Percussion | Rimocc Lyon\" \/>\n<meta property=\"og:description\" content=\"P\u00e9dale de grosse caisse Camco vintage des ann\u00e9es 70 : construction robuste, action souple et look r\u00e9tro pour les batteurs exigeants.\" \/>\n<meta property=\"og:url\" content=\"https:\/\/www.rimocc.com\/en\/product\/camco-pedale-grosse-caisse-vintage-70s\/\" \/>\n<meta property=\"og:site_name\" content=\"D\u00e9p\u00f4t Vente Batterie Percussion | Rimocc Lyon\" \/>\n<meta property=\"article:publisher\" content=\"https:\/\/www.facebook.com\/rimocclyon\/?locale=fr_FR\" \/>\n<meta property=\"article:modified_time\" content=\"2025-05-11T10:03:16+00:00\" \/>\n<meta property=\"og:image\" content=\"https:\/\/www.rimocc.com\/wp-content\/uploads\/2025\/05\/Camco-Pedale-Grosse-Caisse-Vintage-70_s-1.jpg\" \/>\n\t<meta property=\"og:image:width\" content=\"1920\" \/>\n\t<meta property=\"og:image:height\" content=\"1920\" \/>\n\t<meta property=\"og:image:type\" content=\"image\/jpeg\" \/>\n<meta name=\"twitter:card\" content=\"summary_large_image\" \/>\n<meta name=\"twitter:label1\" content=\"Est. reading time\" \/>\n\t<meta name=\"twitter:data1\" content=\"1 minute\" \/>\n<script type=\"application\/ld+json\" class=\"yoast-schema-graph\">{\"@context\":\"https:\\\/\\\/schema.org\",\"@graph\":[{\"@type\":\"WebPage\",\"@id\":\"https:\\\/\\\/www.rimocc.com\\\/product\\\/camco-pedale-grosse-caisse-vintage-70s\\\/\",\"url\":\"https:\\\/\\\/www.rimocc.com\\\/product\\\/camco-pedale-grosse-caisse-vintage-70s\\\/\",\"name\":\"Camco P\u00e9dale Grosse Caisse Vintage 70's - D\u00e9p\u00f4t Vente Batterie Percussion | Rimocc Lyon\",\"isPartOf\":{\"@id\":\"https:\\\/\\\/www.rimocc.com\\\/#website\"},\"primaryImageOfPage\":{\"@id\":\"https:\\\/\\\/www.rimocc.com\\\/product\\\/camco-pedale-grosse-caisse-vintage-70s\\\/#primaryimage\"},\"image\":{\"@id\":\"https:\\\/\\\/www.rimocc.com\\\/product\\\/camco-pedale-grosse-caisse-vintage-70s\\\/#primaryimage\"},\"thumbnailUrl\":\"https:\\\/\\\/www.rimocc.com\\\/wp-content\\\/uploads\\\/2025\\\/05\\\/Camco-Pedale-Grosse-Caisse-Vintage-70_s-1.jpg\",\"datePublished\":\"2025-05-06T14:11:02+00:00\",\"dateModified\":\"2025-05-11T10:03:16+00:00\",\"description\":\"P\u00e9dale de grosse caisse Camco vintage des ann\u00e9es 70 : construction robuste, action souple et look r\u00e9tro pour les batteurs exigeants.\",\"breadcrumb\":{\"@id\":\"https:\\\/\\\/www.rimocc.com\\\/product\\\/camco-pedale-grosse-caisse-vintage-70s\\\/#breadcrumb\"},\"inLanguage\":\"en-US\",\"potentialAction\":[{\"@type\":\"ReadAction\",\"target\":[\"https:\\\/\\\/www.rimocc.com\\\/product\\\/camco-pedale-grosse-caisse-vintage-70s\\\/\"]}]},{\"@type\":\"ImageObject\",\"inLanguage\":\"en-US\",\"@id\":\"https:\\\/\\\/www.rimocc.com\\\/product\\\/camco-pedale-grosse-caisse-vintage-70s\\\/#primaryimage\",\"url\":\"https:\\\/\\\/www.rimocc.com\\\/wp-content\\\/uploads\\\/2025\\\/05\\\/Camco-Pedale-Grosse-Caisse-Vintage-70_s-1.jpg\",\"contentUrl\":\"https:\\\/\\\/www.rimocc.com\\\/wp-content\\\/uploads\\\/2025\\\/05\\\/Camco-Pedale-Grosse-Caisse-Vintage-70_s-1.jpg\",\"width\":1920,\"height\":1920,\"caption\":\"Camco P\u00e9dale Grosse Caisse Vintage 70's\"},{\"@type\":\"BreadcrumbList\",\"@id\":\"https:\\\/\\\/www.rimocc.com\\\/product\\\/camco-pedale-grosse-caisse-vintage-70s\\\/#breadcrumb\",\"itemListElement\":[{\"@type\":\"ListItem\",\"position\":1,\"name\":\"Home\",\"item\":\"https:\\\/\\\/www.rimocc.com\\\/\"},{\"@type\":\"ListItem\",\"position\":2,\"name\":\"Shop\",\"item\":\"https:\\\/\\\/www.rimocc.com\\\/shop\\\/\"},{\"@type\":\"ListItem\",\"position\":3,\"name\":\"Camco P\u00e9dale Grosse Caisse Vintage 70&#8217;s\"}]},{\"@type\":\"WebSite\",\"@id\":\"https:\\\/\\\/www.rimocc.com\\\/#website\",\"url\":\"https:\\\/\\\/www.rimocc.com\\\/\",\"name\":\"D\u00e9p\u00f4t Vente Batterie Percussion | Rimocc Lyon\",\"description\":\"Rimocc: l&#039;unique magasin d\u00e9di\u00e9 enti\u00e8rement \u00e0 la batterie, percussion d&#039;occasion et vintage \u00e0 Lyon, France\",\"publisher\":{\"@id\":\"https:\\\/\\\/www.rimocc.com\\\/#organization\"},\"alternateName\":\"Rimocc'\",\"potentialAction\":[{\"@type\":\"SearchAction\",\"target\":{\"@type\":\"EntryPoint\",\"urlTemplate\":\"https:\\\/\\\/www.rimocc.com\\\/?s={search_term_string}\"},\"query-input\":{\"@type\":\"PropertyValueSpecification\",\"valueRequired\":true,\"valueName\":\"search_term_string\"}}],\"inLanguage\":\"en-US\"},{\"@type\":\"Organization\",\"@id\":\"https:\\\/\\\/www.rimocc.com\\\/#organization\",\"name\":\"Rimocc'\",\"alternateName\":\"Rimocc\",\"url\":\"https:\\\/\\\/www.rimocc.com\\\/\",\"logo\":{\"@type\":\"ImageObject\",\"inLanguage\":\"en-US\",\"@id\":\"https:\\\/\\\/www.rimocc.com\\\/#\\\/schema\\\/logo\\\/image\\\/\",\"url\":\"https:\\\/\\\/i0.wp.com\\\/www.rimocc.com\\\/wp-content\\\/uploads\\\/2023\\\/07\\\/RIMOCC_LOGO.jpg?fit=459%2C114&ssl=1\",\"contentUrl\":\"https:\\\/\\\/i0.wp.com\\\/www.rimocc.com\\\/wp-content\\\/uploads\\\/2023\\\/07\\\/RIMOCC_LOGO.jpg?fit=459%2C114&ssl=1\",\"width\":459,\"height\":114,\"caption\":\"Rimocc'\"},\"image\":{\"@id\":\"https:\\\/\\\/www.rimocc.com\\\/#\\\/schema\\\/logo\\\/image\\\/\"},\"sameAs\":[\"https:\\\/\\\/www.facebook.com\\\/rimocclyon\\\/?locale=fr_FR\",\"https:\\\/\\\/www.instagram.com\\\/rimoccc\\\/?hl=fr\",\"https:\\\/\\\/www.tiktok.com\\\/@rimocc\",\"https:\\\/\\\/www.youtube.com\\\/@Rimocc\"]}]}<\/script>\n<!-- \/ Yoast SEO plugin. -->","yoast_head_json":{"title":"Camco P\u00e9dale Grosse Caisse Vintage 70's - D\u00e9p\u00f4t Vente Batterie Percussion | Rimocc Lyon","description":"P\u00e9dale de grosse caisse Camco vintage des ann\u00e9es 70 : construction robuste, action souple et look r\u00e9tro pour les batteurs exigeants.","robots":{"index":"index","follow":"follow","max-snippet":"max-snippet:-1","max-image-preview":"max-image-preview:large","max-video-preview":"max-video-preview:-1"},"canonical":"https:\/\/www.rimocc.com\/en\/product\/camco-pedale-grosse-caisse-vintage-70s\/","og_locale":"en_US","og_type":"article","og_title":"Camco P\u00e9dale Grosse Caisse Vintage 70's - D\u00e9p\u00f4t Vente Batterie Percussion | Rimocc Lyon","og_description":"P\u00e9dale de grosse caisse Camco vintage des ann\u00e9es 70 : construction robuste, action souple et look r\u00e9tro pour les batteurs exigeants.","og_url":"https:\/\/www.rimocc.com\/en\/product\/camco-pedale-grosse-caisse-vintage-70s\/","og_site_name":"D\u00e9p\u00f4t Vente Batterie Percussion | Rimocc Lyon","article_publisher":"https:\/\/www.facebook.com\/rimocclyon\/?locale=fr_FR","article_modified_time":"2025-05-11T10:03:16+00:00","og_image":[{"width":1920,"height":1920,"url":"https:\/\/www.rimocc.com\/wp-content\/uploads\/2025\/05\/Camco-Pedale-Grosse-Caisse-Vintage-70_s-1.jpg","type":"image\/jpeg"}],"twitter_card":"summary_large_image","twitter_misc":{"Est. reading time":"1 minute"},"schema":{"@context":"https:\/\/schema.org","@graph":[{"@type":"WebPage","@id":"https:\/\/www.rimocc.com\/product\/camco-pedale-grosse-caisse-vintage-70s\/","url":"https:\/\/www.rimocc.com\/product\/camco-pedale-grosse-caisse-vintage-70s\/","name":"Camco P\u00e9dale Grosse Caisse Vintage 70's - D\u00e9p\u00f4t Vente Batterie Percussion | Rimocc Lyon","isPartOf":{"@id":"https:\/\/www.rimocc.com\/#website"},"primaryImageOfPage":{"@id":"https:\/\/www.rimocc.com\/product\/camco-pedale-grosse-caisse-vintage-70s\/#primaryimage"},"image":{"@id":"https:\/\/www.rimocc.com\/product\/camco-pedale-grosse-caisse-vintage-70s\/#primaryimage"},"thumbnailUrl":"https:\/\/www.rimocc.com\/wp-content\/uploads\/2025\/05\/Camco-Pedale-Grosse-Caisse-Vintage-70_s-1.jpg","datePublished":"2025-05-06T14:11:02+00:00","dateModified":"2025-05-11T10:03:16+00:00","description":"P\u00e9dale de grosse caisse Camco vintage des ann\u00e9es 70 : construction robuste, action souple et look r\u00e9tro pour les batteurs exigeants.","breadcrumb":{"@id":"https:\/\/www.rimocc.com\/product\/camco-pedale-grosse-caisse-vintage-70s\/#breadcrumb"},"inLanguage":"en-US","potentialAction":[{"@type":"ReadAction","target":["https:\/\/www.rimocc.com\/product\/camco-pedale-grosse-caisse-vintage-70s\/"]}]},{"@type":"ImageObject","inLanguage":"en-US","@id":"https:\/\/www.rimocc.com\/product\/camco-pedale-grosse-caisse-vintage-70s\/#primaryimage","url":"https:\/\/www.rimocc.com\/wp-content\/uploads\/2025\/05\/Camco-Pedale-Grosse-Caisse-Vintage-70_s-1.jpg","contentUrl":"https:\/\/www.rimocc.com\/wp-content\/uploads\/2025\/05\/Camco-Pedale-Grosse-Caisse-Vintage-70_s-1.jpg","width":1920,"height":1920,"caption":"Camco P\u00e9dale Grosse Caisse Vintage 70's"},{"@type":"BreadcrumbList","@id":"https:\/\/www.rimocc.com\/product\/camco-pedale-grosse-caisse-vintage-70s\/#breadcrumb","itemListElement":[{"@type":"ListItem","position":1,"name":"Home","item":"https:\/\/www.rimocc.com\/"},{"@type":"ListItem","position":2,"name":"Shop","item":"https:\/\/www.rimocc.com\/shop\/"},{"@type":"ListItem","position":3,"name":"Camco P\u00e9dale Grosse Caisse Vintage 70&#8217;s"}]},{"@type":"WebSite","@id":"https:\/\/www.rimocc.com\/#website","url":"https:\/\/www.rimocc.com\/","name":"D\u00e9p\u00f4t Vente Batterie Percussion | Rimocc Lyon","description":"Rimocc: l&#039;unique magasin d\u00e9di\u00e9 enti\u00e8rement \u00e0 la batterie, percussion d&#039;occasion et vintage \u00e0 Lyon, France","publisher":{"@id":"https:\/\/www.rimocc.com\/#organization"},"alternateName":"Rimocc'","potentialAction":[{"@type":"SearchAction","target":{"@type":"EntryPoint","urlTemplate":"https:\/\/www.rimocc.com\/?s={search_term_string}"},"query-input":{"@type":"PropertyValueSpecification","valueRequired":true,"valueName":"search_term_string"}}],"inLanguage":"en-US"},{"@type":"Organization","@id":"https:\/\/www.rimocc.com\/#organization","name":"Rimocc'","alternateName":"Rimocc","url":"https:\/\/www.rimocc.com\/","logo":{"@type":"ImageObject","inLanguage":"en-US","@id":"https:\/\/www.rimocc.com\/#\/schema\/logo\/image\/","url":"https:\/\/i0.wp.com\/www.rimocc.com\/wp-content\/uploads\/2023\/07\/RIMOCC_LOGO.jpg?fit=459%2C114&ssl=1","contentUrl":"https:\/\/i0.wp.com\/www.rimocc.com\/wp-content\/uploads\/2023\/07\/RIMOCC_LOGO.jpg?fit=459%2C114&ssl=1","width":459,"height":114,"caption":"Rimocc'"},"image":{"@id":"https:\/\/www.rimocc.com\/#\/schema\/logo\/image\/"},"sameAs":["https:\/\/www.facebook.com\/rimocclyon\/?locale=fr_FR","https:\/\/www.instagram.com\/rimoccc\/?hl=fr","https:\/\/www.tiktok.com\/@rimocc","https:\/\/www.youtube.com\/@Rimocc"]}]}},"jetpack_publicize_connections":[],"jetpack_sharing_enabled":true,"_links":{"self":[{"href":"https:\/\/www.rimocc.com\/en\/wp-json\/wp\/v2\/product\/14900","targetHints":{"allow":["GET"]}}],"collection":[{"href":"https:\/\/www.rimocc.com\/en\/wp-json\/wp\/v2\/product"}],"about":[{"href":"https:\/\/www.rimocc.com\/en\/wp-json\/wp\/v2\/types\/product"}],"replies":[{"embeddable":true,"href":"https:\/\/www.rimocc.com\/en\/wp-json\/wp\/v2\/comments?post=14900"}],"wp:featuredmedia":[{"embeddable":true,"href":"https:\/\/www.rimocc.com\/en\/wp-json\/wp\/v2\/media\/14899"}],"wp:attachment":[{"href":"https:\/\/www.rimocc.com\/en\/wp-json\/wp\/v2\/media?parent=14900"}],"wp:term":[{"taxonomy":"product_brand","embeddable":true,"href":"https:\/\/www.rimocc.com\/en\/wp-json\/wp\/v2\/product_brand?post=14900"},{"taxonomy":"product_cat","embeddable":true,"href":"https:\/\/www.rimocc.com\/en\/wp-json\/wp\/v2\/product_cat?post=14900"},{"taxonomy":"product_tag","embeddable":true,"href":"https:\/\/www.rimocc.com\/en\/wp-json\/wp\/v2\/product_tag?post=14900"}],"curies":[{"name":"wp","href":"https:\/\/api.w.org\/{rel}","templated":true}]}}