{"id":14886,"date":"2025-05-03T16:39:16","date_gmt":"2025-05-03T14:39:16","guid":{"rendered":"https:\/\/www.rimocc.com\/?post_type=product&#038;p=14886"},"modified":"2025-05-03T17:58:08","modified_gmt":"2025-05-03T15:58:08","slug":"asba-tom-metal-14x14-2","status":"publish","type":"product","link":"https:\/\/www.rimocc.com\/en\/product\/asba-tom-metal-14x14-2\/","title":{"rendered":"Asba Tom Metal 14&Prime;x14&Prime; 2"},"content":{"rendered":"<p>Asba Tom Metal 14&Prime;x14&Prime; 2<br \/>\nVintage 70&rsquo;s<br \/>\nComplet, tout d&rsquo;origine<br \/>\nCommande sp\u00e9ciale \u00e0 l&rsquo;\u00e9poque<br \/>\n(\u00e0 l&rsquo;origine, il y avait un support Capelle: 2 trous capables d&rsquo;accueillir maintenant un support plus r\u00e9cent)<br \/>\nBon \u00e9tat g\u00e9n\u00e9ral, \u00e0 lustrer.<br \/>\nUne belle opportunit\u00e9 de cr\u00e9er un tom bass de 14&Prime; sur pieds<\/p>\n<p><strong>\u00ab\u00a0Enl\u00e8vement sur place privil\u00e9gi\u00e9 mais envoi possible dans toute la France sur devis s\u00e9par\u00e9 &#8211; merci de s\u00e9lectionner l&rsquo;option \u00ab\u00a0retrait en magasin\u00a0\u00bb et nous vous ferons parvenir un devis s\u00e9par\u00e9 pour la livraison, \u00e0 r\u00e9gler s\u00e9par\u00e9ment<\/strong><br \/>\n<strong>International order, pick-up ONLY\u00a0\u00bb<\/strong><\/p>\n<p>L&rsquo;histoire de la marque de batteries ASBA est riche et embl\u00e9matique du savoir-faire fran\u00e7ais dans le domaine des percussions.<\/p>\n<p>Fond\u00e9e en 1927 par Alfred Boudard, l&rsquo;acronyme ASBA signifie d&rsquo;ailleurs \u00ab\u00a0Alfred et Simone Boudard Accessoires\u00a0\u00bb. L&rsquo;entreprise d\u00e9marre en r\u00e9gion parisienne, \u00e0 Limeil-Br\u00e9vannes, en fabriquant initialement des accessoires pour orchestres, notamment des pupitres, des stands pour instruments \u00e0 vent et des sourdines.<\/p>\n<p>Apr\u00e8s une interruption due \u00e0 la Seconde Guerre mondiale, ASBA red\u00e9marre son activit\u00e9 et \u00e9largit son catalogue en proposant ses premiers instruments de percussion, comme des timbales et des bongos, tr\u00e8s populaires dans les ann\u00e9es 50.<\/p>\n<p>La premi\u00e8re batterie ASBA, le mod\u00e8le \u00ab\u00a0Be Bop\u00a0\u00bb, est brevet\u00e9e en 1948. La m\u00eame ann\u00e9e voit le jour la caisse claire \u00ab\u00a0R\u00e9v\u00e9lation\u00a0\u00bb, qui conna\u00eetra un grand succ\u00e8s. ASBA collabore \u00e9troitement avec des batteurs fran\u00e7ais renomm\u00e9s de l&rsquo;\u00e9poque (Armand Molinetti, Christian Garros, Daniel Humair) pour am\u00e9liorer la conception de ses instruments. La p\u00e9dale de grosse caisse \u00ab\u00a0Caroline\u00a0\u00bb, fruit de cette collaboration avec Daniel Humair, sera m\u00eame distribu\u00e9e par Ludwig aux \u00c9tats-Unis.<\/p>\n<p>En 1956, ASBA installe sa propre fonderie, ce qui lui permet de fabriquer elle-m\u00eame ses coquilles et d&rsquo;autres petites pi\u00e8ces. La marque devient alors un acteur majeur sur le march\u00e9 fran\u00e7ais, \u00e9quipant de nombreux batteurs de jazz et de vari\u00e9t\u00e9.<\/p>\n<p>Malheureusement, l&rsquo;usine ASBA ferme ses portes en 1983, victime d&rsquo;un contexte \u00e9conomique difficile et d&rsquo;une concurrence accrue.<\/p>\n<p>Cependant, la belle histoire d&rsquo;ASBA ne s&rsquo;arr\u00eate pas l\u00e0. En 2023, la marque rena\u00eet et relance la production \u00e0 Lyon. ASBA perp\u00e9tue aujourd&rsquo;hui son savoir-faire \u00ab\u00a0Made in France\u00a0\u00bb, en fabriquant des batteries de haute qualit\u00e9, alliant un look parfois vintage \u00e0 des techniques de fabrication modernes. La marque continue d&rsquo;innover et de proposer des instruments qui honorent son h\u00e9ritage tout en regardant vers l&rsquo;avenir.<\/p>\n<p>ASBA est une marque fran\u00e7aise historique de batteries et de percussions, reconnue pour son savoir-faire artisanal, ses innovations et la qualit\u00e9 de ses instruments. Apr\u00e8s une p\u00e9riode d&rsquo;arr\u00eat, elle a retrouv\u00e9 une nouvelle vie et continue de faire r\u00e9sonner le \u00ab\u00a0son fran\u00e7ais\u00a0\u00bb dans le monde de la batterie.<\/p>\n<p><a href=\"https:\/\/www.asbadrums.com\/\">https:\/\/www.asbadrums.com\/<\/a><br \/>\n<a href=\"https:\/\/www.rimocc.com\/en\/product-category\/toms\/\">https:\/\/www.rimocc.com\/product-category\/toms\/<\/a><\/p>","protected":false},"excerpt":{"rendered":"<p>Asba Tom Metal 14&Prime;x14&Prime; 2 Vintage 70&rsquo;s Complet, tout d&rsquo;origine Commande sp\u00e9ciale \u00e0 l&rsquo;\u00e9poque (\u00e0 l&rsquo;origine, il y avait un support Capelle: 2 trous capables d&rsquo;accueillir maintenant un support plus r\u00e9cent) Bon \u00e9tat g\u00e9n\u00e9ral, \u00e0 lustrer. Une belle opportunit\u00e9 de cr\u00e9er un tom bass de 14&Prime; sur pieds \u00ab\u00a0Enl\u00e8vement sur place privil\u00e9gi\u00e9 mais envoi possible [&hellip;]<\/p>\n","protected":false},"featured_media":14885,"comment_status":"open","ping_status":"closed","template":"","meta":{"jetpack_publicize_message":"","jetpack_publicize_feature_enabled":true,"jetpack_social_post_already_shared":false,"jetpack_social_options":{"image_generator_settings":{"template":"highway","default_image_id":0,"font":"","enabled":false},"version":2}},"product_brand":[],"product_cat":[18],"product_tag":[84,548,538],"class_list":{"0":"post-14886","1":"product","2":"type-product","3":"status-publish","4":"has-post-thumbnail","6":"product_cat-toms","7":"product_tag-asba","8":"product_tag-depot-vente-lyon","9":"product_tag-magasin-de-musique-lyon","11":"entry","12":"has-media","14":"first","15":"outofstock","16":"shipping-taxable","17":"purchasable","18":"product-type-simple","19":"has-product-nav","20":"col","21":"span_1_of_3","22":"owp-content-center","23":"owp-thumbs-layout-horizontal","24":"owp-btn-normal","25":"owp-tabs-layout-horizontal"},"yoast_head":"<!-- This site is optimized with the Yoast SEO plugin v27.4 - https:\/\/yoast.com\/product\/yoast-seo-wordpress\/ -->\n<title>Asba Tom Metal 14&quot;x14&quot; 2 - D\u00e9p\u00f4t Vente Batterie Percussion | Rimocc Lyon<\/title>\n<meta name=\"description\" content=\"Tom ASBA en m\u00e9tal de 14&quot;x14&quot;. Un son profond et puissant, id\u00e9al pour des accents percutants. Red\u00e9couvrez la qualit\u00e9 et le caract\u00e8re &quot;Made in France&quot; !\" \/>\n<meta name=\"robots\" content=\"index, follow, max-snippet:-1, max-image-preview:large, max-video-preview:-1\" \/>\n<link rel=\"canonical\" href=\"https:\/\/www.rimocc.com\/en\/product\/asba-tom-metal-14x14-2\/\" \/>\n<meta property=\"og:locale\" content=\"en_US\" \/>\n<meta property=\"og:type\" content=\"article\" \/>\n<meta property=\"og:title\" content=\"Asba Tom Metal 14&quot;x14&quot; 2 - D\u00e9p\u00f4t Vente Batterie Percussion | Rimocc Lyon\" \/>\n<meta property=\"og:description\" content=\"Tom ASBA en m\u00e9tal de 14&quot;x14&quot;. Un son profond et puissant, id\u00e9al pour des accents percutants. Red\u00e9couvrez la qualit\u00e9 et le caract\u00e8re &quot;Made in France&quot; !\" \/>\n<meta property=\"og:url\" content=\"https:\/\/www.rimocc.com\/en\/product\/asba-tom-metal-14x14-2\/\" \/>\n<meta property=\"og:site_name\" content=\"D\u00e9p\u00f4t Vente Batterie Percussion | Rimocc Lyon\" \/>\n<meta property=\"article:publisher\" content=\"https:\/\/www.facebook.com\/rimocclyon\/?locale=fr_FR\" \/>\n<meta property=\"article:modified_time\" content=\"2025-05-03T15:58:08+00:00\" \/>\n<meta property=\"og:image\" content=\"https:\/\/www.rimocc.com\/wp-content\/uploads\/2025\/05\/Asba-Tom-Metal-14_x14_-2-1.jpg\" \/>\n\t<meta property=\"og:image:width\" content=\"1920\" \/>\n\t<meta property=\"og:image:height\" content=\"1920\" \/>\n\t<meta property=\"og:image:type\" content=\"image\/jpeg\" \/>\n<meta name=\"twitter:card\" content=\"summary_large_image\" \/>\n<meta name=\"twitter:label1\" content=\"Est. reading time\" \/>\n\t<meta name=\"twitter:data1\" content=\"3 minutes\" \/>\n<script type=\"application\/ld+json\" class=\"yoast-schema-graph\">{\"@context\":\"https:\\\/\\\/schema.org\",\"@graph\":[{\"@type\":\"WebPage\",\"@id\":\"https:\\\/\\\/www.rimocc.com\\\/product\\\/asba-tom-metal-14x14-2\\\/\",\"url\":\"https:\\\/\\\/www.rimocc.com\\\/product\\\/asba-tom-metal-14x14-2\\\/\",\"name\":\"Asba Tom Metal 14\\\"x14\\\" 2 - D\u00e9p\u00f4t Vente Batterie Percussion | Rimocc Lyon\",\"isPartOf\":{\"@id\":\"https:\\\/\\\/www.rimocc.com\\\/#website\"},\"primaryImageOfPage\":{\"@id\":\"https:\\\/\\\/www.rimocc.com\\\/product\\\/asba-tom-metal-14x14-2\\\/#primaryimage\"},\"image\":{\"@id\":\"https:\\\/\\\/www.rimocc.com\\\/product\\\/asba-tom-metal-14x14-2\\\/#primaryimage\"},\"thumbnailUrl\":\"https:\\\/\\\/www.rimocc.com\\\/wp-content\\\/uploads\\\/2025\\\/05\\\/Asba-Tom-Metal-14_x14_-2-1.jpg\",\"datePublished\":\"2025-05-03T14:39:16+00:00\",\"dateModified\":\"2025-05-03T15:58:08+00:00\",\"description\":\"Tom ASBA en m\u00e9tal de 14\\\"x14\\\". Un son profond et puissant, id\u00e9al pour des accents percutants. Red\u00e9couvrez la qualit\u00e9 et le caract\u00e8re \\\"Made in France\\\" !\",\"breadcrumb\":{\"@id\":\"https:\\\/\\\/www.rimocc.com\\\/product\\\/asba-tom-metal-14x14-2\\\/#breadcrumb\"},\"inLanguage\":\"en-US\",\"potentialAction\":[{\"@type\":\"ReadAction\",\"target\":[\"https:\\\/\\\/www.rimocc.com\\\/product\\\/asba-tom-metal-14x14-2\\\/\"]}]},{\"@type\":\"ImageObject\",\"inLanguage\":\"en-US\",\"@id\":\"https:\\\/\\\/www.rimocc.com\\\/product\\\/asba-tom-metal-14x14-2\\\/#primaryimage\",\"url\":\"https:\\\/\\\/www.rimocc.com\\\/wp-content\\\/uploads\\\/2025\\\/05\\\/Asba-Tom-Metal-14_x14_-2-1.jpg\",\"contentUrl\":\"https:\\\/\\\/www.rimocc.com\\\/wp-content\\\/uploads\\\/2025\\\/05\\\/Asba-Tom-Metal-14_x14_-2-1.jpg\",\"width\":1920,\"height\":1920,\"caption\":\"Asba Tom Metal 14\\\"x14\\\" 2\"},{\"@type\":\"BreadcrumbList\",\"@id\":\"https:\\\/\\\/www.rimocc.com\\\/product\\\/asba-tom-metal-14x14-2\\\/#breadcrumb\",\"itemListElement\":[{\"@type\":\"ListItem\",\"position\":1,\"name\":\"Home\",\"item\":\"https:\\\/\\\/www.rimocc.com\\\/\"},{\"@type\":\"ListItem\",\"position\":2,\"name\":\"Shop\",\"item\":\"https:\\\/\\\/www.rimocc.com\\\/shop\\\/\"},{\"@type\":\"ListItem\",\"position\":3,\"name\":\"Asba Tom Metal 14&#8243;x14&#8243; 2\"}]},{\"@type\":\"WebSite\",\"@id\":\"https:\\\/\\\/www.rimocc.com\\\/#website\",\"url\":\"https:\\\/\\\/www.rimocc.com\\\/\",\"name\":\"D\u00e9p\u00f4t Vente Batterie Percussion | Rimocc Lyon\",\"description\":\"Rimocc: l&#039;unique magasin d\u00e9di\u00e9 enti\u00e8rement \u00e0 la batterie, percussion d&#039;occasion et vintage \u00e0 Lyon, France\",\"publisher\":{\"@id\":\"https:\\\/\\\/www.rimocc.com\\\/#organization\"},\"alternateName\":\"Rimocc'\",\"potentialAction\":[{\"@type\":\"SearchAction\",\"target\":{\"@type\":\"EntryPoint\",\"urlTemplate\":\"https:\\\/\\\/www.rimocc.com\\\/?s={search_term_string}\"},\"query-input\":{\"@type\":\"PropertyValueSpecification\",\"valueRequired\":true,\"valueName\":\"search_term_string\"}}],\"inLanguage\":\"en-US\"},{\"@type\":\"Organization\",\"@id\":\"https:\\\/\\\/www.rimocc.com\\\/#organization\",\"name\":\"Rimocc'\",\"alternateName\":\"Rimocc\",\"url\":\"https:\\\/\\\/www.rimocc.com\\\/\",\"logo\":{\"@type\":\"ImageObject\",\"inLanguage\":\"en-US\",\"@id\":\"https:\\\/\\\/www.rimocc.com\\\/#\\\/schema\\\/logo\\\/image\\\/\",\"url\":\"https:\\\/\\\/i0.wp.com\\\/www.rimocc.com\\\/wp-content\\\/uploads\\\/2023\\\/07\\\/RIMOCC_LOGO.jpg?fit=459%2C114&ssl=1\",\"contentUrl\":\"https:\\\/\\\/i0.wp.com\\\/www.rimocc.com\\\/wp-content\\\/uploads\\\/2023\\\/07\\\/RIMOCC_LOGO.jpg?fit=459%2C114&ssl=1\",\"width\":459,\"height\":114,\"caption\":\"Rimocc'\"},\"image\":{\"@id\":\"https:\\\/\\\/www.rimocc.com\\\/#\\\/schema\\\/logo\\\/image\\\/\"},\"sameAs\":[\"https:\\\/\\\/www.facebook.com\\\/rimocclyon\\\/?locale=fr_FR\",\"https:\\\/\\\/www.instagram.com\\\/rimoccc\\\/?hl=fr\",\"https:\\\/\\\/www.tiktok.com\\\/@rimocc\",\"https:\\\/\\\/www.youtube.com\\\/@Rimocc\"]}]}<\/script>\n<!-- \/ Yoast SEO plugin. -->","yoast_head_json":{"title":"Asba Tom Metal 14\"x14\" 2 - D\u00e9p\u00f4t Vente Batterie Percussion | Rimocc Lyon","description":"Tom ASBA en m\u00e9tal de 14\"x14\". Un son profond et puissant, id\u00e9al pour des accents percutants. Red\u00e9couvrez la qualit\u00e9 et le caract\u00e8re \"Made in France\" !","robots":{"index":"index","follow":"follow","max-snippet":"max-snippet:-1","max-image-preview":"max-image-preview:large","max-video-preview":"max-video-preview:-1"},"canonical":"https:\/\/www.rimocc.com\/en\/product\/asba-tom-metal-14x14-2\/","og_locale":"en_US","og_type":"article","og_title":"Asba Tom Metal 14\"x14\" 2 - D\u00e9p\u00f4t Vente Batterie Percussion | Rimocc Lyon","og_description":"Tom ASBA en m\u00e9tal de 14\"x14\". Un son profond et puissant, id\u00e9al pour des accents percutants. Red\u00e9couvrez la qualit\u00e9 et le caract\u00e8re \"Made in France\" !","og_url":"https:\/\/www.rimocc.com\/en\/product\/asba-tom-metal-14x14-2\/","og_site_name":"D\u00e9p\u00f4t Vente Batterie Percussion | Rimocc Lyon","article_publisher":"https:\/\/www.facebook.com\/rimocclyon\/?locale=fr_FR","article_modified_time":"2025-05-03T15:58:08+00:00","og_image":[{"width":1920,"height":1920,"url":"https:\/\/www.rimocc.com\/wp-content\/uploads\/2025\/05\/Asba-Tom-Metal-14_x14_-2-1.jpg","type":"image\/jpeg"}],"twitter_card":"summary_large_image","twitter_misc":{"Est. reading time":"3 minutes"},"schema":{"@context":"https:\/\/schema.org","@graph":[{"@type":"WebPage","@id":"https:\/\/www.rimocc.com\/product\/asba-tom-metal-14x14-2\/","url":"https:\/\/www.rimocc.com\/product\/asba-tom-metal-14x14-2\/","name":"Asba Tom Metal 14\"x14\" 2 - D\u00e9p\u00f4t Vente Batterie Percussion | Rimocc Lyon","isPartOf":{"@id":"https:\/\/www.rimocc.com\/#website"},"primaryImageOfPage":{"@id":"https:\/\/www.rimocc.com\/product\/asba-tom-metal-14x14-2\/#primaryimage"},"image":{"@id":"https:\/\/www.rimocc.com\/product\/asba-tom-metal-14x14-2\/#primaryimage"},"thumbnailUrl":"https:\/\/www.rimocc.com\/wp-content\/uploads\/2025\/05\/Asba-Tom-Metal-14_x14_-2-1.jpg","datePublished":"2025-05-03T14:39:16+00:00","dateModified":"2025-05-03T15:58:08+00:00","description":"Tom ASBA en m\u00e9tal de 14\"x14\". Un son profond et puissant, id\u00e9al pour des accents percutants. Red\u00e9couvrez la qualit\u00e9 et le caract\u00e8re \"Made in France\" !","breadcrumb":{"@id":"https:\/\/www.rimocc.com\/product\/asba-tom-metal-14x14-2\/#breadcrumb"},"inLanguage":"en-US","potentialAction":[{"@type":"ReadAction","target":["https:\/\/www.rimocc.com\/product\/asba-tom-metal-14x14-2\/"]}]},{"@type":"ImageObject","inLanguage":"en-US","@id":"https:\/\/www.rimocc.com\/product\/asba-tom-metal-14x14-2\/#primaryimage","url":"https:\/\/www.rimocc.com\/wp-content\/uploads\/2025\/05\/Asba-Tom-Metal-14_x14_-2-1.jpg","contentUrl":"https:\/\/www.rimocc.com\/wp-content\/uploads\/2025\/05\/Asba-Tom-Metal-14_x14_-2-1.jpg","width":1920,"height":1920,"caption":"Asba Tom Metal 14\"x14\" 2"},{"@type":"BreadcrumbList","@id":"https:\/\/www.rimocc.com\/product\/asba-tom-metal-14x14-2\/#breadcrumb","itemListElement":[{"@type":"ListItem","position":1,"name":"Home","item":"https:\/\/www.rimocc.com\/"},{"@type":"ListItem","position":2,"name":"Shop","item":"https:\/\/www.rimocc.com\/shop\/"},{"@type":"ListItem","position":3,"name":"Asba Tom Metal 14&#8243;x14&#8243; 2"}]},{"@type":"WebSite","@id":"https:\/\/www.rimocc.com\/#website","url":"https:\/\/www.rimocc.com\/","name":"D\u00e9p\u00f4t Vente Batterie Percussion | Rimocc Lyon","description":"Rimocc: l&#039;unique magasin d\u00e9di\u00e9 enti\u00e8rement \u00e0 la batterie, percussion d&#039;occasion et vintage \u00e0 Lyon, France","publisher":{"@id":"https:\/\/www.rimocc.com\/#organization"},"alternateName":"Rimocc'","potentialAction":[{"@type":"SearchAction","target":{"@type":"EntryPoint","urlTemplate":"https:\/\/www.rimocc.com\/?s={search_term_string}"},"query-input":{"@type":"PropertyValueSpecification","valueRequired":true,"valueName":"search_term_string"}}],"inLanguage":"en-US"},{"@type":"Organization","@id":"https:\/\/www.rimocc.com\/#organization","name":"Rimocc'","alternateName":"Rimocc","url":"https:\/\/www.rimocc.com\/","logo":{"@type":"ImageObject","inLanguage":"en-US","@id":"https:\/\/www.rimocc.com\/#\/schema\/logo\/image\/","url":"https:\/\/i0.wp.com\/www.rimocc.com\/wp-content\/uploads\/2023\/07\/RIMOCC_LOGO.jpg?fit=459%2C114&ssl=1","contentUrl":"https:\/\/i0.wp.com\/www.rimocc.com\/wp-content\/uploads\/2023\/07\/RIMOCC_LOGO.jpg?fit=459%2C114&ssl=1","width":459,"height":114,"caption":"Rimocc'"},"image":{"@id":"https:\/\/www.rimocc.com\/#\/schema\/logo\/image\/"},"sameAs":["https:\/\/www.facebook.com\/rimocclyon\/?locale=fr_FR","https:\/\/www.instagram.com\/rimoccc\/?hl=fr","https:\/\/www.tiktok.com\/@rimocc","https:\/\/www.youtube.com\/@Rimocc"]}]}},"jetpack_publicize_connections":[],"jetpack_sharing_enabled":true,"_links":{"self":[{"href":"https:\/\/www.rimocc.com\/en\/wp-json\/wp\/v2\/product\/14886","targetHints":{"allow":["GET"]}}],"collection":[{"href":"https:\/\/www.rimocc.com\/en\/wp-json\/wp\/v2\/product"}],"about":[{"href":"https:\/\/www.rimocc.com\/en\/wp-json\/wp\/v2\/types\/product"}],"replies":[{"embeddable":true,"href":"https:\/\/www.rimocc.com\/en\/wp-json\/wp\/v2\/comments?post=14886"}],"wp:featuredmedia":[{"embeddable":true,"href":"https:\/\/www.rimocc.com\/en\/wp-json\/wp\/v2\/media\/14885"}],"wp:attachment":[{"href":"https:\/\/www.rimocc.com\/en\/wp-json\/wp\/v2\/media?parent=14886"}],"wp:term":[{"taxonomy":"product_brand","embeddable":true,"href":"https:\/\/www.rimocc.com\/en\/wp-json\/wp\/v2\/product_brand?post=14886"},{"taxonomy":"product_cat","embeddable":true,"href":"https:\/\/www.rimocc.com\/en\/wp-json\/wp\/v2\/product_cat?post=14886"},{"taxonomy":"product_tag","embeddable":true,"href":"https:\/\/www.rimocc.com\/en\/wp-json\/wp\/v2\/product_tag?post=14886"}],"curies":[{"name":"wp","href":"https:\/\/api.w.org\/{rel}","templated":true}]}}