{"id":14840,"date":"2025-05-02T18:03:57","date_gmt":"2025-05-02T16:03:57","guid":{"rendered":"https:\/\/www.rimocc.com\/?post_type=product&#038;p=14840"},"modified":"2025-07-30T18:17:23","modified_gmt":"2025-07-30T16:17:23","slug":"tama-imperialstar-22-12-13-16","status":"publish","type":"product","link":"https:\/\/www.rimocc.com\/en\/product\/tama-imperialstar-22-12-13-16\/","title":{"rendered":"Tama Imperialstar 22&Prime; 12&Prime; 13&Prime; 16&Prime;"},"content":{"rendered":"<p>Tama Imperialstar 22&Prime; 12&Prime; 13&Prime; 16&Prime;<br \/>\nTr\u00e8s bon \u00e9tat g\u00e9n\u00e9ral<\/p>\n<p><em><strong>\u00ab\u00a0Enl\u00e8vement sur place privil\u00e9gi\u00e9 mais envoi possible dans toute la France sur devis s\u00e9par\u00e9 &#8211; merci de s\u00e9lectionner l&rsquo;option \u00ab\u00a0retrait en magasin\u00a0\u00bb et nous vous ferons parvenir un devis s\u00e9par\u00e9 pour la livraison, \u00e0 r\u00e9gler s\u00e9par\u00e9ment<br \/>\nInternational order, pick-up ONLY\u00a0\u00bb<\/strong><\/em><\/p>\n<p>La Tama Imperialstar est une batterie polyvalente et d&rsquo;un excellent rapport qualit\u00e9-prix, id\u00e9ale pour les batteurs de tous niveaux. Cette configuration sp\u00e9cifique offre un son puissant et \u00e9quilibr\u00e9, parfait pour une grande vari\u00e9t\u00e9 de styles musicaux.<\/p>\n<p>F\u00fbts : Les f\u00fbts sont construits en peuplier, un bois reconnu pour sa sonorit\u00e9 chaleureuse et sa r\u00e9sonance agr\u00e9able. L&rsquo;\u00e9paisseur des f\u00fbts est optimis\u00e9e pour offrir une projection sonore claire et un sustain contr\u00f4l\u00e9.<\/p>\n<p>Grosse caisse : Le f\u00fbt de 22 pouces offre des basses profondes et percutantes, fournissant une fondation solide \u00e0 votre groove.<br \/>\nToms : Les toms de 12 et 13 pouces produisent des sons clairs et chantants, parfaits pour les fills rapides et m\u00e9lodiques. Leur taille diff\u00e9rente permet une belle variation de hauteur.<br \/>\nTom basse : Le tom basse de 16 pouces apporte une profondeur et une chaleur suppl\u00e9mentaires \u00e0 votre son, id\u00e9al pour les accents puissants et les rythmes plus lourds.<\/p>\n<p>Accastillage : L&rsquo;accastillage Tama est r\u00e9put\u00e9 pour sa robustesse et sa fiabilit\u00e9. La Imperialstar est \u00e9quip\u00e9e de :<\/p>\n<p>Supports de toms : Des supports solides et r\u00e9glables pour un positionnement pr\u00e9cis de vos toms.<\/p>\n<p>Sonorit\u00e9 : Cette configuration Imperialstar offre un son polyvalent, capable de s&rsquo;adapter au rock, \u00e0 la pop, au jazz et \u00e0 bien d&rsquo;autres genres musicaux. La grosse caisse a un punch puissant, les toms ont une belle projection et le tom basse apporte une profondeur chaleureuse.<\/p>\n<p>En r\u00e9sum\u00e9, la Tama Imperialstar en configuration 22&Prime;, 12&Prime;, 13&Prime;, 16&Prime; est un excellent choix pour les batteurs qui recherchent une batterie de qualit\u00e9, polyvalente et fiable, \u00e0 un prix abordable. C&rsquo;est un instrument id\u00e9al pour commencer ou pour passer au niveau sup\u00e9rieur !<\/p>\n<p><a href=\"https:\/\/www.tama.com\/\">https:\/\/www.tama.com\/<\/a><br \/>\n<a href=\"https:\/\/www.rimocc.com\/en\/product-category\/batterie\/\">https:\/\/www.rimocc.com\/product-category\/batterie\/<\/a><\/p>","protected":false},"excerpt":{"rendered":"<p>Tama Imperialstar 22&Prime; 12&Prime; 13&Prime; 16&Prime; Tr\u00e8s bon \u00e9tat g\u00e9n\u00e9ral \u00ab\u00a0Enl\u00e8vement sur place privil\u00e9gi\u00e9 mais envoi possible dans toute la France sur devis s\u00e9par\u00e9 &#8211; merci de s\u00e9lectionner l&rsquo;option \u00ab\u00a0retrait en magasin\u00a0\u00bb et nous vous ferons parvenir un devis s\u00e9par\u00e9 pour la livraison, \u00e0 r\u00e9gler s\u00e9par\u00e9ment International order, pick-up ONLY\u00a0\u00bb La Tama Imperialstar est une [&hellip;]<\/p>\n","protected":false},"featured_media":14839,"comment_status":"open","ping_status":"closed","template":"","meta":{"jetpack_publicize_message":"","jetpack_publicize_feature_enabled":true,"jetpack_social_post_already_shared":false,"jetpack_social_options":{"image_generator_settings":{"template":"highway","default_image_id":0,"font":"","enabled":false},"version":2}},"product_brand":[],"product_cat":[20],"product_tag":[41,548,538,58],"class_list":{"0":"post-14840","1":"product","2":"type-product","3":"status-publish","4":"has-post-thumbnail","6":"product_cat-batterie","7":"product_tag-batterie","8":"product_tag-depot-vente-lyon","9":"product_tag-magasin-de-musique-lyon","10":"product_tag-tama","12":"entry","13":"has-media","15":"first","16":"outofstock","17":"shipping-taxable","18":"purchasable","19":"product-type-simple","20":"has-product-nav","21":"col","22":"span_1_of_3","23":"owp-content-center","24":"owp-thumbs-layout-horizontal","25":"owp-btn-normal","26":"owp-tabs-layout-horizontal"},"yoast_head":"<!-- This site is optimized with the Yoast SEO plugin v27.4 - https:\/\/yoast.com\/product\/yoast-seo-wordpress\/ -->\n<title>Tama Imperialstar 22&quot; 12&quot; 13&quot; 16&quot; - D\u00e9p\u00f4t Vente Batterie Percussion | Rimocc Lyon<\/title>\n<meta name=\"description\" content=\"Cherchez une batterie polyvalente et abordable ? La Tama Imperialstar en configuration 22&quot;, 12&quot;, 13&quot;, 16&quot; offre un son riche et une qualit\u00e9 Tama \u00e9prouv\u00e9e.\" \/>\n<meta name=\"robots\" content=\"index, follow, max-snippet:-1, max-image-preview:large, max-video-preview:-1\" \/>\n<link rel=\"canonical\" href=\"https:\/\/www.rimocc.com\/en\/product\/tama-imperialstar-22-12-13-16\/\" \/>\n<meta property=\"og:locale\" content=\"en_US\" \/>\n<meta property=\"og:type\" content=\"article\" \/>\n<meta property=\"og:title\" content=\"Tama Imperialstar 22&quot; 12&quot; 13&quot; 16&quot; - D\u00e9p\u00f4t Vente Batterie Percussion | Rimocc Lyon\" \/>\n<meta property=\"og:description\" content=\"Cherchez une batterie polyvalente et abordable ? La Tama Imperialstar en configuration 22&quot;, 12&quot;, 13&quot;, 16&quot; offre un son riche et une qualit\u00e9 Tama \u00e9prouv\u00e9e.\" \/>\n<meta property=\"og:url\" content=\"https:\/\/www.rimocc.com\/en\/product\/tama-imperialstar-22-12-13-16\/\" \/>\n<meta property=\"og:site_name\" content=\"D\u00e9p\u00f4t Vente Batterie Percussion | Rimocc Lyon\" \/>\n<meta property=\"article:publisher\" content=\"https:\/\/www.facebook.com\/rimocclyon\/?locale=fr_FR\" \/>\n<meta property=\"article:modified_time\" content=\"2025-07-30T16:17:23+00:00\" \/>\n<meta property=\"og:image\" content=\"https:\/\/www.rimocc.com\/wp-content\/uploads\/2025\/05\/Tama-Imperialstar-22_-12_-13_-16_-1.jpg\" \/>\n\t<meta property=\"og:image:width\" content=\"1920\" \/>\n\t<meta property=\"og:image:height\" content=\"1920\" \/>\n\t<meta property=\"og:image:type\" content=\"image\/jpeg\" \/>\n<meta name=\"twitter:card\" content=\"summary_large_image\" \/>\n<meta name=\"twitter:label1\" content=\"Est. reading time\" \/>\n\t<meta name=\"twitter:data1\" content=\"2 minutes\" \/>\n<script type=\"application\/ld+json\" class=\"yoast-schema-graph\">{\"@context\":\"https:\\\/\\\/schema.org\",\"@graph\":[{\"@type\":\"WebPage\",\"@id\":\"https:\\\/\\\/www.rimocc.com\\\/product\\\/tama-imperialstar-22-12-13-16\\\/\",\"url\":\"https:\\\/\\\/www.rimocc.com\\\/product\\\/tama-imperialstar-22-12-13-16\\\/\",\"name\":\"Tama Imperialstar 22\\\" 12\\\" 13\\\" 16\\\" - D\u00e9p\u00f4t Vente Batterie Percussion | Rimocc Lyon\",\"isPartOf\":{\"@id\":\"https:\\\/\\\/www.rimocc.com\\\/#website\"},\"primaryImageOfPage\":{\"@id\":\"https:\\\/\\\/www.rimocc.com\\\/product\\\/tama-imperialstar-22-12-13-16\\\/#primaryimage\"},\"image\":{\"@id\":\"https:\\\/\\\/www.rimocc.com\\\/product\\\/tama-imperialstar-22-12-13-16\\\/#primaryimage\"},\"thumbnailUrl\":\"https:\\\/\\\/www.rimocc.com\\\/wp-content\\\/uploads\\\/2025\\\/05\\\/Tama-Imperialstar-22_-12_-13_-16_-1.jpg\",\"datePublished\":\"2025-05-02T16:03:57+00:00\",\"dateModified\":\"2025-07-30T16:17:23+00:00\",\"description\":\"Cherchez une batterie polyvalente et abordable ? La Tama Imperialstar en configuration 22\\\", 12\\\", 13\\\", 16\\\" offre un son riche et une qualit\u00e9 Tama \u00e9prouv\u00e9e.\",\"breadcrumb\":{\"@id\":\"https:\\\/\\\/www.rimocc.com\\\/product\\\/tama-imperialstar-22-12-13-16\\\/#breadcrumb\"},\"inLanguage\":\"en-US\",\"potentialAction\":[{\"@type\":\"ReadAction\",\"target\":[\"https:\\\/\\\/www.rimocc.com\\\/product\\\/tama-imperialstar-22-12-13-16\\\/\"]}]},{\"@type\":\"ImageObject\",\"inLanguage\":\"en-US\",\"@id\":\"https:\\\/\\\/www.rimocc.com\\\/product\\\/tama-imperialstar-22-12-13-16\\\/#primaryimage\",\"url\":\"https:\\\/\\\/www.rimocc.com\\\/wp-content\\\/uploads\\\/2025\\\/05\\\/Tama-Imperialstar-22_-12_-13_-16_-1.jpg\",\"contentUrl\":\"https:\\\/\\\/www.rimocc.com\\\/wp-content\\\/uploads\\\/2025\\\/05\\\/Tama-Imperialstar-22_-12_-13_-16_-1.jpg\",\"width\":1920,\"height\":1920,\"caption\":\"Tama Imperialstar 22\\\" 12\\\" 13\\\" 16\\\"\"},{\"@type\":\"BreadcrumbList\",\"@id\":\"https:\\\/\\\/www.rimocc.com\\\/product\\\/tama-imperialstar-22-12-13-16\\\/#breadcrumb\",\"itemListElement\":[{\"@type\":\"ListItem\",\"position\":1,\"name\":\"Home\",\"item\":\"https:\\\/\\\/www.rimocc.com\\\/\"},{\"@type\":\"ListItem\",\"position\":2,\"name\":\"Shop\",\"item\":\"https:\\\/\\\/www.rimocc.com\\\/shop\\\/\"},{\"@type\":\"ListItem\",\"position\":3,\"name\":\"Tama Imperialstar 22&#8243; 12&#8243; 13&#8243; 16&#8243;\"}]},{\"@type\":\"WebSite\",\"@id\":\"https:\\\/\\\/www.rimocc.com\\\/#website\",\"url\":\"https:\\\/\\\/www.rimocc.com\\\/\",\"name\":\"D\u00e9p\u00f4t Vente Batterie Percussion | Rimocc Lyon\",\"description\":\"Rimocc: l&#039;unique magasin d\u00e9di\u00e9 enti\u00e8rement \u00e0 la batterie, percussion d&#039;occasion et vintage \u00e0 Lyon, France\",\"publisher\":{\"@id\":\"https:\\\/\\\/www.rimocc.com\\\/#organization\"},\"alternateName\":\"Rimocc'\",\"potentialAction\":[{\"@type\":\"SearchAction\",\"target\":{\"@type\":\"EntryPoint\",\"urlTemplate\":\"https:\\\/\\\/www.rimocc.com\\\/?s={search_term_string}\"},\"query-input\":{\"@type\":\"PropertyValueSpecification\",\"valueRequired\":true,\"valueName\":\"search_term_string\"}}],\"inLanguage\":\"en-US\"},{\"@type\":\"Organization\",\"@id\":\"https:\\\/\\\/www.rimocc.com\\\/#organization\",\"name\":\"Rimocc'\",\"alternateName\":\"Rimocc\",\"url\":\"https:\\\/\\\/www.rimocc.com\\\/\",\"logo\":{\"@type\":\"ImageObject\",\"inLanguage\":\"en-US\",\"@id\":\"https:\\\/\\\/www.rimocc.com\\\/#\\\/schema\\\/logo\\\/image\\\/\",\"url\":\"https:\\\/\\\/i0.wp.com\\\/www.rimocc.com\\\/wp-content\\\/uploads\\\/2023\\\/07\\\/RIMOCC_LOGO.jpg?fit=459%2C114&ssl=1\",\"contentUrl\":\"https:\\\/\\\/i0.wp.com\\\/www.rimocc.com\\\/wp-content\\\/uploads\\\/2023\\\/07\\\/RIMOCC_LOGO.jpg?fit=459%2C114&ssl=1\",\"width\":459,\"height\":114,\"caption\":\"Rimocc'\"},\"image\":{\"@id\":\"https:\\\/\\\/www.rimocc.com\\\/#\\\/schema\\\/logo\\\/image\\\/\"},\"sameAs\":[\"https:\\\/\\\/www.facebook.com\\\/rimocclyon\\\/?locale=fr_FR\",\"https:\\\/\\\/www.instagram.com\\\/rimoccc\\\/?hl=fr\",\"https:\\\/\\\/www.tiktok.com\\\/@rimocc\",\"https:\\\/\\\/www.youtube.com\\\/@Rimocc\"]}]}<\/script>\n<!-- \/ Yoast SEO plugin. -->","yoast_head_json":{"title":"Tama Imperialstar 22\" 12\" 13\" 16\" - D\u00e9p\u00f4t Vente Batterie Percussion | Rimocc Lyon","description":"Cherchez une batterie polyvalente et abordable ? La Tama Imperialstar en configuration 22\", 12\", 13\", 16\" offre un son riche et une qualit\u00e9 Tama \u00e9prouv\u00e9e.","robots":{"index":"index","follow":"follow","max-snippet":"max-snippet:-1","max-image-preview":"max-image-preview:large","max-video-preview":"max-video-preview:-1"},"canonical":"https:\/\/www.rimocc.com\/en\/product\/tama-imperialstar-22-12-13-16\/","og_locale":"en_US","og_type":"article","og_title":"Tama Imperialstar 22\" 12\" 13\" 16\" - D\u00e9p\u00f4t Vente Batterie Percussion | Rimocc Lyon","og_description":"Cherchez une batterie polyvalente et abordable ? La Tama Imperialstar en configuration 22\", 12\", 13\", 16\" offre un son riche et une qualit\u00e9 Tama \u00e9prouv\u00e9e.","og_url":"https:\/\/www.rimocc.com\/en\/product\/tama-imperialstar-22-12-13-16\/","og_site_name":"D\u00e9p\u00f4t Vente Batterie Percussion | Rimocc Lyon","article_publisher":"https:\/\/www.facebook.com\/rimocclyon\/?locale=fr_FR","article_modified_time":"2025-07-30T16:17:23+00:00","og_image":[{"width":1920,"height":1920,"url":"https:\/\/www.rimocc.com\/wp-content\/uploads\/2025\/05\/Tama-Imperialstar-22_-12_-13_-16_-1.jpg","type":"image\/jpeg"}],"twitter_card":"summary_large_image","twitter_misc":{"Est. reading time":"2 minutes"},"schema":{"@context":"https:\/\/schema.org","@graph":[{"@type":"WebPage","@id":"https:\/\/www.rimocc.com\/product\/tama-imperialstar-22-12-13-16\/","url":"https:\/\/www.rimocc.com\/product\/tama-imperialstar-22-12-13-16\/","name":"Tama Imperialstar 22\" 12\" 13\" 16\" - D\u00e9p\u00f4t Vente Batterie Percussion | Rimocc Lyon","isPartOf":{"@id":"https:\/\/www.rimocc.com\/#website"},"primaryImageOfPage":{"@id":"https:\/\/www.rimocc.com\/product\/tama-imperialstar-22-12-13-16\/#primaryimage"},"image":{"@id":"https:\/\/www.rimocc.com\/product\/tama-imperialstar-22-12-13-16\/#primaryimage"},"thumbnailUrl":"https:\/\/www.rimocc.com\/wp-content\/uploads\/2025\/05\/Tama-Imperialstar-22_-12_-13_-16_-1.jpg","datePublished":"2025-05-02T16:03:57+00:00","dateModified":"2025-07-30T16:17:23+00:00","description":"Cherchez une batterie polyvalente et abordable ? La Tama Imperialstar en configuration 22\", 12\", 13\", 16\" offre un son riche et une qualit\u00e9 Tama \u00e9prouv\u00e9e.","breadcrumb":{"@id":"https:\/\/www.rimocc.com\/product\/tama-imperialstar-22-12-13-16\/#breadcrumb"},"inLanguage":"en-US","potentialAction":[{"@type":"ReadAction","target":["https:\/\/www.rimocc.com\/product\/tama-imperialstar-22-12-13-16\/"]}]},{"@type":"ImageObject","inLanguage":"en-US","@id":"https:\/\/www.rimocc.com\/product\/tama-imperialstar-22-12-13-16\/#primaryimage","url":"https:\/\/www.rimocc.com\/wp-content\/uploads\/2025\/05\/Tama-Imperialstar-22_-12_-13_-16_-1.jpg","contentUrl":"https:\/\/www.rimocc.com\/wp-content\/uploads\/2025\/05\/Tama-Imperialstar-22_-12_-13_-16_-1.jpg","width":1920,"height":1920,"caption":"Tama Imperialstar 22\" 12\" 13\" 16\""},{"@type":"BreadcrumbList","@id":"https:\/\/www.rimocc.com\/product\/tama-imperialstar-22-12-13-16\/#breadcrumb","itemListElement":[{"@type":"ListItem","position":1,"name":"Home","item":"https:\/\/www.rimocc.com\/"},{"@type":"ListItem","position":2,"name":"Shop","item":"https:\/\/www.rimocc.com\/shop\/"},{"@type":"ListItem","position":3,"name":"Tama Imperialstar 22&#8243; 12&#8243; 13&#8243; 16&#8243;"}]},{"@type":"WebSite","@id":"https:\/\/www.rimocc.com\/#website","url":"https:\/\/www.rimocc.com\/","name":"D\u00e9p\u00f4t Vente Batterie Percussion | Rimocc Lyon","description":"Rimocc: l&#039;unique magasin d\u00e9di\u00e9 enti\u00e8rement \u00e0 la batterie, percussion d&#039;occasion et vintage \u00e0 Lyon, France","publisher":{"@id":"https:\/\/www.rimocc.com\/#organization"},"alternateName":"Rimocc'","potentialAction":[{"@type":"SearchAction","target":{"@type":"EntryPoint","urlTemplate":"https:\/\/www.rimocc.com\/?s={search_term_string}"},"query-input":{"@type":"PropertyValueSpecification","valueRequired":true,"valueName":"search_term_string"}}],"inLanguage":"en-US"},{"@type":"Organization","@id":"https:\/\/www.rimocc.com\/#organization","name":"Rimocc'","alternateName":"Rimocc","url":"https:\/\/www.rimocc.com\/","logo":{"@type":"ImageObject","inLanguage":"en-US","@id":"https:\/\/www.rimocc.com\/#\/schema\/logo\/image\/","url":"https:\/\/i0.wp.com\/www.rimocc.com\/wp-content\/uploads\/2023\/07\/RIMOCC_LOGO.jpg?fit=459%2C114&ssl=1","contentUrl":"https:\/\/i0.wp.com\/www.rimocc.com\/wp-content\/uploads\/2023\/07\/RIMOCC_LOGO.jpg?fit=459%2C114&ssl=1","width":459,"height":114,"caption":"Rimocc'"},"image":{"@id":"https:\/\/www.rimocc.com\/#\/schema\/logo\/image\/"},"sameAs":["https:\/\/www.facebook.com\/rimocclyon\/?locale=fr_FR","https:\/\/www.instagram.com\/rimoccc\/?hl=fr","https:\/\/www.tiktok.com\/@rimocc","https:\/\/www.youtube.com\/@Rimocc"]}]}},"jetpack_publicize_connections":[],"jetpack_sharing_enabled":true,"_links":{"self":[{"href":"https:\/\/www.rimocc.com\/en\/wp-json\/wp\/v2\/product\/14840","targetHints":{"allow":["GET"]}}],"collection":[{"href":"https:\/\/www.rimocc.com\/en\/wp-json\/wp\/v2\/product"}],"about":[{"href":"https:\/\/www.rimocc.com\/en\/wp-json\/wp\/v2\/types\/product"}],"replies":[{"embeddable":true,"href":"https:\/\/www.rimocc.com\/en\/wp-json\/wp\/v2\/comments?post=14840"}],"wp:featuredmedia":[{"embeddable":true,"href":"https:\/\/www.rimocc.com\/en\/wp-json\/wp\/v2\/media\/14839"}],"wp:attachment":[{"href":"https:\/\/www.rimocc.com\/en\/wp-json\/wp\/v2\/media?parent=14840"}],"wp:term":[{"taxonomy":"product_brand","embeddable":true,"href":"https:\/\/www.rimocc.com\/en\/wp-json\/wp\/v2\/product_brand?post=14840"},{"taxonomy":"product_cat","embeddable":true,"href":"https:\/\/www.rimocc.com\/en\/wp-json\/wp\/v2\/product_cat?post=14840"},{"taxonomy":"product_tag","embeddable":true,"href":"https:\/\/www.rimocc.com\/en\/wp-json\/wp\/v2\/product_tag?post=14840"}],"curies":[{"name":"wp","href":"https:\/\/api.w.org\/{rel}","templated":true}]}}