{"id":14830,"date":"2025-04-30T18:37:31","date_gmt":"2025-04-30T16:37:31","guid":{"rendered":"https:\/\/www.rimocc.com\/?post_type=product&#038;p=14830"},"modified":"2025-07-11T17:00:49","modified_gmt":"2025-07-11T15:00:49","slug":"roland-ne-10-noise-eater-3-ex-disponibles","status":"publish","type":"product","link":"https:\/\/www.rimocc.com\/en\/product\/roland-ne-10-noise-eater-3-ex-disponibles\/","title":{"rendered":"Roland NE-10 Noise Eater (2 ex. disponibles)"},"content":{"rendered":"<p>Roland NE-10 Noise Eater<br \/>\n(2 ex. disponibles) \/ prix \u00e0 l&rsquo;unit\u00e9<br \/>\nComme neufs<\/p>\n<p data-sourcepos=\"1:1-1:233\">Le Roland NE-10 Noise Eater est une plaque d&rsquo;isolation sonore compacte sp\u00e9cialement con\u00e7ue pour \u00eatre utilis\u00e9e avec les pads de grosse caisse, les p\u00e9dales de grosse caisse et les contr\u00f4leurs de charleston des batteries V-Drums Roland ou autres marques.<\/p>\n<p data-sourcepos=\"5:1-5:362\">Le NE-10 Noise Eater est con\u00e7u pour r\u00e9duire significativement la transmission des bruits et des vibrations caus\u00e9s par le jeu sur une batterie \u00e9lectronique, en particulier au niveau de la p\u00e9dale de grosse caisse et de la p\u00e9dale de charleston. Selon les tests effectu\u00e9s par Roland, il peut r\u00e9duire la transmission du bruit vers les pi\u00e8ces adjacentes d&rsquo;environ 75%.<\/p>\n<p data-sourcepos=\"7:1-7:34\"><strong>Caract\u00e9ristiques principales :<\/strong><\/p>\n<ul data-sourcepos=\"9:1-16:0\">\n<li data-sourcepos=\"9:1-9:229\"><strong>Isolation sonore efficace :<\/strong> R\u00e9duit consid\u00e9rablement le bruit et les vibrations transmis \u00e0 travers le sol, ce qui est id\u00e9al pour les batteurs vivant en appartement, en maison mitoyenne ou dans des studios \u00e0 plusieurs \u00e9tages.<\/li>\n<li data-sourcepos=\"10:1-10:177\"><strong>Conception discr\u00e8te et stable :<\/strong> Sa forme compacte et ses d\u00f4mes en caoutchouc assurent une bonne stabilit\u00e9 pour la p\u00e9dale tout en minimisant la transmission des vibrations.<\/li>\n<li data-sourcepos=\"11:1-11:129\"><strong>Facile \u00e0 utiliser :<\/strong> Il suffit de placer la p\u00e9dale de grosse caisse ou le contr\u00f4leur de charleston directement sur le NE-10.<\/li>\n<li data-sourcepos=\"12:1-12:97\"><strong>Maintien de la sensation de jeu :<\/strong> Con\u00e7u pour ne pas alt\u00e9rer la sensation de jeu du batteur.<\/li>\n<li data-sourcepos=\"13:1-16:0\"><strong>Compatibilit\u00e9 :<\/strong>\n<ul data-sourcepos=\"14:5-16:0\">\n<li data-sourcepos=\"14:5-14:129\">Peut \u00eatre utilis\u00e9 seul avec les pads de grosse caisse KD-9 et KD-7, ainsi qu&rsquo;avec la p\u00e9dale de contr\u00f4le de charleston FD-8.<\/li>\n<li data-sourcepos=\"15:5-16:0\">Pour une efficacit\u00e9 maximale avec les V-Kick KD-140 et KD-120, ou les pieds de charleston pour VH-13 et VH-11, il est recommand\u00e9 d&rsquo;utiliser en compl\u00e9ment les isolateurs NE-1 (vendus s\u00e9par\u00e9ment) sous chaque point d&rsquo;appui du kit.<\/li>\n<\/ul>\n<\/li>\n<\/ul>\n<p data-sourcepos=\"17:1-17:232\">En r\u00e9sum\u00e9, le Roland NE-10 Noise Eater est une solution pratique et efficace pour r\u00e9duire les nuisances sonores produites par votre batterie \u00e9lectronique V-Drums, vous permettant de jouer \u00e0 toute heure sans d\u00e9ranger votre entourage.<\/p>\n<p><a href=\"https:\/\/www.roland.com\/fr\/categories\/drums_percussion\/\">https:\/\/www.roland.com\/fr\/categories\/drums_percussion\/<\/a><br \/>\n<a href=\"https:\/\/www.rimocc.com\/en\/product-category\/accessoires-batterie\/\">https:\/\/www.rimocc.com\/product-category\/accessoires-batterie\/<\/a><\/p>","protected":false},"excerpt":{"rendered":"<p>Roland NE-10 Noise Eater (2 ex. disponibles) \/ prix \u00e0 l&rsquo;unit\u00e9 Comme neufs Le Roland NE-10 Noise Eater est une plaque d&rsquo;isolation sonore compacte sp\u00e9cialement con\u00e7ue pour \u00eatre utilis\u00e9e avec les pads de grosse caisse, les p\u00e9dales de grosse caisse et les contr\u00f4leurs de charleston des batteries V-Drums Roland ou autres marques. Le NE-10 Noise [&hellip;]<\/p>\n","protected":false},"featured_media":14829,"comment_status":"open","ping_status":"closed","template":"","meta":{"jetpack_publicize_message":"","jetpack_publicize_feature_enabled":true,"jetpack_social_post_already_shared":false,"jetpack_social_options":{"image_generator_settings":{"template":"highway","default_image_id":0,"font":"","enabled":false},"version":2}},"product_brand":[],"product_cat":[22],"product_tag":[57,548,538,82],"class_list":{"0":"post-14830","1":"product","2":"type-product","3":"status-publish","4":"has-post-thumbnail","6":"product_cat-accessoires-batterie","7":"product_tag-batterie-electronique","8":"product_tag-depot-vente-lyon","9":"product_tag-magasin-de-musique-lyon","10":"product_tag-roland","12":"entry","13":"has-media","15":"first","16":"outofstock","17":"shipping-taxable","18":"purchasable","19":"product-type-simple","20":"has-product-nav","21":"col","22":"span_1_of_3","23":"owp-content-center","24":"owp-thumbs-layout-horizontal","25":"owp-btn-normal","26":"owp-tabs-layout-horizontal"},"yoast_head":"<!-- This site is optimized with the Yoast SEO plugin v27.4 - https:\/\/yoast.com\/product\/yoast-seo-wordpress\/ -->\n<title>Roland NE-10 Noise Eater (2 ex. disponibles) - D\u00e9p\u00f4t Vente Batterie Percussion | Rimocc Lyon<\/title>\n<meta name=\"description\" content=\"R\u00e9duisez le bruit de votre batterie V-Drums avec le Roland NE-10 Noise Eater. Isolation efficace des vibrations pour jouer sans d\u00e9ranger vos voisins.\" \/>\n<meta name=\"robots\" content=\"index, follow, max-snippet:-1, max-image-preview:large, max-video-preview:-1\" \/>\n<link rel=\"canonical\" href=\"https:\/\/www.rimocc.com\/en\/product\/roland-ne-10-noise-eater-3-ex-disponibles\/\" \/>\n<meta property=\"og:locale\" content=\"en_US\" \/>\n<meta property=\"og:type\" content=\"article\" \/>\n<meta property=\"og:title\" content=\"Roland NE-10 Noise Eater (2 ex. disponibles) - D\u00e9p\u00f4t Vente Batterie Percussion | Rimocc Lyon\" \/>\n<meta property=\"og:description\" content=\"R\u00e9duisez le bruit de votre batterie V-Drums avec le Roland NE-10 Noise Eater. Isolation efficace des vibrations pour jouer sans d\u00e9ranger vos voisins.\" \/>\n<meta property=\"og:url\" content=\"https:\/\/www.rimocc.com\/en\/product\/roland-ne-10-noise-eater-3-ex-disponibles\/\" \/>\n<meta property=\"og:site_name\" content=\"D\u00e9p\u00f4t Vente Batterie Percussion | Rimocc Lyon\" \/>\n<meta property=\"article:publisher\" content=\"https:\/\/www.facebook.com\/rimocclyon\/?locale=fr_FR\" \/>\n<meta property=\"article:modified_time\" content=\"2025-07-11T15:00:49+00:00\" \/>\n<meta property=\"og:image\" content=\"https:\/\/www.rimocc.com\/wp-content\/uploads\/2025\/04\/Roland-NE-10-Noise-Eater-1-1024x1024.jpg\" \/>\n\t<meta property=\"og:image:width\" content=\"1024\" \/>\n\t<meta property=\"og:image:height\" content=\"1024\" \/>\n\t<meta property=\"og:image:type\" content=\"image\/jpeg\" \/>\n<meta name=\"twitter:card\" content=\"summary_large_image\" \/>\n<meta name=\"twitter:label1\" content=\"Est. reading time\" \/>\n\t<meta name=\"twitter:data1\" content=\"2 minutes\" \/>\n<script type=\"application\/ld+json\" class=\"yoast-schema-graph\">{\"@context\":\"https:\\\/\\\/schema.org\",\"@graph\":[{\"@type\":\"WebPage\",\"@id\":\"https:\\\/\\\/www.rimocc.com\\\/product\\\/roland-ne-10-noise-eater-3-ex-disponibles\\\/\",\"url\":\"https:\\\/\\\/www.rimocc.com\\\/product\\\/roland-ne-10-noise-eater-3-ex-disponibles\\\/\",\"name\":\"Roland NE-10 Noise Eater (2 ex. disponibles) - D\u00e9p\u00f4t Vente Batterie Percussion | Rimocc Lyon\",\"isPartOf\":{\"@id\":\"https:\\\/\\\/www.rimocc.com\\\/#website\"},\"primaryImageOfPage\":{\"@id\":\"https:\\\/\\\/www.rimocc.com\\\/product\\\/roland-ne-10-noise-eater-3-ex-disponibles\\\/#primaryimage\"},\"image\":{\"@id\":\"https:\\\/\\\/www.rimocc.com\\\/product\\\/roland-ne-10-noise-eater-3-ex-disponibles\\\/#primaryimage\"},\"thumbnailUrl\":\"https:\\\/\\\/www.rimocc.com\\\/wp-content\\\/uploads\\\/2025\\\/04\\\/Roland-NE-10-Noise-Eater-1.jpg\",\"datePublished\":\"2025-04-30T16:37:31+00:00\",\"dateModified\":\"2025-07-11T15:00:49+00:00\",\"description\":\"R\u00e9duisez le bruit de votre batterie V-Drums avec le Roland NE-10 Noise Eater. Isolation efficace des vibrations pour jouer sans d\u00e9ranger vos voisins.\",\"breadcrumb\":{\"@id\":\"https:\\\/\\\/www.rimocc.com\\\/product\\\/roland-ne-10-noise-eater-3-ex-disponibles\\\/#breadcrumb\"},\"inLanguage\":\"en-US\",\"potentialAction\":[{\"@type\":\"ReadAction\",\"target\":[\"https:\\\/\\\/www.rimocc.com\\\/product\\\/roland-ne-10-noise-eater-3-ex-disponibles\\\/\"]}]},{\"@type\":\"ImageObject\",\"inLanguage\":\"en-US\",\"@id\":\"https:\\\/\\\/www.rimocc.com\\\/product\\\/roland-ne-10-noise-eater-3-ex-disponibles\\\/#primaryimage\",\"url\":\"https:\\\/\\\/www.rimocc.com\\\/wp-content\\\/uploads\\\/2025\\\/04\\\/Roland-NE-10-Noise-Eater-1.jpg\",\"contentUrl\":\"https:\\\/\\\/www.rimocc.com\\\/wp-content\\\/uploads\\\/2025\\\/04\\\/Roland-NE-10-Noise-Eater-1.jpg\",\"width\":1920,\"height\":1920,\"caption\":\"Roland NE-10 Noise Eater\"},{\"@type\":\"BreadcrumbList\",\"@id\":\"https:\\\/\\\/www.rimocc.com\\\/product\\\/roland-ne-10-noise-eater-3-ex-disponibles\\\/#breadcrumb\",\"itemListElement\":[{\"@type\":\"ListItem\",\"position\":1,\"name\":\"Home\",\"item\":\"https:\\\/\\\/www.rimocc.com\\\/\"},{\"@type\":\"ListItem\",\"position\":2,\"name\":\"Shop\",\"item\":\"https:\\\/\\\/www.rimocc.com\\\/shop\\\/\"},{\"@type\":\"ListItem\",\"position\":3,\"name\":\"Roland NE-10 Noise Eater (2 ex. disponibles)\"}]},{\"@type\":\"WebSite\",\"@id\":\"https:\\\/\\\/www.rimocc.com\\\/#website\",\"url\":\"https:\\\/\\\/www.rimocc.com\\\/\",\"name\":\"D\u00e9p\u00f4t Vente Batterie Percussion | Rimocc Lyon\",\"description\":\"Rimocc: l&#039;unique magasin d\u00e9di\u00e9 enti\u00e8rement \u00e0 la batterie, percussion d&#039;occasion et vintage \u00e0 Lyon, France\",\"publisher\":{\"@id\":\"https:\\\/\\\/www.rimocc.com\\\/#organization\"},\"alternateName\":\"Rimocc'\",\"potentialAction\":[{\"@type\":\"SearchAction\",\"target\":{\"@type\":\"EntryPoint\",\"urlTemplate\":\"https:\\\/\\\/www.rimocc.com\\\/?s={search_term_string}\"},\"query-input\":{\"@type\":\"PropertyValueSpecification\",\"valueRequired\":true,\"valueName\":\"search_term_string\"}}],\"inLanguage\":\"en-US\"},{\"@type\":\"Organization\",\"@id\":\"https:\\\/\\\/www.rimocc.com\\\/#organization\",\"name\":\"Rimocc'\",\"alternateName\":\"Rimocc\",\"url\":\"https:\\\/\\\/www.rimocc.com\\\/\",\"logo\":{\"@type\":\"ImageObject\",\"inLanguage\":\"en-US\",\"@id\":\"https:\\\/\\\/www.rimocc.com\\\/#\\\/schema\\\/logo\\\/image\\\/\",\"url\":\"https:\\\/\\\/i0.wp.com\\\/www.rimocc.com\\\/wp-content\\\/uploads\\\/2023\\\/07\\\/RIMOCC_LOGO.jpg?fit=459%2C114&ssl=1\",\"contentUrl\":\"https:\\\/\\\/i0.wp.com\\\/www.rimocc.com\\\/wp-content\\\/uploads\\\/2023\\\/07\\\/RIMOCC_LOGO.jpg?fit=459%2C114&ssl=1\",\"width\":459,\"height\":114,\"caption\":\"Rimocc'\"},\"image\":{\"@id\":\"https:\\\/\\\/www.rimocc.com\\\/#\\\/schema\\\/logo\\\/image\\\/\"},\"sameAs\":[\"https:\\\/\\\/www.facebook.com\\\/rimocclyon\\\/?locale=fr_FR\",\"https:\\\/\\\/www.instagram.com\\\/rimoccc\\\/?hl=fr\",\"https:\\\/\\\/www.tiktok.com\\\/@rimocc\",\"https:\\\/\\\/www.youtube.com\\\/@Rimocc\"]}]}<\/script>\n<!-- \/ Yoast SEO plugin. -->","yoast_head_json":{"title":"Roland NE-10 Noise Eater (2 ex. disponibles) - D\u00e9p\u00f4t Vente Batterie Percussion | Rimocc Lyon","description":"R\u00e9duisez le bruit de votre batterie V-Drums avec le Roland NE-10 Noise Eater. Isolation efficace des vibrations pour jouer sans d\u00e9ranger vos voisins.","robots":{"index":"index","follow":"follow","max-snippet":"max-snippet:-1","max-image-preview":"max-image-preview:large","max-video-preview":"max-video-preview:-1"},"canonical":"https:\/\/www.rimocc.com\/en\/product\/roland-ne-10-noise-eater-3-ex-disponibles\/","og_locale":"en_US","og_type":"article","og_title":"Roland NE-10 Noise Eater (2 ex. disponibles) - D\u00e9p\u00f4t Vente Batterie Percussion | Rimocc Lyon","og_description":"R\u00e9duisez le bruit de votre batterie V-Drums avec le Roland NE-10 Noise Eater. Isolation efficace des vibrations pour jouer sans d\u00e9ranger vos voisins.","og_url":"https:\/\/www.rimocc.com\/en\/product\/roland-ne-10-noise-eater-3-ex-disponibles\/","og_site_name":"D\u00e9p\u00f4t Vente Batterie Percussion | Rimocc Lyon","article_publisher":"https:\/\/www.facebook.com\/rimocclyon\/?locale=fr_FR","article_modified_time":"2025-07-11T15:00:49+00:00","og_image":[{"width":1024,"height":1024,"url":"https:\/\/www.rimocc.com\/wp-content\/uploads\/2025\/04\/Roland-NE-10-Noise-Eater-1-1024x1024.jpg","type":"image\/jpeg"}],"twitter_card":"summary_large_image","twitter_misc":{"Est. reading time":"2 minutes"},"schema":{"@context":"https:\/\/schema.org","@graph":[{"@type":"WebPage","@id":"https:\/\/www.rimocc.com\/product\/roland-ne-10-noise-eater-3-ex-disponibles\/","url":"https:\/\/www.rimocc.com\/product\/roland-ne-10-noise-eater-3-ex-disponibles\/","name":"Roland NE-10 Noise Eater (2 ex. disponibles) - D\u00e9p\u00f4t Vente Batterie Percussion | Rimocc Lyon","isPartOf":{"@id":"https:\/\/www.rimocc.com\/#website"},"primaryImageOfPage":{"@id":"https:\/\/www.rimocc.com\/product\/roland-ne-10-noise-eater-3-ex-disponibles\/#primaryimage"},"image":{"@id":"https:\/\/www.rimocc.com\/product\/roland-ne-10-noise-eater-3-ex-disponibles\/#primaryimage"},"thumbnailUrl":"https:\/\/www.rimocc.com\/wp-content\/uploads\/2025\/04\/Roland-NE-10-Noise-Eater-1.jpg","datePublished":"2025-04-30T16:37:31+00:00","dateModified":"2025-07-11T15:00:49+00:00","description":"R\u00e9duisez le bruit de votre batterie V-Drums avec le Roland NE-10 Noise Eater. Isolation efficace des vibrations pour jouer sans d\u00e9ranger vos voisins.","breadcrumb":{"@id":"https:\/\/www.rimocc.com\/product\/roland-ne-10-noise-eater-3-ex-disponibles\/#breadcrumb"},"inLanguage":"en-US","potentialAction":[{"@type":"ReadAction","target":["https:\/\/www.rimocc.com\/product\/roland-ne-10-noise-eater-3-ex-disponibles\/"]}]},{"@type":"ImageObject","inLanguage":"en-US","@id":"https:\/\/www.rimocc.com\/product\/roland-ne-10-noise-eater-3-ex-disponibles\/#primaryimage","url":"https:\/\/www.rimocc.com\/wp-content\/uploads\/2025\/04\/Roland-NE-10-Noise-Eater-1.jpg","contentUrl":"https:\/\/www.rimocc.com\/wp-content\/uploads\/2025\/04\/Roland-NE-10-Noise-Eater-1.jpg","width":1920,"height":1920,"caption":"Roland NE-10 Noise Eater"},{"@type":"BreadcrumbList","@id":"https:\/\/www.rimocc.com\/product\/roland-ne-10-noise-eater-3-ex-disponibles\/#breadcrumb","itemListElement":[{"@type":"ListItem","position":1,"name":"Home","item":"https:\/\/www.rimocc.com\/"},{"@type":"ListItem","position":2,"name":"Shop","item":"https:\/\/www.rimocc.com\/shop\/"},{"@type":"ListItem","position":3,"name":"Roland NE-10 Noise Eater (2 ex. disponibles)"}]},{"@type":"WebSite","@id":"https:\/\/www.rimocc.com\/#website","url":"https:\/\/www.rimocc.com\/","name":"D\u00e9p\u00f4t Vente Batterie Percussion | Rimocc Lyon","description":"Rimocc: l&#039;unique magasin d\u00e9di\u00e9 enti\u00e8rement \u00e0 la batterie, percussion d&#039;occasion et vintage \u00e0 Lyon, France","publisher":{"@id":"https:\/\/www.rimocc.com\/#organization"},"alternateName":"Rimocc'","potentialAction":[{"@type":"SearchAction","target":{"@type":"EntryPoint","urlTemplate":"https:\/\/www.rimocc.com\/?s={search_term_string}"},"query-input":{"@type":"PropertyValueSpecification","valueRequired":true,"valueName":"search_term_string"}}],"inLanguage":"en-US"},{"@type":"Organization","@id":"https:\/\/www.rimocc.com\/#organization","name":"Rimocc'","alternateName":"Rimocc","url":"https:\/\/www.rimocc.com\/","logo":{"@type":"ImageObject","inLanguage":"en-US","@id":"https:\/\/www.rimocc.com\/#\/schema\/logo\/image\/","url":"https:\/\/i0.wp.com\/www.rimocc.com\/wp-content\/uploads\/2023\/07\/RIMOCC_LOGO.jpg?fit=459%2C114&ssl=1","contentUrl":"https:\/\/i0.wp.com\/www.rimocc.com\/wp-content\/uploads\/2023\/07\/RIMOCC_LOGO.jpg?fit=459%2C114&ssl=1","width":459,"height":114,"caption":"Rimocc'"},"image":{"@id":"https:\/\/www.rimocc.com\/#\/schema\/logo\/image\/"},"sameAs":["https:\/\/www.facebook.com\/rimocclyon\/?locale=fr_FR","https:\/\/www.instagram.com\/rimoccc\/?hl=fr","https:\/\/www.tiktok.com\/@rimocc","https:\/\/www.youtube.com\/@Rimocc"]}]}},"jetpack_publicize_connections":[],"jetpack_sharing_enabled":true,"_links":{"self":[{"href":"https:\/\/www.rimocc.com\/en\/wp-json\/wp\/v2\/product\/14830","targetHints":{"allow":["GET"]}}],"collection":[{"href":"https:\/\/www.rimocc.com\/en\/wp-json\/wp\/v2\/product"}],"about":[{"href":"https:\/\/www.rimocc.com\/en\/wp-json\/wp\/v2\/types\/product"}],"replies":[{"embeddable":true,"href":"https:\/\/www.rimocc.com\/en\/wp-json\/wp\/v2\/comments?post=14830"}],"wp:featuredmedia":[{"embeddable":true,"href":"https:\/\/www.rimocc.com\/en\/wp-json\/wp\/v2\/media\/14829"}],"wp:attachment":[{"href":"https:\/\/www.rimocc.com\/en\/wp-json\/wp\/v2\/media?parent=14830"}],"wp:term":[{"taxonomy":"product_brand","embeddable":true,"href":"https:\/\/www.rimocc.com\/en\/wp-json\/wp\/v2\/product_brand?post=14830"},{"taxonomy":"product_cat","embeddable":true,"href":"https:\/\/www.rimocc.com\/en\/wp-json\/wp\/v2\/product_cat?post=14830"},{"taxonomy":"product_tag","embeddable":true,"href":"https:\/\/www.rimocc.com\/en\/wp-json\/wp\/v2\/product_tag?post=14830"}],"curies":[{"name":"wp","href":"https:\/\/api.w.org\/{rel}","templated":true}]}}