{"id":14795,"date":"2025-04-23T14:55:12","date_gmt":"2025-04-23T12:55:12","guid":{"rendered":"https:\/\/www.rimocc.com\/?post_type=product&#038;p=14795"},"modified":"2025-05-09T14:41:00","modified_gmt":"2025-05-09T12:41:00","slug":"dw-5000-pedale-grosse-caisse-single-chain","status":"publish","type":"product","link":"https:\/\/www.rimocc.com\/en\/product\/dw-5000-pedale-grosse-caisse-single-chain\/","title":{"rendered":"DW 5000 P\u00e9dale Grosse Caisse Single Chain"},"content":{"rendered":"<p>DW 5000 P\u00e9dale Grosse Caisse Single Chain<br \/>\nTr\u00e8s bon \u00e9tat g\u00e9n\u00e9ral<br \/>\nCl\u00e9 inclue<\/p>\n<p>La p\u00e9dale de grosse caisse DW 5000 \u00e0 simple cha\u00eene est un mod\u00e8le embl\u00e9matique. Appr\u00e9ci\u00e9e pour sa sensation et sa r\u00e9ponse directes et fluides, elle reste un favori parmi de nombreux batteurs. Voici une description de ses caract\u00e9ristiques principales :<\/p>\n<p>Transmission \u00e0 simple cha\u00eene : Ce syst\u00e8me offre une sensation l\u00e9g\u00e8re et directe, favorisant une grande sensibilit\u00e9 et un contr\u00f4le pr\u00e9cis de la batte.<br \/>\nPlaque de base r\u00e9tro : Inspir\u00e9e du mod\u00e8le original de la DW 5000, cette plaque de pied plus courte contribue \u00e0 la r\u00e9ponse rapide de la p\u00e9dale.<br \/>\nCame d&rsquo;entra\u00eenement \u00ab\u00a0Accelerator\u00a0\u00bb (AH4) : Cette came excentrique cr\u00e9e une acc\u00e9l\u00e9ration de la batte vers la fin de la course, augmentant la puissance et la v\u00e9locit\u00e9 de frappe.<br \/>\nPince de fixation au cercle de grosse caisse Tri-Pivot\u2122 : Ce syst\u00e8me brevet\u00e9 assure une fixation s\u00fbre et stable \u00e0 la plupart des cercles de grosse caisse, gr\u00e2ce \u00e0 trois points de contact qui s&rsquo;ajustent \u00e0 l&rsquo;angle du cercle.<br \/>\nCharni\u00e8re \u00e0 roulement \u00e0 billes Delta\u2122 : Cette charni\u00e8re en aluminium l\u00e9ger est con\u00e7ue pour une performance fluide et durable.<br \/>\nRocker de ressort \u00e0 double roulement : Ce syst\u00e8me permet au ressort de suivre le mouvement de chaque frappe, rendant la p\u00e9dale plus rapide et plus r\u00e9active.<br \/>\nSemelle antid\u00e9rapante en caoutchouc textur\u00e9 : Maintient la p\u00e9dale fermement en place sans n\u00e9cessiter de bandes de fixation suppl\u00e9mentaires.<br \/>\nBatte double face : Offre une polyvalence sonore gr\u00e2ce \u00e0 une face en feutre pour un son plus chaud et une face en plastique pour un son plus claquant et d\u00e9fini.<\/p>\n<p>En r\u00e9sum\u00e9, la DW 5000 \u00e0 simple cha\u00eene est une p\u00e9dale de grosse caisse professionnelle et fiable, offrant une sensation classique avec des am\u00e9liorations modernes pour une performance optimale. Elle est particuli\u00e8rement appr\u00e9ci\u00e9e pour sa rapidit\u00e9, sa sensibilit\u00e9 et sa puissance contr\u00f4l\u00e9e.<\/p>\n<p><a href=\"https:\/\/www.dwdrums.com\/pedals\/5000-series\/\">https:\/\/www.dwdrums.com\/pedals\/5000-series\/<\/a><br \/>\n<a href=\"https:\/\/www.rimocc.com\/en\/product-category\/pedales\/\">https:\/\/www.rimocc.com\/product-category\/pedales\/<\/a><\/p>","protected":false},"excerpt":{"rendered":"<p>DW 5000 P\u00e9dale Grosse Caisse Single Chain Tr\u00e8s bon \u00e9tat g\u00e9n\u00e9ral Cl\u00e9 inclue La p\u00e9dale de grosse caisse DW 5000 \u00e0 simple cha\u00eene est un mod\u00e8le embl\u00e9matique. Appr\u00e9ci\u00e9e pour sa sensation et sa r\u00e9ponse directes et fluides, elle reste un favori parmi de nombreux batteurs. Voici une description de ses caract\u00e9ristiques principales : Transmission \u00e0 [&hellip;]<\/p>\n","protected":false},"featured_media":14794,"comment_status":"open","ping_status":"closed","template":"","meta":{"jetpack_publicize_message":"","jetpack_publicize_feature_enabled":true,"jetpack_social_post_already_shared":false,"jetpack_social_options":{"image_generator_settings":{"template":"highway","default_image_id":0,"font":"","enabled":false},"version":2}},"product_brand":[],"product_cat":[19],"product_tag":[548,225,538,109],"class_list":{"0":"post-14795","1":"product","2":"type-product","3":"status-publish","4":"has-post-thumbnail","6":"product_cat-pedales","7":"product_tag-depot-vente-lyon","8":"product_tag-dw","9":"product_tag-magasin-de-musique-lyon","10":"product_tag-pedale-grosse-caisse","12":"entry","13":"has-media","15":"first","16":"outofstock","17":"shipping-taxable","18":"purchasable","19":"product-type-simple","20":"has-product-nav","21":"col","22":"span_1_of_3","23":"owp-content-center","24":"owp-thumbs-layout-horizontal","25":"owp-btn-normal","26":"owp-tabs-layout-horizontal"},"yoast_head":"<!-- This site is optimized with the Yoast SEO plugin v27.6 - https:\/\/yoast.com\/product\/yoast-seo-wordpress\/ -->\n<title>DW 5000 P\u00e9dale Grosse Caisse Single Chain - D\u00e9p\u00f4t Vente Batterie Percussion | Rimocc Lyon<\/title>\n<meta name=\"description\" content=\"P\u00e9dale grosse caisse DW 5000 simple cha\u00eene : sensation directe et rapide, came Accelerator pour plus de puissance. Fixation stable, charni\u00e8re fluide.\" \/>\n<meta name=\"robots\" content=\"index, follow, max-snippet:-1, max-image-preview:large, max-video-preview:-1\" \/>\n<link rel=\"canonical\" href=\"https:\/\/www.rimocc.com\/en\/product\/dw-5000-pedale-grosse-caisse-single-chain\/\" \/>\n<meta property=\"og:locale\" content=\"en_US\" \/>\n<meta property=\"og:type\" content=\"article\" \/>\n<meta property=\"og:title\" content=\"DW 5000 P\u00e9dale Grosse Caisse Single Chain - D\u00e9p\u00f4t Vente Batterie Percussion | Rimocc Lyon\" \/>\n<meta property=\"og:description\" content=\"P\u00e9dale grosse caisse DW 5000 simple cha\u00eene : sensation directe et rapide, came Accelerator pour plus de puissance. Fixation stable, charni\u00e8re fluide.\" \/>\n<meta property=\"og:url\" content=\"https:\/\/www.rimocc.com\/en\/product\/dw-5000-pedale-grosse-caisse-single-chain\/\" \/>\n<meta property=\"og:site_name\" content=\"D\u00e9p\u00f4t Vente Batterie Percussion | Rimocc Lyon\" \/>\n<meta property=\"article:publisher\" content=\"https:\/\/www.facebook.com\/rimocclyon\/?locale=fr_FR\" \/>\n<meta property=\"article:modified_time\" content=\"2025-05-09T12:41:00+00:00\" \/>\n<meta property=\"og:image\" content=\"https:\/\/www.rimocc.com\/wp-content\/uploads\/2025\/04\/DW-5000-Pedale-Grosse-Caisse-Single-Chain-1.jpg\" \/>\n\t<meta property=\"og:image:width\" content=\"1920\" \/>\n\t<meta property=\"og:image:height\" content=\"1920\" \/>\n\t<meta property=\"og:image:type\" content=\"image\/jpeg\" \/>\n<meta name=\"twitter:card\" content=\"summary_large_image\" \/>\n<meta name=\"twitter:label1\" content=\"Est. reading time\" \/>\n\t<meta name=\"twitter:data1\" content=\"2 minutes\" \/>\n<script type=\"application\/ld+json\" class=\"yoast-schema-graph\">{\"@context\":\"https:\\\/\\\/schema.org\",\"@graph\":[{\"@type\":\"WebPage\",\"@id\":\"https:\\\/\\\/www.rimocc.com\\\/product\\\/dw-5000-pedale-grosse-caisse-single-chain\\\/\",\"url\":\"https:\\\/\\\/www.rimocc.com\\\/product\\\/dw-5000-pedale-grosse-caisse-single-chain\\\/\",\"name\":\"DW 5000 P\u00e9dale Grosse Caisse Single Chain - D\u00e9p\u00f4t Vente Batterie Percussion | Rimocc Lyon\",\"isPartOf\":{\"@id\":\"https:\\\/\\\/www.rimocc.com\\\/#website\"},\"primaryImageOfPage\":{\"@id\":\"https:\\\/\\\/www.rimocc.com\\\/product\\\/dw-5000-pedale-grosse-caisse-single-chain\\\/#primaryimage\"},\"image\":{\"@id\":\"https:\\\/\\\/www.rimocc.com\\\/product\\\/dw-5000-pedale-grosse-caisse-single-chain\\\/#primaryimage\"},\"thumbnailUrl\":\"https:\\\/\\\/www.rimocc.com\\\/wp-content\\\/uploads\\\/2025\\\/04\\\/DW-5000-Pedale-Grosse-Caisse-Single-Chain-1.jpg\",\"datePublished\":\"2025-04-23T12:55:12+00:00\",\"dateModified\":\"2025-05-09T12:41:00+00:00\",\"description\":\"P\u00e9dale grosse caisse DW 5000 simple cha\u00eene : sensation directe et rapide, came Accelerator pour plus de puissance. Fixation stable, charni\u00e8re fluide.\",\"breadcrumb\":{\"@id\":\"https:\\\/\\\/www.rimocc.com\\\/product\\\/dw-5000-pedale-grosse-caisse-single-chain\\\/#breadcrumb\"},\"inLanguage\":\"en-US\",\"potentialAction\":[{\"@type\":\"ReadAction\",\"target\":[\"https:\\\/\\\/www.rimocc.com\\\/product\\\/dw-5000-pedale-grosse-caisse-single-chain\\\/\"]}]},{\"@type\":\"ImageObject\",\"inLanguage\":\"en-US\",\"@id\":\"https:\\\/\\\/www.rimocc.com\\\/product\\\/dw-5000-pedale-grosse-caisse-single-chain\\\/#primaryimage\",\"url\":\"https:\\\/\\\/www.rimocc.com\\\/wp-content\\\/uploads\\\/2025\\\/04\\\/DW-5000-Pedale-Grosse-Caisse-Single-Chain-1.jpg\",\"contentUrl\":\"https:\\\/\\\/www.rimocc.com\\\/wp-content\\\/uploads\\\/2025\\\/04\\\/DW-5000-Pedale-Grosse-Caisse-Single-Chain-1.jpg\",\"width\":1920,\"height\":1920,\"caption\":\"DW 5000 P\u00e9dale Grosse Caisse Single Chain\"},{\"@type\":\"BreadcrumbList\",\"@id\":\"https:\\\/\\\/www.rimocc.com\\\/product\\\/dw-5000-pedale-grosse-caisse-single-chain\\\/#breadcrumb\",\"itemListElement\":[{\"@type\":\"ListItem\",\"position\":1,\"name\":\"Home\",\"item\":\"https:\\\/\\\/www.rimocc.com\\\/\"},{\"@type\":\"ListItem\",\"position\":2,\"name\":\"Shop\",\"item\":\"https:\\\/\\\/www.rimocc.com\\\/shop\\\/\"},{\"@type\":\"ListItem\",\"position\":3,\"name\":\"DW 5000 P\u00e9dale Grosse Caisse Single Chain\"}]},{\"@type\":\"WebSite\",\"@id\":\"https:\\\/\\\/www.rimocc.com\\\/#website\",\"url\":\"https:\\\/\\\/www.rimocc.com\\\/\",\"name\":\"D\u00e9p\u00f4t Vente Batterie Percussion | Rimocc Lyon\",\"description\":\"Rimocc: l&#039;unique magasin d\u00e9di\u00e9 enti\u00e8rement \u00e0 la batterie, percussion d&#039;occasion et vintage \u00e0 Lyon, France\",\"publisher\":{\"@id\":\"https:\\\/\\\/www.rimocc.com\\\/#organization\"},\"alternateName\":\"Rimocc'\",\"potentialAction\":[{\"@type\":\"SearchAction\",\"target\":{\"@type\":\"EntryPoint\",\"urlTemplate\":\"https:\\\/\\\/www.rimocc.com\\\/?s={search_term_string}\"},\"query-input\":{\"@type\":\"PropertyValueSpecification\",\"valueRequired\":true,\"valueName\":\"search_term_string\"}}],\"inLanguage\":\"en-US\"},{\"@type\":\"Organization\",\"@id\":\"https:\\\/\\\/www.rimocc.com\\\/#organization\",\"name\":\"Rimocc'\",\"alternateName\":\"Rimocc\",\"url\":\"https:\\\/\\\/www.rimocc.com\\\/\",\"logo\":{\"@type\":\"ImageObject\",\"inLanguage\":\"en-US\",\"@id\":\"https:\\\/\\\/www.rimocc.com\\\/#\\\/schema\\\/logo\\\/image\\\/\",\"url\":\"https:\\\/\\\/i0.wp.com\\\/www.rimocc.com\\\/wp-content\\\/uploads\\\/2023\\\/07\\\/RIMOCC_LOGO.jpg?fit=459%2C114&ssl=1\",\"contentUrl\":\"https:\\\/\\\/i0.wp.com\\\/www.rimocc.com\\\/wp-content\\\/uploads\\\/2023\\\/07\\\/RIMOCC_LOGO.jpg?fit=459%2C114&ssl=1\",\"width\":459,\"height\":114,\"caption\":\"Rimocc'\"},\"image\":{\"@id\":\"https:\\\/\\\/www.rimocc.com\\\/#\\\/schema\\\/logo\\\/image\\\/\"},\"sameAs\":[\"https:\\\/\\\/www.facebook.com\\\/rimocclyon\\\/?locale=fr_FR\",\"https:\\\/\\\/www.instagram.com\\\/rimoccc\\\/?hl=fr\",\"https:\\\/\\\/www.tiktok.com\\\/@rimocc\",\"https:\\\/\\\/www.youtube.com\\\/@Rimocc\"]}]}<\/script>\n<!-- \/ Yoast SEO plugin. -->","yoast_head_json":{"title":"DW 5000 P\u00e9dale Grosse Caisse Single Chain - D\u00e9p\u00f4t Vente Batterie Percussion | Rimocc Lyon","description":"P\u00e9dale grosse caisse DW 5000 simple cha\u00eene : sensation directe et rapide, came Accelerator pour plus de puissance. Fixation stable, charni\u00e8re fluide.","robots":{"index":"index","follow":"follow","max-snippet":"max-snippet:-1","max-image-preview":"max-image-preview:large","max-video-preview":"max-video-preview:-1"},"canonical":"https:\/\/www.rimocc.com\/en\/product\/dw-5000-pedale-grosse-caisse-single-chain\/","og_locale":"en_US","og_type":"article","og_title":"DW 5000 P\u00e9dale Grosse Caisse Single Chain - D\u00e9p\u00f4t Vente Batterie Percussion | Rimocc Lyon","og_description":"P\u00e9dale grosse caisse DW 5000 simple cha\u00eene : sensation directe et rapide, came Accelerator pour plus de puissance. Fixation stable, charni\u00e8re fluide.","og_url":"https:\/\/www.rimocc.com\/en\/product\/dw-5000-pedale-grosse-caisse-single-chain\/","og_site_name":"D\u00e9p\u00f4t Vente Batterie Percussion | Rimocc Lyon","article_publisher":"https:\/\/www.facebook.com\/rimocclyon\/?locale=fr_FR","article_modified_time":"2025-05-09T12:41:00+00:00","og_image":[{"width":1920,"height":1920,"url":"https:\/\/www.rimocc.com\/wp-content\/uploads\/2025\/04\/DW-5000-Pedale-Grosse-Caisse-Single-Chain-1.jpg","type":"image\/jpeg"}],"twitter_card":"summary_large_image","twitter_misc":{"Est. reading time":"2 minutes"},"schema":{"@context":"https:\/\/schema.org","@graph":[{"@type":"WebPage","@id":"https:\/\/www.rimocc.com\/product\/dw-5000-pedale-grosse-caisse-single-chain\/","url":"https:\/\/www.rimocc.com\/product\/dw-5000-pedale-grosse-caisse-single-chain\/","name":"DW 5000 P\u00e9dale Grosse Caisse Single Chain - D\u00e9p\u00f4t Vente Batterie Percussion | Rimocc Lyon","isPartOf":{"@id":"https:\/\/www.rimocc.com\/#website"},"primaryImageOfPage":{"@id":"https:\/\/www.rimocc.com\/product\/dw-5000-pedale-grosse-caisse-single-chain\/#primaryimage"},"image":{"@id":"https:\/\/www.rimocc.com\/product\/dw-5000-pedale-grosse-caisse-single-chain\/#primaryimage"},"thumbnailUrl":"https:\/\/www.rimocc.com\/wp-content\/uploads\/2025\/04\/DW-5000-Pedale-Grosse-Caisse-Single-Chain-1.jpg","datePublished":"2025-04-23T12:55:12+00:00","dateModified":"2025-05-09T12:41:00+00:00","description":"P\u00e9dale grosse caisse DW 5000 simple cha\u00eene : sensation directe et rapide, came Accelerator pour plus de puissance. Fixation stable, charni\u00e8re fluide.","breadcrumb":{"@id":"https:\/\/www.rimocc.com\/product\/dw-5000-pedale-grosse-caisse-single-chain\/#breadcrumb"},"inLanguage":"en-US","potentialAction":[{"@type":"ReadAction","target":["https:\/\/www.rimocc.com\/product\/dw-5000-pedale-grosse-caisse-single-chain\/"]}]},{"@type":"ImageObject","inLanguage":"en-US","@id":"https:\/\/www.rimocc.com\/product\/dw-5000-pedale-grosse-caisse-single-chain\/#primaryimage","url":"https:\/\/www.rimocc.com\/wp-content\/uploads\/2025\/04\/DW-5000-Pedale-Grosse-Caisse-Single-Chain-1.jpg","contentUrl":"https:\/\/www.rimocc.com\/wp-content\/uploads\/2025\/04\/DW-5000-Pedale-Grosse-Caisse-Single-Chain-1.jpg","width":1920,"height":1920,"caption":"DW 5000 P\u00e9dale Grosse Caisse Single Chain"},{"@type":"BreadcrumbList","@id":"https:\/\/www.rimocc.com\/product\/dw-5000-pedale-grosse-caisse-single-chain\/#breadcrumb","itemListElement":[{"@type":"ListItem","position":1,"name":"Home","item":"https:\/\/www.rimocc.com\/"},{"@type":"ListItem","position":2,"name":"Shop","item":"https:\/\/www.rimocc.com\/shop\/"},{"@type":"ListItem","position":3,"name":"DW 5000 P\u00e9dale Grosse Caisse Single Chain"}]},{"@type":"WebSite","@id":"https:\/\/www.rimocc.com\/#website","url":"https:\/\/www.rimocc.com\/","name":"D\u00e9p\u00f4t Vente Batterie Percussion | Rimocc Lyon","description":"Rimocc: l&#039;unique magasin d\u00e9di\u00e9 enti\u00e8rement \u00e0 la batterie, percussion d&#039;occasion et vintage \u00e0 Lyon, France","publisher":{"@id":"https:\/\/www.rimocc.com\/#organization"},"alternateName":"Rimocc'","potentialAction":[{"@type":"SearchAction","target":{"@type":"EntryPoint","urlTemplate":"https:\/\/www.rimocc.com\/?s={search_term_string}"},"query-input":{"@type":"PropertyValueSpecification","valueRequired":true,"valueName":"search_term_string"}}],"inLanguage":"en-US"},{"@type":"Organization","@id":"https:\/\/www.rimocc.com\/#organization","name":"Rimocc'","alternateName":"Rimocc","url":"https:\/\/www.rimocc.com\/","logo":{"@type":"ImageObject","inLanguage":"en-US","@id":"https:\/\/www.rimocc.com\/#\/schema\/logo\/image\/","url":"https:\/\/i0.wp.com\/www.rimocc.com\/wp-content\/uploads\/2023\/07\/RIMOCC_LOGO.jpg?fit=459%2C114&ssl=1","contentUrl":"https:\/\/i0.wp.com\/www.rimocc.com\/wp-content\/uploads\/2023\/07\/RIMOCC_LOGO.jpg?fit=459%2C114&ssl=1","width":459,"height":114,"caption":"Rimocc'"},"image":{"@id":"https:\/\/www.rimocc.com\/#\/schema\/logo\/image\/"},"sameAs":["https:\/\/www.facebook.com\/rimocclyon\/?locale=fr_FR","https:\/\/www.instagram.com\/rimoccc\/?hl=fr","https:\/\/www.tiktok.com\/@rimocc","https:\/\/www.youtube.com\/@Rimocc"]}]}},"jetpack_publicize_connections":[],"jetpack_sharing_enabled":true,"_links":{"self":[{"href":"https:\/\/www.rimocc.com\/en\/wp-json\/wp\/v2\/product\/14795","targetHints":{"allow":["GET"]}}],"collection":[{"href":"https:\/\/www.rimocc.com\/en\/wp-json\/wp\/v2\/product"}],"about":[{"href":"https:\/\/www.rimocc.com\/en\/wp-json\/wp\/v2\/types\/product"}],"replies":[{"embeddable":true,"href":"https:\/\/www.rimocc.com\/en\/wp-json\/wp\/v2\/comments?post=14795"}],"wp:featuredmedia":[{"embeddable":true,"href":"https:\/\/www.rimocc.com\/en\/wp-json\/wp\/v2\/media\/14794"}],"wp:attachment":[{"href":"https:\/\/www.rimocc.com\/en\/wp-json\/wp\/v2\/media?parent=14795"}],"wp:term":[{"taxonomy":"product_brand","embeddable":true,"href":"https:\/\/www.rimocc.com\/en\/wp-json\/wp\/v2\/product_brand?post=14795"},{"taxonomy":"product_cat","embeddable":true,"href":"https:\/\/www.rimocc.com\/en\/wp-json\/wp\/v2\/product_cat?post=14795"},{"taxonomy":"product_tag","embeddable":true,"href":"https:\/\/www.rimocc.com\/en\/wp-json\/wp\/v2\/product_tag?post=14795"}],"curies":[{"name":"wp","href":"https:\/\/api.w.org\/{rel}","templated":true}]}}