{"id":14788,"date":"2025-04-22T16:08:30","date_gmt":"2025-04-22T14:08:30","guid":{"rendered":"https:\/\/www.rimocc.com\/?post_type=product&#038;p=14788"},"modified":"2025-04-30T16:58:29","modified_gmt":"2025-04-30T14:58:29","slug":"ludwig-coliseum-l484-14x8-vintage-80s","status":"publish","type":"product","link":"https:\/\/www.rimocc.com\/en\/product\/ludwig-coliseum-l484-14x8-vintage-80s\/","title":{"rendered":"Ludwig Coliseum L484 14&Prime;x8&Prime; Vintage 80&rsquo;s"},"content":{"rendered":"<p>Ludwig Coliseum L484 14&Prime;x8&Prime; Vintage 80&rsquo;s<br \/>\nRed Mahogany<br \/>\nKeystone Monroe Badge<br \/>\n12 lugs 6 Ply Maple<br \/>\nEtat proche collection, tout d&rsquo;origine sauf d\u00e9clencheur P85 remplac\u00e9 par un neuf<br \/>\nPeaux SD neuves top &amp; bottom<\/p>\n<p>Cette caisse claire Ludwig Coliseum L484 est une pi\u00e8ce embl\u00e9matique des ann\u00e9es 1980, recherch\u00e9 pour son son puissant et profond ainsi que pour son look classique et robuste.<\/p>\n<p>Avec ses dimensions de 14 pouces de diam\u00e8tre et 8 pouces de profondeur, elle offre un volume impressionnant et une grande sensibilit\u00e9. La profondeur de 8 pouces contribue \u00e0 un son riche et plein de corps, avec une belle projection et un sustain prononc\u00e9.<\/p>\n<p>Bien que les d\u00e9tails sp\u00e9cifiques sur les mat\u00e9riaux du f\u00fbt puissent varier l\u00e9g\u00e8rement selon les ann\u00e9es exactes de production au sein des ann\u00e9es 80, les mod\u00e8les Coliseum de cette \u00e9poque \u00e9taient construits avec des f\u00fbts en \u00e9rable de haute qualit\u00e9, reconnus pour leur son chaleureux, \u00e9quilibr\u00e9 et polyvalent.<\/p>\n<p>La Coliseum L484 se distingue par ses 12 tirants, offrant un accordage pr\u00e9cis et une tension uniforme de la peau, ce qui se traduit par un son constant et puissant sur toute la surface de frappe.<\/p>\n<p>En r\u00e9sum\u00e9, la Ludwig Coliseum L484 14&Prime;x8&Prime; Vintage des ann\u00e9es 80 est une caisse claire pris\u00e9e pour les batteurs recherchant un son puissant, profond et polyvalent avec le charme et la qualit\u00e9 de fabrication des instruments vintage Ludwig. Elle est id\u00e9ale pour une vari\u00e9t\u00e9 de styles musicaux, du rock au funk en passant par la pop, o\u00f9 une caisse claire avec du corps et de la pr\u00e9sence est n\u00e9cessaire.<\/p>\n<p><a href=\"https:\/\/www.ludwig-drums.com\/\">https:\/\/www.ludwig-drums.com\/<\/a><br \/>\n<a href=\"https:\/\/www.rimocc.com\/en\/product-category\/caisse-claire\/\">https:\/\/www.rimocc.com\/product-category\/caisse-claire\/<\/a><\/p>\n<p class=\"responsive-video-wrap clr\"><iframe title=\"Ludwig Coliseum L484 #ludwig #snaredrum #drums #drummer #drummerlife #iconic #ludwigdrums #coliseum\" width=\"1200\" height=\"675\" src=\"https:\/\/www.youtube.com\/embed\/o8tOCoH3dcM?feature=oembed\" frameborder=\"0\" allow=\"accelerometer; autoplay; clipboard-write; encrypted-media; gyroscope; picture-in-picture; web-share\" referrerpolicy=\"strict-origin-when-cross-origin\" allowfullscreen><\/iframe><\/p>","protected":false},"excerpt":{"rendered":"<p>Ludwig Coliseum L484 14&Prime;x8&Prime; Vintage 80&rsquo;s Red Mahogany Keystone Monroe Badge 12 lugs 6 Ply Maple Etat proche collection, tout d&rsquo;origine sauf d\u00e9clencheur P85 remplac\u00e9 par un neuf Peaux SD neuves top &amp; bottom Cette caisse claire Ludwig Coliseum L484 est une pi\u00e8ce embl\u00e9matique des ann\u00e9es 1980, recherch\u00e9 pour son son puissant et profond ainsi [&hellip;]<\/p>\n","protected":false},"featured_media":14787,"comment_status":"open","ping_status":"closed","template":"","meta":{"jetpack_publicize_message":"","jetpack_publicize_feature_enabled":true,"jetpack_social_post_already_shared":false,"jetpack_social_options":{"image_generator_settings":{"template":"highway","default_image_id":0,"font":"","enabled":false},"version":2}},"product_brand":[],"product_cat":[25],"product_tag":[63,548,93,653,538,139],"class_list":{"0":"post-14788","1":"product","2":"type-product","3":"status-publish","4":"has-post-thumbnail","6":"product_cat-caisse-claire","7":"product_tag-caisse-claire","8":"product_tag-depot-vente-lyon","9":"product_tag-ludwig","10":"product_tag-ludwig-coliseum","11":"product_tag-magasin-de-musique-lyon","12":"product_tag-vintage-snare-drum","14":"entry","15":"has-media","17":"first","18":"outofstock","19":"shipping-taxable","20":"purchasable","21":"product-type-simple","22":"has-product-nav","23":"col","24":"span_1_of_3","25":"owp-content-center","26":"owp-thumbs-layout-horizontal","27":"owp-btn-normal","28":"owp-tabs-layout-horizontal"},"yoast_head":"<!-- This site is optimized with the Yoast SEO plugin v27.4 - https:\/\/yoast.com\/product\/yoast-seo-wordpress\/ -->\n<title>Ludwig Coliseum L484 14&quot;x8&quot; Vintage 80&#039;s - D\u00e9p\u00f4t Vente Batterie Percussion | Rimocc Lyon<\/title>\n<meta name=\"description\" content=\"Ludwig Coliseum L484, caisse claire vintage 14x8 des ann\u00e9es 80. Qualit\u00e9 Ludwig, son puissant et look embl\u00e9matique de cette d\u00e9cennie.\" \/>\n<meta name=\"robots\" content=\"index, follow, max-snippet:-1, max-image-preview:large, max-video-preview:-1\" \/>\n<link rel=\"canonical\" href=\"https:\/\/www.rimocc.com\/en\/product\/ludwig-coliseum-l484-14x8-vintage-80s\/\" \/>\n<meta property=\"og:locale\" content=\"en_US\" \/>\n<meta property=\"og:type\" content=\"article\" \/>\n<meta property=\"og:title\" content=\"Ludwig Coliseum L484 14&quot;x8&quot; Vintage 80&#039;s - D\u00e9p\u00f4t Vente Batterie Percussion | Rimocc Lyon\" \/>\n<meta property=\"og:description\" content=\"Ludwig Coliseum L484, caisse claire vintage 14x8 des ann\u00e9es 80. Qualit\u00e9 Ludwig, son puissant et look embl\u00e9matique de cette d\u00e9cennie.\" \/>\n<meta property=\"og:url\" content=\"https:\/\/www.rimocc.com\/en\/product\/ludwig-coliseum-l484-14x8-vintage-80s\/\" \/>\n<meta property=\"og:site_name\" content=\"D\u00e9p\u00f4t Vente Batterie Percussion | Rimocc Lyon\" \/>\n<meta property=\"article:publisher\" content=\"https:\/\/www.facebook.com\/rimocclyon\/?locale=fr_FR\" \/>\n<meta property=\"article:modified_time\" content=\"2025-04-30T14:58:29+00:00\" \/>\n<meta property=\"og:image\" content=\"https:\/\/www.rimocc.com\/wp-content\/uploads\/2025\/04\/Ludwig-Coliseum-L484-14_x8_-Vintage-80_s-1.jpg\" \/>\n\t<meta property=\"og:image:width\" content=\"1920\" \/>\n\t<meta property=\"og:image:height\" content=\"1920\" \/>\n\t<meta property=\"og:image:type\" content=\"image\/jpeg\" \/>\n<meta name=\"twitter:card\" content=\"summary_large_image\" \/>\n<meta name=\"twitter:label1\" content=\"Est. reading time\" \/>\n\t<meta name=\"twitter:data1\" content=\"2 minutes\" \/>\n<script type=\"application\/ld+json\" class=\"yoast-schema-graph\">{\"@context\":\"https:\\\/\\\/schema.org\",\"@graph\":[{\"@type\":\"WebPage\",\"@id\":\"https:\\\/\\\/www.rimocc.com\\\/product\\\/ludwig-coliseum-l484-14x8-vintage-80s\\\/\",\"url\":\"https:\\\/\\\/www.rimocc.com\\\/product\\\/ludwig-coliseum-l484-14x8-vintage-80s\\\/\",\"name\":\"Ludwig Coliseum L484 14\\\"x8\\\" Vintage 80's - D\u00e9p\u00f4t Vente Batterie Percussion | Rimocc Lyon\",\"isPartOf\":{\"@id\":\"https:\\\/\\\/www.rimocc.com\\\/#website\"},\"primaryImageOfPage\":{\"@id\":\"https:\\\/\\\/www.rimocc.com\\\/product\\\/ludwig-coliseum-l484-14x8-vintage-80s\\\/#primaryimage\"},\"image\":{\"@id\":\"https:\\\/\\\/www.rimocc.com\\\/product\\\/ludwig-coliseum-l484-14x8-vintage-80s\\\/#primaryimage\"},\"thumbnailUrl\":\"https:\\\/\\\/www.rimocc.com\\\/wp-content\\\/uploads\\\/2025\\\/04\\\/Ludwig-Coliseum-L484-14_x8_-Vintage-80_s-1.jpg\",\"datePublished\":\"2025-04-22T14:08:30+00:00\",\"dateModified\":\"2025-04-30T14:58:29+00:00\",\"description\":\"Ludwig Coliseum L484, caisse claire vintage 14x8 des ann\u00e9es 80. Qualit\u00e9 Ludwig, son puissant et look embl\u00e9matique de cette d\u00e9cennie.\",\"breadcrumb\":{\"@id\":\"https:\\\/\\\/www.rimocc.com\\\/product\\\/ludwig-coliseum-l484-14x8-vintage-80s\\\/#breadcrumb\"},\"inLanguage\":\"en-US\",\"potentialAction\":[{\"@type\":\"ReadAction\",\"target\":[\"https:\\\/\\\/www.rimocc.com\\\/product\\\/ludwig-coliseum-l484-14x8-vintage-80s\\\/\"]}]},{\"@type\":\"ImageObject\",\"inLanguage\":\"en-US\",\"@id\":\"https:\\\/\\\/www.rimocc.com\\\/product\\\/ludwig-coliseum-l484-14x8-vintage-80s\\\/#primaryimage\",\"url\":\"https:\\\/\\\/www.rimocc.com\\\/wp-content\\\/uploads\\\/2025\\\/04\\\/Ludwig-Coliseum-L484-14_x8_-Vintage-80_s-1.jpg\",\"contentUrl\":\"https:\\\/\\\/www.rimocc.com\\\/wp-content\\\/uploads\\\/2025\\\/04\\\/Ludwig-Coliseum-L484-14_x8_-Vintage-80_s-1.jpg\",\"width\":1920,\"height\":1920,\"caption\":\"Ludwig Coliseum L484 14\\\"x8\\\" Vintage 80's\"},{\"@type\":\"BreadcrumbList\",\"@id\":\"https:\\\/\\\/www.rimocc.com\\\/product\\\/ludwig-coliseum-l484-14x8-vintage-80s\\\/#breadcrumb\",\"itemListElement\":[{\"@type\":\"ListItem\",\"position\":1,\"name\":\"Home\",\"item\":\"https:\\\/\\\/www.rimocc.com\\\/\"},{\"@type\":\"ListItem\",\"position\":2,\"name\":\"Shop\",\"item\":\"https:\\\/\\\/www.rimocc.com\\\/shop\\\/\"},{\"@type\":\"ListItem\",\"position\":3,\"name\":\"Ludwig Coliseum L484 14&#8243;x8&#8243; Vintage 80&#8217;s\"}]},{\"@type\":\"WebSite\",\"@id\":\"https:\\\/\\\/www.rimocc.com\\\/#website\",\"url\":\"https:\\\/\\\/www.rimocc.com\\\/\",\"name\":\"D\u00e9p\u00f4t Vente Batterie Percussion | Rimocc Lyon\",\"description\":\"Rimocc: l&#039;unique magasin d\u00e9di\u00e9 enti\u00e8rement \u00e0 la batterie, percussion d&#039;occasion et vintage \u00e0 Lyon, France\",\"publisher\":{\"@id\":\"https:\\\/\\\/www.rimocc.com\\\/#organization\"},\"alternateName\":\"Rimocc'\",\"potentialAction\":[{\"@type\":\"SearchAction\",\"target\":{\"@type\":\"EntryPoint\",\"urlTemplate\":\"https:\\\/\\\/www.rimocc.com\\\/?s={search_term_string}\"},\"query-input\":{\"@type\":\"PropertyValueSpecification\",\"valueRequired\":true,\"valueName\":\"search_term_string\"}}],\"inLanguage\":\"en-US\"},{\"@type\":\"Organization\",\"@id\":\"https:\\\/\\\/www.rimocc.com\\\/#organization\",\"name\":\"Rimocc'\",\"alternateName\":\"Rimocc\",\"url\":\"https:\\\/\\\/www.rimocc.com\\\/\",\"logo\":{\"@type\":\"ImageObject\",\"inLanguage\":\"en-US\",\"@id\":\"https:\\\/\\\/www.rimocc.com\\\/#\\\/schema\\\/logo\\\/image\\\/\",\"url\":\"https:\\\/\\\/i0.wp.com\\\/www.rimocc.com\\\/wp-content\\\/uploads\\\/2023\\\/07\\\/RIMOCC_LOGO.jpg?fit=459%2C114&ssl=1\",\"contentUrl\":\"https:\\\/\\\/i0.wp.com\\\/www.rimocc.com\\\/wp-content\\\/uploads\\\/2023\\\/07\\\/RIMOCC_LOGO.jpg?fit=459%2C114&ssl=1\",\"width\":459,\"height\":114,\"caption\":\"Rimocc'\"},\"image\":{\"@id\":\"https:\\\/\\\/www.rimocc.com\\\/#\\\/schema\\\/logo\\\/image\\\/\"},\"sameAs\":[\"https:\\\/\\\/www.facebook.com\\\/rimocclyon\\\/?locale=fr_FR\",\"https:\\\/\\\/www.instagram.com\\\/rimoccc\\\/?hl=fr\",\"https:\\\/\\\/www.tiktok.com\\\/@rimocc\",\"https:\\\/\\\/www.youtube.com\\\/@Rimocc\"]}]}<\/script>\n<!-- \/ Yoast SEO plugin. -->","yoast_head_json":{"title":"Ludwig Coliseum L484 14\"x8\" Vintage 80's - D\u00e9p\u00f4t Vente Batterie Percussion | Rimocc Lyon","description":"Ludwig Coliseum L484, caisse claire vintage 14x8 des ann\u00e9es 80. Qualit\u00e9 Ludwig, son puissant et look embl\u00e9matique de cette d\u00e9cennie.","robots":{"index":"index","follow":"follow","max-snippet":"max-snippet:-1","max-image-preview":"max-image-preview:large","max-video-preview":"max-video-preview:-1"},"canonical":"https:\/\/www.rimocc.com\/en\/product\/ludwig-coliseum-l484-14x8-vintage-80s\/","og_locale":"en_US","og_type":"article","og_title":"Ludwig Coliseum L484 14\"x8\" Vintage 80's - D\u00e9p\u00f4t Vente Batterie Percussion | Rimocc Lyon","og_description":"Ludwig Coliseum L484, caisse claire vintage 14x8 des ann\u00e9es 80. Qualit\u00e9 Ludwig, son puissant et look embl\u00e9matique de cette d\u00e9cennie.","og_url":"https:\/\/www.rimocc.com\/en\/product\/ludwig-coliseum-l484-14x8-vintage-80s\/","og_site_name":"D\u00e9p\u00f4t Vente Batterie Percussion | Rimocc Lyon","article_publisher":"https:\/\/www.facebook.com\/rimocclyon\/?locale=fr_FR","article_modified_time":"2025-04-30T14:58:29+00:00","og_image":[{"width":1920,"height":1920,"url":"https:\/\/www.rimocc.com\/wp-content\/uploads\/2025\/04\/Ludwig-Coliseum-L484-14_x8_-Vintage-80_s-1.jpg","type":"image\/jpeg"}],"twitter_card":"summary_large_image","twitter_misc":{"Est. reading time":"2 minutes"},"schema":{"@context":"https:\/\/schema.org","@graph":[{"@type":"WebPage","@id":"https:\/\/www.rimocc.com\/product\/ludwig-coliseum-l484-14x8-vintage-80s\/","url":"https:\/\/www.rimocc.com\/product\/ludwig-coliseum-l484-14x8-vintage-80s\/","name":"Ludwig Coliseum L484 14\"x8\" Vintage 80's - D\u00e9p\u00f4t Vente Batterie Percussion | Rimocc Lyon","isPartOf":{"@id":"https:\/\/www.rimocc.com\/#website"},"primaryImageOfPage":{"@id":"https:\/\/www.rimocc.com\/product\/ludwig-coliseum-l484-14x8-vintage-80s\/#primaryimage"},"image":{"@id":"https:\/\/www.rimocc.com\/product\/ludwig-coliseum-l484-14x8-vintage-80s\/#primaryimage"},"thumbnailUrl":"https:\/\/www.rimocc.com\/wp-content\/uploads\/2025\/04\/Ludwig-Coliseum-L484-14_x8_-Vintage-80_s-1.jpg","datePublished":"2025-04-22T14:08:30+00:00","dateModified":"2025-04-30T14:58:29+00:00","description":"Ludwig Coliseum L484, caisse claire vintage 14x8 des ann\u00e9es 80. Qualit\u00e9 Ludwig, son puissant et look embl\u00e9matique de cette d\u00e9cennie.","breadcrumb":{"@id":"https:\/\/www.rimocc.com\/product\/ludwig-coliseum-l484-14x8-vintage-80s\/#breadcrumb"},"inLanguage":"en-US","potentialAction":[{"@type":"ReadAction","target":["https:\/\/www.rimocc.com\/product\/ludwig-coliseum-l484-14x8-vintage-80s\/"]}]},{"@type":"ImageObject","inLanguage":"en-US","@id":"https:\/\/www.rimocc.com\/product\/ludwig-coliseum-l484-14x8-vintage-80s\/#primaryimage","url":"https:\/\/www.rimocc.com\/wp-content\/uploads\/2025\/04\/Ludwig-Coliseum-L484-14_x8_-Vintage-80_s-1.jpg","contentUrl":"https:\/\/www.rimocc.com\/wp-content\/uploads\/2025\/04\/Ludwig-Coliseum-L484-14_x8_-Vintage-80_s-1.jpg","width":1920,"height":1920,"caption":"Ludwig Coliseum L484 14\"x8\" Vintage 80's"},{"@type":"BreadcrumbList","@id":"https:\/\/www.rimocc.com\/product\/ludwig-coliseum-l484-14x8-vintage-80s\/#breadcrumb","itemListElement":[{"@type":"ListItem","position":1,"name":"Home","item":"https:\/\/www.rimocc.com\/"},{"@type":"ListItem","position":2,"name":"Shop","item":"https:\/\/www.rimocc.com\/shop\/"},{"@type":"ListItem","position":3,"name":"Ludwig Coliseum L484 14&#8243;x8&#8243; Vintage 80&#8217;s"}]},{"@type":"WebSite","@id":"https:\/\/www.rimocc.com\/#website","url":"https:\/\/www.rimocc.com\/","name":"D\u00e9p\u00f4t Vente Batterie Percussion | Rimocc Lyon","description":"Rimocc: l&#039;unique magasin d\u00e9di\u00e9 enti\u00e8rement \u00e0 la batterie, percussion d&#039;occasion et vintage \u00e0 Lyon, France","publisher":{"@id":"https:\/\/www.rimocc.com\/#organization"},"alternateName":"Rimocc'","potentialAction":[{"@type":"SearchAction","target":{"@type":"EntryPoint","urlTemplate":"https:\/\/www.rimocc.com\/?s={search_term_string}"},"query-input":{"@type":"PropertyValueSpecification","valueRequired":true,"valueName":"search_term_string"}}],"inLanguage":"en-US"},{"@type":"Organization","@id":"https:\/\/www.rimocc.com\/#organization","name":"Rimocc'","alternateName":"Rimocc","url":"https:\/\/www.rimocc.com\/","logo":{"@type":"ImageObject","inLanguage":"en-US","@id":"https:\/\/www.rimocc.com\/#\/schema\/logo\/image\/","url":"https:\/\/i0.wp.com\/www.rimocc.com\/wp-content\/uploads\/2023\/07\/RIMOCC_LOGO.jpg?fit=459%2C114&ssl=1","contentUrl":"https:\/\/i0.wp.com\/www.rimocc.com\/wp-content\/uploads\/2023\/07\/RIMOCC_LOGO.jpg?fit=459%2C114&ssl=1","width":459,"height":114,"caption":"Rimocc'"},"image":{"@id":"https:\/\/www.rimocc.com\/#\/schema\/logo\/image\/"},"sameAs":["https:\/\/www.facebook.com\/rimocclyon\/?locale=fr_FR","https:\/\/www.instagram.com\/rimoccc\/?hl=fr","https:\/\/www.tiktok.com\/@rimocc","https:\/\/www.youtube.com\/@Rimocc"]}]}},"jetpack_publicize_connections":[],"jetpack_sharing_enabled":true,"_links":{"self":[{"href":"https:\/\/www.rimocc.com\/en\/wp-json\/wp\/v2\/product\/14788","targetHints":{"allow":["GET"]}}],"collection":[{"href":"https:\/\/www.rimocc.com\/en\/wp-json\/wp\/v2\/product"}],"about":[{"href":"https:\/\/www.rimocc.com\/en\/wp-json\/wp\/v2\/types\/product"}],"replies":[{"embeddable":true,"href":"https:\/\/www.rimocc.com\/en\/wp-json\/wp\/v2\/comments?post=14788"}],"wp:featuredmedia":[{"embeddable":true,"href":"https:\/\/www.rimocc.com\/en\/wp-json\/wp\/v2\/media\/14787"}],"wp:attachment":[{"href":"https:\/\/www.rimocc.com\/en\/wp-json\/wp\/v2\/media?parent=14788"}],"wp:term":[{"taxonomy":"product_brand","embeddable":true,"href":"https:\/\/www.rimocc.com\/en\/wp-json\/wp\/v2\/product_brand?post=14788"},{"taxonomy":"product_cat","embeddable":true,"href":"https:\/\/www.rimocc.com\/en\/wp-json\/wp\/v2\/product_cat?post=14788"},{"taxonomy":"product_tag","embeddable":true,"href":"https:\/\/www.rimocc.com\/en\/wp-json\/wp\/v2\/product_tag?post=14788"}],"curies":[{"name":"wp","href":"https:\/\/api.w.org\/{rel}","templated":true}]}}