{"id":14769,"date":"2025-04-19T13:24:31","date_gmt":"2025-04-19T11:24:31","guid":{"rendered":"https:\/\/www.rimocc.com\/?post_type=product&#038;p=14769"},"modified":"2025-08-30T11:37:54","modified_gmt":"2025-08-30T09:37:54","slug":"yamaha-steve-gadd-30th-anniversary-drum-kit-22x14-10x75-12x8-14x12-16x14-snare-14x55-made-in-japan","status":"publish","type":"product","link":"https:\/\/www.rimocc.com\/en\/product\/yamaha-steve-gadd-30th-anniversary-drum-kit-22x14-10x75-12x8-14x12-16x14-snare-14x55-made-in-japan\/","title":{"rendered":"Yamaha Steve Gadd 30th Anniversary Drum Kit 22&Prime;x14&Prime; 10&Prime;x7,5&Prime; 12&Prime;x8&Prime; 14&Prime;x12&Prime; 16&Prime;x14&Prime; + snare 14&Prime;x5,5&Prime; Made in Japan"},"content":{"rendered":"<p>Yamaha Steve Gadd 30th Anniversary Drum Kit<\/p>\n<p>22&Prime;x14&Prime; 10&Prime;x7,5&Prime; 12&Prime;x8&Prime; 14&Prime;x12&Prime; 16&Prime;x14&Prime; + snare 14&Prime;x5,5&Prime; Made in Japan<br \/>\nLimit\u00e9 \u00e0 50 ex aux USA et 50 ex en Europe, production 2006<br \/>\nKit N\u00b0 61<br \/>\nEssences: \u00e9rable pour la GC et bouleau pour les toms<br \/>\nComplet avec certificat d&rsquo;authenticit\u00e9 sign\u00e9 par Steve Gadd, les cartons d&rsquo;origine des toms (sauf GC et CC) et un lot de 7 coquilles + visserie en spare (certaines maple custom dor\u00e9es re-chrom\u00e9es pour matcher les coquilles d&rsquo;origines)<br \/>\nEtat proche collection (le tom de 10&Prime; a quelques traces de frottements sur le vernis en raison du rapprochement classique de la cc)<\/p>\n<p><strong>! Pas d&rsquo;envoi, \u00e0 r\u00e9cup\u00e9rer sur place seulement. No international delivery, pick-up at the shop only !<\/strong><\/p>\n<p>BUENA PARK, CA \u2014 Pendant plus de trois d\u00e9cennies, Steve Gadd a \u00e9t\u00e9 l&rsquo;un des batteurs les plus influents au monde \u2013 et pendant 30 ans, Gadd a jou\u00e9 sur des batteries Yamaha. Pour comm\u00e9morer cette \u00e9tape sp\u00e9ciale, Yamaha pr\u00e9sente la batterie Steve Gadd Signature 30\u00e8me Anniversaire, une r\u00e9plique de la batterie personnalis\u00e9e qu&rsquo;il utilise depuis pr\u00e8s de 20 ans. Fabriqu\u00e9e en \u00e9dition limit\u00e9e \u00e0 100 exemplaires, chaque batterie comprend un certificat d&rsquo;authenticit\u00e9 sign\u00e9 personnellement par Gadd.<\/p>\n<p>Steve Gadd<br \/>\nBatterie Steve Gadd Signature 30\u00e8me Anniversaire Yamaha<br \/>\n\u00ab C&rsquo;est un honneur d&rsquo;avoir une association aussi forte avec un artiste de la stature de Steve \u00bb, d\u00e9clare David Jewell, responsable marketing chez Yamaha Drums. \u00ab Il a personnellement aid\u00e9 Yamaha Drums \u00e0 am\u00e9liorer et \u00e0 maintenir la qualit\u00e9 de toute la gamme au fil des ans. Ce nouveau kit rend hommage \u00e0 ce qu&rsquo;il a fait non seulement pour Yamaha, mais aussi pour le monde de la batterie. \u00bb<\/p>\n<p>La premi\u00e8re batterie Yamaha de Gadd, la Recording Custom (mod\u00e8le RC9000), est devenue la batterie professionnelle la plus populaire au monde dans les ann\u00e9es 1980. Gadd a \u00e9galement popularis\u00e9 les petits toms de 10 pouces, introduit les pieds de tom basse, et a \u00e9galement \u00e9t\u00e9 l&rsquo;un des premiers batteurs \u00e0 utiliser une combinaison de bois dans une seule batterie. Aujourd&rsquo;hui, il pr\u00e9f\u00e8re les toms en bouleau et une grosse caisse en \u00e9rable. Son choix de couleur d&rsquo;accastillage est un noir distinctif \u2013 similaire \u00e0 la finition laqu\u00e9e style piano acoustique du kit qu&rsquo;il a aid\u00e9 Yamaha \u00e0 perfectionner.<\/p>\n<p>La batterie 30\u00e8me Anniversaire comprend une grosse caisse Maple Custom de 22&Prime; x 14&Prime;, une caisse claire de 14&Prime; x 5 1\/2&Prime;, des toms suspendus de 10&Prime; x 7 1\/2&Prime; et 12&Prime; x 8&Prime;, et des toms basse suspendus Birch Custom Absolute de 14&Prime; x 12&Prime; et 16&Prime; x 14&Prime;. Tous les toms ont des coquilles chrom\u00e9es de style Maple Custom avec des cercles noirs, la caisse claire avec des cercles moul\u00e9s sous pression en aluminium chrom\u00e9 noir.<\/p>\n<p>Gadd est l&rsquo;un des batteurs les plus acclam\u00e9s et accomplis de sa g\u00e9n\u00e9ration. Il a enregistr\u00e9 avec un \u00e9ventail d&rsquo;artistes distingu\u00e9s, dont Aretha Franklin, Stevie Wonder, Barbra Streisand, Paul McCartney, Al Jarreau, James Brown, Joe Cocker, Nancy Wilson, Bob James, Stanley Clarke, Al DiMeola et George Benson. Ses enregistrements historiques dans les ann\u00e9es 1970 incluent des performances virtuoses sur The Leprechaun avec le pianiste Chick Corea et Aja de Steely Dan, ainsi que plusieurs morceaux avec Paul Simon (dont \u00ab\u00a0Fifty Ways to Leave Your Lover\u00a0\u00bb et \u00ab\u00a0Late in the Evening\u00a0\u00bb). Toujours tr\u00e8s demand\u00e9, Gadd a r\u00e9cemment tourn\u00e9 dans le monde entier avec Simon, Eric Clapton et James Taylor.<\/p>\n<p>\u00ab C&rsquo;est un set unique en son genre qui rendra tout fan de Steve Gadd fier de jouer dessus \u00bb, d\u00e9clare Jewell. \u00ab L&rsquo;offrir est notre fa\u00e7on d&rsquo;honorer Steve pour avoir jou\u00e9 sur nos batteries pendant les 30 derni\u00e8res ann\u00e9es. \u00bb<\/p>\n<p><a href=\"https:\/\/usa.yamaha.com\/news_events\/2006\/20060217_steve-gadd-30th-anniversary-signature-drum-kit_us.html\">https:\/\/usa.yamaha.com\/news_events\/2006\/20060217_steve-gadd-30th-anniversary-signature-drum-kit_us.html<\/a><br \/>\n<a href=\"https:\/\/www.rimocc.com\/en\/product-category\/batterie\/\">https:\/\/www.rimocc.com\/product-category\/batterie\/<\/a><\/p>\n<p class=\"responsive-video-wrap clr\"><iframe title=\"Yamaha Steve Gadd 30th Anniversary Drum Kit #stevegadd #drums\" width=\"1200\" height=\"675\" src=\"https:\/\/www.youtube.com\/embed\/jlMMEMwPshI?feature=oembed\" frameborder=\"0\" allow=\"accelerometer; autoplay; clipboard-write; encrypted-media; gyroscope; picture-in-picture; web-share\" referrerpolicy=\"strict-origin-when-cross-origin\" allowfullscreen><\/iframe><\/p>","protected":false},"excerpt":{"rendered":"<p>Yamaha Steve Gadd 30th Anniversary Drum Kit 22&Prime;x14&Prime; 10&Prime;x7,5&Prime; 12&Prime;x8&Prime; 14&Prime;x12&Prime; 16&Prime;x14&Prime; + snare 14&Prime;x5,5&Prime; Made in Japan Limit\u00e9 \u00e0 50 ex aux USA et 50 ex en Europe, production 2006 Kit N\u00b0 61 Essences: \u00e9rable pour la GC et bouleau pour les toms Complet avec certificat d&rsquo;authenticit\u00e9 sign\u00e9 par Steve Gadd, les cartons d&rsquo;origine [&hellip;]<\/p>\n","protected":false},"featured_media":14755,"comment_status":"open","ping_status":"closed","template":"","meta":{"jetpack_publicize_message":"","jetpack_publicize_feature_enabled":true,"jetpack_social_post_already_shared":false,"jetpack_social_options":{"image_generator_settings":{"template":"highway","default_image_id":0,"font":"","enabled":false},"version":2}},"product_brand":[],"product_cat":[20],"product_tag":[41,548,43,538,652,56],"class_list":{"0":"post-14769","1":"product","2":"type-product","3":"status-publish","4":"has-post-thumbnail","6":"product_cat-batterie","7":"product_tag-batterie","8":"product_tag-depot-vente-lyon","9":"product_tag-drums","10":"product_tag-magasin-de-musique-lyon","11":"product_tag-steve-gadd","12":"product_tag-yamaha","14":"entry","15":"has-media","17":"first","18":"outofstock","19":"shipping-taxable","20":"purchasable","21":"product-type-simple","22":"has-product-nav","23":"col","24":"span_1_of_3","25":"owp-content-center","26":"owp-thumbs-layout-horizontal","27":"owp-btn-normal","28":"owp-tabs-layout-horizontal"},"yoast_head":"<!-- This site is optimized with the Yoast SEO plugin v27.4 - https:\/\/yoast.com\/product\/yoast-seo-wordpress\/ -->\n<title>Yamaha Steve Gadd 30th Anniversary Drum Kit 22&quot;x14&quot; 10&quot;x7,5&quot; 12&quot;x8&quot; 14&quot;x12&quot; 16&quot;x14&quot; + snare 14&quot;x5,5&quot; Made in Japan - D\u00e9p\u00f4t Vente Batterie Percussion | Rimocc Lyon<\/title>\n<meta name=\"description\" content=\"Batterie Yamaha Steve Gadd 30\u00e8me Anniversaire : \u00e9dition limit\u00e9e hommage au l\u00e9gendaire batteur apr\u00e8s 30 ans de collaboration. Kit sign\u00e9.\" \/>\n<meta name=\"robots\" content=\"index, follow, max-snippet:-1, max-image-preview:large, max-video-preview:-1\" \/>\n<link rel=\"canonical\" href=\"https:\/\/www.rimocc.com\/en\/product\/yamaha-steve-gadd-30th-anniversary-drum-kit-22x14-10x75-12x8-14x12-16x14-snare-14x55-made-in-japan\/\" \/>\n<meta property=\"og:locale\" content=\"en_US\" \/>\n<meta property=\"og:type\" content=\"article\" \/>\n<meta property=\"og:title\" content=\"Yamaha Steve Gadd 30th Anniversary Drum Kit 22&quot;x14&quot; 10&quot;x7,5&quot; 12&quot;x8&quot; 14&quot;x12&quot; 16&quot;x14&quot; + snare 14&quot;x5,5&quot; Made in Japan - D\u00e9p\u00f4t Vente Batterie Percussion | Rimocc Lyon\" \/>\n<meta property=\"og:description\" content=\"Batterie Yamaha Steve Gadd 30\u00e8me Anniversaire : \u00e9dition limit\u00e9e hommage au l\u00e9gendaire batteur apr\u00e8s 30 ans de collaboration. Kit sign\u00e9.\" \/>\n<meta property=\"og:url\" content=\"https:\/\/www.rimocc.com\/en\/product\/yamaha-steve-gadd-30th-anniversary-drum-kit-22x14-10x75-12x8-14x12-16x14-snare-14x55-made-in-japan\/\" \/>\n<meta property=\"og:site_name\" content=\"D\u00e9p\u00f4t Vente Batterie Percussion | Rimocc Lyon\" \/>\n<meta property=\"article:publisher\" content=\"https:\/\/www.facebook.com\/rimocclyon\/?locale=fr_FR\" \/>\n<meta property=\"article:modified_time\" content=\"2025-08-30T09:37:54+00:00\" \/>\n<meta property=\"og:image\" content=\"https:\/\/www.rimocc.com\/wp-content\/uploads\/2025\/04\/Yamaha-Steve-Gadd-30th-Anniversary-Drum-Kit-1.jpg\" \/>\n\t<meta property=\"og:image:width\" content=\"1920\" \/>\n\t<meta property=\"og:image:height\" content=\"1920\" \/>\n\t<meta property=\"og:image:type\" content=\"image\/jpeg\" \/>\n<meta name=\"twitter:card\" content=\"summary_large_image\" \/>\n<meta name=\"twitter:label1\" content=\"Est. reading time\" \/>\n\t<meta name=\"twitter:data1\" content=\"3 minutes\" \/>\n<script type=\"application\/ld+json\" class=\"yoast-schema-graph\">{\"@context\":\"https:\\\/\\\/schema.org\",\"@graph\":[{\"@type\":\"WebPage\",\"@id\":\"https:\\\/\\\/www.rimocc.com\\\/product\\\/yamaha-steve-gadd-30th-anniversary-drum-kit-22x14-10x75-12x8-14x12-16x14-snare-14x55-made-in-japan\\\/\",\"url\":\"https:\\\/\\\/www.rimocc.com\\\/product\\\/yamaha-steve-gadd-30th-anniversary-drum-kit-22x14-10x75-12x8-14x12-16x14-snare-14x55-made-in-japan\\\/\",\"name\":\"Yamaha Steve Gadd 30th Anniversary Drum Kit 22\\\"x14\\\" 10\\\"x7,5\\\" 12\\\"x8\\\" 14\\\"x12\\\" 16\\\"x14\\\" + snare 14\\\"x5,5\\\" Made in Japan - D\u00e9p\u00f4t Vente Batterie Percussion | Rimocc Lyon\",\"isPartOf\":{\"@id\":\"https:\\\/\\\/www.rimocc.com\\\/#website\"},\"primaryImageOfPage\":{\"@id\":\"https:\\\/\\\/www.rimocc.com\\\/product\\\/yamaha-steve-gadd-30th-anniversary-drum-kit-22x14-10x75-12x8-14x12-16x14-snare-14x55-made-in-japan\\\/#primaryimage\"},\"image\":{\"@id\":\"https:\\\/\\\/www.rimocc.com\\\/product\\\/yamaha-steve-gadd-30th-anniversary-drum-kit-22x14-10x75-12x8-14x12-16x14-snare-14x55-made-in-japan\\\/#primaryimage\"},\"thumbnailUrl\":\"https:\\\/\\\/www.rimocc.com\\\/wp-content\\\/uploads\\\/2025\\\/04\\\/Yamaha-Steve-Gadd-30th-Anniversary-Drum-Kit-1.jpg\",\"datePublished\":\"2025-04-19T11:24:31+00:00\",\"dateModified\":\"2025-08-30T09:37:54+00:00\",\"description\":\"Batterie Yamaha Steve Gadd 30\u00e8me Anniversaire : \u00e9dition limit\u00e9e hommage au l\u00e9gendaire batteur apr\u00e8s 30 ans de collaboration. Kit sign\u00e9.\",\"breadcrumb\":{\"@id\":\"https:\\\/\\\/www.rimocc.com\\\/product\\\/yamaha-steve-gadd-30th-anniversary-drum-kit-22x14-10x75-12x8-14x12-16x14-snare-14x55-made-in-japan\\\/#breadcrumb\"},\"inLanguage\":\"en-US\",\"potentialAction\":[{\"@type\":\"ReadAction\",\"target\":[\"https:\\\/\\\/www.rimocc.com\\\/product\\\/yamaha-steve-gadd-30th-anniversary-drum-kit-22x14-10x75-12x8-14x12-16x14-snare-14x55-made-in-japan\\\/\"]}]},{\"@type\":\"ImageObject\",\"inLanguage\":\"en-US\",\"@id\":\"https:\\\/\\\/www.rimocc.com\\\/product\\\/yamaha-steve-gadd-30th-anniversary-drum-kit-22x14-10x75-12x8-14x12-16x14-snare-14x55-made-in-japan\\\/#primaryimage\",\"url\":\"https:\\\/\\\/www.rimocc.com\\\/wp-content\\\/uploads\\\/2025\\\/04\\\/Yamaha-Steve-Gadd-30th-Anniversary-Drum-Kit-1.jpg\",\"contentUrl\":\"https:\\\/\\\/www.rimocc.com\\\/wp-content\\\/uploads\\\/2025\\\/04\\\/Yamaha-Steve-Gadd-30th-Anniversary-Drum-Kit-1.jpg\",\"width\":1920,\"height\":1920,\"caption\":\"Yamaha Steve Gadd 30th Anniversary Drum Kit\"},{\"@type\":\"BreadcrumbList\",\"@id\":\"https:\\\/\\\/www.rimocc.com\\\/product\\\/yamaha-steve-gadd-30th-anniversary-drum-kit-22x14-10x75-12x8-14x12-16x14-snare-14x55-made-in-japan\\\/#breadcrumb\",\"itemListElement\":[{\"@type\":\"ListItem\",\"position\":1,\"name\":\"Home\",\"item\":\"https:\\\/\\\/www.rimocc.com\\\/\"},{\"@type\":\"ListItem\",\"position\":2,\"name\":\"Shop\",\"item\":\"https:\\\/\\\/www.rimocc.com\\\/shop\\\/\"},{\"@type\":\"ListItem\",\"position\":3,\"name\":\"Yamaha Steve Gadd 30th Anniversary Drum Kit 22&#8243;x14&#8243; 10&#8243;x7,5&#8243; 12&#8243;x8&#8243; 14&#8243;x12&#8243; 16&#8243;x14&#8243; + snare 14&#8243;x5,5&#8243; Made in Japan\"}]},{\"@type\":\"WebSite\",\"@id\":\"https:\\\/\\\/www.rimocc.com\\\/#website\",\"url\":\"https:\\\/\\\/www.rimocc.com\\\/\",\"name\":\"D\u00e9p\u00f4t Vente Batterie Percussion | Rimocc Lyon\",\"description\":\"Rimocc: l&#039;unique magasin d\u00e9di\u00e9 enti\u00e8rement \u00e0 la batterie, percussion d&#039;occasion et vintage \u00e0 Lyon, France\",\"publisher\":{\"@id\":\"https:\\\/\\\/www.rimocc.com\\\/#organization\"},\"alternateName\":\"Rimocc'\",\"potentialAction\":[{\"@type\":\"SearchAction\",\"target\":{\"@type\":\"EntryPoint\",\"urlTemplate\":\"https:\\\/\\\/www.rimocc.com\\\/?s={search_term_string}\"},\"query-input\":{\"@type\":\"PropertyValueSpecification\",\"valueRequired\":true,\"valueName\":\"search_term_string\"}}],\"inLanguage\":\"en-US\"},{\"@type\":\"Organization\",\"@id\":\"https:\\\/\\\/www.rimocc.com\\\/#organization\",\"name\":\"Rimocc'\",\"alternateName\":\"Rimocc\",\"url\":\"https:\\\/\\\/www.rimocc.com\\\/\",\"logo\":{\"@type\":\"ImageObject\",\"inLanguage\":\"en-US\",\"@id\":\"https:\\\/\\\/www.rimocc.com\\\/#\\\/schema\\\/logo\\\/image\\\/\",\"url\":\"https:\\\/\\\/i0.wp.com\\\/www.rimocc.com\\\/wp-content\\\/uploads\\\/2023\\\/07\\\/RIMOCC_LOGO.jpg?fit=459%2C114&ssl=1\",\"contentUrl\":\"https:\\\/\\\/i0.wp.com\\\/www.rimocc.com\\\/wp-content\\\/uploads\\\/2023\\\/07\\\/RIMOCC_LOGO.jpg?fit=459%2C114&ssl=1\",\"width\":459,\"height\":114,\"caption\":\"Rimocc'\"},\"image\":{\"@id\":\"https:\\\/\\\/www.rimocc.com\\\/#\\\/schema\\\/logo\\\/image\\\/\"},\"sameAs\":[\"https:\\\/\\\/www.facebook.com\\\/rimocclyon\\\/?locale=fr_FR\",\"https:\\\/\\\/www.instagram.com\\\/rimoccc\\\/?hl=fr\",\"https:\\\/\\\/www.tiktok.com\\\/@rimocc\",\"https:\\\/\\\/www.youtube.com\\\/@Rimocc\"]}]}<\/script>\n<!-- \/ Yoast SEO plugin. -->","yoast_head_json":{"title":"Yamaha Steve Gadd 30th Anniversary Drum Kit 22\"x14\" 10\"x7,5\" 12\"x8\" 14\"x12\" 16\"x14\" + snare 14\"x5,5\" Made in Japan - D\u00e9p\u00f4t Vente Batterie Percussion | Rimocc Lyon","description":"Batterie Yamaha Steve Gadd 30\u00e8me Anniversaire : \u00e9dition limit\u00e9e hommage au l\u00e9gendaire batteur apr\u00e8s 30 ans de collaboration. Kit sign\u00e9.","robots":{"index":"index","follow":"follow","max-snippet":"max-snippet:-1","max-image-preview":"max-image-preview:large","max-video-preview":"max-video-preview:-1"},"canonical":"https:\/\/www.rimocc.com\/en\/product\/yamaha-steve-gadd-30th-anniversary-drum-kit-22x14-10x75-12x8-14x12-16x14-snare-14x55-made-in-japan\/","og_locale":"en_US","og_type":"article","og_title":"Yamaha Steve Gadd 30th Anniversary Drum Kit 22\"x14\" 10\"x7,5\" 12\"x8\" 14\"x12\" 16\"x14\" + snare 14\"x5,5\" Made in Japan - D\u00e9p\u00f4t Vente Batterie Percussion | Rimocc Lyon","og_description":"Batterie Yamaha Steve Gadd 30\u00e8me Anniversaire : \u00e9dition limit\u00e9e hommage au l\u00e9gendaire batteur apr\u00e8s 30 ans de collaboration. Kit sign\u00e9.","og_url":"https:\/\/www.rimocc.com\/en\/product\/yamaha-steve-gadd-30th-anniversary-drum-kit-22x14-10x75-12x8-14x12-16x14-snare-14x55-made-in-japan\/","og_site_name":"D\u00e9p\u00f4t Vente Batterie Percussion | Rimocc Lyon","article_publisher":"https:\/\/www.facebook.com\/rimocclyon\/?locale=fr_FR","article_modified_time":"2025-08-30T09:37:54+00:00","og_image":[{"width":1920,"height":1920,"url":"https:\/\/www.rimocc.com\/wp-content\/uploads\/2025\/04\/Yamaha-Steve-Gadd-30th-Anniversary-Drum-Kit-1.jpg","type":"image\/jpeg"}],"twitter_card":"summary_large_image","twitter_misc":{"Est. reading time":"3 minutes"},"schema":{"@context":"https:\/\/schema.org","@graph":[{"@type":"WebPage","@id":"https:\/\/www.rimocc.com\/product\/yamaha-steve-gadd-30th-anniversary-drum-kit-22x14-10x75-12x8-14x12-16x14-snare-14x55-made-in-japan\/","url":"https:\/\/www.rimocc.com\/product\/yamaha-steve-gadd-30th-anniversary-drum-kit-22x14-10x75-12x8-14x12-16x14-snare-14x55-made-in-japan\/","name":"Yamaha Steve Gadd 30th Anniversary Drum Kit 22\"x14\" 10\"x7,5\" 12\"x8\" 14\"x12\" 16\"x14\" + snare 14\"x5,5\" Made in Japan - D\u00e9p\u00f4t Vente Batterie Percussion | Rimocc Lyon","isPartOf":{"@id":"https:\/\/www.rimocc.com\/#website"},"primaryImageOfPage":{"@id":"https:\/\/www.rimocc.com\/product\/yamaha-steve-gadd-30th-anniversary-drum-kit-22x14-10x75-12x8-14x12-16x14-snare-14x55-made-in-japan\/#primaryimage"},"image":{"@id":"https:\/\/www.rimocc.com\/product\/yamaha-steve-gadd-30th-anniversary-drum-kit-22x14-10x75-12x8-14x12-16x14-snare-14x55-made-in-japan\/#primaryimage"},"thumbnailUrl":"https:\/\/www.rimocc.com\/wp-content\/uploads\/2025\/04\/Yamaha-Steve-Gadd-30th-Anniversary-Drum-Kit-1.jpg","datePublished":"2025-04-19T11:24:31+00:00","dateModified":"2025-08-30T09:37:54+00:00","description":"Batterie Yamaha Steve Gadd 30\u00e8me Anniversaire : \u00e9dition limit\u00e9e hommage au l\u00e9gendaire batteur apr\u00e8s 30 ans de collaboration. Kit sign\u00e9.","breadcrumb":{"@id":"https:\/\/www.rimocc.com\/product\/yamaha-steve-gadd-30th-anniversary-drum-kit-22x14-10x75-12x8-14x12-16x14-snare-14x55-made-in-japan\/#breadcrumb"},"inLanguage":"en-US","potentialAction":[{"@type":"ReadAction","target":["https:\/\/www.rimocc.com\/product\/yamaha-steve-gadd-30th-anniversary-drum-kit-22x14-10x75-12x8-14x12-16x14-snare-14x55-made-in-japan\/"]}]},{"@type":"ImageObject","inLanguage":"en-US","@id":"https:\/\/www.rimocc.com\/product\/yamaha-steve-gadd-30th-anniversary-drum-kit-22x14-10x75-12x8-14x12-16x14-snare-14x55-made-in-japan\/#primaryimage","url":"https:\/\/www.rimocc.com\/wp-content\/uploads\/2025\/04\/Yamaha-Steve-Gadd-30th-Anniversary-Drum-Kit-1.jpg","contentUrl":"https:\/\/www.rimocc.com\/wp-content\/uploads\/2025\/04\/Yamaha-Steve-Gadd-30th-Anniversary-Drum-Kit-1.jpg","width":1920,"height":1920,"caption":"Yamaha Steve Gadd 30th Anniversary Drum Kit"},{"@type":"BreadcrumbList","@id":"https:\/\/www.rimocc.com\/product\/yamaha-steve-gadd-30th-anniversary-drum-kit-22x14-10x75-12x8-14x12-16x14-snare-14x55-made-in-japan\/#breadcrumb","itemListElement":[{"@type":"ListItem","position":1,"name":"Home","item":"https:\/\/www.rimocc.com\/"},{"@type":"ListItem","position":2,"name":"Shop","item":"https:\/\/www.rimocc.com\/shop\/"},{"@type":"ListItem","position":3,"name":"Yamaha Steve Gadd 30th Anniversary Drum Kit 22&#8243;x14&#8243; 10&#8243;x7,5&#8243; 12&#8243;x8&#8243; 14&#8243;x12&#8243; 16&#8243;x14&#8243; + snare 14&#8243;x5,5&#8243; Made in Japan"}]},{"@type":"WebSite","@id":"https:\/\/www.rimocc.com\/#website","url":"https:\/\/www.rimocc.com\/","name":"D\u00e9p\u00f4t Vente Batterie Percussion | Rimocc Lyon","description":"Rimocc: l&#039;unique magasin d\u00e9di\u00e9 enti\u00e8rement \u00e0 la batterie, percussion d&#039;occasion et vintage \u00e0 Lyon, France","publisher":{"@id":"https:\/\/www.rimocc.com\/#organization"},"alternateName":"Rimocc'","potentialAction":[{"@type":"SearchAction","target":{"@type":"EntryPoint","urlTemplate":"https:\/\/www.rimocc.com\/?s={search_term_string}"},"query-input":{"@type":"PropertyValueSpecification","valueRequired":true,"valueName":"search_term_string"}}],"inLanguage":"en-US"},{"@type":"Organization","@id":"https:\/\/www.rimocc.com\/#organization","name":"Rimocc'","alternateName":"Rimocc","url":"https:\/\/www.rimocc.com\/","logo":{"@type":"ImageObject","inLanguage":"en-US","@id":"https:\/\/www.rimocc.com\/#\/schema\/logo\/image\/","url":"https:\/\/i0.wp.com\/www.rimocc.com\/wp-content\/uploads\/2023\/07\/RIMOCC_LOGO.jpg?fit=459%2C114&ssl=1","contentUrl":"https:\/\/i0.wp.com\/www.rimocc.com\/wp-content\/uploads\/2023\/07\/RIMOCC_LOGO.jpg?fit=459%2C114&ssl=1","width":459,"height":114,"caption":"Rimocc'"},"image":{"@id":"https:\/\/www.rimocc.com\/#\/schema\/logo\/image\/"},"sameAs":["https:\/\/www.facebook.com\/rimocclyon\/?locale=fr_FR","https:\/\/www.instagram.com\/rimoccc\/?hl=fr","https:\/\/www.tiktok.com\/@rimocc","https:\/\/www.youtube.com\/@Rimocc"]}]}},"jetpack_publicize_connections":[],"jetpack_sharing_enabled":true,"_links":{"self":[{"href":"https:\/\/www.rimocc.com\/en\/wp-json\/wp\/v2\/product\/14769","targetHints":{"allow":["GET"]}}],"collection":[{"href":"https:\/\/www.rimocc.com\/en\/wp-json\/wp\/v2\/product"}],"about":[{"href":"https:\/\/www.rimocc.com\/en\/wp-json\/wp\/v2\/types\/product"}],"replies":[{"embeddable":true,"href":"https:\/\/www.rimocc.com\/en\/wp-json\/wp\/v2\/comments?post=14769"}],"wp:featuredmedia":[{"embeddable":true,"href":"https:\/\/www.rimocc.com\/en\/wp-json\/wp\/v2\/media\/14755"}],"wp:attachment":[{"href":"https:\/\/www.rimocc.com\/en\/wp-json\/wp\/v2\/media?parent=14769"}],"wp:term":[{"taxonomy":"product_brand","embeddable":true,"href":"https:\/\/www.rimocc.com\/en\/wp-json\/wp\/v2\/product_brand?post=14769"},{"taxonomy":"product_cat","embeddable":true,"href":"https:\/\/www.rimocc.com\/en\/wp-json\/wp\/v2\/product_cat?post=14769"},{"taxonomy":"product_tag","embeddable":true,"href":"https:\/\/www.rimocc.com\/en\/wp-json\/wp\/v2\/product_tag?post=14769"}],"curies":[{"name":"wp","href":"https:\/\/api.w.org\/{rel}","templated":true}]}}