{"id":14744,"date":"2025-04-17T15:56:22","date_gmt":"2025-04-17T13:56:22","guid":{"rendered":"https:\/\/www.rimocc.com\/?post_type=product&#038;p=14744"},"modified":"2025-07-15T17:30:00","modified_gmt":"2025-07-15T15:30:00","slug":"ayotte-drumsmith-22x16-10x9-12x10-14x13","status":"publish","type":"product","link":"https:\/\/www.rimocc.com\/en\/product\/ayotte-drumsmith-22x16-10x9-12x10-14x13\/","title":{"rendered":"Ayotte Drumsmith 22&Prime;x16&Prime; 10&Prime;x9&Prime; 12&Prime;x10&Prime; 14&Prime;x13&Prime;"},"content":{"rendered":"<p>Ayotte Drumsmith 22&Prime;x16&Prime; 10&Prime;x9&Prime; 12&Prime;x10&Prime; 14&Prime;x13&Prime;<br \/>\nMaple<br \/>\nDark Blue Lacquer<br \/>\nInclus les 3 clamps Ayotte (pied de cymbales non inclus)<br \/>\nTr\u00e8s bon \u00e9tat g\u00e9n\u00e9ral<br \/>\nRenforts de chanfreins sur tous les f\u00fbts<br \/>\nL&rsquo;excellence acoustique Ayotte<\/p>\n<p><em><strong>\u00ab\u00a0Enl\u00e8vement sur place privil\u00e9gi\u00e9 mais envoi possible dans toute la France sur devis s\u00e9par\u00e9 &#8211; merci de s\u00e9lectionner l&rsquo;option \u00ab\u00a0retrait en magasin\u00a0\u00bb et nous vous ferons parvenir un devis s\u00e9par\u00e9 pour la livraison, \u00e0 r\u00e9gler s\u00e9par\u00e9ment<br \/>\nInternational order, pick-up ONLY\u00a0\u00bb<\/strong><\/em><\/p>\n<p data-sourcepos=\"10:1-10:398\">La s\u00e9rie Drumsmith d&rsquo;Ayotte \u00e9tait reconnue pour sa qualit\u00e9 de fabrication et ses sonorit\u00e9s excellentes, souvent comparables \u00e0 la ligne Custom de la marque. Bien que certaines finitions et d\u00e9tails de fabrication puissent diff\u00e9rer de la ligne Custom, les f\u00fbts Drumsmith \u00e9taient construits en \u00e9rable de haute qualit\u00e9, avec des chanfreins pr\u00e9cis, contribuant \u00e0 un son riche et bien d\u00e9fini.<\/p>\n<p data-sourcepos=\"12:1-12:279\">Cette configuration de f\u00fbts (22&Prime;, 10&Prime;, 12&Prime;, 14&Prime;) est polyvalente et adapt\u00e9e \u00e0 de nombreux styles musicaux, offrant une bonne balance entre puissance et agilit\u00e9. Les dimensions des toms permettent une grande vari\u00e9t\u00e9 d&rsquo;accords et de sonorit\u00e9s pour s&rsquo;adapter aux besoins du batteur.<\/p>\n<p data-sourcepos=\"14:1-14:228\">En r\u00e9sum\u00e9, cette batterie Ayotte Drumsmith est un set de qualit\u00e9 professionnelle, offrant un excellent son et une construction soign\u00e9e, id\u00e9ale pour les batteurs recherchant un ensemble polyvalent et performant.<\/p>\n<p><a href=\"http:\/\/www.ayottedrums.com\/\">http:\/\/www.ayottedrums.com\/<\/a><br \/>\n<a href=\"https:\/\/www.rimocc.com\/en\/product-category\/batterie\/\">https:\/\/www.rimocc.com\/product-category\/batterie\/<\/a><\/p>\n<p class=\"responsive-video-wrap clr\"><iframe title=\"Ayotte #snaredrum #drums #drummer #drummerlife #rimoccc #ayotte #ayottedrums Ayotte Drums Inc.\" width=\"1200\" height=\"675\" src=\"https:\/\/www.youtube.com\/embed\/R4chilsKcAI?feature=oembed\" frameborder=\"0\" allow=\"accelerometer; autoplay; clipboard-write; encrypted-media; gyroscope; picture-in-picture; web-share\" referrerpolicy=\"strict-origin-when-cross-origin\" allowfullscreen><\/iframe><\/p>","protected":false},"excerpt":{"rendered":"<p>Ayotte Drumsmith 22&Prime;x16&Prime; 10&Prime;x9&Prime; 12&Prime;x10&Prime; 14&Prime;x13&Prime; Maple Dark Blue Lacquer Inclus les 3 clamps Ayotte (pied de cymbales non inclus) Tr\u00e8s bon \u00e9tat g\u00e9n\u00e9ral Renforts de chanfreins sur tous les f\u00fbts L&rsquo;excellence acoustique Ayotte \u00ab\u00a0Enl\u00e8vement sur place privil\u00e9gi\u00e9 mais envoi possible dans toute la France sur devis s\u00e9par\u00e9 &#8211; merci de s\u00e9lectionner l&rsquo;option \u00ab\u00a0retrait en [&hellip;]<\/p>\n","protected":false},"featured_media":14735,"comment_status":"open","ping_status":"closed","template":"","meta":{"jetpack_publicize_message":"","jetpack_publicize_feature_enabled":true,"jetpack_social_post_already_shared":false,"jetpack_social_options":{"image_generator_settings":{"template":"highway","default_image_id":0,"font":"","enabled":false},"version":2}},"product_brand":[],"product_cat":[20],"product_tag":[260,41,548,43,538],"class_list":{"0":"post-14744","1":"product","2":"type-product","3":"status-publish","4":"has-post-thumbnail","6":"product_cat-batterie","7":"product_tag-ayotte","8":"product_tag-batterie","9":"product_tag-depot-vente-lyon","10":"product_tag-drums","11":"product_tag-magasin-de-musique-lyon","13":"entry","14":"has-media","16":"first","17":"outofstock","18":"shipping-taxable","19":"purchasable","20":"product-type-simple","21":"has-product-nav","22":"col","23":"span_1_of_3","24":"owp-content-center","25":"owp-thumbs-layout-horizontal","26":"owp-btn-normal","27":"owp-tabs-layout-horizontal"},"yoast_head":"<!-- This site is optimized with the Yoast SEO plugin v27.5 - https:\/\/yoast.com\/product\/yoast-seo-wordpress\/ -->\n<title>Ayotte Drumsmith 22&quot;x16&quot; 10&quot;x9&quot; 12&quot;x10&quot; 14&quot;x13&quot; - D\u00e9p\u00f4t Vente Batterie Percussion | Rimocc Lyon<\/title>\n<meta name=\"description\" content=\"Batterie Ayotte Drumsmith (22x16, 10x9, 12x10, 14x13) : Sonorit\u00e9s riches et qualit\u00e9 professionnelle pour batteurs exigeants. F\u00fbts \u00e9rable.\" \/>\n<meta name=\"robots\" content=\"index, follow, max-snippet:-1, max-image-preview:large, max-video-preview:-1\" \/>\n<link rel=\"canonical\" href=\"https:\/\/www.rimocc.com\/en\/product\/ayotte-drumsmith-22x16-10x9-12x10-14x13\/\" \/>\n<meta property=\"og:locale\" content=\"en_US\" \/>\n<meta property=\"og:type\" content=\"article\" \/>\n<meta property=\"og:title\" content=\"Ayotte Drumsmith 22&quot;x16&quot; 10&quot;x9&quot; 12&quot;x10&quot; 14&quot;x13&quot; - D\u00e9p\u00f4t Vente Batterie Percussion | Rimocc Lyon\" \/>\n<meta property=\"og:description\" content=\"Batterie Ayotte Drumsmith (22x16, 10x9, 12x10, 14x13) : Sonorit\u00e9s riches et qualit\u00e9 professionnelle pour batteurs exigeants. F\u00fbts \u00e9rable.\" \/>\n<meta property=\"og:url\" content=\"https:\/\/www.rimocc.com\/en\/product\/ayotte-drumsmith-22x16-10x9-12x10-14x13\/\" \/>\n<meta property=\"og:site_name\" content=\"D\u00e9p\u00f4t Vente Batterie Percussion | Rimocc Lyon\" \/>\n<meta property=\"article:publisher\" content=\"https:\/\/www.facebook.com\/rimocclyon\/?locale=fr_FR\" \/>\n<meta property=\"article:modified_time\" content=\"2025-07-15T15:30:00+00:00\" \/>\n<meta property=\"og:image\" content=\"https:\/\/www.rimocc.com\/wp-content\/uploads\/2025\/04\/Ayotte-Drumsmith-22_x16_-10_x9_-12_x10_-14_x13_-1.jpg\" \/>\n\t<meta property=\"og:image:width\" content=\"1920\" \/>\n\t<meta property=\"og:image:height\" content=\"1920\" \/>\n\t<meta property=\"og:image:type\" content=\"image\/jpeg\" \/>\n<meta name=\"twitter:card\" content=\"summary_large_image\" \/>\n<meta name=\"twitter:label1\" content=\"Est. reading time\" \/>\n\t<meta name=\"twitter:data1\" content=\"2 minutes\" \/>\n<script type=\"application\/ld+json\" class=\"yoast-schema-graph\">{\"@context\":\"https:\\\/\\\/schema.org\",\"@graph\":[{\"@type\":\"WebPage\",\"@id\":\"https:\\\/\\\/www.rimocc.com\\\/product\\\/ayotte-drumsmith-22x16-10x9-12x10-14x13\\\/\",\"url\":\"https:\\\/\\\/www.rimocc.com\\\/product\\\/ayotte-drumsmith-22x16-10x9-12x10-14x13\\\/\",\"name\":\"Ayotte Drumsmith 22\\\"x16\\\" 10\\\"x9\\\" 12\\\"x10\\\" 14\\\"x13\\\" - D\u00e9p\u00f4t Vente Batterie Percussion | Rimocc Lyon\",\"isPartOf\":{\"@id\":\"https:\\\/\\\/www.rimocc.com\\\/#website\"},\"primaryImageOfPage\":{\"@id\":\"https:\\\/\\\/www.rimocc.com\\\/product\\\/ayotte-drumsmith-22x16-10x9-12x10-14x13\\\/#primaryimage\"},\"image\":{\"@id\":\"https:\\\/\\\/www.rimocc.com\\\/product\\\/ayotte-drumsmith-22x16-10x9-12x10-14x13\\\/#primaryimage\"},\"thumbnailUrl\":\"https:\\\/\\\/www.rimocc.com\\\/wp-content\\\/uploads\\\/2025\\\/04\\\/Ayotte-Drumsmith-22_x16_-10_x9_-12_x10_-14_x13_-1.jpg\",\"datePublished\":\"2025-04-17T13:56:22+00:00\",\"dateModified\":\"2025-07-15T15:30:00+00:00\",\"description\":\"Batterie Ayotte Drumsmith (22x16, 10x9, 12x10, 14x13) : Sonorit\u00e9s riches et qualit\u00e9 professionnelle pour batteurs exigeants. F\u00fbts \u00e9rable.\",\"breadcrumb\":{\"@id\":\"https:\\\/\\\/www.rimocc.com\\\/product\\\/ayotte-drumsmith-22x16-10x9-12x10-14x13\\\/#breadcrumb\"},\"inLanguage\":\"en-US\",\"potentialAction\":[{\"@type\":\"ReadAction\",\"target\":[\"https:\\\/\\\/www.rimocc.com\\\/product\\\/ayotte-drumsmith-22x16-10x9-12x10-14x13\\\/\"]}]},{\"@type\":\"ImageObject\",\"inLanguage\":\"en-US\",\"@id\":\"https:\\\/\\\/www.rimocc.com\\\/product\\\/ayotte-drumsmith-22x16-10x9-12x10-14x13\\\/#primaryimage\",\"url\":\"https:\\\/\\\/www.rimocc.com\\\/wp-content\\\/uploads\\\/2025\\\/04\\\/Ayotte-Drumsmith-22_x16_-10_x9_-12_x10_-14_x13_-1.jpg\",\"contentUrl\":\"https:\\\/\\\/www.rimocc.com\\\/wp-content\\\/uploads\\\/2025\\\/04\\\/Ayotte-Drumsmith-22_x16_-10_x9_-12_x10_-14_x13_-1.jpg\",\"width\":1920,\"height\":1920,\"caption\":\"Ayotte Drumsmith 22\\\"x16\\\" 10\\\"x9\\\" 12\\\"x10\\\" 14\\\"x13\\\"\"},{\"@type\":\"BreadcrumbList\",\"@id\":\"https:\\\/\\\/www.rimocc.com\\\/product\\\/ayotte-drumsmith-22x16-10x9-12x10-14x13\\\/#breadcrumb\",\"itemListElement\":[{\"@type\":\"ListItem\",\"position\":1,\"name\":\"Home\",\"item\":\"https:\\\/\\\/www.rimocc.com\\\/\"},{\"@type\":\"ListItem\",\"position\":2,\"name\":\"Shop\",\"item\":\"https:\\\/\\\/www.rimocc.com\\\/shop\\\/\"},{\"@type\":\"ListItem\",\"position\":3,\"name\":\"Ayotte Drumsmith 22&#8243;x16&#8243; 10&#8243;x9&#8243; 12&#8243;x10&#8243; 14&#8243;x13&#8243;\"}]},{\"@type\":\"WebSite\",\"@id\":\"https:\\\/\\\/www.rimocc.com\\\/#website\",\"url\":\"https:\\\/\\\/www.rimocc.com\\\/\",\"name\":\"D\u00e9p\u00f4t Vente Batterie Percussion | Rimocc Lyon\",\"description\":\"Rimocc: l&#039;unique magasin d\u00e9di\u00e9 enti\u00e8rement \u00e0 la batterie, percussion d&#039;occasion et vintage \u00e0 Lyon, France\",\"publisher\":{\"@id\":\"https:\\\/\\\/www.rimocc.com\\\/#organization\"},\"alternateName\":\"Rimocc'\",\"potentialAction\":[{\"@type\":\"SearchAction\",\"target\":{\"@type\":\"EntryPoint\",\"urlTemplate\":\"https:\\\/\\\/www.rimocc.com\\\/?s={search_term_string}\"},\"query-input\":{\"@type\":\"PropertyValueSpecification\",\"valueRequired\":true,\"valueName\":\"search_term_string\"}}],\"inLanguage\":\"en-US\"},{\"@type\":\"Organization\",\"@id\":\"https:\\\/\\\/www.rimocc.com\\\/#organization\",\"name\":\"Rimocc'\",\"alternateName\":\"Rimocc\",\"url\":\"https:\\\/\\\/www.rimocc.com\\\/\",\"logo\":{\"@type\":\"ImageObject\",\"inLanguage\":\"en-US\",\"@id\":\"https:\\\/\\\/www.rimocc.com\\\/#\\\/schema\\\/logo\\\/image\\\/\",\"url\":\"https:\\\/\\\/i0.wp.com\\\/www.rimocc.com\\\/wp-content\\\/uploads\\\/2023\\\/07\\\/RIMOCC_LOGO.jpg?fit=459%2C114&ssl=1\",\"contentUrl\":\"https:\\\/\\\/i0.wp.com\\\/www.rimocc.com\\\/wp-content\\\/uploads\\\/2023\\\/07\\\/RIMOCC_LOGO.jpg?fit=459%2C114&ssl=1\",\"width\":459,\"height\":114,\"caption\":\"Rimocc'\"},\"image\":{\"@id\":\"https:\\\/\\\/www.rimocc.com\\\/#\\\/schema\\\/logo\\\/image\\\/\"},\"sameAs\":[\"https:\\\/\\\/www.facebook.com\\\/rimocclyon\\\/?locale=fr_FR\",\"https:\\\/\\\/www.instagram.com\\\/rimoccc\\\/?hl=fr\",\"https:\\\/\\\/www.tiktok.com\\\/@rimocc\",\"https:\\\/\\\/www.youtube.com\\\/@Rimocc\"]}]}<\/script>\n<!-- \/ Yoast SEO plugin. -->","yoast_head_json":{"title":"Ayotte Drumsmith 22\"x16\" 10\"x9\" 12\"x10\" 14\"x13\" - D\u00e9p\u00f4t Vente Batterie Percussion | Rimocc Lyon","description":"Batterie Ayotte Drumsmith (22x16, 10x9, 12x10, 14x13) : Sonorit\u00e9s riches et qualit\u00e9 professionnelle pour batteurs exigeants. F\u00fbts \u00e9rable.","robots":{"index":"index","follow":"follow","max-snippet":"max-snippet:-1","max-image-preview":"max-image-preview:large","max-video-preview":"max-video-preview:-1"},"canonical":"https:\/\/www.rimocc.com\/en\/product\/ayotte-drumsmith-22x16-10x9-12x10-14x13\/","og_locale":"en_US","og_type":"article","og_title":"Ayotte Drumsmith 22\"x16\" 10\"x9\" 12\"x10\" 14\"x13\" - D\u00e9p\u00f4t Vente Batterie Percussion | Rimocc Lyon","og_description":"Batterie Ayotte Drumsmith (22x16, 10x9, 12x10, 14x13) : Sonorit\u00e9s riches et qualit\u00e9 professionnelle pour batteurs exigeants. F\u00fbts \u00e9rable.","og_url":"https:\/\/www.rimocc.com\/en\/product\/ayotte-drumsmith-22x16-10x9-12x10-14x13\/","og_site_name":"D\u00e9p\u00f4t Vente Batterie Percussion | Rimocc Lyon","article_publisher":"https:\/\/www.facebook.com\/rimocclyon\/?locale=fr_FR","article_modified_time":"2025-07-15T15:30:00+00:00","og_image":[{"width":1920,"height":1920,"url":"https:\/\/www.rimocc.com\/wp-content\/uploads\/2025\/04\/Ayotte-Drumsmith-22_x16_-10_x9_-12_x10_-14_x13_-1.jpg","type":"image\/jpeg"}],"twitter_card":"summary_large_image","twitter_misc":{"Est. reading time":"2 minutes"},"schema":{"@context":"https:\/\/schema.org","@graph":[{"@type":"WebPage","@id":"https:\/\/www.rimocc.com\/product\/ayotte-drumsmith-22x16-10x9-12x10-14x13\/","url":"https:\/\/www.rimocc.com\/product\/ayotte-drumsmith-22x16-10x9-12x10-14x13\/","name":"Ayotte Drumsmith 22\"x16\" 10\"x9\" 12\"x10\" 14\"x13\" - D\u00e9p\u00f4t Vente Batterie Percussion | Rimocc Lyon","isPartOf":{"@id":"https:\/\/www.rimocc.com\/#website"},"primaryImageOfPage":{"@id":"https:\/\/www.rimocc.com\/product\/ayotte-drumsmith-22x16-10x9-12x10-14x13\/#primaryimage"},"image":{"@id":"https:\/\/www.rimocc.com\/product\/ayotte-drumsmith-22x16-10x9-12x10-14x13\/#primaryimage"},"thumbnailUrl":"https:\/\/www.rimocc.com\/wp-content\/uploads\/2025\/04\/Ayotte-Drumsmith-22_x16_-10_x9_-12_x10_-14_x13_-1.jpg","datePublished":"2025-04-17T13:56:22+00:00","dateModified":"2025-07-15T15:30:00+00:00","description":"Batterie Ayotte Drumsmith (22x16, 10x9, 12x10, 14x13) : Sonorit\u00e9s riches et qualit\u00e9 professionnelle pour batteurs exigeants. F\u00fbts \u00e9rable.","breadcrumb":{"@id":"https:\/\/www.rimocc.com\/product\/ayotte-drumsmith-22x16-10x9-12x10-14x13\/#breadcrumb"},"inLanguage":"en-US","potentialAction":[{"@type":"ReadAction","target":["https:\/\/www.rimocc.com\/product\/ayotte-drumsmith-22x16-10x9-12x10-14x13\/"]}]},{"@type":"ImageObject","inLanguage":"en-US","@id":"https:\/\/www.rimocc.com\/product\/ayotte-drumsmith-22x16-10x9-12x10-14x13\/#primaryimage","url":"https:\/\/www.rimocc.com\/wp-content\/uploads\/2025\/04\/Ayotte-Drumsmith-22_x16_-10_x9_-12_x10_-14_x13_-1.jpg","contentUrl":"https:\/\/www.rimocc.com\/wp-content\/uploads\/2025\/04\/Ayotte-Drumsmith-22_x16_-10_x9_-12_x10_-14_x13_-1.jpg","width":1920,"height":1920,"caption":"Ayotte Drumsmith 22\"x16\" 10\"x9\" 12\"x10\" 14\"x13\""},{"@type":"BreadcrumbList","@id":"https:\/\/www.rimocc.com\/product\/ayotte-drumsmith-22x16-10x9-12x10-14x13\/#breadcrumb","itemListElement":[{"@type":"ListItem","position":1,"name":"Home","item":"https:\/\/www.rimocc.com\/"},{"@type":"ListItem","position":2,"name":"Shop","item":"https:\/\/www.rimocc.com\/shop\/"},{"@type":"ListItem","position":3,"name":"Ayotte Drumsmith 22&#8243;x16&#8243; 10&#8243;x9&#8243; 12&#8243;x10&#8243; 14&#8243;x13&#8243;"}]},{"@type":"WebSite","@id":"https:\/\/www.rimocc.com\/#website","url":"https:\/\/www.rimocc.com\/","name":"D\u00e9p\u00f4t Vente Batterie Percussion | Rimocc Lyon","description":"Rimocc: l&#039;unique magasin d\u00e9di\u00e9 enti\u00e8rement \u00e0 la batterie, percussion d&#039;occasion et vintage \u00e0 Lyon, France","publisher":{"@id":"https:\/\/www.rimocc.com\/#organization"},"alternateName":"Rimocc'","potentialAction":[{"@type":"SearchAction","target":{"@type":"EntryPoint","urlTemplate":"https:\/\/www.rimocc.com\/?s={search_term_string}"},"query-input":{"@type":"PropertyValueSpecification","valueRequired":true,"valueName":"search_term_string"}}],"inLanguage":"en-US"},{"@type":"Organization","@id":"https:\/\/www.rimocc.com\/#organization","name":"Rimocc'","alternateName":"Rimocc","url":"https:\/\/www.rimocc.com\/","logo":{"@type":"ImageObject","inLanguage":"en-US","@id":"https:\/\/www.rimocc.com\/#\/schema\/logo\/image\/","url":"https:\/\/i0.wp.com\/www.rimocc.com\/wp-content\/uploads\/2023\/07\/RIMOCC_LOGO.jpg?fit=459%2C114&ssl=1","contentUrl":"https:\/\/i0.wp.com\/www.rimocc.com\/wp-content\/uploads\/2023\/07\/RIMOCC_LOGO.jpg?fit=459%2C114&ssl=1","width":459,"height":114,"caption":"Rimocc'"},"image":{"@id":"https:\/\/www.rimocc.com\/#\/schema\/logo\/image\/"},"sameAs":["https:\/\/www.facebook.com\/rimocclyon\/?locale=fr_FR","https:\/\/www.instagram.com\/rimoccc\/?hl=fr","https:\/\/www.tiktok.com\/@rimocc","https:\/\/www.youtube.com\/@Rimocc"]}]}},"jetpack_publicize_connections":[],"jetpack_sharing_enabled":true,"_links":{"self":[{"href":"https:\/\/www.rimocc.com\/en\/wp-json\/wp\/v2\/product\/14744","targetHints":{"allow":["GET"]}}],"collection":[{"href":"https:\/\/www.rimocc.com\/en\/wp-json\/wp\/v2\/product"}],"about":[{"href":"https:\/\/www.rimocc.com\/en\/wp-json\/wp\/v2\/types\/product"}],"replies":[{"embeddable":true,"href":"https:\/\/www.rimocc.com\/en\/wp-json\/wp\/v2\/comments?post=14744"}],"wp:featuredmedia":[{"embeddable":true,"href":"https:\/\/www.rimocc.com\/en\/wp-json\/wp\/v2\/media\/14735"}],"wp:attachment":[{"href":"https:\/\/www.rimocc.com\/en\/wp-json\/wp\/v2\/media?parent=14744"}],"wp:term":[{"taxonomy":"product_brand","embeddable":true,"href":"https:\/\/www.rimocc.com\/en\/wp-json\/wp\/v2\/product_brand?post=14744"},{"taxonomy":"product_cat","embeddable":true,"href":"https:\/\/www.rimocc.com\/en\/wp-json\/wp\/v2\/product_cat?post=14744"},{"taxonomy":"product_tag","embeddable":true,"href":"https:\/\/www.rimocc.com\/en\/wp-json\/wp\/v2\/product_tag?post=14744"}],"curies":[{"name":"wp","href":"https:\/\/api.w.org\/{rel}","templated":true}]}}