{"id":14685,"date":"2025-04-15T12:31:04","date_gmt":"2025-04-15T10:31:04","guid":{"rendered":"https:\/\/www.rimocc.com\/?post_type=product&#038;p=14685"},"modified":"2025-04-15T17:33:27","modified_gmt":"2025-04-15T15:33:27","slug":"sonor-phonic-rosewood-veneer-d516-14x65","status":"publish","type":"product","link":"https:\/\/www.rimocc.com\/en\/product\/sonor-phonic-rosewood-veneer-d516-14x65\/","title":{"rendered":"Sonor Phonic Rosewood Veneer D516 14&Prime;x6,5&Prime;"},"content":{"rendered":"<p>Sonor Phonic Rosewood Veneer D516 14&Prime;x6,5&Prime;<br \/>\nVintage 80&rsquo;s<br \/>\nTr\u00e8s bon \u00e9tat g\u00e9n\u00e9ral. Tout d&rsquo;origine sauf Timbre<br \/>\nA noter, quelques traces de frottement sur le f\u00fbt et 4 petites dentures sur les 2 lits de timbre caus\u00e9es par les anciennes ficelles de timbre, sans incidence, \u00e0 corriger si besoin.<br \/>\nLe caoutchouc du d\u00e9clencheur est fendu sur le dessus<br \/>\nEquip\u00e9e de peaux SD neuves top &amp; bottom<br \/>\nUne classique imparable !<\/p>\n<p>Cette caisse claire Sonor Phonic est un mod\u00e8le D516, caract\u00e9ris\u00e9 par ses dimensions de 14 pouces de diam\u00e8tre et 6,5 pouces de profondeur. Elle est issue de la c\u00e9l\u00e8bre s\u00e9rie Phonic de Sonor, produite dans les ann\u00e9es 80 et reconnue pour sa robustesse et sa qualit\u00e9 sonore.<\/p>\n<p>Le f\u00fbt de cette caisse claire est construit en h\u00eatre, un bois dense qui contribue \u00e0 un son riche et bien d\u00e9fini. La particularit\u00e9 de ce mod\u00e8le r\u00e9side dans son placage ext\u00e9rieur en palissandre (Rosewood Veneer), un bois noble qui lui conf\u00e8re une esth\u00e9tique \u00e9l\u00e9gante et chaleureuse, avec de belles variations de grain.<\/p>\n<p>Caract\u00e9ristiques principales :<\/p>\n<p>Marque : Sonor<br \/>\nS\u00e9rie : Phonic<br \/>\nMod\u00e8le : D516<br \/>\nDimensions : 14&Prime; (diam\u00e8tre) x 6,5&Prime; (profondeur)<br \/>\nF\u00fbt : H\u00eatre (multi-plis) avec placage ext\u00e9rieur en palissandre (Rosewood Veneer)<br \/>\nAccastillage : chrom\u00e9, typique de l&rsquo;\u00e9poque Phonic avec des coquilles massives et des tirants robustes.<br \/>\nSonorit\u00e9 : Offre un son puissant, chaleureux, avec une bonne projection et une sensibilit\u00e9 appr\u00e9ciable. Le palissandre ajoute une richesse et profondeur au timbre.<br \/>\nEsth\u00e9tique : Le placage en palissandre lui donne un aspect vintage luxueux et distinctif.<br \/>\nP\u00e9riode de production : Ann\u00e9es 1980<\/p>\n<p><a href=\"https:\/\/www.sonor.com\/\">https:\/\/www.sonor.com\/<\/a><br \/>\n<a href=\"https:\/\/www.rimocc.com\/en\/product-category\/caisse-claire\/\">https:\/\/www.rimocc.com\/product-category\/caisse-claire\/<\/a><\/p>\n<p class=\"responsive-video-wrap clr\"><iframe title=\"Sonor Phonic Rosewood Veneer 14x6,5 #snaredrum #drums #drummer #drummerlife #iconic #sonordrums\" width=\"1200\" height=\"675\" src=\"https:\/\/www.youtube.com\/embed\/FcJAHU7N02M?feature=oembed\" frameborder=\"0\" allow=\"accelerometer; autoplay; clipboard-write; encrypted-media; gyroscope; picture-in-picture; web-share\" referrerpolicy=\"strict-origin-when-cross-origin\" allowfullscreen><\/iframe><\/p>","protected":false},"excerpt":{"rendered":"<p>Sonor Phonic Rosewood Veneer D516 14&Prime;x6,5&Prime; Vintage 80&rsquo;s Tr\u00e8s bon \u00e9tat g\u00e9n\u00e9ral. Tout d&rsquo;origine sauf Timbre A noter, quelques traces de frottement sur le f\u00fbt et 4 petites dentures sur les 2 lits de timbre caus\u00e9es par les anciennes ficelles de timbre, sans incidence, \u00e0 corriger si besoin. Le caoutchouc du d\u00e9clencheur est fendu sur [&hellip;]<\/p>\n","protected":false},"featured_media":14682,"comment_status":"open","ping_status":"closed","template":"","meta":{"jetpack_publicize_message":"","jetpack_publicize_feature_enabled":true,"jetpack_social_post_already_shared":false,"jetpack_social_options":{"image_generator_settings":{"template":"highway","default_image_id":0,"font":"","enabled":false},"version":2}},"product_brand":[],"product_cat":[25],"product_tag":[63,548,538,252,67,408],"class_list":{"0":"post-14685","1":"product","2":"type-product","3":"status-publish","4":"has-post-thumbnail","6":"product_cat-caisse-claire","7":"product_tag-caisse-claire","8":"product_tag-depot-vente-lyon","9":"product_tag-magasin-de-musique-lyon","10":"product_tag-snare-drum","11":"product_tag-sonor","12":"product_tag-sonor-phonic","14":"entry","15":"has-media","17":"first","18":"outofstock","19":"shipping-taxable","20":"purchasable","21":"product-type-simple","22":"has-product-nav","23":"col","24":"span_1_of_3","25":"owp-content-center","26":"owp-thumbs-layout-horizontal","27":"owp-btn-normal","28":"owp-tabs-layout-horizontal"},"yoast_head":"<!-- This site is optimized with the Yoast SEO plugin v27.4 - https:\/\/yoast.com\/product\/yoast-seo-wordpress\/ -->\n<title>Sonor Phonic Rosewood Veneer D516 14&quot;x6,5&quot; - D\u00e9p\u00f4t Vente Batterie Percussion | Rimocc Lyon<\/title>\n<meta name=\"description\" content=\"Caisse claire vintage Sonor Phonic D516 14&quot;x6,5&quot; des ann\u00e9es 80. F\u00fbt h\u00eatre, placage palissandre. Son chaud et puissant, look vintage \u00e9l\u00e9gant.\" \/>\n<meta name=\"robots\" content=\"index, follow, max-snippet:-1, max-image-preview:large, max-video-preview:-1\" \/>\n<link rel=\"canonical\" href=\"https:\/\/www.rimocc.com\/en\/product\/sonor-phonic-rosewood-veneer-d516-14x65\/\" \/>\n<meta property=\"og:locale\" content=\"en_US\" \/>\n<meta property=\"og:type\" content=\"article\" \/>\n<meta property=\"og:title\" content=\"Sonor Phonic Rosewood Veneer D516 14&quot;x6,5&quot; - D\u00e9p\u00f4t Vente Batterie Percussion | Rimocc Lyon\" \/>\n<meta property=\"og:description\" content=\"Caisse claire vintage Sonor Phonic D516 14&quot;x6,5&quot; des ann\u00e9es 80. F\u00fbt h\u00eatre, placage palissandre. Son chaud et puissant, look vintage \u00e9l\u00e9gant.\" \/>\n<meta property=\"og:url\" content=\"https:\/\/www.rimocc.com\/en\/product\/sonor-phonic-rosewood-veneer-d516-14x65\/\" \/>\n<meta property=\"og:site_name\" content=\"D\u00e9p\u00f4t Vente Batterie Percussion | Rimocc Lyon\" \/>\n<meta property=\"article:publisher\" content=\"https:\/\/www.facebook.com\/rimocclyon\/?locale=fr_FR\" \/>\n<meta property=\"article:modified_time\" content=\"2025-04-15T15:33:27+00:00\" \/>\n<meta property=\"og:image\" content=\"https:\/\/www.rimocc.com\/wp-content\/uploads\/2025\/04\/Sonor-Phonic-Rosewood-Veneer-D516-14_x65_-1.jpg\" \/>\n\t<meta property=\"og:image:width\" content=\"1920\" \/>\n\t<meta property=\"og:image:height\" content=\"1920\" \/>\n\t<meta property=\"og:image:type\" content=\"image\/jpeg\" \/>\n<meta name=\"twitter:card\" content=\"summary_large_image\" \/>\n<meta name=\"twitter:label1\" content=\"Est. reading time\" \/>\n\t<meta name=\"twitter:data1\" content=\"2 minutes\" \/>\n<script type=\"application\/ld+json\" class=\"yoast-schema-graph\">{\"@context\":\"https:\\\/\\\/schema.org\",\"@graph\":[{\"@type\":\"WebPage\",\"@id\":\"https:\\\/\\\/www.rimocc.com\\\/product\\\/sonor-phonic-rosewood-veneer-d516-14x65\\\/\",\"url\":\"https:\\\/\\\/www.rimocc.com\\\/product\\\/sonor-phonic-rosewood-veneer-d516-14x65\\\/\",\"name\":\"Sonor Phonic Rosewood Veneer D516 14\\\"x6,5\\\" - D\u00e9p\u00f4t Vente Batterie Percussion | Rimocc Lyon\",\"isPartOf\":{\"@id\":\"https:\\\/\\\/www.rimocc.com\\\/#website\"},\"primaryImageOfPage\":{\"@id\":\"https:\\\/\\\/www.rimocc.com\\\/product\\\/sonor-phonic-rosewood-veneer-d516-14x65\\\/#primaryimage\"},\"image\":{\"@id\":\"https:\\\/\\\/www.rimocc.com\\\/product\\\/sonor-phonic-rosewood-veneer-d516-14x65\\\/#primaryimage\"},\"thumbnailUrl\":\"https:\\\/\\\/www.rimocc.com\\\/wp-content\\\/uploads\\\/2025\\\/04\\\/Sonor-Phonic-Rosewood-Veneer-D516-14_x65_-1.jpg\",\"datePublished\":\"2025-04-15T10:31:04+00:00\",\"dateModified\":\"2025-04-15T15:33:27+00:00\",\"description\":\"Caisse claire vintage Sonor Phonic D516 14\\\"x6,5\\\" des ann\u00e9es 80. F\u00fbt h\u00eatre, placage palissandre. Son chaud et puissant, look vintage \u00e9l\u00e9gant.\",\"breadcrumb\":{\"@id\":\"https:\\\/\\\/www.rimocc.com\\\/product\\\/sonor-phonic-rosewood-veneer-d516-14x65\\\/#breadcrumb\"},\"inLanguage\":\"en-US\",\"potentialAction\":[{\"@type\":\"ReadAction\",\"target\":[\"https:\\\/\\\/www.rimocc.com\\\/product\\\/sonor-phonic-rosewood-veneer-d516-14x65\\\/\"]}]},{\"@type\":\"ImageObject\",\"inLanguage\":\"en-US\",\"@id\":\"https:\\\/\\\/www.rimocc.com\\\/product\\\/sonor-phonic-rosewood-veneer-d516-14x65\\\/#primaryimage\",\"url\":\"https:\\\/\\\/www.rimocc.com\\\/wp-content\\\/uploads\\\/2025\\\/04\\\/Sonor-Phonic-Rosewood-Veneer-D516-14_x65_-1.jpg\",\"contentUrl\":\"https:\\\/\\\/www.rimocc.com\\\/wp-content\\\/uploads\\\/2025\\\/04\\\/Sonor-Phonic-Rosewood-Veneer-D516-14_x65_-1.jpg\",\"width\":1920,\"height\":1920,\"caption\":\"Sonor Phonic Rosewood Veneer D516 14\\\"x6,5\\\"\"},{\"@type\":\"BreadcrumbList\",\"@id\":\"https:\\\/\\\/www.rimocc.com\\\/product\\\/sonor-phonic-rosewood-veneer-d516-14x65\\\/#breadcrumb\",\"itemListElement\":[{\"@type\":\"ListItem\",\"position\":1,\"name\":\"Home\",\"item\":\"https:\\\/\\\/www.rimocc.com\\\/\"},{\"@type\":\"ListItem\",\"position\":2,\"name\":\"Shop\",\"item\":\"https:\\\/\\\/www.rimocc.com\\\/shop\\\/\"},{\"@type\":\"ListItem\",\"position\":3,\"name\":\"Sonor Phonic Rosewood Veneer D516 14&#8243;x6,5&#8243;\"}]},{\"@type\":\"WebSite\",\"@id\":\"https:\\\/\\\/www.rimocc.com\\\/#website\",\"url\":\"https:\\\/\\\/www.rimocc.com\\\/\",\"name\":\"D\u00e9p\u00f4t Vente Batterie Percussion | Rimocc Lyon\",\"description\":\"Rimocc: l&#039;unique magasin d\u00e9di\u00e9 enti\u00e8rement \u00e0 la batterie, percussion d&#039;occasion et vintage \u00e0 Lyon, France\",\"publisher\":{\"@id\":\"https:\\\/\\\/www.rimocc.com\\\/#organization\"},\"alternateName\":\"Rimocc'\",\"potentialAction\":[{\"@type\":\"SearchAction\",\"target\":{\"@type\":\"EntryPoint\",\"urlTemplate\":\"https:\\\/\\\/www.rimocc.com\\\/?s={search_term_string}\"},\"query-input\":{\"@type\":\"PropertyValueSpecification\",\"valueRequired\":true,\"valueName\":\"search_term_string\"}}],\"inLanguage\":\"en-US\"},{\"@type\":\"Organization\",\"@id\":\"https:\\\/\\\/www.rimocc.com\\\/#organization\",\"name\":\"Rimocc'\",\"alternateName\":\"Rimocc\",\"url\":\"https:\\\/\\\/www.rimocc.com\\\/\",\"logo\":{\"@type\":\"ImageObject\",\"inLanguage\":\"en-US\",\"@id\":\"https:\\\/\\\/www.rimocc.com\\\/#\\\/schema\\\/logo\\\/image\\\/\",\"url\":\"https:\\\/\\\/i0.wp.com\\\/www.rimocc.com\\\/wp-content\\\/uploads\\\/2023\\\/07\\\/RIMOCC_LOGO.jpg?fit=459%2C114&ssl=1\",\"contentUrl\":\"https:\\\/\\\/i0.wp.com\\\/www.rimocc.com\\\/wp-content\\\/uploads\\\/2023\\\/07\\\/RIMOCC_LOGO.jpg?fit=459%2C114&ssl=1\",\"width\":459,\"height\":114,\"caption\":\"Rimocc'\"},\"image\":{\"@id\":\"https:\\\/\\\/www.rimocc.com\\\/#\\\/schema\\\/logo\\\/image\\\/\"},\"sameAs\":[\"https:\\\/\\\/www.facebook.com\\\/rimocclyon\\\/?locale=fr_FR\",\"https:\\\/\\\/www.instagram.com\\\/rimoccc\\\/?hl=fr\",\"https:\\\/\\\/www.tiktok.com\\\/@rimocc\",\"https:\\\/\\\/www.youtube.com\\\/@Rimocc\"]}]}<\/script>\n<!-- \/ Yoast SEO plugin. -->","yoast_head_json":{"title":"Sonor Phonic Rosewood Veneer D516 14\"x6,5\" - D\u00e9p\u00f4t Vente Batterie Percussion | Rimocc Lyon","description":"Caisse claire vintage Sonor Phonic D516 14\"x6,5\" des ann\u00e9es 80. F\u00fbt h\u00eatre, placage palissandre. Son chaud et puissant, look vintage \u00e9l\u00e9gant.","robots":{"index":"index","follow":"follow","max-snippet":"max-snippet:-1","max-image-preview":"max-image-preview:large","max-video-preview":"max-video-preview:-1"},"canonical":"https:\/\/www.rimocc.com\/en\/product\/sonor-phonic-rosewood-veneer-d516-14x65\/","og_locale":"en_US","og_type":"article","og_title":"Sonor Phonic Rosewood Veneer D516 14\"x6,5\" - D\u00e9p\u00f4t Vente Batterie Percussion | Rimocc Lyon","og_description":"Caisse claire vintage Sonor Phonic D516 14\"x6,5\" des ann\u00e9es 80. F\u00fbt h\u00eatre, placage palissandre. Son chaud et puissant, look vintage \u00e9l\u00e9gant.","og_url":"https:\/\/www.rimocc.com\/en\/product\/sonor-phonic-rosewood-veneer-d516-14x65\/","og_site_name":"D\u00e9p\u00f4t Vente Batterie Percussion | Rimocc Lyon","article_publisher":"https:\/\/www.facebook.com\/rimocclyon\/?locale=fr_FR","article_modified_time":"2025-04-15T15:33:27+00:00","og_image":[{"width":1920,"height":1920,"url":"https:\/\/www.rimocc.com\/wp-content\/uploads\/2025\/04\/Sonor-Phonic-Rosewood-Veneer-D516-14_x65_-1.jpg","type":"image\/jpeg"}],"twitter_card":"summary_large_image","twitter_misc":{"Est. reading time":"2 minutes"},"schema":{"@context":"https:\/\/schema.org","@graph":[{"@type":"WebPage","@id":"https:\/\/www.rimocc.com\/product\/sonor-phonic-rosewood-veneer-d516-14x65\/","url":"https:\/\/www.rimocc.com\/product\/sonor-phonic-rosewood-veneer-d516-14x65\/","name":"Sonor Phonic Rosewood Veneer D516 14\"x6,5\" - D\u00e9p\u00f4t Vente Batterie Percussion | Rimocc Lyon","isPartOf":{"@id":"https:\/\/www.rimocc.com\/#website"},"primaryImageOfPage":{"@id":"https:\/\/www.rimocc.com\/product\/sonor-phonic-rosewood-veneer-d516-14x65\/#primaryimage"},"image":{"@id":"https:\/\/www.rimocc.com\/product\/sonor-phonic-rosewood-veneer-d516-14x65\/#primaryimage"},"thumbnailUrl":"https:\/\/www.rimocc.com\/wp-content\/uploads\/2025\/04\/Sonor-Phonic-Rosewood-Veneer-D516-14_x65_-1.jpg","datePublished":"2025-04-15T10:31:04+00:00","dateModified":"2025-04-15T15:33:27+00:00","description":"Caisse claire vintage Sonor Phonic D516 14\"x6,5\" des ann\u00e9es 80. F\u00fbt h\u00eatre, placage palissandre. Son chaud et puissant, look vintage \u00e9l\u00e9gant.","breadcrumb":{"@id":"https:\/\/www.rimocc.com\/product\/sonor-phonic-rosewood-veneer-d516-14x65\/#breadcrumb"},"inLanguage":"en-US","potentialAction":[{"@type":"ReadAction","target":["https:\/\/www.rimocc.com\/product\/sonor-phonic-rosewood-veneer-d516-14x65\/"]}]},{"@type":"ImageObject","inLanguage":"en-US","@id":"https:\/\/www.rimocc.com\/product\/sonor-phonic-rosewood-veneer-d516-14x65\/#primaryimage","url":"https:\/\/www.rimocc.com\/wp-content\/uploads\/2025\/04\/Sonor-Phonic-Rosewood-Veneer-D516-14_x65_-1.jpg","contentUrl":"https:\/\/www.rimocc.com\/wp-content\/uploads\/2025\/04\/Sonor-Phonic-Rosewood-Veneer-D516-14_x65_-1.jpg","width":1920,"height":1920,"caption":"Sonor Phonic Rosewood Veneer D516 14\"x6,5\""},{"@type":"BreadcrumbList","@id":"https:\/\/www.rimocc.com\/product\/sonor-phonic-rosewood-veneer-d516-14x65\/#breadcrumb","itemListElement":[{"@type":"ListItem","position":1,"name":"Home","item":"https:\/\/www.rimocc.com\/"},{"@type":"ListItem","position":2,"name":"Shop","item":"https:\/\/www.rimocc.com\/shop\/"},{"@type":"ListItem","position":3,"name":"Sonor Phonic Rosewood Veneer D516 14&#8243;x6,5&#8243;"}]},{"@type":"WebSite","@id":"https:\/\/www.rimocc.com\/#website","url":"https:\/\/www.rimocc.com\/","name":"D\u00e9p\u00f4t Vente Batterie Percussion | Rimocc Lyon","description":"Rimocc: l&#039;unique magasin d\u00e9di\u00e9 enti\u00e8rement \u00e0 la batterie, percussion d&#039;occasion et vintage \u00e0 Lyon, France","publisher":{"@id":"https:\/\/www.rimocc.com\/#organization"},"alternateName":"Rimocc'","potentialAction":[{"@type":"SearchAction","target":{"@type":"EntryPoint","urlTemplate":"https:\/\/www.rimocc.com\/?s={search_term_string}"},"query-input":{"@type":"PropertyValueSpecification","valueRequired":true,"valueName":"search_term_string"}}],"inLanguage":"en-US"},{"@type":"Organization","@id":"https:\/\/www.rimocc.com\/#organization","name":"Rimocc'","alternateName":"Rimocc","url":"https:\/\/www.rimocc.com\/","logo":{"@type":"ImageObject","inLanguage":"en-US","@id":"https:\/\/www.rimocc.com\/#\/schema\/logo\/image\/","url":"https:\/\/i0.wp.com\/www.rimocc.com\/wp-content\/uploads\/2023\/07\/RIMOCC_LOGO.jpg?fit=459%2C114&ssl=1","contentUrl":"https:\/\/i0.wp.com\/www.rimocc.com\/wp-content\/uploads\/2023\/07\/RIMOCC_LOGO.jpg?fit=459%2C114&ssl=1","width":459,"height":114,"caption":"Rimocc'"},"image":{"@id":"https:\/\/www.rimocc.com\/#\/schema\/logo\/image\/"},"sameAs":["https:\/\/www.facebook.com\/rimocclyon\/?locale=fr_FR","https:\/\/www.instagram.com\/rimoccc\/?hl=fr","https:\/\/www.tiktok.com\/@rimocc","https:\/\/www.youtube.com\/@Rimocc"]}]}},"jetpack_publicize_connections":[],"jetpack_sharing_enabled":true,"_links":{"self":[{"href":"https:\/\/www.rimocc.com\/en\/wp-json\/wp\/v2\/product\/14685","targetHints":{"allow":["GET"]}}],"collection":[{"href":"https:\/\/www.rimocc.com\/en\/wp-json\/wp\/v2\/product"}],"about":[{"href":"https:\/\/www.rimocc.com\/en\/wp-json\/wp\/v2\/types\/product"}],"replies":[{"embeddable":true,"href":"https:\/\/www.rimocc.com\/en\/wp-json\/wp\/v2\/comments?post=14685"}],"wp:featuredmedia":[{"embeddable":true,"href":"https:\/\/www.rimocc.com\/en\/wp-json\/wp\/v2\/media\/14682"}],"wp:attachment":[{"href":"https:\/\/www.rimocc.com\/en\/wp-json\/wp\/v2\/media?parent=14685"}],"wp:term":[{"taxonomy":"product_brand","embeddable":true,"href":"https:\/\/www.rimocc.com\/en\/wp-json\/wp\/v2\/product_brand?post=14685"},{"taxonomy":"product_cat","embeddable":true,"href":"https:\/\/www.rimocc.com\/en\/wp-json\/wp\/v2\/product_cat?post=14685"},{"taxonomy":"product_tag","embeddable":true,"href":"https:\/\/www.rimocc.com\/en\/wp-json\/wp\/v2\/product_tag?post=14685"}],"curies":[{"name":"wp","href":"https:\/\/api.w.org\/{rel}","templated":true}]}}