{"id":14650,"date":"2025-04-08T18:24:27","date_gmt":"2025-04-08T16:24:27","guid":{"rendered":"https:\/\/www.rimocc.com\/?post_type=product&#038;p=14650"},"modified":"2025-04-15T15:59:37","modified_gmt":"2025-04-15T13:59:37","slug":"millenium-octoban-set-complete-x4-pieds","status":"publish","type":"product","link":"https:\/\/www.rimocc.com\/en\/product\/millenium-octoban-set-complete-x4-pieds\/","title":{"rendered":"Millenium Octoban Set Complete X4 + Pieds"},"content":{"rendered":"<p>Millenium Octoban Set Complete X4 + Pieds<br \/>\n06&Prime;x08&Prime; 06&Prime;x10&Prime; 06&Prime;x12&Prime; 06&Prime;x14&Prime;<br \/>\nComme neufs (stickers millenium enlev\u00e9s)<br \/>\n2 pieds inclus<br \/>\n<strong>! Pas d&rsquo;envoi, \u00e0 r\u00e9cup\u00e9rer sur place . No international delivery, pick-up at the shop only !<\/strong><\/p>\n<p>Type: Ensemble de quatre octobans aigus<br \/>\nTailles: 6&Prime; x 8&Prime;, 6&Prime; x 10&Prime;, 6&Prime; x 12&Prime;, 6&Prime; x 14&Prime;<br \/>\nAccordables: Oui, chaque f\u00fbt peut \u00eatre accord\u00e9 individuellement pour produire diff\u00e9rentes hauteurs de son.<br \/>\nSupport: Inclut 2 spieds double embase robuste pour monter les quatre octobans.<br \/>\nHauteur du support: Hauteur maximale du support (bras de tom inclus) d&rsquo;environ 110 cm.<br \/>\nCouleur: Noir<br \/>\nSonorit\u00e9: Offre une gamme de sons percussifs aigus et per\u00e7ants, souvent utilis\u00e9s pour des accents rythmiques et des effets sonores.<br \/>\nUtilisation: Convient pour une utilisation comme extension d&rsquo;une batterie acoustique ou \u00e9lectronique, ou comme un set de percussions autonome.<\/p>\n<p>En r\u00e9sum\u00e9, le Millenium Octoban Set Complete X4 est un ensemble de quatre octobans de diff\u00e9rentes longueurs, mont\u00e9s sur un support double. Ils sont accordables et produisent des sons aigus distincts, ce qui en fait un ajout int\u00e9ressant pour les batteurs et percussionnistes cherchant \u00e0 \u00e9largir leur palette sonore.<\/p>\n<p><strong>! Pas d&rsquo;envoi, \u00e0 r\u00e9cup\u00e9rer sur place . No international delivery, pick-up at the shop only !<\/strong><\/p>\n<p><a href=\"https:\/\/www.rimocc.com\/en\/product-category\/toms\/\">https:\/\/www.rimocc.com\/product-category\/toms\/<\/a><\/p>\n<p class=\"responsive-video-wrap clr\"><iframe title=\"Octobans Millenium  #octoban  #drums #drummer  #drummerlife\" width=\"1200\" height=\"675\" src=\"https:\/\/www.youtube.com\/embed\/raYbzsI8LiU?feature=oembed\" frameborder=\"0\" allow=\"accelerometer; autoplay; clipboard-write; encrypted-media; gyroscope; picture-in-picture; web-share\" referrerpolicy=\"strict-origin-when-cross-origin\" allowfullscreen><\/iframe><\/p>","protected":false},"excerpt":{"rendered":"<p>Millenium Octoban Set Complete X4 + Pieds 06&Prime;x08&Prime; 06&Prime;x10&Prime; 06&Prime;x12&Prime; 06&Prime;x14&Prime; Comme neufs (stickers millenium enlev\u00e9s) 2 pieds inclus ! Pas d&rsquo;envoi, \u00e0 r\u00e9cup\u00e9rer sur place . No international delivery, pick-up at the shop only ! Type: Ensemble de quatre octobans aigus Tailles: 6&Prime; x 8&Prime;, 6&Prime; x 10&Prime;, 6&Prime; x 12&Prime;, 6&Prime; x 14&Prime; [&hellip;]<\/p>\n","protected":false},"featured_media":14649,"comment_status":"open","ping_status":"closed","template":"","meta":{"jetpack_publicize_message":"","jetpack_publicize_feature_enabled":true,"jetpack_social_post_already_shared":false,"jetpack_social_options":{"image_generator_settings":{"template":"highway","default_image_id":0,"font":"","enabled":false},"version":2}},"product_brand":[],"product_cat":[18],"product_tag":[548,538,627,132],"class_list":{"0":"post-14650","1":"product","2":"type-product","3":"status-publish","4":"has-post-thumbnail","6":"product_cat-toms","7":"product_tag-depot-vente-lyon","8":"product_tag-magasin-de-musique-lyon","9":"product_tag-millenium","10":"product_tag-octoban","12":"entry","13":"has-media","15":"first","16":"instock","17":"shipping-taxable","18":"purchasable","19":"product-type-simple","20":"has-product-nav","21":"col","22":"span_1_of_3","23":"owp-content-center","24":"owp-thumbs-layout-horizontal","25":"owp-btn-normal","26":"owp-tabs-layout-horizontal"},"yoast_head":"<!-- This site is optimized with the Yoast SEO plugin v27.4 - https:\/\/yoast.com\/product\/yoast-seo-wordpress\/ -->\n<title>Millenium Octoban Set Complete X4 + Pieds - D\u00e9p\u00f4t Vente Batterie Percussion | Rimocc Lyon<\/title>\n<meta name=\"description\" content=\"Le Millenium Octoban Set Complete X4 : ensemble de 4 octobans accordables (6&quot;x8&quot;, 6&quot;x10&quot;, 6&quot;x12&quot;, 6&quot;x14&quot;), id\u00e9al pour des accents percussifs aigus.\" \/>\n<meta name=\"robots\" content=\"index, follow, max-snippet:-1, max-image-preview:large, max-video-preview:-1\" \/>\n<link rel=\"canonical\" href=\"https:\/\/www.rimocc.com\/en\/product\/millenium-octoban-set-complete-x4-pieds\/\" \/>\n<meta property=\"og:locale\" content=\"en_US\" \/>\n<meta property=\"og:type\" content=\"article\" \/>\n<meta property=\"og:title\" content=\"Millenium Octoban Set Complete X4 + Pieds - D\u00e9p\u00f4t Vente Batterie Percussion | Rimocc Lyon\" \/>\n<meta property=\"og:description\" content=\"Le Millenium Octoban Set Complete X4 : ensemble de 4 octobans accordables (6&quot;x8&quot;, 6&quot;x10&quot;, 6&quot;x12&quot;, 6&quot;x14&quot;), id\u00e9al pour des accents percussifs aigus.\" \/>\n<meta property=\"og:url\" content=\"https:\/\/www.rimocc.com\/en\/product\/millenium-octoban-set-complete-x4-pieds\/\" \/>\n<meta property=\"og:site_name\" content=\"D\u00e9p\u00f4t Vente Batterie Percussion | Rimocc Lyon\" \/>\n<meta property=\"article:publisher\" content=\"https:\/\/www.facebook.com\/rimocclyon\/?locale=fr_FR\" \/>\n<meta property=\"article:modified_time\" content=\"2025-04-15T13:59:37+00:00\" \/>\n<meta property=\"og:image\" content=\"https:\/\/www.rimocc.com\/wp-content\/uploads\/2025\/04\/Millenium-Octoban-Set-Complete-X4-Pieds-1-1024x1024.jpg\" \/>\n\t<meta property=\"og:image:width\" content=\"1024\" \/>\n\t<meta property=\"og:image:height\" content=\"1024\" \/>\n\t<meta property=\"og:image:type\" content=\"image\/jpeg\" \/>\n<meta name=\"twitter:card\" content=\"summary_large_image\" \/>\n<meta name=\"twitter:label1\" content=\"Est. reading time\" \/>\n\t<meta name=\"twitter:data1\" content=\"2 minutes\" \/>\n<script type=\"application\/ld+json\" class=\"yoast-schema-graph\">{\"@context\":\"https:\\\/\\\/schema.org\",\"@graph\":[{\"@type\":\"WebPage\",\"@id\":\"https:\\\/\\\/www.rimocc.com\\\/product\\\/millenium-octoban-set-complete-x4-pieds\\\/\",\"url\":\"https:\\\/\\\/www.rimocc.com\\\/product\\\/millenium-octoban-set-complete-x4-pieds\\\/\",\"name\":\"Millenium Octoban Set Complete X4 + Pieds - D\u00e9p\u00f4t Vente Batterie Percussion | Rimocc Lyon\",\"isPartOf\":{\"@id\":\"https:\\\/\\\/www.rimocc.com\\\/#website\"},\"primaryImageOfPage\":{\"@id\":\"https:\\\/\\\/www.rimocc.com\\\/product\\\/millenium-octoban-set-complete-x4-pieds\\\/#primaryimage\"},\"image\":{\"@id\":\"https:\\\/\\\/www.rimocc.com\\\/product\\\/millenium-octoban-set-complete-x4-pieds\\\/#primaryimage\"},\"thumbnailUrl\":\"https:\\\/\\\/www.rimocc.com\\\/wp-content\\\/uploads\\\/2025\\\/04\\\/Millenium-Octoban-Set-Complete-X4-Pieds-1.jpg\",\"datePublished\":\"2025-04-08T16:24:27+00:00\",\"dateModified\":\"2025-04-15T13:59:37+00:00\",\"description\":\"Le Millenium Octoban Set Complete X4 : ensemble de 4 octobans accordables (6\\\"x8\\\", 6\\\"x10\\\", 6\\\"x12\\\", 6\\\"x14\\\"), id\u00e9al pour des accents percussifs aigus.\",\"breadcrumb\":{\"@id\":\"https:\\\/\\\/www.rimocc.com\\\/product\\\/millenium-octoban-set-complete-x4-pieds\\\/#breadcrumb\"},\"inLanguage\":\"en-US\",\"potentialAction\":[{\"@type\":\"ReadAction\",\"target\":[\"https:\\\/\\\/www.rimocc.com\\\/product\\\/millenium-octoban-set-complete-x4-pieds\\\/\"]}]},{\"@type\":\"ImageObject\",\"inLanguage\":\"en-US\",\"@id\":\"https:\\\/\\\/www.rimocc.com\\\/product\\\/millenium-octoban-set-complete-x4-pieds\\\/#primaryimage\",\"url\":\"https:\\\/\\\/www.rimocc.com\\\/wp-content\\\/uploads\\\/2025\\\/04\\\/Millenium-Octoban-Set-Complete-X4-Pieds-1.jpg\",\"contentUrl\":\"https:\\\/\\\/www.rimocc.com\\\/wp-content\\\/uploads\\\/2025\\\/04\\\/Millenium-Octoban-Set-Complete-X4-Pieds-1.jpg\",\"width\":1920,\"height\":1920,\"caption\":\"Millenium Octoban Set Complete X4 + Pieds\"},{\"@type\":\"BreadcrumbList\",\"@id\":\"https:\\\/\\\/www.rimocc.com\\\/product\\\/millenium-octoban-set-complete-x4-pieds\\\/#breadcrumb\",\"itemListElement\":[{\"@type\":\"ListItem\",\"position\":1,\"name\":\"Home\",\"item\":\"https:\\\/\\\/www.rimocc.com\\\/\"},{\"@type\":\"ListItem\",\"position\":2,\"name\":\"Shop\",\"item\":\"https:\\\/\\\/www.rimocc.com\\\/shop\\\/\"},{\"@type\":\"ListItem\",\"position\":3,\"name\":\"Millenium Octoban Set Complete X4 + Pieds\"}]},{\"@type\":\"WebSite\",\"@id\":\"https:\\\/\\\/www.rimocc.com\\\/#website\",\"url\":\"https:\\\/\\\/www.rimocc.com\\\/\",\"name\":\"D\u00e9p\u00f4t Vente Batterie Percussion | Rimocc Lyon\",\"description\":\"Rimocc: l&#039;unique magasin d\u00e9di\u00e9 enti\u00e8rement \u00e0 la batterie, percussion d&#039;occasion et vintage \u00e0 Lyon, France\",\"publisher\":{\"@id\":\"https:\\\/\\\/www.rimocc.com\\\/#organization\"},\"alternateName\":\"Rimocc'\",\"potentialAction\":[{\"@type\":\"SearchAction\",\"target\":{\"@type\":\"EntryPoint\",\"urlTemplate\":\"https:\\\/\\\/www.rimocc.com\\\/?s={search_term_string}\"},\"query-input\":{\"@type\":\"PropertyValueSpecification\",\"valueRequired\":true,\"valueName\":\"search_term_string\"}}],\"inLanguage\":\"en-US\"},{\"@type\":\"Organization\",\"@id\":\"https:\\\/\\\/www.rimocc.com\\\/#organization\",\"name\":\"Rimocc'\",\"alternateName\":\"Rimocc\",\"url\":\"https:\\\/\\\/www.rimocc.com\\\/\",\"logo\":{\"@type\":\"ImageObject\",\"inLanguage\":\"en-US\",\"@id\":\"https:\\\/\\\/www.rimocc.com\\\/#\\\/schema\\\/logo\\\/image\\\/\",\"url\":\"https:\\\/\\\/i0.wp.com\\\/www.rimocc.com\\\/wp-content\\\/uploads\\\/2023\\\/07\\\/RIMOCC_LOGO.jpg?fit=459%2C114&ssl=1\",\"contentUrl\":\"https:\\\/\\\/i0.wp.com\\\/www.rimocc.com\\\/wp-content\\\/uploads\\\/2023\\\/07\\\/RIMOCC_LOGO.jpg?fit=459%2C114&ssl=1\",\"width\":459,\"height\":114,\"caption\":\"Rimocc'\"},\"image\":{\"@id\":\"https:\\\/\\\/www.rimocc.com\\\/#\\\/schema\\\/logo\\\/image\\\/\"},\"sameAs\":[\"https:\\\/\\\/www.facebook.com\\\/rimocclyon\\\/?locale=fr_FR\",\"https:\\\/\\\/www.instagram.com\\\/rimoccc\\\/?hl=fr\",\"https:\\\/\\\/www.tiktok.com\\\/@rimocc\",\"https:\\\/\\\/www.youtube.com\\\/@Rimocc\"]}]}<\/script>\n<!-- \/ Yoast SEO plugin. -->","yoast_head_json":{"title":"Millenium Octoban Set Complete X4 + Pieds - D\u00e9p\u00f4t Vente Batterie Percussion | Rimocc Lyon","description":"Le Millenium Octoban Set Complete X4 : ensemble de 4 octobans accordables (6\"x8\", 6\"x10\", 6\"x12\", 6\"x14\"), id\u00e9al pour des accents percussifs aigus.","robots":{"index":"index","follow":"follow","max-snippet":"max-snippet:-1","max-image-preview":"max-image-preview:large","max-video-preview":"max-video-preview:-1"},"canonical":"https:\/\/www.rimocc.com\/en\/product\/millenium-octoban-set-complete-x4-pieds\/","og_locale":"en_US","og_type":"article","og_title":"Millenium Octoban Set Complete X4 + Pieds - D\u00e9p\u00f4t Vente Batterie Percussion | Rimocc Lyon","og_description":"Le Millenium Octoban Set Complete X4 : ensemble de 4 octobans accordables (6\"x8\", 6\"x10\", 6\"x12\", 6\"x14\"), id\u00e9al pour des accents percussifs aigus.","og_url":"https:\/\/www.rimocc.com\/en\/product\/millenium-octoban-set-complete-x4-pieds\/","og_site_name":"D\u00e9p\u00f4t Vente Batterie Percussion | Rimocc Lyon","article_publisher":"https:\/\/www.facebook.com\/rimocclyon\/?locale=fr_FR","article_modified_time":"2025-04-15T13:59:37+00:00","og_image":[{"width":1024,"height":1024,"url":"https:\/\/www.rimocc.com\/wp-content\/uploads\/2025\/04\/Millenium-Octoban-Set-Complete-X4-Pieds-1-1024x1024.jpg","type":"image\/jpeg"}],"twitter_card":"summary_large_image","twitter_misc":{"Est. reading time":"2 minutes"},"schema":{"@context":"https:\/\/schema.org","@graph":[{"@type":"WebPage","@id":"https:\/\/www.rimocc.com\/product\/millenium-octoban-set-complete-x4-pieds\/","url":"https:\/\/www.rimocc.com\/product\/millenium-octoban-set-complete-x4-pieds\/","name":"Millenium Octoban Set Complete X4 + Pieds - D\u00e9p\u00f4t Vente Batterie Percussion | Rimocc Lyon","isPartOf":{"@id":"https:\/\/www.rimocc.com\/#website"},"primaryImageOfPage":{"@id":"https:\/\/www.rimocc.com\/product\/millenium-octoban-set-complete-x4-pieds\/#primaryimage"},"image":{"@id":"https:\/\/www.rimocc.com\/product\/millenium-octoban-set-complete-x4-pieds\/#primaryimage"},"thumbnailUrl":"https:\/\/www.rimocc.com\/wp-content\/uploads\/2025\/04\/Millenium-Octoban-Set-Complete-X4-Pieds-1.jpg","datePublished":"2025-04-08T16:24:27+00:00","dateModified":"2025-04-15T13:59:37+00:00","description":"Le Millenium Octoban Set Complete X4 : ensemble de 4 octobans accordables (6\"x8\", 6\"x10\", 6\"x12\", 6\"x14\"), id\u00e9al pour des accents percussifs aigus.","breadcrumb":{"@id":"https:\/\/www.rimocc.com\/product\/millenium-octoban-set-complete-x4-pieds\/#breadcrumb"},"inLanguage":"en-US","potentialAction":[{"@type":"ReadAction","target":["https:\/\/www.rimocc.com\/product\/millenium-octoban-set-complete-x4-pieds\/"]}]},{"@type":"ImageObject","inLanguage":"en-US","@id":"https:\/\/www.rimocc.com\/product\/millenium-octoban-set-complete-x4-pieds\/#primaryimage","url":"https:\/\/www.rimocc.com\/wp-content\/uploads\/2025\/04\/Millenium-Octoban-Set-Complete-X4-Pieds-1.jpg","contentUrl":"https:\/\/www.rimocc.com\/wp-content\/uploads\/2025\/04\/Millenium-Octoban-Set-Complete-X4-Pieds-1.jpg","width":1920,"height":1920,"caption":"Millenium Octoban Set Complete X4 + Pieds"},{"@type":"BreadcrumbList","@id":"https:\/\/www.rimocc.com\/product\/millenium-octoban-set-complete-x4-pieds\/#breadcrumb","itemListElement":[{"@type":"ListItem","position":1,"name":"Home","item":"https:\/\/www.rimocc.com\/"},{"@type":"ListItem","position":2,"name":"Shop","item":"https:\/\/www.rimocc.com\/shop\/"},{"@type":"ListItem","position":3,"name":"Millenium Octoban Set Complete X4 + Pieds"}]},{"@type":"WebSite","@id":"https:\/\/www.rimocc.com\/#website","url":"https:\/\/www.rimocc.com\/","name":"D\u00e9p\u00f4t Vente Batterie Percussion | Rimocc Lyon","description":"Rimocc: l&#039;unique magasin d\u00e9di\u00e9 enti\u00e8rement \u00e0 la batterie, percussion d&#039;occasion et vintage \u00e0 Lyon, France","publisher":{"@id":"https:\/\/www.rimocc.com\/#organization"},"alternateName":"Rimocc'","potentialAction":[{"@type":"SearchAction","target":{"@type":"EntryPoint","urlTemplate":"https:\/\/www.rimocc.com\/?s={search_term_string}"},"query-input":{"@type":"PropertyValueSpecification","valueRequired":true,"valueName":"search_term_string"}}],"inLanguage":"en-US"},{"@type":"Organization","@id":"https:\/\/www.rimocc.com\/#organization","name":"Rimocc'","alternateName":"Rimocc","url":"https:\/\/www.rimocc.com\/","logo":{"@type":"ImageObject","inLanguage":"en-US","@id":"https:\/\/www.rimocc.com\/#\/schema\/logo\/image\/","url":"https:\/\/i0.wp.com\/www.rimocc.com\/wp-content\/uploads\/2023\/07\/RIMOCC_LOGO.jpg?fit=459%2C114&ssl=1","contentUrl":"https:\/\/i0.wp.com\/www.rimocc.com\/wp-content\/uploads\/2023\/07\/RIMOCC_LOGO.jpg?fit=459%2C114&ssl=1","width":459,"height":114,"caption":"Rimocc'"},"image":{"@id":"https:\/\/www.rimocc.com\/#\/schema\/logo\/image\/"},"sameAs":["https:\/\/www.facebook.com\/rimocclyon\/?locale=fr_FR","https:\/\/www.instagram.com\/rimoccc\/?hl=fr","https:\/\/www.tiktok.com\/@rimocc","https:\/\/www.youtube.com\/@Rimocc"]}]}},"jetpack_publicize_connections":[],"jetpack_sharing_enabled":true,"_links":{"self":[{"href":"https:\/\/www.rimocc.com\/en\/wp-json\/wp\/v2\/product\/14650","targetHints":{"allow":["GET"]}}],"collection":[{"href":"https:\/\/www.rimocc.com\/en\/wp-json\/wp\/v2\/product"}],"about":[{"href":"https:\/\/www.rimocc.com\/en\/wp-json\/wp\/v2\/types\/product"}],"replies":[{"embeddable":true,"href":"https:\/\/www.rimocc.com\/en\/wp-json\/wp\/v2\/comments?post=14650"}],"wp:featuredmedia":[{"embeddable":true,"href":"https:\/\/www.rimocc.com\/en\/wp-json\/wp\/v2\/media\/14649"}],"wp:attachment":[{"href":"https:\/\/www.rimocc.com\/en\/wp-json\/wp\/v2\/media?parent=14650"}],"wp:term":[{"taxonomy":"product_brand","embeddable":true,"href":"https:\/\/www.rimocc.com\/en\/wp-json\/wp\/v2\/product_brand?post=14650"},{"taxonomy":"product_cat","embeddable":true,"href":"https:\/\/www.rimocc.com\/en\/wp-json\/wp\/v2\/product_cat?post=14650"},{"taxonomy":"product_tag","embeddable":true,"href":"https:\/\/www.rimocc.com\/en\/wp-json\/wp\/v2\/product_tag?post=14650"}],"curies":[{"name":"wp","href":"https:\/\/api.w.org\/{rel}","templated":true}]}}