{"id":14643,"date":"2025-04-05T17:55:00","date_gmt":"2025-04-05T15:55:00","guid":{"rendered":"https:\/\/www.rimocc.com\/?post_type=product&#038;p=14643"},"modified":"2025-04-06T01:55:45","modified_gmt":"2025-04-05T23:55:45","slug":"tama-starclassic-maple-floor-tom-14x14-made-in-japan-antique-natural-burst","status":"publish","type":"product","link":"https:\/\/www.rimocc.com\/en\/product\/tama-starclassic-maple-floor-tom-14x14-made-in-japan-antique-natural-burst\/","title":{"rendered":"Tama Starclassic Maple Floor Tom 14&Prime;x14&Prime; Made in Japan Antique Natural Burst"},"content":{"rendered":"<p>Tama Starclassic Maple Floor Tom 14&Prime;x14&Prime; Made in Japan<br \/>\n1\u00e8re g\u00e9n\u00e9ration Antique Natural Burst<br \/>\nEtat comme neuf, tr\u00e8s peu jou\u00e9<br \/>\nLes fixation des pieds du tom bass ont \u00e9t\u00e9 chang\u00e9es par des plus r\u00e9centes<br \/>\nComplet avec pieds<br \/>\nRare tom basse Tama Starclassic Maple 14&Prime;x14&Prime;, fabriqu\u00e9 au Japon. L&rsquo;\u00e9rable de qualit\u00e9 sup\u00e9rieure, fa\u00e7onn\u00e9 avec une pr\u00e9cision japonaise, produit un son chaud et puissant. La finition Antique Natural Burst, unique et recherch\u00e9e, ajoute une touche d&rsquo;\u00e9l\u00e9gance vintage. Ce f\u00fbt repr\u00e9sente le meilleur de l&rsquo;\u00e9poque Starclassic, une pi\u00e8ce de collection pour les connaisseurs.<\/p>\n<p><em><strong>\u00ab\u00a0Enl\u00e8vement sur place privil\u00e9gi\u00e9 mais envoi possible seulement avec la s\u00e9lection livraison par La Poste Colissimo ! Ne pas s\u00e9lectionner Mondial Relay! \u00a0\u00bb<br \/>\nInternational order and delivery possible but only with La Poste Colissimo delivery selection ! Don&rsquo;t select Mondial Relay !\u00a0\u00bb<\/strong><\/em><\/p>\n<p><a href=\"https:\/\/www.tama.com\/eu\/\">https:\/\/www.tama.com\/eu\/<\/a><br \/>\n<a href=\"https:\/\/www.rimocc.com\/en\/product-category\/toms\/\">https:\/\/www.rimocc.com\/product-category\/toms\/<\/a><\/p>","protected":false},"excerpt":{"rendered":"<p>Tama Starclassic Maple Floor Tom 14&Prime;x14&Prime; Made in Japan 1\u00e8re g\u00e9n\u00e9ration Antique Natural Burst Etat comme neuf, tr\u00e8s peu jou\u00e9 Les fixation des pieds du tom bass ont \u00e9t\u00e9 chang\u00e9es par des plus r\u00e9centes Complet avec pieds Rare tom basse Tama Starclassic Maple 14&Prime;x14&Prime;, fabriqu\u00e9 au Japon. L&rsquo;\u00e9rable de qualit\u00e9 sup\u00e9rieure, fa\u00e7onn\u00e9 avec une pr\u00e9cision [&hellip;]<\/p>\n","protected":false},"featured_media":14633,"comment_status":"open","ping_status":"closed","template":"","meta":{"jetpack_publicize_message":"","jetpack_publicize_feature_enabled":true,"jetpack_social_post_already_shared":false,"jetpack_social_options":{"image_generator_settings":{"template":"highway","default_image_id":0,"font":"","enabled":false},"version":2}},"product_brand":[],"product_cat":[18],"product_tag":[548,538,58,350],"class_list":{"0":"post-14643","1":"product","2":"type-product","3":"status-publish","4":"has-post-thumbnail","6":"product_cat-toms","7":"product_tag-depot-vente-lyon","8":"product_tag-magasin-de-musique-lyon","9":"product_tag-tama","10":"product_tag-tama-starclassic","12":"entry","13":"has-media","15":"first","16":"outofstock","17":"shipping-taxable","18":"purchasable","19":"product-type-simple","20":"has-product-nav","21":"col","22":"span_1_of_3","23":"owp-content-center","24":"owp-thumbs-layout-horizontal","25":"owp-btn-normal","26":"owp-tabs-layout-horizontal"},"yoast_head":"<!-- This site is optimized with the Yoast SEO plugin v27.4 - https:\/\/yoast.com\/product\/yoast-seo-wordpress\/ -->\n<title>Tama Starclassic Maple Floor Tom 14&quot;x14&quot; Made in Japan Antique Natural Burst - D\u00e9p\u00f4t Vente Batterie Percussion | Rimocc Lyon<\/title>\n<meta name=\"description\" content=\"Tom basse Tama Starclassic Maple 14&quot;x14&quot; Antique Natural Burst, fabrication japonaise. Son exceptionnel, qualit\u00e9 sup\u00e9rieure.\" \/>\n<meta name=\"robots\" content=\"index, follow, max-snippet:-1, max-image-preview:large, max-video-preview:-1\" \/>\n<link rel=\"canonical\" href=\"https:\/\/www.rimocc.com\/en\/product\/tama-starclassic-maple-floor-tom-14x14-made-in-japan-antique-natural-burst\/\" \/>\n<meta property=\"og:locale\" content=\"en_US\" \/>\n<meta property=\"og:type\" content=\"article\" \/>\n<meta property=\"og:title\" content=\"Tama Starclassic Maple Floor Tom 14&quot;x14&quot; Made in Japan Antique Natural Burst - D\u00e9p\u00f4t Vente Batterie Percussion | Rimocc Lyon\" \/>\n<meta property=\"og:description\" content=\"Tom basse Tama Starclassic Maple 14&quot;x14&quot; Antique Natural Burst, fabrication japonaise. Son exceptionnel, qualit\u00e9 sup\u00e9rieure.\" \/>\n<meta property=\"og:url\" content=\"https:\/\/www.rimocc.com\/en\/product\/tama-starclassic-maple-floor-tom-14x14-made-in-japan-antique-natural-burst\/\" \/>\n<meta property=\"og:site_name\" content=\"D\u00e9p\u00f4t Vente Batterie Percussion | Rimocc Lyon\" \/>\n<meta property=\"article:publisher\" content=\"https:\/\/www.facebook.com\/rimocclyon\/?locale=fr_FR\" \/>\n<meta property=\"article:modified_time\" content=\"2025-04-05T23:55:45+00:00\" \/>\n<meta property=\"og:image\" content=\"https:\/\/www.rimocc.com\/wp-content\/uploads\/2025\/04\/Tama-Starclassic-Maple-Floor-Tom-14_x14_-Antique-Natural-Burst-1.jpg\" \/>\n\t<meta property=\"og:image:width\" content=\"1920\" \/>\n\t<meta property=\"og:image:height\" content=\"1920\" \/>\n\t<meta property=\"og:image:type\" content=\"image\/jpeg\" \/>\n<meta name=\"twitter:card\" content=\"summary_large_image\" \/>\n<meta name=\"twitter:label1\" content=\"Est. reading time\" \/>\n\t<meta name=\"twitter:data1\" content=\"1 minute\" \/>\n<script type=\"application\/ld+json\" class=\"yoast-schema-graph\">{\"@context\":\"https:\\\/\\\/schema.org\",\"@graph\":[{\"@type\":\"WebPage\",\"@id\":\"https:\\\/\\\/www.rimocc.com\\\/product\\\/tama-starclassic-maple-floor-tom-14x14-made-in-japan-antique-natural-burst\\\/\",\"url\":\"https:\\\/\\\/www.rimocc.com\\\/product\\\/tama-starclassic-maple-floor-tom-14x14-made-in-japan-antique-natural-burst\\\/\",\"name\":\"Tama Starclassic Maple Floor Tom 14\\\"x14\\\" Made in Japan Antique Natural Burst - D\u00e9p\u00f4t Vente Batterie Percussion | Rimocc Lyon\",\"isPartOf\":{\"@id\":\"https:\\\/\\\/www.rimocc.com\\\/#website\"},\"primaryImageOfPage\":{\"@id\":\"https:\\\/\\\/www.rimocc.com\\\/product\\\/tama-starclassic-maple-floor-tom-14x14-made-in-japan-antique-natural-burst\\\/#primaryimage\"},\"image\":{\"@id\":\"https:\\\/\\\/www.rimocc.com\\\/product\\\/tama-starclassic-maple-floor-tom-14x14-made-in-japan-antique-natural-burst\\\/#primaryimage\"},\"thumbnailUrl\":\"https:\\\/\\\/www.rimocc.com\\\/wp-content\\\/uploads\\\/2025\\\/04\\\/Tama-Starclassic-Maple-Floor-Tom-14_x14_-Antique-Natural-Burst-1.jpg\",\"datePublished\":\"2025-04-05T15:55:00+00:00\",\"dateModified\":\"2025-04-05T23:55:45+00:00\",\"description\":\"Tom basse Tama Starclassic Maple 14\\\"x14\\\" Antique Natural Burst, fabrication japonaise. Son exceptionnel, qualit\u00e9 sup\u00e9rieure.\",\"breadcrumb\":{\"@id\":\"https:\\\/\\\/www.rimocc.com\\\/product\\\/tama-starclassic-maple-floor-tom-14x14-made-in-japan-antique-natural-burst\\\/#breadcrumb\"},\"inLanguage\":\"en-US\",\"potentialAction\":[{\"@type\":\"ReadAction\",\"target\":[\"https:\\\/\\\/www.rimocc.com\\\/product\\\/tama-starclassic-maple-floor-tom-14x14-made-in-japan-antique-natural-burst\\\/\"]}]},{\"@type\":\"ImageObject\",\"inLanguage\":\"en-US\",\"@id\":\"https:\\\/\\\/www.rimocc.com\\\/product\\\/tama-starclassic-maple-floor-tom-14x14-made-in-japan-antique-natural-burst\\\/#primaryimage\",\"url\":\"https:\\\/\\\/www.rimocc.com\\\/wp-content\\\/uploads\\\/2025\\\/04\\\/Tama-Starclassic-Maple-Floor-Tom-14_x14_-Antique-Natural-Burst-1.jpg\",\"contentUrl\":\"https:\\\/\\\/www.rimocc.com\\\/wp-content\\\/uploads\\\/2025\\\/04\\\/Tama-Starclassic-Maple-Floor-Tom-14_x14_-Antique-Natural-Burst-1.jpg\",\"width\":1920,\"height\":1920},{\"@type\":\"BreadcrumbList\",\"@id\":\"https:\\\/\\\/www.rimocc.com\\\/product\\\/tama-starclassic-maple-floor-tom-14x14-made-in-japan-antique-natural-burst\\\/#breadcrumb\",\"itemListElement\":[{\"@type\":\"ListItem\",\"position\":1,\"name\":\"Home\",\"item\":\"https:\\\/\\\/www.rimocc.com\\\/\"},{\"@type\":\"ListItem\",\"position\":2,\"name\":\"Shop\",\"item\":\"https:\\\/\\\/www.rimocc.com\\\/shop\\\/\"},{\"@type\":\"ListItem\",\"position\":3,\"name\":\"Tama Starclassic Maple Floor Tom 14&#8243;x14&#8243; Made in Japan Antique Natural Burst\"}]},{\"@type\":\"WebSite\",\"@id\":\"https:\\\/\\\/www.rimocc.com\\\/#website\",\"url\":\"https:\\\/\\\/www.rimocc.com\\\/\",\"name\":\"D\u00e9p\u00f4t Vente Batterie Percussion | Rimocc Lyon\",\"description\":\"Rimocc: l&#039;unique magasin d\u00e9di\u00e9 enti\u00e8rement \u00e0 la batterie, percussion d&#039;occasion et vintage \u00e0 Lyon, France\",\"publisher\":{\"@id\":\"https:\\\/\\\/www.rimocc.com\\\/#organization\"},\"alternateName\":\"Rimocc'\",\"potentialAction\":[{\"@type\":\"SearchAction\",\"target\":{\"@type\":\"EntryPoint\",\"urlTemplate\":\"https:\\\/\\\/www.rimocc.com\\\/?s={search_term_string}\"},\"query-input\":{\"@type\":\"PropertyValueSpecification\",\"valueRequired\":true,\"valueName\":\"search_term_string\"}}],\"inLanguage\":\"en-US\"},{\"@type\":\"Organization\",\"@id\":\"https:\\\/\\\/www.rimocc.com\\\/#organization\",\"name\":\"Rimocc'\",\"alternateName\":\"Rimocc\",\"url\":\"https:\\\/\\\/www.rimocc.com\\\/\",\"logo\":{\"@type\":\"ImageObject\",\"inLanguage\":\"en-US\",\"@id\":\"https:\\\/\\\/www.rimocc.com\\\/#\\\/schema\\\/logo\\\/image\\\/\",\"url\":\"https:\\\/\\\/i0.wp.com\\\/www.rimocc.com\\\/wp-content\\\/uploads\\\/2023\\\/07\\\/RIMOCC_LOGO.jpg?fit=459%2C114&ssl=1\",\"contentUrl\":\"https:\\\/\\\/i0.wp.com\\\/www.rimocc.com\\\/wp-content\\\/uploads\\\/2023\\\/07\\\/RIMOCC_LOGO.jpg?fit=459%2C114&ssl=1\",\"width\":459,\"height\":114,\"caption\":\"Rimocc'\"},\"image\":{\"@id\":\"https:\\\/\\\/www.rimocc.com\\\/#\\\/schema\\\/logo\\\/image\\\/\"},\"sameAs\":[\"https:\\\/\\\/www.facebook.com\\\/rimocclyon\\\/?locale=fr_FR\",\"https:\\\/\\\/www.instagram.com\\\/rimoccc\\\/?hl=fr\",\"https:\\\/\\\/www.tiktok.com\\\/@rimocc\",\"https:\\\/\\\/www.youtube.com\\\/@Rimocc\"]}]}<\/script>\n<!-- \/ Yoast SEO plugin. -->","yoast_head_json":{"title":"Tama Starclassic Maple Floor Tom 14\"x14\" Made in Japan Antique Natural Burst - D\u00e9p\u00f4t Vente Batterie Percussion | Rimocc Lyon","description":"Tom basse Tama Starclassic Maple 14\"x14\" Antique Natural Burst, fabrication japonaise. Son exceptionnel, qualit\u00e9 sup\u00e9rieure.","robots":{"index":"index","follow":"follow","max-snippet":"max-snippet:-1","max-image-preview":"max-image-preview:large","max-video-preview":"max-video-preview:-1"},"canonical":"https:\/\/www.rimocc.com\/en\/product\/tama-starclassic-maple-floor-tom-14x14-made-in-japan-antique-natural-burst\/","og_locale":"en_US","og_type":"article","og_title":"Tama Starclassic Maple Floor Tom 14\"x14\" Made in Japan Antique Natural Burst - D\u00e9p\u00f4t Vente Batterie Percussion | Rimocc Lyon","og_description":"Tom basse Tama Starclassic Maple 14\"x14\" Antique Natural Burst, fabrication japonaise. Son exceptionnel, qualit\u00e9 sup\u00e9rieure.","og_url":"https:\/\/www.rimocc.com\/en\/product\/tama-starclassic-maple-floor-tom-14x14-made-in-japan-antique-natural-burst\/","og_site_name":"D\u00e9p\u00f4t Vente Batterie Percussion | Rimocc Lyon","article_publisher":"https:\/\/www.facebook.com\/rimocclyon\/?locale=fr_FR","article_modified_time":"2025-04-05T23:55:45+00:00","og_image":[{"width":1920,"height":1920,"url":"https:\/\/www.rimocc.com\/wp-content\/uploads\/2025\/04\/Tama-Starclassic-Maple-Floor-Tom-14_x14_-Antique-Natural-Burst-1.jpg","type":"image\/jpeg"}],"twitter_card":"summary_large_image","twitter_misc":{"Est. reading time":"1 minute"},"schema":{"@context":"https:\/\/schema.org","@graph":[{"@type":"WebPage","@id":"https:\/\/www.rimocc.com\/product\/tama-starclassic-maple-floor-tom-14x14-made-in-japan-antique-natural-burst\/","url":"https:\/\/www.rimocc.com\/product\/tama-starclassic-maple-floor-tom-14x14-made-in-japan-antique-natural-burst\/","name":"Tama Starclassic Maple Floor Tom 14\"x14\" Made in Japan Antique Natural Burst - D\u00e9p\u00f4t Vente Batterie Percussion | Rimocc Lyon","isPartOf":{"@id":"https:\/\/www.rimocc.com\/#website"},"primaryImageOfPage":{"@id":"https:\/\/www.rimocc.com\/product\/tama-starclassic-maple-floor-tom-14x14-made-in-japan-antique-natural-burst\/#primaryimage"},"image":{"@id":"https:\/\/www.rimocc.com\/product\/tama-starclassic-maple-floor-tom-14x14-made-in-japan-antique-natural-burst\/#primaryimage"},"thumbnailUrl":"https:\/\/www.rimocc.com\/wp-content\/uploads\/2025\/04\/Tama-Starclassic-Maple-Floor-Tom-14_x14_-Antique-Natural-Burst-1.jpg","datePublished":"2025-04-05T15:55:00+00:00","dateModified":"2025-04-05T23:55:45+00:00","description":"Tom basse Tama Starclassic Maple 14\"x14\" Antique Natural Burst, fabrication japonaise. Son exceptionnel, qualit\u00e9 sup\u00e9rieure.","breadcrumb":{"@id":"https:\/\/www.rimocc.com\/product\/tama-starclassic-maple-floor-tom-14x14-made-in-japan-antique-natural-burst\/#breadcrumb"},"inLanguage":"en-US","potentialAction":[{"@type":"ReadAction","target":["https:\/\/www.rimocc.com\/product\/tama-starclassic-maple-floor-tom-14x14-made-in-japan-antique-natural-burst\/"]}]},{"@type":"ImageObject","inLanguage":"en-US","@id":"https:\/\/www.rimocc.com\/product\/tama-starclassic-maple-floor-tom-14x14-made-in-japan-antique-natural-burst\/#primaryimage","url":"https:\/\/www.rimocc.com\/wp-content\/uploads\/2025\/04\/Tama-Starclassic-Maple-Floor-Tom-14_x14_-Antique-Natural-Burst-1.jpg","contentUrl":"https:\/\/www.rimocc.com\/wp-content\/uploads\/2025\/04\/Tama-Starclassic-Maple-Floor-Tom-14_x14_-Antique-Natural-Burst-1.jpg","width":1920,"height":1920},{"@type":"BreadcrumbList","@id":"https:\/\/www.rimocc.com\/product\/tama-starclassic-maple-floor-tom-14x14-made-in-japan-antique-natural-burst\/#breadcrumb","itemListElement":[{"@type":"ListItem","position":1,"name":"Home","item":"https:\/\/www.rimocc.com\/"},{"@type":"ListItem","position":2,"name":"Shop","item":"https:\/\/www.rimocc.com\/shop\/"},{"@type":"ListItem","position":3,"name":"Tama Starclassic Maple Floor Tom 14&#8243;x14&#8243; Made in Japan Antique Natural Burst"}]},{"@type":"WebSite","@id":"https:\/\/www.rimocc.com\/#website","url":"https:\/\/www.rimocc.com\/","name":"D\u00e9p\u00f4t Vente Batterie Percussion | Rimocc Lyon","description":"Rimocc: l&#039;unique magasin d\u00e9di\u00e9 enti\u00e8rement \u00e0 la batterie, percussion d&#039;occasion et vintage \u00e0 Lyon, France","publisher":{"@id":"https:\/\/www.rimocc.com\/#organization"},"alternateName":"Rimocc'","potentialAction":[{"@type":"SearchAction","target":{"@type":"EntryPoint","urlTemplate":"https:\/\/www.rimocc.com\/?s={search_term_string}"},"query-input":{"@type":"PropertyValueSpecification","valueRequired":true,"valueName":"search_term_string"}}],"inLanguage":"en-US"},{"@type":"Organization","@id":"https:\/\/www.rimocc.com\/#organization","name":"Rimocc'","alternateName":"Rimocc","url":"https:\/\/www.rimocc.com\/","logo":{"@type":"ImageObject","inLanguage":"en-US","@id":"https:\/\/www.rimocc.com\/#\/schema\/logo\/image\/","url":"https:\/\/i0.wp.com\/www.rimocc.com\/wp-content\/uploads\/2023\/07\/RIMOCC_LOGO.jpg?fit=459%2C114&ssl=1","contentUrl":"https:\/\/i0.wp.com\/www.rimocc.com\/wp-content\/uploads\/2023\/07\/RIMOCC_LOGO.jpg?fit=459%2C114&ssl=1","width":459,"height":114,"caption":"Rimocc'"},"image":{"@id":"https:\/\/www.rimocc.com\/#\/schema\/logo\/image\/"},"sameAs":["https:\/\/www.facebook.com\/rimocclyon\/?locale=fr_FR","https:\/\/www.instagram.com\/rimoccc\/?hl=fr","https:\/\/www.tiktok.com\/@rimocc","https:\/\/www.youtube.com\/@Rimocc"]}]}},"jetpack_publicize_connections":[],"jetpack_sharing_enabled":true,"_links":{"self":[{"href":"https:\/\/www.rimocc.com\/en\/wp-json\/wp\/v2\/product\/14643","targetHints":{"allow":["GET"]}}],"collection":[{"href":"https:\/\/www.rimocc.com\/en\/wp-json\/wp\/v2\/product"}],"about":[{"href":"https:\/\/www.rimocc.com\/en\/wp-json\/wp\/v2\/types\/product"}],"replies":[{"embeddable":true,"href":"https:\/\/www.rimocc.com\/en\/wp-json\/wp\/v2\/comments?post=14643"}],"wp:featuredmedia":[{"embeddable":true,"href":"https:\/\/www.rimocc.com\/en\/wp-json\/wp\/v2\/media\/14633"}],"wp:attachment":[{"href":"https:\/\/www.rimocc.com\/en\/wp-json\/wp\/v2\/media?parent=14643"}],"wp:term":[{"taxonomy":"product_brand","embeddable":true,"href":"https:\/\/www.rimocc.com\/en\/wp-json\/wp\/v2\/product_brand?post=14643"},{"taxonomy":"product_cat","embeddable":true,"href":"https:\/\/www.rimocc.com\/en\/wp-json\/wp\/v2\/product_cat?post=14643"},{"taxonomy":"product_tag","embeddable":true,"href":"https:\/\/www.rimocc.com\/en\/wp-json\/wp\/v2\/product_tag?post=14643"}],"curies":[{"name":"wp","href":"https:\/\/api.w.org\/{rel}","templated":true}]}}