{"id":14617,"date":"2025-04-02T16:47:25","date_gmt":"2025-04-02T14:47:25","guid":{"rendered":"https:\/\/www.rimocc.com\/?post_type=product&#038;p=14617"},"modified":"2025-05-09T12:52:08","modified_gmt":"2025-05-09T10:52:08","slug":"asba-14x5-cob-vintage","status":"publish","type":"product","link":"https:\/\/www.rimocc.com\/en\/product\/asba-14x5-cob-vintage\/","title":{"rendered":"Asba 14&Prime;x5&Prime; COB Vintage"},"content":{"rendered":"<p>Asba 14&Prime;x5&Prime; COB Vintage<br \/>\nBon \u00e9tat g\u00e9n\u00e9ral, \u00e0 nettoyer en profondeur. Caisse claire classique aux sonorit\u00e9s d&rsquo;exception<br \/>\nCompl\u00e8te et toute d&rsquo;origine<br \/>\nA noter, il manque un brin sur le timbre d&rsquo;origine Asba Gold<br \/>\nEquip\u00e9e de peaux neuves SD, top &amp; bottom<\/p>\n<p>L&rsquo;histoire des batteries ASBA est riche et complexe, marqu\u00e9e par des p\u00e9riodes de succ\u00e8s, de difficult\u00e9s, et de renaissance.<\/p>\n<p>Origines et d\u00e9buts (1927-1940)<\/p>\n<p>Fond\u00e9e en 1927 par Alfred et Simone Boudard, l&rsquo;entreprise ASBA (Alfred &amp; Simone Boudard Accessoires) d\u00e9bute son activit\u00e9 en fabriquant des accessoires pour instruments de musique : stands, pupitres, embouchures de trompette, et instruments de bruitage.<br \/>\nL&rsquo;entreprise s&rsquo;\u00e9tablit en banlieue parisienne, \u00e0 Limeil-Br\u00e9vannes.<\/p>\n<p>Apr\u00e8s-guerre et d\u00e9veloppement (1947-1983)<\/p>\n<p>Apr\u00e8s l&rsquo;interruption due \u00e0 la Seconde Guerre mondiale, l&rsquo;activit\u00e9 reprend en 1947. ASBA \u00e9largit sa production aux instruments de percussion, notamment des timbales et des bongos, tr\u00e8s populaires dans les ann\u00e9es 1950.<br \/>\nLa premi\u00e8re batterie ASBA, le mod\u00e8le Be Bop, est brevet\u00e9e en 1948. La m\u00eame ann\u00e9e, Alfred Boudard cr\u00e9e la caisse claire \u00ab r\u00e9v\u00e9lation \u00bb, qui rencontre un grand succ\u00e8s.<br \/>\nDans les ann\u00e9es 1950 et 1960, ASBA devient une marque de r\u00e9f\u00e9rence en France, appr\u00e9ci\u00e9e des batteurs de jazz et de vari\u00e9t\u00e9.<br \/>\nL&rsquo;entreprise innove avec des mat\u00e9riaux comme le polyester, l&rsquo;altuglass et l&rsquo;acier, produisant des batteries aux sonorit\u00e9s et aux designs originaux.<br \/>\nLa collaboration avec des batteurs renomm\u00e9s, comme Daniel Humair, contribue \u00e0 la notori\u00e9t\u00e9 de la marque.<br \/>\nEn 1983, l&rsquo;entreprise ASBA ferme ses portes.<\/p>\n<p>Renaissance (depuis 2016)<\/p>\n<p>En 2016, la marque ASBA est relanc\u00e9e.<br \/>\nL&rsquo;entreprise se concentre sur la fabrication de batteries de haute qualit\u00e9, en conservant l&rsquo;esprit et le savoir-faire traditionnels d&rsquo;ASBA, tout en int\u00e9grant des innovations modernes.<br \/>\nEn 2023, L\u2019entreprise rencontre de nouvelles difficult\u00e9s et les employ\u00e9s reprennent la marque.<\/p>\n<p>Caract\u00e9ristiques et h\u00e9ritage<\/p>\n<p>ASBA est reconnue pour la qualit\u00e9 de ses f\u00fbts, de son accastillage et de ses finitions.<br \/>\nLa marque a marqu\u00e9 l&rsquo;histoire de la batterie en France, avec des mod\u00e8les embl\u00e9matiques et des innovations marquantes.<br \/>\nAujourd&rsquo;hui, ASBA continue de produire des batteries haut de gamme, appr\u00e9ci\u00e9es des batteurs professionnels et amateurs exigeants.<\/p>\n<p>En r\u00e9sum\u00e9, ASBA est une marque fran\u00e7aise embl\u00e9matique de batteries, avec une histoire riche et une r\u00e9putation de qualit\u00e9 et d&rsquo;innovation.<\/p>\n<p><a href=\"https:\/\/www.asbadrums.com\/\">https:\/\/www.asbadrums.com\/<\/a><br \/>\n<a href=\"https:\/\/www.rimocc.com\/en\/product-category\/caisse-claire\/\">https:\/\/www.rimocc.com\/product-category\/caisse-claire\/<\/a><\/p>\n<p class=\"responsive-video-wrap clr\"><iframe title=\"Asba 14x5 #asba #snaredrum #drums #drummer #drummerlife #rimoccc  #iconic #madeinfrance\" width=\"1200\" height=\"675\" src=\"https:\/\/www.youtube.com\/embed\/ZuHa15MdlHE?feature=oembed\" frameborder=\"0\" allow=\"accelerometer; autoplay; clipboard-write; encrypted-media; gyroscope; picture-in-picture; web-share\" referrerpolicy=\"strict-origin-when-cross-origin\" allowfullscreen><\/iframe><\/p>","protected":false},"excerpt":{"rendered":"<p>Asba 14&Prime;x5&Prime; COB Vintage Bon \u00e9tat g\u00e9n\u00e9ral, \u00e0 nettoyer en profondeur. Caisse claire classique aux sonorit\u00e9s d&rsquo;exception Compl\u00e8te et toute d&rsquo;origine A noter, il manque un brin sur le timbre d&rsquo;origine Asba Gold Equip\u00e9e de peaux neuves SD, top &amp; bottom L&rsquo;histoire des batteries ASBA est riche et complexe, marqu\u00e9e par des p\u00e9riodes de succ\u00e8s, [&hellip;]<\/p>\n","protected":false},"featured_media":14616,"comment_status":"open","ping_status":"closed","template":"","meta":{"jetpack_publicize_message":"","jetpack_publicize_feature_enabled":true,"jetpack_social_post_already_shared":false,"jetpack_social_options":{"image_generator_settings":{"template":"highway","default_image_id":0,"font":"","enabled":false},"version":2}},"product_brand":[],"product_cat":[25],"product_tag":[84,63,548,538,252],"class_list":{"0":"post-14617","1":"product","2":"type-product","3":"status-publish","4":"has-post-thumbnail","6":"product_cat-caisse-claire","7":"product_tag-asba","8":"product_tag-caisse-claire","9":"product_tag-depot-vente-lyon","10":"product_tag-magasin-de-musique-lyon","11":"product_tag-snare-drum","13":"entry","14":"has-media","16":"first","17":"outofstock","18":"shipping-taxable","19":"purchasable","20":"product-type-simple","21":"has-product-nav","22":"col","23":"span_1_of_3","24":"owp-content-center","25":"owp-thumbs-layout-horizontal","26":"owp-btn-normal","27":"owp-tabs-layout-horizontal"},"yoast_head":"<!-- This site is optimized with the Yoast SEO plugin v27.4 - https:\/\/yoast.com\/product\/yoast-seo-wordpress\/ -->\n<title>Asba 14&quot;x5&quot; COB Vintage - D\u00e9p\u00f4t Vente Batterie Percussion | Rimocc Lyon<\/title>\n<meta name=\"description\" content=\"La ASBA &quot;Cob Over Brass&quot; 14x5 vintage est une caisse claire de qualit\u00e9 sup\u00e9rieure, offrant une sonorit\u00e9 riche et polyvalente.\" \/>\n<meta name=\"robots\" content=\"index, follow, max-snippet:-1, max-image-preview:large, max-video-preview:-1\" \/>\n<link rel=\"canonical\" href=\"https:\/\/www.rimocc.com\/en\/product\/asba-14x5-cob-vintage\/\" \/>\n<meta property=\"og:locale\" content=\"en_US\" \/>\n<meta property=\"og:type\" content=\"article\" \/>\n<meta property=\"og:title\" content=\"Asba 14&quot;x5&quot; COB Vintage - D\u00e9p\u00f4t Vente Batterie Percussion | Rimocc Lyon\" \/>\n<meta property=\"og:description\" content=\"La ASBA &quot;Cob Over Brass&quot; 14x5 vintage est une caisse claire de qualit\u00e9 sup\u00e9rieure, offrant une sonorit\u00e9 riche et polyvalente.\" \/>\n<meta property=\"og:url\" content=\"https:\/\/www.rimocc.com\/en\/product\/asba-14x5-cob-vintage\/\" \/>\n<meta property=\"og:site_name\" content=\"D\u00e9p\u00f4t Vente Batterie Percussion | Rimocc Lyon\" \/>\n<meta property=\"article:publisher\" content=\"https:\/\/www.facebook.com\/rimocclyon\/?locale=fr_FR\" \/>\n<meta property=\"article:modified_time\" content=\"2025-05-09T10:52:08+00:00\" \/>\n<meta property=\"og:image\" content=\"https:\/\/www.rimocc.com\/wp-content\/uploads\/2025\/04\/Asba-14_x5_-COB-Vintage-1.jpg\" \/>\n\t<meta property=\"og:image:width\" content=\"1920\" \/>\n\t<meta property=\"og:image:height\" content=\"1920\" \/>\n\t<meta property=\"og:image:type\" content=\"image\/jpeg\" \/>\n<meta name=\"twitter:card\" content=\"summary_large_image\" \/>\n<meta name=\"twitter:label1\" content=\"Est. reading time\" \/>\n\t<meta name=\"twitter:data1\" content=\"2 minutes\" \/>\n<script type=\"application\/ld+json\" class=\"yoast-schema-graph\">{\"@context\":\"https:\\\/\\\/schema.org\",\"@graph\":[{\"@type\":\"WebPage\",\"@id\":\"https:\\\/\\\/www.rimocc.com\\\/product\\\/asba-14x5-cob-vintage\\\/\",\"url\":\"https:\\\/\\\/www.rimocc.com\\\/product\\\/asba-14x5-cob-vintage\\\/\",\"name\":\"Asba 14\\\"x5\\\" COB Vintage - D\u00e9p\u00f4t Vente Batterie Percussion | Rimocc Lyon\",\"isPartOf\":{\"@id\":\"https:\\\/\\\/www.rimocc.com\\\/#website\"},\"primaryImageOfPage\":{\"@id\":\"https:\\\/\\\/www.rimocc.com\\\/product\\\/asba-14x5-cob-vintage\\\/#primaryimage\"},\"image\":{\"@id\":\"https:\\\/\\\/www.rimocc.com\\\/product\\\/asba-14x5-cob-vintage\\\/#primaryimage\"},\"thumbnailUrl\":\"https:\\\/\\\/www.rimocc.com\\\/wp-content\\\/uploads\\\/2025\\\/04\\\/Asba-14_x5_-COB-Vintage-1.jpg\",\"datePublished\":\"2025-04-02T14:47:25+00:00\",\"dateModified\":\"2025-05-09T10:52:08+00:00\",\"description\":\"La ASBA \\\"Cob Over Brass\\\" 14x5 vintage est une caisse claire de qualit\u00e9 sup\u00e9rieure, offrant une sonorit\u00e9 riche et polyvalente.\",\"breadcrumb\":{\"@id\":\"https:\\\/\\\/www.rimocc.com\\\/product\\\/asba-14x5-cob-vintage\\\/#breadcrumb\"},\"inLanguage\":\"en-US\",\"potentialAction\":[{\"@type\":\"ReadAction\",\"target\":[\"https:\\\/\\\/www.rimocc.com\\\/product\\\/asba-14x5-cob-vintage\\\/\"]}]},{\"@type\":\"ImageObject\",\"inLanguage\":\"en-US\",\"@id\":\"https:\\\/\\\/www.rimocc.com\\\/product\\\/asba-14x5-cob-vintage\\\/#primaryimage\",\"url\":\"https:\\\/\\\/www.rimocc.com\\\/wp-content\\\/uploads\\\/2025\\\/04\\\/Asba-14_x5_-COB-Vintage-1.jpg\",\"contentUrl\":\"https:\\\/\\\/www.rimocc.com\\\/wp-content\\\/uploads\\\/2025\\\/04\\\/Asba-14_x5_-COB-Vintage-1.jpg\",\"width\":1920,\"height\":1920,\"caption\":\"Asba 14\\\"x5\\\" COB Vintage\"},{\"@type\":\"BreadcrumbList\",\"@id\":\"https:\\\/\\\/www.rimocc.com\\\/product\\\/asba-14x5-cob-vintage\\\/#breadcrumb\",\"itemListElement\":[{\"@type\":\"ListItem\",\"position\":1,\"name\":\"Home\",\"item\":\"https:\\\/\\\/www.rimocc.com\\\/\"},{\"@type\":\"ListItem\",\"position\":2,\"name\":\"Shop\",\"item\":\"https:\\\/\\\/www.rimocc.com\\\/shop\\\/\"},{\"@type\":\"ListItem\",\"position\":3,\"name\":\"Asba 14&#8243;x5&#8243; COB Vintage\"}]},{\"@type\":\"WebSite\",\"@id\":\"https:\\\/\\\/www.rimocc.com\\\/#website\",\"url\":\"https:\\\/\\\/www.rimocc.com\\\/\",\"name\":\"D\u00e9p\u00f4t Vente Batterie Percussion | Rimocc Lyon\",\"description\":\"Rimocc: l&#039;unique magasin d\u00e9di\u00e9 enti\u00e8rement \u00e0 la batterie, percussion d&#039;occasion et vintage \u00e0 Lyon, France\",\"publisher\":{\"@id\":\"https:\\\/\\\/www.rimocc.com\\\/#organization\"},\"alternateName\":\"Rimocc'\",\"potentialAction\":[{\"@type\":\"SearchAction\",\"target\":{\"@type\":\"EntryPoint\",\"urlTemplate\":\"https:\\\/\\\/www.rimocc.com\\\/?s={search_term_string}\"},\"query-input\":{\"@type\":\"PropertyValueSpecification\",\"valueRequired\":true,\"valueName\":\"search_term_string\"}}],\"inLanguage\":\"en-US\"},{\"@type\":\"Organization\",\"@id\":\"https:\\\/\\\/www.rimocc.com\\\/#organization\",\"name\":\"Rimocc'\",\"alternateName\":\"Rimocc\",\"url\":\"https:\\\/\\\/www.rimocc.com\\\/\",\"logo\":{\"@type\":\"ImageObject\",\"inLanguage\":\"en-US\",\"@id\":\"https:\\\/\\\/www.rimocc.com\\\/#\\\/schema\\\/logo\\\/image\\\/\",\"url\":\"https:\\\/\\\/i0.wp.com\\\/www.rimocc.com\\\/wp-content\\\/uploads\\\/2023\\\/07\\\/RIMOCC_LOGO.jpg?fit=459%2C114&ssl=1\",\"contentUrl\":\"https:\\\/\\\/i0.wp.com\\\/www.rimocc.com\\\/wp-content\\\/uploads\\\/2023\\\/07\\\/RIMOCC_LOGO.jpg?fit=459%2C114&ssl=1\",\"width\":459,\"height\":114,\"caption\":\"Rimocc'\"},\"image\":{\"@id\":\"https:\\\/\\\/www.rimocc.com\\\/#\\\/schema\\\/logo\\\/image\\\/\"},\"sameAs\":[\"https:\\\/\\\/www.facebook.com\\\/rimocclyon\\\/?locale=fr_FR\",\"https:\\\/\\\/www.instagram.com\\\/rimoccc\\\/?hl=fr\",\"https:\\\/\\\/www.tiktok.com\\\/@rimocc\",\"https:\\\/\\\/www.youtube.com\\\/@Rimocc\"]}]}<\/script>\n<!-- \/ Yoast SEO plugin. -->","yoast_head_json":{"title":"Asba 14\"x5\" COB Vintage - D\u00e9p\u00f4t Vente Batterie Percussion | Rimocc Lyon","description":"La ASBA \"Cob Over Brass\" 14x5 vintage est une caisse claire de qualit\u00e9 sup\u00e9rieure, offrant une sonorit\u00e9 riche et polyvalente.","robots":{"index":"index","follow":"follow","max-snippet":"max-snippet:-1","max-image-preview":"max-image-preview:large","max-video-preview":"max-video-preview:-1"},"canonical":"https:\/\/www.rimocc.com\/en\/product\/asba-14x5-cob-vintage\/","og_locale":"en_US","og_type":"article","og_title":"Asba 14\"x5\" COB Vintage - D\u00e9p\u00f4t Vente Batterie Percussion | Rimocc Lyon","og_description":"La ASBA \"Cob Over Brass\" 14x5 vintage est une caisse claire de qualit\u00e9 sup\u00e9rieure, offrant une sonorit\u00e9 riche et polyvalente.","og_url":"https:\/\/www.rimocc.com\/en\/product\/asba-14x5-cob-vintage\/","og_site_name":"D\u00e9p\u00f4t Vente Batterie Percussion | Rimocc Lyon","article_publisher":"https:\/\/www.facebook.com\/rimocclyon\/?locale=fr_FR","article_modified_time":"2025-05-09T10:52:08+00:00","og_image":[{"width":1920,"height":1920,"url":"https:\/\/www.rimocc.com\/wp-content\/uploads\/2025\/04\/Asba-14_x5_-COB-Vintage-1.jpg","type":"image\/jpeg"}],"twitter_card":"summary_large_image","twitter_misc":{"Est. reading time":"2 minutes"},"schema":{"@context":"https:\/\/schema.org","@graph":[{"@type":"WebPage","@id":"https:\/\/www.rimocc.com\/product\/asba-14x5-cob-vintage\/","url":"https:\/\/www.rimocc.com\/product\/asba-14x5-cob-vintage\/","name":"Asba 14\"x5\" COB Vintage - D\u00e9p\u00f4t Vente Batterie Percussion | Rimocc Lyon","isPartOf":{"@id":"https:\/\/www.rimocc.com\/#website"},"primaryImageOfPage":{"@id":"https:\/\/www.rimocc.com\/product\/asba-14x5-cob-vintage\/#primaryimage"},"image":{"@id":"https:\/\/www.rimocc.com\/product\/asba-14x5-cob-vintage\/#primaryimage"},"thumbnailUrl":"https:\/\/www.rimocc.com\/wp-content\/uploads\/2025\/04\/Asba-14_x5_-COB-Vintage-1.jpg","datePublished":"2025-04-02T14:47:25+00:00","dateModified":"2025-05-09T10:52:08+00:00","description":"La ASBA \"Cob Over Brass\" 14x5 vintage est une caisse claire de qualit\u00e9 sup\u00e9rieure, offrant une sonorit\u00e9 riche et polyvalente.","breadcrumb":{"@id":"https:\/\/www.rimocc.com\/product\/asba-14x5-cob-vintage\/#breadcrumb"},"inLanguage":"en-US","potentialAction":[{"@type":"ReadAction","target":["https:\/\/www.rimocc.com\/product\/asba-14x5-cob-vintage\/"]}]},{"@type":"ImageObject","inLanguage":"en-US","@id":"https:\/\/www.rimocc.com\/product\/asba-14x5-cob-vintage\/#primaryimage","url":"https:\/\/www.rimocc.com\/wp-content\/uploads\/2025\/04\/Asba-14_x5_-COB-Vintage-1.jpg","contentUrl":"https:\/\/www.rimocc.com\/wp-content\/uploads\/2025\/04\/Asba-14_x5_-COB-Vintage-1.jpg","width":1920,"height":1920,"caption":"Asba 14\"x5\" COB Vintage"},{"@type":"BreadcrumbList","@id":"https:\/\/www.rimocc.com\/product\/asba-14x5-cob-vintage\/#breadcrumb","itemListElement":[{"@type":"ListItem","position":1,"name":"Home","item":"https:\/\/www.rimocc.com\/"},{"@type":"ListItem","position":2,"name":"Shop","item":"https:\/\/www.rimocc.com\/shop\/"},{"@type":"ListItem","position":3,"name":"Asba 14&#8243;x5&#8243; COB Vintage"}]},{"@type":"WebSite","@id":"https:\/\/www.rimocc.com\/#website","url":"https:\/\/www.rimocc.com\/","name":"D\u00e9p\u00f4t Vente Batterie Percussion | Rimocc Lyon","description":"Rimocc: l&#039;unique magasin d\u00e9di\u00e9 enti\u00e8rement \u00e0 la batterie, percussion d&#039;occasion et vintage \u00e0 Lyon, France","publisher":{"@id":"https:\/\/www.rimocc.com\/#organization"},"alternateName":"Rimocc'","potentialAction":[{"@type":"SearchAction","target":{"@type":"EntryPoint","urlTemplate":"https:\/\/www.rimocc.com\/?s={search_term_string}"},"query-input":{"@type":"PropertyValueSpecification","valueRequired":true,"valueName":"search_term_string"}}],"inLanguage":"en-US"},{"@type":"Organization","@id":"https:\/\/www.rimocc.com\/#organization","name":"Rimocc'","alternateName":"Rimocc","url":"https:\/\/www.rimocc.com\/","logo":{"@type":"ImageObject","inLanguage":"en-US","@id":"https:\/\/www.rimocc.com\/#\/schema\/logo\/image\/","url":"https:\/\/i0.wp.com\/www.rimocc.com\/wp-content\/uploads\/2023\/07\/RIMOCC_LOGO.jpg?fit=459%2C114&ssl=1","contentUrl":"https:\/\/i0.wp.com\/www.rimocc.com\/wp-content\/uploads\/2023\/07\/RIMOCC_LOGO.jpg?fit=459%2C114&ssl=1","width":459,"height":114,"caption":"Rimocc'"},"image":{"@id":"https:\/\/www.rimocc.com\/#\/schema\/logo\/image\/"},"sameAs":["https:\/\/www.facebook.com\/rimocclyon\/?locale=fr_FR","https:\/\/www.instagram.com\/rimoccc\/?hl=fr","https:\/\/www.tiktok.com\/@rimocc","https:\/\/www.youtube.com\/@Rimocc"]}]}},"jetpack_publicize_connections":[],"jetpack_sharing_enabled":true,"_links":{"self":[{"href":"https:\/\/www.rimocc.com\/en\/wp-json\/wp\/v2\/product\/14617","targetHints":{"allow":["GET"]}}],"collection":[{"href":"https:\/\/www.rimocc.com\/en\/wp-json\/wp\/v2\/product"}],"about":[{"href":"https:\/\/www.rimocc.com\/en\/wp-json\/wp\/v2\/types\/product"}],"replies":[{"embeddable":true,"href":"https:\/\/www.rimocc.com\/en\/wp-json\/wp\/v2\/comments?post=14617"}],"wp:featuredmedia":[{"embeddable":true,"href":"https:\/\/www.rimocc.com\/en\/wp-json\/wp\/v2\/media\/14616"}],"wp:attachment":[{"href":"https:\/\/www.rimocc.com\/en\/wp-json\/wp\/v2\/media?parent=14617"}],"wp:term":[{"taxonomy":"product_brand","embeddable":true,"href":"https:\/\/www.rimocc.com\/en\/wp-json\/wp\/v2\/product_brand?post=14617"},{"taxonomy":"product_cat","embeddable":true,"href":"https:\/\/www.rimocc.com\/en\/wp-json\/wp\/v2\/product_cat?post=14617"},{"taxonomy":"product_tag","embeddable":true,"href":"https:\/\/www.rimocc.com\/en\/wp-json\/wp\/v2\/product_tag?post=14617"}],"curies":[{"name":"wp","href":"https:\/\/api.w.org\/{rel}","templated":true}]}}