{"id":14581,"date":"2025-03-29T15:03:44","date_gmt":"2025-03-29T14:03:44","guid":{"rendered":"https:\/\/www.rimocc.com\/?post_type=product&#038;p=14581"},"modified":"2025-09-07T08:51:22","modified_gmt":"2025-09-07T06:51:22","slug":"pearl-p1030-pedale-grosse-caisse","status":"publish","type":"product","link":"https:\/\/www.rimocc.com\/en\/product\/pearl-p1030-pedale-grosse-caisse\/","title":{"rendered":"Pearl P1030 P\u00e9dale Grosse Caisse"},"content":{"rendered":"<p>Pearl P1030 P\u00e9dale Grosse Caisse<br \/>\nEliminator Solo Black<br \/>\nTr\u00e8s bon \u00e9tat g\u00e9n\u00e9ral<\/p>\n<p>La sensation uniforme et l\u00e9g\u00e8rement lest\u00e9e de la came noire offre juste la bonne r\u00e9sistance sans ralentir le coup &#8211; pour une puissance accrue et moins de fatigue musculaire.<\/p>\n<p>Caract\u00e9ristiques :<br \/>\n&#8211; Batte double face feutre\/plastique<br \/>\n&#8211; Ressorts \u00ab\u00a0Click-Lock\u00a0\u00bb et roulements sans friction<br \/>\n&#8211; Syst\u00e8me Powershifter offrant 3 r\u00e9glages possibles (souple, moyen et ferme) ayant chacun une incidence sur l&rsquo;angle de la cha\u00eene<br \/>\n&#8211; M\u00e2choire brevet\u00e9e avec acc\u00e8s sur le c\u00f4t\u00e9<\/p>\n<p><a href=\"https:\/\/pearldrum.com\/eu\/products\/drum-pedals\">https:\/\/pearldrum.com\/eu\/products\/drum-pedals<\/a><br \/>\n<a href=\"https:\/\/www.rimocc.com\/en\/product-category\/pedales\/\">https:\/\/www.rimocc.com\/product-category\/pedales\/<\/a><\/p>\n<p>&nbsp;<\/p>","protected":false},"excerpt":{"rendered":"<p>Pearl P1030 P\u00e9dale Grosse Caisse Eliminator Solo Black Tr\u00e8s bon \u00e9tat g\u00e9n\u00e9ral La sensation uniforme et l\u00e9g\u00e8rement lest\u00e9e de la came noire offre juste la bonne r\u00e9sistance sans ralentir le coup &#8211; pour une puissance accrue et moins de fatigue musculaire. Caract\u00e9ristiques : &#8211; Batte double face feutre\/plastique &#8211; Ressorts \u00ab\u00a0Click-Lock\u00a0\u00bb et roulements sans friction [&hellip;]<\/p>\n","protected":false},"featured_media":14580,"comment_status":"open","ping_status":"closed","template":"","meta":{"jetpack_publicize_message":"","jetpack_publicize_feature_enabled":true,"jetpack_social_post_already_shared":false,"jetpack_social_options":{"image_generator_settings":{"template":"highway","default_image_id":0,"font":"","enabled":false},"version":2}},"product_brand":[],"product_cat":[19],"product_tag":[548,538,124,109],"class_list":{"0":"post-14581","1":"product","2":"type-product","3":"status-publish","4":"has-post-thumbnail","6":"product_cat-pedales","7":"product_tag-depot-vente-lyon","8":"product_tag-magasin-de-musique-lyon","9":"product_tag-pearl","10":"product_tag-pedale-grosse-caisse","12":"entry","13":"has-media","15":"first","16":"outofstock","17":"shipping-taxable","18":"purchasable","19":"product-type-simple","20":"has-product-nav","21":"col","22":"span_1_of_3","23":"owp-content-center","24":"owp-thumbs-layout-horizontal","25":"owp-btn-normal","26":"owp-tabs-layout-horizontal"},"yoast_head":"<!-- This site is optimized with the Yoast SEO plugin v27.6 - https:\/\/yoast.com\/product\/yoast-seo-wordpress\/ -->\n<title>Pearl P1030 P\u00e9dale Grosse Caisse - D\u00e9p\u00f4t Vente Batterie Percussion | Rimocc Lyon<\/title>\n<meta name=\"description\" content=\"P\u00e9dale de grosse caisse Pearl P1030 Eliminator Solo Black : robustesse, fluidit\u00e9 et contr\u00f4le. Am\u00e9liorez votre jeu avec cette p\u00e9dale d&#039;exception.\" \/>\n<meta name=\"robots\" content=\"index, follow, max-snippet:-1, max-image-preview:large, max-video-preview:-1\" \/>\n<link rel=\"canonical\" href=\"https:\/\/www.rimocc.com\/en\/product\/pearl-p1030-pedale-grosse-caisse\/\" \/>\n<meta property=\"og:locale\" content=\"en_US\" \/>\n<meta property=\"og:type\" content=\"article\" \/>\n<meta property=\"og:title\" content=\"Pearl P1030 P\u00e9dale Grosse Caisse - D\u00e9p\u00f4t Vente Batterie Percussion | Rimocc Lyon\" \/>\n<meta property=\"og:description\" content=\"P\u00e9dale de grosse caisse Pearl P1030 Eliminator Solo Black : robustesse, fluidit\u00e9 et contr\u00f4le. Am\u00e9liorez votre jeu avec cette p\u00e9dale d&#039;exception.\" \/>\n<meta property=\"og:url\" content=\"https:\/\/www.rimocc.com\/en\/product\/pearl-p1030-pedale-grosse-caisse\/\" \/>\n<meta property=\"og:site_name\" content=\"D\u00e9p\u00f4t Vente Batterie Percussion | Rimocc Lyon\" \/>\n<meta property=\"article:publisher\" content=\"https:\/\/www.facebook.com\/rimocclyon\/?locale=fr_FR\" \/>\n<meta property=\"article:modified_time\" content=\"2025-09-07T06:51:22+00:00\" \/>\n<meta property=\"og:image\" content=\"https:\/\/www.rimocc.com\/wp-content\/uploads\/2025\/03\/Pearl-P1030-Pedale-Grosse-Caisse-1.jpg\" \/>\n\t<meta property=\"og:image:width\" content=\"1920\" \/>\n\t<meta property=\"og:image:height\" content=\"1920\" \/>\n\t<meta property=\"og:image:type\" content=\"image\/jpeg\" \/>\n<meta name=\"twitter:card\" content=\"summary_large_image\" \/>\n<meta name=\"twitter:label1\" content=\"Est. reading time\" \/>\n\t<meta name=\"twitter:data1\" content=\"1 minute\" \/>\n<script type=\"application\/ld+json\" class=\"yoast-schema-graph\">{\"@context\":\"https:\\\/\\\/schema.org\",\"@graph\":[{\"@type\":\"WebPage\",\"@id\":\"https:\\\/\\\/www.rimocc.com\\\/product\\\/pearl-p1030-pedale-grosse-caisse\\\/\",\"url\":\"https:\\\/\\\/www.rimocc.com\\\/product\\\/pearl-p1030-pedale-grosse-caisse\\\/\",\"name\":\"Pearl P1030 P\u00e9dale Grosse Caisse - D\u00e9p\u00f4t Vente Batterie Percussion | Rimocc Lyon\",\"isPartOf\":{\"@id\":\"https:\\\/\\\/www.rimocc.com\\\/#website\"},\"primaryImageOfPage\":{\"@id\":\"https:\\\/\\\/www.rimocc.com\\\/product\\\/pearl-p1030-pedale-grosse-caisse\\\/#primaryimage\"},\"image\":{\"@id\":\"https:\\\/\\\/www.rimocc.com\\\/product\\\/pearl-p1030-pedale-grosse-caisse\\\/#primaryimage\"},\"thumbnailUrl\":\"https:\\\/\\\/www.rimocc.com\\\/wp-content\\\/uploads\\\/2025\\\/03\\\/Pearl-P1030-Pedale-Grosse-Caisse-1.jpg\",\"datePublished\":\"2025-03-29T14:03:44+00:00\",\"dateModified\":\"2025-09-07T06:51:22+00:00\",\"description\":\"P\u00e9dale de grosse caisse Pearl P1030 Eliminator Solo Black : robustesse, fluidit\u00e9 et contr\u00f4le. Am\u00e9liorez votre jeu avec cette p\u00e9dale d'exception.\",\"breadcrumb\":{\"@id\":\"https:\\\/\\\/www.rimocc.com\\\/product\\\/pearl-p1030-pedale-grosse-caisse\\\/#breadcrumb\"},\"inLanguage\":\"en-US\",\"potentialAction\":[{\"@type\":\"ReadAction\",\"target\":[\"https:\\\/\\\/www.rimocc.com\\\/product\\\/pearl-p1030-pedale-grosse-caisse\\\/\"]}]},{\"@type\":\"ImageObject\",\"inLanguage\":\"en-US\",\"@id\":\"https:\\\/\\\/www.rimocc.com\\\/product\\\/pearl-p1030-pedale-grosse-caisse\\\/#primaryimage\",\"url\":\"https:\\\/\\\/www.rimocc.com\\\/wp-content\\\/uploads\\\/2025\\\/03\\\/Pearl-P1030-Pedale-Grosse-Caisse-1.jpg\",\"contentUrl\":\"https:\\\/\\\/www.rimocc.com\\\/wp-content\\\/uploads\\\/2025\\\/03\\\/Pearl-P1030-Pedale-Grosse-Caisse-1.jpg\",\"width\":1920,\"height\":1920,\"caption\":\"Pearl P1030 P\u00e9dale Grosse Caisse\"},{\"@type\":\"BreadcrumbList\",\"@id\":\"https:\\\/\\\/www.rimocc.com\\\/product\\\/pearl-p1030-pedale-grosse-caisse\\\/#breadcrumb\",\"itemListElement\":[{\"@type\":\"ListItem\",\"position\":1,\"name\":\"Home\",\"item\":\"https:\\\/\\\/www.rimocc.com\\\/\"},{\"@type\":\"ListItem\",\"position\":2,\"name\":\"Shop\",\"item\":\"https:\\\/\\\/www.rimocc.com\\\/shop\\\/\"},{\"@type\":\"ListItem\",\"position\":3,\"name\":\"Pearl P1030 P\u00e9dale Grosse Caisse\"}]},{\"@type\":\"WebSite\",\"@id\":\"https:\\\/\\\/www.rimocc.com\\\/#website\",\"url\":\"https:\\\/\\\/www.rimocc.com\\\/\",\"name\":\"D\u00e9p\u00f4t Vente Batterie Percussion | Rimocc Lyon\",\"description\":\"Rimocc: l&#039;unique magasin d\u00e9di\u00e9 enti\u00e8rement \u00e0 la batterie, percussion d&#039;occasion et vintage \u00e0 Lyon, France\",\"publisher\":{\"@id\":\"https:\\\/\\\/www.rimocc.com\\\/#organization\"},\"alternateName\":\"Rimocc'\",\"potentialAction\":[{\"@type\":\"SearchAction\",\"target\":{\"@type\":\"EntryPoint\",\"urlTemplate\":\"https:\\\/\\\/www.rimocc.com\\\/?s={search_term_string}\"},\"query-input\":{\"@type\":\"PropertyValueSpecification\",\"valueRequired\":true,\"valueName\":\"search_term_string\"}}],\"inLanguage\":\"en-US\"},{\"@type\":\"Organization\",\"@id\":\"https:\\\/\\\/www.rimocc.com\\\/#organization\",\"name\":\"Rimocc'\",\"alternateName\":\"Rimocc\",\"url\":\"https:\\\/\\\/www.rimocc.com\\\/\",\"logo\":{\"@type\":\"ImageObject\",\"inLanguage\":\"en-US\",\"@id\":\"https:\\\/\\\/www.rimocc.com\\\/#\\\/schema\\\/logo\\\/image\\\/\",\"url\":\"https:\\\/\\\/i0.wp.com\\\/www.rimocc.com\\\/wp-content\\\/uploads\\\/2023\\\/07\\\/RIMOCC_LOGO.jpg?fit=459%2C114&ssl=1\",\"contentUrl\":\"https:\\\/\\\/i0.wp.com\\\/www.rimocc.com\\\/wp-content\\\/uploads\\\/2023\\\/07\\\/RIMOCC_LOGO.jpg?fit=459%2C114&ssl=1\",\"width\":459,\"height\":114,\"caption\":\"Rimocc'\"},\"image\":{\"@id\":\"https:\\\/\\\/www.rimocc.com\\\/#\\\/schema\\\/logo\\\/image\\\/\"},\"sameAs\":[\"https:\\\/\\\/www.facebook.com\\\/rimocclyon\\\/?locale=fr_FR\",\"https:\\\/\\\/www.instagram.com\\\/rimoccc\\\/?hl=fr\",\"https:\\\/\\\/www.tiktok.com\\\/@rimocc\",\"https:\\\/\\\/www.youtube.com\\\/@Rimocc\"]}]}<\/script>\n<!-- \/ Yoast SEO plugin. -->","yoast_head_json":{"title":"Pearl P1030 P\u00e9dale Grosse Caisse - D\u00e9p\u00f4t Vente Batterie Percussion | Rimocc Lyon","description":"P\u00e9dale de grosse caisse Pearl P1030 Eliminator Solo Black : robustesse, fluidit\u00e9 et contr\u00f4le. Am\u00e9liorez votre jeu avec cette p\u00e9dale d'exception.","robots":{"index":"index","follow":"follow","max-snippet":"max-snippet:-1","max-image-preview":"max-image-preview:large","max-video-preview":"max-video-preview:-1"},"canonical":"https:\/\/www.rimocc.com\/en\/product\/pearl-p1030-pedale-grosse-caisse\/","og_locale":"en_US","og_type":"article","og_title":"Pearl P1030 P\u00e9dale Grosse Caisse - D\u00e9p\u00f4t Vente Batterie Percussion | Rimocc Lyon","og_description":"P\u00e9dale de grosse caisse Pearl P1030 Eliminator Solo Black : robustesse, fluidit\u00e9 et contr\u00f4le. Am\u00e9liorez votre jeu avec cette p\u00e9dale d'exception.","og_url":"https:\/\/www.rimocc.com\/en\/product\/pearl-p1030-pedale-grosse-caisse\/","og_site_name":"D\u00e9p\u00f4t Vente Batterie Percussion | Rimocc Lyon","article_publisher":"https:\/\/www.facebook.com\/rimocclyon\/?locale=fr_FR","article_modified_time":"2025-09-07T06:51:22+00:00","og_image":[{"width":1920,"height":1920,"url":"https:\/\/www.rimocc.com\/wp-content\/uploads\/2025\/03\/Pearl-P1030-Pedale-Grosse-Caisse-1.jpg","type":"image\/jpeg"}],"twitter_card":"summary_large_image","twitter_misc":{"Est. reading time":"1 minute"},"schema":{"@context":"https:\/\/schema.org","@graph":[{"@type":"WebPage","@id":"https:\/\/www.rimocc.com\/product\/pearl-p1030-pedale-grosse-caisse\/","url":"https:\/\/www.rimocc.com\/product\/pearl-p1030-pedale-grosse-caisse\/","name":"Pearl P1030 P\u00e9dale Grosse Caisse - D\u00e9p\u00f4t Vente Batterie Percussion | Rimocc Lyon","isPartOf":{"@id":"https:\/\/www.rimocc.com\/#website"},"primaryImageOfPage":{"@id":"https:\/\/www.rimocc.com\/product\/pearl-p1030-pedale-grosse-caisse\/#primaryimage"},"image":{"@id":"https:\/\/www.rimocc.com\/product\/pearl-p1030-pedale-grosse-caisse\/#primaryimage"},"thumbnailUrl":"https:\/\/www.rimocc.com\/wp-content\/uploads\/2025\/03\/Pearl-P1030-Pedale-Grosse-Caisse-1.jpg","datePublished":"2025-03-29T14:03:44+00:00","dateModified":"2025-09-07T06:51:22+00:00","description":"P\u00e9dale de grosse caisse Pearl P1030 Eliminator Solo Black : robustesse, fluidit\u00e9 et contr\u00f4le. Am\u00e9liorez votre jeu avec cette p\u00e9dale d'exception.","breadcrumb":{"@id":"https:\/\/www.rimocc.com\/product\/pearl-p1030-pedale-grosse-caisse\/#breadcrumb"},"inLanguage":"en-US","potentialAction":[{"@type":"ReadAction","target":["https:\/\/www.rimocc.com\/product\/pearl-p1030-pedale-grosse-caisse\/"]}]},{"@type":"ImageObject","inLanguage":"en-US","@id":"https:\/\/www.rimocc.com\/product\/pearl-p1030-pedale-grosse-caisse\/#primaryimage","url":"https:\/\/www.rimocc.com\/wp-content\/uploads\/2025\/03\/Pearl-P1030-Pedale-Grosse-Caisse-1.jpg","contentUrl":"https:\/\/www.rimocc.com\/wp-content\/uploads\/2025\/03\/Pearl-P1030-Pedale-Grosse-Caisse-1.jpg","width":1920,"height":1920,"caption":"Pearl P1030 P\u00e9dale Grosse Caisse"},{"@type":"BreadcrumbList","@id":"https:\/\/www.rimocc.com\/product\/pearl-p1030-pedale-grosse-caisse\/#breadcrumb","itemListElement":[{"@type":"ListItem","position":1,"name":"Home","item":"https:\/\/www.rimocc.com\/"},{"@type":"ListItem","position":2,"name":"Shop","item":"https:\/\/www.rimocc.com\/shop\/"},{"@type":"ListItem","position":3,"name":"Pearl P1030 P\u00e9dale Grosse Caisse"}]},{"@type":"WebSite","@id":"https:\/\/www.rimocc.com\/#website","url":"https:\/\/www.rimocc.com\/","name":"D\u00e9p\u00f4t Vente Batterie Percussion | Rimocc Lyon","description":"Rimocc: l&#039;unique magasin d\u00e9di\u00e9 enti\u00e8rement \u00e0 la batterie, percussion d&#039;occasion et vintage \u00e0 Lyon, France","publisher":{"@id":"https:\/\/www.rimocc.com\/#organization"},"alternateName":"Rimocc'","potentialAction":[{"@type":"SearchAction","target":{"@type":"EntryPoint","urlTemplate":"https:\/\/www.rimocc.com\/?s={search_term_string}"},"query-input":{"@type":"PropertyValueSpecification","valueRequired":true,"valueName":"search_term_string"}}],"inLanguage":"en-US"},{"@type":"Organization","@id":"https:\/\/www.rimocc.com\/#organization","name":"Rimocc'","alternateName":"Rimocc","url":"https:\/\/www.rimocc.com\/","logo":{"@type":"ImageObject","inLanguage":"en-US","@id":"https:\/\/www.rimocc.com\/#\/schema\/logo\/image\/","url":"https:\/\/i0.wp.com\/www.rimocc.com\/wp-content\/uploads\/2023\/07\/RIMOCC_LOGO.jpg?fit=459%2C114&ssl=1","contentUrl":"https:\/\/i0.wp.com\/www.rimocc.com\/wp-content\/uploads\/2023\/07\/RIMOCC_LOGO.jpg?fit=459%2C114&ssl=1","width":459,"height":114,"caption":"Rimocc'"},"image":{"@id":"https:\/\/www.rimocc.com\/#\/schema\/logo\/image\/"},"sameAs":["https:\/\/www.facebook.com\/rimocclyon\/?locale=fr_FR","https:\/\/www.instagram.com\/rimoccc\/?hl=fr","https:\/\/www.tiktok.com\/@rimocc","https:\/\/www.youtube.com\/@Rimocc"]}]}},"jetpack_publicize_connections":[],"jetpack_sharing_enabled":true,"_links":{"self":[{"href":"https:\/\/www.rimocc.com\/en\/wp-json\/wp\/v2\/product\/14581","targetHints":{"allow":["GET"]}}],"collection":[{"href":"https:\/\/www.rimocc.com\/en\/wp-json\/wp\/v2\/product"}],"about":[{"href":"https:\/\/www.rimocc.com\/en\/wp-json\/wp\/v2\/types\/product"}],"replies":[{"embeddable":true,"href":"https:\/\/www.rimocc.com\/en\/wp-json\/wp\/v2\/comments?post=14581"}],"wp:featuredmedia":[{"embeddable":true,"href":"https:\/\/www.rimocc.com\/en\/wp-json\/wp\/v2\/media\/14580"}],"wp:attachment":[{"href":"https:\/\/www.rimocc.com\/en\/wp-json\/wp\/v2\/media?parent=14581"}],"wp:term":[{"taxonomy":"product_brand","embeddable":true,"href":"https:\/\/www.rimocc.com\/en\/wp-json\/wp\/v2\/product_brand?post=14581"},{"taxonomy":"product_cat","embeddable":true,"href":"https:\/\/www.rimocc.com\/en\/wp-json\/wp\/v2\/product_cat?post=14581"},{"taxonomy":"product_tag","embeddable":true,"href":"https:\/\/www.rimocc.com\/en\/wp-json\/wp\/v2\/product_tag?post=14581"}],"curies":[{"name":"wp","href":"https:\/\/api.w.org\/{rel}","templated":true}]}}