{"id":14541,"date":"2025-03-27T16:54:12","date_gmt":"2025-03-27T15:54:12","guid":{"rendered":"https:\/\/www.rimocc.com\/?post_type=product&#038;p=14541"},"modified":"2025-12-16T22:09:12","modified_gmt":"2025-12-16T21:09:12","slug":"trx-alt-ride-21","status":"publish","type":"product","link":"https:\/\/www.rimocc.com\/en\/product\/trx-alt-ride-21\/","title":{"rendered":"TRX ALT Ride 21&Prime;"},"content":{"rendered":"<p>TRX ALT Ride 21&Prime;<br \/>\nTr\u00e8s bon \u00e9tat g\u00e9n\u00e9ral, patin\u00e9e<br \/>\n3158grs<\/p>\n<p data-sourcepos=\"1:1-1:9\">S\u00e9rie ALT<\/p>\n<p data-sourcepos=\"3:1-3:234\">Int\u00e9grant des moulages plus \u00e9pais et plus lourds, une cloche brute et une surface de jeu micro-tourn\u00e9e avec un martelage \u00e0 plusieurs niveaux, la s\u00e9rie TRX ALT \u00e9tablit une nouvelle norme sonore pour une nouvelle g\u00e9n\u00e9ration de batteurs.<\/p>\n<p data-sourcepos=\"5:1-5:339\">Mais les cymbales de la s\u00e9rie ALT ne sont pas seulement plus fortes, plus brillantes et plus r\u00e9actives que les cymbales milieu de gamme conventionnelles \u2013 elles ont \u00e9t\u00e9 soigneusement con\u00e7ues et fabriqu\u00e9es sur mesure pour offrir aux batteurs une alternative polyvalente pour les styles modernes et grand public plus agressifs d&rsquo;aujourd&rsquo;hui.<\/p>\n<p><em>\u00ab\u00a0Lorsque TRX Cymbal Co. a \u00e9t\u00e9 fond\u00e9e en 2006, nous avons choisi \u00ab Young Turks \u00bb comme slogan, car notre mission \u00e9tait (et reste) d&rsquo;apporter la qualit\u00e9 des cymbales turques traditionnelles fabriqu\u00e9es \u00e0 la main aux batteurs modernes. La d\u00e9finition de Young Turks est \u00ab nouveaux venus forts et jeunes \u00bb, et c&rsquo;est exactement ce que sont nos cymbales \u2013 et les batteurs qui les jouent.<\/em><\/p>\n<p><em>Nous aimons aussi dire que, m\u00eame si nous sommes une petite entreprise de cymbales, nous mettons l&rsquo;accent sur la qualit\u00e9. Se concentrer sur la qualit\u00e9 plut\u00f4t que sur la quantit\u00e9 n&rsquo;est pas la fa\u00e7on la plus rapide, la plus facile ou la moins ch\u00e8re de fabriquer des cymbales. Mais notre objectif n&rsquo;a jamais \u00e9t\u00e9 d&rsquo;\u00eatre l&rsquo;une des plus grandes entreprises de cymbales au monde \u2013 juste l&rsquo;une des meilleures.<\/em><\/p>\n<p><em>En \u00e9coutant des batteurs de divers styles et genres, nous avons appris \u00e0 quel point la diversit\u00e9 et le contraste sonores sont importants dans la batterie moderne. En combinant ces connaissances avec le savoir-faire de nos ma\u00eetres cymbaliers, nous avons cr\u00e9\u00e9 un noyau de sons de cymbales sombres, moyens et brillants. Au fil des ans, cela s&rsquo;est \u00e9tendu \u00e0 un spectre de \u00ab Haut Contraste \u00bb qui offre la gamme de sons la plus large et la plus pertinente musicalement possible \u2013 permettant aux musiciens d&rsquo;aujourd&rsquo;hui de choisir un ensemble de cymbales vraiment fait pour leur fa\u00e7on de jouer.\u00a0\u00bb<\/em><\/p>\n<p><a href=\"https:\/\/trxcymbals.com\/\">https:\/\/trxcymbals.com\/<\/a><br \/>\n<a href=\"https:\/\/www.rimocc.com\/en\/product-category\/cymbales\/\">https:\/\/www.rimocc.com\/product-category\/cymbales\/<\/a><\/p>\n<p>&nbsp;<\/p>","protected":false},"excerpt":{"rendered":"<p>TRX ALT Ride 21&Prime; Tr\u00e8s bon \u00e9tat g\u00e9n\u00e9ral, patin\u00e9e 3158grs S\u00e9rie ALT Int\u00e9grant des moulages plus \u00e9pais et plus lourds, une cloche brute et une surface de jeu micro-tourn\u00e9e avec un martelage \u00e0 plusieurs niveaux, la s\u00e9rie TRX ALT \u00e9tablit une nouvelle norme sonore pour une nouvelle g\u00e9n\u00e9ration de batteurs. Mais les cymbales de la [&hellip;]<\/p>\n","protected":false},"featured_media":14540,"comment_status":"open","ping_status":"closed","template":"","meta":{"jetpack_publicize_message":"","jetpack_publicize_feature_enabled":true,"jetpack_social_post_already_shared":false,"jetpack_social_options":{"image_generator_settings":{"template":"highway","default_image_id":0,"font":"","enabled":false},"version":2}},"product_brand":[],"product_cat":[24],"product_tag":[74,73,548,538,650],"class_list":{"0":"post-14541","1":"product","2":"type-product","3":"status-publish","4":"has-post-thumbnail","6":"product_cat-cymbales","7":"product_tag-cymbal","8":"product_tag-cymbale","9":"product_tag-depot-vente-lyon","10":"product_tag-magasin-de-musique-lyon","11":"product_tag-trx","13":"entry","14":"has-media","16":"first","17":"outofstock","18":"shipping-taxable","19":"purchasable","20":"product-type-simple","21":"has-product-nav","22":"col","23":"span_1_of_3","24":"owp-content-center","25":"owp-thumbs-layout-horizontal","26":"owp-btn-normal","27":"owp-tabs-layout-horizontal"},"yoast_head":"<!-- This site is optimized with the Yoast SEO plugin v27.4 - https:\/\/yoast.com\/product\/yoast-seo-wordpress\/ -->\n<title>TRX ALT Ride 21&quot; - D\u00e9p\u00f4t Vente Batterie Percussion | Rimocc Lyon<\/title>\n<meta name=\"description\" content=\"D\u00e9couvrez la cymbale TRX ALT Ride 21&quot;, une puissance sonore brute et une r\u00e9activit\u00e9 exceptionnelle. Con\u00e7ue pour les batteurs modernes\" \/>\n<meta name=\"robots\" content=\"index, follow, max-snippet:-1, max-image-preview:large, max-video-preview:-1\" \/>\n<link rel=\"canonical\" href=\"https:\/\/www.rimocc.com\/en\/product\/trx-alt-ride-21\/\" \/>\n<meta property=\"og:locale\" content=\"en_US\" \/>\n<meta property=\"og:type\" content=\"article\" \/>\n<meta property=\"og:title\" content=\"TRX ALT Ride 21&quot; - D\u00e9p\u00f4t Vente Batterie Percussion | Rimocc Lyon\" \/>\n<meta property=\"og:description\" content=\"D\u00e9couvrez la cymbale TRX ALT Ride 21&quot;, une puissance sonore brute et une r\u00e9activit\u00e9 exceptionnelle. Con\u00e7ue pour les batteurs modernes\" \/>\n<meta property=\"og:url\" content=\"https:\/\/www.rimocc.com\/en\/product\/trx-alt-ride-21\/\" \/>\n<meta property=\"og:site_name\" content=\"D\u00e9p\u00f4t Vente Batterie Percussion | Rimocc Lyon\" \/>\n<meta property=\"article:publisher\" content=\"https:\/\/www.facebook.com\/rimocclyon\/?locale=fr_FR\" \/>\n<meta property=\"article:modified_time\" content=\"2025-12-16T21:09:12+00:00\" \/>\n<meta property=\"og:image\" content=\"https:\/\/www.rimocc.com\/wp-content\/uploads\/2025\/03\/TRX-ALT-Ride-21_-1.jpg\" \/>\n\t<meta property=\"og:image:width\" content=\"1920\" \/>\n\t<meta property=\"og:image:height\" content=\"1920\" \/>\n\t<meta property=\"og:image:type\" content=\"image\/jpeg\" \/>\n<meta name=\"twitter:card\" content=\"summary_large_image\" \/>\n<meta name=\"twitter:label1\" content=\"Est. reading time\" \/>\n\t<meta name=\"twitter:data1\" content=\"2 minutes\" \/>\n<script type=\"application\/ld+json\" class=\"yoast-schema-graph\">{\"@context\":\"https:\\\/\\\/schema.org\",\"@graph\":[{\"@type\":\"WebPage\",\"@id\":\"https:\\\/\\\/www.rimocc.com\\\/product\\\/trx-alt-ride-21\\\/\",\"url\":\"https:\\\/\\\/www.rimocc.com\\\/product\\\/trx-alt-ride-21\\\/\",\"name\":\"TRX ALT Ride 21\\\" - D\u00e9p\u00f4t Vente Batterie Percussion | Rimocc Lyon\",\"isPartOf\":{\"@id\":\"https:\\\/\\\/www.rimocc.com\\\/#website\"},\"primaryImageOfPage\":{\"@id\":\"https:\\\/\\\/www.rimocc.com\\\/product\\\/trx-alt-ride-21\\\/#primaryimage\"},\"image\":{\"@id\":\"https:\\\/\\\/www.rimocc.com\\\/product\\\/trx-alt-ride-21\\\/#primaryimage\"},\"thumbnailUrl\":\"https:\\\/\\\/www.rimocc.com\\\/wp-content\\\/uploads\\\/2025\\\/03\\\/TRX-ALT-Ride-21_-1.jpg\",\"datePublished\":\"2025-03-27T15:54:12+00:00\",\"dateModified\":\"2025-12-16T21:09:12+00:00\",\"description\":\"D\u00e9couvrez la cymbale TRX ALT Ride 21\\\", une puissance sonore brute et une r\u00e9activit\u00e9 exceptionnelle. Con\u00e7ue pour les batteurs modernes\",\"breadcrumb\":{\"@id\":\"https:\\\/\\\/www.rimocc.com\\\/product\\\/trx-alt-ride-21\\\/#breadcrumb\"},\"inLanguage\":\"en-US\",\"potentialAction\":[{\"@type\":\"ReadAction\",\"target\":[\"https:\\\/\\\/www.rimocc.com\\\/product\\\/trx-alt-ride-21\\\/\"]}]},{\"@type\":\"ImageObject\",\"inLanguage\":\"en-US\",\"@id\":\"https:\\\/\\\/www.rimocc.com\\\/product\\\/trx-alt-ride-21\\\/#primaryimage\",\"url\":\"https:\\\/\\\/www.rimocc.com\\\/wp-content\\\/uploads\\\/2025\\\/03\\\/TRX-ALT-Ride-21_-1.jpg\",\"contentUrl\":\"https:\\\/\\\/www.rimocc.com\\\/wp-content\\\/uploads\\\/2025\\\/03\\\/TRX-ALT-Ride-21_-1.jpg\",\"width\":1920,\"height\":1920,\"caption\":\"TRX ALT Ride 21\\\"\"},{\"@type\":\"BreadcrumbList\",\"@id\":\"https:\\\/\\\/www.rimocc.com\\\/product\\\/trx-alt-ride-21\\\/#breadcrumb\",\"itemListElement\":[{\"@type\":\"ListItem\",\"position\":1,\"name\":\"Home\",\"item\":\"https:\\\/\\\/www.rimocc.com\\\/\"},{\"@type\":\"ListItem\",\"position\":2,\"name\":\"Shop\",\"item\":\"https:\\\/\\\/www.rimocc.com\\\/shop\\\/\"},{\"@type\":\"ListItem\",\"position\":3,\"name\":\"TRX ALT Ride 21&#8243;\"}]},{\"@type\":\"WebSite\",\"@id\":\"https:\\\/\\\/www.rimocc.com\\\/#website\",\"url\":\"https:\\\/\\\/www.rimocc.com\\\/\",\"name\":\"D\u00e9p\u00f4t Vente Batterie Percussion | Rimocc Lyon\",\"description\":\"Rimocc: l&#039;unique magasin d\u00e9di\u00e9 enti\u00e8rement \u00e0 la batterie, percussion d&#039;occasion et vintage \u00e0 Lyon, France\",\"publisher\":{\"@id\":\"https:\\\/\\\/www.rimocc.com\\\/#organization\"},\"alternateName\":\"Rimocc'\",\"potentialAction\":[{\"@type\":\"SearchAction\",\"target\":{\"@type\":\"EntryPoint\",\"urlTemplate\":\"https:\\\/\\\/www.rimocc.com\\\/?s={search_term_string}\"},\"query-input\":{\"@type\":\"PropertyValueSpecification\",\"valueRequired\":true,\"valueName\":\"search_term_string\"}}],\"inLanguage\":\"en-US\"},{\"@type\":\"Organization\",\"@id\":\"https:\\\/\\\/www.rimocc.com\\\/#organization\",\"name\":\"Rimocc'\",\"alternateName\":\"Rimocc\",\"url\":\"https:\\\/\\\/www.rimocc.com\\\/\",\"logo\":{\"@type\":\"ImageObject\",\"inLanguage\":\"en-US\",\"@id\":\"https:\\\/\\\/www.rimocc.com\\\/#\\\/schema\\\/logo\\\/image\\\/\",\"url\":\"https:\\\/\\\/i0.wp.com\\\/www.rimocc.com\\\/wp-content\\\/uploads\\\/2023\\\/07\\\/RIMOCC_LOGO.jpg?fit=459%2C114&ssl=1\",\"contentUrl\":\"https:\\\/\\\/i0.wp.com\\\/www.rimocc.com\\\/wp-content\\\/uploads\\\/2023\\\/07\\\/RIMOCC_LOGO.jpg?fit=459%2C114&ssl=1\",\"width\":459,\"height\":114,\"caption\":\"Rimocc'\"},\"image\":{\"@id\":\"https:\\\/\\\/www.rimocc.com\\\/#\\\/schema\\\/logo\\\/image\\\/\"},\"sameAs\":[\"https:\\\/\\\/www.facebook.com\\\/rimocclyon\\\/?locale=fr_FR\",\"https:\\\/\\\/www.instagram.com\\\/rimoccc\\\/?hl=fr\",\"https:\\\/\\\/www.tiktok.com\\\/@rimocc\",\"https:\\\/\\\/www.youtube.com\\\/@Rimocc\"]}]}<\/script>\n<!-- \/ Yoast SEO plugin. -->","yoast_head_json":{"title":"TRX ALT Ride 21\" - D\u00e9p\u00f4t Vente Batterie Percussion | Rimocc Lyon","description":"D\u00e9couvrez la cymbale TRX ALT Ride 21\", une puissance sonore brute et une r\u00e9activit\u00e9 exceptionnelle. Con\u00e7ue pour les batteurs modernes","robots":{"index":"index","follow":"follow","max-snippet":"max-snippet:-1","max-image-preview":"max-image-preview:large","max-video-preview":"max-video-preview:-1"},"canonical":"https:\/\/www.rimocc.com\/en\/product\/trx-alt-ride-21\/","og_locale":"en_US","og_type":"article","og_title":"TRX ALT Ride 21\" - D\u00e9p\u00f4t Vente Batterie Percussion | Rimocc Lyon","og_description":"D\u00e9couvrez la cymbale TRX ALT Ride 21\", une puissance sonore brute et une r\u00e9activit\u00e9 exceptionnelle. Con\u00e7ue pour les batteurs modernes","og_url":"https:\/\/www.rimocc.com\/en\/product\/trx-alt-ride-21\/","og_site_name":"D\u00e9p\u00f4t Vente Batterie Percussion | Rimocc Lyon","article_publisher":"https:\/\/www.facebook.com\/rimocclyon\/?locale=fr_FR","article_modified_time":"2025-12-16T21:09:12+00:00","og_image":[{"width":1920,"height":1920,"url":"https:\/\/www.rimocc.com\/wp-content\/uploads\/2025\/03\/TRX-ALT-Ride-21_-1.jpg","type":"image\/jpeg"}],"twitter_card":"summary_large_image","twitter_misc":{"Est. reading time":"2 minutes"},"schema":{"@context":"https:\/\/schema.org","@graph":[{"@type":"WebPage","@id":"https:\/\/www.rimocc.com\/product\/trx-alt-ride-21\/","url":"https:\/\/www.rimocc.com\/product\/trx-alt-ride-21\/","name":"TRX ALT Ride 21\" - D\u00e9p\u00f4t Vente Batterie Percussion | Rimocc Lyon","isPartOf":{"@id":"https:\/\/www.rimocc.com\/#website"},"primaryImageOfPage":{"@id":"https:\/\/www.rimocc.com\/product\/trx-alt-ride-21\/#primaryimage"},"image":{"@id":"https:\/\/www.rimocc.com\/product\/trx-alt-ride-21\/#primaryimage"},"thumbnailUrl":"https:\/\/www.rimocc.com\/wp-content\/uploads\/2025\/03\/TRX-ALT-Ride-21_-1.jpg","datePublished":"2025-03-27T15:54:12+00:00","dateModified":"2025-12-16T21:09:12+00:00","description":"D\u00e9couvrez la cymbale TRX ALT Ride 21\", une puissance sonore brute et une r\u00e9activit\u00e9 exceptionnelle. Con\u00e7ue pour les batteurs modernes","breadcrumb":{"@id":"https:\/\/www.rimocc.com\/product\/trx-alt-ride-21\/#breadcrumb"},"inLanguage":"en-US","potentialAction":[{"@type":"ReadAction","target":["https:\/\/www.rimocc.com\/product\/trx-alt-ride-21\/"]}]},{"@type":"ImageObject","inLanguage":"en-US","@id":"https:\/\/www.rimocc.com\/product\/trx-alt-ride-21\/#primaryimage","url":"https:\/\/www.rimocc.com\/wp-content\/uploads\/2025\/03\/TRX-ALT-Ride-21_-1.jpg","contentUrl":"https:\/\/www.rimocc.com\/wp-content\/uploads\/2025\/03\/TRX-ALT-Ride-21_-1.jpg","width":1920,"height":1920,"caption":"TRX ALT Ride 21\""},{"@type":"BreadcrumbList","@id":"https:\/\/www.rimocc.com\/product\/trx-alt-ride-21\/#breadcrumb","itemListElement":[{"@type":"ListItem","position":1,"name":"Home","item":"https:\/\/www.rimocc.com\/"},{"@type":"ListItem","position":2,"name":"Shop","item":"https:\/\/www.rimocc.com\/shop\/"},{"@type":"ListItem","position":3,"name":"TRX ALT Ride 21&#8243;"}]},{"@type":"WebSite","@id":"https:\/\/www.rimocc.com\/#website","url":"https:\/\/www.rimocc.com\/","name":"D\u00e9p\u00f4t Vente Batterie Percussion | Rimocc Lyon","description":"Rimocc: l&#039;unique magasin d\u00e9di\u00e9 enti\u00e8rement \u00e0 la batterie, percussion d&#039;occasion et vintage \u00e0 Lyon, France","publisher":{"@id":"https:\/\/www.rimocc.com\/#organization"},"alternateName":"Rimocc'","potentialAction":[{"@type":"SearchAction","target":{"@type":"EntryPoint","urlTemplate":"https:\/\/www.rimocc.com\/?s={search_term_string}"},"query-input":{"@type":"PropertyValueSpecification","valueRequired":true,"valueName":"search_term_string"}}],"inLanguage":"en-US"},{"@type":"Organization","@id":"https:\/\/www.rimocc.com\/#organization","name":"Rimocc'","alternateName":"Rimocc","url":"https:\/\/www.rimocc.com\/","logo":{"@type":"ImageObject","inLanguage":"en-US","@id":"https:\/\/www.rimocc.com\/#\/schema\/logo\/image\/","url":"https:\/\/i0.wp.com\/www.rimocc.com\/wp-content\/uploads\/2023\/07\/RIMOCC_LOGO.jpg?fit=459%2C114&ssl=1","contentUrl":"https:\/\/i0.wp.com\/www.rimocc.com\/wp-content\/uploads\/2023\/07\/RIMOCC_LOGO.jpg?fit=459%2C114&ssl=1","width":459,"height":114,"caption":"Rimocc'"},"image":{"@id":"https:\/\/www.rimocc.com\/#\/schema\/logo\/image\/"},"sameAs":["https:\/\/www.facebook.com\/rimocclyon\/?locale=fr_FR","https:\/\/www.instagram.com\/rimoccc\/?hl=fr","https:\/\/www.tiktok.com\/@rimocc","https:\/\/www.youtube.com\/@Rimocc"]}]}},"jetpack_publicize_connections":[],"jetpack_sharing_enabled":true,"_links":{"self":[{"href":"https:\/\/www.rimocc.com\/en\/wp-json\/wp\/v2\/product\/14541","targetHints":{"allow":["GET"]}}],"collection":[{"href":"https:\/\/www.rimocc.com\/en\/wp-json\/wp\/v2\/product"}],"about":[{"href":"https:\/\/www.rimocc.com\/en\/wp-json\/wp\/v2\/types\/product"}],"replies":[{"embeddable":true,"href":"https:\/\/www.rimocc.com\/en\/wp-json\/wp\/v2\/comments?post=14541"}],"wp:featuredmedia":[{"embeddable":true,"href":"https:\/\/www.rimocc.com\/en\/wp-json\/wp\/v2\/media\/14540"}],"wp:attachment":[{"href":"https:\/\/www.rimocc.com\/en\/wp-json\/wp\/v2\/media?parent=14541"}],"wp:term":[{"taxonomy":"product_brand","embeddable":true,"href":"https:\/\/www.rimocc.com\/en\/wp-json\/wp\/v2\/product_brand?post=14541"},{"taxonomy":"product_cat","embeddable":true,"href":"https:\/\/www.rimocc.com\/en\/wp-json\/wp\/v2\/product_cat?post=14541"},{"taxonomy":"product_tag","embeddable":true,"href":"https:\/\/www.rimocc.com\/en\/wp-json\/wp\/v2\/product_tag?post=14541"}],"curies":[{"name":"wp","href":"https:\/\/api.w.org\/{rel}","templated":true}]}}