{"id":14532,"date":"2025-03-26T18:26:37","date_gmt":"2025-03-26T17:26:37","guid":{"rendered":"https:\/\/www.rimocc.com\/?post_type=product&#038;p=14532"},"modified":"2025-04-20T16:25:04","modified_gmt":"2025-04-20T14:25:04","slug":"zildjian-avedis-sweet-ride-21-2","status":"publish","type":"product","link":"https:\/\/www.rimocc.com\/en\/product\/zildjian-avedis-sweet-ride-21-2\/","title":{"rendered":"Zildjian Avedis Sweet Ride 21&Prime;"},"content":{"rendered":"<p>Zildjian Avedis Sweet Ride 21&Prime;<br \/>\nTr\u00e8s bon \u00e9tat g\u00e9n\u00e9ral<br \/>\nLogos largement effac\u00e9s sur le top<br \/>\n2616grs<\/p>\n<p>La Zildjian Avedis Sweet Ride 21&Prime; est une cymbale ride classique et polyvalente, appr\u00e9ci\u00e9e pour son son chaud et \u00e9quilibr\u00e9. Elle offre une d\u00e9finition de baguette claire et pr\u00e9cise, avec un sustain riche et musical. Sa cloche est douce et int\u00e9gr\u00e9e, parfaite pour les accents subtils. Id\u00e9ale pour une vari\u00e9t\u00e9 de styles musicaux, du jazz \u00e0 la pop en passant par le rock, la Sweet Ride 21&Prime; est un choix incontournable pour les batteurs \u00e0 la recherche d&rsquo;une ride expressive et chaleureuse.<\/p>\n<p>Faisant partie de la s\u00e9rie Avedis, cette cymbale est fabriqu\u00e9e \u00e0 partir d&rsquo;un alliage de bronze B20, offrant une sonorit\u00e9 riche et complexe. Son diam\u00e8tre de 21 pouces lui conf\u00e8re une grande polyvalence, avec un \u00e9quilibre parfait entre d\u00e9finition et sustain.<\/p>\n<p><a href=\"https:\/\/zildjian.com\/collections\/cymbals-browse-by-types-ride\/products\/a-zildjian-sweet-rides\">https:\/\/zildjian.com\/collections\/cymbals-browse-by-types-ride\/products\/a-zildjian-sweet-rides<\/a><br \/>\n<a href=\"https:\/\/www.rimocc.com\/en\/product-category\/cymbales\/\">https:\/\/www.rimocc.com\/product-category\/cymbales\/<\/a><\/p>\n<p>&nbsp;<\/p>","protected":false},"excerpt":{"rendered":"<p>Zildjian Avedis Sweet Ride 21&Prime; Tr\u00e8s bon \u00e9tat g\u00e9n\u00e9ral Logos largement effac\u00e9s sur le top 2616grs La Zildjian Avedis Sweet Ride 21&Prime; est une cymbale ride classique et polyvalente, appr\u00e9ci\u00e9e pour son son chaud et \u00e9quilibr\u00e9. Elle offre une d\u00e9finition de baguette claire et pr\u00e9cise, avec un sustain riche et musical. Sa cloche est douce [&hellip;]<\/p>\n","protected":false},"featured_media":14531,"comment_status":"open","ping_status":"closed","template":"","meta":{"jetpack_publicize_message":"","jetpack_publicize_feature_enabled":true,"jetpack_social_post_already_shared":false,"jetpack_social_options":{"image_generator_settings":{"template":"highway","default_image_id":0,"font":"","enabled":false},"version":2}},"product_brand":[],"product_cat":[24],"product_tag":[74,73,548,538,70,649],"class_list":{"0":"post-14532","1":"product","2":"type-product","3":"status-publish","4":"has-post-thumbnail","6":"product_cat-cymbales","7":"product_tag-cymbal","8":"product_tag-cymbale","9":"product_tag-depot-vente-lyon","10":"product_tag-magasin-de-musique-lyon","11":"product_tag-zildjian","12":"product_tag-zildjian-sweet-ride","14":"entry","15":"has-media","17":"first","18":"outofstock","19":"shipping-taxable","20":"purchasable","21":"product-type-simple","22":"has-product-nav","23":"col","24":"span_1_of_3","25":"owp-content-center","26":"owp-thumbs-layout-horizontal","27":"owp-btn-normal","28":"owp-tabs-layout-horizontal"},"yoast_head":"<!-- This site is optimized with the Yoast SEO plugin v27.6 - https:\/\/yoast.com\/product\/yoast-seo-wordpress\/ -->\n<title>Zildjian Avedis Sweet Ride 21&quot; - D\u00e9p\u00f4t Vente Batterie Percussion | Rimocc Lyon<\/title>\n<meta name=\"description\" content=\"D\u00e9couvrez la Zildjian Avedis Sweet Ride 21&quot;, une cymbale ride de qualit\u00e9 sup\u00e9rieure, issue de la c\u00e9l\u00e8bre s\u00e9rie Avedis. Alliage B20\" \/>\n<meta name=\"robots\" content=\"index, follow, max-snippet:-1, max-image-preview:large, max-video-preview:-1\" \/>\n<link rel=\"canonical\" href=\"https:\/\/www.rimocc.com\/en\/product\/zildjian-avedis-sweet-ride-21-2\/\" \/>\n<meta property=\"og:locale\" content=\"en_US\" \/>\n<meta property=\"og:type\" content=\"article\" \/>\n<meta property=\"og:title\" content=\"Zildjian Avedis Sweet Ride 21&quot; - D\u00e9p\u00f4t Vente Batterie Percussion | Rimocc Lyon\" \/>\n<meta property=\"og:description\" content=\"D\u00e9couvrez la Zildjian Avedis Sweet Ride 21&quot;, une cymbale ride de qualit\u00e9 sup\u00e9rieure, issue de la c\u00e9l\u00e8bre s\u00e9rie Avedis. Alliage B20\" \/>\n<meta property=\"og:url\" content=\"https:\/\/www.rimocc.com\/en\/product\/zildjian-avedis-sweet-ride-21-2\/\" \/>\n<meta property=\"og:site_name\" content=\"D\u00e9p\u00f4t Vente Batterie Percussion | Rimocc Lyon\" \/>\n<meta property=\"article:publisher\" content=\"https:\/\/www.facebook.com\/rimocclyon\/?locale=fr_FR\" \/>\n<meta property=\"article:modified_time\" content=\"2025-04-20T14:25:04+00:00\" \/>\n<meta property=\"og:image\" content=\"https:\/\/www.rimocc.com\/wp-content\/uploads\/2025\/03\/Zildjian-Avedis-Sweet-Ride-21_-1.jpg\" \/>\n\t<meta property=\"og:image:width\" content=\"1920\" \/>\n\t<meta property=\"og:image:height\" content=\"1920\" \/>\n\t<meta property=\"og:image:type\" content=\"image\/jpeg\" \/>\n<meta name=\"twitter:card\" content=\"summary_large_image\" \/>\n<meta name=\"twitter:label1\" content=\"Est. reading time\" \/>\n\t<meta name=\"twitter:data1\" content=\"1 minute\" \/>\n<script type=\"application\/ld+json\" class=\"yoast-schema-graph\">{\"@context\":\"https:\\\/\\\/schema.org\",\"@graph\":[{\"@type\":\"WebPage\",\"@id\":\"https:\\\/\\\/www.rimocc.com\\\/product\\\/zildjian-avedis-sweet-ride-21-2\\\/\",\"url\":\"https:\\\/\\\/www.rimocc.com\\\/product\\\/zildjian-avedis-sweet-ride-21-2\\\/\",\"name\":\"Zildjian Avedis Sweet Ride 21\\\" - D\u00e9p\u00f4t Vente Batterie Percussion | Rimocc Lyon\",\"isPartOf\":{\"@id\":\"https:\\\/\\\/www.rimocc.com\\\/#website\"},\"primaryImageOfPage\":{\"@id\":\"https:\\\/\\\/www.rimocc.com\\\/product\\\/zildjian-avedis-sweet-ride-21-2\\\/#primaryimage\"},\"image\":{\"@id\":\"https:\\\/\\\/www.rimocc.com\\\/product\\\/zildjian-avedis-sweet-ride-21-2\\\/#primaryimage\"},\"thumbnailUrl\":\"https:\\\/\\\/www.rimocc.com\\\/wp-content\\\/uploads\\\/2025\\\/03\\\/Zildjian-Avedis-Sweet-Ride-21_-1.jpg\",\"datePublished\":\"2025-03-26T17:26:37+00:00\",\"dateModified\":\"2025-04-20T14:25:04+00:00\",\"description\":\"D\u00e9couvrez la Zildjian Avedis Sweet Ride 21\\\", une cymbale ride de qualit\u00e9 sup\u00e9rieure, issue de la c\u00e9l\u00e8bre s\u00e9rie Avedis. Alliage B20\",\"breadcrumb\":{\"@id\":\"https:\\\/\\\/www.rimocc.com\\\/product\\\/zildjian-avedis-sweet-ride-21-2\\\/#breadcrumb\"},\"inLanguage\":\"en-US\",\"potentialAction\":[{\"@type\":\"ReadAction\",\"target\":[\"https:\\\/\\\/www.rimocc.com\\\/product\\\/zildjian-avedis-sweet-ride-21-2\\\/\"]}]},{\"@type\":\"ImageObject\",\"inLanguage\":\"en-US\",\"@id\":\"https:\\\/\\\/www.rimocc.com\\\/product\\\/zildjian-avedis-sweet-ride-21-2\\\/#primaryimage\",\"url\":\"https:\\\/\\\/www.rimocc.com\\\/wp-content\\\/uploads\\\/2025\\\/03\\\/Zildjian-Avedis-Sweet-Ride-21_-1.jpg\",\"contentUrl\":\"https:\\\/\\\/www.rimocc.com\\\/wp-content\\\/uploads\\\/2025\\\/03\\\/Zildjian-Avedis-Sweet-Ride-21_-1.jpg\",\"width\":1920,\"height\":1920,\"caption\":\"Zildjian Avedis Sweet Ride 21\\\"\"},{\"@type\":\"BreadcrumbList\",\"@id\":\"https:\\\/\\\/www.rimocc.com\\\/product\\\/zildjian-avedis-sweet-ride-21-2\\\/#breadcrumb\",\"itemListElement\":[{\"@type\":\"ListItem\",\"position\":1,\"name\":\"Home\",\"item\":\"https:\\\/\\\/www.rimocc.com\\\/\"},{\"@type\":\"ListItem\",\"position\":2,\"name\":\"Shop\",\"item\":\"https:\\\/\\\/www.rimocc.com\\\/shop\\\/\"},{\"@type\":\"ListItem\",\"position\":3,\"name\":\"Zildjian Avedis Sweet Ride 21&#8243;\"}]},{\"@type\":\"WebSite\",\"@id\":\"https:\\\/\\\/www.rimocc.com\\\/#website\",\"url\":\"https:\\\/\\\/www.rimocc.com\\\/\",\"name\":\"D\u00e9p\u00f4t Vente Batterie Percussion | Rimocc Lyon\",\"description\":\"Rimocc: l&#039;unique magasin d\u00e9di\u00e9 enti\u00e8rement \u00e0 la batterie, percussion d&#039;occasion et vintage \u00e0 Lyon, France\",\"publisher\":{\"@id\":\"https:\\\/\\\/www.rimocc.com\\\/#organization\"},\"alternateName\":\"Rimocc'\",\"potentialAction\":[{\"@type\":\"SearchAction\",\"target\":{\"@type\":\"EntryPoint\",\"urlTemplate\":\"https:\\\/\\\/www.rimocc.com\\\/?s={search_term_string}\"},\"query-input\":{\"@type\":\"PropertyValueSpecification\",\"valueRequired\":true,\"valueName\":\"search_term_string\"}}],\"inLanguage\":\"en-US\"},{\"@type\":\"Organization\",\"@id\":\"https:\\\/\\\/www.rimocc.com\\\/#organization\",\"name\":\"Rimocc'\",\"alternateName\":\"Rimocc\",\"url\":\"https:\\\/\\\/www.rimocc.com\\\/\",\"logo\":{\"@type\":\"ImageObject\",\"inLanguage\":\"en-US\",\"@id\":\"https:\\\/\\\/www.rimocc.com\\\/#\\\/schema\\\/logo\\\/image\\\/\",\"url\":\"https:\\\/\\\/i0.wp.com\\\/www.rimocc.com\\\/wp-content\\\/uploads\\\/2023\\\/07\\\/RIMOCC_LOGO.jpg?fit=459%2C114&ssl=1\",\"contentUrl\":\"https:\\\/\\\/i0.wp.com\\\/www.rimocc.com\\\/wp-content\\\/uploads\\\/2023\\\/07\\\/RIMOCC_LOGO.jpg?fit=459%2C114&ssl=1\",\"width\":459,\"height\":114,\"caption\":\"Rimocc'\"},\"image\":{\"@id\":\"https:\\\/\\\/www.rimocc.com\\\/#\\\/schema\\\/logo\\\/image\\\/\"},\"sameAs\":[\"https:\\\/\\\/www.facebook.com\\\/rimocclyon\\\/?locale=fr_FR\",\"https:\\\/\\\/www.instagram.com\\\/rimoccc\\\/?hl=fr\",\"https:\\\/\\\/www.tiktok.com\\\/@rimocc\",\"https:\\\/\\\/www.youtube.com\\\/@Rimocc\"]}]}<\/script>\n<!-- \/ Yoast SEO plugin. -->","yoast_head_json":{"title":"Zildjian Avedis Sweet Ride 21\" - D\u00e9p\u00f4t Vente Batterie Percussion | Rimocc Lyon","description":"D\u00e9couvrez la Zildjian Avedis Sweet Ride 21\", une cymbale ride de qualit\u00e9 sup\u00e9rieure, issue de la c\u00e9l\u00e8bre s\u00e9rie Avedis. Alliage B20","robots":{"index":"index","follow":"follow","max-snippet":"max-snippet:-1","max-image-preview":"max-image-preview:large","max-video-preview":"max-video-preview:-1"},"canonical":"https:\/\/www.rimocc.com\/en\/product\/zildjian-avedis-sweet-ride-21-2\/","og_locale":"en_US","og_type":"article","og_title":"Zildjian Avedis Sweet Ride 21\" - D\u00e9p\u00f4t Vente Batterie Percussion | Rimocc Lyon","og_description":"D\u00e9couvrez la Zildjian Avedis Sweet Ride 21\", une cymbale ride de qualit\u00e9 sup\u00e9rieure, issue de la c\u00e9l\u00e8bre s\u00e9rie Avedis. Alliage B20","og_url":"https:\/\/www.rimocc.com\/en\/product\/zildjian-avedis-sweet-ride-21-2\/","og_site_name":"D\u00e9p\u00f4t Vente Batterie Percussion | Rimocc Lyon","article_publisher":"https:\/\/www.facebook.com\/rimocclyon\/?locale=fr_FR","article_modified_time":"2025-04-20T14:25:04+00:00","og_image":[{"width":1920,"height":1920,"url":"https:\/\/www.rimocc.com\/wp-content\/uploads\/2025\/03\/Zildjian-Avedis-Sweet-Ride-21_-1.jpg","type":"image\/jpeg"}],"twitter_card":"summary_large_image","twitter_misc":{"Est. reading time":"1 minute"},"schema":{"@context":"https:\/\/schema.org","@graph":[{"@type":"WebPage","@id":"https:\/\/www.rimocc.com\/product\/zildjian-avedis-sweet-ride-21-2\/","url":"https:\/\/www.rimocc.com\/product\/zildjian-avedis-sweet-ride-21-2\/","name":"Zildjian Avedis Sweet Ride 21\" - D\u00e9p\u00f4t Vente Batterie Percussion | Rimocc Lyon","isPartOf":{"@id":"https:\/\/www.rimocc.com\/#website"},"primaryImageOfPage":{"@id":"https:\/\/www.rimocc.com\/product\/zildjian-avedis-sweet-ride-21-2\/#primaryimage"},"image":{"@id":"https:\/\/www.rimocc.com\/product\/zildjian-avedis-sweet-ride-21-2\/#primaryimage"},"thumbnailUrl":"https:\/\/www.rimocc.com\/wp-content\/uploads\/2025\/03\/Zildjian-Avedis-Sweet-Ride-21_-1.jpg","datePublished":"2025-03-26T17:26:37+00:00","dateModified":"2025-04-20T14:25:04+00:00","description":"D\u00e9couvrez la Zildjian Avedis Sweet Ride 21\", une cymbale ride de qualit\u00e9 sup\u00e9rieure, issue de la c\u00e9l\u00e8bre s\u00e9rie Avedis. Alliage B20","breadcrumb":{"@id":"https:\/\/www.rimocc.com\/product\/zildjian-avedis-sweet-ride-21-2\/#breadcrumb"},"inLanguage":"en-US","potentialAction":[{"@type":"ReadAction","target":["https:\/\/www.rimocc.com\/product\/zildjian-avedis-sweet-ride-21-2\/"]}]},{"@type":"ImageObject","inLanguage":"en-US","@id":"https:\/\/www.rimocc.com\/product\/zildjian-avedis-sweet-ride-21-2\/#primaryimage","url":"https:\/\/www.rimocc.com\/wp-content\/uploads\/2025\/03\/Zildjian-Avedis-Sweet-Ride-21_-1.jpg","contentUrl":"https:\/\/www.rimocc.com\/wp-content\/uploads\/2025\/03\/Zildjian-Avedis-Sweet-Ride-21_-1.jpg","width":1920,"height":1920,"caption":"Zildjian Avedis Sweet Ride 21\""},{"@type":"BreadcrumbList","@id":"https:\/\/www.rimocc.com\/product\/zildjian-avedis-sweet-ride-21-2\/#breadcrumb","itemListElement":[{"@type":"ListItem","position":1,"name":"Home","item":"https:\/\/www.rimocc.com\/"},{"@type":"ListItem","position":2,"name":"Shop","item":"https:\/\/www.rimocc.com\/shop\/"},{"@type":"ListItem","position":3,"name":"Zildjian Avedis Sweet Ride 21&#8243;"}]},{"@type":"WebSite","@id":"https:\/\/www.rimocc.com\/#website","url":"https:\/\/www.rimocc.com\/","name":"D\u00e9p\u00f4t Vente Batterie Percussion | Rimocc Lyon","description":"Rimocc: l&#039;unique magasin d\u00e9di\u00e9 enti\u00e8rement \u00e0 la batterie, percussion d&#039;occasion et vintage \u00e0 Lyon, France","publisher":{"@id":"https:\/\/www.rimocc.com\/#organization"},"alternateName":"Rimocc'","potentialAction":[{"@type":"SearchAction","target":{"@type":"EntryPoint","urlTemplate":"https:\/\/www.rimocc.com\/?s={search_term_string}"},"query-input":{"@type":"PropertyValueSpecification","valueRequired":true,"valueName":"search_term_string"}}],"inLanguage":"en-US"},{"@type":"Organization","@id":"https:\/\/www.rimocc.com\/#organization","name":"Rimocc'","alternateName":"Rimocc","url":"https:\/\/www.rimocc.com\/","logo":{"@type":"ImageObject","inLanguage":"en-US","@id":"https:\/\/www.rimocc.com\/#\/schema\/logo\/image\/","url":"https:\/\/i0.wp.com\/www.rimocc.com\/wp-content\/uploads\/2023\/07\/RIMOCC_LOGO.jpg?fit=459%2C114&ssl=1","contentUrl":"https:\/\/i0.wp.com\/www.rimocc.com\/wp-content\/uploads\/2023\/07\/RIMOCC_LOGO.jpg?fit=459%2C114&ssl=1","width":459,"height":114,"caption":"Rimocc'"},"image":{"@id":"https:\/\/www.rimocc.com\/#\/schema\/logo\/image\/"},"sameAs":["https:\/\/www.facebook.com\/rimocclyon\/?locale=fr_FR","https:\/\/www.instagram.com\/rimoccc\/?hl=fr","https:\/\/www.tiktok.com\/@rimocc","https:\/\/www.youtube.com\/@Rimocc"]}]}},"jetpack_publicize_connections":[],"jetpack_sharing_enabled":true,"_links":{"self":[{"href":"https:\/\/www.rimocc.com\/en\/wp-json\/wp\/v2\/product\/14532","targetHints":{"allow":["GET"]}}],"collection":[{"href":"https:\/\/www.rimocc.com\/en\/wp-json\/wp\/v2\/product"}],"about":[{"href":"https:\/\/www.rimocc.com\/en\/wp-json\/wp\/v2\/types\/product"}],"replies":[{"embeddable":true,"href":"https:\/\/www.rimocc.com\/en\/wp-json\/wp\/v2\/comments?post=14532"}],"wp:featuredmedia":[{"embeddable":true,"href":"https:\/\/www.rimocc.com\/en\/wp-json\/wp\/v2\/media\/14531"}],"wp:attachment":[{"href":"https:\/\/www.rimocc.com\/en\/wp-json\/wp\/v2\/media?parent=14532"}],"wp:term":[{"taxonomy":"product_brand","embeddable":true,"href":"https:\/\/www.rimocc.com\/en\/wp-json\/wp\/v2\/product_brand?post=14532"},{"taxonomy":"product_cat","embeddable":true,"href":"https:\/\/www.rimocc.com\/en\/wp-json\/wp\/v2\/product_cat?post=14532"},{"taxonomy":"product_tag","embeddable":true,"href":"https:\/\/www.rimocc.com\/en\/wp-json\/wp\/v2\/product_tag?post=14532"}],"curies":[{"name":"wp","href":"https:\/\/api.w.org\/{rel}","templated":true}]}}