{"id":14528,"date":"2025-03-26T16:16:51","date_gmt":"2025-03-26T15:16:51","guid":{"rendered":"https:\/\/www.rimocc.com\/?post_type=product&#038;p=14528"},"modified":"2025-03-26T18:30:03","modified_gmt":"2025-03-26T17:30:03","slug":"ludwig-heirloom-14x55","status":"publish","type":"product","link":"https:\/\/www.rimocc.com\/en\/product\/ludwig-heirloom-14x55\/","title":{"rendered":"Ludwig Heirloom 14&Prime;x5,5&Prime;"},"content":{"rendered":"<p>Ludwig Heirloom 14&Prime;x5,5&Prime;<br \/>\nComme neuve, tr\u00e8s peu jou\u00e9e<\/p>\n<p>L&rsquo;acier inoxydable honore le prestige de plus de 100 ans de savoir-faire des caisses claires Ludwig. Il offre les performances \u00e0 volume \u00e9lev\u00e9 exig\u00e9es par les batteurs.<br \/>\nAttaque pure, mordant et concentration pour une pr\u00e9sence optimale.<br \/>\nDot\u00e9e d&rsquo;une bande \u00ab\u00a0H\u00e9ritage\u00a0\u00bb grav\u00e9e au laser sur mesure, cette caisse claire c\u00e9l\u00e8bre des g\u00e9n\u00e9rations de batteries fabriqu\u00e9es artisanalement, avec un badge Keystone argent\u00e9 et des coquilles imp\u00e9riales plates.<br \/>\n&#8211; 1mm Flat Brushed Stainless Steel Shell<br \/>\n&#8211; Custom Laser-Etched Heirloom Band<br \/>\n&#8211; 2.3mm Steel Triple Flanged Hoops<br \/>\n&#8211; P84 Throw-Off<br \/>\n&#8211; P35 Butt-Plate<br \/>\n&#8211; Ludwig Weather Master Clear Snare Side head<br \/>\n&#8211; 10 lugs<br \/>\n&#8211; Silver Keystone Badge<\/p>\n<p><a href=\"https:\/\/www.ludwig-drums.com\/en-us\/ludwig\/products\/snare-drums\">https:\/\/www.ludwig-drums.com\/en-us\/ludwig\/products\/snare-drums<\/a><br \/>\n<a href=\"https:\/\/www.rimocc.com\/en\/product-category\/caisse-claire\/\">https:\/\/www.rimocc.com\/product-category\/caisse-claire\/<\/a><\/p>","protected":false},"excerpt":{"rendered":"<p>Ludwig Heirloom 14&Prime;x5,5&Prime; Comme neuve, tr\u00e8s peu jou\u00e9e L&rsquo;acier inoxydable honore le prestige de plus de 100 ans de savoir-faire des caisses claires Ludwig. Il offre les performances \u00e0 volume \u00e9lev\u00e9 exig\u00e9es par les batteurs. Attaque pure, mordant et concentration pour une pr\u00e9sence optimale. Dot\u00e9e d&rsquo;une bande \u00ab\u00a0H\u00e9ritage\u00a0\u00bb grav\u00e9e au laser sur mesure, cette caisse [&hellip;]<\/p>\n","protected":false},"featured_media":14527,"comment_status":"open","ping_status":"closed","template":"","meta":{"jetpack_publicize_message":"","jetpack_publicize_feature_enabled":true,"jetpack_social_post_already_shared":false,"jetpack_social_options":{"image_generator_settings":{"template":"highway","default_image_id":0,"font":"","enabled":false},"version":2}},"product_brand":[],"product_cat":[25],"product_tag":[93,648],"class_list":{"0":"post-14528","1":"product","2":"type-product","3":"status-publish","4":"has-post-thumbnail","6":"product_cat-caisse-claire","7":"product_tag-ludwig","8":"product_tag-ludwig-heirloom","10":"entry","11":"has-media","13":"first","14":"outofstock","15":"shipping-taxable","16":"purchasable","17":"product-type-simple","18":"has-product-nav","19":"col","20":"span_1_of_3","21":"owp-content-center","22":"owp-thumbs-layout-horizontal","23":"owp-btn-normal","24":"owp-tabs-layout-horizontal"},"yoast_head":"<!-- This site is optimized with the Yoast SEO plugin v27.4 - https:\/\/yoast.com\/product\/yoast-seo-wordpress\/ -->\n<title>Ludwig Heirloom 14&quot;x5,5&quot; - D\u00e9p\u00f4t Vente Batterie Percussion | Rimocc Lyon<\/title>\n<meta name=\"description\" content=\"Ludwig Heirloom 14&quot;x5,5&quot; : une caisse claire d&#039;exception, hommage \u00e0 plus de 100 ans de savoir-faire Ludwig. Sonorit\u00e9 riche et puissante.\" \/>\n<meta name=\"robots\" content=\"index, follow, max-snippet:-1, max-image-preview:large, max-video-preview:-1\" \/>\n<link rel=\"canonical\" href=\"https:\/\/www.rimocc.com\/en\/product\/ludwig-heirloom-14x55\/\" \/>\n<meta property=\"og:locale\" content=\"en_US\" \/>\n<meta property=\"og:type\" content=\"article\" \/>\n<meta property=\"og:title\" content=\"Ludwig Heirloom 14&quot;x5,5&quot; - D\u00e9p\u00f4t Vente Batterie Percussion | Rimocc Lyon\" \/>\n<meta property=\"og:description\" content=\"Ludwig Heirloom 14&quot;x5,5&quot; : une caisse claire d&#039;exception, hommage \u00e0 plus de 100 ans de savoir-faire Ludwig. Sonorit\u00e9 riche et puissante.\" \/>\n<meta property=\"og:url\" content=\"https:\/\/www.rimocc.com\/en\/product\/ludwig-heirloom-14x55\/\" \/>\n<meta property=\"og:site_name\" content=\"D\u00e9p\u00f4t Vente Batterie Percussion | Rimocc Lyon\" \/>\n<meta property=\"article:publisher\" content=\"https:\/\/www.facebook.com\/rimocclyon\/?locale=fr_FR\" \/>\n<meta property=\"article:modified_time\" content=\"2025-03-26T17:30:03+00:00\" \/>\n<meta property=\"og:image\" content=\"https:\/\/www.rimocc.com\/wp-content\/uploads\/2025\/03\/Ludwig-Heirloom-14_x55_-1.jpg\" \/>\n\t<meta property=\"og:image:width\" content=\"1920\" \/>\n\t<meta property=\"og:image:height\" content=\"1920\" \/>\n\t<meta property=\"og:image:type\" content=\"image\/jpeg\" \/>\n<meta name=\"twitter:card\" content=\"summary_large_image\" \/>\n<meta name=\"twitter:label1\" content=\"Est. reading time\" \/>\n\t<meta name=\"twitter:data1\" content=\"1 minute\" \/>\n<script type=\"application\/ld+json\" class=\"yoast-schema-graph\">{\"@context\":\"https:\\\/\\\/schema.org\",\"@graph\":[{\"@type\":\"WebPage\",\"@id\":\"https:\\\/\\\/www.rimocc.com\\\/product\\\/ludwig-heirloom-14x55\\\/\",\"url\":\"https:\\\/\\\/www.rimocc.com\\\/product\\\/ludwig-heirloom-14x55\\\/\",\"name\":\"Ludwig Heirloom 14\\\"x5,5\\\" - D\u00e9p\u00f4t Vente Batterie Percussion | Rimocc Lyon\",\"isPartOf\":{\"@id\":\"https:\\\/\\\/www.rimocc.com\\\/#website\"},\"primaryImageOfPage\":{\"@id\":\"https:\\\/\\\/www.rimocc.com\\\/product\\\/ludwig-heirloom-14x55\\\/#primaryimage\"},\"image\":{\"@id\":\"https:\\\/\\\/www.rimocc.com\\\/product\\\/ludwig-heirloom-14x55\\\/#primaryimage\"},\"thumbnailUrl\":\"https:\\\/\\\/www.rimocc.com\\\/wp-content\\\/uploads\\\/2025\\\/03\\\/Ludwig-Heirloom-14_x55_-1.jpg\",\"datePublished\":\"2025-03-26T15:16:51+00:00\",\"dateModified\":\"2025-03-26T17:30:03+00:00\",\"description\":\"Ludwig Heirloom 14\\\"x5,5\\\" : une caisse claire d'exception, hommage \u00e0 plus de 100 ans de savoir-faire Ludwig. Sonorit\u00e9 riche et puissante.\",\"breadcrumb\":{\"@id\":\"https:\\\/\\\/www.rimocc.com\\\/product\\\/ludwig-heirloom-14x55\\\/#breadcrumb\"},\"inLanguage\":\"en-US\",\"potentialAction\":[{\"@type\":\"ReadAction\",\"target\":[\"https:\\\/\\\/www.rimocc.com\\\/product\\\/ludwig-heirloom-14x55\\\/\"]}]},{\"@type\":\"ImageObject\",\"inLanguage\":\"en-US\",\"@id\":\"https:\\\/\\\/www.rimocc.com\\\/product\\\/ludwig-heirloom-14x55\\\/#primaryimage\",\"url\":\"https:\\\/\\\/www.rimocc.com\\\/wp-content\\\/uploads\\\/2025\\\/03\\\/Ludwig-Heirloom-14_x55_-1.jpg\",\"contentUrl\":\"https:\\\/\\\/www.rimocc.com\\\/wp-content\\\/uploads\\\/2025\\\/03\\\/Ludwig-Heirloom-14_x55_-1.jpg\",\"width\":1920,\"height\":1920,\"caption\":\"Ludwig Heirloom 14\\\"x5,5\\\"\"},{\"@type\":\"BreadcrumbList\",\"@id\":\"https:\\\/\\\/www.rimocc.com\\\/product\\\/ludwig-heirloom-14x55\\\/#breadcrumb\",\"itemListElement\":[{\"@type\":\"ListItem\",\"position\":1,\"name\":\"Home\",\"item\":\"https:\\\/\\\/www.rimocc.com\\\/\"},{\"@type\":\"ListItem\",\"position\":2,\"name\":\"Shop\",\"item\":\"https:\\\/\\\/www.rimocc.com\\\/shop\\\/\"},{\"@type\":\"ListItem\",\"position\":3,\"name\":\"Ludwig Heirloom 14&#8243;x5,5&#8243;\"}]},{\"@type\":\"WebSite\",\"@id\":\"https:\\\/\\\/www.rimocc.com\\\/#website\",\"url\":\"https:\\\/\\\/www.rimocc.com\\\/\",\"name\":\"D\u00e9p\u00f4t Vente Batterie Percussion | Rimocc Lyon\",\"description\":\"Rimocc: l&#039;unique magasin d\u00e9di\u00e9 enti\u00e8rement \u00e0 la batterie, percussion d&#039;occasion et vintage \u00e0 Lyon, France\",\"publisher\":{\"@id\":\"https:\\\/\\\/www.rimocc.com\\\/#organization\"},\"alternateName\":\"Rimocc'\",\"potentialAction\":[{\"@type\":\"SearchAction\",\"target\":{\"@type\":\"EntryPoint\",\"urlTemplate\":\"https:\\\/\\\/www.rimocc.com\\\/?s={search_term_string}\"},\"query-input\":{\"@type\":\"PropertyValueSpecification\",\"valueRequired\":true,\"valueName\":\"search_term_string\"}}],\"inLanguage\":\"en-US\"},{\"@type\":\"Organization\",\"@id\":\"https:\\\/\\\/www.rimocc.com\\\/#organization\",\"name\":\"Rimocc'\",\"alternateName\":\"Rimocc\",\"url\":\"https:\\\/\\\/www.rimocc.com\\\/\",\"logo\":{\"@type\":\"ImageObject\",\"inLanguage\":\"en-US\",\"@id\":\"https:\\\/\\\/www.rimocc.com\\\/#\\\/schema\\\/logo\\\/image\\\/\",\"url\":\"https:\\\/\\\/i0.wp.com\\\/www.rimocc.com\\\/wp-content\\\/uploads\\\/2023\\\/07\\\/RIMOCC_LOGO.jpg?fit=459%2C114&ssl=1\",\"contentUrl\":\"https:\\\/\\\/i0.wp.com\\\/www.rimocc.com\\\/wp-content\\\/uploads\\\/2023\\\/07\\\/RIMOCC_LOGO.jpg?fit=459%2C114&ssl=1\",\"width\":459,\"height\":114,\"caption\":\"Rimocc'\"},\"image\":{\"@id\":\"https:\\\/\\\/www.rimocc.com\\\/#\\\/schema\\\/logo\\\/image\\\/\"},\"sameAs\":[\"https:\\\/\\\/www.facebook.com\\\/rimocclyon\\\/?locale=fr_FR\",\"https:\\\/\\\/www.instagram.com\\\/rimoccc\\\/?hl=fr\",\"https:\\\/\\\/www.tiktok.com\\\/@rimocc\",\"https:\\\/\\\/www.youtube.com\\\/@Rimocc\"]}]}<\/script>\n<!-- \/ Yoast SEO plugin. -->","yoast_head_json":{"title":"Ludwig Heirloom 14\"x5,5\" - D\u00e9p\u00f4t Vente Batterie Percussion | Rimocc Lyon","description":"Ludwig Heirloom 14\"x5,5\" : une caisse claire d'exception, hommage \u00e0 plus de 100 ans de savoir-faire Ludwig. Sonorit\u00e9 riche et puissante.","robots":{"index":"index","follow":"follow","max-snippet":"max-snippet:-1","max-image-preview":"max-image-preview:large","max-video-preview":"max-video-preview:-1"},"canonical":"https:\/\/www.rimocc.com\/en\/product\/ludwig-heirloom-14x55\/","og_locale":"en_US","og_type":"article","og_title":"Ludwig Heirloom 14\"x5,5\" - D\u00e9p\u00f4t Vente Batterie Percussion | Rimocc Lyon","og_description":"Ludwig Heirloom 14\"x5,5\" : une caisse claire d'exception, hommage \u00e0 plus de 100 ans de savoir-faire Ludwig. Sonorit\u00e9 riche et puissante.","og_url":"https:\/\/www.rimocc.com\/en\/product\/ludwig-heirloom-14x55\/","og_site_name":"D\u00e9p\u00f4t Vente Batterie Percussion | Rimocc Lyon","article_publisher":"https:\/\/www.facebook.com\/rimocclyon\/?locale=fr_FR","article_modified_time":"2025-03-26T17:30:03+00:00","og_image":[{"width":1920,"height":1920,"url":"https:\/\/www.rimocc.com\/wp-content\/uploads\/2025\/03\/Ludwig-Heirloom-14_x55_-1.jpg","type":"image\/jpeg"}],"twitter_card":"summary_large_image","twitter_misc":{"Est. reading time":"1 minute"},"schema":{"@context":"https:\/\/schema.org","@graph":[{"@type":"WebPage","@id":"https:\/\/www.rimocc.com\/product\/ludwig-heirloom-14x55\/","url":"https:\/\/www.rimocc.com\/product\/ludwig-heirloom-14x55\/","name":"Ludwig Heirloom 14\"x5,5\" - D\u00e9p\u00f4t Vente Batterie Percussion | Rimocc Lyon","isPartOf":{"@id":"https:\/\/www.rimocc.com\/#website"},"primaryImageOfPage":{"@id":"https:\/\/www.rimocc.com\/product\/ludwig-heirloom-14x55\/#primaryimage"},"image":{"@id":"https:\/\/www.rimocc.com\/product\/ludwig-heirloom-14x55\/#primaryimage"},"thumbnailUrl":"https:\/\/www.rimocc.com\/wp-content\/uploads\/2025\/03\/Ludwig-Heirloom-14_x55_-1.jpg","datePublished":"2025-03-26T15:16:51+00:00","dateModified":"2025-03-26T17:30:03+00:00","description":"Ludwig Heirloom 14\"x5,5\" : une caisse claire d'exception, hommage \u00e0 plus de 100 ans de savoir-faire Ludwig. Sonorit\u00e9 riche et puissante.","breadcrumb":{"@id":"https:\/\/www.rimocc.com\/product\/ludwig-heirloom-14x55\/#breadcrumb"},"inLanguage":"en-US","potentialAction":[{"@type":"ReadAction","target":["https:\/\/www.rimocc.com\/product\/ludwig-heirloom-14x55\/"]}]},{"@type":"ImageObject","inLanguage":"en-US","@id":"https:\/\/www.rimocc.com\/product\/ludwig-heirloom-14x55\/#primaryimage","url":"https:\/\/www.rimocc.com\/wp-content\/uploads\/2025\/03\/Ludwig-Heirloom-14_x55_-1.jpg","contentUrl":"https:\/\/www.rimocc.com\/wp-content\/uploads\/2025\/03\/Ludwig-Heirloom-14_x55_-1.jpg","width":1920,"height":1920,"caption":"Ludwig Heirloom 14\"x5,5\""},{"@type":"BreadcrumbList","@id":"https:\/\/www.rimocc.com\/product\/ludwig-heirloom-14x55\/#breadcrumb","itemListElement":[{"@type":"ListItem","position":1,"name":"Home","item":"https:\/\/www.rimocc.com\/"},{"@type":"ListItem","position":2,"name":"Shop","item":"https:\/\/www.rimocc.com\/shop\/"},{"@type":"ListItem","position":3,"name":"Ludwig Heirloom 14&#8243;x5,5&#8243;"}]},{"@type":"WebSite","@id":"https:\/\/www.rimocc.com\/#website","url":"https:\/\/www.rimocc.com\/","name":"D\u00e9p\u00f4t Vente Batterie Percussion | Rimocc Lyon","description":"Rimocc: l&#039;unique magasin d\u00e9di\u00e9 enti\u00e8rement \u00e0 la batterie, percussion d&#039;occasion et vintage \u00e0 Lyon, France","publisher":{"@id":"https:\/\/www.rimocc.com\/#organization"},"alternateName":"Rimocc'","potentialAction":[{"@type":"SearchAction","target":{"@type":"EntryPoint","urlTemplate":"https:\/\/www.rimocc.com\/?s={search_term_string}"},"query-input":{"@type":"PropertyValueSpecification","valueRequired":true,"valueName":"search_term_string"}}],"inLanguage":"en-US"},{"@type":"Organization","@id":"https:\/\/www.rimocc.com\/#organization","name":"Rimocc'","alternateName":"Rimocc","url":"https:\/\/www.rimocc.com\/","logo":{"@type":"ImageObject","inLanguage":"en-US","@id":"https:\/\/www.rimocc.com\/#\/schema\/logo\/image\/","url":"https:\/\/i0.wp.com\/www.rimocc.com\/wp-content\/uploads\/2023\/07\/RIMOCC_LOGO.jpg?fit=459%2C114&ssl=1","contentUrl":"https:\/\/i0.wp.com\/www.rimocc.com\/wp-content\/uploads\/2023\/07\/RIMOCC_LOGO.jpg?fit=459%2C114&ssl=1","width":459,"height":114,"caption":"Rimocc'"},"image":{"@id":"https:\/\/www.rimocc.com\/#\/schema\/logo\/image\/"},"sameAs":["https:\/\/www.facebook.com\/rimocclyon\/?locale=fr_FR","https:\/\/www.instagram.com\/rimoccc\/?hl=fr","https:\/\/www.tiktok.com\/@rimocc","https:\/\/www.youtube.com\/@Rimocc"]}]}},"jetpack_publicize_connections":[],"jetpack_sharing_enabled":true,"_links":{"self":[{"href":"https:\/\/www.rimocc.com\/en\/wp-json\/wp\/v2\/product\/14528","targetHints":{"allow":["GET"]}}],"collection":[{"href":"https:\/\/www.rimocc.com\/en\/wp-json\/wp\/v2\/product"}],"about":[{"href":"https:\/\/www.rimocc.com\/en\/wp-json\/wp\/v2\/types\/product"}],"replies":[{"embeddable":true,"href":"https:\/\/www.rimocc.com\/en\/wp-json\/wp\/v2\/comments?post=14528"}],"wp:featuredmedia":[{"embeddable":true,"href":"https:\/\/www.rimocc.com\/en\/wp-json\/wp\/v2\/media\/14527"}],"wp:attachment":[{"href":"https:\/\/www.rimocc.com\/en\/wp-json\/wp\/v2\/media?parent=14528"}],"wp:term":[{"taxonomy":"product_brand","embeddable":true,"href":"https:\/\/www.rimocc.com\/en\/wp-json\/wp\/v2\/product_brand?post=14528"},{"taxonomy":"product_cat","embeddable":true,"href":"https:\/\/www.rimocc.com\/en\/wp-json\/wp\/v2\/product_cat?post=14528"},{"taxonomy":"product_tag","embeddable":true,"href":"https:\/\/www.rimocc.com\/en\/wp-json\/wp\/v2\/product_tag?post=14528"}],"curies":[{"name":"wp","href":"https:\/\/api.w.org\/{rel}","templated":true}]}}