{"id":14520,"date":"2025-03-25T17:30:18","date_gmt":"2025-03-25T16:30:18","guid":{"rendered":"https:\/\/www.rimocc.com\/?post_type=product&#038;p=14520"},"modified":"2025-03-25T17:30:19","modified_gmt":"2025-03-25T16:30:19","slug":"zanki-flat-top-20","status":"publish","type":"product","link":"https:\/\/www.rimocc.com\/en\/product\/zanki-flat-top-20\/","title":{"rendered":"Zanki Flat Top 20&Prime;"},"content":{"rendered":"<p>Zanki Flat Top 20&Prime;<br \/>\nVintage 80&rsquo;s<br \/>\nBon \u00e9tat g\u00e9n\u00e9ral, quelques petites tonches sur la tranche<br \/>\n2538grs<\/p>\n<p>\u00ab\u00a0Le fabricant italien de cymbales Fiorello Zanchi aurait commenc\u00e9 \u00e0 travailler pour la famille Tronci, fabricants de cymbales et d&rsquo;orgues \u00e0 tuyaux, dans les ann\u00e9es 1920, selon Pinksterboer. Selon la m\u00eame source, Fiorello aurait ouvert son propre atelier, Zanchi, en 1947, et aurait commenc\u00e9 \u00e0 produire des cymbales artisanales, martel\u00e9es \u00e0 la main. Cependant, \u00e0 ce jour, aucune de ces Zanchi d&rsquo;avant les ann\u00e9es 1950 n&rsquo;est apparue sur le march\u00e9. Les cymbales Zanchi \u00e9taient principalement commercialis\u00e9es en Europe.<\/p>\n<p>Fiorello et Figli (Fiorello Zanchi 1 et Fils) \u00e9taient responsables de toutes les cymbales Zanchi. Ils ont chang\u00e9 l&rsquo;orthographe en Zanki pour \u00e9viter que les \u00e9trangers ne prononcent mal le nom. Carlo Biasei (UFIP) d\u00e9crit Fiorello Zanchi comme le ma\u00eetre de tous les fabricants de cymbales de Pistoia : \u00ab\u00a0C&rsquo;\u00e9tait l&rsquo;homme aux mains d&rsquo;or\u00a0\u00bb. \u00c0 l&rsquo;apog\u00e9e de l&rsquo;entreprise, au d\u00e9but des ann\u00e9es 1950, environ quatorze personnes travaillaient \u00e0 l&rsquo;usine. Dans les ann\u00e9es 1970, la demande de cymbales Zanchi est devenue si forte (principalement aux \u00c9tats-Unis, distribu\u00e9es par Unicorn), que l&rsquo;entreprise n&rsquo;a pas pu livrer suffisamment, ce qui a conduit \u00e0 sa fermeture en 1992.<\/p>\n<p>Certaines de leurs premi\u00e8res s\u00e9ries comprenaient la ligne \u00ab\u00a0Vibra Cymbals\u00a0\u00bb ; pendant plusieurs ann\u00e9es, on a cru que les Vibras avaient \u00e9t\u00e9 produites dans les ann\u00e9es 1960 ou 1970. Des informations r\u00e9centes fournies par un propri\u00e9taire de charlestons dans le Connecticut confirment que les siens ont \u00e9t\u00e9 achet\u00e9s en 1958, ce qui est la plus ancienne attribution enregistr\u00e9e \u00e0 ce jour. Quelques cymbales F &amp; F Vibra sont apparues sur le march\u00e9 qui montrent \u00e9galement le marquage \u00ab\u00a0Revere\u00a0\u00bb : int\u00e9ressant car Revere \u00e9tait une ancienne marque de stencil de Pearl, Japon, dans les ann\u00e9es 1960, on peut donc supposer que, pendant une certaine p\u00e9riode, Zanchi a eu une relation commerciale avec Pearl. Cependant, Revere \u00e9tait \u00e9galement une marque de stencil des batteries Kent, qui \u00e9taient fabriqu\u00e9es aux \u00c9tats-Unis et vendues. Plus tard, Kent a sous-trait\u00e9 une partie de sa fabrication \u00e0 Pearl. Mais les cymbales Revere Spotlight \u00e9taient fabriqu\u00e9es par Zanchi pour Revere, fabriqu\u00e9es par Kent Drum Company. Les Vibras \u00e9taient en alliage B20, g\u00e9n\u00e9ralement minces, et sont d\u00e9crites par certains comme ayant un son \u00ab\u00a0trashy\u00a0\u00bb. Pourtant, leur sifflement et leur caract\u00e8re glac\u00e9 sont consid\u00e9r\u00e9s par certains musiciens comme uniques, m\u00eame selon les normes actuelles.<\/p>\n<p>Changement de nom<\/p>\n<p>Dans les ann\u00e9es 1970, le nom de l&rsquo;entreprise a \u00e9t\u00e9 chang\u00e9 en Zanki, peut-\u00eatre parce que le \u00ab\u00a0ch\u00a0\u00bb italien se prononce comme un \u00ab\u00a0k\u00a0\u00bb ; ou, peut-\u00eatre, simplement comme un outil de marketing. Pendant les ann\u00e9es 1970, les Zanki avaient g\u00e9n\u00e9ralement de grands logos encr\u00e9s avec le nom \u00ab\u00a0Zanki\u00a0\u00bb. Parfois, la police de caract\u00e8res \u00e9tait creuse, parfois grasse. Le tampon en relief a \u00e9t\u00e9 chang\u00e9 pour indiquer \u00ab\u00a0ZANKI Italy\u00a0\u00bb. Ces cymbales \u00e9taient toujours fabriqu\u00e9es \u00e0 la main, mais \u00e9taient plus lourdes et avaient un son plus conventionnel, et sont consid\u00e9r\u00e9es par certains comme comparables \u00e0 une cymbale Avedis Zildjian de la fin des ann\u00e9es 1960 ou du d\u00e9but des ann\u00e9es 1970. Zanki utilisait occasionnellement encore le nom Vibra sur certaines de leurs cymbales de la s\u00e9rie des ann\u00e9es 1970, mais elles ne ressemblent pas aux F &amp; F Vibras des ann\u00e9es pr\u00e9c\u00e9dentes, ni au niveau du martelage ni du tournage.\u00a0\u00bb<\/p>\n<p><a href=\"https:\/\/www.rimocc.com\/en\/product-category\/cymbales\/\">https:\/\/www.rimocc.com\/product-category\/cymbales\/<\/a><\/p>\n<p>&nbsp;<\/p>","protected":false},"excerpt":{"rendered":"<p>Zanki Flat Top 20&Prime; Vintage 80&rsquo;s Bon \u00e9tat g\u00e9n\u00e9ral, quelques petites tonches sur la tranche 2538grs \u00ab\u00a0Le fabricant italien de cymbales Fiorello Zanchi aurait commenc\u00e9 \u00e0 travailler pour la famille Tronci, fabricants de cymbales et d&rsquo;orgues \u00e0 tuyaux, dans les ann\u00e9es 1920, selon Pinksterboer. Selon la m\u00eame source, Fiorello aurait ouvert son propre atelier, Zanchi, [&hellip;]<\/p>\n","protected":false},"featured_media":14519,"comment_status":"open","ping_status":"closed","template":"","meta":{"jetpack_publicize_message":"","jetpack_publicize_feature_enabled":true,"jetpack_social_post_already_shared":false,"jetpack_social_options":{"image_generator_settings":{"template":"highway","default_image_id":0,"font":"","enabled":false},"version":2}},"product_brand":[],"product_cat":[24],"product_tag":[74,73,548,538,647],"class_list":{"0":"post-14520","1":"product","2":"type-product","3":"status-publish","4":"has-post-thumbnail","6":"product_cat-cymbales","7":"product_tag-cymbal","8":"product_tag-cymbale","9":"product_tag-depot-vente-lyon","10":"product_tag-magasin-de-musique-lyon","11":"product_tag-zanki","13":"entry","14":"has-media","16":"first","17":"instock","18":"shipping-taxable","19":"purchasable","20":"product-type-simple","21":"has-product-nav","22":"col","23":"span_1_of_3","24":"owp-content-center","25":"owp-thumbs-layout-horizontal","26":"owp-btn-normal","27":"owp-tabs-layout-horizontal"},"yoast_head":"<!-- This site is optimized with the Yoast SEO plugin v27.6 - https:\/\/yoast.com\/product\/yoast-seo-wordpress\/ -->\n<title>Zanki Flat Top 20&quot; - D\u00e9p\u00f4t Vente Batterie Percussion | Rimocc Lyon<\/title>\n<meta name=\"description\" content=\"Plongez dans les ann\u00e9es 80 : la cymbale Zanki Flat Top 20&quot; vintage offre un son de ride d\u00e9fini et un caract\u00e8re vintage. Qualit\u00e9 de fabrication artisanale\" \/>\n<meta name=\"robots\" content=\"index, follow, max-snippet:-1, max-image-preview:large, max-video-preview:-1\" \/>\n<link rel=\"canonical\" href=\"https:\/\/www.rimocc.com\/en\/product\/zanki-flat-top-20\/\" \/>\n<meta property=\"og:locale\" content=\"en_US\" \/>\n<meta property=\"og:type\" content=\"article\" \/>\n<meta property=\"og:title\" content=\"Zanki Flat Top 20&quot; - D\u00e9p\u00f4t Vente Batterie Percussion | Rimocc Lyon\" \/>\n<meta property=\"og:description\" content=\"Plongez dans les ann\u00e9es 80 : la cymbale Zanki Flat Top 20&quot; vintage offre un son de ride d\u00e9fini et un caract\u00e8re vintage. Qualit\u00e9 de fabrication artisanale\" \/>\n<meta property=\"og:url\" content=\"https:\/\/www.rimocc.com\/en\/product\/zanki-flat-top-20\/\" \/>\n<meta property=\"og:site_name\" content=\"D\u00e9p\u00f4t Vente Batterie Percussion | Rimocc Lyon\" \/>\n<meta property=\"article:publisher\" content=\"https:\/\/www.facebook.com\/rimocclyon\/?locale=fr_FR\" \/>\n<meta property=\"article:modified_time\" content=\"2025-03-25T16:30:19+00:00\" \/>\n<meta property=\"og:image\" content=\"https:\/\/www.rimocc.com\/wp-content\/uploads\/2025\/03\/Zanki-Flat-Top-20_-1.jpg\" \/>\n\t<meta property=\"og:image:width\" content=\"1920\" \/>\n\t<meta property=\"og:image:height\" content=\"1920\" \/>\n\t<meta property=\"og:image:type\" content=\"image\/jpeg\" \/>\n<meta name=\"twitter:card\" content=\"summary_large_image\" \/>\n<meta name=\"twitter:label1\" content=\"Est. reading time\" \/>\n\t<meta name=\"twitter:data1\" content=\"3 minutes\" \/>\n<script type=\"application\/ld+json\" class=\"yoast-schema-graph\">{\"@context\":\"https:\\\/\\\/schema.org\",\"@graph\":[{\"@type\":\"WebPage\",\"@id\":\"https:\\\/\\\/www.rimocc.com\\\/product\\\/zanki-flat-top-20\\\/\",\"url\":\"https:\\\/\\\/www.rimocc.com\\\/product\\\/zanki-flat-top-20\\\/\",\"name\":\"Zanki Flat Top 20\\\" - D\u00e9p\u00f4t Vente Batterie Percussion | Rimocc Lyon\",\"isPartOf\":{\"@id\":\"https:\\\/\\\/www.rimocc.com\\\/#website\"},\"primaryImageOfPage\":{\"@id\":\"https:\\\/\\\/www.rimocc.com\\\/product\\\/zanki-flat-top-20\\\/#primaryimage\"},\"image\":{\"@id\":\"https:\\\/\\\/www.rimocc.com\\\/product\\\/zanki-flat-top-20\\\/#primaryimage\"},\"thumbnailUrl\":\"https:\\\/\\\/www.rimocc.com\\\/wp-content\\\/uploads\\\/2025\\\/03\\\/Zanki-Flat-Top-20_-1.jpg\",\"datePublished\":\"2025-03-25T16:30:18+00:00\",\"dateModified\":\"2025-03-25T16:30:19+00:00\",\"description\":\"Plongez dans les ann\u00e9es 80 : la cymbale Zanki Flat Top 20\\\" vintage offre un son de ride d\u00e9fini et un caract\u00e8re vintage. Qualit\u00e9 de fabrication artisanale\",\"breadcrumb\":{\"@id\":\"https:\\\/\\\/www.rimocc.com\\\/product\\\/zanki-flat-top-20\\\/#breadcrumb\"},\"inLanguage\":\"en-US\",\"potentialAction\":[{\"@type\":\"ReadAction\",\"target\":[\"https:\\\/\\\/www.rimocc.com\\\/product\\\/zanki-flat-top-20\\\/\"]}]},{\"@type\":\"ImageObject\",\"inLanguage\":\"en-US\",\"@id\":\"https:\\\/\\\/www.rimocc.com\\\/product\\\/zanki-flat-top-20\\\/#primaryimage\",\"url\":\"https:\\\/\\\/www.rimocc.com\\\/wp-content\\\/uploads\\\/2025\\\/03\\\/Zanki-Flat-Top-20_-1.jpg\",\"contentUrl\":\"https:\\\/\\\/www.rimocc.com\\\/wp-content\\\/uploads\\\/2025\\\/03\\\/Zanki-Flat-Top-20_-1.jpg\",\"width\":1920,\"height\":1920,\"caption\":\"Zanki Flat Top 20\\\"\"},{\"@type\":\"BreadcrumbList\",\"@id\":\"https:\\\/\\\/www.rimocc.com\\\/product\\\/zanki-flat-top-20\\\/#breadcrumb\",\"itemListElement\":[{\"@type\":\"ListItem\",\"position\":1,\"name\":\"Home\",\"item\":\"https:\\\/\\\/www.rimocc.com\\\/\"},{\"@type\":\"ListItem\",\"position\":2,\"name\":\"Shop\",\"item\":\"https:\\\/\\\/www.rimocc.com\\\/shop\\\/\"},{\"@type\":\"ListItem\",\"position\":3,\"name\":\"Zanki Flat Top 20&#8243;\"}]},{\"@type\":\"WebSite\",\"@id\":\"https:\\\/\\\/www.rimocc.com\\\/#website\",\"url\":\"https:\\\/\\\/www.rimocc.com\\\/\",\"name\":\"D\u00e9p\u00f4t Vente Batterie Percussion | Rimocc Lyon\",\"description\":\"Rimocc: l&#039;unique magasin d\u00e9di\u00e9 enti\u00e8rement \u00e0 la batterie, percussion d&#039;occasion et vintage \u00e0 Lyon, France\",\"publisher\":{\"@id\":\"https:\\\/\\\/www.rimocc.com\\\/#organization\"},\"alternateName\":\"Rimocc'\",\"potentialAction\":[{\"@type\":\"SearchAction\",\"target\":{\"@type\":\"EntryPoint\",\"urlTemplate\":\"https:\\\/\\\/www.rimocc.com\\\/?s={search_term_string}\"},\"query-input\":{\"@type\":\"PropertyValueSpecification\",\"valueRequired\":true,\"valueName\":\"search_term_string\"}}],\"inLanguage\":\"en-US\"},{\"@type\":\"Organization\",\"@id\":\"https:\\\/\\\/www.rimocc.com\\\/#organization\",\"name\":\"Rimocc'\",\"alternateName\":\"Rimocc\",\"url\":\"https:\\\/\\\/www.rimocc.com\\\/\",\"logo\":{\"@type\":\"ImageObject\",\"inLanguage\":\"en-US\",\"@id\":\"https:\\\/\\\/www.rimocc.com\\\/#\\\/schema\\\/logo\\\/image\\\/\",\"url\":\"https:\\\/\\\/i0.wp.com\\\/www.rimocc.com\\\/wp-content\\\/uploads\\\/2023\\\/07\\\/RIMOCC_LOGO.jpg?fit=459%2C114&ssl=1\",\"contentUrl\":\"https:\\\/\\\/i0.wp.com\\\/www.rimocc.com\\\/wp-content\\\/uploads\\\/2023\\\/07\\\/RIMOCC_LOGO.jpg?fit=459%2C114&ssl=1\",\"width\":459,\"height\":114,\"caption\":\"Rimocc'\"},\"image\":{\"@id\":\"https:\\\/\\\/www.rimocc.com\\\/#\\\/schema\\\/logo\\\/image\\\/\"},\"sameAs\":[\"https:\\\/\\\/www.facebook.com\\\/rimocclyon\\\/?locale=fr_FR\",\"https:\\\/\\\/www.instagram.com\\\/rimoccc\\\/?hl=fr\",\"https:\\\/\\\/www.tiktok.com\\\/@rimocc\",\"https:\\\/\\\/www.youtube.com\\\/@Rimocc\"]}]}<\/script>\n<!-- \/ Yoast SEO plugin. -->","yoast_head_json":{"title":"Zanki Flat Top 20\" - D\u00e9p\u00f4t Vente Batterie Percussion | Rimocc Lyon","description":"Plongez dans les ann\u00e9es 80 : la cymbale Zanki Flat Top 20\" vintage offre un son de ride d\u00e9fini et un caract\u00e8re vintage. Qualit\u00e9 de fabrication artisanale","robots":{"index":"index","follow":"follow","max-snippet":"max-snippet:-1","max-image-preview":"max-image-preview:large","max-video-preview":"max-video-preview:-1"},"canonical":"https:\/\/www.rimocc.com\/en\/product\/zanki-flat-top-20\/","og_locale":"en_US","og_type":"article","og_title":"Zanki Flat Top 20\" - D\u00e9p\u00f4t Vente Batterie Percussion | Rimocc Lyon","og_description":"Plongez dans les ann\u00e9es 80 : la cymbale Zanki Flat Top 20\" vintage offre un son de ride d\u00e9fini et un caract\u00e8re vintage. Qualit\u00e9 de fabrication artisanale","og_url":"https:\/\/www.rimocc.com\/en\/product\/zanki-flat-top-20\/","og_site_name":"D\u00e9p\u00f4t Vente Batterie Percussion | Rimocc Lyon","article_publisher":"https:\/\/www.facebook.com\/rimocclyon\/?locale=fr_FR","article_modified_time":"2025-03-25T16:30:19+00:00","og_image":[{"width":1920,"height":1920,"url":"https:\/\/www.rimocc.com\/wp-content\/uploads\/2025\/03\/Zanki-Flat-Top-20_-1.jpg","type":"image\/jpeg"}],"twitter_card":"summary_large_image","twitter_misc":{"Est. reading time":"3 minutes"},"schema":{"@context":"https:\/\/schema.org","@graph":[{"@type":"WebPage","@id":"https:\/\/www.rimocc.com\/product\/zanki-flat-top-20\/","url":"https:\/\/www.rimocc.com\/product\/zanki-flat-top-20\/","name":"Zanki Flat Top 20\" - D\u00e9p\u00f4t Vente Batterie Percussion | Rimocc Lyon","isPartOf":{"@id":"https:\/\/www.rimocc.com\/#website"},"primaryImageOfPage":{"@id":"https:\/\/www.rimocc.com\/product\/zanki-flat-top-20\/#primaryimage"},"image":{"@id":"https:\/\/www.rimocc.com\/product\/zanki-flat-top-20\/#primaryimage"},"thumbnailUrl":"https:\/\/www.rimocc.com\/wp-content\/uploads\/2025\/03\/Zanki-Flat-Top-20_-1.jpg","datePublished":"2025-03-25T16:30:18+00:00","dateModified":"2025-03-25T16:30:19+00:00","description":"Plongez dans les ann\u00e9es 80 : la cymbale Zanki Flat Top 20\" vintage offre un son de ride d\u00e9fini et un caract\u00e8re vintage. Qualit\u00e9 de fabrication artisanale","breadcrumb":{"@id":"https:\/\/www.rimocc.com\/product\/zanki-flat-top-20\/#breadcrumb"},"inLanguage":"en-US","potentialAction":[{"@type":"ReadAction","target":["https:\/\/www.rimocc.com\/product\/zanki-flat-top-20\/"]}]},{"@type":"ImageObject","inLanguage":"en-US","@id":"https:\/\/www.rimocc.com\/product\/zanki-flat-top-20\/#primaryimage","url":"https:\/\/www.rimocc.com\/wp-content\/uploads\/2025\/03\/Zanki-Flat-Top-20_-1.jpg","contentUrl":"https:\/\/www.rimocc.com\/wp-content\/uploads\/2025\/03\/Zanki-Flat-Top-20_-1.jpg","width":1920,"height":1920,"caption":"Zanki Flat Top 20\""},{"@type":"BreadcrumbList","@id":"https:\/\/www.rimocc.com\/product\/zanki-flat-top-20\/#breadcrumb","itemListElement":[{"@type":"ListItem","position":1,"name":"Home","item":"https:\/\/www.rimocc.com\/"},{"@type":"ListItem","position":2,"name":"Shop","item":"https:\/\/www.rimocc.com\/shop\/"},{"@type":"ListItem","position":3,"name":"Zanki Flat Top 20&#8243;"}]},{"@type":"WebSite","@id":"https:\/\/www.rimocc.com\/#website","url":"https:\/\/www.rimocc.com\/","name":"D\u00e9p\u00f4t Vente Batterie Percussion | Rimocc Lyon","description":"Rimocc: l&#039;unique magasin d\u00e9di\u00e9 enti\u00e8rement \u00e0 la batterie, percussion d&#039;occasion et vintage \u00e0 Lyon, France","publisher":{"@id":"https:\/\/www.rimocc.com\/#organization"},"alternateName":"Rimocc'","potentialAction":[{"@type":"SearchAction","target":{"@type":"EntryPoint","urlTemplate":"https:\/\/www.rimocc.com\/?s={search_term_string}"},"query-input":{"@type":"PropertyValueSpecification","valueRequired":true,"valueName":"search_term_string"}}],"inLanguage":"en-US"},{"@type":"Organization","@id":"https:\/\/www.rimocc.com\/#organization","name":"Rimocc'","alternateName":"Rimocc","url":"https:\/\/www.rimocc.com\/","logo":{"@type":"ImageObject","inLanguage":"en-US","@id":"https:\/\/www.rimocc.com\/#\/schema\/logo\/image\/","url":"https:\/\/i0.wp.com\/www.rimocc.com\/wp-content\/uploads\/2023\/07\/RIMOCC_LOGO.jpg?fit=459%2C114&ssl=1","contentUrl":"https:\/\/i0.wp.com\/www.rimocc.com\/wp-content\/uploads\/2023\/07\/RIMOCC_LOGO.jpg?fit=459%2C114&ssl=1","width":459,"height":114,"caption":"Rimocc'"},"image":{"@id":"https:\/\/www.rimocc.com\/#\/schema\/logo\/image\/"},"sameAs":["https:\/\/www.facebook.com\/rimocclyon\/?locale=fr_FR","https:\/\/www.instagram.com\/rimoccc\/?hl=fr","https:\/\/www.tiktok.com\/@rimocc","https:\/\/www.youtube.com\/@Rimocc"]}]}},"jetpack_publicize_connections":[],"jetpack_sharing_enabled":true,"_links":{"self":[{"href":"https:\/\/www.rimocc.com\/en\/wp-json\/wp\/v2\/product\/14520","targetHints":{"allow":["GET"]}}],"collection":[{"href":"https:\/\/www.rimocc.com\/en\/wp-json\/wp\/v2\/product"}],"about":[{"href":"https:\/\/www.rimocc.com\/en\/wp-json\/wp\/v2\/types\/product"}],"replies":[{"embeddable":true,"href":"https:\/\/www.rimocc.com\/en\/wp-json\/wp\/v2\/comments?post=14520"}],"wp:featuredmedia":[{"embeddable":true,"href":"https:\/\/www.rimocc.com\/en\/wp-json\/wp\/v2\/media\/14519"}],"wp:attachment":[{"href":"https:\/\/www.rimocc.com\/en\/wp-json\/wp\/v2\/media?parent=14520"}],"wp:term":[{"taxonomy":"product_brand","embeddable":true,"href":"https:\/\/www.rimocc.com\/en\/wp-json\/wp\/v2\/product_brand?post=14520"},{"taxonomy":"product_cat","embeddable":true,"href":"https:\/\/www.rimocc.com\/en\/wp-json\/wp\/v2\/product_cat?post=14520"},{"taxonomy":"product_tag","embeddable":true,"href":"https:\/\/www.rimocc.com\/en\/wp-json\/wp\/v2\/product_tag?post=14520"}],"curies":[{"name":"wp","href":"https:\/\/api.w.org\/{rel}","templated":true}]}}