{"id":14504,"date":"2025-03-25T12:51:15","date_gmt":"2025-03-25T11:51:15","guid":{"rendered":"https:\/\/www.rimocc.com\/?post_type=product&#038;p=14504"},"modified":"2026-04-29T14:43:34","modified_gmt":"2026-04-29T12:43:34","slug":"ludwig-aged-exotic-tamo-ash-14x65-ls403xxcc-ltd-edition-50-ex","status":"publish","type":"product","link":"https:\/\/www.rimocc.com\/en\/product\/ludwig-aged-exotic-tamo-ash-14x65-ls403xxcc-ltd-edition-50-ex\/","title":{"rendered":"Ludwig Aged Exotic Tamo Ash 14&Prime;x6,5&Prime; LS403XXCC Ltd Edition 50 ex."},"content":{"rendered":"<p>Ludwig Aged Exotic Tamo Ash 14&Prime;x6,5&Prime; LS403XXCC Ltd Edition 50 ex.<br \/>\nComme neuve, jamais jou\u00e9e<br \/>\nAvec Ludwig Case, certificat d&rsquo;authenticit\u00e9 cl\u00e9 &amp; garantie<br \/>\nEdition limit\u00e9e \u00e0 50 exemplaires au monde<\/p>\n<p><em><strong>\u00ab\u00a0Enl\u00e8vement sur place privil\u00e9gi\u00e9 mais envoi possible sur devis s\u00e9par\u00e9 &#8211; merci de s\u00e9lectionner l&rsquo;option \u00ab\u00a0retrait en magasin\u00a0\u00bb et nous vous ferons parvenir un devis s\u00e9par\u00e9 pour la livraison, \u00e0 r\u00e9gler s\u00e9par\u00e9ment\u00a0\u00bb<br \/>\nInternational order and delivery possible but subject to a separate quote &amp; payment. Please select the pick-up on site option during payment and we&rsquo;ll send you a separate payment link for the delivery fee covering full insurance &amp; sign-for option. Contact us\u00a0 for a delivery quote first \u00ab\u00a0<\/strong><\/em><\/p>\n<p>Le f\u00fbt est fini en Cherry Caramel sur fr\u00eane Tamo. La construction du f\u00fbt de cette caisse claire est en 10 plis, les plis int\u00e9rieur et ext\u00e9rieur sont tous deux en fr\u00eane Tamo tandis que les 8 plis int\u00e9rieurs sont en \u00e9rable de qualit\u00e9 sup\u00e9rieure.<br \/>\nCette caisse claire en \u00e9dition limit\u00e9e a des lits de timbre type &rsquo;63 et des chanfreins \u00e0 45 degr\u00e9s. Elle est \u00e9quip\u00e9e de cercles single flange en nickel, d&rsquo;un d\u00e9clencheur P88AC en nickel et d&rsquo;un contre-d\u00e9clencheur P35.<br \/>\nLe f\u00fbt est \u00e9quip\u00e9 de 10 tirants tubulaires, des tout nouveaux timbres \u00a0\u00bb &rsquo;63 18 brins \u00a0\u00bb et est livr\u00e9 avec une peau Ludwig Heavy Coated Weathermaster.<br \/>\nUn certificat d&rsquo;authenticit\u00e9 et une housse rembourr\u00e9e Ludwig Floral Script sont \u00e9galement inclus avec la caisse claire + certificat de garantie.<\/p>\n<p>14 x 6.5 F\u00fbt 10 plis Tamo \/ \u00c9rable Tamo<br \/>\nF\u00fbt hybride en fr\u00eane Tamo vieilli de qualit\u00e9 sup\u00e9rieure et en \u00e9rable AAA<br \/>\n\u00c9dition limit\u00e9e &#8211; 50 fabriqu\u00e9es<br \/>\nFinition laqu\u00e9e Cherry Caramel sur fr\u00eane Tamo<br \/>\nCercles single flange en nickel<br \/>\nD\u00e9clencheur P88AC en nickel et contre-d\u00e9clencheur P35<br \/>\n10 x Tirants tubulaires<br \/>\nBadge du 110e anniversaire de Ludwig<br \/>\nTimbres \u00a0\u00bb &rsquo;63 18 brins \u00a0\u00bb<br \/>\nPeau Heavy Coated Weathermaster<br \/>\nHousse rembourr\u00e9e Ludwig Floral Script incluse<br \/>\nCertificat d&rsquo;authenticit\u00e9 sign\u00e9 inclus<br \/>\nFabriqu\u00e9e aux USA<\/p>\n<p><a href=\"https:\/\/www.ludwig-drums.com\/en-us\/ludwig\/products\/snare-drums\">https:\/\/www.ludwig-drums.com\/en-us\/ludwig\/products\/snare-drums<\/a><br \/>\n<a href=\"https:\/\/www.rimocc.com\/en\/product-category\/caisse-claire\/\">https:\/\/www.rimocc.com\/product-category\/caisse-claire\/<\/a><\/p>\n<p class=\"responsive-video-wrap clr\"><iframe title=\"Ludwig Aged Exotic Tamo Ash #ludwigdrums  #drums #drummer   #tamoash  #snaredrum  @LudwigDrumsHQ\" width=\"563\" height=\"1000\" src=\"https:\/\/www.youtube.com\/embed\/KmWtrozL2Lw?feature=oembed\" frameborder=\"0\" allow=\"accelerometer; autoplay; clipboard-write; encrypted-media; gyroscope; picture-in-picture; web-share\" referrerpolicy=\"strict-origin-when-cross-origin\" allowfullscreen><\/iframe><\/p>","protected":false},"excerpt":{"rendered":"<p>Ludwig Aged Exotic Tamo Ash 14&Prime;x6,5&Prime; LS403XXCC Ltd Edition 50 ex. Comme neuve, jamais jou\u00e9e Avec Ludwig Case, certificat d&rsquo;authenticit\u00e9 cl\u00e9 &amp; garantie Edition limit\u00e9e \u00e0 50 exemplaires au monde \u00ab\u00a0Enl\u00e8vement sur place privil\u00e9gi\u00e9 mais envoi possible sur devis s\u00e9par\u00e9 &#8211; merci de s\u00e9lectionner l&rsquo;option \u00ab\u00a0retrait en magasin\u00a0\u00bb et nous vous ferons parvenir un devis [&hellip;]<\/p>\n","protected":false},"featured_media":14503,"comment_status":"open","ping_status":"closed","template":"","meta":{"jetpack_publicize_message":"","jetpack_publicize_feature_enabled":true,"jetpack_social_post_already_shared":false,"jetpack_social_options":{"image_generator_settings":{"template":"highway","default_image_id":0,"font":"","enabled":false},"version":2}},"product_brand":[669],"product_cat":[25],"product_tag":[63,548,93,646,538],"class_list":{"0":"post-14504","1":"product","2":"type-product","3":"status-publish","4":"has-post-thumbnail","6":"product_brand-ludwig","7":"product_cat-caisse-claire","8":"product_tag-caisse-claire","9":"product_tag-depot-vente-lyon","10":"product_tag-ludwig","11":"product_tag-ludwig-exotic-tamo-ash","12":"product_tag-magasin-de-musique-lyon","14":"entry","15":"has-media","17":"first","18":"instock","19":"shipping-taxable","20":"purchasable","21":"product-type-simple","22":"has-product-nav","23":"col","24":"span_1_of_3","25":"owp-content-center","26":"owp-thumbs-layout-horizontal","27":"owp-btn-normal","28":"owp-tabs-layout-horizontal"},"yoast_head":"<!-- This site is optimized with the Yoast SEO plugin v27.6 - https:\/\/yoast.com\/product\/yoast-seo-wordpress\/ -->\n<title>Ludwig Aged Exotic Tamo Ash 14&quot;x6,5&quot; LS403XXCC Ltd Edition 50 ex. - D\u00e9p\u00f4t Vente Batterie Percussion | Rimocc Lyon<\/title>\n<meta name=\"description\" content=\"Ludwig Aged Exotic Tamo Ash 14&quot;x6,5&quot;: une caisse claire de prestige en fr\u00eane Tamo vieilli. Son design et sa sonorit\u00e9 en font un instrument d&#039;exception.\" \/>\n<meta name=\"robots\" content=\"index, follow, max-snippet:-1, max-image-preview:large, max-video-preview:-1\" \/>\n<link rel=\"canonical\" href=\"https:\/\/www.rimocc.com\/en\/product\/ludwig-aged-exotic-tamo-ash-14x65-ls403xxcc-ltd-edition-50-ex\/\" \/>\n<meta property=\"og:locale\" content=\"en_US\" \/>\n<meta property=\"og:type\" content=\"article\" \/>\n<meta property=\"og:title\" content=\"Ludwig Aged Exotic Tamo Ash 14&quot;x6,5&quot; LS403XXCC Ltd Edition 50 ex. - D\u00e9p\u00f4t Vente Batterie Percussion | Rimocc Lyon\" \/>\n<meta property=\"og:description\" content=\"Ludwig Aged Exotic Tamo Ash 14&quot;x6,5&quot;: une caisse claire de prestige en fr\u00eane Tamo vieilli. Son design et sa sonorit\u00e9 en font un instrument d&#039;exception.\" \/>\n<meta property=\"og:url\" content=\"https:\/\/www.rimocc.com\/en\/product\/ludwig-aged-exotic-tamo-ash-14x65-ls403xxcc-ltd-edition-50-ex\/\" \/>\n<meta property=\"og:site_name\" content=\"D\u00e9p\u00f4t Vente Batterie Percussion | Rimocc Lyon\" \/>\n<meta property=\"article:publisher\" content=\"https:\/\/www.facebook.com\/rimocclyon\/?locale=fr_FR\" \/>\n<meta property=\"article:modified_time\" content=\"2026-04-29T12:43:34+00:00\" \/>\n<meta property=\"og:image\" content=\"https:\/\/www.rimocc.com\/wp-content\/uploads\/2025\/03\/Ludwig-Aged-Exotic-Tamo-Ash-14x65-LS403XXCC-1.jpg\" \/>\n\t<meta property=\"og:image:width\" content=\"1920\" \/>\n\t<meta property=\"og:image:height\" content=\"1920\" \/>\n\t<meta property=\"og:image:type\" content=\"image\/jpeg\" \/>\n<meta name=\"twitter:card\" content=\"summary_large_image\" \/>\n<meta name=\"twitter:label1\" content=\"Est. reading time\" \/>\n\t<meta name=\"twitter:data1\" content=\"2 minutes\" \/>\n<script type=\"application\/ld+json\" class=\"yoast-schema-graph\">{\"@context\":\"https:\\\/\\\/schema.org\",\"@graph\":[{\"@type\":\"WebPage\",\"@id\":\"https:\\\/\\\/www.rimocc.com\\\/product\\\/ludwig-aged-exotic-tamo-ash-14x65-ls403xxcc-ltd-edition-50-ex\\\/\",\"url\":\"https:\\\/\\\/www.rimocc.com\\\/product\\\/ludwig-aged-exotic-tamo-ash-14x65-ls403xxcc-ltd-edition-50-ex\\\/\",\"name\":\"Ludwig Aged Exotic Tamo Ash 14\\\"x6,5\\\" LS403XXCC Ltd Edition 50 ex. - D\u00e9p\u00f4t Vente Batterie Percussion | Rimocc Lyon\",\"isPartOf\":{\"@id\":\"https:\\\/\\\/www.rimocc.com\\\/#website\"},\"primaryImageOfPage\":{\"@id\":\"https:\\\/\\\/www.rimocc.com\\\/product\\\/ludwig-aged-exotic-tamo-ash-14x65-ls403xxcc-ltd-edition-50-ex\\\/#primaryimage\"},\"image\":{\"@id\":\"https:\\\/\\\/www.rimocc.com\\\/product\\\/ludwig-aged-exotic-tamo-ash-14x65-ls403xxcc-ltd-edition-50-ex\\\/#primaryimage\"},\"thumbnailUrl\":\"https:\\\/\\\/www.rimocc.com\\\/wp-content\\\/uploads\\\/2025\\\/03\\\/Ludwig-Aged-Exotic-Tamo-Ash-14x65-LS403XXCC-1.jpg\",\"datePublished\":\"2025-03-25T11:51:15+00:00\",\"dateModified\":\"2026-04-29T12:43:34+00:00\",\"description\":\"Ludwig Aged Exotic Tamo Ash 14\\\"x6,5\\\": une caisse claire de prestige en fr\u00eane Tamo vieilli. Son design et sa sonorit\u00e9 en font un instrument d'exception.\",\"breadcrumb\":{\"@id\":\"https:\\\/\\\/www.rimocc.com\\\/product\\\/ludwig-aged-exotic-tamo-ash-14x65-ls403xxcc-ltd-edition-50-ex\\\/#breadcrumb\"},\"inLanguage\":\"en-US\",\"potentialAction\":[{\"@type\":\"ReadAction\",\"target\":[\"https:\\\/\\\/www.rimocc.com\\\/product\\\/ludwig-aged-exotic-tamo-ash-14x65-ls403xxcc-ltd-edition-50-ex\\\/\"]}]},{\"@type\":\"ImageObject\",\"inLanguage\":\"en-US\",\"@id\":\"https:\\\/\\\/www.rimocc.com\\\/product\\\/ludwig-aged-exotic-tamo-ash-14x65-ls403xxcc-ltd-edition-50-ex\\\/#primaryimage\",\"url\":\"https:\\\/\\\/www.rimocc.com\\\/wp-content\\\/uploads\\\/2025\\\/03\\\/Ludwig-Aged-Exotic-Tamo-Ash-14x65-LS403XXCC-1.jpg\",\"contentUrl\":\"https:\\\/\\\/www.rimocc.com\\\/wp-content\\\/uploads\\\/2025\\\/03\\\/Ludwig-Aged-Exotic-Tamo-Ash-14x65-LS403XXCC-1.jpg\",\"width\":1920,\"height\":1920,\"caption\":\"Ludwig Aged Exotic Tamo Ash 14\\\"x6,5\\\" LS403XXCC\"},{\"@type\":\"BreadcrumbList\",\"@id\":\"https:\\\/\\\/www.rimocc.com\\\/product\\\/ludwig-aged-exotic-tamo-ash-14x65-ls403xxcc-ltd-edition-50-ex\\\/#breadcrumb\",\"itemListElement\":[{\"@type\":\"ListItem\",\"position\":1,\"name\":\"Home\",\"item\":\"https:\\\/\\\/www.rimocc.com\\\/\"},{\"@type\":\"ListItem\",\"position\":2,\"name\":\"Shop\",\"item\":\"https:\\\/\\\/www.rimocc.com\\\/shop\\\/\"},{\"@type\":\"ListItem\",\"position\":3,\"name\":\"Ludwig Aged Exotic Tamo Ash 14&#8243;x6,5&#8243; LS403XXCC Ltd Edition 50 ex.\"}]},{\"@type\":\"WebSite\",\"@id\":\"https:\\\/\\\/www.rimocc.com\\\/#website\",\"url\":\"https:\\\/\\\/www.rimocc.com\\\/\",\"name\":\"D\u00e9p\u00f4t Vente Batterie Percussion | Rimocc Lyon\",\"description\":\"Rimocc: l&#039;unique magasin d\u00e9di\u00e9 enti\u00e8rement \u00e0 la batterie, percussion d&#039;occasion et vintage \u00e0 Lyon, France\",\"publisher\":{\"@id\":\"https:\\\/\\\/www.rimocc.com\\\/#organization\"},\"alternateName\":\"Rimocc'\",\"potentialAction\":[{\"@type\":\"SearchAction\",\"target\":{\"@type\":\"EntryPoint\",\"urlTemplate\":\"https:\\\/\\\/www.rimocc.com\\\/?s={search_term_string}\"},\"query-input\":{\"@type\":\"PropertyValueSpecification\",\"valueRequired\":true,\"valueName\":\"search_term_string\"}}],\"inLanguage\":\"en-US\"},{\"@type\":\"Organization\",\"@id\":\"https:\\\/\\\/www.rimocc.com\\\/#organization\",\"name\":\"Rimocc'\",\"alternateName\":\"Rimocc\",\"url\":\"https:\\\/\\\/www.rimocc.com\\\/\",\"logo\":{\"@type\":\"ImageObject\",\"inLanguage\":\"en-US\",\"@id\":\"https:\\\/\\\/www.rimocc.com\\\/#\\\/schema\\\/logo\\\/image\\\/\",\"url\":\"https:\\\/\\\/i0.wp.com\\\/www.rimocc.com\\\/wp-content\\\/uploads\\\/2023\\\/07\\\/RIMOCC_LOGO.jpg?fit=459%2C114&ssl=1\",\"contentUrl\":\"https:\\\/\\\/i0.wp.com\\\/www.rimocc.com\\\/wp-content\\\/uploads\\\/2023\\\/07\\\/RIMOCC_LOGO.jpg?fit=459%2C114&ssl=1\",\"width\":459,\"height\":114,\"caption\":\"Rimocc'\"},\"image\":{\"@id\":\"https:\\\/\\\/www.rimocc.com\\\/#\\\/schema\\\/logo\\\/image\\\/\"},\"sameAs\":[\"https:\\\/\\\/www.facebook.com\\\/rimocclyon\\\/?locale=fr_FR\",\"https:\\\/\\\/www.instagram.com\\\/rimoccc\\\/?hl=fr\",\"https:\\\/\\\/www.tiktok.com\\\/@rimocc\",\"https:\\\/\\\/www.youtube.com\\\/@Rimocc\"]}]}<\/script>\n<!-- \/ Yoast SEO plugin. -->","yoast_head_json":{"title":"Ludwig Aged Exotic Tamo Ash 14\"x6,5\" LS403XXCC Ltd Edition 50 ex. - D\u00e9p\u00f4t Vente Batterie Percussion | Rimocc Lyon","description":"Ludwig Aged Exotic Tamo Ash 14\"x6,5\": une caisse claire de prestige en fr\u00eane Tamo vieilli. Son design et sa sonorit\u00e9 en font un instrument d'exception.","robots":{"index":"index","follow":"follow","max-snippet":"max-snippet:-1","max-image-preview":"max-image-preview:large","max-video-preview":"max-video-preview:-1"},"canonical":"https:\/\/www.rimocc.com\/en\/product\/ludwig-aged-exotic-tamo-ash-14x65-ls403xxcc-ltd-edition-50-ex\/","og_locale":"en_US","og_type":"article","og_title":"Ludwig Aged Exotic Tamo Ash 14\"x6,5\" LS403XXCC Ltd Edition 50 ex. - D\u00e9p\u00f4t Vente Batterie Percussion | Rimocc Lyon","og_description":"Ludwig Aged Exotic Tamo Ash 14\"x6,5\": une caisse claire de prestige en fr\u00eane Tamo vieilli. Son design et sa sonorit\u00e9 en font un instrument d'exception.","og_url":"https:\/\/www.rimocc.com\/en\/product\/ludwig-aged-exotic-tamo-ash-14x65-ls403xxcc-ltd-edition-50-ex\/","og_site_name":"D\u00e9p\u00f4t Vente Batterie Percussion | Rimocc Lyon","article_publisher":"https:\/\/www.facebook.com\/rimocclyon\/?locale=fr_FR","article_modified_time":"2026-04-29T12:43:34+00:00","og_image":[{"width":1920,"height":1920,"url":"https:\/\/www.rimocc.com\/wp-content\/uploads\/2025\/03\/Ludwig-Aged-Exotic-Tamo-Ash-14x65-LS403XXCC-1.jpg","type":"image\/jpeg"}],"twitter_card":"summary_large_image","twitter_misc":{"Est. reading time":"2 minutes"},"schema":{"@context":"https:\/\/schema.org","@graph":[{"@type":"WebPage","@id":"https:\/\/www.rimocc.com\/product\/ludwig-aged-exotic-tamo-ash-14x65-ls403xxcc-ltd-edition-50-ex\/","url":"https:\/\/www.rimocc.com\/product\/ludwig-aged-exotic-tamo-ash-14x65-ls403xxcc-ltd-edition-50-ex\/","name":"Ludwig Aged Exotic Tamo Ash 14\"x6,5\" LS403XXCC Ltd Edition 50 ex. - D\u00e9p\u00f4t Vente Batterie Percussion | Rimocc Lyon","isPartOf":{"@id":"https:\/\/www.rimocc.com\/#website"},"primaryImageOfPage":{"@id":"https:\/\/www.rimocc.com\/product\/ludwig-aged-exotic-tamo-ash-14x65-ls403xxcc-ltd-edition-50-ex\/#primaryimage"},"image":{"@id":"https:\/\/www.rimocc.com\/product\/ludwig-aged-exotic-tamo-ash-14x65-ls403xxcc-ltd-edition-50-ex\/#primaryimage"},"thumbnailUrl":"https:\/\/www.rimocc.com\/wp-content\/uploads\/2025\/03\/Ludwig-Aged-Exotic-Tamo-Ash-14x65-LS403XXCC-1.jpg","datePublished":"2025-03-25T11:51:15+00:00","dateModified":"2026-04-29T12:43:34+00:00","description":"Ludwig Aged Exotic Tamo Ash 14\"x6,5\": une caisse claire de prestige en fr\u00eane Tamo vieilli. Son design et sa sonorit\u00e9 en font un instrument d'exception.","breadcrumb":{"@id":"https:\/\/www.rimocc.com\/product\/ludwig-aged-exotic-tamo-ash-14x65-ls403xxcc-ltd-edition-50-ex\/#breadcrumb"},"inLanguage":"en-US","potentialAction":[{"@type":"ReadAction","target":["https:\/\/www.rimocc.com\/product\/ludwig-aged-exotic-tamo-ash-14x65-ls403xxcc-ltd-edition-50-ex\/"]}]},{"@type":"ImageObject","inLanguage":"en-US","@id":"https:\/\/www.rimocc.com\/product\/ludwig-aged-exotic-tamo-ash-14x65-ls403xxcc-ltd-edition-50-ex\/#primaryimage","url":"https:\/\/www.rimocc.com\/wp-content\/uploads\/2025\/03\/Ludwig-Aged-Exotic-Tamo-Ash-14x65-LS403XXCC-1.jpg","contentUrl":"https:\/\/www.rimocc.com\/wp-content\/uploads\/2025\/03\/Ludwig-Aged-Exotic-Tamo-Ash-14x65-LS403XXCC-1.jpg","width":1920,"height":1920,"caption":"Ludwig Aged Exotic Tamo Ash 14\"x6,5\" LS403XXCC"},{"@type":"BreadcrumbList","@id":"https:\/\/www.rimocc.com\/product\/ludwig-aged-exotic-tamo-ash-14x65-ls403xxcc-ltd-edition-50-ex\/#breadcrumb","itemListElement":[{"@type":"ListItem","position":1,"name":"Home","item":"https:\/\/www.rimocc.com\/"},{"@type":"ListItem","position":2,"name":"Shop","item":"https:\/\/www.rimocc.com\/shop\/"},{"@type":"ListItem","position":3,"name":"Ludwig Aged Exotic Tamo Ash 14&#8243;x6,5&#8243; LS403XXCC Ltd Edition 50 ex."}]},{"@type":"WebSite","@id":"https:\/\/www.rimocc.com\/#website","url":"https:\/\/www.rimocc.com\/","name":"D\u00e9p\u00f4t Vente Batterie Percussion | Rimocc Lyon","description":"Rimocc: l&#039;unique magasin d\u00e9di\u00e9 enti\u00e8rement \u00e0 la batterie, percussion d&#039;occasion et vintage \u00e0 Lyon, France","publisher":{"@id":"https:\/\/www.rimocc.com\/#organization"},"alternateName":"Rimocc'","potentialAction":[{"@type":"SearchAction","target":{"@type":"EntryPoint","urlTemplate":"https:\/\/www.rimocc.com\/?s={search_term_string}"},"query-input":{"@type":"PropertyValueSpecification","valueRequired":true,"valueName":"search_term_string"}}],"inLanguage":"en-US"},{"@type":"Organization","@id":"https:\/\/www.rimocc.com\/#organization","name":"Rimocc'","alternateName":"Rimocc","url":"https:\/\/www.rimocc.com\/","logo":{"@type":"ImageObject","inLanguage":"en-US","@id":"https:\/\/www.rimocc.com\/#\/schema\/logo\/image\/","url":"https:\/\/i0.wp.com\/www.rimocc.com\/wp-content\/uploads\/2023\/07\/RIMOCC_LOGO.jpg?fit=459%2C114&ssl=1","contentUrl":"https:\/\/i0.wp.com\/www.rimocc.com\/wp-content\/uploads\/2023\/07\/RIMOCC_LOGO.jpg?fit=459%2C114&ssl=1","width":459,"height":114,"caption":"Rimocc'"},"image":{"@id":"https:\/\/www.rimocc.com\/#\/schema\/logo\/image\/"},"sameAs":["https:\/\/www.facebook.com\/rimocclyon\/?locale=fr_FR","https:\/\/www.instagram.com\/rimoccc\/?hl=fr","https:\/\/www.tiktok.com\/@rimocc","https:\/\/www.youtube.com\/@Rimocc"]}]}},"jetpack_publicize_connections":[],"jetpack_sharing_enabled":true,"_links":{"self":[{"href":"https:\/\/www.rimocc.com\/en\/wp-json\/wp\/v2\/product\/14504","targetHints":{"allow":["GET"]}}],"collection":[{"href":"https:\/\/www.rimocc.com\/en\/wp-json\/wp\/v2\/product"}],"about":[{"href":"https:\/\/www.rimocc.com\/en\/wp-json\/wp\/v2\/types\/product"}],"replies":[{"embeddable":true,"href":"https:\/\/www.rimocc.com\/en\/wp-json\/wp\/v2\/comments?post=14504"}],"wp:featuredmedia":[{"embeddable":true,"href":"https:\/\/www.rimocc.com\/en\/wp-json\/wp\/v2\/media\/14503"}],"wp:attachment":[{"href":"https:\/\/www.rimocc.com\/en\/wp-json\/wp\/v2\/media?parent=14504"}],"wp:term":[{"taxonomy":"product_brand","embeddable":true,"href":"https:\/\/www.rimocc.com\/en\/wp-json\/wp\/v2\/product_brand?post=14504"},{"taxonomy":"product_cat","embeddable":true,"href":"https:\/\/www.rimocc.com\/en\/wp-json\/wp\/v2\/product_cat?post=14504"},{"taxonomy":"product_tag","embeddable":true,"href":"https:\/\/www.rimocc.com\/en\/wp-json\/wp\/v2\/product_tag?post=14504"}],"curies":[{"name":"wp","href":"https:\/\/api.w.org\/{rel}","templated":true}]}}