{"id":1450,"date":"2023-06-08T21:13:09","date_gmt":"2023-06-08T21:13:09","guid":{"rendered":"https:\/\/rimocc.a2hosted.com\/product\/ayotte-custom-set-1997-22-10-12-14tb-arizona-sunrise\/"},"modified":"2023-06-13T20:13:25","modified_gmt":"2023-06-13T20:13:25","slug":"ayotte-custom-set-1997-22-10-12-14tb-arizona-sunrise","status":"publish","type":"product","link":"https:\/\/www.rimocc.com\/en\/product\/ayotte-custom-set-1997-22-10-12-14tb-arizona-sunrise\/","title":{"rendered":"Ayotte Custom Set 1997 22&Prime; 10&Prime; 12&Prime; 14&Prime;TB Arizona Sunrise"},"content":{"rendered":"<p>Bon \u00e9tat pour son \u00e2ge. Grosse caisse non perc\u00e9e. Tirants oxyd\u00e9s, \u00e0 nettoyer.<br \/>\nD\u00e9coloration sur le cercle bas du Tom Bass. Quelques \u00e9raflures sur les f\u00fbts et traces diverses.<br \/>\nInclus les 3 clamps Tama, 1 p\u00e9dale de charley , un pied de cc Tama et une p\u00e9dale de gc Tama Iron Cobra. Ne sont pas inclus les 3 pieds perches Pearl.<\/p>","protected":false},"excerpt":{"rendered":"<p>Bon \u00e9tat pour son \u00e2ge. Grosse caisse non perc\u00e9e. Tirants oxyd\u00e9s, \u00e0 nettoyer. D\u00e9coloration sur le cercle bas du Tom Bass. Quelques \u00e9raflures sur les f\u00fbts et traces diverses. Inclus les 3 clamps Tama, 1 p\u00e9dale de charley , un pied de cc Tama et une p\u00e9dale de gc Tama Iron Cobra. Ne sont pas [&hellip;]<\/p>\n","protected":false},"featured_media":5907,"comment_status":"open","ping_status":"closed","template":"","meta":{"jetpack_publicize_message":"","jetpack_publicize_feature_enabled":true,"jetpack_social_post_already_shared":false,"jetpack_social_options":{"image_generator_settings":{"template":"highway","default_image_id":0,"font":"","enabled":false},"version":2}},"product_brand":[],"product_cat":[20],"product_tag":[],"class_list":{"0":"post-1450","1":"product","2":"type-product","3":"status-publish","4":"has-post-thumbnail","6":"product_cat-batterie","8":"entry","9":"has-media","11":"first","12":"outofstock","13":"shipping-taxable","14":"purchasable","15":"product-type-simple","16":"has-product-nav","17":"col","18":"span_1_of_3","19":"owp-content-center","20":"owp-thumbs-layout-horizontal","21":"owp-btn-normal","22":"owp-tabs-layout-horizontal"},"yoast_head":"<!-- This site is optimized with the Yoast SEO plugin v27.4 - https:\/\/yoast.com\/product\/yoast-seo-wordpress\/ -->\n<title>Ayotte Custom Set 1997 22&quot; 10&quot; 12&quot; 14&quot;TB Arizona Sunrise - D\u00e9p\u00f4t Vente Batterie Percussion | Rimocc Lyon<\/title>\n<meta name=\"robots\" content=\"index, follow, max-snippet:-1, max-image-preview:large, max-video-preview:-1\" \/>\n<link rel=\"canonical\" href=\"https:\/\/www.rimocc.com\/en\/product\/ayotte-custom-set-1997-22-10-12-14tb-arizona-sunrise\/\" \/>\n<meta property=\"og:locale\" content=\"en_US\" \/>\n<meta property=\"og:type\" content=\"article\" \/>\n<meta property=\"og:title\" content=\"Ayotte Custom Set 1997 22&quot; 10&quot; 12&quot; 14&quot;TB Arizona Sunrise - D\u00e9p\u00f4t Vente Batterie Percussion | Rimocc Lyon\" \/>\n<meta property=\"og:description\" content=\"Bon \u00e9tat pour son \u00e2ge. Grosse caisse non perc\u00e9e. Tirants oxyd\u00e9s, \u00e0 nettoyer. D\u00e9coloration sur le cercle bas du Tom Bass. Quelques \u00e9raflures sur les f\u00fbts et traces diverses. Inclus les 3 clamps Tama, 1 p\u00e9dale de charley , un pied de cc Tama et une p\u00e9dale de gc Tama Iron Cobra. Ne sont pas [&hellip;]\" \/>\n<meta property=\"og:url\" content=\"https:\/\/www.rimocc.com\/en\/product\/ayotte-custom-set-1997-22-10-12-14tb-arizona-sunrise\/\" \/>\n<meta property=\"og:site_name\" content=\"D\u00e9p\u00f4t Vente Batterie Percussion | Rimocc Lyon\" \/>\n<meta property=\"article:publisher\" content=\"https:\/\/www.facebook.com\/rimocclyon\/?locale=fr_FR\" \/>\n<meta property=\"article:modified_time\" content=\"2023-06-13T20:13:25+00:00\" \/>\n<meta property=\"og:image\" content=\"https:\/\/www.rimocc.com\/wp-content\/uploads\/2023\/06\/0e6ab0_76d7b65f5e0242f69b1359b5d7e8f2afmv2.webp\" \/>\n\t<meta property=\"og:image:width\" content=\"500\" \/>\n\t<meta property=\"og:image:height\" content=\"375\" \/>\n\t<meta property=\"og:image:type\" content=\"image\/webp\" \/>\n<meta name=\"twitter:card\" content=\"summary_large_image\" \/>\n<script type=\"application\/ld+json\" class=\"yoast-schema-graph\">{\"@context\":\"https:\\\/\\\/schema.org\",\"@graph\":[{\"@type\":\"WebPage\",\"@id\":\"https:\\\/\\\/www.rimocc.com\\\/product\\\/ayotte-custom-set-1997-22-10-12-14tb-arizona-sunrise\\\/\",\"url\":\"https:\\\/\\\/www.rimocc.com\\\/product\\\/ayotte-custom-set-1997-22-10-12-14tb-arizona-sunrise\\\/\",\"name\":\"Ayotte Custom Set 1997 22\\\" 10\\\" 12\\\" 14\\\"TB Arizona Sunrise - D\u00e9p\u00f4t Vente Batterie Percussion | Rimocc Lyon\",\"isPartOf\":{\"@id\":\"https:\\\/\\\/www.rimocc.com\\\/#website\"},\"primaryImageOfPage\":{\"@id\":\"https:\\\/\\\/www.rimocc.com\\\/product\\\/ayotte-custom-set-1997-22-10-12-14tb-arizona-sunrise\\\/#primaryimage\"},\"image\":{\"@id\":\"https:\\\/\\\/www.rimocc.com\\\/product\\\/ayotte-custom-set-1997-22-10-12-14tb-arizona-sunrise\\\/#primaryimage\"},\"thumbnailUrl\":\"https:\\\/\\\/www.rimocc.com\\\/wp-content\\\/uploads\\\/2023\\\/06\\\/0e6ab0_76d7b65f5e0242f69b1359b5d7e8f2afmv2.webp\",\"datePublished\":\"2023-06-08T21:13:09+00:00\",\"dateModified\":\"2023-06-13T20:13:25+00:00\",\"breadcrumb\":{\"@id\":\"https:\\\/\\\/www.rimocc.com\\\/product\\\/ayotte-custom-set-1997-22-10-12-14tb-arizona-sunrise\\\/#breadcrumb\"},\"inLanguage\":\"en-US\",\"potentialAction\":[{\"@type\":\"ReadAction\",\"target\":[\"https:\\\/\\\/www.rimocc.com\\\/product\\\/ayotte-custom-set-1997-22-10-12-14tb-arizona-sunrise\\\/\"]}]},{\"@type\":\"ImageObject\",\"inLanguage\":\"en-US\",\"@id\":\"https:\\\/\\\/www.rimocc.com\\\/product\\\/ayotte-custom-set-1997-22-10-12-14tb-arizona-sunrise\\\/#primaryimage\",\"url\":\"https:\\\/\\\/www.rimocc.com\\\/wp-content\\\/uploads\\\/2023\\\/06\\\/0e6ab0_76d7b65f5e0242f69b1359b5d7e8f2afmv2.webp\",\"contentUrl\":\"https:\\\/\\\/www.rimocc.com\\\/wp-content\\\/uploads\\\/2023\\\/06\\\/0e6ab0_76d7b65f5e0242f69b1359b5d7e8f2afmv2.webp\",\"width\":500,\"height\":375},{\"@type\":\"BreadcrumbList\",\"@id\":\"https:\\\/\\\/www.rimocc.com\\\/product\\\/ayotte-custom-set-1997-22-10-12-14tb-arizona-sunrise\\\/#breadcrumb\",\"itemListElement\":[{\"@type\":\"ListItem\",\"position\":1,\"name\":\"Home\",\"item\":\"https:\\\/\\\/www.rimocc.com\\\/\"},{\"@type\":\"ListItem\",\"position\":2,\"name\":\"Shop\",\"item\":\"https:\\\/\\\/www.rimocc.com\\\/shop\\\/\"},{\"@type\":\"ListItem\",\"position\":3,\"name\":\"Ayotte Custom Set 1997 22&#8243; 10&#8243; 12&#8243; 14&#8243;TB Arizona Sunrise\"}]},{\"@type\":\"WebSite\",\"@id\":\"https:\\\/\\\/www.rimocc.com\\\/#website\",\"url\":\"https:\\\/\\\/www.rimocc.com\\\/\",\"name\":\"D\u00e9p\u00f4t Vente Batterie Percussion | Rimocc Lyon\",\"description\":\"Rimocc: l&#039;unique magasin d\u00e9di\u00e9 enti\u00e8rement \u00e0 la batterie, percussion d&#039;occasion et vintage \u00e0 Lyon, France\",\"publisher\":{\"@id\":\"https:\\\/\\\/www.rimocc.com\\\/#organization\"},\"alternateName\":\"Rimocc'\",\"potentialAction\":[{\"@type\":\"SearchAction\",\"target\":{\"@type\":\"EntryPoint\",\"urlTemplate\":\"https:\\\/\\\/www.rimocc.com\\\/?s={search_term_string}\"},\"query-input\":{\"@type\":\"PropertyValueSpecification\",\"valueRequired\":true,\"valueName\":\"search_term_string\"}}],\"inLanguage\":\"en-US\"},{\"@type\":\"Organization\",\"@id\":\"https:\\\/\\\/www.rimocc.com\\\/#organization\",\"name\":\"Rimocc'\",\"alternateName\":\"Rimocc\",\"url\":\"https:\\\/\\\/www.rimocc.com\\\/\",\"logo\":{\"@type\":\"ImageObject\",\"inLanguage\":\"en-US\",\"@id\":\"https:\\\/\\\/www.rimocc.com\\\/#\\\/schema\\\/logo\\\/image\\\/\",\"url\":\"https:\\\/\\\/i0.wp.com\\\/www.rimocc.com\\\/wp-content\\\/uploads\\\/2023\\\/07\\\/RIMOCC_LOGO.jpg?fit=459%2C114&ssl=1\",\"contentUrl\":\"https:\\\/\\\/i0.wp.com\\\/www.rimocc.com\\\/wp-content\\\/uploads\\\/2023\\\/07\\\/RIMOCC_LOGO.jpg?fit=459%2C114&ssl=1\",\"width\":459,\"height\":114,\"caption\":\"Rimocc'\"},\"image\":{\"@id\":\"https:\\\/\\\/www.rimocc.com\\\/#\\\/schema\\\/logo\\\/image\\\/\"},\"sameAs\":[\"https:\\\/\\\/www.facebook.com\\\/rimocclyon\\\/?locale=fr_FR\",\"https:\\\/\\\/www.instagram.com\\\/rimoccc\\\/?hl=fr\",\"https:\\\/\\\/www.tiktok.com\\\/@rimocc\",\"https:\\\/\\\/www.youtube.com\\\/@Rimocc\"]}]}<\/script>\n<!-- \/ Yoast SEO plugin. -->","yoast_head_json":{"title":"Ayotte Custom Set 1997 22\" 10\" 12\" 14\"TB Arizona Sunrise - D\u00e9p\u00f4t Vente Batterie Percussion | Rimocc Lyon","robots":{"index":"index","follow":"follow","max-snippet":"max-snippet:-1","max-image-preview":"max-image-preview:large","max-video-preview":"max-video-preview:-1"},"canonical":"https:\/\/www.rimocc.com\/en\/product\/ayotte-custom-set-1997-22-10-12-14tb-arizona-sunrise\/","og_locale":"en_US","og_type":"article","og_title":"Ayotte Custom Set 1997 22\" 10\" 12\" 14\"TB Arizona Sunrise - D\u00e9p\u00f4t Vente Batterie Percussion | Rimocc Lyon","og_description":"Bon \u00e9tat pour son \u00e2ge. Grosse caisse non perc\u00e9e. Tirants oxyd\u00e9s, \u00e0 nettoyer. D\u00e9coloration sur le cercle bas du Tom Bass. Quelques \u00e9raflures sur les f\u00fbts et traces diverses. Inclus les 3 clamps Tama, 1 p\u00e9dale de charley , un pied de cc Tama et une p\u00e9dale de gc Tama Iron Cobra. Ne sont pas [&hellip;]","og_url":"https:\/\/www.rimocc.com\/en\/product\/ayotte-custom-set-1997-22-10-12-14tb-arizona-sunrise\/","og_site_name":"D\u00e9p\u00f4t Vente Batterie Percussion | Rimocc Lyon","article_publisher":"https:\/\/www.facebook.com\/rimocclyon\/?locale=fr_FR","article_modified_time":"2023-06-13T20:13:25+00:00","og_image":[{"width":500,"height":375,"url":"https:\/\/www.rimocc.com\/wp-content\/uploads\/2023\/06\/0e6ab0_76d7b65f5e0242f69b1359b5d7e8f2afmv2.webp","type":"image\/webp"}],"twitter_card":"summary_large_image","schema":{"@context":"https:\/\/schema.org","@graph":[{"@type":"WebPage","@id":"https:\/\/www.rimocc.com\/product\/ayotte-custom-set-1997-22-10-12-14tb-arizona-sunrise\/","url":"https:\/\/www.rimocc.com\/product\/ayotte-custom-set-1997-22-10-12-14tb-arizona-sunrise\/","name":"Ayotte Custom Set 1997 22\" 10\" 12\" 14\"TB Arizona Sunrise - D\u00e9p\u00f4t Vente Batterie Percussion | Rimocc Lyon","isPartOf":{"@id":"https:\/\/www.rimocc.com\/#website"},"primaryImageOfPage":{"@id":"https:\/\/www.rimocc.com\/product\/ayotte-custom-set-1997-22-10-12-14tb-arizona-sunrise\/#primaryimage"},"image":{"@id":"https:\/\/www.rimocc.com\/product\/ayotte-custom-set-1997-22-10-12-14tb-arizona-sunrise\/#primaryimage"},"thumbnailUrl":"https:\/\/www.rimocc.com\/wp-content\/uploads\/2023\/06\/0e6ab0_76d7b65f5e0242f69b1359b5d7e8f2afmv2.webp","datePublished":"2023-06-08T21:13:09+00:00","dateModified":"2023-06-13T20:13:25+00:00","breadcrumb":{"@id":"https:\/\/www.rimocc.com\/product\/ayotte-custom-set-1997-22-10-12-14tb-arizona-sunrise\/#breadcrumb"},"inLanguage":"en-US","potentialAction":[{"@type":"ReadAction","target":["https:\/\/www.rimocc.com\/product\/ayotte-custom-set-1997-22-10-12-14tb-arizona-sunrise\/"]}]},{"@type":"ImageObject","inLanguage":"en-US","@id":"https:\/\/www.rimocc.com\/product\/ayotte-custom-set-1997-22-10-12-14tb-arizona-sunrise\/#primaryimage","url":"https:\/\/www.rimocc.com\/wp-content\/uploads\/2023\/06\/0e6ab0_76d7b65f5e0242f69b1359b5d7e8f2afmv2.webp","contentUrl":"https:\/\/www.rimocc.com\/wp-content\/uploads\/2023\/06\/0e6ab0_76d7b65f5e0242f69b1359b5d7e8f2afmv2.webp","width":500,"height":375},{"@type":"BreadcrumbList","@id":"https:\/\/www.rimocc.com\/product\/ayotte-custom-set-1997-22-10-12-14tb-arizona-sunrise\/#breadcrumb","itemListElement":[{"@type":"ListItem","position":1,"name":"Home","item":"https:\/\/www.rimocc.com\/"},{"@type":"ListItem","position":2,"name":"Shop","item":"https:\/\/www.rimocc.com\/shop\/"},{"@type":"ListItem","position":3,"name":"Ayotte Custom Set 1997 22&#8243; 10&#8243; 12&#8243; 14&#8243;TB Arizona Sunrise"}]},{"@type":"WebSite","@id":"https:\/\/www.rimocc.com\/#website","url":"https:\/\/www.rimocc.com\/","name":"D\u00e9p\u00f4t Vente Batterie Percussion | Rimocc Lyon","description":"Rimocc: l&#039;unique magasin d\u00e9di\u00e9 enti\u00e8rement \u00e0 la batterie, percussion d&#039;occasion et vintage \u00e0 Lyon, France","publisher":{"@id":"https:\/\/www.rimocc.com\/#organization"},"alternateName":"Rimocc'","potentialAction":[{"@type":"SearchAction","target":{"@type":"EntryPoint","urlTemplate":"https:\/\/www.rimocc.com\/?s={search_term_string}"},"query-input":{"@type":"PropertyValueSpecification","valueRequired":true,"valueName":"search_term_string"}}],"inLanguage":"en-US"},{"@type":"Organization","@id":"https:\/\/www.rimocc.com\/#organization","name":"Rimocc'","alternateName":"Rimocc","url":"https:\/\/www.rimocc.com\/","logo":{"@type":"ImageObject","inLanguage":"en-US","@id":"https:\/\/www.rimocc.com\/#\/schema\/logo\/image\/","url":"https:\/\/i0.wp.com\/www.rimocc.com\/wp-content\/uploads\/2023\/07\/RIMOCC_LOGO.jpg?fit=459%2C114&ssl=1","contentUrl":"https:\/\/i0.wp.com\/www.rimocc.com\/wp-content\/uploads\/2023\/07\/RIMOCC_LOGO.jpg?fit=459%2C114&ssl=1","width":459,"height":114,"caption":"Rimocc'"},"image":{"@id":"https:\/\/www.rimocc.com\/#\/schema\/logo\/image\/"},"sameAs":["https:\/\/www.facebook.com\/rimocclyon\/?locale=fr_FR","https:\/\/www.instagram.com\/rimoccc\/?hl=fr","https:\/\/www.tiktok.com\/@rimocc","https:\/\/www.youtube.com\/@Rimocc"]}]}},"jetpack_publicize_connections":[],"jetpack_sharing_enabled":true,"_links":{"self":[{"href":"https:\/\/www.rimocc.com\/en\/wp-json\/wp\/v2\/product\/1450","targetHints":{"allow":["GET"]}}],"collection":[{"href":"https:\/\/www.rimocc.com\/en\/wp-json\/wp\/v2\/product"}],"about":[{"href":"https:\/\/www.rimocc.com\/en\/wp-json\/wp\/v2\/types\/product"}],"replies":[{"embeddable":true,"href":"https:\/\/www.rimocc.com\/en\/wp-json\/wp\/v2\/comments?post=1450"}],"wp:featuredmedia":[{"embeddable":true,"href":"https:\/\/www.rimocc.com\/en\/wp-json\/wp\/v2\/media\/5907"}],"wp:attachment":[{"href":"https:\/\/www.rimocc.com\/en\/wp-json\/wp\/v2\/media?parent=1450"}],"wp:term":[{"taxonomy":"product_brand","embeddable":true,"href":"https:\/\/www.rimocc.com\/en\/wp-json\/wp\/v2\/product_brand?post=1450"},{"taxonomy":"product_cat","embeddable":true,"href":"https:\/\/www.rimocc.com\/en\/wp-json\/wp\/v2\/product_cat?post=1450"},{"taxonomy":"product_tag","embeddable":true,"href":"https:\/\/www.rimocc.com\/en\/wp-json\/wp\/v2\/product_tag?post=1450"}],"curies":[{"name":"wp","href":"https:\/\/api.w.org\/{rel}","templated":true}]}}