{"id":14482,"date":"2025-03-22T15:41:07","date_gmt":"2025-03-22T14:41:07","guid":{"rendered":"https:\/\/www.rimocc.com\/?post_type=product&#038;p=14482"},"modified":"2025-03-22T15:45:19","modified_gmt":"2025-03-22T14:45:19","slug":"ludwig-atlas-pro-pied-caisse-claire-lap22ss","status":"publish","type":"product","link":"https:\/\/www.rimocc.com\/en\/product\/ludwig-atlas-pro-pied-caisse-claire-lap22ss\/","title":{"rendered":"Ludwig Atlas Pro Pied Caisse Claire LAP22SS"},"content":{"rendered":"<p>Ludwig Atlas Pro Pied Caisse Claire LAP22SS<br \/>\nComme neuf<\/p>\n<p>Le Ludwig Atlas Pro LAP22SS est un pied de caisse claire de qualit\u00e9 professionnelle, con\u00e7u pour offrir stabilit\u00e9 et flexibilit\u00e9 aux batteurs. Voici une description d\u00e9taill\u00e9e de ses caract\u00e9ristiques :<\/p>\n<p>Stabilit\u00e9 et robustesse:<br \/>\nPieds \u00e0 double embase pour une stabilit\u00e9 accrue.<br \/>\nConstruction solide pour r\u00e9sister aux performances \u00e9nergiques.<br \/>\nR\u00e9glages pr\u00e9cis:<br \/>\nSyst\u00e8me d&rsquo;inclinaison Aerodyne pour un ajustement pr\u00e9cis de l&rsquo;angle de la caisse claire.<br \/>\nSyst\u00e8me de r\u00e9glage en hauteur Vice-Grip avec bague m\u00e9moire pour un positionnement constant.<br \/>\nPanier totalement r\u00e9glable.<br \/>\nConception de qualit\u00e9:<br \/>\nMat\u00e9riaux durables pour une longue dur\u00e9e de vie.<br \/>\nFinition chrom\u00e9e.<br \/>\nCaract\u00e9ristiques suppl\u00e9mentaires:<br \/>\nLa marque Ludwig est reconnue pour la qualit\u00e9 de ses produits.<\/p>\n<p>En r\u00e9sum\u00e9, le Ludwig Atlas Pro LAP22SS est un pied de caisse claire fiable et adaptable, adapt\u00e9 aux besoins des batteurs professionnels et amateurs.<\/p>\n<p><a href=\"https:\/\/www.ludwig-drums.com\/en-us\/ludwig\/products\/atlas\/atlas-pro\">https:\/\/www.ludwig-drums.com\/en-us\/ludwig\/products\/atlas\/atlas-pro<\/a><br \/>\n<a href=\"https:\/\/www.rimocc.com\/en\/product-category\/hardware\/\">https:\/\/www.rimocc.com\/product-category\/hardware\/<\/a><\/p>","protected":false},"excerpt":{"rendered":"<p>Ludwig Atlas Pro Pied Caisse Claire LAP22SS Comme neuf Le Ludwig Atlas Pro LAP22SS est un pied de caisse claire de qualit\u00e9 professionnelle, con\u00e7u pour offrir stabilit\u00e9 et flexibilit\u00e9 aux batteurs. Voici une description d\u00e9taill\u00e9e de ses caract\u00e9ristiques : Stabilit\u00e9 et robustesse: Pieds \u00e0 double embase pour une stabilit\u00e9 accrue. Construction solide pour r\u00e9sister aux [&hellip;]<\/p>\n","protected":false},"featured_media":14481,"comment_status":"open","ping_status":"closed","template":"","meta":{"jetpack_publicize_message":"","jetpack_publicize_feature_enabled":true,"jetpack_social_post_already_shared":false,"jetpack_social_options":{"image_generator_settings":{"template":"highway","default_image_id":0,"font":"","enabled":false},"version":2}},"product_brand":[],"product_cat":[17],"product_tag":[548,93,538],"class_list":{"0":"post-14482","1":"product","2":"type-product","3":"status-publish","4":"has-post-thumbnail","6":"product_cat-hardware","7":"product_tag-depot-vente-lyon","8":"product_tag-ludwig","9":"product_tag-magasin-de-musique-lyon","11":"entry","12":"has-media","14":"first","15":"outofstock","16":"shipping-taxable","17":"purchasable","18":"product-type-simple","19":"has-product-nav","20":"col","21":"span_1_of_3","22":"owp-content-center","23":"owp-thumbs-layout-horizontal","24":"owp-btn-normal","25":"owp-tabs-layout-horizontal"},"yoast_head":"<!-- This site is optimized with the Yoast SEO plugin v27.5 - https:\/\/yoast.com\/product\/yoast-seo-wordpress\/ -->\n<title>Ludwig Atlas Pro Pied Caisse Claire LAP22SS - D\u00e9p\u00f4t Vente Batterie Percussion | Rimocc Lyon<\/title>\n<meta name=\"description\" content=\"Le Ludwig LAP22SS Atlas Pro est un pied de caisse claire robuste et fiable. Profitez d&#039;une stabilit\u00e9 exceptionnelle et de r\u00e9glages pr\u00e9cis.\" \/>\n<meta name=\"robots\" content=\"index, follow, max-snippet:-1, max-image-preview:large, max-video-preview:-1\" \/>\n<link rel=\"canonical\" href=\"https:\/\/www.rimocc.com\/en\/product\/ludwig-atlas-pro-pied-caisse-claire-lap22ss\/\" \/>\n<meta property=\"og:locale\" content=\"en_US\" \/>\n<meta property=\"og:type\" content=\"article\" \/>\n<meta property=\"og:title\" content=\"Ludwig Atlas Pro Pied Caisse Claire LAP22SS - D\u00e9p\u00f4t Vente Batterie Percussion | Rimocc Lyon\" \/>\n<meta property=\"og:description\" content=\"Le Ludwig LAP22SS Atlas Pro est un pied de caisse claire robuste et fiable. Profitez d&#039;une stabilit\u00e9 exceptionnelle et de r\u00e9glages pr\u00e9cis.\" \/>\n<meta property=\"og:url\" content=\"https:\/\/www.rimocc.com\/en\/product\/ludwig-atlas-pro-pied-caisse-claire-lap22ss\/\" \/>\n<meta property=\"og:site_name\" content=\"D\u00e9p\u00f4t Vente Batterie Percussion | Rimocc Lyon\" \/>\n<meta property=\"article:publisher\" content=\"https:\/\/www.facebook.com\/rimocclyon\/?locale=fr_FR\" \/>\n<meta property=\"article:modified_time\" content=\"2025-03-22T14:45:19+00:00\" \/>\n<meta property=\"og:image\" content=\"https:\/\/www.rimocc.com\/wp-content\/uploads\/2025\/03\/Ludwig-Atlas-Pro-Pied-Caisse-Claire-LAP22SS-1.jpg\" \/>\n\t<meta property=\"og:image:width\" content=\"1920\" \/>\n\t<meta property=\"og:image:height\" content=\"1920\" \/>\n\t<meta property=\"og:image:type\" content=\"image\/jpeg\" \/>\n<meta name=\"twitter:card\" content=\"summary_large_image\" \/>\n<meta name=\"twitter:label1\" content=\"Est. reading time\" \/>\n\t<meta name=\"twitter:data1\" content=\"1 minute\" \/>\n<script type=\"application\/ld+json\" class=\"yoast-schema-graph\">{\"@context\":\"https:\\\/\\\/schema.org\",\"@graph\":[{\"@type\":\"WebPage\",\"@id\":\"https:\\\/\\\/www.rimocc.com\\\/product\\\/ludwig-atlas-pro-pied-caisse-claire-lap22ss\\\/\",\"url\":\"https:\\\/\\\/www.rimocc.com\\\/product\\\/ludwig-atlas-pro-pied-caisse-claire-lap22ss\\\/\",\"name\":\"Ludwig Atlas Pro Pied Caisse Claire LAP22SS - D\u00e9p\u00f4t Vente Batterie Percussion | Rimocc Lyon\",\"isPartOf\":{\"@id\":\"https:\\\/\\\/www.rimocc.com\\\/#website\"},\"primaryImageOfPage\":{\"@id\":\"https:\\\/\\\/www.rimocc.com\\\/product\\\/ludwig-atlas-pro-pied-caisse-claire-lap22ss\\\/#primaryimage\"},\"image\":{\"@id\":\"https:\\\/\\\/www.rimocc.com\\\/product\\\/ludwig-atlas-pro-pied-caisse-claire-lap22ss\\\/#primaryimage\"},\"thumbnailUrl\":\"https:\\\/\\\/www.rimocc.com\\\/wp-content\\\/uploads\\\/2025\\\/03\\\/Ludwig-Atlas-Pro-Pied-Caisse-Claire-LAP22SS-1.jpg\",\"datePublished\":\"2025-03-22T14:41:07+00:00\",\"dateModified\":\"2025-03-22T14:45:19+00:00\",\"description\":\"Le Ludwig LAP22SS Atlas Pro est un pied de caisse claire robuste et fiable. Profitez d'une stabilit\u00e9 exceptionnelle et de r\u00e9glages pr\u00e9cis.\",\"breadcrumb\":{\"@id\":\"https:\\\/\\\/www.rimocc.com\\\/product\\\/ludwig-atlas-pro-pied-caisse-claire-lap22ss\\\/#breadcrumb\"},\"inLanguage\":\"en-US\",\"potentialAction\":[{\"@type\":\"ReadAction\",\"target\":[\"https:\\\/\\\/www.rimocc.com\\\/product\\\/ludwig-atlas-pro-pied-caisse-claire-lap22ss\\\/\"]}]},{\"@type\":\"ImageObject\",\"inLanguage\":\"en-US\",\"@id\":\"https:\\\/\\\/www.rimocc.com\\\/product\\\/ludwig-atlas-pro-pied-caisse-claire-lap22ss\\\/#primaryimage\",\"url\":\"https:\\\/\\\/www.rimocc.com\\\/wp-content\\\/uploads\\\/2025\\\/03\\\/Ludwig-Atlas-Pro-Pied-Caisse-Claire-LAP22SS-1.jpg\",\"contentUrl\":\"https:\\\/\\\/www.rimocc.com\\\/wp-content\\\/uploads\\\/2025\\\/03\\\/Ludwig-Atlas-Pro-Pied-Caisse-Claire-LAP22SS-1.jpg\",\"width\":1920,\"height\":1920,\"caption\":\"Ludwig Atlas Pro Pied Caisse Claire LAP22SS\"},{\"@type\":\"BreadcrumbList\",\"@id\":\"https:\\\/\\\/www.rimocc.com\\\/product\\\/ludwig-atlas-pro-pied-caisse-claire-lap22ss\\\/#breadcrumb\",\"itemListElement\":[{\"@type\":\"ListItem\",\"position\":1,\"name\":\"Home\",\"item\":\"https:\\\/\\\/www.rimocc.com\\\/\"},{\"@type\":\"ListItem\",\"position\":2,\"name\":\"Shop\",\"item\":\"https:\\\/\\\/www.rimocc.com\\\/shop\\\/\"},{\"@type\":\"ListItem\",\"position\":3,\"name\":\"Ludwig Atlas Pro Pied Caisse Claire LAP22SS\"}]},{\"@type\":\"WebSite\",\"@id\":\"https:\\\/\\\/www.rimocc.com\\\/#website\",\"url\":\"https:\\\/\\\/www.rimocc.com\\\/\",\"name\":\"D\u00e9p\u00f4t Vente Batterie Percussion | Rimocc Lyon\",\"description\":\"Rimocc: l&#039;unique magasin d\u00e9di\u00e9 enti\u00e8rement \u00e0 la batterie, percussion d&#039;occasion et vintage \u00e0 Lyon, France\",\"publisher\":{\"@id\":\"https:\\\/\\\/www.rimocc.com\\\/#organization\"},\"alternateName\":\"Rimocc'\",\"potentialAction\":[{\"@type\":\"SearchAction\",\"target\":{\"@type\":\"EntryPoint\",\"urlTemplate\":\"https:\\\/\\\/www.rimocc.com\\\/?s={search_term_string}\"},\"query-input\":{\"@type\":\"PropertyValueSpecification\",\"valueRequired\":true,\"valueName\":\"search_term_string\"}}],\"inLanguage\":\"en-US\"},{\"@type\":\"Organization\",\"@id\":\"https:\\\/\\\/www.rimocc.com\\\/#organization\",\"name\":\"Rimocc'\",\"alternateName\":\"Rimocc\",\"url\":\"https:\\\/\\\/www.rimocc.com\\\/\",\"logo\":{\"@type\":\"ImageObject\",\"inLanguage\":\"en-US\",\"@id\":\"https:\\\/\\\/www.rimocc.com\\\/#\\\/schema\\\/logo\\\/image\\\/\",\"url\":\"https:\\\/\\\/i0.wp.com\\\/www.rimocc.com\\\/wp-content\\\/uploads\\\/2023\\\/07\\\/RIMOCC_LOGO.jpg?fit=459%2C114&ssl=1\",\"contentUrl\":\"https:\\\/\\\/i0.wp.com\\\/www.rimocc.com\\\/wp-content\\\/uploads\\\/2023\\\/07\\\/RIMOCC_LOGO.jpg?fit=459%2C114&ssl=1\",\"width\":459,\"height\":114,\"caption\":\"Rimocc'\"},\"image\":{\"@id\":\"https:\\\/\\\/www.rimocc.com\\\/#\\\/schema\\\/logo\\\/image\\\/\"},\"sameAs\":[\"https:\\\/\\\/www.facebook.com\\\/rimocclyon\\\/?locale=fr_FR\",\"https:\\\/\\\/www.instagram.com\\\/rimoccc\\\/?hl=fr\",\"https:\\\/\\\/www.tiktok.com\\\/@rimocc\",\"https:\\\/\\\/www.youtube.com\\\/@Rimocc\"]}]}<\/script>\n<!-- \/ Yoast SEO plugin. -->","yoast_head_json":{"title":"Ludwig Atlas Pro Pied Caisse Claire LAP22SS - D\u00e9p\u00f4t Vente Batterie Percussion | Rimocc Lyon","description":"Le Ludwig LAP22SS Atlas Pro est un pied de caisse claire robuste et fiable. Profitez d'une stabilit\u00e9 exceptionnelle et de r\u00e9glages pr\u00e9cis.","robots":{"index":"index","follow":"follow","max-snippet":"max-snippet:-1","max-image-preview":"max-image-preview:large","max-video-preview":"max-video-preview:-1"},"canonical":"https:\/\/www.rimocc.com\/en\/product\/ludwig-atlas-pro-pied-caisse-claire-lap22ss\/","og_locale":"en_US","og_type":"article","og_title":"Ludwig Atlas Pro Pied Caisse Claire LAP22SS - D\u00e9p\u00f4t Vente Batterie Percussion | Rimocc Lyon","og_description":"Le Ludwig LAP22SS Atlas Pro est un pied de caisse claire robuste et fiable. Profitez d'une stabilit\u00e9 exceptionnelle et de r\u00e9glages pr\u00e9cis.","og_url":"https:\/\/www.rimocc.com\/en\/product\/ludwig-atlas-pro-pied-caisse-claire-lap22ss\/","og_site_name":"D\u00e9p\u00f4t Vente Batterie Percussion | Rimocc Lyon","article_publisher":"https:\/\/www.facebook.com\/rimocclyon\/?locale=fr_FR","article_modified_time":"2025-03-22T14:45:19+00:00","og_image":[{"width":1920,"height":1920,"url":"https:\/\/www.rimocc.com\/wp-content\/uploads\/2025\/03\/Ludwig-Atlas-Pro-Pied-Caisse-Claire-LAP22SS-1.jpg","type":"image\/jpeg"}],"twitter_card":"summary_large_image","twitter_misc":{"Est. reading time":"1 minute"},"schema":{"@context":"https:\/\/schema.org","@graph":[{"@type":"WebPage","@id":"https:\/\/www.rimocc.com\/product\/ludwig-atlas-pro-pied-caisse-claire-lap22ss\/","url":"https:\/\/www.rimocc.com\/product\/ludwig-atlas-pro-pied-caisse-claire-lap22ss\/","name":"Ludwig Atlas Pro Pied Caisse Claire LAP22SS - D\u00e9p\u00f4t Vente Batterie Percussion | Rimocc Lyon","isPartOf":{"@id":"https:\/\/www.rimocc.com\/#website"},"primaryImageOfPage":{"@id":"https:\/\/www.rimocc.com\/product\/ludwig-atlas-pro-pied-caisse-claire-lap22ss\/#primaryimage"},"image":{"@id":"https:\/\/www.rimocc.com\/product\/ludwig-atlas-pro-pied-caisse-claire-lap22ss\/#primaryimage"},"thumbnailUrl":"https:\/\/www.rimocc.com\/wp-content\/uploads\/2025\/03\/Ludwig-Atlas-Pro-Pied-Caisse-Claire-LAP22SS-1.jpg","datePublished":"2025-03-22T14:41:07+00:00","dateModified":"2025-03-22T14:45:19+00:00","description":"Le Ludwig LAP22SS Atlas Pro est un pied de caisse claire robuste et fiable. Profitez d'une stabilit\u00e9 exceptionnelle et de r\u00e9glages pr\u00e9cis.","breadcrumb":{"@id":"https:\/\/www.rimocc.com\/product\/ludwig-atlas-pro-pied-caisse-claire-lap22ss\/#breadcrumb"},"inLanguage":"en-US","potentialAction":[{"@type":"ReadAction","target":["https:\/\/www.rimocc.com\/product\/ludwig-atlas-pro-pied-caisse-claire-lap22ss\/"]}]},{"@type":"ImageObject","inLanguage":"en-US","@id":"https:\/\/www.rimocc.com\/product\/ludwig-atlas-pro-pied-caisse-claire-lap22ss\/#primaryimage","url":"https:\/\/www.rimocc.com\/wp-content\/uploads\/2025\/03\/Ludwig-Atlas-Pro-Pied-Caisse-Claire-LAP22SS-1.jpg","contentUrl":"https:\/\/www.rimocc.com\/wp-content\/uploads\/2025\/03\/Ludwig-Atlas-Pro-Pied-Caisse-Claire-LAP22SS-1.jpg","width":1920,"height":1920,"caption":"Ludwig Atlas Pro Pied Caisse Claire LAP22SS"},{"@type":"BreadcrumbList","@id":"https:\/\/www.rimocc.com\/product\/ludwig-atlas-pro-pied-caisse-claire-lap22ss\/#breadcrumb","itemListElement":[{"@type":"ListItem","position":1,"name":"Home","item":"https:\/\/www.rimocc.com\/"},{"@type":"ListItem","position":2,"name":"Shop","item":"https:\/\/www.rimocc.com\/shop\/"},{"@type":"ListItem","position":3,"name":"Ludwig Atlas Pro Pied Caisse Claire LAP22SS"}]},{"@type":"WebSite","@id":"https:\/\/www.rimocc.com\/#website","url":"https:\/\/www.rimocc.com\/","name":"D\u00e9p\u00f4t Vente Batterie Percussion | Rimocc Lyon","description":"Rimocc: l&#039;unique magasin d\u00e9di\u00e9 enti\u00e8rement \u00e0 la batterie, percussion d&#039;occasion et vintage \u00e0 Lyon, France","publisher":{"@id":"https:\/\/www.rimocc.com\/#organization"},"alternateName":"Rimocc'","potentialAction":[{"@type":"SearchAction","target":{"@type":"EntryPoint","urlTemplate":"https:\/\/www.rimocc.com\/?s={search_term_string}"},"query-input":{"@type":"PropertyValueSpecification","valueRequired":true,"valueName":"search_term_string"}}],"inLanguage":"en-US"},{"@type":"Organization","@id":"https:\/\/www.rimocc.com\/#organization","name":"Rimocc'","alternateName":"Rimocc","url":"https:\/\/www.rimocc.com\/","logo":{"@type":"ImageObject","inLanguage":"en-US","@id":"https:\/\/www.rimocc.com\/#\/schema\/logo\/image\/","url":"https:\/\/i0.wp.com\/www.rimocc.com\/wp-content\/uploads\/2023\/07\/RIMOCC_LOGO.jpg?fit=459%2C114&ssl=1","contentUrl":"https:\/\/i0.wp.com\/www.rimocc.com\/wp-content\/uploads\/2023\/07\/RIMOCC_LOGO.jpg?fit=459%2C114&ssl=1","width":459,"height":114,"caption":"Rimocc'"},"image":{"@id":"https:\/\/www.rimocc.com\/#\/schema\/logo\/image\/"},"sameAs":["https:\/\/www.facebook.com\/rimocclyon\/?locale=fr_FR","https:\/\/www.instagram.com\/rimoccc\/?hl=fr","https:\/\/www.tiktok.com\/@rimocc","https:\/\/www.youtube.com\/@Rimocc"]}]}},"jetpack_publicize_connections":[],"jetpack_sharing_enabled":true,"_links":{"self":[{"href":"https:\/\/www.rimocc.com\/en\/wp-json\/wp\/v2\/product\/14482","targetHints":{"allow":["GET"]}}],"collection":[{"href":"https:\/\/www.rimocc.com\/en\/wp-json\/wp\/v2\/product"}],"about":[{"href":"https:\/\/www.rimocc.com\/en\/wp-json\/wp\/v2\/types\/product"}],"replies":[{"embeddable":true,"href":"https:\/\/www.rimocc.com\/en\/wp-json\/wp\/v2\/comments?post=14482"}],"wp:featuredmedia":[{"embeddable":true,"href":"https:\/\/www.rimocc.com\/en\/wp-json\/wp\/v2\/media\/14481"}],"wp:attachment":[{"href":"https:\/\/www.rimocc.com\/en\/wp-json\/wp\/v2\/media?parent=14482"}],"wp:term":[{"taxonomy":"product_brand","embeddable":true,"href":"https:\/\/www.rimocc.com\/en\/wp-json\/wp\/v2\/product_brand?post=14482"},{"taxonomy":"product_cat","embeddable":true,"href":"https:\/\/www.rimocc.com\/en\/wp-json\/wp\/v2\/product_cat?post=14482"},{"taxonomy":"product_tag","embeddable":true,"href":"https:\/\/www.rimocc.com\/en\/wp-json\/wp\/v2\/product_tag?post=14482"}],"curies":[{"name":"wp","href":"https:\/\/api.w.org\/{rel}","templated":true}]}}