{"id":14451,"date":"2025-03-20T14:30:23","date_gmt":"2025-03-20T13:30:23","guid":{"rendered":"https:\/\/www.rimocc.com\/?post_type=product&#038;p=14451"},"modified":"2025-04-05T16:04:51","modified_gmt":"2025-04-05T14:04:51","slug":"ludwig-black-beauty-hot-rod-fat-black-14x65-lb427tdc","status":"publish","type":"product","link":"https:\/\/www.rimocc.com\/en\/product\/ludwig-black-beauty-hot-rod-fat-black-14x65-lb427tdc\/","title":{"rendered":"Ludwig Black Beauty Hot Rod Fat Black 14&Prime;x6,5&Prime; LB427TDC"},"content":{"rendered":"<p>Ludwig Black Beauty Hot Rod Fat Black 14&Prime;x6,5&Prime; LB427TDC<br \/>\nLtd Edition Copper Hardware<br \/>\nComme neuve, jou\u00e9e 2 fois<\/p>\n<p><em><strong>\u00ab\u00a0Enl\u00e8vement sur place privil\u00e9gi\u00e9 mais envoi possible sur devis s\u00e9par\u00e9 &#8211; merci de s\u00e9lectionner l&rsquo;option \u00ab\u00a0retrait en magasin\u00a0\u00bb et nous vous ferons parvenir un devis s\u00e9par\u00e9 pour la livraison, \u00e0 r\u00e9gler s\u00e9par\u00e9ment\u00a0\u00bb<br \/>\nInternational order and delivery possible but subject to a separate quote &amp; payment. Please select the pick-up on site option during payment and we&rsquo;ll send you a separate payment link for the delivery fee covering full insurance &amp; sign-for option. Contact us\u00a0 for a delivery quote first \u00ab\u00a0<\/strong><\/em><\/p>\n<p>La Ludwig Black Beauty Hot Rod Fat Black LB427TDC est une caisse claire de prestige, issue de la c\u00e9l\u00e8bre s\u00e9rie Black Beauty de Ludwig, r\u00e9put\u00e9e pour son son riche et sa qualit\u00e9 de fabrication exceptionnelle.<\/p>\n<p>Caract\u00e9ristiques principales :<\/p>\n<p>Taille : 14 pouces de diam\u00e8tre et 6,5 pouces de profondeur, offrant un \u00e9quilibre parfait entre profondeur et sensibilit\u00e9.<br \/>\nMat\u00e9riau du f\u00fbt : Laiton, qui contribue \u00e0 un son chaud, rond et puissant, avec une excellente projection.<br \/>\nFinition : \u00ab\u00a0Fat Black\u00a0\u00bb (noir gras), une finition noire \u00e9l\u00e9gante et distinctive, qui conf\u00e8re \u00e0 la caisse claire un look \u00ab\u00a0hot rod\u00a0\u00bb personnalis\u00e9.<br \/>\nCercles : Cercles moul\u00e9s, qui assurent une meilleure stabilit\u00e9 de l&rsquo;accordage et une frappe plus pr\u00e9cise.<br \/>\nD\u00e9clencheur : Le d\u00e9clencheur \u00ab\u00a0Supraphonic\u00a0\u00bb classique de Ludwig, reconnu pour sa fiabilit\u00e9 et sa sensibilit\u00e9.<br \/>\nAccastillage : Accastillage copper, qui compl\u00e8te l&rsquo;esth\u00e9tique sombre de la caisse claire.<br \/>\nSonorit\u00e9 : La Black Beauty Hot Rod Fat Black offre un son riche, profond et puissant, avec une excellente sensibilit\u00e9 et une grande polyvalence. Elle est adapt\u00e9e \u00e0 une large gamme de styles musicaux, du rock au jazz en passant par le funk.<\/p>\n<p>En r\u00e9sum\u00e9 :<\/p>\n<p>La Ludwig Black Beauty Hot Rod Fat Black 14&Prime;x6,5&Prime; LB427TDC est une caisse claire haut de gamme, con\u00e7ue pour les batteurs exigeants \u00e0 la recherche d&rsquo;un instrument de qualit\u00e9 professionnelle avec un son exceptionnel et une esth\u00e9tique unique. Son m\u00e9lange de mat\u00e9riaux de qualit\u00e9, de conception soign\u00e9e et de finitions personnalis\u00e9es en fait un choix de premier ordre pour tout batteur s\u00e9rieux.<\/p>\n<p><a href=\"https:\/\/www.ludwig-drums.com\/en-us\/ludwig\/products\/snare-drums\/black-beauty\">https:\/\/www.ludwig-drums.com\/en-us\/ludwig\/products\/snare-drums\/black-beauty<\/a><br \/>\n<a href=\"https:\/\/www.rimocc.com\/en\/product-category\/caisse-claire\/\">https:\/\/www.rimocc.com\/product-category\/caisse-claire\/<\/a><\/p>\n<p class=\"responsive-video-wrap clr\"><iframe title=\"Ludwig Black Beauty Hot Rod #ludwigdrums #drums #drummer  #drummerlife #iconic #ludwigblackbeauty\" width=\"1200\" height=\"675\" src=\"https:\/\/www.youtube.com\/embed\/KMRiJIXvlNQ?feature=oembed\" frameborder=\"0\" allow=\"accelerometer; autoplay; clipboard-write; encrypted-media; gyroscope; picture-in-picture; web-share\" referrerpolicy=\"strict-origin-when-cross-origin\" allowfullscreen><\/iframe><\/p>","protected":false},"excerpt":{"rendered":"<p>Ludwig Black Beauty Hot Rod Fat Black 14&Prime;x6,5&Prime; LB427TDC Ltd Edition Copper Hardware Comme neuve, jou\u00e9e 2 fois \u00ab\u00a0Enl\u00e8vement sur place privil\u00e9gi\u00e9 mais envoi possible sur devis s\u00e9par\u00e9 &#8211; merci de s\u00e9lectionner l&rsquo;option \u00ab\u00a0retrait en magasin\u00a0\u00bb et nous vous ferons parvenir un devis s\u00e9par\u00e9 pour la livraison, \u00e0 r\u00e9gler s\u00e9par\u00e9ment\u00a0\u00bb International order and delivery possible [&hellip;]<\/p>\n","protected":false},"featured_media":14449,"comment_status":"open","ping_status":"closed","template":"","meta":{"jetpack_publicize_message":"","jetpack_publicize_feature_enabled":true,"jetpack_social_post_already_shared":false,"jetpack_social_options":{"image_generator_settings":{"template":"highway","default_image_id":0,"font":"","enabled":false},"version":2}},"product_brand":[],"product_cat":[25],"product_tag":[63,548,93,644,538,252],"class_list":{"0":"post-14451","1":"product","2":"type-product","3":"status-publish","4":"has-post-thumbnail","6":"product_cat-caisse-claire","7":"product_tag-caisse-claire","8":"product_tag-depot-vente-lyon","9":"product_tag-ludwig","10":"product_tag-ludwig-black-beauty","11":"product_tag-magasin-de-musique-lyon","12":"product_tag-snare-drum","14":"entry","15":"has-media","17":"first","18":"outofstock","19":"shipping-taxable","20":"purchasable","21":"product-type-simple","22":"has-product-nav","23":"col","24":"span_1_of_3","25":"owp-content-center","26":"owp-thumbs-layout-horizontal","27":"owp-btn-normal","28":"owp-tabs-layout-horizontal"},"yoast_head":"<!-- This site is optimized with the Yoast SEO plugin v27.4 - https:\/\/yoast.com\/product\/yoast-seo-wordpress\/ -->\n<title>Ludwig Black Beauty Hot Rod Fat Black 14&quot;x6,5&quot; LB427TDC - D\u00e9p\u00f4t Vente Batterie Percussion | Rimocc Lyon<\/title>\n<meta name=\"description\" content=\"Ludwig Black Beauty LB427TDC : Caisse claire 14&quot;x6,5&quot; en laiton, son chaud et profond. Finition &#039;Fat Black&#039; unique. Qualit\u00e9 professionnelle Ludwig.\" \/>\n<meta name=\"robots\" content=\"index, follow, max-snippet:-1, max-image-preview:large, max-video-preview:-1\" \/>\n<link rel=\"canonical\" href=\"https:\/\/www.rimocc.com\/en\/product\/ludwig-black-beauty-hot-rod-fat-black-14x65-lb427tdc\/\" \/>\n<meta property=\"og:locale\" content=\"en_US\" \/>\n<meta property=\"og:type\" content=\"article\" \/>\n<meta property=\"og:title\" content=\"Ludwig Black Beauty Hot Rod Fat Black 14&quot;x6,5&quot; LB427TDC - D\u00e9p\u00f4t Vente Batterie Percussion | Rimocc Lyon\" \/>\n<meta property=\"og:description\" content=\"Ludwig Black Beauty LB427TDC : Caisse claire 14&quot;x6,5&quot; en laiton, son chaud et profond. Finition &#039;Fat Black&#039; unique. Qualit\u00e9 professionnelle Ludwig.\" \/>\n<meta property=\"og:url\" content=\"https:\/\/www.rimocc.com\/en\/product\/ludwig-black-beauty-hot-rod-fat-black-14x65-lb427tdc\/\" \/>\n<meta property=\"og:site_name\" content=\"D\u00e9p\u00f4t Vente Batterie Percussion | Rimocc Lyon\" \/>\n<meta property=\"article:publisher\" content=\"https:\/\/www.facebook.com\/rimocclyon\/?locale=fr_FR\" \/>\n<meta property=\"article:modified_time\" content=\"2025-04-05T14:04:51+00:00\" \/>\n<meta property=\"og:image\" content=\"https:\/\/www.rimocc.com\/wp-content\/uploads\/2025\/03\/Ludwig-Black-Beauty-Hot-Rod-Fat-Black-14_x65_-LB427TDC-Ltd-Edition-1.jpg\" \/>\n\t<meta property=\"og:image:width\" content=\"1920\" \/>\n\t<meta property=\"og:image:height\" content=\"1920\" \/>\n\t<meta property=\"og:image:type\" content=\"image\/jpeg\" \/>\n<meta name=\"twitter:card\" content=\"summary_large_image\" \/>\n<meta name=\"twitter:label1\" content=\"Est. reading time\" \/>\n\t<meta name=\"twitter:data1\" content=\"2 minutes\" \/>\n<script type=\"application\/ld+json\" class=\"yoast-schema-graph\">{\"@context\":\"https:\\\/\\\/schema.org\",\"@graph\":[{\"@type\":\"WebPage\",\"@id\":\"https:\\\/\\\/www.rimocc.com\\\/product\\\/ludwig-black-beauty-hot-rod-fat-black-14x65-lb427tdc\\\/\",\"url\":\"https:\\\/\\\/www.rimocc.com\\\/product\\\/ludwig-black-beauty-hot-rod-fat-black-14x65-lb427tdc\\\/\",\"name\":\"Ludwig Black Beauty Hot Rod Fat Black 14\\\"x6,5\\\" LB427TDC - D\u00e9p\u00f4t Vente Batterie Percussion | Rimocc Lyon\",\"isPartOf\":{\"@id\":\"https:\\\/\\\/www.rimocc.com\\\/#website\"},\"primaryImageOfPage\":{\"@id\":\"https:\\\/\\\/www.rimocc.com\\\/product\\\/ludwig-black-beauty-hot-rod-fat-black-14x65-lb427tdc\\\/#primaryimage\"},\"image\":{\"@id\":\"https:\\\/\\\/www.rimocc.com\\\/product\\\/ludwig-black-beauty-hot-rod-fat-black-14x65-lb427tdc\\\/#primaryimage\"},\"thumbnailUrl\":\"https:\\\/\\\/www.rimocc.com\\\/wp-content\\\/uploads\\\/2025\\\/03\\\/Ludwig-Black-Beauty-Hot-Rod-Fat-Black-14_x65_-LB427TDC-Ltd-Edition-1.jpg\",\"datePublished\":\"2025-03-20T13:30:23+00:00\",\"dateModified\":\"2025-04-05T14:04:51+00:00\",\"description\":\"Ludwig Black Beauty LB427TDC : Caisse claire 14\\\"x6,5\\\" en laiton, son chaud et profond. Finition 'Fat Black' unique. Qualit\u00e9 professionnelle Ludwig.\",\"breadcrumb\":{\"@id\":\"https:\\\/\\\/www.rimocc.com\\\/product\\\/ludwig-black-beauty-hot-rod-fat-black-14x65-lb427tdc\\\/#breadcrumb\"},\"inLanguage\":\"en-US\",\"potentialAction\":[{\"@type\":\"ReadAction\",\"target\":[\"https:\\\/\\\/www.rimocc.com\\\/product\\\/ludwig-black-beauty-hot-rod-fat-black-14x65-lb427tdc\\\/\"]}]},{\"@type\":\"ImageObject\",\"inLanguage\":\"en-US\",\"@id\":\"https:\\\/\\\/www.rimocc.com\\\/product\\\/ludwig-black-beauty-hot-rod-fat-black-14x65-lb427tdc\\\/#primaryimage\",\"url\":\"https:\\\/\\\/www.rimocc.com\\\/wp-content\\\/uploads\\\/2025\\\/03\\\/Ludwig-Black-Beauty-Hot-Rod-Fat-Black-14_x65_-LB427TDC-Ltd-Edition-1.jpg\",\"contentUrl\":\"https:\\\/\\\/www.rimocc.com\\\/wp-content\\\/uploads\\\/2025\\\/03\\\/Ludwig-Black-Beauty-Hot-Rod-Fat-Black-14_x65_-LB427TDC-Ltd-Edition-1.jpg\",\"width\":1920,\"height\":1920,\"caption\":\"Ludwig Black Beauty Hot Rod Fat Black 14\\\"x6,5\\\" LB427TDC Ltd Edition Copper Hardware\"},{\"@type\":\"BreadcrumbList\",\"@id\":\"https:\\\/\\\/www.rimocc.com\\\/product\\\/ludwig-black-beauty-hot-rod-fat-black-14x65-lb427tdc\\\/#breadcrumb\",\"itemListElement\":[{\"@type\":\"ListItem\",\"position\":1,\"name\":\"Home\",\"item\":\"https:\\\/\\\/www.rimocc.com\\\/\"},{\"@type\":\"ListItem\",\"position\":2,\"name\":\"Shop\",\"item\":\"https:\\\/\\\/www.rimocc.com\\\/shop\\\/\"},{\"@type\":\"ListItem\",\"position\":3,\"name\":\"Ludwig Black Beauty Hot Rod Fat Black 14&#8243;x6,5&#8243; LB427TDC\"}]},{\"@type\":\"WebSite\",\"@id\":\"https:\\\/\\\/www.rimocc.com\\\/#website\",\"url\":\"https:\\\/\\\/www.rimocc.com\\\/\",\"name\":\"D\u00e9p\u00f4t Vente Batterie Percussion | Rimocc Lyon\",\"description\":\"Rimocc: l&#039;unique magasin d\u00e9di\u00e9 enti\u00e8rement \u00e0 la batterie, percussion d&#039;occasion et vintage \u00e0 Lyon, France\",\"publisher\":{\"@id\":\"https:\\\/\\\/www.rimocc.com\\\/#organization\"},\"alternateName\":\"Rimocc'\",\"potentialAction\":[{\"@type\":\"SearchAction\",\"target\":{\"@type\":\"EntryPoint\",\"urlTemplate\":\"https:\\\/\\\/www.rimocc.com\\\/?s={search_term_string}\"},\"query-input\":{\"@type\":\"PropertyValueSpecification\",\"valueRequired\":true,\"valueName\":\"search_term_string\"}}],\"inLanguage\":\"en-US\"},{\"@type\":\"Organization\",\"@id\":\"https:\\\/\\\/www.rimocc.com\\\/#organization\",\"name\":\"Rimocc'\",\"alternateName\":\"Rimocc\",\"url\":\"https:\\\/\\\/www.rimocc.com\\\/\",\"logo\":{\"@type\":\"ImageObject\",\"inLanguage\":\"en-US\",\"@id\":\"https:\\\/\\\/www.rimocc.com\\\/#\\\/schema\\\/logo\\\/image\\\/\",\"url\":\"https:\\\/\\\/i0.wp.com\\\/www.rimocc.com\\\/wp-content\\\/uploads\\\/2023\\\/07\\\/RIMOCC_LOGO.jpg?fit=459%2C114&ssl=1\",\"contentUrl\":\"https:\\\/\\\/i0.wp.com\\\/www.rimocc.com\\\/wp-content\\\/uploads\\\/2023\\\/07\\\/RIMOCC_LOGO.jpg?fit=459%2C114&ssl=1\",\"width\":459,\"height\":114,\"caption\":\"Rimocc'\"},\"image\":{\"@id\":\"https:\\\/\\\/www.rimocc.com\\\/#\\\/schema\\\/logo\\\/image\\\/\"},\"sameAs\":[\"https:\\\/\\\/www.facebook.com\\\/rimocclyon\\\/?locale=fr_FR\",\"https:\\\/\\\/www.instagram.com\\\/rimoccc\\\/?hl=fr\",\"https:\\\/\\\/www.tiktok.com\\\/@rimocc\",\"https:\\\/\\\/www.youtube.com\\\/@Rimocc\"]}]}<\/script>\n<!-- \/ Yoast SEO plugin. -->","yoast_head_json":{"title":"Ludwig Black Beauty Hot Rod Fat Black 14\"x6,5\" LB427TDC - D\u00e9p\u00f4t Vente Batterie Percussion | Rimocc Lyon","description":"Ludwig Black Beauty LB427TDC : Caisse claire 14\"x6,5\" en laiton, son chaud et profond. Finition 'Fat Black' unique. Qualit\u00e9 professionnelle Ludwig.","robots":{"index":"index","follow":"follow","max-snippet":"max-snippet:-1","max-image-preview":"max-image-preview:large","max-video-preview":"max-video-preview:-1"},"canonical":"https:\/\/www.rimocc.com\/en\/product\/ludwig-black-beauty-hot-rod-fat-black-14x65-lb427tdc\/","og_locale":"en_US","og_type":"article","og_title":"Ludwig Black Beauty Hot Rod Fat Black 14\"x6,5\" LB427TDC - D\u00e9p\u00f4t Vente Batterie Percussion | Rimocc Lyon","og_description":"Ludwig Black Beauty LB427TDC : Caisse claire 14\"x6,5\" en laiton, son chaud et profond. Finition 'Fat Black' unique. Qualit\u00e9 professionnelle Ludwig.","og_url":"https:\/\/www.rimocc.com\/en\/product\/ludwig-black-beauty-hot-rod-fat-black-14x65-lb427tdc\/","og_site_name":"D\u00e9p\u00f4t Vente Batterie Percussion | Rimocc Lyon","article_publisher":"https:\/\/www.facebook.com\/rimocclyon\/?locale=fr_FR","article_modified_time":"2025-04-05T14:04:51+00:00","og_image":[{"width":1920,"height":1920,"url":"https:\/\/www.rimocc.com\/wp-content\/uploads\/2025\/03\/Ludwig-Black-Beauty-Hot-Rod-Fat-Black-14_x65_-LB427TDC-Ltd-Edition-1.jpg","type":"image\/jpeg"}],"twitter_card":"summary_large_image","twitter_misc":{"Est. reading time":"2 minutes"},"schema":{"@context":"https:\/\/schema.org","@graph":[{"@type":"WebPage","@id":"https:\/\/www.rimocc.com\/product\/ludwig-black-beauty-hot-rod-fat-black-14x65-lb427tdc\/","url":"https:\/\/www.rimocc.com\/product\/ludwig-black-beauty-hot-rod-fat-black-14x65-lb427tdc\/","name":"Ludwig Black Beauty Hot Rod Fat Black 14\"x6,5\" LB427TDC - D\u00e9p\u00f4t Vente Batterie Percussion | Rimocc Lyon","isPartOf":{"@id":"https:\/\/www.rimocc.com\/#website"},"primaryImageOfPage":{"@id":"https:\/\/www.rimocc.com\/product\/ludwig-black-beauty-hot-rod-fat-black-14x65-lb427tdc\/#primaryimage"},"image":{"@id":"https:\/\/www.rimocc.com\/product\/ludwig-black-beauty-hot-rod-fat-black-14x65-lb427tdc\/#primaryimage"},"thumbnailUrl":"https:\/\/www.rimocc.com\/wp-content\/uploads\/2025\/03\/Ludwig-Black-Beauty-Hot-Rod-Fat-Black-14_x65_-LB427TDC-Ltd-Edition-1.jpg","datePublished":"2025-03-20T13:30:23+00:00","dateModified":"2025-04-05T14:04:51+00:00","description":"Ludwig Black Beauty LB427TDC : Caisse claire 14\"x6,5\" en laiton, son chaud et profond. Finition 'Fat Black' unique. Qualit\u00e9 professionnelle Ludwig.","breadcrumb":{"@id":"https:\/\/www.rimocc.com\/product\/ludwig-black-beauty-hot-rod-fat-black-14x65-lb427tdc\/#breadcrumb"},"inLanguage":"en-US","potentialAction":[{"@type":"ReadAction","target":["https:\/\/www.rimocc.com\/product\/ludwig-black-beauty-hot-rod-fat-black-14x65-lb427tdc\/"]}]},{"@type":"ImageObject","inLanguage":"en-US","@id":"https:\/\/www.rimocc.com\/product\/ludwig-black-beauty-hot-rod-fat-black-14x65-lb427tdc\/#primaryimage","url":"https:\/\/www.rimocc.com\/wp-content\/uploads\/2025\/03\/Ludwig-Black-Beauty-Hot-Rod-Fat-Black-14_x65_-LB427TDC-Ltd-Edition-1.jpg","contentUrl":"https:\/\/www.rimocc.com\/wp-content\/uploads\/2025\/03\/Ludwig-Black-Beauty-Hot-Rod-Fat-Black-14_x65_-LB427TDC-Ltd-Edition-1.jpg","width":1920,"height":1920,"caption":"Ludwig Black Beauty Hot Rod Fat Black 14\"x6,5\" LB427TDC Ltd Edition Copper Hardware"},{"@type":"BreadcrumbList","@id":"https:\/\/www.rimocc.com\/product\/ludwig-black-beauty-hot-rod-fat-black-14x65-lb427tdc\/#breadcrumb","itemListElement":[{"@type":"ListItem","position":1,"name":"Home","item":"https:\/\/www.rimocc.com\/"},{"@type":"ListItem","position":2,"name":"Shop","item":"https:\/\/www.rimocc.com\/shop\/"},{"@type":"ListItem","position":3,"name":"Ludwig Black Beauty Hot Rod Fat Black 14&#8243;x6,5&#8243; LB427TDC"}]},{"@type":"WebSite","@id":"https:\/\/www.rimocc.com\/#website","url":"https:\/\/www.rimocc.com\/","name":"D\u00e9p\u00f4t Vente Batterie Percussion | Rimocc Lyon","description":"Rimocc: l&#039;unique magasin d\u00e9di\u00e9 enti\u00e8rement \u00e0 la batterie, percussion d&#039;occasion et vintage \u00e0 Lyon, France","publisher":{"@id":"https:\/\/www.rimocc.com\/#organization"},"alternateName":"Rimocc'","potentialAction":[{"@type":"SearchAction","target":{"@type":"EntryPoint","urlTemplate":"https:\/\/www.rimocc.com\/?s={search_term_string}"},"query-input":{"@type":"PropertyValueSpecification","valueRequired":true,"valueName":"search_term_string"}}],"inLanguage":"en-US"},{"@type":"Organization","@id":"https:\/\/www.rimocc.com\/#organization","name":"Rimocc'","alternateName":"Rimocc","url":"https:\/\/www.rimocc.com\/","logo":{"@type":"ImageObject","inLanguage":"en-US","@id":"https:\/\/www.rimocc.com\/#\/schema\/logo\/image\/","url":"https:\/\/i0.wp.com\/www.rimocc.com\/wp-content\/uploads\/2023\/07\/RIMOCC_LOGO.jpg?fit=459%2C114&ssl=1","contentUrl":"https:\/\/i0.wp.com\/www.rimocc.com\/wp-content\/uploads\/2023\/07\/RIMOCC_LOGO.jpg?fit=459%2C114&ssl=1","width":459,"height":114,"caption":"Rimocc'"},"image":{"@id":"https:\/\/www.rimocc.com\/#\/schema\/logo\/image\/"},"sameAs":["https:\/\/www.facebook.com\/rimocclyon\/?locale=fr_FR","https:\/\/www.instagram.com\/rimoccc\/?hl=fr","https:\/\/www.tiktok.com\/@rimocc","https:\/\/www.youtube.com\/@Rimocc"]}]}},"jetpack_publicize_connections":[],"jetpack_sharing_enabled":true,"_links":{"self":[{"href":"https:\/\/www.rimocc.com\/en\/wp-json\/wp\/v2\/product\/14451","targetHints":{"allow":["GET"]}}],"collection":[{"href":"https:\/\/www.rimocc.com\/en\/wp-json\/wp\/v2\/product"}],"about":[{"href":"https:\/\/www.rimocc.com\/en\/wp-json\/wp\/v2\/types\/product"}],"replies":[{"embeddable":true,"href":"https:\/\/www.rimocc.com\/en\/wp-json\/wp\/v2\/comments?post=14451"}],"wp:featuredmedia":[{"embeddable":true,"href":"https:\/\/www.rimocc.com\/en\/wp-json\/wp\/v2\/media\/14449"}],"wp:attachment":[{"href":"https:\/\/www.rimocc.com\/en\/wp-json\/wp\/v2\/media?parent=14451"}],"wp:term":[{"taxonomy":"product_brand","embeddable":true,"href":"https:\/\/www.rimocc.com\/en\/wp-json\/wp\/v2\/product_brand?post=14451"},{"taxonomy":"product_cat","embeddable":true,"href":"https:\/\/www.rimocc.com\/en\/wp-json\/wp\/v2\/product_cat?post=14451"},{"taxonomy":"product_tag","embeddable":true,"href":"https:\/\/www.rimocc.com\/en\/wp-json\/wp\/v2\/product_tag?post=14451"}],"curies":[{"name":"wp","href":"https:\/\/api.w.org\/{rel}","templated":true}]}}