{"id":14440,"date":"2025-03-19T18:29:19","date_gmt":"2025-03-19T17:29:19","guid":{"rendered":"https:\/\/www.rimocc.com\/?post_type=product&#038;p=14440"},"modified":"2025-03-20T18:50:02","modified_gmt":"2025-03-20T17:50:02","slug":"ludwig-black-beauty-polar-phonic-14x65-ltd-140-ex","status":"publish","type":"product","link":"https:\/\/www.rimocc.com\/en\/product\/ludwig-black-beauty-polar-phonic-14x65-ltd-140-ex\/","title":{"rendered":"Ludwig Black Beauty Polar Phonic 14&Prime;x6,5&Prime; Ltd 140 ex."},"content":{"rendered":"<p>Ludwig Black Beauty Polar Phonic 14&Prime;x6,5&Prime; Ltd 140 ex.<br \/>\nComme neuve, jou\u00e9e 2 fois<br \/>\nCompl\u00e8te avec Cl\u00e9<\/p>\n<p>Une des principales raisons pour lesquelles Ludwig est \u00ab\u00a0le nom le plus c\u00e9l\u00e8bre en mati\u00e8re de batterie\u00a0\u00bb est la l\u00e9gendaire caisse claire Black Beauty. Le f\u00fbt en laiton de la Ludwig Black Beauty est construite \u00e0 partir d&rsquo;une seule feuille de laiton qui est \u00e9tir\u00e9e \u00e0 la machine et fil\u00e9e pour former un f\u00fbt perl\u00e9 sans soudure, puis dot\u00e9e d&rsquo;accastillage en or rose avec une magnifique finition Blanc Polaire.<\/p>\n<p>Le f\u00fbt offre une sonorit\u00e9 m\u00e9tallique chaude et ronde. Cette caisse claire est \u00e9quip\u00e9e d&rsquo;un d\u00e9clencheur P88 et d&rsquo;un contre-timbre P35, et r\u00e9pond avec une excellente sensibilit\u00e9 \u00e0 tous les volumes. La tradition de 70 ans de la Ludwig Black Beauty perdure en tant que caisse claire ultime de l&rsquo;industrie.<\/p>\n<p>F\u00fbt en laiton sans soudure 14 x 6,5 pouces<br \/>\nCercles moul\u00e9s sous pression en or rose<br \/>\nD\u00e9clencheur P88 et contre-timbre P35<br \/>\n18 brins de timbre Ludwig<br \/>\nTirants tubulaires<\/p>\n<p><a href=\"https:\/\/www.ludwig-drums.com\/en-us\/ludwig\/products\/snare-drums\/black-beauty\">https:\/\/www.ludwig-drums.com\/en-us\/ludwig\/products\/snare-drums\/black-beauty<\/a><\/p>\n<p><a href=\"https:\/\/www.rimocc.com\/en\/product-category\/caisse-claire\/\">https:\/\/www.rimocc.com\/product-category\/caisse-claire\/<\/a><\/p>\n<p class=\"responsive-video-wrap clr\"><iframe title=\"Ludwig Black Beauty Polar #ludwigdrums  #drums #drummer  #drummerlife   #iconic #ludwigblackbeauty\" width=\"1200\" height=\"675\" src=\"https:\/\/www.youtube.com\/embed\/aDnPa5dy_sg?feature=oembed\" frameborder=\"0\" allow=\"accelerometer; autoplay; clipboard-write; encrypted-media; gyroscope; picture-in-picture; web-share\" referrerpolicy=\"strict-origin-when-cross-origin\" allowfullscreen><\/iframe><\/p>\n<p>&nbsp;<\/p>","protected":false},"excerpt":{"rendered":"<p>Ludwig Black Beauty Polar Phonic 14&Prime;x6,5&Prime; Ltd 140 ex. Comme neuve, jou\u00e9e 2 fois Compl\u00e8te avec Cl\u00e9 Une des principales raisons pour lesquelles Ludwig est \u00ab\u00a0le nom le plus c\u00e9l\u00e8bre en mati\u00e8re de batterie\u00a0\u00bb est la l\u00e9gendaire caisse claire Black Beauty. Le f\u00fbt en laiton de la Ludwig Black Beauty est construite \u00e0 partir d&rsquo;une [&hellip;]<\/p>\n","protected":false},"featured_media":14439,"comment_status":"open","ping_status":"closed","template":"","meta":{"jetpack_publicize_message":"","jetpack_publicize_feature_enabled":true,"jetpack_social_post_already_shared":false,"jetpack_social_options":{"image_generator_settings":{"template":"highway","default_image_id":0,"font":"","enabled":false},"version":2}},"product_brand":[],"product_cat":[25],"product_tag":[93,644],"class_list":{"0":"post-14440","1":"product","2":"type-product","3":"status-publish","4":"has-post-thumbnail","6":"product_cat-caisse-claire","7":"product_tag-ludwig","8":"product_tag-ludwig-black-beauty","10":"entry","11":"has-media","13":"first","14":"outofstock","15":"shipping-taxable","16":"purchasable","17":"product-type-simple","18":"has-product-nav","19":"col","20":"span_1_of_3","21":"owp-content-center","22":"owp-thumbs-layout-horizontal","23":"owp-btn-normal","24":"owp-tabs-layout-horizontal"},"yoast_head":"<!-- This site is optimized with the Yoast SEO plugin v27.4 - https:\/\/yoast.com\/product\/yoast-seo-wordpress\/ -->\n<title>Ludwig Black Beauty Polar Phonic 14&quot;x6,5&quot; Ltd 140 ex. - D\u00e9p\u00f4t Vente Batterie Percussion | Rimocc Lyon<\/title>\n<meta name=\"description\" content=\"Ludwig Black Beauty Polar : la l\u00e9gende continue. F\u00fbt laiton sans soudure, or rose, son chaud et pr\u00e9cis. D\u00e9couvrez la caisse claire ultime. Ltd 140 ex.\" \/>\n<meta name=\"robots\" content=\"index, follow, max-snippet:-1, max-image-preview:large, max-video-preview:-1\" \/>\n<link rel=\"canonical\" href=\"https:\/\/www.rimocc.com\/en\/product\/ludwig-black-beauty-polar-phonic-14x65-ltd-140-ex\/\" \/>\n<meta property=\"og:locale\" content=\"en_US\" \/>\n<meta property=\"og:type\" content=\"article\" \/>\n<meta property=\"og:title\" content=\"Ludwig Black Beauty Polar Phonic 14&quot;x6,5&quot; Ltd 140 ex. - D\u00e9p\u00f4t Vente Batterie Percussion | Rimocc Lyon\" \/>\n<meta property=\"og:description\" content=\"Ludwig Black Beauty Polar : la l\u00e9gende continue. F\u00fbt laiton sans soudure, or rose, son chaud et pr\u00e9cis. D\u00e9couvrez la caisse claire ultime. Ltd 140 ex.\" \/>\n<meta property=\"og:url\" content=\"https:\/\/www.rimocc.com\/en\/product\/ludwig-black-beauty-polar-phonic-14x65-ltd-140-ex\/\" \/>\n<meta property=\"og:site_name\" content=\"D\u00e9p\u00f4t Vente Batterie Percussion | Rimocc Lyon\" \/>\n<meta property=\"article:publisher\" content=\"https:\/\/www.facebook.com\/rimocclyon\/?locale=fr_FR\" \/>\n<meta property=\"article:modified_time\" content=\"2025-03-20T17:50:02+00:00\" \/>\n<meta property=\"og:image\" content=\"https:\/\/www.rimocc.com\/wp-content\/uploads\/2025\/03\/Ludwig-Black-Beauty-Polar-Phonic-14_x65_-Ltd-140-ex.-1.jpg\" \/>\n\t<meta property=\"og:image:width\" content=\"1920\" \/>\n\t<meta property=\"og:image:height\" content=\"1920\" \/>\n\t<meta property=\"og:image:type\" content=\"image\/jpeg\" \/>\n<meta name=\"twitter:card\" content=\"summary_large_image\" \/>\n<meta name=\"twitter:label1\" content=\"Est. reading time\" \/>\n\t<meta name=\"twitter:data1\" content=\"1 minute\" \/>\n<script type=\"application\/ld+json\" class=\"yoast-schema-graph\">{\"@context\":\"https:\\\/\\\/schema.org\",\"@graph\":[{\"@type\":\"WebPage\",\"@id\":\"https:\\\/\\\/www.rimocc.com\\\/product\\\/ludwig-black-beauty-polar-phonic-14x65-ltd-140-ex\\\/\",\"url\":\"https:\\\/\\\/www.rimocc.com\\\/product\\\/ludwig-black-beauty-polar-phonic-14x65-ltd-140-ex\\\/\",\"name\":\"Ludwig Black Beauty Polar Phonic 14\\\"x6,5\\\" Ltd 140 ex. - D\u00e9p\u00f4t Vente Batterie Percussion | Rimocc Lyon\",\"isPartOf\":{\"@id\":\"https:\\\/\\\/www.rimocc.com\\\/#website\"},\"primaryImageOfPage\":{\"@id\":\"https:\\\/\\\/www.rimocc.com\\\/product\\\/ludwig-black-beauty-polar-phonic-14x65-ltd-140-ex\\\/#primaryimage\"},\"image\":{\"@id\":\"https:\\\/\\\/www.rimocc.com\\\/product\\\/ludwig-black-beauty-polar-phonic-14x65-ltd-140-ex\\\/#primaryimage\"},\"thumbnailUrl\":\"https:\\\/\\\/www.rimocc.com\\\/wp-content\\\/uploads\\\/2025\\\/03\\\/Ludwig-Black-Beauty-Polar-Phonic-14_x65_-Ltd-140-ex.-1.jpg\",\"datePublished\":\"2025-03-19T17:29:19+00:00\",\"dateModified\":\"2025-03-20T17:50:02+00:00\",\"description\":\"Ludwig Black Beauty Polar : la l\u00e9gende continue. F\u00fbt laiton sans soudure, or rose, son chaud et pr\u00e9cis. D\u00e9couvrez la caisse claire ultime. Ltd 140 ex.\",\"breadcrumb\":{\"@id\":\"https:\\\/\\\/www.rimocc.com\\\/product\\\/ludwig-black-beauty-polar-phonic-14x65-ltd-140-ex\\\/#breadcrumb\"},\"inLanguage\":\"en-US\",\"potentialAction\":[{\"@type\":\"ReadAction\",\"target\":[\"https:\\\/\\\/www.rimocc.com\\\/product\\\/ludwig-black-beauty-polar-phonic-14x65-ltd-140-ex\\\/\"]}]},{\"@type\":\"ImageObject\",\"inLanguage\":\"en-US\",\"@id\":\"https:\\\/\\\/www.rimocc.com\\\/product\\\/ludwig-black-beauty-polar-phonic-14x65-ltd-140-ex\\\/#primaryimage\",\"url\":\"https:\\\/\\\/www.rimocc.com\\\/wp-content\\\/uploads\\\/2025\\\/03\\\/Ludwig-Black-Beauty-Polar-Phonic-14_x65_-Ltd-140-ex.-1.jpg\",\"contentUrl\":\"https:\\\/\\\/www.rimocc.com\\\/wp-content\\\/uploads\\\/2025\\\/03\\\/Ludwig-Black-Beauty-Polar-Phonic-14_x65_-Ltd-140-ex.-1.jpg\",\"width\":1920,\"height\":1920,\"caption\":\"Ludwig Black Beauty Polar Phonic 14\\\"x6,5\\\" Ltd 140 ex.\"},{\"@type\":\"BreadcrumbList\",\"@id\":\"https:\\\/\\\/www.rimocc.com\\\/product\\\/ludwig-black-beauty-polar-phonic-14x65-ltd-140-ex\\\/#breadcrumb\",\"itemListElement\":[{\"@type\":\"ListItem\",\"position\":1,\"name\":\"Home\",\"item\":\"https:\\\/\\\/www.rimocc.com\\\/\"},{\"@type\":\"ListItem\",\"position\":2,\"name\":\"Shop\",\"item\":\"https:\\\/\\\/www.rimocc.com\\\/shop\\\/\"},{\"@type\":\"ListItem\",\"position\":3,\"name\":\"Ludwig Black Beauty Polar Phonic 14&#8243;x6,5&#8243; Ltd 140 ex.\"}]},{\"@type\":\"WebSite\",\"@id\":\"https:\\\/\\\/www.rimocc.com\\\/#website\",\"url\":\"https:\\\/\\\/www.rimocc.com\\\/\",\"name\":\"D\u00e9p\u00f4t Vente Batterie Percussion | Rimocc Lyon\",\"description\":\"Rimocc: l&#039;unique magasin d\u00e9di\u00e9 enti\u00e8rement \u00e0 la batterie, percussion d&#039;occasion et vintage \u00e0 Lyon, France\",\"publisher\":{\"@id\":\"https:\\\/\\\/www.rimocc.com\\\/#organization\"},\"alternateName\":\"Rimocc'\",\"potentialAction\":[{\"@type\":\"SearchAction\",\"target\":{\"@type\":\"EntryPoint\",\"urlTemplate\":\"https:\\\/\\\/www.rimocc.com\\\/?s={search_term_string}\"},\"query-input\":{\"@type\":\"PropertyValueSpecification\",\"valueRequired\":true,\"valueName\":\"search_term_string\"}}],\"inLanguage\":\"en-US\"},{\"@type\":\"Organization\",\"@id\":\"https:\\\/\\\/www.rimocc.com\\\/#organization\",\"name\":\"Rimocc'\",\"alternateName\":\"Rimocc\",\"url\":\"https:\\\/\\\/www.rimocc.com\\\/\",\"logo\":{\"@type\":\"ImageObject\",\"inLanguage\":\"en-US\",\"@id\":\"https:\\\/\\\/www.rimocc.com\\\/#\\\/schema\\\/logo\\\/image\\\/\",\"url\":\"https:\\\/\\\/i0.wp.com\\\/www.rimocc.com\\\/wp-content\\\/uploads\\\/2023\\\/07\\\/RIMOCC_LOGO.jpg?fit=459%2C114&ssl=1\",\"contentUrl\":\"https:\\\/\\\/i0.wp.com\\\/www.rimocc.com\\\/wp-content\\\/uploads\\\/2023\\\/07\\\/RIMOCC_LOGO.jpg?fit=459%2C114&ssl=1\",\"width\":459,\"height\":114,\"caption\":\"Rimocc'\"},\"image\":{\"@id\":\"https:\\\/\\\/www.rimocc.com\\\/#\\\/schema\\\/logo\\\/image\\\/\"},\"sameAs\":[\"https:\\\/\\\/www.facebook.com\\\/rimocclyon\\\/?locale=fr_FR\",\"https:\\\/\\\/www.instagram.com\\\/rimoccc\\\/?hl=fr\",\"https:\\\/\\\/www.tiktok.com\\\/@rimocc\",\"https:\\\/\\\/www.youtube.com\\\/@Rimocc\"]}]}<\/script>\n<!-- \/ Yoast SEO plugin. -->","yoast_head_json":{"title":"Ludwig Black Beauty Polar Phonic 14\"x6,5\" Ltd 140 ex. - D\u00e9p\u00f4t Vente Batterie Percussion | Rimocc Lyon","description":"Ludwig Black Beauty Polar : la l\u00e9gende continue. F\u00fbt laiton sans soudure, or rose, son chaud et pr\u00e9cis. D\u00e9couvrez la caisse claire ultime. Ltd 140 ex.","robots":{"index":"index","follow":"follow","max-snippet":"max-snippet:-1","max-image-preview":"max-image-preview:large","max-video-preview":"max-video-preview:-1"},"canonical":"https:\/\/www.rimocc.com\/en\/product\/ludwig-black-beauty-polar-phonic-14x65-ltd-140-ex\/","og_locale":"en_US","og_type":"article","og_title":"Ludwig Black Beauty Polar Phonic 14\"x6,5\" Ltd 140 ex. - D\u00e9p\u00f4t Vente Batterie Percussion | Rimocc Lyon","og_description":"Ludwig Black Beauty Polar : la l\u00e9gende continue. F\u00fbt laiton sans soudure, or rose, son chaud et pr\u00e9cis. D\u00e9couvrez la caisse claire ultime. Ltd 140 ex.","og_url":"https:\/\/www.rimocc.com\/en\/product\/ludwig-black-beauty-polar-phonic-14x65-ltd-140-ex\/","og_site_name":"D\u00e9p\u00f4t Vente Batterie Percussion | Rimocc Lyon","article_publisher":"https:\/\/www.facebook.com\/rimocclyon\/?locale=fr_FR","article_modified_time":"2025-03-20T17:50:02+00:00","og_image":[{"width":1920,"height":1920,"url":"https:\/\/www.rimocc.com\/wp-content\/uploads\/2025\/03\/Ludwig-Black-Beauty-Polar-Phonic-14_x65_-Ltd-140-ex.-1.jpg","type":"image\/jpeg"}],"twitter_card":"summary_large_image","twitter_misc":{"Est. reading time":"1 minute"},"schema":{"@context":"https:\/\/schema.org","@graph":[{"@type":"WebPage","@id":"https:\/\/www.rimocc.com\/product\/ludwig-black-beauty-polar-phonic-14x65-ltd-140-ex\/","url":"https:\/\/www.rimocc.com\/product\/ludwig-black-beauty-polar-phonic-14x65-ltd-140-ex\/","name":"Ludwig Black Beauty Polar Phonic 14\"x6,5\" Ltd 140 ex. - D\u00e9p\u00f4t Vente Batterie Percussion | Rimocc Lyon","isPartOf":{"@id":"https:\/\/www.rimocc.com\/#website"},"primaryImageOfPage":{"@id":"https:\/\/www.rimocc.com\/product\/ludwig-black-beauty-polar-phonic-14x65-ltd-140-ex\/#primaryimage"},"image":{"@id":"https:\/\/www.rimocc.com\/product\/ludwig-black-beauty-polar-phonic-14x65-ltd-140-ex\/#primaryimage"},"thumbnailUrl":"https:\/\/www.rimocc.com\/wp-content\/uploads\/2025\/03\/Ludwig-Black-Beauty-Polar-Phonic-14_x65_-Ltd-140-ex.-1.jpg","datePublished":"2025-03-19T17:29:19+00:00","dateModified":"2025-03-20T17:50:02+00:00","description":"Ludwig Black Beauty Polar : la l\u00e9gende continue. F\u00fbt laiton sans soudure, or rose, son chaud et pr\u00e9cis. D\u00e9couvrez la caisse claire ultime. Ltd 140 ex.","breadcrumb":{"@id":"https:\/\/www.rimocc.com\/product\/ludwig-black-beauty-polar-phonic-14x65-ltd-140-ex\/#breadcrumb"},"inLanguage":"en-US","potentialAction":[{"@type":"ReadAction","target":["https:\/\/www.rimocc.com\/product\/ludwig-black-beauty-polar-phonic-14x65-ltd-140-ex\/"]}]},{"@type":"ImageObject","inLanguage":"en-US","@id":"https:\/\/www.rimocc.com\/product\/ludwig-black-beauty-polar-phonic-14x65-ltd-140-ex\/#primaryimage","url":"https:\/\/www.rimocc.com\/wp-content\/uploads\/2025\/03\/Ludwig-Black-Beauty-Polar-Phonic-14_x65_-Ltd-140-ex.-1.jpg","contentUrl":"https:\/\/www.rimocc.com\/wp-content\/uploads\/2025\/03\/Ludwig-Black-Beauty-Polar-Phonic-14_x65_-Ltd-140-ex.-1.jpg","width":1920,"height":1920,"caption":"Ludwig Black Beauty Polar Phonic 14\"x6,5\" Ltd 140 ex."},{"@type":"BreadcrumbList","@id":"https:\/\/www.rimocc.com\/product\/ludwig-black-beauty-polar-phonic-14x65-ltd-140-ex\/#breadcrumb","itemListElement":[{"@type":"ListItem","position":1,"name":"Home","item":"https:\/\/www.rimocc.com\/"},{"@type":"ListItem","position":2,"name":"Shop","item":"https:\/\/www.rimocc.com\/shop\/"},{"@type":"ListItem","position":3,"name":"Ludwig Black Beauty Polar Phonic 14&#8243;x6,5&#8243; Ltd 140 ex."}]},{"@type":"WebSite","@id":"https:\/\/www.rimocc.com\/#website","url":"https:\/\/www.rimocc.com\/","name":"D\u00e9p\u00f4t Vente Batterie Percussion | Rimocc Lyon","description":"Rimocc: l&#039;unique magasin d\u00e9di\u00e9 enti\u00e8rement \u00e0 la batterie, percussion d&#039;occasion et vintage \u00e0 Lyon, France","publisher":{"@id":"https:\/\/www.rimocc.com\/#organization"},"alternateName":"Rimocc'","potentialAction":[{"@type":"SearchAction","target":{"@type":"EntryPoint","urlTemplate":"https:\/\/www.rimocc.com\/?s={search_term_string}"},"query-input":{"@type":"PropertyValueSpecification","valueRequired":true,"valueName":"search_term_string"}}],"inLanguage":"en-US"},{"@type":"Organization","@id":"https:\/\/www.rimocc.com\/#organization","name":"Rimocc'","alternateName":"Rimocc","url":"https:\/\/www.rimocc.com\/","logo":{"@type":"ImageObject","inLanguage":"en-US","@id":"https:\/\/www.rimocc.com\/#\/schema\/logo\/image\/","url":"https:\/\/i0.wp.com\/www.rimocc.com\/wp-content\/uploads\/2023\/07\/RIMOCC_LOGO.jpg?fit=459%2C114&ssl=1","contentUrl":"https:\/\/i0.wp.com\/www.rimocc.com\/wp-content\/uploads\/2023\/07\/RIMOCC_LOGO.jpg?fit=459%2C114&ssl=1","width":459,"height":114,"caption":"Rimocc'"},"image":{"@id":"https:\/\/www.rimocc.com\/#\/schema\/logo\/image\/"},"sameAs":["https:\/\/www.facebook.com\/rimocclyon\/?locale=fr_FR","https:\/\/www.instagram.com\/rimoccc\/?hl=fr","https:\/\/www.tiktok.com\/@rimocc","https:\/\/www.youtube.com\/@Rimocc"]}]}},"jetpack_publicize_connections":[],"jetpack_sharing_enabled":true,"_links":{"self":[{"href":"https:\/\/www.rimocc.com\/en\/wp-json\/wp\/v2\/product\/14440","targetHints":{"allow":["GET"]}}],"collection":[{"href":"https:\/\/www.rimocc.com\/en\/wp-json\/wp\/v2\/product"}],"about":[{"href":"https:\/\/www.rimocc.com\/en\/wp-json\/wp\/v2\/types\/product"}],"replies":[{"embeddable":true,"href":"https:\/\/www.rimocc.com\/en\/wp-json\/wp\/v2\/comments?post=14440"}],"wp:featuredmedia":[{"embeddable":true,"href":"https:\/\/www.rimocc.com\/en\/wp-json\/wp\/v2\/media\/14439"}],"wp:attachment":[{"href":"https:\/\/www.rimocc.com\/en\/wp-json\/wp\/v2\/media?parent=14440"}],"wp:term":[{"taxonomy":"product_brand","embeddable":true,"href":"https:\/\/www.rimocc.com\/en\/wp-json\/wp\/v2\/product_brand?post=14440"},{"taxonomy":"product_cat","embeddable":true,"href":"https:\/\/www.rimocc.com\/en\/wp-json\/wp\/v2\/product_cat?post=14440"},{"taxonomy":"product_tag","embeddable":true,"href":"https:\/\/www.rimocc.com\/en\/wp-json\/wp\/v2\/product_tag?post=14440"}],"curies":[{"name":"wp","href":"https:\/\/api.w.org\/{rel}","templated":true}]}}