{"id":14295,"date":"2025-03-01T17:48:21","date_gmt":"2025-03-01T16:48:21","guid":{"rendered":"https:\/\/www.rimocc.com\/?post_type=product&#038;p=14295"},"modified":"2025-12-17T18:49:04","modified_gmt":"2025-12-17T17:49:04","slug":"pearl-masters-maple-complete-24x14-13x9-16x14","status":"publish","type":"product","link":"https:\/\/www.rimocc.com\/en\/product\/pearl-masters-maple-complete-24x14-13x9-16x14\/","title":{"rendered":"Pearl Masters Maple Complete 24&Prime;x14&Prime; 13&Prime;x9&Prime; 16&Prime;x14&Prime;"},"content":{"rendered":"<p>Pearl Masters Maple Complete 24&Prime;x14&Prime; 13&Prime;x9&Prime; 16&Prime;x14&Prime;<br \/>\nTr\u00e8s bon \u00e9tat g\u00e9n\u00e9ral<br \/>\nInclus le support tom et pied droit<\/p>\n<p><em><strong>\u00ab\u00a0Enl\u00e8vement sur place privil\u00e9gi\u00e9 mais envoi possible dans toute la France sur devis s\u00e9par\u00e9 &#8211; merci de s\u00e9lectionner l&rsquo;option \u00ab\u00a0retrait en magasin\u00a0\u00bb et nous vous ferons parvenir un devis s\u00e9par\u00e9 pour la livraison, \u00e0 r\u00e9gler s\u00e9par\u00e9ment<br \/>\nInternational order, pick-up ONLY\u00a0\u00bb<\/strong><\/em><\/p>\n<p>Ce kit de batterie offre une exp\u00e9rience de jeu exceptionnelle aux batteurs exigeants, combinant la chaleur et la r\u00e9sonance de l&rsquo;\u00e9rable avec une conception moderne et polyvalente. Cette configuration sp\u00e9cifique, avec son impressionnante grosse caisse de 24&Prime;, est id\u00e9ale pour les batteurs recherchant une sonorit\u00e9 puissante et profonde.<\/p>\n<p>F\u00fbts en \u00e9rable:<br \/>\nLes f\u00fbts sont fabriqu\u00e9s en \u00e9rable nord-am\u00e9ricain, un bois r\u00e9put\u00e9 pour sa chaleur, sa clart\u00e9 et sa projection sonore. Cela conf\u00e8re au kit un son riche et \u00e9quilibr\u00e9, adapt\u00e9 \u00e0 une grande vari\u00e9t\u00e9 de styles musicaux.<br \/>\nConfigurations des F\u00fbts :<br \/>\nGrosse caisse : 24&Prime; x 14&Prime; : Offre une sonorit\u00e9 grave et puissante, id\u00e9ale pour le rock, le metal et d&rsquo;autres genres n\u00e9cessitant un son de grosse caisse massif.<br \/>\nTom alto : 13&Prime; x 9&Prime; : Produit un son de tom clair et pr\u00e9cis, avec une bonne r\u00e9sonance.<br \/>\nTom basse : 16&Prime; x 14&Prime; : Ajoute de la profondeur et de la chaleur \u00e0 l&rsquo;ensemble du kit.<br \/>\nSyst\u00e8me de Suspension OptiMount:<br \/>\nLe syst\u00e8me de suspension OptiMount de Pearl assure une r\u00e9sonance maximale des f\u00fbts, en r\u00e9duisant les contacts ind\u00e9sirables. Cela permet aux f\u00fbts de vibrer librement, produisant un son plus plein et plus riche.<br \/>\nAccastillage de Qualit\u00e9:<br \/>\nLe kit est \u00e9quip\u00e9 d&rsquo;un accastillage de haute qualit\u00e9, garantissant une stabilit\u00e9 et une durabilit\u00e9 optimales.<br \/>\nPolyvalence Sonore :<br \/>\nGr\u00e2ce \u00e0 la qualit\u00e9 de ses f\u00fbts en \u00e9rable et \u00e0 sa conception soign\u00e9e, ce kit offre une grande polyvalence sonore, permettant aux batteurs de s&rsquo;adapter \u00e0 diff\u00e9rents contextes musicaux.<\/p>\n<p>En r\u00e9sum\u00e9, le Pearl Masters Maple Complete dans cette configuration est un kit de batterie professionnel offrant une sonorit\u00e9 exceptionnelle, une grande polyvalence et une construction de haute qualit\u00e9.<br \/>\nIl est particuli\u00e8rement adapt\u00e9 aux batteurs recherchant un son de grosse caisse puissant et profond.<\/p>\n<p><a href=\"https:\/\/pearldrum.com\/eu\/\">https:\/\/pearldrum.com\/eu\/<\/a><br \/>\n<a href=\"https:\/\/www.rimocc.com\/en\/product-category\/batterie\/\">https:\/\/www.rimocc.com\/product-category\/batterie\/<\/a><\/p>\n<p class=\"responsive-video-wrap clr\"><iframe title=\"Pearl Masters Maple Complete #drums #drummerlife  #pearldrums  #pearlmasters @pearldrumseurope\" width=\"563\" height=\"1000\" src=\"https:\/\/www.youtube.com\/embed\/6CqSR2DjMiU?feature=oembed\" frameborder=\"0\" allow=\"accelerometer; autoplay; clipboard-write; encrypted-media; gyroscope; picture-in-picture; web-share\" referrerpolicy=\"strict-origin-when-cross-origin\" allowfullscreen><\/iframe><\/p>\n<p>&nbsp;<\/p>","protected":false},"excerpt":{"rendered":"<p>Pearl Masters Maple Complete 24&Prime;x14&Prime; 13&Prime;x9&Prime; 16&Prime;x14&Prime; Tr\u00e8s bon \u00e9tat g\u00e9n\u00e9ral Inclus le support tom et pied droit \u00ab\u00a0Enl\u00e8vement sur place privil\u00e9gi\u00e9 mais envoi possible dans toute la France sur devis s\u00e9par\u00e9 &#8211; merci de s\u00e9lectionner l&rsquo;option \u00ab\u00a0retrait en magasin\u00a0\u00bb et nous vous ferons parvenir un devis s\u00e9par\u00e9 pour la livraison, \u00e0 r\u00e9gler s\u00e9par\u00e9ment International [&hellip;]<\/p>\n","protected":false},"featured_media":14294,"comment_status":"open","ping_status":"closed","template":"","meta":{"jetpack_publicize_message":"","jetpack_publicize_feature_enabled":true,"jetpack_social_post_already_shared":false,"jetpack_social_options":{"image_generator_settings":{"template":"highway","default_image_id":0,"font":"","enabled":false},"version":2}},"product_brand":[],"product_cat":[20],"product_tag":[41,548,43,538,124,199],"class_list":{"0":"post-14295","1":"product","2":"type-product","3":"status-publish","4":"has-post-thumbnail","6":"product_cat-batterie","7":"product_tag-batterie","8":"product_tag-depot-vente-lyon","9":"product_tag-drums","10":"product_tag-magasin-de-musique-lyon","11":"product_tag-pearl","12":"product_tag-pearl-masters","14":"entry","15":"has-media","17":"first","18":"outofstock","19":"shipping-taxable","20":"purchasable","21":"product-type-simple","22":"has-product-nav","23":"col","24":"span_1_of_3","25":"owp-content-center","26":"owp-thumbs-layout-horizontal","27":"owp-btn-normal","28":"owp-tabs-layout-horizontal"},"yoast_head":"<!-- This site is optimized with the Yoast SEO plugin v27.4 - https:\/\/yoast.com\/product\/yoast-seo-wordpress\/ -->\n<title>Pearl Masters Maple Complete 24&quot;x14&quot; 13&quot;x9&quot; 16&quot;x14&quot; - D\u00e9p\u00f4t Vente Batterie Percussion | Rimocc Lyon<\/title>\n<meta name=\"description\" content=\"Pearl Masters Maple Complete : kit \u00e9rable pro, grosse caisse 24&quot;, toms 13&quot; et 16&quot;. Son puissant et riche, id\u00e9al pour batteurs exigeants.\" \/>\n<meta name=\"robots\" content=\"index, follow, max-snippet:-1, max-image-preview:large, max-video-preview:-1\" \/>\n<link rel=\"canonical\" href=\"https:\/\/www.rimocc.com\/en\/product\/pearl-masters-maple-complete-24x14-13x9-16x14\/\" \/>\n<meta property=\"og:locale\" content=\"en_US\" \/>\n<meta property=\"og:type\" content=\"article\" \/>\n<meta property=\"og:title\" content=\"Pearl Masters Maple Complete 24&quot;x14&quot; 13&quot;x9&quot; 16&quot;x14&quot; - D\u00e9p\u00f4t Vente Batterie Percussion | Rimocc Lyon\" \/>\n<meta property=\"og:description\" content=\"Pearl Masters Maple Complete : kit \u00e9rable pro, grosse caisse 24&quot;, toms 13&quot; et 16&quot;. Son puissant et riche, id\u00e9al pour batteurs exigeants.\" \/>\n<meta property=\"og:url\" content=\"https:\/\/www.rimocc.com\/en\/product\/pearl-masters-maple-complete-24x14-13x9-16x14\/\" \/>\n<meta property=\"og:site_name\" content=\"D\u00e9p\u00f4t Vente Batterie Percussion | Rimocc Lyon\" \/>\n<meta property=\"article:publisher\" content=\"https:\/\/www.facebook.com\/rimocclyon\/?locale=fr_FR\" \/>\n<meta property=\"article:modified_time\" content=\"2025-12-17T17:49:04+00:00\" \/>\n<meta property=\"og:image\" content=\"https:\/\/www.rimocc.com\/wp-content\/uploads\/2025\/03\/Pearl-Masters-Maple-Complete-24_x14_-13_x9_-16_x14_-1.jpg\" \/>\n\t<meta property=\"og:image:width\" content=\"1920\" \/>\n\t<meta property=\"og:image:height\" content=\"1920\" \/>\n\t<meta property=\"og:image:type\" content=\"image\/jpeg\" \/>\n<meta name=\"twitter:card\" content=\"summary_large_image\" \/>\n<meta name=\"twitter:label1\" content=\"Est. reading time\" \/>\n\t<meta name=\"twitter:data1\" content=\"2 minutes\" \/>\n<script type=\"application\/ld+json\" class=\"yoast-schema-graph\">{\"@context\":\"https:\\\/\\\/schema.org\",\"@graph\":[{\"@type\":\"WebPage\",\"@id\":\"https:\\\/\\\/www.rimocc.com\\\/product\\\/pearl-masters-maple-complete-24x14-13x9-16x14\\\/\",\"url\":\"https:\\\/\\\/www.rimocc.com\\\/product\\\/pearl-masters-maple-complete-24x14-13x9-16x14\\\/\",\"name\":\"Pearl Masters Maple Complete 24\\\"x14\\\" 13\\\"x9\\\" 16\\\"x14\\\" - D\u00e9p\u00f4t Vente Batterie Percussion | Rimocc Lyon\",\"isPartOf\":{\"@id\":\"https:\\\/\\\/www.rimocc.com\\\/#website\"},\"primaryImageOfPage\":{\"@id\":\"https:\\\/\\\/www.rimocc.com\\\/product\\\/pearl-masters-maple-complete-24x14-13x9-16x14\\\/#primaryimage\"},\"image\":{\"@id\":\"https:\\\/\\\/www.rimocc.com\\\/product\\\/pearl-masters-maple-complete-24x14-13x9-16x14\\\/#primaryimage\"},\"thumbnailUrl\":\"https:\\\/\\\/www.rimocc.com\\\/wp-content\\\/uploads\\\/2025\\\/03\\\/Pearl-Masters-Maple-Complete-24_x14_-13_x9_-16_x14_-1.jpg\",\"datePublished\":\"2025-03-01T16:48:21+00:00\",\"dateModified\":\"2025-12-17T17:49:04+00:00\",\"description\":\"Pearl Masters Maple Complete : kit \u00e9rable pro, grosse caisse 24\\\", toms 13\\\" et 16\\\". Son puissant et riche, id\u00e9al pour batteurs exigeants.\",\"breadcrumb\":{\"@id\":\"https:\\\/\\\/www.rimocc.com\\\/product\\\/pearl-masters-maple-complete-24x14-13x9-16x14\\\/#breadcrumb\"},\"inLanguage\":\"en-US\",\"potentialAction\":[{\"@type\":\"ReadAction\",\"target\":[\"https:\\\/\\\/www.rimocc.com\\\/product\\\/pearl-masters-maple-complete-24x14-13x9-16x14\\\/\"]}]},{\"@type\":\"ImageObject\",\"inLanguage\":\"en-US\",\"@id\":\"https:\\\/\\\/www.rimocc.com\\\/product\\\/pearl-masters-maple-complete-24x14-13x9-16x14\\\/#primaryimage\",\"url\":\"https:\\\/\\\/www.rimocc.com\\\/wp-content\\\/uploads\\\/2025\\\/03\\\/Pearl-Masters-Maple-Complete-24_x14_-13_x9_-16_x14_-1.jpg\",\"contentUrl\":\"https:\\\/\\\/www.rimocc.com\\\/wp-content\\\/uploads\\\/2025\\\/03\\\/Pearl-Masters-Maple-Complete-24_x14_-13_x9_-16_x14_-1.jpg\",\"width\":1920,\"height\":1920,\"caption\":\"Pearl Masters Maple Complete 24\\\"x14\\\" 13\\\"x9\\\" 16\\\"x14\\\"\"},{\"@type\":\"BreadcrumbList\",\"@id\":\"https:\\\/\\\/www.rimocc.com\\\/product\\\/pearl-masters-maple-complete-24x14-13x9-16x14\\\/#breadcrumb\",\"itemListElement\":[{\"@type\":\"ListItem\",\"position\":1,\"name\":\"Home\",\"item\":\"https:\\\/\\\/www.rimocc.com\\\/\"},{\"@type\":\"ListItem\",\"position\":2,\"name\":\"Shop\",\"item\":\"https:\\\/\\\/www.rimocc.com\\\/shop\\\/\"},{\"@type\":\"ListItem\",\"position\":3,\"name\":\"Pearl Masters Maple Complete 24&#8243;x14&#8243; 13&#8243;x9&#8243; 16&#8243;x14&#8243;\"}]},{\"@type\":\"WebSite\",\"@id\":\"https:\\\/\\\/www.rimocc.com\\\/#website\",\"url\":\"https:\\\/\\\/www.rimocc.com\\\/\",\"name\":\"D\u00e9p\u00f4t Vente Batterie Percussion | Rimocc Lyon\",\"description\":\"Rimocc: l&#039;unique magasin d\u00e9di\u00e9 enti\u00e8rement \u00e0 la batterie, percussion d&#039;occasion et vintage \u00e0 Lyon, France\",\"publisher\":{\"@id\":\"https:\\\/\\\/www.rimocc.com\\\/#organization\"},\"alternateName\":\"Rimocc'\",\"potentialAction\":[{\"@type\":\"SearchAction\",\"target\":{\"@type\":\"EntryPoint\",\"urlTemplate\":\"https:\\\/\\\/www.rimocc.com\\\/?s={search_term_string}\"},\"query-input\":{\"@type\":\"PropertyValueSpecification\",\"valueRequired\":true,\"valueName\":\"search_term_string\"}}],\"inLanguage\":\"en-US\"},{\"@type\":\"Organization\",\"@id\":\"https:\\\/\\\/www.rimocc.com\\\/#organization\",\"name\":\"Rimocc'\",\"alternateName\":\"Rimocc\",\"url\":\"https:\\\/\\\/www.rimocc.com\\\/\",\"logo\":{\"@type\":\"ImageObject\",\"inLanguage\":\"en-US\",\"@id\":\"https:\\\/\\\/www.rimocc.com\\\/#\\\/schema\\\/logo\\\/image\\\/\",\"url\":\"https:\\\/\\\/i0.wp.com\\\/www.rimocc.com\\\/wp-content\\\/uploads\\\/2023\\\/07\\\/RIMOCC_LOGO.jpg?fit=459%2C114&ssl=1\",\"contentUrl\":\"https:\\\/\\\/i0.wp.com\\\/www.rimocc.com\\\/wp-content\\\/uploads\\\/2023\\\/07\\\/RIMOCC_LOGO.jpg?fit=459%2C114&ssl=1\",\"width\":459,\"height\":114,\"caption\":\"Rimocc'\"},\"image\":{\"@id\":\"https:\\\/\\\/www.rimocc.com\\\/#\\\/schema\\\/logo\\\/image\\\/\"},\"sameAs\":[\"https:\\\/\\\/www.facebook.com\\\/rimocclyon\\\/?locale=fr_FR\",\"https:\\\/\\\/www.instagram.com\\\/rimoccc\\\/?hl=fr\",\"https:\\\/\\\/www.tiktok.com\\\/@rimocc\",\"https:\\\/\\\/www.youtube.com\\\/@Rimocc\"]}]}<\/script>\n<!-- \/ Yoast SEO plugin. -->","yoast_head_json":{"title":"Pearl Masters Maple Complete 24\"x14\" 13\"x9\" 16\"x14\" - D\u00e9p\u00f4t Vente Batterie Percussion | Rimocc Lyon","description":"Pearl Masters Maple Complete : kit \u00e9rable pro, grosse caisse 24\", toms 13\" et 16\". Son puissant et riche, id\u00e9al pour batteurs exigeants.","robots":{"index":"index","follow":"follow","max-snippet":"max-snippet:-1","max-image-preview":"max-image-preview:large","max-video-preview":"max-video-preview:-1"},"canonical":"https:\/\/www.rimocc.com\/en\/product\/pearl-masters-maple-complete-24x14-13x9-16x14\/","og_locale":"en_US","og_type":"article","og_title":"Pearl Masters Maple Complete 24\"x14\" 13\"x9\" 16\"x14\" - D\u00e9p\u00f4t Vente Batterie Percussion | Rimocc Lyon","og_description":"Pearl Masters Maple Complete : kit \u00e9rable pro, grosse caisse 24\", toms 13\" et 16\". Son puissant et riche, id\u00e9al pour batteurs exigeants.","og_url":"https:\/\/www.rimocc.com\/en\/product\/pearl-masters-maple-complete-24x14-13x9-16x14\/","og_site_name":"D\u00e9p\u00f4t Vente Batterie Percussion | Rimocc Lyon","article_publisher":"https:\/\/www.facebook.com\/rimocclyon\/?locale=fr_FR","article_modified_time":"2025-12-17T17:49:04+00:00","og_image":[{"width":1920,"height":1920,"url":"https:\/\/www.rimocc.com\/wp-content\/uploads\/2025\/03\/Pearl-Masters-Maple-Complete-24_x14_-13_x9_-16_x14_-1.jpg","type":"image\/jpeg"}],"twitter_card":"summary_large_image","twitter_misc":{"Est. reading time":"2 minutes"},"schema":{"@context":"https:\/\/schema.org","@graph":[{"@type":"WebPage","@id":"https:\/\/www.rimocc.com\/product\/pearl-masters-maple-complete-24x14-13x9-16x14\/","url":"https:\/\/www.rimocc.com\/product\/pearl-masters-maple-complete-24x14-13x9-16x14\/","name":"Pearl Masters Maple Complete 24\"x14\" 13\"x9\" 16\"x14\" - D\u00e9p\u00f4t Vente Batterie Percussion | Rimocc Lyon","isPartOf":{"@id":"https:\/\/www.rimocc.com\/#website"},"primaryImageOfPage":{"@id":"https:\/\/www.rimocc.com\/product\/pearl-masters-maple-complete-24x14-13x9-16x14\/#primaryimage"},"image":{"@id":"https:\/\/www.rimocc.com\/product\/pearl-masters-maple-complete-24x14-13x9-16x14\/#primaryimage"},"thumbnailUrl":"https:\/\/www.rimocc.com\/wp-content\/uploads\/2025\/03\/Pearl-Masters-Maple-Complete-24_x14_-13_x9_-16_x14_-1.jpg","datePublished":"2025-03-01T16:48:21+00:00","dateModified":"2025-12-17T17:49:04+00:00","description":"Pearl Masters Maple Complete : kit \u00e9rable pro, grosse caisse 24\", toms 13\" et 16\". Son puissant et riche, id\u00e9al pour batteurs exigeants.","breadcrumb":{"@id":"https:\/\/www.rimocc.com\/product\/pearl-masters-maple-complete-24x14-13x9-16x14\/#breadcrumb"},"inLanguage":"en-US","potentialAction":[{"@type":"ReadAction","target":["https:\/\/www.rimocc.com\/product\/pearl-masters-maple-complete-24x14-13x9-16x14\/"]}]},{"@type":"ImageObject","inLanguage":"en-US","@id":"https:\/\/www.rimocc.com\/product\/pearl-masters-maple-complete-24x14-13x9-16x14\/#primaryimage","url":"https:\/\/www.rimocc.com\/wp-content\/uploads\/2025\/03\/Pearl-Masters-Maple-Complete-24_x14_-13_x9_-16_x14_-1.jpg","contentUrl":"https:\/\/www.rimocc.com\/wp-content\/uploads\/2025\/03\/Pearl-Masters-Maple-Complete-24_x14_-13_x9_-16_x14_-1.jpg","width":1920,"height":1920,"caption":"Pearl Masters Maple Complete 24\"x14\" 13\"x9\" 16\"x14\""},{"@type":"BreadcrumbList","@id":"https:\/\/www.rimocc.com\/product\/pearl-masters-maple-complete-24x14-13x9-16x14\/#breadcrumb","itemListElement":[{"@type":"ListItem","position":1,"name":"Home","item":"https:\/\/www.rimocc.com\/"},{"@type":"ListItem","position":2,"name":"Shop","item":"https:\/\/www.rimocc.com\/shop\/"},{"@type":"ListItem","position":3,"name":"Pearl Masters Maple Complete 24&#8243;x14&#8243; 13&#8243;x9&#8243; 16&#8243;x14&#8243;"}]},{"@type":"WebSite","@id":"https:\/\/www.rimocc.com\/#website","url":"https:\/\/www.rimocc.com\/","name":"D\u00e9p\u00f4t Vente Batterie Percussion | Rimocc Lyon","description":"Rimocc: l&#039;unique magasin d\u00e9di\u00e9 enti\u00e8rement \u00e0 la batterie, percussion d&#039;occasion et vintage \u00e0 Lyon, France","publisher":{"@id":"https:\/\/www.rimocc.com\/#organization"},"alternateName":"Rimocc'","potentialAction":[{"@type":"SearchAction","target":{"@type":"EntryPoint","urlTemplate":"https:\/\/www.rimocc.com\/?s={search_term_string}"},"query-input":{"@type":"PropertyValueSpecification","valueRequired":true,"valueName":"search_term_string"}}],"inLanguage":"en-US"},{"@type":"Organization","@id":"https:\/\/www.rimocc.com\/#organization","name":"Rimocc'","alternateName":"Rimocc","url":"https:\/\/www.rimocc.com\/","logo":{"@type":"ImageObject","inLanguage":"en-US","@id":"https:\/\/www.rimocc.com\/#\/schema\/logo\/image\/","url":"https:\/\/i0.wp.com\/www.rimocc.com\/wp-content\/uploads\/2023\/07\/RIMOCC_LOGO.jpg?fit=459%2C114&ssl=1","contentUrl":"https:\/\/i0.wp.com\/www.rimocc.com\/wp-content\/uploads\/2023\/07\/RIMOCC_LOGO.jpg?fit=459%2C114&ssl=1","width":459,"height":114,"caption":"Rimocc'"},"image":{"@id":"https:\/\/www.rimocc.com\/#\/schema\/logo\/image\/"},"sameAs":["https:\/\/www.facebook.com\/rimocclyon\/?locale=fr_FR","https:\/\/www.instagram.com\/rimoccc\/?hl=fr","https:\/\/www.tiktok.com\/@rimocc","https:\/\/www.youtube.com\/@Rimocc"]}]}},"jetpack_publicize_connections":[],"jetpack_sharing_enabled":true,"_links":{"self":[{"href":"https:\/\/www.rimocc.com\/en\/wp-json\/wp\/v2\/product\/14295","targetHints":{"allow":["GET"]}}],"collection":[{"href":"https:\/\/www.rimocc.com\/en\/wp-json\/wp\/v2\/product"}],"about":[{"href":"https:\/\/www.rimocc.com\/en\/wp-json\/wp\/v2\/types\/product"}],"replies":[{"embeddable":true,"href":"https:\/\/www.rimocc.com\/en\/wp-json\/wp\/v2\/comments?post=14295"}],"wp:featuredmedia":[{"embeddable":true,"href":"https:\/\/www.rimocc.com\/en\/wp-json\/wp\/v2\/media\/14294"}],"wp:attachment":[{"href":"https:\/\/www.rimocc.com\/en\/wp-json\/wp\/v2\/media?parent=14295"}],"wp:term":[{"taxonomy":"product_brand","embeddable":true,"href":"https:\/\/www.rimocc.com\/en\/wp-json\/wp\/v2\/product_brand?post=14295"},{"taxonomy":"product_cat","embeddable":true,"href":"https:\/\/www.rimocc.com\/en\/wp-json\/wp\/v2\/product_cat?post=14295"},{"taxonomy":"product_tag","embeddable":true,"href":"https:\/\/www.rimocc.com\/en\/wp-json\/wp\/v2\/product_tag?post=14295"}],"curies":[{"name":"wp","href":"https:\/\/api.w.org\/{rel}","templated":true}]}}