{"id":14284,"date":"2025-03-01T15:55:44","date_gmt":"2025-03-01T14:55:44","guid":{"rendered":"https:\/\/www.rimocc.com\/?post_type=product&#038;p=14284"},"modified":"2025-03-08T01:58:31","modified_gmt":"2025-03-08T00:58:31","slug":"lp-193-click-hi-hat-tambourine","status":"publish","type":"product","link":"https:\/\/www.rimocc.com\/en\/product\/lp-193-click-hi-hat-tambourine\/","title":{"rendered":"LP 193 Click Hi-Hat Tambourine"},"content":{"rendered":"<p>LP 193 Click Hi-Hat Tambourine : ajoutez un son de tambourin brillant \u00e0 votre charleston. Muting facile, 8 paires de cymbalettes. Id\u00e9al pour batteurs.\u00a0\u00bb<br \/>\nTr\u00e8s bon \u00e9tat, comme neuf<\/p>\n<p>C&rsquo;est un accessoire de percussion unique con\u00e7u pour ajouter un son de tambourin brillant et net \u00e0 votre jeu de charleston. Voici une description d\u00e9taill\u00e9e de ses principales caract\u00e9ristiques :<\/p>\n<p>Montage sur charleston :<br \/>\nIl est con\u00e7u pour se monter directement sur la tige de traction de votre pied de charleston, ce qui permet une int\u00e9gration transparente dans votre configuration de batterie.<br \/>\nFonction de sourdine :<br \/>\nUne caract\u00e9ristique importante est son syst\u00e8me de sourdine \u00ab click \u00bb. D&rsquo;une simple pression sur un bouton, vous pouvez activer ou d\u00e9sactiver les cymbalettes, ce qui vous permet de contr\u00f4ler le son du tambourin \u00e0 la vol\u00e9e. C&rsquo;est tr\u00e8s utile pour les dynamiques musicales.<br \/>\nCymbalettes :<br \/>\nIl comporte huit paires de cymbalettes en acier, qui produisent un son brillant et percutant qui peut facilement \u00eatre entendu dans un mixage.<br \/>\nConstruction :<br \/>\nLe tambourin est construit en plastique ABS durable, ce qui lui permet de r\u00e9sister aux rigueurs d&rsquo;une utilisation r\u00e9guli\u00e8re.<br \/>\nPolyvalence sonore :<br \/>\nLorsque les cymbalettes sont \u00e9touff\u00e9es, frapper le tambourin produit un effet de percussion court et \u00ab trashy \u00bb.<\/p>\n<p>En r\u00e9sum\u00e9, il offre aux batteurs un moyen pratique et polyvalent d&rsquo;incorporer des sons de tambourin dans leur jeu, avec l&rsquo;avantage suppl\u00e9mentaire d&rsquo;une sourdine rapide et facile.<\/p>\n<p><a href=\"https:\/\/www.lpmusic.com\/products\/lp193-click-hi-hat-tambourine-steel\/\">https:\/\/www.lpmusic.com\/products\/lp193-click-hi-hat-tambourine-steel\/<\/a><br \/>\n<a href=\"https:\/\/www.rimocc.com\/en\/product-category\/accessoires-batterie\/\">https:\/\/www.rimocc.com\/product-category\/accessoires-batterie\/<\/a><\/p>","protected":false},"excerpt":{"rendered":"<p>LP 193 Click Hi-Hat Tambourine : ajoutez un son de tambourin brillant \u00e0 votre charleston. Muting facile, 8 paires de cymbalettes. Id\u00e9al pour batteurs.\u00a0\u00bb Tr\u00e8s bon \u00e9tat, comme neuf C&rsquo;est un accessoire de percussion unique con\u00e7u pour ajouter un son de tambourin brillant et net \u00e0 votre jeu de charleston. Voici une description d\u00e9taill\u00e9e de [&hellip;]<\/p>\n","protected":false},"featured_media":14283,"comment_status":"open","ping_status":"closed","template":"","meta":{"jetpack_publicize_message":"","jetpack_publicize_feature_enabled":true,"jetpack_social_post_already_shared":false,"jetpack_social_options":{"image_generator_settings":{"template":"highway","default_image_id":0,"font":"","enabled":false},"version":2}},"product_brand":[],"product_cat":[22],"product_tag":[548,370,113,538],"class_list":{"0":"post-14284","1":"product","2":"type-product","3":"status-publish","4":"has-post-thumbnail","6":"product_cat-accessoires-batterie","7":"product_tag-depot-vente-lyon","8":"product_tag-lp","9":"product_tag-lp-percussions","10":"product_tag-magasin-de-musique-lyon","12":"entry","13":"has-media","15":"first","16":"outofstock","17":"shipping-taxable","18":"purchasable","19":"product-type-simple","20":"has-product-nav","21":"col","22":"span_1_of_3","23":"owp-content-center","24":"owp-thumbs-layout-horizontal","25":"owp-btn-normal","26":"owp-tabs-layout-horizontal"},"yoast_head":"<!-- This site is optimized with the Yoast SEO plugin v27.4 - https:\/\/yoast.com\/product\/yoast-seo-wordpress\/ -->\n<title>LP 193 Click Hi-Hat Tambourine - D\u00e9p\u00f4t Vente Batterie Percussion | Rimocc Lyon<\/title>\n<meta name=\"description\" content=\"LP 193 Click Hi-Hat Tambourine : ajoutez un son de tambourin brillant \u00e0 votre charleston. Muting facile, 8 paires de cymbalettes. Id\u00e9al pour batteurs.\" \/>\n<meta name=\"robots\" content=\"index, follow, max-snippet:-1, max-image-preview:large, max-video-preview:-1\" \/>\n<link rel=\"canonical\" href=\"https:\/\/www.rimocc.com\/en\/product\/lp-193-click-hi-hat-tambourine\/\" \/>\n<meta property=\"og:locale\" content=\"en_US\" \/>\n<meta property=\"og:type\" content=\"article\" \/>\n<meta property=\"og:title\" content=\"LP 193 Click Hi-Hat Tambourine - D\u00e9p\u00f4t Vente Batterie Percussion | Rimocc Lyon\" \/>\n<meta property=\"og:description\" content=\"LP 193 Click Hi-Hat Tambourine : ajoutez un son de tambourin brillant \u00e0 votre charleston. Muting facile, 8 paires de cymbalettes. Id\u00e9al pour batteurs.\" \/>\n<meta property=\"og:url\" content=\"https:\/\/www.rimocc.com\/en\/product\/lp-193-click-hi-hat-tambourine\/\" \/>\n<meta property=\"og:site_name\" content=\"D\u00e9p\u00f4t Vente Batterie Percussion | Rimocc Lyon\" \/>\n<meta property=\"article:publisher\" content=\"https:\/\/www.facebook.com\/rimocclyon\/?locale=fr_FR\" \/>\n<meta property=\"article:modified_time\" content=\"2025-03-08T00:58:31+00:00\" \/>\n<meta property=\"og:image\" content=\"https:\/\/www.rimocc.com\/wp-content\/uploads\/2025\/03\/LP-193-Click-Hi-Hat-Tambourine-1.jpg\" \/>\n\t<meta property=\"og:image:width\" content=\"1920\" \/>\n\t<meta property=\"og:image:height\" content=\"1920\" \/>\n\t<meta property=\"og:image:type\" content=\"image\/jpeg\" \/>\n<meta name=\"twitter:card\" content=\"summary_large_image\" \/>\n<meta name=\"twitter:label1\" content=\"Est. reading time\" \/>\n\t<meta name=\"twitter:data1\" content=\"2 minutes\" \/>\n<script type=\"application\/ld+json\" class=\"yoast-schema-graph\">{\"@context\":\"https:\\\/\\\/schema.org\",\"@graph\":[{\"@type\":\"WebPage\",\"@id\":\"https:\\\/\\\/www.rimocc.com\\\/product\\\/lp-193-click-hi-hat-tambourine\\\/\",\"url\":\"https:\\\/\\\/www.rimocc.com\\\/product\\\/lp-193-click-hi-hat-tambourine\\\/\",\"name\":\"LP 193 Click Hi-Hat Tambourine - D\u00e9p\u00f4t Vente Batterie Percussion | Rimocc Lyon\",\"isPartOf\":{\"@id\":\"https:\\\/\\\/www.rimocc.com\\\/#website\"},\"primaryImageOfPage\":{\"@id\":\"https:\\\/\\\/www.rimocc.com\\\/product\\\/lp-193-click-hi-hat-tambourine\\\/#primaryimage\"},\"image\":{\"@id\":\"https:\\\/\\\/www.rimocc.com\\\/product\\\/lp-193-click-hi-hat-tambourine\\\/#primaryimage\"},\"thumbnailUrl\":\"https:\\\/\\\/www.rimocc.com\\\/wp-content\\\/uploads\\\/2025\\\/03\\\/LP-193-Click-Hi-Hat-Tambourine-1.jpg\",\"datePublished\":\"2025-03-01T14:55:44+00:00\",\"dateModified\":\"2025-03-08T00:58:31+00:00\",\"description\":\"LP 193 Click Hi-Hat Tambourine : ajoutez un son de tambourin brillant \u00e0 votre charleston. Muting facile, 8 paires de cymbalettes. Id\u00e9al pour batteurs.\",\"breadcrumb\":{\"@id\":\"https:\\\/\\\/www.rimocc.com\\\/product\\\/lp-193-click-hi-hat-tambourine\\\/#breadcrumb\"},\"inLanguage\":\"en-US\",\"potentialAction\":[{\"@type\":\"ReadAction\",\"target\":[\"https:\\\/\\\/www.rimocc.com\\\/product\\\/lp-193-click-hi-hat-tambourine\\\/\"]}]},{\"@type\":\"ImageObject\",\"inLanguage\":\"en-US\",\"@id\":\"https:\\\/\\\/www.rimocc.com\\\/product\\\/lp-193-click-hi-hat-tambourine\\\/#primaryimage\",\"url\":\"https:\\\/\\\/www.rimocc.com\\\/wp-content\\\/uploads\\\/2025\\\/03\\\/LP-193-Click-Hi-Hat-Tambourine-1.jpg\",\"contentUrl\":\"https:\\\/\\\/www.rimocc.com\\\/wp-content\\\/uploads\\\/2025\\\/03\\\/LP-193-Click-Hi-Hat-Tambourine-1.jpg\",\"width\":1920,\"height\":1920,\"caption\":\"LP 193 Click Hi-Hat Tambourine\"},{\"@type\":\"BreadcrumbList\",\"@id\":\"https:\\\/\\\/www.rimocc.com\\\/product\\\/lp-193-click-hi-hat-tambourine\\\/#breadcrumb\",\"itemListElement\":[{\"@type\":\"ListItem\",\"position\":1,\"name\":\"Home\",\"item\":\"https:\\\/\\\/www.rimocc.com\\\/\"},{\"@type\":\"ListItem\",\"position\":2,\"name\":\"Shop\",\"item\":\"https:\\\/\\\/www.rimocc.com\\\/shop\\\/\"},{\"@type\":\"ListItem\",\"position\":3,\"name\":\"LP 193 Click Hi-Hat Tambourine\"}]},{\"@type\":\"WebSite\",\"@id\":\"https:\\\/\\\/www.rimocc.com\\\/#website\",\"url\":\"https:\\\/\\\/www.rimocc.com\\\/\",\"name\":\"D\u00e9p\u00f4t Vente Batterie Percussion | Rimocc Lyon\",\"description\":\"Rimocc: l&#039;unique magasin d\u00e9di\u00e9 enti\u00e8rement \u00e0 la batterie, percussion d&#039;occasion et vintage \u00e0 Lyon, France\",\"publisher\":{\"@id\":\"https:\\\/\\\/www.rimocc.com\\\/#organization\"},\"alternateName\":\"Rimocc'\",\"potentialAction\":[{\"@type\":\"SearchAction\",\"target\":{\"@type\":\"EntryPoint\",\"urlTemplate\":\"https:\\\/\\\/www.rimocc.com\\\/?s={search_term_string}\"},\"query-input\":{\"@type\":\"PropertyValueSpecification\",\"valueRequired\":true,\"valueName\":\"search_term_string\"}}],\"inLanguage\":\"en-US\"},{\"@type\":\"Organization\",\"@id\":\"https:\\\/\\\/www.rimocc.com\\\/#organization\",\"name\":\"Rimocc'\",\"alternateName\":\"Rimocc\",\"url\":\"https:\\\/\\\/www.rimocc.com\\\/\",\"logo\":{\"@type\":\"ImageObject\",\"inLanguage\":\"en-US\",\"@id\":\"https:\\\/\\\/www.rimocc.com\\\/#\\\/schema\\\/logo\\\/image\\\/\",\"url\":\"https:\\\/\\\/i0.wp.com\\\/www.rimocc.com\\\/wp-content\\\/uploads\\\/2023\\\/07\\\/RIMOCC_LOGO.jpg?fit=459%2C114&ssl=1\",\"contentUrl\":\"https:\\\/\\\/i0.wp.com\\\/www.rimocc.com\\\/wp-content\\\/uploads\\\/2023\\\/07\\\/RIMOCC_LOGO.jpg?fit=459%2C114&ssl=1\",\"width\":459,\"height\":114,\"caption\":\"Rimocc'\"},\"image\":{\"@id\":\"https:\\\/\\\/www.rimocc.com\\\/#\\\/schema\\\/logo\\\/image\\\/\"},\"sameAs\":[\"https:\\\/\\\/www.facebook.com\\\/rimocclyon\\\/?locale=fr_FR\",\"https:\\\/\\\/www.instagram.com\\\/rimoccc\\\/?hl=fr\",\"https:\\\/\\\/www.tiktok.com\\\/@rimocc\",\"https:\\\/\\\/www.youtube.com\\\/@Rimocc\"]}]}<\/script>\n<!-- \/ Yoast SEO plugin. -->","yoast_head_json":{"title":"LP 193 Click Hi-Hat Tambourine - D\u00e9p\u00f4t Vente Batterie Percussion | Rimocc Lyon","description":"LP 193 Click Hi-Hat Tambourine : ajoutez un son de tambourin brillant \u00e0 votre charleston. Muting facile, 8 paires de cymbalettes. Id\u00e9al pour batteurs.","robots":{"index":"index","follow":"follow","max-snippet":"max-snippet:-1","max-image-preview":"max-image-preview:large","max-video-preview":"max-video-preview:-1"},"canonical":"https:\/\/www.rimocc.com\/en\/product\/lp-193-click-hi-hat-tambourine\/","og_locale":"en_US","og_type":"article","og_title":"LP 193 Click Hi-Hat Tambourine - D\u00e9p\u00f4t Vente Batterie Percussion | Rimocc Lyon","og_description":"LP 193 Click Hi-Hat Tambourine : ajoutez un son de tambourin brillant \u00e0 votre charleston. Muting facile, 8 paires de cymbalettes. Id\u00e9al pour batteurs.","og_url":"https:\/\/www.rimocc.com\/en\/product\/lp-193-click-hi-hat-tambourine\/","og_site_name":"D\u00e9p\u00f4t Vente Batterie Percussion | Rimocc Lyon","article_publisher":"https:\/\/www.facebook.com\/rimocclyon\/?locale=fr_FR","article_modified_time":"2025-03-08T00:58:31+00:00","og_image":[{"width":1920,"height":1920,"url":"https:\/\/www.rimocc.com\/wp-content\/uploads\/2025\/03\/LP-193-Click-Hi-Hat-Tambourine-1.jpg","type":"image\/jpeg"}],"twitter_card":"summary_large_image","twitter_misc":{"Est. reading time":"2 minutes"},"schema":{"@context":"https:\/\/schema.org","@graph":[{"@type":"WebPage","@id":"https:\/\/www.rimocc.com\/product\/lp-193-click-hi-hat-tambourine\/","url":"https:\/\/www.rimocc.com\/product\/lp-193-click-hi-hat-tambourine\/","name":"LP 193 Click Hi-Hat Tambourine - D\u00e9p\u00f4t Vente Batterie Percussion | Rimocc Lyon","isPartOf":{"@id":"https:\/\/www.rimocc.com\/#website"},"primaryImageOfPage":{"@id":"https:\/\/www.rimocc.com\/product\/lp-193-click-hi-hat-tambourine\/#primaryimage"},"image":{"@id":"https:\/\/www.rimocc.com\/product\/lp-193-click-hi-hat-tambourine\/#primaryimage"},"thumbnailUrl":"https:\/\/www.rimocc.com\/wp-content\/uploads\/2025\/03\/LP-193-Click-Hi-Hat-Tambourine-1.jpg","datePublished":"2025-03-01T14:55:44+00:00","dateModified":"2025-03-08T00:58:31+00:00","description":"LP 193 Click Hi-Hat Tambourine : ajoutez un son de tambourin brillant \u00e0 votre charleston. Muting facile, 8 paires de cymbalettes. Id\u00e9al pour batteurs.","breadcrumb":{"@id":"https:\/\/www.rimocc.com\/product\/lp-193-click-hi-hat-tambourine\/#breadcrumb"},"inLanguage":"en-US","potentialAction":[{"@type":"ReadAction","target":["https:\/\/www.rimocc.com\/product\/lp-193-click-hi-hat-tambourine\/"]}]},{"@type":"ImageObject","inLanguage":"en-US","@id":"https:\/\/www.rimocc.com\/product\/lp-193-click-hi-hat-tambourine\/#primaryimage","url":"https:\/\/www.rimocc.com\/wp-content\/uploads\/2025\/03\/LP-193-Click-Hi-Hat-Tambourine-1.jpg","contentUrl":"https:\/\/www.rimocc.com\/wp-content\/uploads\/2025\/03\/LP-193-Click-Hi-Hat-Tambourine-1.jpg","width":1920,"height":1920,"caption":"LP 193 Click Hi-Hat Tambourine"},{"@type":"BreadcrumbList","@id":"https:\/\/www.rimocc.com\/product\/lp-193-click-hi-hat-tambourine\/#breadcrumb","itemListElement":[{"@type":"ListItem","position":1,"name":"Home","item":"https:\/\/www.rimocc.com\/"},{"@type":"ListItem","position":2,"name":"Shop","item":"https:\/\/www.rimocc.com\/shop\/"},{"@type":"ListItem","position":3,"name":"LP 193 Click Hi-Hat Tambourine"}]},{"@type":"WebSite","@id":"https:\/\/www.rimocc.com\/#website","url":"https:\/\/www.rimocc.com\/","name":"D\u00e9p\u00f4t Vente Batterie Percussion | Rimocc Lyon","description":"Rimocc: l&#039;unique magasin d\u00e9di\u00e9 enti\u00e8rement \u00e0 la batterie, percussion d&#039;occasion et vintage \u00e0 Lyon, France","publisher":{"@id":"https:\/\/www.rimocc.com\/#organization"},"alternateName":"Rimocc'","potentialAction":[{"@type":"SearchAction","target":{"@type":"EntryPoint","urlTemplate":"https:\/\/www.rimocc.com\/?s={search_term_string}"},"query-input":{"@type":"PropertyValueSpecification","valueRequired":true,"valueName":"search_term_string"}}],"inLanguage":"en-US"},{"@type":"Organization","@id":"https:\/\/www.rimocc.com\/#organization","name":"Rimocc'","alternateName":"Rimocc","url":"https:\/\/www.rimocc.com\/","logo":{"@type":"ImageObject","inLanguage":"en-US","@id":"https:\/\/www.rimocc.com\/#\/schema\/logo\/image\/","url":"https:\/\/i0.wp.com\/www.rimocc.com\/wp-content\/uploads\/2023\/07\/RIMOCC_LOGO.jpg?fit=459%2C114&ssl=1","contentUrl":"https:\/\/i0.wp.com\/www.rimocc.com\/wp-content\/uploads\/2023\/07\/RIMOCC_LOGO.jpg?fit=459%2C114&ssl=1","width":459,"height":114,"caption":"Rimocc'"},"image":{"@id":"https:\/\/www.rimocc.com\/#\/schema\/logo\/image\/"},"sameAs":["https:\/\/www.facebook.com\/rimocclyon\/?locale=fr_FR","https:\/\/www.instagram.com\/rimoccc\/?hl=fr","https:\/\/www.tiktok.com\/@rimocc","https:\/\/www.youtube.com\/@Rimocc"]}]}},"jetpack_publicize_connections":[],"jetpack_sharing_enabled":true,"_links":{"self":[{"href":"https:\/\/www.rimocc.com\/en\/wp-json\/wp\/v2\/product\/14284","targetHints":{"allow":["GET"]}}],"collection":[{"href":"https:\/\/www.rimocc.com\/en\/wp-json\/wp\/v2\/product"}],"about":[{"href":"https:\/\/www.rimocc.com\/en\/wp-json\/wp\/v2\/types\/product"}],"replies":[{"embeddable":true,"href":"https:\/\/www.rimocc.com\/en\/wp-json\/wp\/v2\/comments?post=14284"}],"wp:featuredmedia":[{"embeddable":true,"href":"https:\/\/www.rimocc.com\/en\/wp-json\/wp\/v2\/media\/14283"}],"wp:attachment":[{"href":"https:\/\/www.rimocc.com\/en\/wp-json\/wp\/v2\/media?parent=14284"}],"wp:term":[{"taxonomy":"product_brand","embeddable":true,"href":"https:\/\/www.rimocc.com\/en\/wp-json\/wp\/v2\/product_brand?post=14284"},{"taxonomy":"product_cat","embeddable":true,"href":"https:\/\/www.rimocc.com\/en\/wp-json\/wp\/v2\/product_cat?post=14284"},{"taxonomy":"product_tag","embeddable":true,"href":"https:\/\/www.rimocc.com\/en\/wp-json\/wp\/v2\/product_tag?post=14284"}],"curies":[{"name":"wp","href":"https:\/\/api.w.org\/{rel}","templated":true}]}}