{"id":14269,"date":"2025-02-28T13:03:32","date_gmt":"2025-02-28T12:03:32","guid":{"rendered":"https:\/\/www.rimocc.com\/?post_type=product&#038;p=14269"},"modified":"2025-03-03T09:40:35","modified_gmt":"2025-03-03T08:40:35","slug":"dw-collectors-billiard-ltd-edition-14x7-2009","status":"publish","type":"product","link":"https:\/\/www.rimocc.com\/en\/product\/dw-collectors-billiard-ltd-edition-14x7-2009\/","title":{"rendered":"DW Collectors Billiard Ltd Edition 14&Prime;x7&Prime; 2009"},"content":{"rendered":"<p>DW Collectors Billiard Ltd Edition 14&Prime;x7&Prime; 2009<br \/>\nMaple VLT<br \/>\nTr\u00e8s bon \u00e9tat g\u00e9n\u00e9ral, proche du neuf<br \/>\nDat\u00e9e 01 avril 2009<br \/>\nNote A<br \/>\nEdition sp\u00e9ciale Namm Show 2007<\/p>\n<p>DW Drums a eu une pr\u00e9sence significative au salon NAMM 2007, pr\u00e9sentant plusieurs nouveaut\u00e9s et mettant en avant ses produits phares dont la s\u00e9rie custom Billiard Graphics pour laquelle il \u00e9tait possible<br \/>\nde customiser les f\u00fbts suivant le graphique d\u00e9sir\u00e9. Tous les f\u00fbts \u00e9taient laqu\u00e9s suivant le m\u00eame proc\u00e9d\u00e9 que l&rsquo;industrie automobile.<br \/>\n<a href=\"https:\/\/www.dwdrums.com\/\">https:\/\/www.dwdrums.com\/<\/a><br \/>\n<a href=\"https:\/\/www.rimocc.com\/en\/product-category\/caisse-claire\/\">https:\/\/www.rimocc.com\/product-category\/caisse-claire\/<\/a><\/p>\n<p class=\"responsive-video-wrap clr\"><iframe title=\"DW Collectors Billiard 14x7 #dwdrums  #nammshow  #drums #drummer  #drummerlife #rimoccc #snaredrum\" width=\"1200\" height=\"675\" src=\"https:\/\/www.youtube.com\/embed\/yaxALQep8ho?feature=oembed\" frameborder=\"0\" allow=\"accelerometer; autoplay; clipboard-write; encrypted-media; gyroscope; picture-in-picture; web-share\" referrerpolicy=\"strict-origin-when-cross-origin\" allowfullscreen><\/iframe><\/p>","protected":false},"excerpt":{"rendered":"<p>DW Collectors Billiard Ltd Edition 14&Prime;x7&Prime; 2009 Maple VLT Tr\u00e8s bon \u00e9tat g\u00e9n\u00e9ral, proche du neuf Dat\u00e9e 01 avril 2009 Note A Edition sp\u00e9ciale Namm Show 2007 DW Drums a eu une pr\u00e9sence significative au salon NAMM 2007, pr\u00e9sentant plusieurs nouveaut\u00e9s et mettant en avant ses produits phares dont la s\u00e9rie custom Billiard Graphics pour [&hellip;]<\/p>\n","protected":false},"featured_media":14267,"comment_status":"open","ping_status":"closed","template":"","meta":{"jetpack_publicize_message":"","jetpack_publicize_feature_enabled":true,"jetpack_social_post_already_shared":false,"jetpack_social_options":{"image_generator_settings":{"template":"highway","default_image_id":0,"font":"","enabled":false},"version":2}},"product_brand":[],"product_cat":[25],"product_tag":[63,548,540,538,64],"class_list":{"0":"post-14269","1":"product","2":"type-product","3":"status-publish","4":"has-post-thumbnail","6":"product_cat-caisse-claire","7":"product_tag-caisse-claire","8":"product_tag-depot-vente-lyon","9":"product_tag-dw-drums","10":"product_tag-magasin-de-musique-lyon","11":"product_tag-snare-drums","13":"entry","14":"has-media","16":"first","17":"outofstock","18":"shipping-taxable","19":"purchasable","20":"product-type-simple","21":"has-product-nav","22":"col","23":"span_1_of_3","24":"owp-content-center","25":"owp-thumbs-layout-horizontal","26":"owp-btn-normal","27":"owp-tabs-layout-horizontal"},"yoast_head":"<!-- This site is optimized with the Yoast SEO plugin v27.4 - https:\/\/yoast.com\/product\/yoast-seo-wordpress\/ -->\n<title>DW Collectors Billiard Ltd Edition 14&quot;x7&quot; 2009 - D\u00e9p\u00f4t Vente Batterie Percussion | Rimocc Lyon<\/title>\n<meta name=\"description\" content=\"D\u00e9couvrez la caisse claire DW Collectors Billiard Ltd Edition 14&quot;x7&quot; de 2009, une pi\u00e8ce de collection unique. Son design inspir\u00e9 du billard et sa qualit\u00e9 sonore exceptionnelle en font un instrument de choix.\" \/>\n<meta name=\"robots\" content=\"index, follow, max-snippet:-1, max-image-preview:large, max-video-preview:-1\" \/>\n<link rel=\"canonical\" href=\"https:\/\/www.rimocc.com\/en\/product\/dw-collectors-billiard-ltd-edition-14x7-2009\/\" \/>\n<meta property=\"og:locale\" content=\"en_US\" \/>\n<meta property=\"og:type\" content=\"article\" \/>\n<meta property=\"og:title\" content=\"DW Collectors Billiard Ltd Edition 14&quot;x7&quot; 2009 - D\u00e9p\u00f4t Vente Batterie Percussion | Rimocc Lyon\" \/>\n<meta property=\"og:description\" content=\"D\u00e9couvrez la caisse claire DW Collectors Billiard Ltd Edition 14&quot;x7&quot; de 2009, une pi\u00e8ce de collection unique. Son design inspir\u00e9 du billard et sa qualit\u00e9 sonore exceptionnelle en font un instrument de choix.\" \/>\n<meta property=\"og:url\" content=\"https:\/\/www.rimocc.com\/en\/product\/dw-collectors-billiard-ltd-edition-14x7-2009\/\" \/>\n<meta property=\"og:site_name\" content=\"D\u00e9p\u00f4t Vente Batterie Percussion | Rimocc Lyon\" \/>\n<meta property=\"article:publisher\" content=\"https:\/\/www.facebook.com\/rimocclyon\/?locale=fr_FR\" \/>\n<meta property=\"article:modified_time\" content=\"2025-03-03T08:40:35+00:00\" \/>\n<meta property=\"og:image\" content=\"https:\/\/www.rimocc.com\/wp-content\/uploads\/2025\/02\/DW-Collectors-Billiard-Ltd-Edition-14_x7_-2009-1.jpg\" \/>\n\t<meta property=\"og:image:width\" content=\"1920\" \/>\n\t<meta property=\"og:image:height\" content=\"1920\" \/>\n\t<meta property=\"og:image:type\" content=\"image\/jpeg\" \/>\n<meta name=\"twitter:card\" content=\"summary_large_image\" \/>\n<meta name=\"twitter:label1\" content=\"Est. reading time\" \/>\n\t<meta name=\"twitter:data1\" content=\"1 minute\" \/>\n<script type=\"application\/ld+json\" class=\"yoast-schema-graph\">{\"@context\":\"https:\\\/\\\/schema.org\",\"@graph\":[{\"@type\":\"WebPage\",\"@id\":\"https:\\\/\\\/www.rimocc.com\\\/product\\\/dw-collectors-billiard-ltd-edition-14x7-2009\\\/\",\"url\":\"https:\\\/\\\/www.rimocc.com\\\/product\\\/dw-collectors-billiard-ltd-edition-14x7-2009\\\/\",\"name\":\"DW Collectors Billiard Ltd Edition 14\\\"x7\\\" 2009 - D\u00e9p\u00f4t Vente Batterie Percussion | Rimocc Lyon\",\"isPartOf\":{\"@id\":\"https:\\\/\\\/www.rimocc.com\\\/#website\"},\"primaryImageOfPage\":{\"@id\":\"https:\\\/\\\/www.rimocc.com\\\/product\\\/dw-collectors-billiard-ltd-edition-14x7-2009\\\/#primaryimage\"},\"image\":{\"@id\":\"https:\\\/\\\/www.rimocc.com\\\/product\\\/dw-collectors-billiard-ltd-edition-14x7-2009\\\/#primaryimage\"},\"thumbnailUrl\":\"https:\\\/\\\/www.rimocc.com\\\/wp-content\\\/uploads\\\/2025\\\/02\\\/DW-Collectors-Billiard-Ltd-Edition-14_x7_-2009-1.jpg\",\"datePublished\":\"2025-02-28T12:03:32+00:00\",\"dateModified\":\"2025-03-03T08:40:35+00:00\",\"description\":\"D\u00e9couvrez la caisse claire DW Collectors Billiard Ltd Edition 14\\\"x7\\\" de 2009, une pi\u00e8ce de collection unique. Son design inspir\u00e9 du billard et sa qualit\u00e9 sonore exceptionnelle en font un instrument de choix.\",\"breadcrumb\":{\"@id\":\"https:\\\/\\\/www.rimocc.com\\\/product\\\/dw-collectors-billiard-ltd-edition-14x7-2009\\\/#breadcrumb\"},\"inLanguage\":\"en-US\",\"potentialAction\":[{\"@type\":\"ReadAction\",\"target\":[\"https:\\\/\\\/www.rimocc.com\\\/product\\\/dw-collectors-billiard-ltd-edition-14x7-2009\\\/\"]}]},{\"@type\":\"ImageObject\",\"inLanguage\":\"en-US\",\"@id\":\"https:\\\/\\\/www.rimocc.com\\\/product\\\/dw-collectors-billiard-ltd-edition-14x7-2009\\\/#primaryimage\",\"url\":\"https:\\\/\\\/www.rimocc.com\\\/wp-content\\\/uploads\\\/2025\\\/02\\\/DW-Collectors-Billiard-Ltd-Edition-14_x7_-2009-1.jpg\",\"contentUrl\":\"https:\\\/\\\/www.rimocc.com\\\/wp-content\\\/uploads\\\/2025\\\/02\\\/DW-Collectors-Billiard-Ltd-Edition-14_x7_-2009-1.jpg\",\"width\":1920,\"height\":1920,\"caption\":\"DW Collectors Billiard Ltd Edition 14\\\"x7\\\" 2009\"},{\"@type\":\"BreadcrumbList\",\"@id\":\"https:\\\/\\\/www.rimocc.com\\\/product\\\/dw-collectors-billiard-ltd-edition-14x7-2009\\\/#breadcrumb\",\"itemListElement\":[{\"@type\":\"ListItem\",\"position\":1,\"name\":\"Home\",\"item\":\"https:\\\/\\\/www.rimocc.com\\\/\"},{\"@type\":\"ListItem\",\"position\":2,\"name\":\"Shop\",\"item\":\"https:\\\/\\\/www.rimocc.com\\\/shop\\\/\"},{\"@type\":\"ListItem\",\"position\":3,\"name\":\"DW Collectors Billiard Ltd Edition 14&#8243;x7&#8243; 2009\"}]},{\"@type\":\"WebSite\",\"@id\":\"https:\\\/\\\/www.rimocc.com\\\/#website\",\"url\":\"https:\\\/\\\/www.rimocc.com\\\/\",\"name\":\"D\u00e9p\u00f4t Vente Batterie Percussion | Rimocc Lyon\",\"description\":\"Rimocc: l&#039;unique magasin d\u00e9di\u00e9 enti\u00e8rement \u00e0 la batterie, percussion d&#039;occasion et vintage \u00e0 Lyon, France\",\"publisher\":{\"@id\":\"https:\\\/\\\/www.rimocc.com\\\/#organization\"},\"alternateName\":\"Rimocc'\",\"potentialAction\":[{\"@type\":\"SearchAction\",\"target\":{\"@type\":\"EntryPoint\",\"urlTemplate\":\"https:\\\/\\\/www.rimocc.com\\\/?s={search_term_string}\"},\"query-input\":{\"@type\":\"PropertyValueSpecification\",\"valueRequired\":true,\"valueName\":\"search_term_string\"}}],\"inLanguage\":\"en-US\"},{\"@type\":\"Organization\",\"@id\":\"https:\\\/\\\/www.rimocc.com\\\/#organization\",\"name\":\"Rimocc'\",\"alternateName\":\"Rimocc\",\"url\":\"https:\\\/\\\/www.rimocc.com\\\/\",\"logo\":{\"@type\":\"ImageObject\",\"inLanguage\":\"en-US\",\"@id\":\"https:\\\/\\\/www.rimocc.com\\\/#\\\/schema\\\/logo\\\/image\\\/\",\"url\":\"https:\\\/\\\/i0.wp.com\\\/www.rimocc.com\\\/wp-content\\\/uploads\\\/2023\\\/07\\\/RIMOCC_LOGO.jpg?fit=459%2C114&ssl=1\",\"contentUrl\":\"https:\\\/\\\/i0.wp.com\\\/www.rimocc.com\\\/wp-content\\\/uploads\\\/2023\\\/07\\\/RIMOCC_LOGO.jpg?fit=459%2C114&ssl=1\",\"width\":459,\"height\":114,\"caption\":\"Rimocc'\"},\"image\":{\"@id\":\"https:\\\/\\\/www.rimocc.com\\\/#\\\/schema\\\/logo\\\/image\\\/\"},\"sameAs\":[\"https:\\\/\\\/www.facebook.com\\\/rimocclyon\\\/?locale=fr_FR\",\"https:\\\/\\\/www.instagram.com\\\/rimoccc\\\/?hl=fr\",\"https:\\\/\\\/www.tiktok.com\\\/@rimocc\",\"https:\\\/\\\/www.youtube.com\\\/@Rimocc\"]}]}<\/script>\n<!-- \/ Yoast SEO plugin. -->","yoast_head_json":{"title":"DW Collectors Billiard Ltd Edition 14\"x7\" 2009 - D\u00e9p\u00f4t Vente Batterie Percussion | Rimocc Lyon","description":"D\u00e9couvrez la caisse claire DW Collectors Billiard Ltd Edition 14\"x7\" de 2009, une pi\u00e8ce de collection unique. Son design inspir\u00e9 du billard et sa qualit\u00e9 sonore exceptionnelle en font un instrument de choix.","robots":{"index":"index","follow":"follow","max-snippet":"max-snippet:-1","max-image-preview":"max-image-preview:large","max-video-preview":"max-video-preview:-1"},"canonical":"https:\/\/www.rimocc.com\/en\/product\/dw-collectors-billiard-ltd-edition-14x7-2009\/","og_locale":"en_US","og_type":"article","og_title":"DW Collectors Billiard Ltd Edition 14\"x7\" 2009 - D\u00e9p\u00f4t Vente Batterie Percussion | Rimocc Lyon","og_description":"D\u00e9couvrez la caisse claire DW Collectors Billiard Ltd Edition 14\"x7\" de 2009, une pi\u00e8ce de collection unique. Son design inspir\u00e9 du billard et sa qualit\u00e9 sonore exceptionnelle en font un instrument de choix.","og_url":"https:\/\/www.rimocc.com\/en\/product\/dw-collectors-billiard-ltd-edition-14x7-2009\/","og_site_name":"D\u00e9p\u00f4t Vente Batterie Percussion | Rimocc Lyon","article_publisher":"https:\/\/www.facebook.com\/rimocclyon\/?locale=fr_FR","article_modified_time":"2025-03-03T08:40:35+00:00","og_image":[{"width":1920,"height":1920,"url":"https:\/\/www.rimocc.com\/wp-content\/uploads\/2025\/02\/DW-Collectors-Billiard-Ltd-Edition-14_x7_-2009-1.jpg","type":"image\/jpeg"}],"twitter_card":"summary_large_image","twitter_misc":{"Est. reading time":"1 minute"},"schema":{"@context":"https:\/\/schema.org","@graph":[{"@type":"WebPage","@id":"https:\/\/www.rimocc.com\/product\/dw-collectors-billiard-ltd-edition-14x7-2009\/","url":"https:\/\/www.rimocc.com\/product\/dw-collectors-billiard-ltd-edition-14x7-2009\/","name":"DW Collectors Billiard Ltd Edition 14\"x7\" 2009 - D\u00e9p\u00f4t Vente Batterie Percussion | Rimocc Lyon","isPartOf":{"@id":"https:\/\/www.rimocc.com\/#website"},"primaryImageOfPage":{"@id":"https:\/\/www.rimocc.com\/product\/dw-collectors-billiard-ltd-edition-14x7-2009\/#primaryimage"},"image":{"@id":"https:\/\/www.rimocc.com\/product\/dw-collectors-billiard-ltd-edition-14x7-2009\/#primaryimage"},"thumbnailUrl":"https:\/\/www.rimocc.com\/wp-content\/uploads\/2025\/02\/DW-Collectors-Billiard-Ltd-Edition-14_x7_-2009-1.jpg","datePublished":"2025-02-28T12:03:32+00:00","dateModified":"2025-03-03T08:40:35+00:00","description":"D\u00e9couvrez la caisse claire DW Collectors Billiard Ltd Edition 14\"x7\" de 2009, une pi\u00e8ce de collection unique. Son design inspir\u00e9 du billard et sa qualit\u00e9 sonore exceptionnelle en font un instrument de choix.","breadcrumb":{"@id":"https:\/\/www.rimocc.com\/product\/dw-collectors-billiard-ltd-edition-14x7-2009\/#breadcrumb"},"inLanguage":"en-US","potentialAction":[{"@type":"ReadAction","target":["https:\/\/www.rimocc.com\/product\/dw-collectors-billiard-ltd-edition-14x7-2009\/"]}]},{"@type":"ImageObject","inLanguage":"en-US","@id":"https:\/\/www.rimocc.com\/product\/dw-collectors-billiard-ltd-edition-14x7-2009\/#primaryimage","url":"https:\/\/www.rimocc.com\/wp-content\/uploads\/2025\/02\/DW-Collectors-Billiard-Ltd-Edition-14_x7_-2009-1.jpg","contentUrl":"https:\/\/www.rimocc.com\/wp-content\/uploads\/2025\/02\/DW-Collectors-Billiard-Ltd-Edition-14_x7_-2009-1.jpg","width":1920,"height":1920,"caption":"DW Collectors Billiard Ltd Edition 14\"x7\" 2009"},{"@type":"BreadcrumbList","@id":"https:\/\/www.rimocc.com\/product\/dw-collectors-billiard-ltd-edition-14x7-2009\/#breadcrumb","itemListElement":[{"@type":"ListItem","position":1,"name":"Home","item":"https:\/\/www.rimocc.com\/"},{"@type":"ListItem","position":2,"name":"Shop","item":"https:\/\/www.rimocc.com\/shop\/"},{"@type":"ListItem","position":3,"name":"DW Collectors Billiard Ltd Edition 14&#8243;x7&#8243; 2009"}]},{"@type":"WebSite","@id":"https:\/\/www.rimocc.com\/#website","url":"https:\/\/www.rimocc.com\/","name":"D\u00e9p\u00f4t Vente Batterie Percussion | Rimocc Lyon","description":"Rimocc: l&#039;unique magasin d\u00e9di\u00e9 enti\u00e8rement \u00e0 la batterie, percussion d&#039;occasion et vintage \u00e0 Lyon, France","publisher":{"@id":"https:\/\/www.rimocc.com\/#organization"},"alternateName":"Rimocc'","potentialAction":[{"@type":"SearchAction","target":{"@type":"EntryPoint","urlTemplate":"https:\/\/www.rimocc.com\/?s={search_term_string}"},"query-input":{"@type":"PropertyValueSpecification","valueRequired":true,"valueName":"search_term_string"}}],"inLanguage":"en-US"},{"@type":"Organization","@id":"https:\/\/www.rimocc.com\/#organization","name":"Rimocc'","alternateName":"Rimocc","url":"https:\/\/www.rimocc.com\/","logo":{"@type":"ImageObject","inLanguage":"en-US","@id":"https:\/\/www.rimocc.com\/#\/schema\/logo\/image\/","url":"https:\/\/i0.wp.com\/www.rimocc.com\/wp-content\/uploads\/2023\/07\/RIMOCC_LOGO.jpg?fit=459%2C114&ssl=1","contentUrl":"https:\/\/i0.wp.com\/www.rimocc.com\/wp-content\/uploads\/2023\/07\/RIMOCC_LOGO.jpg?fit=459%2C114&ssl=1","width":459,"height":114,"caption":"Rimocc'"},"image":{"@id":"https:\/\/www.rimocc.com\/#\/schema\/logo\/image\/"},"sameAs":["https:\/\/www.facebook.com\/rimocclyon\/?locale=fr_FR","https:\/\/www.instagram.com\/rimoccc\/?hl=fr","https:\/\/www.tiktok.com\/@rimocc","https:\/\/www.youtube.com\/@Rimocc"]}]}},"jetpack_publicize_connections":[],"jetpack_sharing_enabled":true,"_links":{"self":[{"href":"https:\/\/www.rimocc.com\/en\/wp-json\/wp\/v2\/product\/14269","targetHints":{"allow":["GET"]}}],"collection":[{"href":"https:\/\/www.rimocc.com\/en\/wp-json\/wp\/v2\/product"}],"about":[{"href":"https:\/\/www.rimocc.com\/en\/wp-json\/wp\/v2\/types\/product"}],"replies":[{"embeddable":true,"href":"https:\/\/www.rimocc.com\/en\/wp-json\/wp\/v2\/comments?post=14269"}],"wp:featuredmedia":[{"embeddable":true,"href":"https:\/\/www.rimocc.com\/en\/wp-json\/wp\/v2\/media\/14267"}],"wp:attachment":[{"href":"https:\/\/www.rimocc.com\/en\/wp-json\/wp\/v2\/media?parent=14269"}],"wp:term":[{"taxonomy":"product_brand","embeddable":true,"href":"https:\/\/www.rimocc.com\/en\/wp-json\/wp\/v2\/product_brand?post=14269"},{"taxonomy":"product_cat","embeddable":true,"href":"https:\/\/www.rimocc.com\/en\/wp-json\/wp\/v2\/product_cat?post=14269"},{"taxonomy":"product_tag","embeddable":true,"href":"https:\/\/www.rimocc.com\/en\/wp-json\/wp\/v2\/product_tag?post=14269"}],"curies":[{"name":"wp","href":"https:\/\/api.w.org\/{rel}","templated":true}]}}