{"id":14246,"date":"2025-02-27T14:51:27","date_gmt":"2025-02-27T13:51:27","guid":{"rendered":"https:\/\/www.rimocc.com\/?post_type=product&#038;p=14246"},"modified":"2025-06-24T11:56:42","modified_gmt":"2025-06-24T09:56:42","slug":"asba-6-coquilles-tom-vintage-2","status":"publish","type":"product","link":"https:\/\/www.rimocc.com\/en\/product\/asba-6-coquilles-tom-vintage-2\/","title":{"rendered":"Asba 6 coquilles tom Vintage 2"},"content":{"rendered":"<p>Asba 6 coquilles tom Asba vintage 2<br \/>\nTr\u00e8s bon \u00e9tat g\u00e9n\u00e9ral (\u00e0 nettoyer)<br \/>\nCompl\u00e8tes<\/p>\n<p><a href=\"https:\/\/www.asbadrums.com\/\">https:\/\/www.asbadrums.com\/<\/a><br \/>\n<a href=\"https:\/\/www.rimocc.com\/en\/product-category\/accessoires-batterie\/\">https:\/\/www.rimocc.com\/product-category\/accessoires-batterie\/<\/a><br \/>\n\u00ab\u00a0Le nom ASBA provient de la contraction des initiales du fondateur de la marque, Alfred, de celle de sa femme, Simone, de celle de leur nom, Boudard et de celle du mot \u00ab Accessoires \u00bb, soit Alfred et Simone Boudard Accessoires.<br \/>\nLa marque commence son activit\u00e9 en 1927 par la production d\u2019accessoires pour orchestres \u00a0\u00bb<\/p>\n<p>&nbsp;<\/p>","protected":false},"excerpt":{"rendered":"<p>Asba 6 coquilles tom Asba vintage 2 Tr\u00e8s bon \u00e9tat g\u00e9n\u00e9ral (\u00e0 nettoyer) Compl\u00e8tes https:\/\/www.asbadrums.com\/ https:\/\/www.rimocc.com\/product-category\/accessoires-batterie\/ \u00ab\u00a0Le nom ASBA provient de la contraction des initiales du fondateur de la marque, Alfred, de celle de sa femme, Simone, de celle de leur nom, Boudard et de celle du mot \u00ab Accessoires \u00bb, soit Alfred et Simone [&hellip;]<\/p>\n","protected":false},"featured_media":14245,"comment_status":"open","ping_status":"closed","template":"","meta":{"jetpack_publicize_message":"","jetpack_publicize_feature_enabled":true,"jetpack_social_post_already_shared":false,"jetpack_social_options":{"image_generator_settings":{"template":"highway","default_image_id":0,"font":"","enabled":false},"version":2}},"product_brand":[],"product_cat":[22],"product_tag":[84,300,548,538],"class_list":{"0":"post-14246","1":"product","2":"type-product","3":"status-publish","4":"has-post-thumbnail","6":"product_cat-accessoires-batterie","7":"product_tag-asba","8":"product_tag-asba-vintage","9":"product_tag-depot-vente-lyon","10":"product_tag-magasin-de-musique-lyon","12":"entry","13":"has-media","15":"first","16":"outofstock","17":"shipping-taxable","18":"purchasable","19":"product-type-simple","20":"has-product-nav","21":"col","22":"span_1_of_3","23":"owp-content-center","24":"owp-thumbs-layout-horizontal","25":"owp-btn-normal","26":"owp-tabs-layout-horizontal"},"yoast_head":"<!-- This site is optimized with the Yoast SEO plugin v27.4 - https:\/\/yoast.com\/product\/yoast-seo-wordpress\/ -->\n<title>Asba 6 coquilles tom Vintage 2 - D\u00e9p\u00f4t Vente Batterie Percussion | Rimocc Lyon<\/title>\n<meta name=\"description\" content=\"Pi\u00e8ce de rechange d&#039;origine : tom Asba vintage, 6 coquilles. Parfait pour restaurer votre batterie Asba. Design embl\u00e9matique de la marque Asba.\" \/>\n<meta name=\"robots\" content=\"index, follow, max-snippet:-1, max-image-preview:large, max-video-preview:-1\" \/>\n<link rel=\"canonical\" href=\"https:\/\/www.rimocc.com\/en\/product\/asba-6-coquilles-tom-vintage-2\/\" \/>\n<meta property=\"og:locale\" content=\"en_US\" \/>\n<meta property=\"og:type\" content=\"article\" \/>\n<meta property=\"og:title\" content=\"Asba 6 coquilles tom Vintage 2 - D\u00e9p\u00f4t Vente Batterie Percussion | Rimocc Lyon\" \/>\n<meta property=\"og:description\" content=\"Pi\u00e8ce de rechange d&#039;origine : tom Asba vintage, 6 coquilles. Parfait pour restaurer votre batterie Asba. Design embl\u00e9matique de la marque Asba.\" \/>\n<meta property=\"og:url\" content=\"https:\/\/www.rimocc.com\/en\/product\/asba-6-coquilles-tom-vintage-2\/\" \/>\n<meta property=\"og:site_name\" content=\"D\u00e9p\u00f4t Vente Batterie Percussion | Rimocc Lyon\" \/>\n<meta property=\"article:publisher\" content=\"https:\/\/www.facebook.com\/rimocclyon\/?locale=fr_FR\" \/>\n<meta property=\"article:modified_time\" content=\"2025-06-24T09:56:42+00:00\" \/>\n<meta property=\"og:image\" content=\"https:\/\/www.rimocc.com\/wp-content\/uploads\/2025\/02\/Asba-6-coquilles-tom-Asba-vintage-2-1.jpg\" \/>\n\t<meta property=\"og:image:width\" content=\"1920\" \/>\n\t<meta property=\"og:image:height\" content=\"1920\" \/>\n\t<meta property=\"og:image:type\" content=\"image\/jpeg\" \/>\n<meta name=\"twitter:card\" content=\"summary_large_image\" \/>\n<meta name=\"twitter:label1\" content=\"Est. reading time\" \/>\n\t<meta name=\"twitter:data1\" content=\"1 minute\" \/>\n<script type=\"application\/ld+json\" class=\"yoast-schema-graph\">{\"@context\":\"https:\\\/\\\/schema.org\",\"@graph\":[{\"@type\":\"WebPage\",\"@id\":\"https:\\\/\\\/www.rimocc.com\\\/product\\\/asba-6-coquilles-tom-vintage-2\\\/\",\"url\":\"https:\\\/\\\/www.rimocc.com\\\/product\\\/asba-6-coquilles-tom-vintage-2\\\/\",\"name\":\"Asba 6 coquilles tom Vintage 2 - D\u00e9p\u00f4t Vente Batterie Percussion | Rimocc Lyon\",\"isPartOf\":{\"@id\":\"https:\\\/\\\/www.rimocc.com\\\/#website\"},\"primaryImageOfPage\":{\"@id\":\"https:\\\/\\\/www.rimocc.com\\\/product\\\/asba-6-coquilles-tom-vintage-2\\\/#primaryimage\"},\"image\":{\"@id\":\"https:\\\/\\\/www.rimocc.com\\\/product\\\/asba-6-coquilles-tom-vintage-2\\\/#primaryimage\"},\"thumbnailUrl\":\"https:\\\/\\\/www.rimocc.com\\\/wp-content\\\/uploads\\\/2025\\\/02\\\/Asba-6-coquilles-tom-Asba-vintage-2-1.jpg\",\"datePublished\":\"2025-02-27T13:51:27+00:00\",\"dateModified\":\"2025-06-24T09:56:42+00:00\",\"description\":\"Pi\u00e8ce de rechange d'origine : tom Asba vintage, 6 coquilles. Parfait pour restaurer votre batterie Asba. Design embl\u00e9matique de la marque Asba.\",\"breadcrumb\":{\"@id\":\"https:\\\/\\\/www.rimocc.com\\\/product\\\/asba-6-coquilles-tom-vintage-2\\\/#breadcrumb\"},\"inLanguage\":\"en-US\",\"potentialAction\":[{\"@type\":\"ReadAction\",\"target\":[\"https:\\\/\\\/www.rimocc.com\\\/product\\\/asba-6-coquilles-tom-vintage-2\\\/\"]}]},{\"@type\":\"ImageObject\",\"inLanguage\":\"en-US\",\"@id\":\"https:\\\/\\\/www.rimocc.com\\\/product\\\/asba-6-coquilles-tom-vintage-2\\\/#primaryimage\",\"url\":\"https:\\\/\\\/www.rimocc.com\\\/wp-content\\\/uploads\\\/2025\\\/02\\\/Asba-6-coquilles-tom-Asba-vintage-2-1.jpg\",\"contentUrl\":\"https:\\\/\\\/www.rimocc.com\\\/wp-content\\\/uploads\\\/2025\\\/02\\\/Asba-6-coquilles-tom-Asba-vintage-2-1.jpg\",\"width\":1920,\"height\":1920,\"caption\":\"Asba 6 coquilles tom Asba vintage 2\"},{\"@type\":\"BreadcrumbList\",\"@id\":\"https:\\\/\\\/www.rimocc.com\\\/product\\\/asba-6-coquilles-tom-vintage-2\\\/#breadcrumb\",\"itemListElement\":[{\"@type\":\"ListItem\",\"position\":1,\"name\":\"Home\",\"item\":\"https:\\\/\\\/www.rimocc.com\\\/\"},{\"@type\":\"ListItem\",\"position\":2,\"name\":\"Shop\",\"item\":\"https:\\\/\\\/www.rimocc.com\\\/shop\\\/\"},{\"@type\":\"ListItem\",\"position\":3,\"name\":\"Asba 6 coquilles tom Vintage 2\"}]},{\"@type\":\"WebSite\",\"@id\":\"https:\\\/\\\/www.rimocc.com\\\/#website\",\"url\":\"https:\\\/\\\/www.rimocc.com\\\/\",\"name\":\"D\u00e9p\u00f4t Vente Batterie Percussion | Rimocc Lyon\",\"description\":\"Rimocc: l&#039;unique magasin d\u00e9di\u00e9 enti\u00e8rement \u00e0 la batterie, percussion d&#039;occasion et vintage \u00e0 Lyon, France\",\"publisher\":{\"@id\":\"https:\\\/\\\/www.rimocc.com\\\/#organization\"},\"alternateName\":\"Rimocc'\",\"potentialAction\":[{\"@type\":\"SearchAction\",\"target\":{\"@type\":\"EntryPoint\",\"urlTemplate\":\"https:\\\/\\\/www.rimocc.com\\\/?s={search_term_string}\"},\"query-input\":{\"@type\":\"PropertyValueSpecification\",\"valueRequired\":true,\"valueName\":\"search_term_string\"}}],\"inLanguage\":\"en-US\"},{\"@type\":\"Organization\",\"@id\":\"https:\\\/\\\/www.rimocc.com\\\/#organization\",\"name\":\"Rimocc'\",\"alternateName\":\"Rimocc\",\"url\":\"https:\\\/\\\/www.rimocc.com\\\/\",\"logo\":{\"@type\":\"ImageObject\",\"inLanguage\":\"en-US\",\"@id\":\"https:\\\/\\\/www.rimocc.com\\\/#\\\/schema\\\/logo\\\/image\\\/\",\"url\":\"https:\\\/\\\/i0.wp.com\\\/www.rimocc.com\\\/wp-content\\\/uploads\\\/2023\\\/07\\\/RIMOCC_LOGO.jpg?fit=459%2C114&ssl=1\",\"contentUrl\":\"https:\\\/\\\/i0.wp.com\\\/www.rimocc.com\\\/wp-content\\\/uploads\\\/2023\\\/07\\\/RIMOCC_LOGO.jpg?fit=459%2C114&ssl=1\",\"width\":459,\"height\":114,\"caption\":\"Rimocc'\"},\"image\":{\"@id\":\"https:\\\/\\\/www.rimocc.com\\\/#\\\/schema\\\/logo\\\/image\\\/\"},\"sameAs\":[\"https:\\\/\\\/www.facebook.com\\\/rimocclyon\\\/?locale=fr_FR\",\"https:\\\/\\\/www.instagram.com\\\/rimoccc\\\/?hl=fr\",\"https:\\\/\\\/www.tiktok.com\\\/@rimocc\",\"https:\\\/\\\/www.youtube.com\\\/@Rimocc\"]}]}<\/script>\n<!-- \/ Yoast SEO plugin. -->","yoast_head_json":{"title":"Asba 6 coquilles tom Vintage 2 - D\u00e9p\u00f4t Vente Batterie Percussion | Rimocc Lyon","description":"Pi\u00e8ce de rechange d'origine : tom Asba vintage, 6 coquilles. Parfait pour restaurer votre batterie Asba. Design embl\u00e9matique de la marque Asba.","robots":{"index":"index","follow":"follow","max-snippet":"max-snippet:-1","max-image-preview":"max-image-preview:large","max-video-preview":"max-video-preview:-1"},"canonical":"https:\/\/www.rimocc.com\/en\/product\/asba-6-coquilles-tom-vintage-2\/","og_locale":"en_US","og_type":"article","og_title":"Asba 6 coquilles tom Vintage 2 - D\u00e9p\u00f4t Vente Batterie Percussion | Rimocc Lyon","og_description":"Pi\u00e8ce de rechange d'origine : tom Asba vintage, 6 coquilles. Parfait pour restaurer votre batterie Asba. Design embl\u00e9matique de la marque Asba.","og_url":"https:\/\/www.rimocc.com\/en\/product\/asba-6-coquilles-tom-vintage-2\/","og_site_name":"D\u00e9p\u00f4t Vente Batterie Percussion | Rimocc Lyon","article_publisher":"https:\/\/www.facebook.com\/rimocclyon\/?locale=fr_FR","article_modified_time":"2025-06-24T09:56:42+00:00","og_image":[{"width":1920,"height":1920,"url":"https:\/\/www.rimocc.com\/wp-content\/uploads\/2025\/02\/Asba-6-coquilles-tom-Asba-vintage-2-1.jpg","type":"image\/jpeg"}],"twitter_card":"summary_large_image","twitter_misc":{"Est. reading time":"1 minute"},"schema":{"@context":"https:\/\/schema.org","@graph":[{"@type":"WebPage","@id":"https:\/\/www.rimocc.com\/product\/asba-6-coquilles-tom-vintage-2\/","url":"https:\/\/www.rimocc.com\/product\/asba-6-coquilles-tom-vintage-2\/","name":"Asba 6 coquilles tom Vintage 2 - D\u00e9p\u00f4t Vente Batterie Percussion | Rimocc Lyon","isPartOf":{"@id":"https:\/\/www.rimocc.com\/#website"},"primaryImageOfPage":{"@id":"https:\/\/www.rimocc.com\/product\/asba-6-coquilles-tom-vintage-2\/#primaryimage"},"image":{"@id":"https:\/\/www.rimocc.com\/product\/asba-6-coquilles-tom-vintage-2\/#primaryimage"},"thumbnailUrl":"https:\/\/www.rimocc.com\/wp-content\/uploads\/2025\/02\/Asba-6-coquilles-tom-Asba-vintage-2-1.jpg","datePublished":"2025-02-27T13:51:27+00:00","dateModified":"2025-06-24T09:56:42+00:00","description":"Pi\u00e8ce de rechange d'origine : tom Asba vintage, 6 coquilles. Parfait pour restaurer votre batterie Asba. Design embl\u00e9matique de la marque Asba.","breadcrumb":{"@id":"https:\/\/www.rimocc.com\/product\/asba-6-coquilles-tom-vintage-2\/#breadcrumb"},"inLanguage":"en-US","potentialAction":[{"@type":"ReadAction","target":["https:\/\/www.rimocc.com\/product\/asba-6-coquilles-tom-vintage-2\/"]}]},{"@type":"ImageObject","inLanguage":"en-US","@id":"https:\/\/www.rimocc.com\/product\/asba-6-coquilles-tom-vintage-2\/#primaryimage","url":"https:\/\/www.rimocc.com\/wp-content\/uploads\/2025\/02\/Asba-6-coquilles-tom-Asba-vintage-2-1.jpg","contentUrl":"https:\/\/www.rimocc.com\/wp-content\/uploads\/2025\/02\/Asba-6-coquilles-tom-Asba-vintage-2-1.jpg","width":1920,"height":1920,"caption":"Asba 6 coquilles tom Asba vintage 2"},{"@type":"BreadcrumbList","@id":"https:\/\/www.rimocc.com\/product\/asba-6-coquilles-tom-vintage-2\/#breadcrumb","itemListElement":[{"@type":"ListItem","position":1,"name":"Home","item":"https:\/\/www.rimocc.com\/"},{"@type":"ListItem","position":2,"name":"Shop","item":"https:\/\/www.rimocc.com\/shop\/"},{"@type":"ListItem","position":3,"name":"Asba 6 coquilles tom Vintage 2"}]},{"@type":"WebSite","@id":"https:\/\/www.rimocc.com\/#website","url":"https:\/\/www.rimocc.com\/","name":"D\u00e9p\u00f4t Vente Batterie Percussion | Rimocc Lyon","description":"Rimocc: l&#039;unique magasin d\u00e9di\u00e9 enti\u00e8rement \u00e0 la batterie, percussion d&#039;occasion et vintage \u00e0 Lyon, France","publisher":{"@id":"https:\/\/www.rimocc.com\/#organization"},"alternateName":"Rimocc'","potentialAction":[{"@type":"SearchAction","target":{"@type":"EntryPoint","urlTemplate":"https:\/\/www.rimocc.com\/?s={search_term_string}"},"query-input":{"@type":"PropertyValueSpecification","valueRequired":true,"valueName":"search_term_string"}}],"inLanguage":"en-US"},{"@type":"Organization","@id":"https:\/\/www.rimocc.com\/#organization","name":"Rimocc'","alternateName":"Rimocc","url":"https:\/\/www.rimocc.com\/","logo":{"@type":"ImageObject","inLanguage":"en-US","@id":"https:\/\/www.rimocc.com\/#\/schema\/logo\/image\/","url":"https:\/\/i0.wp.com\/www.rimocc.com\/wp-content\/uploads\/2023\/07\/RIMOCC_LOGO.jpg?fit=459%2C114&ssl=1","contentUrl":"https:\/\/i0.wp.com\/www.rimocc.com\/wp-content\/uploads\/2023\/07\/RIMOCC_LOGO.jpg?fit=459%2C114&ssl=1","width":459,"height":114,"caption":"Rimocc'"},"image":{"@id":"https:\/\/www.rimocc.com\/#\/schema\/logo\/image\/"},"sameAs":["https:\/\/www.facebook.com\/rimocclyon\/?locale=fr_FR","https:\/\/www.instagram.com\/rimoccc\/?hl=fr","https:\/\/www.tiktok.com\/@rimocc","https:\/\/www.youtube.com\/@Rimocc"]}]}},"jetpack_publicize_connections":[],"jetpack_sharing_enabled":true,"_links":{"self":[{"href":"https:\/\/www.rimocc.com\/en\/wp-json\/wp\/v2\/product\/14246","targetHints":{"allow":["GET"]}}],"collection":[{"href":"https:\/\/www.rimocc.com\/en\/wp-json\/wp\/v2\/product"}],"about":[{"href":"https:\/\/www.rimocc.com\/en\/wp-json\/wp\/v2\/types\/product"}],"replies":[{"embeddable":true,"href":"https:\/\/www.rimocc.com\/en\/wp-json\/wp\/v2\/comments?post=14246"}],"wp:featuredmedia":[{"embeddable":true,"href":"https:\/\/www.rimocc.com\/en\/wp-json\/wp\/v2\/media\/14245"}],"wp:attachment":[{"href":"https:\/\/www.rimocc.com\/en\/wp-json\/wp\/v2\/media?parent=14246"}],"wp:term":[{"taxonomy":"product_brand","embeddable":true,"href":"https:\/\/www.rimocc.com\/en\/wp-json\/wp\/v2\/product_brand?post=14246"},{"taxonomy":"product_cat","embeddable":true,"href":"https:\/\/www.rimocc.com\/en\/wp-json\/wp\/v2\/product_cat?post=14246"},{"taxonomy":"product_tag","embeddable":true,"href":"https:\/\/www.rimocc.com\/en\/wp-json\/wp\/v2\/product_tag?post=14246"}],"curies":[{"name":"wp","href":"https:\/\/api.w.org\/{rel}","templated":true}]}}