{"id":14214,"date":"2025-02-26T18:20:26","date_gmt":"2025-02-26T17:20:26","guid":{"rendered":"https:\/\/www.rimocc.com\/?post_type=product&#038;p=14214"},"modified":"2025-03-11T11:02:44","modified_gmt":"2025-03-11T10:02:44","slug":"asba-sourdine-caisse-claire-vintage-syteme-sans-la-cale-en-v","status":"publish","type":"product","link":"https:\/\/www.rimocc.com\/en\/product\/asba-sourdine-caisse-claire-vintage-syteme-sans-la-cale-en-v\/","title":{"rendered":"Asba sourdine caisse claire vintage (syt\u00e8me sans la cale en V)"},"content":{"rendered":"<p>Asba sourdine caisse claire vintage (syt\u00e8me sans la pi\u00e8ce cale en V)<br \/>\nTr\u00e8s bon g\u00e9n\u00e9ral<\/p>\n<p><a href=\"https:\/\/www.asbadrums.com\/\">https:\/\/www.asbadrums.com\/<\/a><br \/>\n<a href=\"https:\/\/www.rimocc.com\/en\/product-category\/accessoires-batterie\/\">https:\/\/www.rimocc.com\/product-category\/accessoires-batterie\/<\/a><br \/>\n\u00ab\u00a0Le nom ASBA provient de la contraction des initiales du fondateur de la marque, Alfred, de celle de sa femme, Simone, de celle de leur nom, Boudard et de celle du mot \u00ab Accessoires \u00bb, soit Alfred et Simone Boudard Accessoires.<br \/>\nLa marque commence son activit\u00e9 en 1927 par la production d\u2019accessoires pour orchestres \u00ab\u00a0<\/p>","protected":false},"excerpt":{"rendered":"<p>Asba sourdine caisse claire vintage (syt\u00e8me sans la pi\u00e8ce cale en V) Tr\u00e8s bon g\u00e9n\u00e9ral https:\/\/www.asbadrums.com\/ https:\/\/www.rimocc.com\/product-category\/accessoires-batterie\/ \u00ab\u00a0Le nom ASBA provient de la contraction des initiales du fondateur de la marque, Alfred, de celle de sa femme, Simone, de celle de leur nom, Boudard et de celle du mot \u00ab Accessoires \u00bb, soit Alfred et [&hellip;]<\/p>\n","protected":false},"featured_media":14213,"comment_status":"open","ping_status":"closed","template":"","meta":{"jetpack_publicize_message":"","jetpack_publicize_feature_enabled":true,"jetpack_social_post_already_shared":false,"jetpack_social_options":{"image_generator_settings":{"template":"highway","default_image_id":0,"font":"","enabled":false},"version":2}},"product_brand":[],"product_cat":[22],"product_tag":[84,640,300,548,538],"class_list":{"0":"post-14214","1":"product","2":"type-product","3":"status-publish","4":"has-post-thumbnail","6":"product_cat-accessoires-batterie","7":"product_tag-asba","8":"product_tag-asba-sourdine","9":"product_tag-asba-vintage","10":"product_tag-depot-vente-lyon","11":"product_tag-magasin-de-musique-lyon","13":"entry","14":"has-media","16":"first","17":"outofstock","18":"shipping-taxable","19":"purchasable","20":"product-type-simple","21":"has-product-nav","22":"col","23":"span_1_of_3","24":"owp-content-center","25":"owp-thumbs-layout-horizontal","26":"owp-btn-normal","27":"owp-tabs-layout-horizontal"},"yoast_head":"<!-- This site is optimized with the Yoast SEO plugin v27.4 - https:\/\/yoast.com\/product\/yoast-seo-wordpress\/ -->\n<title>Asba sourdine caisse claire vintage (syt\u00e8me sans la cale en V) - D\u00e9p\u00f4t Vente Batterie Percussion | Rimocc Lyon<\/title>\n<meta name=\"description\" content=\"Sourdine Asba vintage, pi\u00e8ce rare pour collectionneurs et amateurs de son vintage. Compl\u00e9tez votre batterie Asba avec cet accessoire d&#039;\u00e9poque.\" \/>\n<meta name=\"robots\" content=\"index, follow, max-snippet:-1, max-image-preview:large, max-video-preview:-1\" \/>\n<link rel=\"canonical\" href=\"https:\/\/www.rimocc.com\/en\/product\/asba-sourdine-caisse-claire-vintage-syteme-sans-la-cale-en-v\/\" \/>\n<meta property=\"og:locale\" content=\"en_US\" \/>\n<meta property=\"og:type\" content=\"article\" \/>\n<meta property=\"og:title\" content=\"Asba sourdine caisse claire vintage (syt\u00e8me sans la cale en V) - D\u00e9p\u00f4t Vente Batterie Percussion | Rimocc Lyon\" \/>\n<meta property=\"og:description\" content=\"Sourdine Asba vintage, pi\u00e8ce rare pour collectionneurs et amateurs de son vintage. Compl\u00e9tez votre batterie Asba avec cet accessoire d&#039;\u00e9poque.\" \/>\n<meta property=\"og:url\" content=\"https:\/\/www.rimocc.com\/en\/product\/asba-sourdine-caisse-claire-vintage-syteme-sans-la-cale-en-v\/\" \/>\n<meta property=\"og:site_name\" content=\"D\u00e9p\u00f4t Vente Batterie Percussion | Rimocc Lyon\" \/>\n<meta property=\"article:publisher\" content=\"https:\/\/www.facebook.com\/rimocclyon\/?locale=fr_FR\" \/>\n<meta property=\"article:modified_time\" content=\"2025-03-11T10:02:44+00:00\" \/>\n<meta property=\"og:image\" content=\"https:\/\/www.rimocc.com\/wp-content\/uploads\/2025\/02\/Asba-sourdine-caisse-claire-vintage-syteme-sans-la-cale-en-V-2.jpg\" \/>\n\t<meta property=\"og:image:width\" content=\"1920\" \/>\n\t<meta property=\"og:image:height\" content=\"1920\" \/>\n\t<meta property=\"og:image:type\" content=\"image\/jpeg\" \/>\n<meta name=\"twitter:card\" content=\"summary_large_image\" \/>\n<meta name=\"twitter:label1\" content=\"Est. reading time\" \/>\n\t<meta name=\"twitter:data1\" content=\"1 minute\" \/>\n<script type=\"application\/ld+json\" class=\"yoast-schema-graph\">{\"@context\":\"https:\\\/\\\/schema.org\",\"@graph\":[{\"@type\":\"WebPage\",\"@id\":\"https:\\\/\\\/www.rimocc.com\\\/product\\\/asba-sourdine-caisse-claire-vintage-syteme-sans-la-cale-en-v\\\/\",\"url\":\"https:\\\/\\\/www.rimocc.com\\\/product\\\/asba-sourdine-caisse-claire-vintage-syteme-sans-la-cale-en-v\\\/\",\"name\":\"Asba sourdine caisse claire vintage (syt\u00e8me sans la cale en V) - D\u00e9p\u00f4t Vente Batterie Percussion | Rimocc Lyon\",\"isPartOf\":{\"@id\":\"https:\\\/\\\/www.rimocc.com\\\/#website\"},\"primaryImageOfPage\":{\"@id\":\"https:\\\/\\\/www.rimocc.com\\\/product\\\/asba-sourdine-caisse-claire-vintage-syteme-sans-la-cale-en-v\\\/#primaryimage\"},\"image\":{\"@id\":\"https:\\\/\\\/www.rimocc.com\\\/product\\\/asba-sourdine-caisse-claire-vintage-syteme-sans-la-cale-en-v\\\/#primaryimage\"},\"thumbnailUrl\":\"https:\\\/\\\/www.rimocc.com\\\/wp-content\\\/uploads\\\/2025\\\/02\\\/Asba-sourdine-caisse-claire-vintage-syteme-sans-la-cale-en-V-2.jpg\",\"datePublished\":\"2025-02-26T17:20:26+00:00\",\"dateModified\":\"2025-03-11T10:02:44+00:00\",\"description\":\"Sourdine Asba vintage, pi\u00e8ce rare pour collectionneurs et amateurs de son vintage. Compl\u00e9tez votre batterie Asba avec cet accessoire d'\u00e9poque.\",\"breadcrumb\":{\"@id\":\"https:\\\/\\\/www.rimocc.com\\\/product\\\/asba-sourdine-caisse-claire-vintage-syteme-sans-la-cale-en-v\\\/#breadcrumb\"},\"inLanguage\":\"en-US\",\"potentialAction\":[{\"@type\":\"ReadAction\",\"target\":[\"https:\\\/\\\/www.rimocc.com\\\/product\\\/asba-sourdine-caisse-claire-vintage-syteme-sans-la-cale-en-v\\\/\"]}]},{\"@type\":\"ImageObject\",\"inLanguage\":\"en-US\",\"@id\":\"https:\\\/\\\/www.rimocc.com\\\/product\\\/asba-sourdine-caisse-claire-vintage-syteme-sans-la-cale-en-v\\\/#primaryimage\",\"url\":\"https:\\\/\\\/www.rimocc.com\\\/wp-content\\\/uploads\\\/2025\\\/02\\\/Asba-sourdine-caisse-claire-vintage-syteme-sans-la-cale-en-V-2.jpg\",\"contentUrl\":\"https:\\\/\\\/www.rimocc.com\\\/wp-content\\\/uploads\\\/2025\\\/02\\\/Asba-sourdine-caisse-claire-vintage-syteme-sans-la-cale-en-V-2.jpg\",\"width\":1920,\"height\":1920,\"caption\":\"Asba sourdine caisse claire vintage (syt\u00e8me sans la cale en V)\"},{\"@type\":\"BreadcrumbList\",\"@id\":\"https:\\\/\\\/www.rimocc.com\\\/product\\\/asba-sourdine-caisse-claire-vintage-syteme-sans-la-cale-en-v\\\/#breadcrumb\",\"itemListElement\":[{\"@type\":\"ListItem\",\"position\":1,\"name\":\"Home\",\"item\":\"https:\\\/\\\/www.rimocc.com\\\/\"},{\"@type\":\"ListItem\",\"position\":2,\"name\":\"Shop\",\"item\":\"https:\\\/\\\/www.rimocc.com\\\/shop\\\/\"},{\"@type\":\"ListItem\",\"position\":3,\"name\":\"Asba sourdine caisse claire vintage (syt\u00e8me sans la cale en V)\"}]},{\"@type\":\"WebSite\",\"@id\":\"https:\\\/\\\/www.rimocc.com\\\/#website\",\"url\":\"https:\\\/\\\/www.rimocc.com\\\/\",\"name\":\"D\u00e9p\u00f4t Vente Batterie Percussion | Rimocc Lyon\",\"description\":\"Rimocc: l&#039;unique magasin d\u00e9di\u00e9 enti\u00e8rement \u00e0 la batterie, percussion d&#039;occasion et vintage \u00e0 Lyon, France\",\"publisher\":{\"@id\":\"https:\\\/\\\/www.rimocc.com\\\/#organization\"},\"alternateName\":\"Rimocc'\",\"potentialAction\":[{\"@type\":\"SearchAction\",\"target\":{\"@type\":\"EntryPoint\",\"urlTemplate\":\"https:\\\/\\\/www.rimocc.com\\\/?s={search_term_string}\"},\"query-input\":{\"@type\":\"PropertyValueSpecification\",\"valueRequired\":true,\"valueName\":\"search_term_string\"}}],\"inLanguage\":\"en-US\"},{\"@type\":\"Organization\",\"@id\":\"https:\\\/\\\/www.rimocc.com\\\/#organization\",\"name\":\"Rimocc'\",\"alternateName\":\"Rimocc\",\"url\":\"https:\\\/\\\/www.rimocc.com\\\/\",\"logo\":{\"@type\":\"ImageObject\",\"inLanguage\":\"en-US\",\"@id\":\"https:\\\/\\\/www.rimocc.com\\\/#\\\/schema\\\/logo\\\/image\\\/\",\"url\":\"https:\\\/\\\/i0.wp.com\\\/www.rimocc.com\\\/wp-content\\\/uploads\\\/2023\\\/07\\\/RIMOCC_LOGO.jpg?fit=459%2C114&ssl=1\",\"contentUrl\":\"https:\\\/\\\/i0.wp.com\\\/www.rimocc.com\\\/wp-content\\\/uploads\\\/2023\\\/07\\\/RIMOCC_LOGO.jpg?fit=459%2C114&ssl=1\",\"width\":459,\"height\":114,\"caption\":\"Rimocc'\"},\"image\":{\"@id\":\"https:\\\/\\\/www.rimocc.com\\\/#\\\/schema\\\/logo\\\/image\\\/\"},\"sameAs\":[\"https:\\\/\\\/www.facebook.com\\\/rimocclyon\\\/?locale=fr_FR\",\"https:\\\/\\\/www.instagram.com\\\/rimoccc\\\/?hl=fr\",\"https:\\\/\\\/www.tiktok.com\\\/@rimocc\",\"https:\\\/\\\/www.youtube.com\\\/@Rimocc\"]}]}<\/script>\n<!-- \/ Yoast SEO plugin. -->","yoast_head_json":{"title":"Asba sourdine caisse claire vintage (syt\u00e8me sans la cale en V) - D\u00e9p\u00f4t Vente Batterie Percussion | Rimocc Lyon","description":"Sourdine Asba vintage, pi\u00e8ce rare pour collectionneurs et amateurs de son vintage. Compl\u00e9tez votre batterie Asba avec cet accessoire d'\u00e9poque.","robots":{"index":"index","follow":"follow","max-snippet":"max-snippet:-1","max-image-preview":"max-image-preview:large","max-video-preview":"max-video-preview:-1"},"canonical":"https:\/\/www.rimocc.com\/en\/product\/asba-sourdine-caisse-claire-vintage-syteme-sans-la-cale-en-v\/","og_locale":"en_US","og_type":"article","og_title":"Asba sourdine caisse claire vintage (syt\u00e8me sans la cale en V) - D\u00e9p\u00f4t Vente Batterie Percussion | Rimocc Lyon","og_description":"Sourdine Asba vintage, pi\u00e8ce rare pour collectionneurs et amateurs de son vintage. Compl\u00e9tez votre batterie Asba avec cet accessoire d'\u00e9poque.","og_url":"https:\/\/www.rimocc.com\/en\/product\/asba-sourdine-caisse-claire-vintage-syteme-sans-la-cale-en-v\/","og_site_name":"D\u00e9p\u00f4t Vente Batterie Percussion | Rimocc Lyon","article_publisher":"https:\/\/www.facebook.com\/rimocclyon\/?locale=fr_FR","article_modified_time":"2025-03-11T10:02:44+00:00","og_image":[{"width":1920,"height":1920,"url":"https:\/\/www.rimocc.com\/wp-content\/uploads\/2025\/02\/Asba-sourdine-caisse-claire-vintage-syteme-sans-la-cale-en-V-2.jpg","type":"image\/jpeg"}],"twitter_card":"summary_large_image","twitter_misc":{"Est. reading time":"1 minute"},"schema":{"@context":"https:\/\/schema.org","@graph":[{"@type":"WebPage","@id":"https:\/\/www.rimocc.com\/product\/asba-sourdine-caisse-claire-vintage-syteme-sans-la-cale-en-v\/","url":"https:\/\/www.rimocc.com\/product\/asba-sourdine-caisse-claire-vintage-syteme-sans-la-cale-en-v\/","name":"Asba sourdine caisse claire vintage (syt\u00e8me sans la cale en V) - D\u00e9p\u00f4t Vente Batterie Percussion | Rimocc Lyon","isPartOf":{"@id":"https:\/\/www.rimocc.com\/#website"},"primaryImageOfPage":{"@id":"https:\/\/www.rimocc.com\/product\/asba-sourdine-caisse-claire-vintage-syteme-sans-la-cale-en-v\/#primaryimage"},"image":{"@id":"https:\/\/www.rimocc.com\/product\/asba-sourdine-caisse-claire-vintage-syteme-sans-la-cale-en-v\/#primaryimage"},"thumbnailUrl":"https:\/\/www.rimocc.com\/wp-content\/uploads\/2025\/02\/Asba-sourdine-caisse-claire-vintage-syteme-sans-la-cale-en-V-2.jpg","datePublished":"2025-02-26T17:20:26+00:00","dateModified":"2025-03-11T10:02:44+00:00","description":"Sourdine Asba vintage, pi\u00e8ce rare pour collectionneurs et amateurs de son vintage. Compl\u00e9tez votre batterie Asba avec cet accessoire d'\u00e9poque.","breadcrumb":{"@id":"https:\/\/www.rimocc.com\/product\/asba-sourdine-caisse-claire-vintage-syteme-sans-la-cale-en-v\/#breadcrumb"},"inLanguage":"en-US","potentialAction":[{"@type":"ReadAction","target":["https:\/\/www.rimocc.com\/product\/asba-sourdine-caisse-claire-vintage-syteme-sans-la-cale-en-v\/"]}]},{"@type":"ImageObject","inLanguage":"en-US","@id":"https:\/\/www.rimocc.com\/product\/asba-sourdine-caisse-claire-vintage-syteme-sans-la-cale-en-v\/#primaryimage","url":"https:\/\/www.rimocc.com\/wp-content\/uploads\/2025\/02\/Asba-sourdine-caisse-claire-vintage-syteme-sans-la-cale-en-V-2.jpg","contentUrl":"https:\/\/www.rimocc.com\/wp-content\/uploads\/2025\/02\/Asba-sourdine-caisse-claire-vintage-syteme-sans-la-cale-en-V-2.jpg","width":1920,"height":1920,"caption":"Asba sourdine caisse claire vintage (syt\u00e8me sans la cale en V)"},{"@type":"BreadcrumbList","@id":"https:\/\/www.rimocc.com\/product\/asba-sourdine-caisse-claire-vintage-syteme-sans-la-cale-en-v\/#breadcrumb","itemListElement":[{"@type":"ListItem","position":1,"name":"Home","item":"https:\/\/www.rimocc.com\/"},{"@type":"ListItem","position":2,"name":"Shop","item":"https:\/\/www.rimocc.com\/shop\/"},{"@type":"ListItem","position":3,"name":"Asba sourdine caisse claire vintage (syt\u00e8me sans la cale en V)"}]},{"@type":"WebSite","@id":"https:\/\/www.rimocc.com\/#website","url":"https:\/\/www.rimocc.com\/","name":"D\u00e9p\u00f4t Vente Batterie Percussion | Rimocc Lyon","description":"Rimocc: l&#039;unique magasin d\u00e9di\u00e9 enti\u00e8rement \u00e0 la batterie, percussion d&#039;occasion et vintage \u00e0 Lyon, France","publisher":{"@id":"https:\/\/www.rimocc.com\/#organization"},"alternateName":"Rimocc'","potentialAction":[{"@type":"SearchAction","target":{"@type":"EntryPoint","urlTemplate":"https:\/\/www.rimocc.com\/?s={search_term_string}"},"query-input":{"@type":"PropertyValueSpecification","valueRequired":true,"valueName":"search_term_string"}}],"inLanguage":"en-US"},{"@type":"Organization","@id":"https:\/\/www.rimocc.com\/#organization","name":"Rimocc'","alternateName":"Rimocc","url":"https:\/\/www.rimocc.com\/","logo":{"@type":"ImageObject","inLanguage":"en-US","@id":"https:\/\/www.rimocc.com\/#\/schema\/logo\/image\/","url":"https:\/\/i0.wp.com\/www.rimocc.com\/wp-content\/uploads\/2023\/07\/RIMOCC_LOGO.jpg?fit=459%2C114&ssl=1","contentUrl":"https:\/\/i0.wp.com\/www.rimocc.com\/wp-content\/uploads\/2023\/07\/RIMOCC_LOGO.jpg?fit=459%2C114&ssl=1","width":459,"height":114,"caption":"Rimocc'"},"image":{"@id":"https:\/\/www.rimocc.com\/#\/schema\/logo\/image\/"},"sameAs":["https:\/\/www.facebook.com\/rimocclyon\/?locale=fr_FR","https:\/\/www.instagram.com\/rimoccc\/?hl=fr","https:\/\/www.tiktok.com\/@rimocc","https:\/\/www.youtube.com\/@Rimocc"]}]}},"jetpack_publicize_connections":[],"jetpack_sharing_enabled":true,"_links":{"self":[{"href":"https:\/\/www.rimocc.com\/en\/wp-json\/wp\/v2\/product\/14214","targetHints":{"allow":["GET"]}}],"collection":[{"href":"https:\/\/www.rimocc.com\/en\/wp-json\/wp\/v2\/product"}],"about":[{"href":"https:\/\/www.rimocc.com\/en\/wp-json\/wp\/v2\/types\/product"}],"replies":[{"embeddable":true,"href":"https:\/\/www.rimocc.com\/en\/wp-json\/wp\/v2\/comments?post=14214"}],"wp:featuredmedia":[{"embeddable":true,"href":"https:\/\/www.rimocc.com\/en\/wp-json\/wp\/v2\/media\/14213"}],"wp:attachment":[{"href":"https:\/\/www.rimocc.com\/en\/wp-json\/wp\/v2\/media?parent=14214"}],"wp:term":[{"taxonomy":"product_brand","embeddable":true,"href":"https:\/\/www.rimocc.com\/en\/wp-json\/wp\/v2\/product_brand?post=14214"},{"taxonomy":"product_cat","embeddable":true,"href":"https:\/\/www.rimocc.com\/en\/wp-json\/wp\/v2\/product_cat?post=14214"},{"taxonomy":"product_tag","embeddable":true,"href":"https:\/\/www.rimocc.com\/en\/wp-json\/wp\/v2\/product_tag?post=14214"}],"curies":[{"name":"wp","href":"https:\/\/api.w.org\/{rel}","templated":true}]}}