{"id":14110,"date":"2025-02-08T19:28:41","date_gmt":"2025-02-08T18:28:41","guid":{"rendered":"https:\/\/www.rimocc.com\/?post_type=product&#038;p=14110"},"modified":"2025-03-11T21:44:22","modified_gmt":"2025-03-11T20:44:22","slug":"istanbul-mehmet-20-turk-ride-sizzle-rivetee-x3","status":"publish","type":"product","link":"https:\/\/www.rimocc.com\/en\/product\/istanbul-mehmet-20-turk-ride-sizzle-rivetee-x3\/","title":{"rendered":"Istanbul Mehmet 20&Prime; Turk Ride Sizzle (rivet\u00e9e X3)"},"content":{"rendered":"<p>Tr\u00e8s bon \u00e9tat g\u00e9n\u00e9ral<br \/>\n2 rivets install\u00e9s , un 3\u00e8me libre<br \/>\n2570grs<\/p>\n<p><span class=\"HwtZe\" lang=\"fr\"><span class=\"jCAhz ChMk0b\"><span class=\"ryNqvb\">La marque Istanbul a \u00e9t\u00e9 fond\u00e9e par deux fabricants de cymbales, Mehmet Tamdeger et Agop Tomurcuk.<\/span><\/span> <span class=\"jCAhz ChMk0b\"><span class=\"ryNqvb\">\u00c0 cette \u00e9poque, ils avaient plus de trois d\u00e9cennies d\u2019exp\u00e9rience dans la fabrication de cymbales.<\/span><\/span> <span class=\"jCAhz ChMk0b\"><span class=\"ryNqvb\">Mehmet et Agop ont nomm\u00e9 leur entreprise d&rsquo;apr\u00e8s la ville qui abrite depuis de tr\u00e8s nombreuses ann\u00e9es l&rsquo;incarnation des cymbales de haute qualit\u00e9 : Istanbul.<\/span><\/span> <span class=\"jCAhz ChMk0b\"><span class=\"ryNqvb\">Ces cymbales ont d\u2019abord \u00e9t\u00e9 export\u00e9es aux \u00c9tats-Unis.<\/span><\/span> <span class=\"jCAhz ChMk0b\"><span class=\"ryNqvb\">en 1984, d\u2019abord sous le nom de \u00ab Zildjiler \u00bb, puis peu apr\u00e8s sous le nom de \u00ab Istanbul \u00bb.<\/span><span class=\"jCAhz ChMk0b\"><span class=\"ryNqvb\">Les deux artisans ont sign\u00e9 chaque cymbale et beaucoup de ces cymbales sont d\u00e9sormais des objets de collection.<br class=\"yoast-text-mark\" \/><br class=\"yoast-text-mark\" \/>Mehmet Tamde\u011fer a appris son art aupr\u00e8s de Mikhail Zilcan, le petit-fils de Kerope Zilcan, qui a donn\u00e9 son nom \u00e0 la s\u00e9rie Zilcan K. Dans les ann\u00e9es 1950, il a travaill\u00e9 dans l&rsquo;usine K. Zilcan \u00e0 Istanbul. \u00c0 l&rsquo;\u00e2ge de neuf ans, Mehmet Tamde\u011fer a commenc\u00e9 \u00e0 travailler pour Mikhail Zilcan, le petit-fils de Kerope Zilcan. Mikhail Zilcan et Kirkor K\u00fc\u00e7\u00fckyan lui ont enseign\u00e9 tous les aspects de cet art turc ancien, bas\u00e9 sur une histoire qui remonte au d\u00e9but du XVIIe si\u00e8cle.<br \/>\n<\/span><\/span><\/span><\/span><\/p>\n<p><a href=\"https:\/\/www.istanbulmehmet.com\/\">https:\/\/www.istanbulmehmet.com\/<\/a><\/p>\n<p><a href=\"https:\/\/www.rimocc.com\/en\/product-category\/cymbales\/\">https:\/\/www.rimocc.com\/product-category\/cymbales\/<\/a><\/p>","protected":false},"excerpt":{"rendered":"<p>Tr\u00e8s bon \u00e9tat g\u00e9n\u00e9ral 2 rivets install\u00e9s , un 3\u00e8me libre 2570grs La marque Istanbul a \u00e9t\u00e9 fond\u00e9e par deux fabricants de cymbales, Mehmet Tamdeger et Agop Tomurcuk. \u00c0 cette \u00e9poque, ils avaient plus de trois d\u00e9cennies d\u2019exp\u00e9rience dans la fabrication de cymbales. Mehmet et Agop ont nomm\u00e9 leur entreprise d&rsquo;apr\u00e8s la ville qui abrite [&hellip;]<\/p>\n","protected":false},"featured_media":14109,"comment_status":"open","ping_status":"closed","template":"","meta":{"jetpack_publicize_message":"","jetpack_publicize_feature_enabled":true,"jetpack_social_post_already_shared":false,"jetpack_social_options":{"image_generator_settings":{"template":"highway","default_image_id":0,"font":"","enabled":false},"version":2}},"product_brand":[],"product_cat":[24],"product_tag":[548,200,562,538],"class_list":{"0":"post-14110","1":"product","2":"type-product","3":"status-publish","4":"has-post-thumbnail","6":"product_cat-cymbales","7":"product_tag-depot-vente-lyon","8":"product_tag-istanbul","9":"product_tag-istanbul-mehmet","10":"product_tag-magasin-de-musique-lyon","12":"entry","13":"has-media","15":"first","16":"outofstock","17":"shipping-taxable","18":"purchasable","19":"product-type-simple","20":"has-product-nav","21":"col","22":"span_1_of_3","23":"owp-content-center","24":"owp-thumbs-layout-horizontal","25":"owp-btn-normal","26":"owp-tabs-layout-horizontal"},"yoast_head":"<!-- This site is optimized with the Yoast SEO plugin v27.4 - https:\/\/yoast.com\/product\/yoast-seo-wordpress\/ -->\n<title>Istanbul Mehmet 20&quot; Turk Ride<\/title>\n<meta name=\"description\" content=\"La cymbale Istanbul Mehmet 20&quot; Turk Ride est une cymbale de haute qualit\u00e9, fabriqu\u00e9e en Turquie. Elle est appr\u00e9ci\u00e9e pour sa sonorit\u00e9 chaude et riche\" \/>\n<meta name=\"robots\" content=\"index, follow, max-snippet:-1, max-image-preview:large, max-video-preview:-1\" \/>\n<link rel=\"canonical\" href=\"https:\/\/www.rimocc.com\/en\/product\/istanbul-mehmet-20-turk-ride-sizzle-rivetee-x3\/\" \/>\n<meta property=\"og:locale\" content=\"en_US\" \/>\n<meta property=\"og:type\" content=\"article\" \/>\n<meta property=\"og:title\" content=\"Istanbul Mehmet 20&quot; Turk Ride\" \/>\n<meta property=\"og:description\" content=\"La cymbale Istanbul Mehmet 20&quot; Turk Ride est une cymbale de haute qualit\u00e9, fabriqu\u00e9e en Turquie. Elle est appr\u00e9ci\u00e9e pour sa sonorit\u00e9 chaude et riche\" \/>\n<meta property=\"og:url\" content=\"https:\/\/www.rimocc.com\/en\/product\/istanbul-mehmet-20-turk-ride-sizzle-rivetee-x3\/\" \/>\n<meta property=\"og:site_name\" content=\"D\u00e9p\u00f4t Vente Batterie Percussion | Rimocc Lyon\" \/>\n<meta property=\"article:publisher\" content=\"https:\/\/www.facebook.com\/rimocclyon\/?locale=fr_FR\" \/>\n<meta property=\"article:modified_time\" content=\"2025-03-11T20:44:22+00:00\" \/>\n<meta property=\"og:image\" content=\"https:\/\/www.rimocc.com\/wp-content\/uploads\/2025\/02\/Istanbul-Mehmet-20_-Turk-Ride-Sizzle-rivetee-X3-1-1024x1024.jpg\" \/>\n\t<meta property=\"og:image:width\" content=\"1024\" \/>\n\t<meta property=\"og:image:height\" content=\"1024\" \/>\n\t<meta property=\"og:image:type\" content=\"image\/jpeg\" \/>\n<meta name=\"twitter:card\" content=\"summary_large_image\" \/>\n<meta name=\"twitter:label1\" content=\"Est. reading time\" \/>\n\t<meta name=\"twitter:data1\" content=\"2 minutes\" \/>\n<script type=\"application\/ld+json\" class=\"yoast-schema-graph\">{\"@context\":\"https:\\\/\\\/schema.org\",\"@graph\":[{\"@type\":\"WebPage\",\"@id\":\"https:\\\/\\\/www.rimocc.com\\\/product\\\/istanbul-mehmet-20-turk-ride-sizzle-rivetee-x3\\\/\",\"url\":\"https:\\\/\\\/www.rimocc.com\\\/product\\\/istanbul-mehmet-20-turk-ride-sizzle-rivetee-x3\\\/\",\"name\":\"Istanbul Mehmet 20\\\" Turk Ride\",\"isPartOf\":{\"@id\":\"https:\\\/\\\/www.rimocc.com\\\/#website\"},\"primaryImageOfPage\":{\"@id\":\"https:\\\/\\\/www.rimocc.com\\\/product\\\/istanbul-mehmet-20-turk-ride-sizzle-rivetee-x3\\\/#primaryimage\"},\"image\":{\"@id\":\"https:\\\/\\\/www.rimocc.com\\\/product\\\/istanbul-mehmet-20-turk-ride-sizzle-rivetee-x3\\\/#primaryimage\"},\"thumbnailUrl\":\"https:\\\/\\\/www.rimocc.com\\\/wp-content\\\/uploads\\\/2025\\\/02\\\/Istanbul-Mehmet-20_-Turk-Ride-Sizzle-rivetee-X3-1.jpg\",\"datePublished\":\"2025-02-08T18:28:41+00:00\",\"dateModified\":\"2025-03-11T20:44:22+00:00\",\"description\":\"La cymbale Istanbul Mehmet 20\\\" Turk Ride est une cymbale de haute qualit\u00e9, fabriqu\u00e9e en Turquie. Elle est appr\u00e9ci\u00e9e pour sa sonorit\u00e9 chaude et riche\",\"breadcrumb\":{\"@id\":\"https:\\\/\\\/www.rimocc.com\\\/product\\\/istanbul-mehmet-20-turk-ride-sizzle-rivetee-x3\\\/#breadcrumb\"},\"inLanguage\":\"en-US\",\"potentialAction\":[{\"@type\":\"ReadAction\",\"target\":[\"https:\\\/\\\/www.rimocc.com\\\/product\\\/istanbul-mehmet-20-turk-ride-sizzle-rivetee-x3\\\/\"]}]},{\"@type\":\"ImageObject\",\"inLanguage\":\"en-US\",\"@id\":\"https:\\\/\\\/www.rimocc.com\\\/product\\\/istanbul-mehmet-20-turk-ride-sizzle-rivetee-x3\\\/#primaryimage\",\"url\":\"https:\\\/\\\/www.rimocc.com\\\/wp-content\\\/uploads\\\/2025\\\/02\\\/Istanbul-Mehmet-20_-Turk-Ride-Sizzle-rivetee-X3-1.jpg\",\"contentUrl\":\"https:\\\/\\\/www.rimocc.com\\\/wp-content\\\/uploads\\\/2025\\\/02\\\/Istanbul-Mehmet-20_-Turk-Ride-Sizzle-rivetee-X3-1.jpg\",\"width\":1920,\"height\":1920,\"caption\":\"Istanbul Mehmet 20\\\" Turk Ride Sizzle (rivet\u00e9e X3)\"},{\"@type\":\"BreadcrumbList\",\"@id\":\"https:\\\/\\\/www.rimocc.com\\\/product\\\/istanbul-mehmet-20-turk-ride-sizzle-rivetee-x3\\\/#breadcrumb\",\"itemListElement\":[{\"@type\":\"ListItem\",\"position\":1,\"name\":\"Home\",\"item\":\"https:\\\/\\\/www.rimocc.com\\\/\"},{\"@type\":\"ListItem\",\"position\":2,\"name\":\"Shop\",\"item\":\"https:\\\/\\\/www.rimocc.com\\\/shop\\\/\"},{\"@type\":\"ListItem\",\"position\":3,\"name\":\"Istanbul Mehmet 20&Prime; Turk Ride Sizzle (rivet\u00e9e X3)\"}]},{\"@type\":\"WebSite\",\"@id\":\"https:\\\/\\\/www.rimocc.com\\\/#website\",\"url\":\"https:\\\/\\\/www.rimocc.com\\\/\",\"name\":\"D\u00e9p\u00f4t Vente Batterie Percussion | Rimocc Lyon\",\"description\":\"Rimocc: l&#039;unique magasin d\u00e9di\u00e9 enti\u00e8rement \u00e0 la batterie, percussion d&#039;occasion et vintage \u00e0 Lyon, France\",\"publisher\":{\"@id\":\"https:\\\/\\\/www.rimocc.com\\\/#organization\"},\"alternateName\":\"Rimocc'\",\"potentialAction\":[{\"@type\":\"SearchAction\",\"target\":{\"@type\":\"EntryPoint\",\"urlTemplate\":\"https:\\\/\\\/www.rimocc.com\\\/?s={search_term_string}\"},\"query-input\":{\"@type\":\"PropertyValueSpecification\",\"valueRequired\":true,\"valueName\":\"search_term_string\"}}],\"inLanguage\":\"en-US\"},{\"@type\":\"Organization\",\"@id\":\"https:\\\/\\\/www.rimocc.com\\\/#organization\",\"name\":\"Rimocc'\",\"alternateName\":\"Rimocc\",\"url\":\"https:\\\/\\\/www.rimocc.com\\\/\",\"logo\":{\"@type\":\"ImageObject\",\"inLanguage\":\"en-US\",\"@id\":\"https:\\\/\\\/www.rimocc.com\\\/#\\\/schema\\\/logo\\\/image\\\/\",\"url\":\"https:\\\/\\\/i0.wp.com\\\/www.rimocc.com\\\/wp-content\\\/uploads\\\/2023\\\/07\\\/RIMOCC_LOGO.jpg?fit=459%2C114&ssl=1\",\"contentUrl\":\"https:\\\/\\\/i0.wp.com\\\/www.rimocc.com\\\/wp-content\\\/uploads\\\/2023\\\/07\\\/RIMOCC_LOGO.jpg?fit=459%2C114&ssl=1\",\"width\":459,\"height\":114,\"caption\":\"Rimocc'\"},\"image\":{\"@id\":\"https:\\\/\\\/www.rimocc.com\\\/#\\\/schema\\\/logo\\\/image\\\/\"},\"sameAs\":[\"https:\\\/\\\/www.facebook.com\\\/rimocclyon\\\/?locale=fr_FR\",\"https:\\\/\\\/www.instagram.com\\\/rimoccc\\\/?hl=fr\",\"https:\\\/\\\/www.tiktok.com\\\/@rimocc\",\"https:\\\/\\\/www.youtube.com\\\/@Rimocc\"]}]}<\/script>\n<!-- \/ Yoast SEO plugin. -->","yoast_head_json":{"title":"Istanbul Mehmet 20\" Turk Ride","description":"La cymbale Istanbul Mehmet 20\" Turk Ride est une cymbale de haute qualit\u00e9, fabriqu\u00e9e en Turquie. Elle est appr\u00e9ci\u00e9e pour sa sonorit\u00e9 chaude et riche","robots":{"index":"index","follow":"follow","max-snippet":"max-snippet:-1","max-image-preview":"max-image-preview:large","max-video-preview":"max-video-preview:-1"},"canonical":"https:\/\/www.rimocc.com\/en\/product\/istanbul-mehmet-20-turk-ride-sizzle-rivetee-x3\/","og_locale":"en_US","og_type":"article","og_title":"Istanbul Mehmet 20\" Turk Ride","og_description":"La cymbale Istanbul Mehmet 20\" Turk Ride est une cymbale de haute qualit\u00e9, fabriqu\u00e9e en Turquie. Elle est appr\u00e9ci\u00e9e pour sa sonorit\u00e9 chaude et riche","og_url":"https:\/\/www.rimocc.com\/en\/product\/istanbul-mehmet-20-turk-ride-sizzle-rivetee-x3\/","og_site_name":"D\u00e9p\u00f4t Vente Batterie Percussion | Rimocc Lyon","article_publisher":"https:\/\/www.facebook.com\/rimocclyon\/?locale=fr_FR","article_modified_time":"2025-03-11T20:44:22+00:00","og_image":[{"width":1024,"height":1024,"url":"https:\/\/www.rimocc.com\/wp-content\/uploads\/2025\/02\/Istanbul-Mehmet-20_-Turk-Ride-Sizzle-rivetee-X3-1-1024x1024.jpg","type":"image\/jpeg"}],"twitter_card":"summary_large_image","twitter_misc":{"Est. reading time":"2 minutes"},"schema":{"@context":"https:\/\/schema.org","@graph":[{"@type":"WebPage","@id":"https:\/\/www.rimocc.com\/product\/istanbul-mehmet-20-turk-ride-sizzle-rivetee-x3\/","url":"https:\/\/www.rimocc.com\/product\/istanbul-mehmet-20-turk-ride-sizzle-rivetee-x3\/","name":"Istanbul Mehmet 20\" Turk Ride","isPartOf":{"@id":"https:\/\/www.rimocc.com\/#website"},"primaryImageOfPage":{"@id":"https:\/\/www.rimocc.com\/product\/istanbul-mehmet-20-turk-ride-sizzle-rivetee-x3\/#primaryimage"},"image":{"@id":"https:\/\/www.rimocc.com\/product\/istanbul-mehmet-20-turk-ride-sizzle-rivetee-x3\/#primaryimage"},"thumbnailUrl":"https:\/\/www.rimocc.com\/wp-content\/uploads\/2025\/02\/Istanbul-Mehmet-20_-Turk-Ride-Sizzle-rivetee-X3-1.jpg","datePublished":"2025-02-08T18:28:41+00:00","dateModified":"2025-03-11T20:44:22+00:00","description":"La cymbale Istanbul Mehmet 20\" Turk Ride est une cymbale de haute qualit\u00e9, fabriqu\u00e9e en Turquie. Elle est appr\u00e9ci\u00e9e pour sa sonorit\u00e9 chaude et riche","breadcrumb":{"@id":"https:\/\/www.rimocc.com\/product\/istanbul-mehmet-20-turk-ride-sizzle-rivetee-x3\/#breadcrumb"},"inLanguage":"en-US","potentialAction":[{"@type":"ReadAction","target":["https:\/\/www.rimocc.com\/product\/istanbul-mehmet-20-turk-ride-sizzle-rivetee-x3\/"]}]},{"@type":"ImageObject","inLanguage":"en-US","@id":"https:\/\/www.rimocc.com\/product\/istanbul-mehmet-20-turk-ride-sizzle-rivetee-x3\/#primaryimage","url":"https:\/\/www.rimocc.com\/wp-content\/uploads\/2025\/02\/Istanbul-Mehmet-20_-Turk-Ride-Sizzle-rivetee-X3-1.jpg","contentUrl":"https:\/\/www.rimocc.com\/wp-content\/uploads\/2025\/02\/Istanbul-Mehmet-20_-Turk-Ride-Sizzle-rivetee-X3-1.jpg","width":1920,"height":1920,"caption":"Istanbul Mehmet 20\" Turk Ride Sizzle (rivet\u00e9e X3)"},{"@type":"BreadcrumbList","@id":"https:\/\/www.rimocc.com\/product\/istanbul-mehmet-20-turk-ride-sizzle-rivetee-x3\/#breadcrumb","itemListElement":[{"@type":"ListItem","position":1,"name":"Home","item":"https:\/\/www.rimocc.com\/"},{"@type":"ListItem","position":2,"name":"Shop","item":"https:\/\/www.rimocc.com\/shop\/"},{"@type":"ListItem","position":3,"name":"Istanbul Mehmet 20&Prime; Turk Ride Sizzle (rivet\u00e9e X3)"}]},{"@type":"WebSite","@id":"https:\/\/www.rimocc.com\/#website","url":"https:\/\/www.rimocc.com\/","name":"D\u00e9p\u00f4t Vente Batterie Percussion | Rimocc Lyon","description":"Rimocc: l&#039;unique magasin d\u00e9di\u00e9 enti\u00e8rement \u00e0 la batterie, percussion d&#039;occasion et vintage \u00e0 Lyon, France","publisher":{"@id":"https:\/\/www.rimocc.com\/#organization"},"alternateName":"Rimocc'","potentialAction":[{"@type":"SearchAction","target":{"@type":"EntryPoint","urlTemplate":"https:\/\/www.rimocc.com\/?s={search_term_string}"},"query-input":{"@type":"PropertyValueSpecification","valueRequired":true,"valueName":"search_term_string"}}],"inLanguage":"en-US"},{"@type":"Organization","@id":"https:\/\/www.rimocc.com\/#organization","name":"Rimocc'","alternateName":"Rimocc","url":"https:\/\/www.rimocc.com\/","logo":{"@type":"ImageObject","inLanguage":"en-US","@id":"https:\/\/www.rimocc.com\/#\/schema\/logo\/image\/","url":"https:\/\/i0.wp.com\/www.rimocc.com\/wp-content\/uploads\/2023\/07\/RIMOCC_LOGO.jpg?fit=459%2C114&ssl=1","contentUrl":"https:\/\/i0.wp.com\/www.rimocc.com\/wp-content\/uploads\/2023\/07\/RIMOCC_LOGO.jpg?fit=459%2C114&ssl=1","width":459,"height":114,"caption":"Rimocc'"},"image":{"@id":"https:\/\/www.rimocc.com\/#\/schema\/logo\/image\/"},"sameAs":["https:\/\/www.facebook.com\/rimocclyon\/?locale=fr_FR","https:\/\/www.instagram.com\/rimoccc\/?hl=fr","https:\/\/www.tiktok.com\/@rimocc","https:\/\/www.youtube.com\/@Rimocc"]}]}},"jetpack_publicize_connections":[],"jetpack_sharing_enabled":true,"_links":{"self":[{"href":"https:\/\/www.rimocc.com\/en\/wp-json\/wp\/v2\/product\/14110","targetHints":{"allow":["GET"]}}],"collection":[{"href":"https:\/\/www.rimocc.com\/en\/wp-json\/wp\/v2\/product"}],"about":[{"href":"https:\/\/www.rimocc.com\/en\/wp-json\/wp\/v2\/types\/product"}],"replies":[{"embeddable":true,"href":"https:\/\/www.rimocc.com\/en\/wp-json\/wp\/v2\/comments?post=14110"}],"wp:featuredmedia":[{"embeddable":true,"href":"https:\/\/www.rimocc.com\/en\/wp-json\/wp\/v2\/media\/14109"}],"wp:attachment":[{"href":"https:\/\/www.rimocc.com\/en\/wp-json\/wp\/v2\/media?parent=14110"}],"wp:term":[{"taxonomy":"product_brand","embeddable":true,"href":"https:\/\/www.rimocc.com\/en\/wp-json\/wp\/v2\/product_brand?post=14110"},{"taxonomy":"product_cat","embeddable":true,"href":"https:\/\/www.rimocc.com\/en\/wp-json\/wp\/v2\/product_cat?post=14110"},{"taxonomy":"product_tag","embeddable":true,"href":"https:\/\/www.rimocc.com\/en\/wp-json\/wp\/v2\/product_tag?post=14110"}],"curies":[{"name":"wp","href":"https:\/\/api.w.org\/{rel}","templated":true}]}}