{"id":14096,"date":"2025-02-08T11:56:00","date_gmt":"2025-02-08T10:56:00","guid":{"rendered":"https:\/\/www.rimocc.com\/?post_type=product&#038;p=14096"},"modified":"2025-02-18T20:43:18","modified_gmt":"2025-02-18T19:43:18","slug":"pearl-s1030-pied-de-caisse-claire","status":"publish","type":"product","link":"https:\/\/www.rimocc.com\/en\/product\/pearl-s1030-pied-de-caisse-claire\/","title":{"rendered":"Pearl S1030 Pied de caisse claire"},"content":{"rendered":"<p>Etat proche du neuf<br \/>\n\u00ab\u00a0R\u00e9glage de l&rsquo;angle du panier \u00e0 360\u00b0 gr\u00e2ce au tilter Gyro-Lock. Embouts caoutchouc AirSuspension pour une r\u00e9sonance accr\u00fbe. Nouvelle vis papillon pour un ajustement facile du panier et base \u00ab\u00a0Trident\u00a0\u00bb pour une dur\u00e9e de vie optimale.<br \/>\nDiam\u00e8tres accept\u00e9s : 10&Prime;-16&Prime;<br \/>\nHauteur : 47-66cm \u00ab\u00a0<\/p>","protected":false},"excerpt":{"rendered":"<p>Etat proche du neuf \u00ab\u00a0R\u00e9glage de l&rsquo;angle du panier \u00e0 360\u00b0 gr\u00e2ce au tilter Gyro-Lock. Embouts caoutchouc AirSuspension pour une r\u00e9sonance accr\u00fbe. Nouvelle vis papillon pour un ajustement facile du panier et base \u00ab\u00a0Trident\u00a0\u00bb pour une dur\u00e9e de vie optimale. Diam\u00e8tres accept\u00e9s : 10&Prime;-16&Prime; Hauteur : 47-66cm \u00ab\u00a0<\/p>","protected":false},"featured_media":14095,"comment_status":"open","ping_status":"closed","template":"","meta":{"jetpack_publicize_message":"","jetpack_publicize_feature_enabled":true,"jetpack_social_post_already_shared":false,"jetpack_social_options":{"image_generator_settings":{"template":"highway","default_image_id":0,"font":"","enabled":false},"version":2}},"product_brand":[],"product_cat":[17],"product_tag":[548,107,538,124],"class_list":{"0":"post-14096","1":"product","2":"type-product","3":"status-publish","4":"has-post-thumbnail","6":"product_cat-hardware","7":"product_tag-depot-vente-lyon","8":"product_tag-hardware","9":"product_tag-magasin-de-musique-lyon","10":"product_tag-pearl","12":"entry","13":"has-media","15":"first","16":"outofstock","17":"shipping-taxable","18":"purchasable","19":"product-type-simple","20":"has-product-nav","21":"col","22":"span_1_of_3","23":"owp-content-center","24":"owp-thumbs-layout-horizontal","25":"owp-btn-normal","26":"owp-tabs-layout-horizontal"},"yoast_head":"<!-- This site is optimized with the Yoast SEO plugin v27.4 - https:\/\/yoast.com\/product\/yoast-seo-wordpress\/ -->\n<title>Pearl S1030<\/title>\n<meta name=\"description\" content=\"Le Pearl S1030 est un stand de caisse claire de haute qualit\u00e9, con\u00e7u pour les batteurs \u00e0 la recherche de stabilit\u00e9 et de flexibilit\u00e9. Il est dot\u00e9 de nombreuses caract\u00e9ristiques qui en font un choix populaire aupr\u00e8s des professionnels et des amateurs \u00e9clair\u00e9s.\" \/>\n<meta name=\"robots\" content=\"index, follow, max-snippet:-1, max-image-preview:large, max-video-preview:-1\" \/>\n<link rel=\"canonical\" href=\"https:\/\/www.rimocc.com\/en\/product\/pearl-s1030-pied-de-caisse-claire\/\" \/>\n<meta property=\"og:locale\" content=\"en_US\" \/>\n<meta property=\"og:type\" content=\"article\" \/>\n<meta property=\"og:title\" content=\"Pearl S1030\" \/>\n<meta property=\"og:description\" content=\"Le Pearl S1030 est un stand de caisse claire de haute qualit\u00e9, con\u00e7u pour les batteurs \u00e0 la recherche de stabilit\u00e9 et de flexibilit\u00e9. Il est dot\u00e9 de nombreuses caract\u00e9ristiques qui en font un choix populaire aupr\u00e8s des professionnels et des amateurs \u00e9clair\u00e9s.\" \/>\n<meta property=\"og:url\" content=\"https:\/\/www.rimocc.com\/en\/product\/pearl-s1030-pied-de-caisse-claire\/\" \/>\n<meta property=\"og:site_name\" content=\"D\u00e9p\u00f4t Vente Batterie Percussion | Rimocc Lyon\" \/>\n<meta property=\"article:publisher\" content=\"https:\/\/www.facebook.com\/rimocclyon\/?locale=fr_FR\" \/>\n<meta property=\"article:modified_time\" content=\"2025-02-18T19:43:18+00:00\" \/>\n<meta property=\"og:image\" content=\"https:\/\/www.rimocc.com\/wp-content\/uploads\/2025\/02\/Pearl-S1030-Pied-de-caisse-claire-1.jpg\" \/>\n\t<meta property=\"og:image:width\" content=\"1920\" \/>\n\t<meta property=\"og:image:height\" content=\"1920\" \/>\n\t<meta property=\"og:image:type\" content=\"image\/jpeg\" \/>\n<meta name=\"twitter:card\" content=\"summary_large_image\" \/>\n<meta name=\"twitter:label1\" content=\"Est. reading time\" \/>\n\t<meta name=\"twitter:data1\" content=\"1 minute\" \/>\n<script type=\"application\/ld+json\" class=\"yoast-schema-graph\">{\"@context\":\"https:\\\/\\\/schema.org\",\"@graph\":[{\"@type\":\"WebPage\",\"@id\":\"https:\\\/\\\/www.rimocc.com\\\/product\\\/pearl-s1030-pied-de-caisse-claire\\\/\",\"url\":\"https:\\\/\\\/www.rimocc.com\\\/product\\\/pearl-s1030-pied-de-caisse-claire\\\/\",\"name\":\"Pearl S1030\",\"isPartOf\":{\"@id\":\"https:\\\/\\\/www.rimocc.com\\\/#website\"},\"primaryImageOfPage\":{\"@id\":\"https:\\\/\\\/www.rimocc.com\\\/product\\\/pearl-s1030-pied-de-caisse-claire\\\/#primaryimage\"},\"image\":{\"@id\":\"https:\\\/\\\/www.rimocc.com\\\/product\\\/pearl-s1030-pied-de-caisse-claire\\\/#primaryimage\"},\"thumbnailUrl\":\"https:\\\/\\\/www.rimocc.com\\\/wp-content\\\/uploads\\\/2025\\\/02\\\/Pearl-S1030-Pied-de-caisse-claire-1.jpg\",\"datePublished\":\"2025-02-08T10:56:00+00:00\",\"dateModified\":\"2025-02-18T19:43:18+00:00\",\"description\":\"Le Pearl S1030 est un stand de caisse claire de haute qualit\u00e9, con\u00e7u pour les batteurs \u00e0 la recherche de stabilit\u00e9 et de flexibilit\u00e9. Il est dot\u00e9 de nombreuses caract\u00e9ristiques qui en font un choix populaire aupr\u00e8s des professionnels et des amateurs \u00e9clair\u00e9s.\",\"breadcrumb\":{\"@id\":\"https:\\\/\\\/www.rimocc.com\\\/product\\\/pearl-s1030-pied-de-caisse-claire\\\/#breadcrumb\"},\"inLanguage\":\"en-US\",\"potentialAction\":[{\"@type\":\"ReadAction\",\"target\":[\"https:\\\/\\\/www.rimocc.com\\\/product\\\/pearl-s1030-pied-de-caisse-claire\\\/\"]}]},{\"@type\":\"ImageObject\",\"inLanguage\":\"en-US\",\"@id\":\"https:\\\/\\\/www.rimocc.com\\\/product\\\/pearl-s1030-pied-de-caisse-claire\\\/#primaryimage\",\"url\":\"https:\\\/\\\/www.rimocc.com\\\/wp-content\\\/uploads\\\/2025\\\/02\\\/Pearl-S1030-Pied-de-caisse-claire-1.jpg\",\"contentUrl\":\"https:\\\/\\\/www.rimocc.com\\\/wp-content\\\/uploads\\\/2025\\\/02\\\/Pearl-S1030-Pied-de-caisse-claire-1.jpg\",\"width\":1920,\"height\":1920,\"caption\":\"Pearl S1030 Pied de caisse claire\"},{\"@type\":\"BreadcrumbList\",\"@id\":\"https:\\\/\\\/www.rimocc.com\\\/product\\\/pearl-s1030-pied-de-caisse-claire\\\/#breadcrumb\",\"itemListElement\":[{\"@type\":\"ListItem\",\"position\":1,\"name\":\"Home\",\"item\":\"https:\\\/\\\/www.rimocc.com\\\/\"},{\"@type\":\"ListItem\",\"position\":2,\"name\":\"Shop\",\"item\":\"https:\\\/\\\/www.rimocc.com\\\/shop\\\/\"},{\"@type\":\"ListItem\",\"position\":3,\"name\":\"Pearl S1030 Pied de caisse claire\"}]},{\"@type\":\"WebSite\",\"@id\":\"https:\\\/\\\/www.rimocc.com\\\/#website\",\"url\":\"https:\\\/\\\/www.rimocc.com\\\/\",\"name\":\"D\u00e9p\u00f4t Vente Batterie Percussion | Rimocc Lyon\",\"description\":\"Rimocc: l&#039;unique magasin d\u00e9di\u00e9 enti\u00e8rement \u00e0 la batterie, percussion d&#039;occasion et vintage \u00e0 Lyon, France\",\"publisher\":{\"@id\":\"https:\\\/\\\/www.rimocc.com\\\/#organization\"},\"alternateName\":\"Rimocc'\",\"potentialAction\":[{\"@type\":\"SearchAction\",\"target\":{\"@type\":\"EntryPoint\",\"urlTemplate\":\"https:\\\/\\\/www.rimocc.com\\\/?s={search_term_string}\"},\"query-input\":{\"@type\":\"PropertyValueSpecification\",\"valueRequired\":true,\"valueName\":\"search_term_string\"}}],\"inLanguage\":\"en-US\"},{\"@type\":\"Organization\",\"@id\":\"https:\\\/\\\/www.rimocc.com\\\/#organization\",\"name\":\"Rimocc'\",\"alternateName\":\"Rimocc\",\"url\":\"https:\\\/\\\/www.rimocc.com\\\/\",\"logo\":{\"@type\":\"ImageObject\",\"inLanguage\":\"en-US\",\"@id\":\"https:\\\/\\\/www.rimocc.com\\\/#\\\/schema\\\/logo\\\/image\\\/\",\"url\":\"https:\\\/\\\/i0.wp.com\\\/www.rimocc.com\\\/wp-content\\\/uploads\\\/2023\\\/07\\\/RIMOCC_LOGO.jpg?fit=459%2C114&ssl=1\",\"contentUrl\":\"https:\\\/\\\/i0.wp.com\\\/www.rimocc.com\\\/wp-content\\\/uploads\\\/2023\\\/07\\\/RIMOCC_LOGO.jpg?fit=459%2C114&ssl=1\",\"width\":459,\"height\":114,\"caption\":\"Rimocc'\"},\"image\":{\"@id\":\"https:\\\/\\\/www.rimocc.com\\\/#\\\/schema\\\/logo\\\/image\\\/\"},\"sameAs\":[\"https:\\\/\\\/www.facebook.com\\\/rimocclyon\\\/?locale=fr_FR\",\"https:\\\/\\\/www.instagram.com\\\/rimoccc\\\/?hl=fr\",\"https:\\\/\\\/www.tiktok.com\\\/@rimocc\",\"https:\\\/\\\/www.youtube.com\\\/@Rimocc\"]}]}<\/script>\n<!-- \/ Yoast SEO plugin. -->","yoast_head_json":{"title":"Pearl S1030","description":"Le Pearl S1030 est un stand de caisse claire de haute qualit\u00e9, con\u00e7u pour les batteurs \u00e0 la recherche de stabilit\u00e9 et de flexibilit\u00e9. Il est dot\u00e9 de nombreuses caract\u00e9ristiques qui en font un choix populaire aupr\u00e8s des professionnels et des amateurs \u00e9clair\u00e9s.","robots":{"index":"index","follow":"follow","max-snippet":"max-snippet:-1","max-image-preview":"max-image-preview:large","max-video-preview":"max-video-preview:-1"},"canonical":"https:\/\/www.rimocc.com\/en\/product\/pearl-s1030-pied-de-caisse-claire\/","og_locale":"en_US","og_type":"article","og_title":"Pearl S1030","og_description":"Le Pearl S1030 est un stand de caisse claire de haute qualit\u00e9, con\u00e7u pour les batteurs \u00e0 la recherche de stabilit\u00e9 et de flexibilit\u00e9. Il est dot\u00e9 de nombreuses caract\u00e9ristiques qui en font un choix populaire aupr\u00e8s des professionnels et des amateurs \u00e9clair\u00e9s.","og_url":"https:\/\/www.rimocc.com\/en\/product\/pearl-s1030-pied-de-caisse-claire\/","og_site_name":"D\u00e9p\u00f4t Vente Batterie Percussion | Rimocc Lyon","article_publisher":"https:\/\/www.facebook.com\/rimocclyon\/?locale=fr_FR","article_modified_time":"2025-02-18T19:43:18+00:00","og_image":[{"width":1920,"height":1920,"url":"https:\/\/www.rimocc.com\/wp-content\/uploads\/2025\/02\/Pearl-S1030-Pied-de-caisse-claire-1.jpg","type":"image\/jpeg"}],"twitter_card":"summary_large_image","twitter_misc":{"Est. reading time":"1 minute"},"schema":{"@context":"https:\/\/schema.org","@graph":[{"@type":"WebPage","@id":"https:\/\/www.rimocc.com\/product\/pearl-s1030-pied-de-caisse-claire\/","url":"https:\/\/www.rimocc.com\/product\/pearl-s1030-pied-de-caisse-claire\/","name":"Pearl S1030","isPartOf":{"@id":"https:\/\/www.rimocc.com\/#website"},"primaryImageOfPage":{"@id":"https:\/\/www.rimocc.com\/product\/pearl-s1030-pied-de-caisse-claire\/#primaryimage"},"image":{"@id":"https:\/\/www.rimocc.com\/product\/pearl-s1030-pied-de-caisse-claire\/#primaryimage"},"thumbnailUrl":"https:\/\/www.rimocc.com\/wp-content\/uploads\/2025\/02\/Pearl-S1030-Pied-de-caisse-claire-1.jpg","datePublished":"2025-02-08T10:56:00+00:00","dateModified":"2025-02-18T19:43:18+00:00","description":"Le Pearl S1030 est un stand de caisse claire de haute qualit\u00e9, con\u00e7u pour les batteurs \u00e0 la recherche de stabilit\u00e9 et de flexibilit\u00e9. Il est dot\u00e9 de nombreuses caract\u00e9ristiques qui en font un choix populaire aupr\u00e8s des professionnels et des amateurs \u00e9clair\u00e9s.","breadcrumb":{"@id":"https:\/\/www.rimocc.com\/product\/pearl-s1030-pied-de-caisse-claire\/#breadcrumb"},"inLanguage":"en-US","potentialAction":[{"@type":"ReadAction","target":["https:\/\/www.rimocc.com\/product\/pearl-s1030-pied-de-caisse-claire\/"]}]},{"@type":"ImageObject","inLanguage":"en-US","@id":"https:\/\/www.rimocc.com\/product\/pearl-s1030-pied-de-caisse-claire\/#primaryimage","url":"https:\/\/www.rimocc.com\/wp-content\/uploads\/2025\/02\/Pearl-S1030-Pied-de-caisse-claire-1.jpg","contentUrl":"https:\/\/www.rimocc.com\/wp-content\/uploads\/2025\/02\/Pearl-S1030-Pied-de-caisse-claire-1.jpg","width":1920,"height":1920,"caption":"Pearl S1030 Pied de caisse claire"},{"@type":"BreadcrumbList","@id":"https:\/\/www.rimocc.com\/product\/pearl-s1030-pied-de-caisse-claire\/#breadcrumb","itemListElement":[{"@type":"ListItem","position":1,"name":"Home","item":"https:\/\/www.rimocc.com\/"},{"@type":"ListItem","position":2,"name":"Shop","item":"https:\/\/www.rimocc.com\/shop\/"},{"@type":"ListItem","position":3,"name":"Pearl S1030 Pied de caisse claire"}]},{"@type":"WebSite","@id":"https:\/\/www.rimocc.com\/#website","url":"https:\/\/www.rimocc.com\/","name":"D\u00e9p\u00f4t Vente Batterie Percussion | Rimocc Lyon","description":"Rimocc: l&#039;unique magasin d\u00e9di\u00e9 enti\u00e8rement \u00e0 la batterie, percussion d&#039;occasion et vintage \u00e0 Lyon, France","publisher":{"@id":"https:\/\/www.rimocc.com\/#organization"},"alternateName":"Rimocc'","potentialAction":[{"@type":"SearchAction","target":{"@type":"EntryPoint","urlTemplate":"https:\/\/www.rimocc.com\/?s={search_term_string}"},"query-input":{"@type":"PropertyValueSpecification","valueRequired":true,"valueName":"search_term_string"}}],"inLanguage":"en-US"},{"@type":"Organization","@id":"https:\/\/www.rimocc.com\/#organization","name":"Rimocc'","alternateName":"Rimocc","url":"https:\/\/www.rimocc.com\/","logo":{"@type":"ImageObject","inLanguage":"en-US","@id":"https:\/\/www.rimocc.com\/#\/schema\/logo\/image\/","url":"https:\/\/i0.wp.com\/www.rimocc.com\/wp-content\/uploads\/2023\/07\/RIMOCC_LOGO.jpg?fit=459%2C114&ssl=1","contentUrl":"https:\/\/i0.wp.com\/www.rimocc.com\/wp-content\/uploads\/2023\/07\/RIMOCC_LOGO.jpg?fit=459%2C114&ssl=1","width":459,"height":114,"caption":"Rimocc'"},"image":{"@id":"https:\/\/www.rimocc.com\/#\/schema\/logo\/image\/"},"sameAs":["https:\/\/www.facebook.com\/rimocclyon\/?locale=fr_FR","https:\/\/www.instagram.com\/rimoccc\/?hl=fr","https:\/\/www.tiktok.com\/@rimocc","https:\/\/www.youtube.com\/@Rimocc"]}]}},"jetpack_publicize_connections":[],"jetpack_sharing_enabled":true,"_links":{"self":[{"href":"https:\/\/www.rimocc.com\/en\/wp-json\/wp\/v2\/product\/14096","targetHints":{"allow":["GET"]}}],"collection":[{"href":"https:\/\/www.rimocc.com\/en\/wp-json\/wp\/v2\/product"}],"about":[{"href":"https:\/\/www.rimocc.com\/en\/wp-json\/wp\/v2\/types\/product"}],"replies":[{"embeddable":true,"href":"https:\/\/www.rimocc.com\/en\/wp-json\/wp\/v2\/comments?post=14096"}],"wp:featuredmedia":[{"embeddable":true,"href":"https:\/\/www.rimocc.com\/en\/wp-json\/wp\/v2\/media\/14095"}],"wp:attachment":[{"href":"https:\/\/www.rimocc.com\/en\/wp-json\/wp\/v2\/media?parent=14096"}],"wp:term":[{"taxonomy":"product_brand","embeddable":true,"href":"https:\/\/www.rimocc.com\/en\/wp-json\/wp\/v2\/product_brand?post=14096"},{"taxonomy":"product_cat","embeddable":true,"href":"https:\/\/www.rimocc.com\/en\/wp-json\/wp\/v2\/product_cat?post=14096"},{"taxonomy":"product_tag","embeddable":true,"href":"https:\/\/www.rimocc.com\/en\/wp-json\/wp\/v2\/product_tag?post=14096"}],"curies":[{"name":"wp","href":"https:\/\/api.w.org\/{rel}","templated":true}]}}