{"id":13928,"date":"2025-01-22T11:56:04","date_gmt":"2025-01-22T10:56:04","guid":{"rendered":"https:\/\/www.rimocc.com\/?post_type=product&#038;p=13928"},"modified":"2025-01-25T10:11:15","modified_gmt":"2025-01-25T09:11:15","slug":"yamaha-maple-custom-absolute-16x16-14x12-10x9-bop-kit-made-in-japan","status":"publish","type":"product","link":"https:\/\/www.rimocc.com\/en\/product\/yamaha-maple-custom-absolute-16x16-14x12-10x9-bop-kit-made-in-japan\/","title":{"rendered":"Yamaha Maple Custom Absolute 16&Prime;x16&Prime; 14&Prime;x12&Prime; 10&Prime;x9&Prime; Bop Kit Made in Japan"},"content":{"rendered":"<p>Bop kit<br \/>\nTr\u00e8s bon \u00e9tat g\u00e9n\u00e9ral<br \/>\n<span data-surface-wrapper=\"1\" data-surface=\"\/bizweb:composer\" data-auto-logging-id=\"f29205e10\">Vintage Natural<\/span> Made in Japan<br \/>\nGrosse caisse cr\u00e9\u00e9e \u00e0 partir d&rsquo;un tom bass de 16&Prime;x16&Prime; (sur-\u00e9l\u00e9vateur grosse caisse install\u00e9)<br \/>\nTom bass de 14&Prime; sur pieds cr\u00e9\u00e9 \u00e0 partir d&rsquo;un Tom de 14&Prime; (Yess)<\/p>\n<p><em><strong>\u00ab\u00a0Enl\u00e8vement sur place privil\u00e9gi\u00e9 mais envoi possible dans toute la France sur devis s\u00e9par\u00e9 &#8211; merci de s\u00e9lectionner l&rsquo;option \u00ab\u00a0retrait en magasin\u00a0\u00bb et nous vous ferons parvenir un devis s\u00e9par\u00e9 pour la livraison, \u00e0 r\u00e9gler s\u00e9par\u00e9ment<br \/>\nInternational order, pick-up ONLY\u00a0\u00bb<\/strong><\/em><\/p>\n<p>Batterie Rimocc&rsquo; Lyon<\/p>","protected":false},"excerpt":{"rendered":"<p>Bop kit Tr\u00e8s bon \u00e9tat g\u00e9n\u00e9ral Vintage Natural Made in Japan Grosse caisse cr\u00e9\u00e9e \u00e0 partir d&rsquo;un tom bass de 16&Prime;x16&Prime; (sur-\u00e9l\u00e9vateur grosse caisse install\u00e9) Tom bass de 14&Prime; sur pieds cr\u00e9\u00e9 \u00e0 partir d&rsquo;un Tom de 14&Prime; (Yess) \u00ab\u00a0Enl\u00e8vement sur place privil\u00e9gi\u00e9 mais envoi possible dans toute la France sur devis s\u00e9par\u00e9 &#8211; merci [&hellip;]<\/p>\n","protected":false},"featured_media":13927,"comment_status":"open","ping_status":"closed","template":"","meta":{"jetpack_publicize_message":"","jetpack_publicize_feature_enabled":true,"jetpack_social_post_already_shared":false,"jetpack_social_options":{"image_generator_settings":{"template":"highway","default_image_id":0,"font":"","enabled":false},"version":2}},"product_brand":[],"product_cat":[20],"product_tag":[41,548,43,538,56,516],"class_list":{"0":"post-13928","1":"product","2":"type-product","3":"status-publish","4":"has-post-thumbnail","6":"product_cat-batterie","7":"product_tag-batterie","8":"product_tag-depot-vente-lyon","9":"product_tag-drums","10":"product_tag-magasin-de-musique-lyon","11":"product_tag-yamaha","12":"product_tag-yamaha-maple-custom-absolute","14":"entry","15":"has-media","17":"first","18":"outofstock","19":"shipping-taxable","20":"purchasable","21":"product-type-simple","22":"has-product-nav","23":"col","24":"span_1_of_3","25":"owp-content-center","26":"owp-thumbs-layout-horizontal","27":"owp-btn-normal","28":"owp-tabs-layout-horizontal"},"yoast_head":"<!-- This site is optimized with the Yoast SEO plugin v27.4 - https:\/\/yoast.com\/product\/yoast-seo-wordpress\/ -->\n<title>Yamaha Maple Custom Absolute 16&quot;x16&quot; 14&quot;x12&quot; 10&quot;x9&quot; Bop Kit Made in Japan - D\u00e9p\u00f4t Vente Batterie Percussion | Rimocc Lyon<\/title>\n<meta name=\"description\" content=\"The Yamaha Maple Custom Absolute is a high-end drum kit renowned for its exceptional sound quality and craftsmanship.\" \/>\n<meta name=\"robots\" content=\"index, follow, max-snippet:-1, max-image-preview:large, max-video-preview:-1\" \/>\n<link rel=\"canonical\" href=\"https:\/\/www.rimocc.com\/en\/product\/yamaha-maple-custom-absolute-16x16-14x12-10x9-bop-kit-made-in-japan\/\" \/>\n<meta property=\"og:locale\" content=\"en_US\" \/>\n<meta property=\"og:type\" content=\"article\" \/>\n<meta property=\"og:title\" content=\"Yamaha Maple Custom Absolute 16&quot;x16&quot; 14&quot;x12&quot; 10&quot;x9&quot; Bop Kit Made in Japan - D\u00e9p\u00f4t Vente Batterie Percussion | Rimocc Lyon\" \/>\n<meta property=\"og:description\" content=\"The Yamaha Maple Custom Absolute is a high-end drum kit renowned for its exceptional sound quality and craftsmanship.\" \/>\n<meta property=\"og:url\" content=\"https:\/\/www.rimocc.com\/en\/product\/yamaha-maple-custom-absolute-16x16-14x12-10x9-bop-kit-made-in-japan\/\" \/>\n<meta property=\"og:site_name\" content=\"D\u00e9p\u00f4t Vente Batterie Percussion | Rimocc Lyon\" \/>\n<meta property=\"article:publisher\" content=\"https:\/\/www.facebook.com\/rimocclyon\/?locale=fr_FR\" \/>\n<meta property=\"article:modified_time\" content=\"2025-01-25T09:11:15+00:00\" \/>\n<meta property=\"og:image\" content=\"https:\/\/www.rimocc.com\/wp-content\/uploads\/2025\/01\/Yamaha-Maple-Custom-Absolute-16_x16_-14_x12_-10_x9_-Bop-Kit-Made-in-Japan-1.jpg\" \/>\n\t<meta property=\"og:image:width\" content=\"1920\" \/>\n\t<meta property=\"og:image:height\" content=\"1920\" \/>\n\t<meta property=\"og:image:type\" content=\"image\/jpeg\" \/>\n<meta name=\"twitter:card\" content=\"summary_large_image\" \/>\n<meta name=\"twitter:label1\" content=\"Est. reading time\" \/>\n\t<meta name=\"twitter:data1\" content=\"1 minute\" \/>\n<script type=\"application\/ld+json\" class=\"yoast-schema-graph\">{\"@context\":\"https:\\\/\\\/schema.org\",\"@graph\":[{\"@type\":\"WebPage\",\"@id\":\"https:\\\/\\\/www.rimocc.com\\\/product\\\/yamaha-maple-custom-absolute-16x16-14x12-10x9-bop-kit-made-in-japan\\\/\",\"url\":\"https:\\\/\\\/www.rimocc.com\\\/product\\\/yamaha-maple-custom-absolute-16x16-14x12-10x9-bop-kit-made-in-japan\\\/\",\"name\":\"Yamaha Maple Custom Absolute 16\\\"x16\\\" 14\\\"x12\\\" 10\\\"x9\\\" Bop Kit Made in Japan - D\u00e9p\u00f4t Vente Batterie Percussion | Rimocc Lyon\",\"isPartOf\":{\"@id\":\"https:\\\/\\\/www.rimocc.com\\\/#website\"},\"primaryImageOfPage\":{\"@id\":\"https:\\\/\\\/www.rimocc.com\\\/product\\\/yamaha-maple-custom-absolute-16x16-14x12-10x9-bop-kit-made-in-japan\\\/#primaryimage\"},\"image\":{\"@id\":\"https:\\\/\\\/www.rimocc.com\\\/product\\\/yamaha-maple-custom-absolute-16x16-14x12-10x9-bop-kit-made-in-japan\\\/#primaryimage\"},\"thumbnailUrl\":\"https:\\\/\\\/www.rimocc.com\\\/wp-content\\\/uploads\\\/2025\\\/01\\\/Yamaha-Maple-Custom-Absolute-16_x16_-14_x12_-10_x9_-Bop-Kit-Made-in-Japan-1.jpg\",\"datePublished\":\"2025-01-22T10:56:04+00:00\",\"dateModified\":\"2025-01-25T09:11:15+00:00\",\"description\":\"The Yamaha Maple Custom Absolute is a high-end drum kit renowned for its exceptional sound quality and craftsmanship.\",\"breadcrumb\":{\"@id\":\"https:\\\/\\\/www.rimocc.com\\\/product\\\/yamaha-maple-custom-absolute-16x16-14x12-10x9-bop-kit-made-in-japan\\\/#breadcrumb\"},\"inLanguage\":\"en-US\",\"potentialAction\":[{\"@type\":\"ReadAction\",\"target\":[\"https:\\\/\\\/www.rimocc.com\\\/product\\\/yamaha-maple-custom-absolute-16x16-14x12-10x9-bop-kit-made-in-japan\\\/\"]}]},{\"@type\":\"ImageObject\",\"inLanguage\":\"en-US\",\"@id\":\"https:\\\/\\\/www.rimocc.com\\\/product\\\/yamaha-maple-custom-absolute-16x16-14x12-10x9-bop-kit-made-in-japan\\\/#primaryimage\",\"url\":\"https:\\\/\\\/www.rimocc.com\\\/wp-content\\\/uploads\\\/2025\\\/01\\\/Yamaha-Maple-Custom-Absolute-16_x16_-14_x12_-10_x9_-Bop-Kit-Made-in-Japan-1.jpg\",\"contentUrl\":\"https:\\\/\\\/www.rimocc.com\\\/wp-content\\\/uploads\\\/2025\\\/01\\\/Yamaha-Maple-Custom-Absolute-16_x16_-14_x12_-10_x9_-Bop-Kit-Made-in-Japan-1.jpg\",\"width\":1920,\"height\":1920,\"caption\":\"Yamaha Maple Custom Absolute 16\\\"x16\\\" 14\\\"x12\\\" 10\\\"x9\\\" Bop Kit Made in Japan\"},{\"@type\":\"BreadcrumbList\",\"@id\":\"https:\\\/\\\/www.rimocc.com\\\/product\\\/yamaha-maple-custom-absolute-16x16-14x12-10x9-bop-kit-made-in-japan\\\/#breadcrumb\",\"itemListElement\":[{\"@type\":\"ListItem\",\"position\":1,\"name\":\"Home\",\"item\":\"https:\\\/\\\/www.rimocc.com\\\/\"},{\"@type\":\"ListItem\",\"position\":2,\"name\":\"Shop\",\"item\":\"https:\\\/\\\/www.rimocc.com\\\/shop\\\/\"},{\"@type\":\"ListItem\",\"position\":3,\"name\":\"Yamaha Maple Custom Absolute 16&#8243;x16&#8243; 14&#8243;x12&#8243; 10&#8243;x9&#8243; Bop Kit Made in Japan\"}]},{\"@type\":\"WebSite\",\"@id\":\"https:\\\/\\\/www.rimocc.com\\\/#website\",\"url\":\"https:\\\/\\\/www.rimocc.com\\\/\",\"name\":\"D\u00e9p\u00f4t Vente Batterie Percussion | Rimocc Lyon\",\"description\":\"Rimocc: l&#039;unique magasin d\u00e9di\u00e9 enti\u00e8rement \u00e0 la batterie, percussion d&#039;occasion et vintage \u00e0 Lyon, France\",\"publisher\":{\"@id\":\"https:\\\/\\\/www.rimocc.com\\\/#organization\"},\"alternateName\":\"Rimocc'\",\"potentialAction\":[{\"@type\":\"SearchAction\",\"target\":{\"@type\":\"EntryPoint\",\"urlTemplate\":\"https:\\\/\\\/www.rimocc.com\\\/?s={search_term_string}\"},\"query-input\":{\"@type\":\"PropertyValueSpecification\",\"valueRequired\":true,\"valueName\":\"search_term_string\"}}],\"inLanguage\":\"en-US\"},{\"@type\":\"Organization\",\"@id\":\"https:\\\/\\\/www.rimocc.com\\\/#organization\",\"name\":\"Rimocc'\",\"alternateName\":\"Rimocc\",\"url\":\"https:\\\/\\\/www.rimocc.com\\\/\",\"logo\":{\"@type\":\"ImageObject\",\"inLanguage\":\"en-US\",\"@id\":\"https:\\\/\\\/www.rimocc.com\\\/#\\\/schema\\\/logo\\\/image\\\/\",\"url\":\"https:\\\/\\\/i0.wp.com\\\/www.rimocc.com\\\/wp-content\\\/uploads\\\/2023\\\/07\\\/RIMOCC_LOGO.jpg?fit=459%2C114&ssl=1\",\"contentUrl\":\"https:\\\/\\\/i0.wp.com\\\/www.rimocc.com\\\/wp-content\\\/uploads\\\/2023\\\/07\\\/RIMOCC_LOGO.jpg?fit=459%2C114&ssl=1\",\"width\":459,\"height\":114,\"caption\":\"Rimocc'\"},\"image\":{\"@id\":\"https:\\\/\\\/www.rimocc.com\\\/#\\\/schema\\\/logo\\\/image\\\/\"},\"sameAs\":[\"https:\\\/\\\/www.facebook.com\\\/rimocclyon\\\/?locale=fr_FR\",\"https:\\\/\\\/www.instagram.com\\\/rimoccc\\\/?hl=fr\",\"https:\\\/\\\/www.tiktok.com\\\/@rimocc\",\"https:\\\/\\\/www.youtube.com\\\/@Rimocc\"]}]}<\/script>\n<!-- \/ Yoast SEO plugin. -->","yoast_head_json":{"title":"Yamaha Maple Custom Absolute 16\"x16\" 14\"x12\" 10\"x9\" Bop Kit Made in Japan - D\u00e9p\u00f4t Vente Batterie Percussion | Rimocc Lyon","description":"The Yamaha Maple Custom Absolute is a high-end drum kit renowned for its exceptional sound quality and craftsmanship.","robots":{"index":"index","follow":"follow","max-snippet":"max-snippet:-1","max-image-preview":"max-image-preview:large","max-video-preview":"max-video-preview:-1"},"canonical":"https:\/\/www.rimocc.com\/en\/product\/yamaha-maple-custom-absolute-16x16-14x12-10x9-bop-kit-made-in-japan\/","og_locale":"en_US","og_type":"article","og_title":"Yamaha Maple Custom Absolute 16\"x16\" 14\"x12\" 10\"x9\" Bop Kit Made in Japan - D\u00e9p\u00f4t Vente Batterie Percussion | Rimocc Lyon","og_description":"The Yamaha Maple Custom Absolute is a high-end drum kit renowned for its exceptional sound quality and craftsmanship.","og_url":"https:\/\/www.rimocc.com\/en\/product\/yamaha-maple-custom-absolute-16x16-14x12-10x9-bop-kit-made-in-japan\/","og_site_name":"D\u00e9p\u00f4t Vente Batterie Percussion | Rimocc Lyon","article_publisher":"https:\/\/www.facebook.com\/rimocclyon\/?locale=fr_FR","article_modified_time":"2025-01-25T09:11:15+00:00","og_image":[{"width":1920,"height":1920,"url":"https:\/\/www.rimocc.com\/wp-content\/uploads\/2025\/01\/Yamaha-Maple-Custom-Absolute-16_x16_-14_x12_-10_x9_-Bop-Kit-Made-in-Japan-1.jpg","type":"image\/jpeg"}],"twitter_card":"summary_large_image","twitter_misc":{"Est. reading time":"1 minute"},"schema":{"@context":"https:\/\/schema.org","@graph":[{"@type":"WebPage","@id":"https:\/\/www.rimocc.com\/product\/yamaha-maple-custom-absolute-16x16-14x12-10x9-bop-kit-made-in-japan\/","url":"https:\/\/www.rimocc.com\/product\/yamaha-maple-custom-absolute-16x16-14x12-10x9-bop-kit-made-in-japan\/","name":"Yamaha Maple Custom Absolute 16\"x16\" 14\"x12\" 10\"x9\" Bop Kit Made in Japan - D\u00e9p\u00f4t Vente Batterie Percussion | Rimocc Lyon","isPartOf":{"@id":"https:\/\/www.rimocc.com\/#website"},"primaryImageOfPage":{"@id":"https:\/\/www.rimocc.com\/product\/yamaha-maple-custom-absolute-16x16-14x12-10x9-bop-kit-made-in-japan\/#primaryimage"},"image":{"@id":"https:\/\/www.rimocc.com\/product\/yamaha-maple-custom-absolute-16x16-14x12-10x9-bop-kit-made-in-japan\/#primaryimage"},"thumbnailUrl":"https:\/\/www.rimocc.com\/wp-content\/uploads\/2025\/01\/Yamaha-Maple-Custom-Absolute-16_x16_-14_x12_-10_x9_-Bop-Kit-Made-in-Japan-1.jpg","datePublished":"2025-01-22T10:56:04+00:00","dateModified":"2025-01-25T09:11:15+00:00","description":"The Yamaha Maple Custom Absolute is a high-end drum kit renowned for its exceptional sound quality and craftsmanship.","breadcrumb":{"@id":"https:\/\/www.rimocc.com\/product\/yamaha-maple-custom-absolute-16x16-14x12-10x9-bop-kit-made-in-japan\/#breadcrumb"},"inLanguage":"en-US","potentialAction":[{"@type":"ReadAction","target":["https:\/\/www.rimocc.com\/product\/yamaha-maple-custom-absolute-16x16-14x12-10x9-bop-kit-made-in-japan\/"]}]},{"@type":"ImageObject","inLanguage":"en-US","@id":"https:\/\/www.rimocc.com\/product\/yamaha-maple-custom-absolute-16x16-14x12-10x9-bop-kit-made-in-japan\/#primaryimage","url":"https:\/\/www.rimocc.com\/wp-content\/uploads\/2025\/01\/Yamaha-Maple-Custom-Absolute-16_x16_-14_x12_-10_x9_-Bop-Kit-Made-in-Japan-1.jpg","contentUrl":"https:\/\/www.rimocc.com\/wp-content\/uploads\/2025\/01\/Yamaha-Maple-Custom-Absolute-16_x16_-14_x12_-10_x9_-Bop-Kit-Made-in-Japan-1.jpg","width":1920,"height":1920,"caption":"Yamaha Maple Custom Absolute 16\"x16\" 14\"x12\" 10\"x9\" Bop Kit Made in Japan"},{"@type":"BreadcrumbList","@id":"https:\/\/www.rimocc.com\/product\/yamaha-maple-custom-absolute-16x16-14x12-10x9-bop-kit-made-in-japan\/#breadcrumb","itemListElement":[{"@type":"ListItem","position":1,"name":"Home","item":"https:\/\/www.rimocc.com\/"},{"@type":"ListItem","position":2,"name":"Shop","item":"https:\/\/www.rimocc.com\/shop\/"},{"@type":"ListItem","position":3,"name":"Yamaha Maple Custom Absolute 16&#8243;x16&#8243; 14&#8243;x12&#8243; 10&#8243;x9&#8243; Bop Kit Made in Japan"}]},{"@type":"WebSite","@id":"https:\/\/www.rimocc.com\/#website","url":"https:\/\/www.rimocc.com\/","name":"D\u00e9p\u00f4t Vente Batterie Percussion | Rimocc Lyon","description":"Rimocc: l&#039;unique magasin d\u00e9di\u00e9 enti\u00e8rement \u00e0 la batterie, percussion d&#039;occasion et vintage \u00e0 Lyon, France","publisher":{"@id":"https:\/\/www.rimocc.com\/#organization"},"alternateName":"Rimocc'","potentialAction":[{"@type":"SearchAction","target":{"@type":"EntryPoint","urlTemplate":"https:\/\/www.rimocc.com\/?s={search_term_string}"},"query-input":{"@type":"PropertyValueSpecification","valueRequired":true,"valueName":"search_term_string"}}],"inLanguage":"en-US"},{"@type":"Organization","@id":"https:\/\/www.rimocc.com\/#organization","name":"Rimocc'","alternateName":"Rimocc","url":"https:\/\/www.rimocc.com\/","logo":{"@type":"ImageObject","inLanguage":"en-US","@id":"https:\/\/www.rimocc.com\/#\/schema\/logo\/image\/","url":"https:\/\/i0.wp.com\/www.rimocc.com\/wp-content\/uploads\/2023\/07\/RIMOCC_LOGO.jpg?fit=459%2C114&ssl=1","contentUrl":"https:\/\/i0.wp.com\/www.rimocc.com\/wp-content\/uploads\/2023\/07\/RIMOCC_LOGO.jpg?fit=459%2C114&ssl=1","width":459,"height":114,"caption":"Rimocc'"},"image":{"@id":"https:\/\/www.rimocc.com\/#\/schema\/logo\/image\/"},"sameAs":["https:\/\/www.facebook.com\/rimocclyon\/?locale=fr_FR","https:\/\/www.instagram.com\/rimoccc\/?hl=fr","https:\/\/www.tiktok.com\/@rimocc","https:\/\/www.youtube.com\/@Rimocc"]}]}},"jetpack_publicize_connections":[],"jetpack_sharing_enabled":true,"_links":{"self":[{"href":"https:\/\/www.rimocc.com\/en\/wp-json\/wp\/v2\/product\/13928","targetHints":{"allow":["GET"]}}],"collection":[{"href":"https:\/\/www.rimocc.com\/en\/wp-json\/wp\/v2\/product"}],"about":[{"href":"https:\/\/www.rimocc.com\/en\/wp-json\/wp\/v2\/types\/product"}],"replies":[{"embeddable":true,"href":"https:\/\/www.rimocc.com\/en\/wp-json\/wp\/v2\/comments?post=13928"}],"wp:featuredmedia":[{"embeddable":true,"href":"https:\/\/www.rimocc.com\/en\/wp-json\/wp\/v2\/media\/13927"}],"wp:attachment":[{"href":"https:\/\/www.rimocc.com\/en\/wp-json\/wp\/v2\/media?parent=13928"}],"wp:term":[{"taxonomy":"product_brand","embeddable":true,"href":"https:\/\/www.rimocc.com\/en\/wp-json\/wp\/v2\/product_brand?post=13928"},{"taxonomy":"product_cat","embeddable":true,"href":"https:\/\/www.rimocc.com\/en\/wp-json\/wp\/v2\/product_cat?post=13928"},{"taxonomy":"product_tag","embeddable":true,"href":"https:\/\/www.rimocc.com\/en\/wp-json\/wp\/v2\/product_tag?post=13928"}],"curies":[{"name":"wp","href":"https:\/\/api.w.org\/{rel}","templated":true}]}}